{"id":3790,"date":"2025-04-15T09:02:31","date_gmt":"2025-04-15T09:02:31","guid":{"rendered":"https:\/\/xenonkungen.com\/product\/nightshift-blixtljusramp-ps30-led-356mm-r65\/"},"modified":"2026-05-04T10:50:57","modified_gmt":"2026-05-04T09:50:57","slug":"luxtar-flash-light-bar-ps30-led-356mm-r65","status":"publish","type":"product","link":"https:\/\/xenonkungen.com\/en\/product\/luxtar-flash-light-bar-ps30-led-356mm-r65\/","title":{"rendered":"Luxtar\u00ae Flash Light Bar PS30 LED 356mm | R65"},"content":{"rendered":"<div class=\"container\">\n<h1>Luxtar PS30 Flash Light Bar<\/h1>\n<p>The advanced Luxtar PS30 Strobe Light Bar is a high-performance, low-profile light bar that is approved to ECE R65 Class 1, ECE R10 (EMC) for minimal radio interference, and IP67 for dust and water resistance. This light bar is designed to offer exceptional visibility and reliability in all conditions.<\/p>\n<div class=\"features\">\n<h2>Core functions:<\/h2>\n<ul>\n<li>Equipped with <strong>36 powerful 1W LED modules<\/strong> for optimal visibility.<\/li>\n<li>Receives <strong>10 different lightning patterns<\/strong>, adaptable to different working environments and situations.<\/li>\n<li>Dimensions: <strong>356mm wide, 210mm deep, and 79mm high<\/strong> with the bracket fitted.<\/li>\n<li><strong>Cable length of 500mm<\/strong>, divided into three separate cables for various functions.<\/li>\n<li>Made in <strong>plastic and polycarbonate<\/strong> for a light, slim and durable construction.<\/li>\n<li>Total weight of only <strong>approx 2kg (including brackets)<\/strong>, making it easy to handle and install.<\/li>\n<\/ul>\n<\/div>\n<p>The Luxtar PS30 Flash Light Bar represents a groundbreaking solution for professional users who need reliable and powerful lighting, combined with a lightweight and discreet design.<\/p>\n<\/div>\n<h2><strong>Specifications:<\/strong><\/h2>\n<p><strong>Brand:<\/strong> Luxtar<br \/>\n<strong>Model: <\/strong>PS30<br \/>\n<strong>Type:<\/strong> Flashlight ramp<br \/>\n<strong>Lightning patterns:<\/strong> 10pcs<br \/>\n<strong>Number of diodes:<\/strong> 36st<br \/>\n<strong>Light source:<\/strong> LED<br \/>\n<strong>Light colour\/colour temperature:<\/strong> Amber\/Yellow<br \/>\n<strong>Multivolt:<\/strong> 10-30v<br \/>\n<strong>Power (watt):<\/strong> 36w<br \/>\n<strong>Current consumption (Amps):<\/strong> 3.0\/ 12V, 1.5\/ 24V<br \/>\n<strong>Moisture protection:<\/strong> IP67<br \/>\n<strong>Work environment:<\/strong> -40\u00b0C to +65\u00b0C<br \/>\n<strong>Authorised under:<\/strong> ECE EMC (R10), E-labelled, ECE R65 class 1<br \/>\n<strong>Size, mm:<\/strong> 356(W)x210(D)x79(H) (bracket included)<br \/>\n<strong>Weight:<\/strong> 2kg<\/p>\n<p><strong>Good to know:<\/strong><br \/>\nManual included.<br \/>\nThe lightning ramp has three cables out, red (+battery) black (-Earth) and yellow (Lightning pattern).<br \/>\nOnly 2 lightning patterns are ECE R65 approved.<br \/>\nThe cable length is 500mm.<\/p>\n<p><strong>Delivery content:<\/strong><br \/>\nLuxtar PS30 Strobe light bar and ceiling mount.<\/p>\n<p><strong>Guarantee:<\/strong> 2 years<\/p>\n<p><iframe loading=\"lazy\" src=\"https:\/\/www.youtube.com\/embed\/CCHbvYFqwBI\" width=\"560\" height=\"315\" frameborder=\"0\" allowfullscreen=\"allowfullscreen\"><\/iframe><\/p>","protected":false},"excerpt":{"rendered":"<p><b>Multivolt 12-24V<\/b><\/p>\n<p><b>E-labelled, ECE R65 class 1, EMC (R10)<\/b><\/p>\n<p><b>IP67<\/b><\/p>\n<p><b>Field of application<\/b><br \/>\nSuitable for lorries, service vehicles, delivery vans, tractors, craftsmen and all other places where you need to secure the area around your vehicle<\/p>\n<p><b>Warranty: 2 years<\/b><\/p>","protected":false},"featured_media":3791,"comment_status":"closed","ping_status":"closed","template":"","meta":{"_acf_changed":false,"_smort_price_nok":"1810","_smort_price_dkk":"1150","_smort_price_eur":"154.08","_smort_sale_price_nok":"","_smort_sale_price_dkk":"","_smort_sale_price_eur":"","smort_restorder":"","shipmondo_restorder":"","_kad_blocks_custom_css":"","_kad_blocks_head_custom_js":"","_kad_blocks_body_custom_js":"","_kad_blocks_footer_custom_js":"","smort_custom_pricelist_1":"1084.8","smort_custom_pricelist_2":"949.2","smort_custom_pricelist_3":"901.74","smort_custom_pricelist_4":"1356","smort_custom_pricelist_5":"949.2"},"anvandningsomrade":[],"bilmarken":[],"product_brand":[103],"product_cat":[2580,1061],"product_tag":[],"class_list":{"0":"post-3790","1":"product","2":"type-product","3":"status-publish","4":"has-post-thumbnail","6":"product_brand-luxtar","7":"product_cat-blixtljusramp-varningsljus","8":"product_cat-varningsljus","9":"pa_faktisk-effekts-forbrukning-1242","10":"pa_storlek-mm-1241","11":"pa_stromforbrukning-15a24v","12":"pa_stromforbrukning-3a12v","13":"pa_volt-v-12-24","15":"first","16":"instock","17":"taxable","18":"shipping-taxable","19":"purchasable","20":"product-type-simple"},"bundled_by":[],"bundle_stock_status":"instock","bundle_stock_quantity":21,"bundle_virtual":false,"bundle_layout":"","bundle_add_to_cart_form_location":"","bundle_editable_in_cart":false,"bundle_sold_individually_context":"","bundle_item_grouping":"","bundle_min_size":"","bundle_max_size":"","bundle_price":[],"bundled_items":[],"bundle_sell_ids":[],"acf":[],"yoast_head":"<!-- This site is optimized with the Yoast SEO plugin v27.0 - https:\/\/yoast.com\/product\/yoast-seo-wordpress\/ -->\n<title>Luxtar\u00ae Blixtljusramp PS30 LED 356mm | R65 - Xenonkungen<\/title>\n<meta name=\"robots\" content=\"index, follow, max-snippet:-1, max-image-preview:large, max-video-preview:-1\" \/>\n<link rel=\"canonical\" href=\"https:\/\/xenonkungen.com\/en\/product\/luxtar-flash-light-bar-ps30-led-356mm-r65\/\" \/>\n<meta property=\"og:locale\" content=\"en_GB\" \/>\n<meta property=\"og:type\" content=\"article\" \/>\n<meta property=\"og:title\" content=\"Luxtar\u00ae Blixtljusramp PS30 LED 356mm | R65 - Xenonkungen\" \/>\n<meta property=\"og:description\" content=\"Multivolt 12-24V  E-m\u00e4rkt, ECE R65 klass 1, EMC (R10)  IP67  Anv\u00e4ndningsomr\u00e5de Passar bra f\u00f6r Lastbil, servicebil, budbil, traktorer hantverkare och alla andra t\u00e4nkbara st\u00e4llen d\u00e4r man beh\u00f6ver s\u00e4kra sin yta runt sitt fordon  Garanti: 2\u00e5r\" \/>\n<meta property=\"og:url\" content=\"https:\/\/xenonkungen.com\/en\/product\/luxtar-flash-light-bar-ps30-led-356mm-r65\/\" \/>\n<meta property=\"og:site_name\" content=\"Xenonkungen\" \/>\n<meta property=\"article:modified_time\" content=\"2026-05-04T09:50:57+00:00\" \/>\n<meta property=\"og:image\" content=\"https:\/\/xenonkungen.com\/wp-content\/uploads\/2025\/04\/167768989-origpic-3da115.png\" \/>\n\t<meta property=\"og:image:width\" content=\"1000\" \/>\n\t<meta property=\"og:image:height\" content=\"1000\" \/>\n\t<meta property=\"og:image:type\" content=\"image\/png\" \/>\n<meta name=\"twitter:card\" content=\"summary_large_image\" \/>\n<meta name=\"twitter:label1\" content=\"Estimated reading time\" \/>\n\t<meta name=\"twitter:data1\" content=\"2 minutes\" \/>\n<script type=\"application\/ld+json\" class=\"yoast-schema-graph\">{\"@context\":\"https:\/\/schema.org\",\"@graph\":[{\"@type\":\"WebPage\",\"@id\":\"https:\/\/xenonkungen.com\/produkt\/luxtar-blixtljusramp-ps30-led-356mm-r65\/\",\"url\":\"https:\/\/xenonkungen.com\/produkt\/luxtar-blixtljusramp-ps30-led-356mm-r65\/\",\"name\":\"Luxtar\u00ae Blixtljusramp PS30 LED 356mm | R65 - Xenonkungen\",\"isPartOf\":{\"@id\":\"https:\/\/xenonkungen.com\/#website\"},\"primaryImageOfPage\":{\"@id\":\"https:\/\/xenonkungen.com\/produkt\/luxtar-blixtljusramp-ps30-led-356mm-r65\/#primaryimage\"},\"image\":{\"@id\":\"https:\/\/xenonkungen.com\/produkt\/luxtar-blixtljusramp-ps30-led-356mm-r65\/#primaryimage\"},\"thumbnailUrl\":\"https:\/\/xenonkungen.com\/wp-content\/uploads\/2025\/04\/167768989-origpic-3da115.png\",\"datePublished\":\"2025-04-15T09:02:31+00:00\",\"dateModified\":\"2026-05-04T09:50:57+00:00\",\"breadcrumb\":{\"@id\":\"https:\/\/xenonkungen.com\/produkt\/luxtar-blixtljusramp-ps30-led-356mm-r65\/#breadcrumb\"},\"inLanguage\":\"en-GB\",\"potentialAction\":[{\"@type\":\"ReadAction\",\"target\":[\"https:\/\/xenonkungen.com\/produkt\/luxtar-blixtljusramp-ps30-led-356mm-r65\/\"]}]},{\"@type\":\"ImageObject\",\"inLanguage\":\"en-GB\",\"@id\":\"https:\/\/xenonkungen.com\/produkt\/luxtar-blixtljusramp-ps30-led-356mm-r65\/#primaryimage\",\"url\":\"https:\/\/xenonkungen.com\/wp-content\/uploads\/2025\/04\/167768989-origpic-3da115.png\",\"contentUrl\":\"https:\/\/xenonkungen.com\/wp-content\/uploads\/2025\/04\/167768989-origpic-3da115.png\",\"width\":1000,\"height\":1000},{\"@type\":\"BreadcrumbList\",\"@id\":\"https:\/\/xenonkungen.com\/produkt\/luxtar-blixtljusramp-ps30-led-356mm-r65\/#breadcrumb\",\"itemListElement\":[{\"@type\":\"ListItem\",\"position\":1,\"name\":\"Hem\",\"item\":\"https:\/\/xenonkungen.com\/\"},{\"@type\":\"ListItem\",\"position\":2,\"name\":\"Shop\",\"item\":\"https:\/\/xenonkungen.com\/shop\/\"},{\"@type\":\"ListItem\",\"position\":3,\"name\":\"Luxtar\u00ae Blixtljusramp PS30 LED 356mm | R65\"}]},{\"@type\":\"WebSite\",\"@id\":\"https:\/\/xenonkungen.com\/#website\",\"url\":\"https:\/\/xenonkungen.com\/\",\"name\":\"Xenonkungen\",\"description\":\"\",\"potentialAction\":[{\"@type\":\"SearchAction\",\"target\":{\"@type\":\"EntryPoint\",\"urlTemplate\":\"https:\/\/xenonkungen.com\/?s={search_term_string}\"},\"query-input\":{\"@type\":\"PropertyValueSpecification\",\"valueRequired\":true,\"valueName\":\"search_term_string\"}}],\"inLanguage\":\"en-GB\"}]}<\/script>\n<!-- \/ Yoast SEO plugin. -->","yoast_head_json":{"title":"Luxtar\u00ae Flash Light Bar PS30 LED 356mm | R65 - Xenonkungen","robots":{"index":"index","follow":"follow","max-snippet":"max-snippet:-1","max-image-preview":"max-image-preview:large","max-video-preview":"max-video-preview:-1"},"canonical":"https:\/\/xenonkungen.com\/en\/product\/luxtar-flash-light-bar-ps30-led-356mm-r65\/","og_locale":"en_GB","og_type":"article","og_title":"Luxtar\u00ae Blixtljusramp PS30 LED 356mm | R65 - Xenonkungen","og_description":"Multivolt 12-24V  E-m\u00e4rkt, ECE R65 klass 1, EMC (R10)  IP67  Anv\u00e4ndningsomr\u00e5de Passar bra f\u00f6r Lastbil, servicebil, budbil, traktorer hantverkare och alla andra t\u00e4nkbara st\u00e4llen d\u00e4r man beh\u00f6ver s\u00e4kra sin yta runt sitt fordon  Garanti: 2\u00e5r","og_url":"https:\/\/xenonkungen.com\/en\/product\/luxtar-flash-light-bar-ps30-led-356mm-r65\/","og_site_name":"Xenonkungen","article_modified_time":"2026-05-04T09:50:57+00:00","og_image":[{"width":1000,"height":1000,"url":"https:\/\/xenonkungen.com\/wp-content\/uploads\/2025\/04\/167768989-origpic-3da115.png","type":"image\/png"}],"twitter_card":"summary_large_image","twitter_misc":{"Estimated reading time":"2 minutes"},"schema":{"@context":"https:\/\/schema.org","@graph":[{"@type":"WebPage","@id":"https:\/\/xenonkungen.com\/produkt\/luxtar-blixtljusramp-ps30-led-356mm-r65\/","url":"https:\/\/xenonkungen.com\/produkt\/luxtar-blixtljusramp-ps30-led-356mm-r65\/","name":"Luxtar\u00ae Flash Light Bar PS30 LED 356mm | R65 - Xenonkungen","isPartOf":{"@id":"https:\/\/xenonkungen.com\/#website"},"primaryImageOfPage":{"@id":"https:\/\/xenonkungen.com\/produkt\/luxtar-blixtljusramp-ps30-led-356mm-r65\/#primaryimage"},"image":{"@id":"https:\/\/xenonkungen.com\/produkt\/luxtar-blixtljusramp-ps30-led-356mm-r65\/#primaryimage"},"thumbnailUrl":"https:\/\/xenonkungen.com\/wp-content\/uploads\/2025\/04\/167768989-origpic-3da115.png","datePublished":"2025-04-15T09:02:31+00:00","dateModified":"2026-05-04T09:50:57+00:00","breadcrumb":{"@id":"https:\/\/xenonkungen.com\/produkt\/luxtar-blixtljusramp-ps30-led-356mm-r65\/#breadcrumb"},"inLanguage":"en-GB","potentialAction":[{"@type":"ReadAction","target":["https:\/\/xenonkungen.com\/produkt\/luxtar-blixtljusramp-ps30-led-356mm-r65\/"]}]},{"@type":"ImageObject","inLanguage":"en-GB","@id":"https:\/\/xenonkungen.com\/produkt\/luxtar-blixtljusramp-ps30-led-356mm-r65\/#primaryimage","url":"https:\/\/xenonkungen.com\/wp-content\/uploads\/2025\/04\/167768989-origpic-3da115.png","contentUrl":"https:\/\/xenonkungen.com\/wp-content\/uploads\/2025\/04\/167768989-origpic-3da115.png","width":1000,"height":1000},{"@type":"BreadcrumbList","@id":"https:\/\/xenonkungen.com\/produkt\/luxtar-blixtljusramp-ps30-led-356mm-r65\/#breadcrumb","itemListElement":[{"@type":"ListItem","position":1,"name":"Hem","item":"https:\/\/xenonkungen.com\/"},{"@type":"ListItem","position":2,"name":"Shop","item":"https:\/\/xenonkungen.com\/shop\/"},{"@type":"ListItem","position":3,"name":"Luxtar\u00ae Blixtljusramp PS30 LED 356mm | R65"}]},{"@type":"WebSite","@id":"https:\/\/xenonkungen.com\/#website","url":"https:\/\/xenonkungen.com\/","name":"Xenonkungen","description":"","potentialAction":[{"@type":"SearchAction","target":{"@type":"EntryPoint","urlTemplate":"https:\/\/xenonkungen.com\/?s={search_term_string}"},"query-input":{"@type":"PropertyValueSpecification","valueRequired":true,"valueName":"search_term_string"}}],"inLanguage":"en-GB"}]}},"taxonomy_info":{"product_brand":[{"value":103,"label":"LUXTAR"}],"product_cat":[{"value":2580,"label":"Blixtljusramp"},{"value":1061,"label":"Varningsljus"}],"pa_faktisk-effekts-forbrukning":[{"value":1242,"label":"36"}],"pa_storlek-mm":[{"value":1241,"label":"356"}],"pa_stromforbrukning":[{"value":1109,"label":"1,5A@24V"},{"value":1108,"label":"3A@12V"}],"pa_volt-v":[{"value":348,"label":"12, 24"}]},"featured_image_src_large":["https:\/\/xenonkungen.com\/wp-content\/uploads\/2025\/04\/167768989-origpic-3da115.png",1000,1000,false],"author_info":[],"comment_info":0,"_links":{"self":[{"href":"https:\/\/xenonkungen.com\/en\/wp-json\/wp\/v2\/product\/3790","targetHints":{"allow":["GET"]}}],"collection":[{"href":"https:\/\/xenonkungen.com\/en\/wp-json\/wp\/v2\/product"}],"about":[{"href":"https:\/\/xenonkungen.com\/en\/wp-json\/wp\/v2\/types\/product"}],"replies":[{"embeddable":true,"href":"https:\/\/xenonkungen.com\/en\/wp-json\/wp\/v2\/comments?post=3790"}],"wp:featuredmedia":[{"embeddable":true,"href":"https:\/\/xenonkungen.com\/en\/wp-json\/wp\/v2\/media\/3791"}],"wp:attachment":[{"href":"https:\/\/xenonkungen.com\/en\/wp-json\/wp\/v2\/media?parent=3790"}],"wp:term":[{"taxonomy":"anvandningsomrade","embeddable":true,"href":"https:\/\/xenonkungen.com\/en\/wp-json\/wp\/v2\/anvandningsomrade?post=3790"},{"taxonomy":"bilmarken","embeddable":true,"href":"https:\/\/xenonkungen.com\/en\/wp-json\/wp\/v2\/bilmarken?post=3790"},{"taxonomy":"product_brand","embeddable":true,"href":"https:\/\/xenonkungen.com\/en\/wp-json\/wp\/v2\/product_brand?post=3790"},{"taxonomy":"product_cat","embeddable":true,"href":"https:\/\/xenonkungen.com\/en\/wp-json\/wp\/v2\/product_cat?post=3790"},{"taxonomy":"product_tag","embeddable":true,"href":"https:\/\/xenonkungen.com\/en\/wp-json\/wp\/v2\/product_tag?post=3790"}],"curies":[{"name":"wp","href":"https:\/\/api.w.org\/{rel}","templated":true}]}}