{"id":3801,"date":"2025-04-15T09:02:50","date_gmt":"2025-04-15T09:02:50","guid":{"rendered":"https:\/\/xenonkungen.com\/product\/nightshift-blixtljusramp-ps80-led-965mm-r10-r65\/"},"modified":"2026-05-04T10:50:51","modified_gmt":"2026-05-04T09:50:51","slug":"luxtar-flash-light-bar-ps80-led-965mm-r10-r65","status":"publish","type":"product","link":"https:\/\/xenonkungen.com\/en\/product\/luxtar-flash-light-bar-ps80-led-965mm-r10-r65\/","title":{"rendered":"Luxtar Flash Light Bar PS80 LED 965mm | R10, R65"},"content":{"rendered":"<div class=\"container\">\n<h1>Luxtar PS80 Flash Light Bar<\/h1>\n<p>The Luxtar PS80 Strobe Light Bar is an advanced low profile light bar designed to offer superior visibility in all conditions. Approved to ECE R65 Class 1 and ECE R10, this light bar is a reliable solution for commercial vehicles that require clear warning signaling.<\/p>\n<div class=\"features\">\n<h2>Main characteristics:<\/h2>\n<ul>\n<li>Equipped with <strong>108 powerful 1W LED modules<\/strong> for optimal visibility.<\/li>\n<li>Receives <strong>19 different lightning patterns<\/strong> that can be easily customised to the workplace and environment.<\/li>\n<li>Made in <strong>durable polycarbonate<\/strong> for durability in harsh conditions.<\/li>\n<li>Total weight of <strong>8kg<\/strong>, including brackets, which facilitates installation and maintenance.<\/li>\n<\/ul>\n<\/div>\n<p>With its innovative technology and robust construction, the Luxtar PS80 Strobe Light Bar is the ideal solution for professional users who demand the highest standard of safety lighting.<\/p>\n<\/div>\n<h2><strong>Specifications:<\/strong><\/h2>\n<p><strong>Brand:<\/strong> Luxtar<br \/>\n<strong>Model:<\/strong> PS80<br \/>\n<strong>Type:<\/strong> Flashlight ramp<br \/>\n<strong>Lightning patterns:<\/strong> 19st<br \/>\n<strong>Number of diodes:<\/strong> 90st<br \/>\n<strong>Light source:<\/strong> LED<br \/>\n<strong>Light colour\/colour temperature:<\/strong> amber<br \/>\n<strong>Multivolt:<\/strong> 10-30v<br \/>\n<strong>Power (Watt):<\/strong> 88<br \/>\n<strong>Current consumption (Amps):<\/strong><br \/>\n- 7.3 at 12V<br \/>\n- 3.65 at 24V<br \/>\n<strong>Moisture protection:<\/strong> IP67<br \/>\n<strong>Work environment:<\/strong> -40\u00b0C to +65\u00b0C<br \/>\n<strong>Authorised under:<\/strong> ECE R10, E-labelled, ECE R65 class 1, EMC,<br \/>\n<strong>Size:<\/strong> 965x95x270mm (bracket included)<br \/>\n<strong>Weight:<\/strong> 8kg (bracket included)<\/p>\n<p><strong>Good to know:<\/strong><br \/>\nOnly 2 lightning patterns are ECE R65 approved.<br \/>\nThe cable length is 500mm.<\/p>\n<p><strong>Guarantee:<\/strong> 2 years<\/p>\n<p><iframe loading=\"lazy\" src=\"https:\/\/www.youtube.com\/embed\/CCHbvYFqwBI\" width=\"560\" height=\"315\" frameborder=\"0\" allowfullscreen=\"allowfullscreen\"><\/iframe><\/p>","protected":false},"excerpt":{"rendered":"<p><b>Multivolt 12-24V<\/b><\/p>\n<p><b>E-labelled, ECE R65 class 1, EMC (R10)<\/b><\/p>\n<p><b>IP67<\/b><\/p>\n<p><b>Field of application<\/b><br \/>\nSuitable for lorries, service vehicles, delivery vans, tractors, craftsmen and all other places where you need to secure the area around your vehicle<\/p>\n<p><b>Warranty: 2 years<\/b><\/p>","protected":false},"featured_media":3802,"comment_status":"closed","ping_status":"closed","template":"","meta":{"_acf_changed":false,"_smort_price_nok":"5335","_smort_price_dkk":"3389","_smort_price_eur":"454.07","_smort_sale_price_nok":"","_smort_sale_price_dkk":"","_smort_sale_price_eur":"","smort_restorder":"","shipmondo_restorder":"","_kad_blocks_custom_css":"","_kad_blocks_head_custom_js":"","_kad_blocks_body_custom_js":"","_kad_blocks_footer_custom_js":"","smort_custom_pricelist_1":"3196.8","smort_custom_pricelist_2":"2597.4","smort_custom_pricelist_3":"2467.53","smort_custom_pricelist_4":"3996","smort_custom_pricelist_5":"2597.4"},"anvandningsomrade":[],"bilmarken":[],"product_brand":[103],"product_cat":[2580,1061],"product_tag":[],"class_list":{"0":"post-3801","1":"product","2":"type-product","3":"status-publish","4":"has-post-thumbnail","6":"product_brand-luxtar","7":"product_cat-blixtljusramp-varningsljus","8":"product_cat-varningsljus","9":"pa_faktisk-effekts-forbrukning-1244","10":"pa_storlek-mm-1243","11":"pa_stromforbrukning-365a24v","12":"pa_stromforbrukning-73a12v","13":"pa_volt-v-12-24","15":"first","16":"onbackorder","17":"taxable","18":"shipping-taxable","19":"purchasable","20":"product-type-simple"},"bundled_by":[],"bundle_stock_status":"onbackorder","bundle_stock_quantity":0,"bundle_virtual":false,"bundle_layout":"","bundle_add_to_cart_form_location":"","bundle_editable_in_cart":false,"bundle_sold_individually_context":"","bundle_item_grouping":"","bundle_min_size":"","bundle_max_size":"","bundle_price":[],"bundled_items":[],"bundle_sell_ids":[],"acf":[],"yoast_head":"<!-- This site is optimized with the Yoast SEO plugin v27.0 - https:\/\/yoast.com\/product\/yoast-seo-wordpress\/ -->\n<title>Luxtar Blixtljusramp PS80 LED 965mm | R10, R65 - Xenonkungen<\/title>\n<meta name=\"robots\" content=\"index, follow, max-snippet:-1, max-image-preview:large, max-video-preview:-1\" \/>\n<link rel=\"canonical\" href=\"https:\/\/xenonkungen.com\/en\/product\/luxtar-flash-light-bar-ps80-led-965mm-r10-r65\/\" \/>\n<meta property=\"og:locale\" content=\"en_GB\" \/>\n<meta property=\"og:type\" content=\"article\" \/>\n<meta property=\"og:title\" content=\"Luxtar Blixtljusramp PS80 LED 965mm | R10, R65 - Xenonkungen\" \/>\n<meta property=\"og:description\" content=\"Multivolt 12-24V  E-m\u00e4rkt, ECE R65 klass 1, EMC (R10)  IP67  Anv\u00e4ndningsomr\u00e5de Passar bra f\u00f6r Lastbil, servicebil, budbil, traktorer hantverkare och alla andra t\u00e4nkbara st\u00e4llen d\u00e4r man beh\u00f6ver s\u00e4kra sin yta runt sitt fordon  Garanti: 2\u00e5r\" \/>\n<meta property=\"og:url\" content=\"https:\/\/xenonkungen.com\/en\/product\/luxtar-flash-light-bar-ps80-led-965mm-r10-r65\/\" \/>\n<meta property=\"og:site_name\" content=\"Xenonkungen\" \/>\n<meta property=\"article:modified_time\" content=\"2026-05-04T09:50:51+00:00\" \/>\n<meta property=\"og:image\" content=\"https:\/\/xenonkungen.com\/wp-content\/uploads\/2025\/04\/179619399-origpic-03a6cf.png\" \/>\n\t<meta property=\"og:image:width\" content=\"1000\" \/>\n\t<meta property=\"og:image:height\" content=\"1000\" \/>\n\t<meta property=\"og:image:type\" content=\"image\/png\" \/>\n<meta name=\"twitter:card\" content=\"summary_large_image\" \/>\n<meta name=\"twitter:label1\" content=\"Estimated reading time\" \/>\n\t<meta name=\"twitter:data1\" content=\"2 minutes\" \/>\n<script type=\"application\/ld+json\" class=\"yoast-schema-graph\">{\"@context\":\"https:\/\/schema.org\",\"@graph\":[{\"@type\":\"WebPage\",\"@id\":\"https:\/\/xenonkungen.com\/produkt\/luxtar-blixtljusramp-ps80-led-965mm-r10-r65\/\",\"url\":\"https:\/\/xenonkungen.com\/produkt\/luxtar-blixtljusramp-ps80-led-965mm-r10-r65\/\",\"name\":\"Luxtar Blixtljusramp PS80 LED 965mm | R10, R65 - Xenonkungen\",\"isPartOf\":{\"@id\":\"https:\/\/xenonkungen.com\/#website\"},\"primaryImageOfPage\":{\"@id\":\"https:\/\/xenonkungen.com\/produkt\/luxtar-blixtljusramp-ps80-led-965mm-r10-r65\/#primaryimage\"},\"image\":{\"@id\":\"https:\/\/xenonkungen.com\/produkt\/luxtar-blixtljusramp-ps80-led-965mm-r10-r65\/#primaryimage\"},\"thumbnailUrl\":\"https:\/\/xenonkungen.com\/wp-content\/uploads\/2025\/04\/179619399-origpic-03a6cf.png\",\"datePublished\":\"2025-04-15T09:02:50+00:00\",\"dateModified\":\"2026-05-04T09:50:51+00:00\",\"breadcrumb\":{\"@id\":\"https:\/\/xenonkungen.com\/produkt\/luxtar-blixtljusramp-ps80-led-965mm-r10-r65\/#breadcrumb\"},\"inLanguage\":\"en-GB\",\"potentialAction\":[{\"@type\":\"ReadAction\",\"target\":[\"https:\/\/xenonkungen.com\/produkt\/luxtar-blixtljusramp-ps80-led-965mm-r10-r65\/\"]}]},{\"@type\":\"ImageObject\",\"inLanguage\":\"en-GB\",\"@id\":\"https:\/\/xenonkungen.com\/produkt\/luxtar-blixtljusramp-ps80-led-965mm-r10-r65\/#primaryimage\",\"url\":\"https:\/\/xenonkungen.com\/wp-content\/uploads\/2025\/04\/179619399-origpic-03a6cf.png\",\"contentUrl\":\"https:\/\/xenonkungen.com\/wp-content\/uploads\/2025\/04\/179619399-origpic-03a6cf.png\",\"width\":1000,\"height\":1000},{\"@type\":\"BreadcrumbList\",\"@id\":\"https:\/\/xenonkungen.com\/produkt\/luxtar-blixtljusramp-ps80-led-965mm-r10-r65\/#breadcrumb\",\"itemListElement\":[{\"@type\":\"ListItem\",\"position\":1,\"name\":\"Hem\",\"item\":\"https:\/\/xenonkungen.com\/\"},{\"@type\":\"ListItem\",\"position\":2,\"name\":\"Shop\",\"item\":\"https:\/\/xenonkungen.com\/shop\/\"},{\"@type\":\"ListItem\",\"position\":3,\"name\":\"Luxtar Blixtljusramp PS80 LED 965mm | R10, R65\"}]},{\"@type\":\"WebSite\",\"@id\":\"https:\/\/xenonkungen.com\/#website\",\"url\":\"https:\/\/xenonkungen.com\/\",\"name\":\"Xenonkungen\",\"description\":\"\",\"potentialAction\":[{\"@type\":\"SearchAction\",\"target\":{\"@type\":\"EntryPoint\",\"urlTemplate\":\"https:\/\/xenonkungen.com\/?s={search_term_string}\"},\"query-input\":{\"@type\":\"PropertyValueSpecification\",\"valueRequired\":true,\"valueName\":\"search_term_string\"}}],\"inLanguage\":\"en-GB\"}]}<\/script>\n<!-- \/ Yoast SEO plugin. -->","yoast_head_json":{"title":"Luxtar Flash Light Bar PS80 LED 965mm | R10, R65 - Xenonkungen","robots":{"index":"index","follow":"follow","max-snippet":"max-snippet:-1","max-image-preview":"max-image-preview:large","max-video-preview":"max-video-preview:-1"},"canonical":"https:\/\/xenonkungen.com\/en\/product\/luxtar-flash-light-bar-ps80-led-965mm-r10-r65\/","og_locale":"en_GB","og_type":"article","og_title":"Luxtar Blixtljusramp PS80 LED 965mm | R10, R65 - Xenonkungen","og_description":"Multivolt 12-24V  E-m\u00e4rkt, ECE R65 klass 1, EMC (R10)  IP67  Anv\u00e4ndningsomr\u00e5de Passar bra f\u00f6r Lastbil, servicebil, budbil, traktorer hantverkare och alla andra t\u00e4nkbara st\u00e4llen d\u00e4r man beh\u00f6ver s\u00e4kra sin yta runt sitt fordon  Garanti: 2\u00e5r","og_url":"https:\/\/xenonkungen.com\/en\/product\/luxtar-flash-light-bar-ps80-led-965mm-r10-r65\/","og_site_name":"Xenonkungen","article_modified_time":"2026-05-04T09:50:51+00:00","og_image":[{"width":1000,"height":1000,"url":"https:\/\/xenonkungen.com\/wp-content\/uploads\/2025\/04\/179619399-origpic-03a6cf.png","type":"image\/png"}],"twitter_card":"summary_large_image","twitter_misc":{"Estimated reading time":"2 minutes"},"schema":{"@context":"https:\/\/schema.org","@graph":[{"@type":"WebPage","@id":"https:\/\/xenonkungen.com\/produkt\/luxtar-blixtljusramp-ps80-led-965mm-r10-r65\/","url":"https:\/\/xenonkungen.com\/produkt\/luxtar-blixtljusramp-ps80-led-965mm-r10-r65\/","name":"Luxtar Flash Light Bar PS80 LED 965mm | R10, R65 - Xenonkungen","isPartOf":{"@id":"https:\/\/xenonkungen.com\/#website"},"primaryImageOfPage":{"@id":"https:\/\/xenonkungen.com\/produkt\/luxtar-blixtljusramp-ps80-led-965mm-r10-r65\/#primaryimage"},"image":{"@id":"https:\/\/xenonkungen.com\/produkt\/luxtar-blixtljusramp-ps80-led-965mm-r10-r65\/#primaryimage"},"thumbnailUrl":"https:\/\/xenonkungen.com\/wp-content\/uploads\/2025\/04\/179619399-origpic-03a6cf.png","datePublished":"2025-04-15T09:02:50+00:00","dateModified":"2026-05-04T09:50:51+00:00","breadcrumb":{"@id":"https:\/\/xenonkungen.com\/produkt\/luxtar-blixtljusramp-ps80-led-965mm-r10-r65\/#breadcrumb"},"inLanguage":"en-GB","potentialAction":[{"@type":"ReadAction","target":["https:\/\/xenonkungen.com\/produkt\/luxtar-blixtljusramp-ps80-led-965mm-r10-r65\/"]}]},{"@type":"ImageObject","inLanguage":"en-GB","@id":"https:\/\/xenonkungen.com\/produkt\/luxtar-blixtljusramp-ps80-led-965mm-r10-r65\/#primaryimage","url":"https:\/\/xenonkungen.com\/wp-content\/uploads\/2025\/04\/179619399-origpic-03a6cf.png","contentUrl":"https:\/\/xenonkungen.com\/wp-content\/uploads\/2025\/04\/179619399-origpic-03a6cf.png","width":1000,"height":1000},{"@type":"BreadcrumbList","@id":"https:\/\/xenonkungen.com\/produkt\/luxtar-blixtljusramp-ps80-led-965mm-r10-r65\/#breadcrumb","itemListElement":[{"@type":"ListItem","position":1,"name":"Hem","item":"https:\/\/xenonkungen.com\/"},{"@type":"ListItem","position":2,"name":"Shop","item":"https:\/\/xenonkungen.com\/shop\/"},{"@type":"ListItem","position":3,"name":"Luxtar Blixtljusramp PS80 LED 965mm | R10, R65"}]},{"@type":"WebSite","@id":"https:\/\/xenonkungen.com\/#website","url":"https:\/\/xenonkungen.com\/","name":"Xenonkungen","description":"","potentialAction":[{"@type":"SearchAction","target":{"@type":"EntryPoint","urlTemplate":"https:\/\/xenonkungen.com\/?s={search_term_string}"},"query-input":{"@type":"PropertyValueSpecification","valueRequired":true,"valueName":"search_term_string"}}],"inLanguage":"en-GB"}]}},"taxonomy_info":{"product_brand":[{"value":103,"label":"LUXTAR"}],"product_cat":[{"value":2580,"label":"Blixtljusramp"},{"value":1061,"label":"Varningsljus"}],"pa_faktisk-effekts-forbrukning":[{"value":1244,"label":"88"}],"pa_storlek-mm":[{"value":1243,"label":"965"}],"pa_stromforbrukning":[{"value":1246,"label":"3,65A@24V"},{"value":1245,"label":"7,3A@12V"}],"pa_volt-v":[{"value":348,"label":"12, 24"}]},"featured_image_src_large":["https:\/\/xenonkungen.com\/wp-content\/uploads\/2025\/04\/179619399-origpic-03a6cf.png",1000,1000,false],"author_info":[],"comment_info":0,"_links":{"self":[{"href":"https:\/\/xenonkungen.com\/en\/wp-json\/wp\/v2\/product\/3801","targetHints":{"allow":["GET"]}}],"collection":[{"href":"https:\/\/xenonkungen.com\/en\/wp-json\/wp\/v2\/product"}],"about":[{"href":"https:\/\/xenonkungen.com\/en\/wp-json\/wp\/v2\/types\/product"}],"replies":[{"embeddable":true,"href":"https:\/\/xenonkungen.com\/en\/wp-json\/wp\/v2\/comments?post=3801"}],"wp:featuredmedia":[{"embeddable":true,"href":"https:\/\/xenonkungen.com\/en\/wp-json\/wp\/v2\/media\/3802"}],"wp:attachment":[{"href":"https:\/\/xenonkungen.com\/en\/wp-json\/wp\/v2\/media?parent=3801"}],"wp:term":[{"taxonomy":"anvandningsomrade","embeddable":true,"href":"https:\/\/xenonkungen.com\/en\/wp-json\/wp\/v2\/anvandningsomrade?post=3801"},{"taxonomy":"bilmarken","embeddable":true,"href":"https:\/\/xenonkungen.com\/en\/wp-json\/wp\/v2\/bilmarken?post=3801"},{"taxonomy":"product_brand","embeddable":true,"href":"https:\/\/xenonkungen.com\/en\/wp-json\/wp\/v2\/product_brand?post=3801"},{"taxonomy":"product_cat","embeddable":true,"href":"https:\/\/xenonkungen.com\/en\/wp-json\/wp\/v2\/product_cat?post=3801"},{"taxonomy":"product_tag","embeddable":true,"href":"https:\/\/xenonkungen.com\/en\/wp-json\/wp\/v2\/product_tag?post=3801"}],"curies":[{"name":"wp","href":"https:\/\/api.w.org\/{rel}","templated":true}]}}