{"id":3867,"date":"2025-04-15T09:03:18","date_gmt":"2025-04-15T09:03:18","guid":{"rendered":"https:\/\/xenonkungen.com\/product\/baklampa-100arme-rod-12-24v\/"},"modified":"2026-04-17T12:08:10","modified_gmt":"2026-04-17T11:08:10","slug":"tail-light-100arme-red-12-24v","status":"publish","type":"product","link":"https:\/\/xenonkungen.com\/en\/product\/tail-light-100arme-red-12-24v\/","title":{"rendered":"Rear light 100ARME Red (12\/24V)"},"content":{"rendered":"<h1>Discover the ultimate combination light<\/h1>\n<p>A compact power pack with a lifetime warranty that will improve both your safety and your vehicle.<\/p>\n<h2>Technical Specifications:<\/h2>\n<ul>\n<li><strong>Multivolt:<\/strong> This combination lamp is versatile and compatible with both 12V and 24V DC systems. Whether you own a passenger car or a truck, this lamp will work everywhere.<\/li>\n<li><strong>Dimensions:<\/strong> It has a compact design with dimensions of 100x100x22 mm, making it easy to mount on your vehicle. Its manageable size also makes it discreet and blends in with your vehicle's design.<\/li>\n<li><strong>Leak-proof connections:<\/strong> One of the most impressive features of this lamp is its leak-proof connections. This means that it is designed to receive water without taking damage. You can rely on this lamp in all weather conditions.<\/li>\n<\/ul>\n<h2>Power consumption at 13.8V:<\/h2>\n<ul>\n<li><strong>Stop light:<\/strong> At a voltage of 13.8V, the stop light draws only 0.15A. This is an energy-efficient solution that reduces the load on your vehicle system while offering a reliable light source to warn others of your braking.<\/li>\n<li><strong>Rear lights:<\/strong> With a minimal current consumption of only 0.07A, the rear light helps you save energy and keep your electrical installation in excellent condition.<\/li>\n<li><strong>Blinker:<\/strong> The flashing function requires only 0.11A, providing clear and visible flashing signals to indicate your intentions in traffic.<\/li>\n<\/ul>\n<h2>Connecting cables:<\/h2>\n<ul>\n<li><strong>White = soil:<\/strong> To ensure proper grounding and stability.<\/li>\n<li><strong>Brown = Rear light:<\/strong> Connect the brown cable to your rear light to improve visibility on the road.<\/li>\n<li><strong>Red = Stop:<\/strong> Connect the red cable to your stop light to signal braking to other drivers.<\/li>\n<li><strong>Yellow = Blinker:<\/strong> Use the yellow cable to activate the turn signal function and clearly indicate your intentions when turning.<\/li>\n<\/ul>\n<h2>Lifetime guarantee:<\/h2>\n<p>To give you complete peace of mind and confidence, we offer a superior lifetime warranty on this combination lamp. This is clear proof of our strong confidence in its outstanding quality, exceptional durability and unrivalled reliability.<\/p>\n<p>To summarise, this combination light is not just a light source, it is an investment in your safety and your vehicle. With its compact design, waterproof properties and impressive brightness, it will be your reliable companion on the road, ready to provide you with clear and reliable lighting in any situation.<\/p>","protected":false},"excerpt":{"rendered":"<p>Uppt\u00e4ck den ultimata kombinationslampan En kompakt kraftpaket med livstidsgaranti som kommer att f\u00f6rb\u00e4ttra b\u00e5de din s\u00e4kerhet och ditt fordon. Tekniska Specifikationer: Multivolt: Denna kombinationslampa \u00e4r m\u00e5ngsidig och kompatibel med b\u00e5de 12V och 24V DC-system. Oavsett om du \u00e4ger en personbil eller en lastbil, kommer denna lampa att fungera \u00f6verallt. M\u00e5tt: Den har en kompakt design [&hellip;]<\/p>","protected":false},"featured_media":3868,"comment_status":"closed","ping_status":"open","template":"","meta":{"_acf_changed":false,"_smort_price_nok":"449","_smort_price_dkk":"285","_smort_price_eur":"38.18","_smort_sale_price_nok":"","_smort_sale_price_dkk":"","_smort_sale_price_eur":"","smort_restorder":"","shipmondo_restorder":"","_kad_blocks_custom_css":"","_kad_blocks_head_custom_js":"","_kad_blocks_body_custom_js":"","_kad_blocks_footer_custom_js":"","smort_custom_pricelist_1":"235.2","smort_custom_pricelist_2":"235.2","smort_custom_pricelist_3":"223.44","smort_custom_pricelist_4":"336","smort_custom_pricelist_5":"235.2"},"anvandningsomrade":[166,238,2816],"bilmarken":[],"product_brand":[1252],"product_cat":[2552],"product_tag":[],"class_list":{"0":"post-3867","1":"product","2":"type-product","3":"status-publish","4":"has-post-thumbnail","6":"anvandningsomrade-lastbil","7":"anvandningsomrade-slap","8":"anvandningsomrade-trailer","9":"product_brand-lea","10":"product_cat-bakljus-slap","11":"pa_storlek-mm-472","12":"pa_volt-v-12-24","14":"first","15":"instock","16":"taxable","17":"shipping-taxable","18":"purchasable","19":"product-type-simple"},"bundled_by":["9697","9704"],"bundle_stock_status":"instock","bundle_stock_quantity":3,"bundle_virtual":false,"bundle_layout":"","bundle_add_to_cart_form_location":"","bundle_editable_in_cart":false,"bundle_sold_individually_context":"","bundle_item_grouping":"","bundle_min_size":"","bundle_max_size":"","bundle_price":[],"bundled_items":[],"bundle_sell_ids":[],"acf":[],"yoast_head":"<!-- This site is optimized with the Yoast SEO plugin v27.0 - https:\/\/yoast.com\/product\/yoast-seo-wordpress\/ -->\n<title>Baklampa 100ARME R\u00f6d (12\/24V) - Xenonkungen<\/title>\n<meta name=\"robots\" content=\"index, follow, max-snippet:-1, max-image-preview:large, max-video-preview:-1\" \/>\n<link rel=\"canonical\" href=\"https:\/\/xenonkungen.com\/en\/product\/tail-light-100arme-red-12-24v\/\" \/>\n<meta property=\"og:locale\" content=\"en_GB\" \/>\n<meta property=\"og:type\" content=\"article\" \/>\n<meta property=\"og:title\" content=\"Baklampa 100ARME R\u00f6d (12\/24V) - Xenonkungen\" \/>\n<meta property=\"og:description\" content=\"Uppt\u00e4ck den ultimata kombinationslampan En kompakt kraftpaket med livstidsgaranti som kommer att f\u00f6rb\u00e4ttra b\u00e5de din s\u00e4kerhet och ditt fordon. Tekniska Specifikationer: Multivolt: Denna kombinationslampa \u00e4r m\u00e5ngsidig och kompatibel med b\u00e5de 12V och 24V DC-system. Oavsett om du \u00e4ger en personbil eller en lastbil, kommer denna lampa att fungera \u00f6verallt. M\u00e5tt: Den har en kompakt design [&hellip;]\" \/>\n<meta property=\"og:url\" content=\"https:\/\/xenonkungen.com\/en\/product\/tail-light-100arme-red-12-24v\/\" \/>\n<meta property=\"og:site_name\" content=\"Xenonkungen\" \/>\n<meta property=\"article:modified_time\" content=\"2026-04-17T11:08:10+00:00\" \/>\n<meta property=\"og:image\" content=\"https:\/\/xenonkungen.com\/wp-content\/uploads\/2025\/04\/7258181-origpic-94b16e.jpg\" \/>\n\t<meta property=\"og:image:width\" content=\"800\" \/>\n\t<meta property=\"og:image:height\" content=\"800\" \/>\n\t<meta property=\"og:image:type\" content=\"image\/jpeg\" \/>\n<meta name=\"twitter:card\" content=\"summary_large_image\" \/>\n<meta name=\"twitter:label1\" content=\"Estimated reading time\" \/>\n\t<meta name=\"twitter:data1\" content=\"2 minutes\" \/>\n<script type=\"application\/ld+json\" class=\"yoast-schema-graph\">{\"@context\":\"https:\/\/schema.org\",\"@graph\":[{\"@type\":\"WebPage\",\"@id\":\"https:\/\/xenonkungen.com\/produkt\/baklampa-100arme-rod-12-24v\/\",\"url\":\"https:\/\/xenonkungen.com\/produkt\/baklampa-100arme-rod-12-24v\/\",\"name\":\"Baklampa 100ARME R\u00f6d (12\/24V) - Xenonkungen\",\"isPartOf\":{\"@id\":\"https:\/\/xenonkungen.com\/#website\"},\"primaryImageOfPage\":{\"@id\":\"https:\/\/xenonkungen.com\/produkt\/baklampa-100arme-rod-12-24v\/#primaryimage\"},\"image\":{\"@id\":\"https:\/\/xenonkungen.com\/produkt\/baklampa-100arme-rod-12-24v\/#primaryimage\"},\"thumbnailUrl\":\"https:\/\/xenonkungen.com\/wp-content\/uploads\/2025\/04\/7258181-origpic-94b16e.jpg\",\"datePublished\":\"2025-04-15T09:03:18+00:00\",\"dateModified\":\"2026-04-17T11:08:10+00:00\",\"breadcrumb\":{\"@id\":\"https:\/\/xenonkungen.com\/produkt\/baklampa-100arme-rod-12-24v\/#breadcrumb\"},\"inLanguage\":\"en-GB\",\"potentialAction\":[{\"@type\":\"ReadAction\",\"target\":[\"https:\/\/xenonkungen.com\/produkt\/baklampa-100arme-rod-12-24v\/\"]}]},{\"@type\":\"ImageObject\",\"inLanguage\":\"en-GB\",\"@id\":\"https:\/\/xenonkungen.com\/produkt\/baklampa-100arme-rod-12-24v\/#primaryimage\",\"url\":\"https:\/\/xenonkungen.com\/wp-content\/uploads\/2025\/04\/7258181-origpic-94b16e.jpg\",\"contentUrl\":\"https:\/\/xenonkungen.com\/wp-content\/uploads\/2025\/04\/7258181-origpic-94b16e.jpg\",\"width\":800,\"height\":800},{\"@type\":\"BreadcrumbList\",\"@id\":\"https:\/\/xenonkungen.com\/produkt\/baklampa-100arme-rod-12-24v\/#breadcrumb\",\"itemListElement\":[{\"@type\":\"ListItem\",\"position\":1,\"name\":\"Hem\",\"item\":\"https:\/\/xenonkungen.com\/\"},{\"@type\":\"ListItem\",\"position\":2,\"name\":\"Shop\",\"item\":\"https:\/\/xenonkungen.com\/shop\/\"},{\"@type\":\"ListItem\",\"position\":3,\"name\":\"Baklampa 100ARME R\u00f6d (12\/24V)\"}]},{\"@type\":\"WebSite\",\"@id\":\"https:\/\/xenonkungen.com\/#website\",\"url\":\"https:\/\/xenonkungen.com\/\",\"name\":\"Xenonkungen\",\"description\":\"\",\"potentialAction\":[{\"@type\":\"SearchAction\",\"target\":{\"@type\":\"EntryPoint\",\"urlTemplate\":\"https:\/\/xenonkungen.com\/?s={search_term_string}\"},\"query-input\":{\"@type\":\"PropertyValueSpecification\",\"valueRequired\":true,\"valueName\":\"search_term_string\"}}],\"inLanguage\":\"en-GB\"}]}<\/script>\n<!-- \/ Yoast SEO plugin. -->","yoast_head_json":{"title":"Taillight 100ARME Red (12\/24V) - Xenonkungen","robots":{"index":"index","follow":"follow","max-snippet":"max-snippet:-1","max-image-preview":"max-image-preview:large","max-video-preview":"max-video-preview:-1"},"canonical":"https:\/\/xenonkungen.com\/en\/product\/tail-light-100arme-red-12-24v\/","og_locale":"en_GB","og_type":"article","og_title":"Baklampa 100ARME R\u00f6d (12\/24V) - Xenonkungen","og_description":"Uppt\u00e4ck den ultimata kombinationslampan En kompakt kraftpaket med livstidsgaranti som kommer att f\u00f6rb\u00e4ttra b\u00e5de din s\u00e4kerhet och ditt fordon. Tekniska Specifikationer: Multivolt: Denna kombinationslampa \u00e4r m\u00e5ngsidig och kompatibel med b\u00e5de 12V och 24V DC-system. Oavsett om du \u00e4ger en personbil eller en lastbil, kommer denna lampa att fungera \u00f6verallt. M\u00e5tt: Den har en kompakt design [&hellip;]","og_url":"https:\/\/xenonkungen.com\/en\/product\/tail-light-100arme-red-12-24v\/","og_site_name":"Xenonkungen","article_modified_time":"2026-04-17T11:08:10+00:00","og_image":[{"width":800,"height":800,"url":"https:\/\/xenonkungen.com\/wp-content\/uploads\/2025\/04\/7258181-origpic-94b16e.jpg","type":"image\/jpeg"}],"twitter_card":"summary_large_image","twitter_misc":{"Estimated reading time":"2 minutes"},"schema":{"@context":"https:\/\/schema.org","@graph":[{"@type":"WebPage","@id":"https:\/\/xenonkungen.com\/produkt\/baklampa-100arme-rod-12-24v\/","url":"https:\/\/xenonkungen.com\/produkt\/baklampa-100arme-rod-12-24v\/","name":"Taillight 100ARME Red (12\/24V) - Xenonkungen","isPartOf":{"@id":"https:\/\/xenonkungen.com\/#website"},"primaryImageOfPage":{"@id":"https:\/\/xenonkungen.com\/produkt\/baklampa-100arme-rod-12-24v\/#primaryimage"},"image":{"@id":"https:\/\/xenonkungen.com\/produkt\/baklampa-100arme-rod-12-24v\/#primaryimage"},"thumbnailUrl":"https:\/\/xenonkungen.com\/wp-content\/uploads\/2025\/04\/7258181-origpic-94b16e.jpg","datePublished":"2025-04-15T09:03:18+00:00","dateModified":"2026-04-17T11:08:10+00:00","breadcrumb":{"@id":"https:\/\/xenonkungen.com\/produkt\/baklampa-100arme-rod-12-24v\/#breadcrumb"},"inLanguage":"en-GB","potentialAction":[{"@type":"ReadAction","target":["https:\/\/xenonkungen.com\/produkt\/baklampa-100arme-rod-12-24v\/"]}]},{"@type":"ImageObject","inLanguage":"en-GB","@id":"https:\/\/xenonkungen.com\/produkt\/baklampa-100arme-rod-12-24v\/#primaryimage","url":"https:\/\/xenonkungen.com\/wp-content\/uploads\/2025\/04\/7258181-origpic-94b16e.jpg","contentUrl":"https:\/\/xenonkungen.com\/wp-content\/uploads\/2025\/04\/7258181-origpic-94b16e.jpg","width":800,"height":800},{"@type":"BreadcrumbList","@id":"https:\/\/xenonkungen.com\/produkt\/baklampa-100arme-rod-12-24v\/#breadcrumb","itemListElement":[{"@type":"ListItem","position":1,"name":"Hem","item":"https:\/\/xenonkungen.com\/"},{"@type":"ListItem","position":2,"name":"Shop","item":"https:\/\/xenonkungen.com\/shop\/"},{"@type":"ListItem","position":3,"name":"Baklampa 100ARME R\u00f6d (12\/24V)"}]},{"@type":"WebSite","@id":"https:\/\/xenonkungen.com\/#website","url":"https:\/\/xenonkungen.com\/","name":"Xenonkungen","description":"","potentialAction":[{"@type":"SearchAction","target":{"@type":"EntryPoint","urlTemplate":"https:\/\/xenonkungen.com\/?s={search_term_string}"},"query-input":{"@type":"PropertyValueSpecification","valueRequired":true,"valueName":"search_term_string"}}],"inLanguage":"en-GB"}]}},"taxonomy_info":{"anvandningsomrade":[{"value":166,"label":"Lastbil"},{"value":238,"label":"SL\u00c4P"},{"value":2816,"label":"TRAILER"}],"product_brand":[{"value":1252,"label":"LEA"}],"product_cat":[{"value":2552,"label":"Bakljus"}],"pa_storlek-mm":[{"value":472,"label":"100"}],"pa_volt-v":[{"value":348,"label":"12, 24"}]},"featured_image_src_large":["https:\/\/xenonkungen.com\/wp-content\/uploads\/2025\/04\/7258181-origpic-94b16e.jpg",800,800,false],"author_info":[],"comment_info":0,"_links":{"self":[{"href":"https:\/\/xenonkungen.com\/en\/wp-json\/wp\/v2\/product\/3867","targetHints":{"allow":["GET"]}}],"collection":[{"href":"https:\/\/xenonkungen.com\/en\/wp-json\/wp\/v2\/product"}],"about":[{"href":"https:\/\/xenonkungen.com\/en\/wp-json\/wp\/v2\/types\/product"}],"replies":[{"embeddable":true,"href":"https:\/\/xenonkungen.com\/en\/wp-json\/wp\/v2\/comments?post=3867"}],"wp:featuredmedia":[{"embeddable":true,"href":"https:\/\/xenonkungen.com\/en\/wp-json\/wp\/v2\/media\/3868"}],"wp:attachment":[{"href":"https:\/\/xenonkungen.com\/en\/wp-json\/wp\/v2\/media?parent=3867"}],"wp:term":[{"taxonomy":"anvandningsomrade","embeddable":true,"href":"https:\/\/xenonkungen.com\/en\/wp-json\/wp\/v2\/anvandningsomrade?post=3867"},{"taxonomy":"bilmarken","embeddable":true,"href":"https:\/\/xenonkungen.com\/en\/wp-json\/wp\/v2\/bilmarken?post=3867"},{"taxonomy":"product_brand","embeddable":true,"href":"https:\/\/xenonkungen.com\/en\/wp-json\/wp\/v2\/product_brand?post=3867"},{"taxonomy":"product_cat","embeddable":true,"href":"https:\/\/xenonkungen.com\/en\/wp-json\/wp\/v2\/product_cat?post=3867"},{"taxonomy":"product_tag","embeddable":true,"href":"https:\/\/xenonkungen.com\/en\/wp-json\/wp\/v2\/product_tag?post=3867"}],"curies":[{"name":"wp","href":"https:\/\/api.w.org\/{rel}","templated":true}]}}