{"id":3904,"date":"2025-04-15T09:03:31","date_gmt":"2025-04-15T09:03:31","guid":{"rendered":"https:\/\/xenonkungen.com\/product\/lampsarg-100-serie-chrome\/"},"modified":"2026-04-11T00:35:12","modified_gmt":"2026-04-10T23:35:12","slug":"lamp-frame-100-series-chrome","status":"publish","type":"product","link":"https:\/\/xenonkungen.com\/en\/product\/lamp-frame-100-series-chrome\/","title":{"rendered":"Chrome 100 series lamp base"},"content":{"rendered":"<h1>Steel Chrome Lampshade for Kvadrat Series 100: A Detailed Overview<\/h1>\n<p>For those familiar with lighting solutions, many recognise the importance of quality components. This is especially true when talking about the lamp base, which plays a central role in the lamp both aesthetically and functionally. With this in mind, the Kvadrat Series 100 steel-chromed lampshade has been created to fulfil these very needs.<\/p>\n<h2>Why Steel Chrome?<\/h2>\n<p>Steel chrome combines the durable properties of steel with the lustrous and elegant surface of chrome. The result? A product that is not only durable and able to withstand daily wear and tear, but also contributes to an aesthetically pleasing appearance. In other words, when you choose a steel chrome lamp frame, you get a product that looks good and lasts a long time.<\/p>\n<h2>Kvadrat Series 100: A Perfect Match<\/h2>\n<p>Kvadrat Series 100 is known for its minimalist design and high functionality. The lampshade, with its dimensions of 125x125mm, is specially designed to fit perfectly into this series. Whether you are replacing an existing frame or upgrading your current lighting, this frame will blend in seamlessly, while providing the quality and durability you expect.<\/p>\n<h2>Installation and Replacement<\/h2>\n<p>Another important feature of this lamp frame is how easy it is to install and replace. Its precise dimensions ensure that it fits perfectly into all Kvadrat Series 100 lamps, minimising any complications or adjustments during the installation process.<\/p>\n<h2>Final words<\/h2>\n<p>If you are looking for a durable, aesthetically pleasing and functional solution for your lighting needs, look no further than the Kvadrat Series 100 steel chrome lampshade. With its sturdy construction and lustrous finish, it will elevate your lighting solution to new heights, while lasting for years to come.<\/p>\n<p><iframe loading=\"lazy\" height=\"314\" src=\"https:\/\/www.youtube.com\/embed\/stf8LdE07sE\" width=\"560\" allowfullscreen=\"allowfullscreen\"><\/iframe><\/p>","protected":false},"excerpt":{"rendered":"<p>Lampsarg i St\u00e5lkrom f\u00f6r Kvadrat Serie 100: En Detaljerad \u00d6versikt F\u00f6r de som \u00e4r bekanta med belysningsl\u00f6sningar k\u00e4nner m\u00e5nga till vikten av kvalitativa komponenter. Detta g\u00e4ller s\u00e4rskilt n\u00e4r man talar om sargen till lampor, som spelar en central roll i lampan b\u00e5de estetiskt och funktionellt. Med detta i \u00e5tanke har den st\u00e5lkromade lampsargen f\u00f6r Kvadrat [&hellip;]<\/p>","protected":false},"featured_media":3905,"comment_status":"closed","ping_status":"open","template":"","meta":{"_acf_changed":false,"_smort_price_nok":"85","_smort_price_dkk":"54","_smort_price_eur":"7.27","_smort_sale_price_nok":"","_smort_sale_price_dkk":"","_smort_sale_price_eur":"","smort_restorder":"","shipmondo_restorder":"","_kad_blocks_custom_css":"","_kad_blocks_head_custom_js":"","_kad_blocks_body_custom_js":"","_kad_blocks_footer_custom_js":"","smort_custom_pricelist_1":"44.8","smort_custom_pricelist_2":"44.8","smort_custom_pricelist_3":"42.56","smort_custom_pricelist_4":"64","smort_custom_pricelist_5":"44.8"},"anvandningsomrade":[166,238,2816],"bilmarken":[],"product_brand":[1252],"product_cat":[2583],"product_tag":[],"class_list":{"0":"post-3904","1":"product","2":"type-product","3":"status-publish","4":"has-post-thumbnail","6":"anvandningsomrade-lastbil","7":"anvandningsomrade-slap","8":"anvandningsomrade-trailer","9":"product_brand-lea","10":"product_cat-lampsarg-slap","11":"pa_storlek-mm-125x125","12":"pa_volt-v-12-24","14":"first","15":"instock","16":"taxable","17":"shipping-taxable","18":"purchasable","19":"product-type-simple"},"bundled_by":[],"bundle_stock_status":"instock","bundle_stock_quantity":4,"bundle_virtual":false,"bundle_layout":"","bundle_add_to_cart_form_location":"","bundle_editable_in_cart":false,"bundle_sold_individually_context":"","bundle_item_grouping":"","bundle_min_size":"","bundle_max_size":"","bundle_price":[],"bundled_items":[],"bundle_sell_ids":[],"acf":[],"yoast_head":"<!-- This site is optimized with the Yoast SEO plugin v27.0 - https:\/\/yoast.com\/product\/yoast-seo-wordpress\/ -->\n<title>Lampsarg 100-serie Chrome - Xenonkungen<\/title>\n<meta name=\"robots\" content=\"index, follow, max-snippet:-1, max-image-preview:large, max-video-preview:-1\" \/>\n<link rel=\"canonical\" href=\"https:\/\/xenonkungen.com\/en\/product\/lamp-frame-100-series-chrome\/\" \/>\n<meta property=\"og:locale\" content=\"en_GB\" \/>\n<meta property=\"og:type\" content=\"article\" \/>\n<meta property=\"og:title\" content=\"Lampsarg 100-serie Chrome - Xenonkungen\" \/>\n<meta property=\"og:description\" content=\"Lampsarg i St\u00e5lkrom f\u00f6r Kvadrat Serie 100: En Detaljerad \u00d6versikt F\u00f6r de som \u00e4r bekanta med belysningsl\u00f6sningar k\u00e4nner m\u00e5nga till vikten av kvalitativa komponenter. Detta g\u00e4ller s\u00e4rskilt n\u00e4r man talar om sargen till lampor, som spelar en central roll i lampan b\u00e5de estetiskt och funktionellt. Med detta i \u00e5tanke har den st\u00e5lkromade lampsargen f\u00f6r Kvadrat [&hellip;]\" \/>\n<meta property=\"og:url\" content=\"https:\/\/xenonkungen.com\/en\/product\/lamp-frame-100-series-chrome\/\" \/>\n<meta property=\"og:site_name\" content=\"Xenonkungen\" \/>\n<meta property=\"article:modified_time\" content=\"2026-04-10T23:35:12+00:00\" \/>\n<meta property=\"og:image\" content=\"https:\/\/xenonkungen.com\/wp-content\/uploads\/2025\/04\/12778407-origpic-9ee06c.jpg\" \/>\n\t<meta property=\"og:image:width\" content=\"600\" \/>\n\t<meta property=\"og:image:height\" content=\"600\" \/>\n\t<meta property=\"og:image:type\" content=\"image\/jpeg\" \/>\n<meta name=\"twitter:card\" content=\"summary_large_image\" \/>\n<meta name=\"twitter:label1\" content=\"Estimated reading time\" \/>\n\t<meta name=\"twitter:data1\" content=\"2 minutes\" \/>\n<script type=\"application\/ld+json\" class=\"yoast-schema-graph\">{\"@context\":\"https:\/\/schema.org\",\"@graph\":[{\"@type\":\"WebPage\",\"@id\":\"https:\/\/xenonkungen.com\/no\/produkt\/lamperamme-100-serien-krom\/\",\"url\":\"https:\/\/xenonkungen.com\/no\/produkt\/lamperamme-100-serien-krom\/\",\"name\":\"Lampsarg 100-serie Chrome - Xenonkungen\",\"isPartOf\":{\"@id\":\"https:\/\/xenonkungen.com\/#website\"},\"primaryImageOfPage\":{\"@id\":\"https:\/\/xenonkungen.com\/no\/produkt\/lamperamme-100-serien-krom\/#primaryimage\"},\"image\":{\"@id\":\"https:\/\/xenonkungen.com\/no\/produkt\/lamperamme-100-serien-krom\/#primaryimage\"},\"thumbnailUrl\":\"https:\/\/xenonkungen.com\/wp-content\/uploads\/2025\/04\/12778407-origpic-9ee06c.jpg\",\"datePublished\":\"2025-04-15T09:03:31+00:00\",\"dateModified\":\"2026-04-10T23:35:12+00:00\",\"breadcrumb\":{\"@id\":\"https:\/\/xenonkungen.com\/no\/produkt\/lamperamme-100-serien-krom\/#breadcrumb\"},\"inLanguage\":\"en-GB\",\"potentialAction\":[{\"@type\":\"ReadAction\",\"target\":[\"https:\/\/xenonkungen.com\/no\/produkt\/lamperamme-100-serien-krom\/\"]}]},{\"@type\":\"ImageObject\",\"inLanguage\":\"en-GB\",\"@id\":\"https:\/\/xenonkungen.com\/no\/produkt\/lamperamme-100-serien-krom\/#primaryimage\",\"url\":\"https:\/\/xenonkungen.com\/wp-content\/uploads\/2025\/04\/12778407-origpic-9ee06c.jpg\",\"contentUrl\":\"https:\/\/xenonkungen.com\/wp-content\/uploads\/2025\/04\/12778407-origpic-9ee06c.jpg\",\"width\":600,\"height\":600},{\"@type\":\"BreadcrumbList\",\"@id\":\"https:\/\/xenonkungen.com\/no\/produkt\/lamperamme-100-serien-krom\/#breadcrumb\",\"itemListElement\":[{\"@type\":\"ListItem\",\"position\":1,\"name\":\"Hem\",\"item\":\"https:\/\/xenonkungen.com\/\"},{\"@type\":\"ListItem\",\"position\":2,\"name\":\"Shop\",\"item\":\"https:\/\/xenonkungen.com\/shop\/\"},{\"@type\":\"ListItem\",\"position\":3,\"name\":\"Lampsarg 100-serie Chrome\"}]},{\"@type\":\"WebSite\",\"@id\":\"https:\/\/xenonkungen.com\/#website\",\"url\":\"https:\/\/xenonkungen.com\/\",\"name\":\"Xenonkungen\",\"description\":\"\",\"potentialAction\":[{\"@type\":\"SearchAction\",\"target\":{\"@type\":\"EntryPoint\",\"urlTemplate\":\"https:\/\/xenonkungen.com\/?s={search_term_string}\"},\"query-input\":{\"@type\":\"PropertyValueSpecification\",\"valueRequired\":true,\"valueName\":\"search_term_string\"}}],\"inLanguage\":\"en-GB\"}]}<\/script>\n<!-- \/ Yoast SEO plugin. -->","yoast_head_json":{"title":"Lampsarg 100 series Chrome - The Xenon king","robots":{"index":"index","follow":"follow","max-snippet":"max-snippet:-1","max-image-preview":"max-image-preview:large","max-video-preview":"max-video-preview:-1"},"canonical":"https:\/\/xenonkungen.com\/en\/product\/lamp-frame-100-series-chrome\/","og_locale":"en_GB","og_type":"article","og_title":"Lampsarg 100-serie Chrome - Xenonkungen","og_description":"Lampsarg i St\u00e5lkrom f\u00f6r Kvadrat Serie 100: En Detaljerad \u00d6versikt F\u00f6r de som \u00e4r bekanta med belysningsl\u00f6sningar k\u00e4nner m\u00e5nga till vikten av kvalitativa komponenter. Detta g\u00e4ller s\u00e4rskilt n\u00e4r man talar om sargen till lampor, som spelar en central roll i lampan b\u00e5de estetiskt och funktionellt. Med detta i \u00e5tanke har den st\u00e5lkromade lampsargen f\u00f6r Kvadrat [&hellip;]","og_url":"https:\/\/xenonkungen.com\/en\/product\/lamp-frame-100-series-chrome\/","og_site_name":"Xenonkungen","article_modified_time":"2026-04-10T23:35:12+00:00","og_image":[{"width":600,"height":600,"url":"https:\/\/xenonkungen.com\/wp-content\/uploads\/2025\/04\/12778407-origpic-9ee06c.jpg","type":"image\/jpeg"}],"twitter_card":"summary_large_image","twitter_misc":{"Estimated reading time":"2 minutes"},"schema":{"@context":"https:\/\/schema.org","@graph":[{"@type":"WebPage","@id":"https:\/\/xenonkungen.com\/no\/produkt\/lamperamme-100-serien-krom\/","url":"https:\/\/xenonkungen.com\/no\/produkt\/lamperamme-100-serien-krom\/","name":"Lampsarg 100 series Chrome - The Xenon king","isPartOf":{"@id":"https:\/\/xenonkungen.com\/#website"},"primaryImageOfPage":{"@id":"https:\/\/xenonkungen.com\/no\/produkt\/lamperamme-100-serien-krom\/#primaryimage"},"image":{"@id":"https:\/\/xenonkungen.com\/no\/produkt\/lamperamme-100-serien-krom\/#primaryimage"},"thumbnailUrl":"https:\/\/xenonkungen.com\/wp-content\/uploads\/2025\/04\/12778407-origpic-9ee06c.jpg","datePublished":"2025-04-15T09:03:31+00:00","dateModified":"2026-04-10T23:35:12+00:00","breadcrumb":{"@id":"https:\/\/xenonkungen.com\/no\/produkt\/lamperamme-100-serien-krom\/#breadcrumb"},"inLanguage":"en-GB","potentialAction":[{"@type":"ReadAction","target":["https:\/\/xenonkungen.com\/no\/produkt\/lamperamme-100-serien-krom\/"]}]},{"@type":"ImageObject","inLanguage":"en-GB","@id":"https:\/\/xenonkungen.com\/no\/produkt\/lamperamme-100-serien-krom\/#primaryimage","url":"https:\/\/xenonkungen.com\/wp-content\/uploads\/2025\/04\/12778407-origpic-9ee06c.jpg","contentUrl":"https:\/\/xenonkungen.com\/wp-content\/uploads\/2025\/04\/12778407-origpic-9ee06c.jpg","width":600,"height":600},{"@type":"BreadcrumbList","@id":"https:\/\/xenonkungen.com\/no\/produkt\/lamperamme-100-serien-krom\/#breadcrumb","itemListElement":[{"@type":"ListItem","position":1,"name":"Hem","item":"https:\/\/xenonkungen.com\/"},{"@type":"ListItem","position":2,"name":"Shop","item":"https:\/\/xenonkungen.com\/shop\/"},{"@type":"ListItem","position":3,"name":"Lampsarg 100-serie Chrome"}]},{"@type":"WebSite","@id":"https:\/\/xenonkungen.com\/#website","url":"https:\/\/xenonkungen.com\/","name":"Xenonkungen","description":"","potentialAction":[{"@type":"SearchAction","target":{"@type":"EntryPoint","urlTemplate":"https:\/\/xenonkungen.com\/?s={search_term_string}"},"query-input":{"@type":"PropertyValueSpecification","valueRequired":true,"valueName":"search_term_string"}}],"inLanguage":"en-GB"}]}},"taxonomy_info":{"anvandningsomrade":[{"value":166,"label":"Lastbil"},{"value":238,"label":"SL\u00c4P"},{"value":2816,"label":"TRAILER"}],"product_brand":[{"value":1252,"label":"LEA"}],"product_cat":[{"value":2583,"label":"Lampsarg"}],"pa_storlek-mm":[{"value":1272,"label":"125x125"}],"pa_volt-v":[{"value":348,"label":"12, 24"}]},"featured_image_src_large":["https:\/\/xenonkungen.com\/wp-content\/uploads\/2025\/04\/12778407-origpic-9ee06c.jpg",600,600,false],"author_info":[],"comment_info":0,"_links":{"self":[{"href":"https:\/\/xenonkungen.com\/en\/wp-json\/wp\/v2\/product\/3904","targetHints":{"allow":["GET"]}}],"collection":[{"href":"https:\/\/xenonkungen.com\/en\/wp-json\/wp\/v2\/product"}],"about":[{"href":"https:\/\/xenonkungen.com\/en\/wp-json\/wp\/v2\/types\/product"}],"replies":[{"embeddable":true,"href":"https:\/\/xenonkungen.com\/en\/wp-json\/wp\/v2\/comments?post=3904"}],"wp:featuredmedia":[{"embeddable":true,"href":"https:\/\/xenonkungen.com\/en\/wp-json\/wp\/v2\/media\/3905"}],"wp:attachment":[{"href":"https:\/\/xenonkungen.com\/en\/wp-json\/wp\/v2\/media?parent=3904"}],"wp:term":[{"taxonomy":"anvandningsomrade","embeddable":true,"href":"https:\/\/xenonkungen.com\/en\/wp-json\/wp\/v2\/anvandningsomrade?post=3904"},{"taxonomy":"bilmarken","embeddable":true,"href":"https:\/\/xenonkungen.com\/en\/wp-json\/wp\/v2\/bilmarken?post=3904"},{"taxonomy":"product_brand","embeddable":true,"href":"https:\/\/xenonkungen.com\/en\/wp-json\/wp\/v2\/product_brand?post=3904"},{"taxonomy":"product_cat","embeddable":true,"href":"https:\/\/xenonkungen.com\/en\/wp-json\/wp\/v2\/product_cat?post=3904"},{"taxonomy":"product_tag","embeddable":true,"href":"https:\/\/xenonkungen.com\/en\/wp-json\/wp\/v2\/product_tag?post=3904"}],"curies":[{"name":"wp","href":"https:\/\/api.w.org\/{rel}","templated":true}]}}