{"id":3997,"date":"2025-04-15T09:04:34","date_gmt":"2025-04-15T09:04:34","guid":{"rendered":"https:\/\/xenonkungen.com\/product\/blixtljusramp-eqbt862r65a\/"},"modified":"2026-05-08T13:30:21","modified_gmt":"2026-05-08T12:30:21","slug":"flash-light-bar-eqbt862r65a","status":"publish","type":"product","link":"https:\/\/xenonkungen.com\/en\/product\/flash-light-bar-eqbt862r65a\/","title":{"rendered":"Lightning Ramp EQBT862R65A"},"content":{"rendered":"<div class=\"container\">\n<div class=\"feature\">\n<h1 class=\"title\">862mm Wide Strobe Light Bar from ElectraQuip \u2013 R65 Approved<\/h1>\n<p class=\"description\">This high performance, R65 approved flashing beacon from ElectraQuip is designed to increase safety and visibility for trucks, service vehicles and machinery. With 10 different flashing light patterns, including an R65 approved pattern, it offers unrivalled flexibility and visibility.<\/p>\n<\/div>\n<div class=\"feature\">\n<h2 class=\"subtitle\">Functions and Features:<\/h2>\n<ul class=\"list\">\n<li>R65 Approval for highest safety standard.<\/li>\n<li>10 versatile flashing light patterns, including an R65 approved pattern.<\/li>\n<li>Increased visibility with a wide 862mm design.<\/li>\n<li>Leak-sealed electronics for reliable performance in all weather conditions.<\/li>\n<li>Ideal for a wide range of vehicle types.<\/li>\n<\/ul>\n<\/div>\n<div class=\"usage\">\n<h2 class=\"subtitle\">Areas of use:<\/h2>\n<p class=\"usage-text\">Ideal for vehicles requiring maximum visibility and safety, such as lorries, service vehicles, road construction vehicles and machinery. A critical safety enhancement for working in busy or dangerous areas.<\/p>\n<\/div>\n<div class=\"note\">\n<p class=\"note-text\">Note: Follow the manufacturer's installation instructions carefully for best results and safety. Complete with appropriate mounting accessories for a stable and safe installation.<\/p>\n<\/div>\n<\/div>\n<p><strong>Guarantee:<\/strong> 2 years<\/p>\n<p>10 Lightning pattern, Rotor, single, R65, mm.<\/p>\n<p><iframe loading=\"lazy\" frameborder=\"0\" height=\"315\" allow=\"accelerometer; autoplay; clipboard-write; encrypted-media; gyroscope; picture-in-picture\" src=\"https:\/\/www.youtube.com\/embed\/dlzdTJOpR10\" title=\"YouTube video player\" width=\"560\" allowfullscreen=\"allowfullscreen\"><\/iframe><\/p>","protected":false},"excerpt":{"rendered":"<p>862mm wide Flashing light bar from ElectraQuip which is R65 approved!<\/p>","protected":false},"featured_media":3998,"comment_status":"closed","ping_status":"closed","template":"","meta":{"_acf_changed":false,"_smort_price_nok":"7258","_smort_price_dkk":"4611","_smort_price_eur":"617.7","_smort_sale_price_nok":"","_smort_sale_price_dkk":"","_smort_sale_price_eur":"","smort_restorder":"","shipmondo_restorder":"","_kad_blocks_custom_css":"","_kad_blocks_head_custom_js":"","_kad_blocks_body_custom_js":"","_kad_blocks_footer_custom_js":"","smort_custom_pricelist_1":"4348.8","smort_custom_pricelist_2":"3805.2","smort_custom_pricelist_3":"3533.4","smort_custom_pricelist_4":"5436","smort_custom_pricelist_5":"3805.2"},"anvandningsomrade":[],"bilmarken":[],"product_brand":[],"product_cat":[2580,1061],"product_tag":[],"class_list":{"0":"post-3997","1":"product","2":"type-product","3":"status-publish","4":"has-post-thumbnail","6":"product_cat-blixtljusramp-varningsljus","7":"product_cat-varningsljus","8":"pa_fuktskydd-varde-ipxx-ip67","9":"pa_godkannande-r10-r65","10":"pa_ljusbild-blixljus","11":"pa_storlek-mm-862-x-206-x-85","13":"first","14":"instock","15":"taxable","16":"shipping-taxable","17":"purchasable","18":"product-type-simple"},"bundled_by":[],"bundle_stock_status":"instock","bundle_stock_quantity":1,"bundle_virtual":false,"bundle_layout":"","bundle_add_to_cart_form_location":"","bundle_editable_in_cart":false,"bundle_sold_individually_context":"","bundle_item_grouping":"","bundle_min_size":"","bundle_max_size":"","bundle_price":[],"bundled_items":[],"bundle_sell_ids":[],"acf":[],"yoast_head":"<!-- This site is optimized with the Yoast SEO plugin v27.0 - https:\/\/yoast.com\/product\/yoast-seo-wordpress\/ -->\n<title>Blixtljusramp EQBT862R65A - Xenonkungen<\/title>\n<meta name=\"robots\" content=\"index, follow, max-snippet:-1, max-image-preview:large, max-video-preview:-1\" \/>\n<link rel=\"canonical\" href=\"https:\/\/xenonkungen.com\/en\/product\/flash-light-bar-eqbt862r65a\/\" \/>\n<meta property=\"og:locale\" content=\"en_GB\" \/>\n<meta property=\"og:type\" content=\"article\" \/>\n<meta property=\"og:title\" content=\"Blixtljusramp EQBT862R65A - Xenonkungen\" \/>\n<meta property=\"og:description\" content=\"862mm bred Blixtljusramp fr\u00e5n ElectraQuip som \u00e4r R65 godk\u00e4nd!\" \/>\n<meta property=\"og:url\" content=\"https:\/\/xenonkungen.com\/en\/product\/flash-light-bar-eqbt862r65a\/\" \/>\n<meta property=\"og:site_name\" content=\"Xenonkungen\" \/>\n<meta property=\"article:modified_time\" content=\"2026-05-08T12:30:21+00:00\" \/>\n<meta property=\"og:image\" content=\"https:\/\/xenonkungen.com\/wp-content\/uploads\/2025\/04\/190386157-origpic-8c2fc2.jpg\" \/>\n\t<meta property=\"og:image:width\" content=\"800\" \/>\n\t<meta property=\"og:image:height\" content=\"800\" \/>\n\t<meta property=\"og:image:type\" content=\"image\/jpeg\" \/>\n<meta name=\"twitter:card\" content=\"summary_large_image\" \/>\n<meta name=\"twitter:label1\" content=\"Estimated reading time\" \/>\n\t<meta name=\"twitter:data1\" content=\"1 minute\" \/>\n<script type=\"application\/ld+json\" class=\"yoast-schema-graph\">{\"@context\":\"https:\/\/schema.org\",\"@graph\":[{\"@type\":\"WebPage\",\"@id\":\"https:\/\/xenonkungen.com\/produkt\/blixtljusramp-eqbt862r65a\/\",\"url\":\"https:\/\/xenonkungen.com\/produkt\/blixtljusramp-eqbt862r65a\/\",\"name\":\"Blixtljusramp EQBT862R65A - Xenonkungen\",\"isPartOf\":{\"@id\":\"https:\/\/xenonkungen.com\/#website\"},\"primaryImageOfPage\":{\"@id\":\"https:\/\/xenonkungen.com\/produkt\/blixtljusramp-eqbt862r65a\/#primaryimage\"},\"image\":{\"@id\":\"https:\/\/xenonkungen.com\/produkt\/blixtljusramp-eqbt862r65a\/#primaryimage\"},\"thumbnailUrl\":\"https:\/\/xenonkungen.com\/wp-content\/uploads\/2025\/04\/190386157-origpic-8c2fc2.jpg\",\"datePublished\":\"2025-04-15T09:04:34+00:00\",\"dateModified\":\"2026-05-08T12:30:21+00:00\",\"breadcrumb\":{\"@id\":\"https:\/\/xenonkungen.com\/produkt\/blixtljusramp-eqbt862r65a\/#breadcrumb\"},\"inLanguage\":\"en-GB\",\"potentialAction\":[{\"@type\":\"ReadAction\",\"target\":[\"https:\/\/xenonkungen.com\/produkt\/blixtljusramp-eqbt862r65a\/\"]}]},{\"@type\":\"ImageObject\",\"inLanguage\":\"en-GB\",\"@id\":\"https:\/\/xenonkungen.com\/produkt\/blixtljusramp-eqbt862r65a\/#primaryimage\",\"url\":\"https:\/\/xenonkungen.com\/wp-content\/uploads\/2025\/04\/190386157-origpic-8c2fc2.jpg\",\"contentUrl\":\"https:\/\/xenonkungen.com\/wp-content\/uploads\/2025\/04\/190386157-origpic-8c2fc2.jpg\",\"width\":800,\"height\":800},{\"@type\":\"BreadcrumbList\",\"@id\":\"https:\/\/xenonkungen.com\/produkt\/blixtljusramp-eqbt862r65a\/#breadcrumb\",\"itemListElement\":[{\"@type\":\"ListItem\",\"position\":1,\"name\":\"Hem\",\"item\":\"https:\/\/xenonkungen.com\/\"},{\"@type\":\"ListItem\",\"position\":2,\"name\":\"Shop\",\"item\":\"https:\/\/xenonkungen.com\/shop\/\"},{\"@type\":\"ListItem\",\"position\":3,\"name\":\"Blixtljusramp EQBT862R65A\"}]},{\"@type\":\"WebSite\",\"@id\":\"https:\/\/xenonkungen.com\/#website\",\"url\":\"https:\/\/xenonkungen.com\/\",\"name\":\"Xenonkungen\",\"description\":\"\",\"potentialAction\":[{\"@type\":\"SearchAction\",\"target\":{\"@type\":\"EntryPoint\",\"urlTemplate\":\"https:\/\/xenonkungen.com\/?s={search_term_string}\"},\"query-input\":{\"@type\":\"PropertyValueSpecification\",\"valueRequired\":true,\"valueName\":\"search_term_string\"}}],\"inLanguage\":\"en-GB\"}]}<\/script>\n<!-- \/ Yoast SEO plugin. -->","yoast_head_json":{"title":"Flash light bar EQBT862R65A - Xenonkungen","robots":{"index":"index","follow":"follow","max-snippet":"max-snippet:-1","max-image-preview":"max-image-preview:large","max-video-preview":"max-video-preview:-1"},"canonical":"https:\/\/xenonkungen.com\/en\/product\/flash-light-bar-eqbt862r65a\/","og_locale":"en_GB","og_type":"article","og_title":"Blixtljusramp EQBT862R65A - Xenonkungen","og_description":"862mm bred Blixtljusramp fr\u00e5n ElectraQuip som \u00e4r R65 godk\u00e4nd!","og_url":"https:\/\/xenonkungen.com\/en\/product\/flash-light-bar-eqbt862r65a\/","og_site_name":"Xenonkungen","article_modified_time":"2026-05-08T12:30:21+00:00","og_image":[{"width":800,"height":800,"url":"https:\/\/xenonkungen.com\/wp-content\/uploads\/2025\/04\/190386157-origpic-8c2fc2.jpg","type":"image\/jpeg"}],"twitter_card":"summary_large_image","twitter_misc":{"Estimated reading time":"1 minute"},"schema":{"@context":"https:\/\/schema.org","@graph":[{"@type":"WebPage","@id":"https:\/\/xenonkungen.com\/produkt\/blixtljusramp-eqbt862r65a\/","url":"https:\/\/xenonkungen.com\/produkt\/blixtljusramp-eqbt862r65a\/","name":"Flash light bar EQBT862R65A - Xenonkungen","isPartOf":{"@id":"https:\/\/xenonkungen.com\/#website"},"primaryImageOfPage":{"@id":"https:\/\/xenonkungen.com\/produkt\/blixtljusramp-eqbt862r65a\/#primaryimage"},"image":{"@id":"https:\/\/xenonkungen.com\/produkt\/blixtljusramp-eqbt862r65a\/#primaryimage"},"thumbnailUrl":"https:\/\/xenonkungen.com\/wp-content\/uploads\/2025\/04\/190386157-origpic-8c2fc2.jpg","datePublished":"2025-04-15T09:04:34+00:00","dateModified":"2026-05-08T12:30:21+00:00","breadcrumb":{"@id":"https:\/\/xenonkungen.com\/produkt\/blixtljusramp-eqbt862r65a\/#breadcrumb"},"inLanguage":"en-GB","potentialAction":[{"@type":"ReadAction","target":["https:\/\/xenonkungen.com\/produkt\/blixtljusramp-eqbt862r65a\/"]}]},{"@type":"ImageObject","inLanguage":"en-GB","@id":"https:\/\/xenonkungen.com\/produkt\/blixtljusramp-eqbt862r65a\/#primaryimage","url":"https:\/\/xenonkungen.com\/wp-content\/uploads\/2025\/04\/190386157-origpic-8c2fc2.jpg","contentUrl":"https:\/\/xenonkungen.com\/wp-content\/uploads\/2025\/04\/190386157-origpic-8c2fc2.jpg","width":800,"height":800},{"@type":"BreadcrumbList","@id":"https:\/\/xenonkungen.com\/produkt\/blixtljusramp-eqbt862r65a\/#breadcrumb","itemListElement":[{"@type":"ListItem","position":1,"name":"Hem","item":"https:\/\/xenonkungen.com\/"},{"@type":"ListItem","position":2,"name":"Shop","item":"https:\/\/xenonkungen.com\/shop\/"},{"@type":"ListItem","position":3,"name":"Blixtljusramp EQBT862R65A"}]},{"@type":"WebSite","@id":"https:\/\/xenonkungen.com\/#website","url":"https:\/\/xenonkungen.com\/","name":"Xenonkungen","description":"","potentialAction":[{"@type":"SearchAction","target":{"@type":"EntryPoint","urlTemplate":"https:\/\/xenonkungen.com\/?s={search_term_string}"},"query-input":{"@type":"PropertyValueSpecification","valueRequired":true,"valueName":"search_term_string"}}],"inLanguage":"en-GB"}]}},"taxonomy_info":{"product_cat":[{"value":2580,"label":"Blixtljusramp"},{"value":1061,"label":"Varningsljus"}],"pa_fuktskydd-varde-ipxx":[{"value":333,"label":"IP67"}],"pa_godkannande":[{"value":958,"label":"R10, R65"}],"pa_ljusbild":[{"value":1279,"label":"Blixljus"}],"pa_storlek-mm":[{"value":1299,"label":"862 x 206 x 85"}]},"featured_image_src_large":["https:\/\/xenonkungen.com\/wp-content\/uploads\/2025\/04\/190386157-origpic-8c2fc2.jpg",800,800,false],"author_info":[],"comment_info":0,"_links":{"self":[{"href":"https:\/\/xenonkungen.com\/en\/wp-json\/wp\/v2\/product\/3997","targetHints":{"allow":["GET"]}}],"collection":[{"href":"https:\/\/xenonkungen.com\/en\/wp-json\/wp\/v2\/product"}],"about":[{"href":"https:\/\/xenonkungen.com\/en\/wp-json\/wp\/v2\/types\/product"}],"replies":[{"embeddable":true,"href":"https:\/\/xenonkungen.com\/en\/wp-json\/wp\/v2\/comments?post=3997"}],"wp:featuredmedia":[{"embeddable":true,"href":"https:\/\/xenonkungen.com\/en\/wp-json\/wp\/v2\/media\/3998"}],"wp:attachment":[{"href":"https:\/\/xenonkungen.com\/en\/wp-json\/wp\/v2\/media?parent=3997"}],"wp:term":[{"taxonomy":"anvandningsomrade","embeddable":true,"href":"https:\/\/xenonkungen.com\/en\/wp-json\/wp\/v2\/anvandningsomrade?post=3997"},{"taxonomy":"bilmarken","embeddable":true,"href":"https:\/\/xenonkungen.com\/en\/wp-json\/wp\/v2\/bilmarken?post=3997"},{"taxonomy":"product_brand","embeddable":true,"href":"https:\/\/xenonkungen.com\/en\/wp-json\/wp\/v2\/product_brand?post=3997"},{"taxonomy":"product_cat","embeddable":true,"href":"https:\/\/xenonkungen.com\/en\/wp-json\/wp\/v2\/product_cat?post=3997"},{"taxonomy":"product_tag","embeddable":true,"href":"https:\/\/xenonkungen.com\/en\/wp-json\/wp\/v2\/product_tag?post=3997"}],"curies":[{"name":"wp","href":"https:\/\/api.w.org\/{rel}","templated":true}]}}