{"id":4224,"date":"2025-04-15T09:08:12","date_gmt":"2025-04-15T09:08:12","guid":{"rendered":"https:\/\/xenonkungen.com\/product\/pt-lazer-linear-18-elite-med-faste-och-canbus-volvo-highbeam\/"},"modified":"2026-04-11T01:02:09","modified_gmt":"2026-04-11T00:02:09","slug":"pt-lazer-linear-18-elite-with-fixed-and-canbus-volvo-highbeam","status":"publish","type":"product","link":"https:\/\/xenonkungen.com\/en\/product\/pt-lazer-linear-18-elite-with-fixed-and-canbus-volvo-highbeam\/","title":{"rendered":"PT-Lazer Linear 18 Elite with bracket and Canbus Volvo Highbeam"},"content":{"rendered":"<h1>Lazer Linear Series: Premium auxiliary light bars for everyday use<\/h1>\n<p>Linear is Lazer's high quality range of extra light bars for everyday use, available in both Standard and Elite versions. The Linear range combines exceptional light performance with a sleek, slim and aerodynamic design, making these beams both practical and aesthetically pleasing.<\/p>\n<p>The Linear Standard is available in six lengths between 232 and 1282 mm, measuring only 40 mm in height and 62 mm in depth. This sleek design makes it easy to mount the ramp, even in tight spaces, with the included stainless steel brackets.<\/p>\n<p>Each Linear ramp is equipped with an array of high-quality 3W LEDs, protected behind an unbreakable polycarbonate lens. The lens has undergone a special surface treatment to effectively repel snow and dirt that might otherwise impair the light output. This ensures constant and reliable brightness, regardless of weather conditions.<\/p>\n<p>The lightweight aluminium construction of the lamp housing, combined with the slim dimensions, minimises the weight of the ramps. Thanks to their aerodynamic design, the ramps blend seamlessly into the vehicle's profile, whether you choose to mount them on the front or roof of the car.<\/p>\n<p>With Linear Standard, you can count on high-quality lighting for a long time to come. What's more, we offer a 5-year functional warranty on all our Linear series products for extra peace of mind!<\/p>\n<p>All our Linear range products come with a 5-year functional warranty for extra peace of mind!<\/p>","protected":false},"excerpt":{"rendered":"<p>Lazer Linear-serien: Premium extraljusramper f\u00f6r vardagsbruk Linear \u00e4r Lazers h\u00f6gkvalitativa serie med extraljusramper f\u00f6r vardagsbruk, tillg\u00e4ngliga i b\u00e5de Standard och Elite-utf\u00f6rande. Linear-serien kombinerar exceptionell ljusprestanda med en snygg, slimmad och aerodynamisk design, vilket g\u00f6r dessa ramper b\u00e5de praktiska och estetiskt tilltalande. Linear Standard finns i sex l\u00e4ngder mellan 232 och 1282 mm, och m\u00e4ter endast [&hellip;]<\/p>","protected":false},"featured_media":4225,"comment_status":"closed","ping_status":"open","template":"","meta":{"_acf_changed":false,"_smort_price_nok":"10788","_smort_price_dkk":"6853","_smort_price_eur":"918.14","_smort_sale_price_nok":"","_smort_sale_price_dkk":"","_smort_sale_price_eur":"","smort_restorder":"","shipmondo_restorder":"","_kad_blocks_custom_css":"","_kad_blocks_head_custom_js":"","_kad_blocks_body_custom_js":"","_kad_blocks_footer_custom_js":"","smort_custom_pricelist_1":"7734.4","smort_custom_pricelist_2":"7734.4","smort_custom_pricelist_3":"7734.4","smort_custom_pricelist_4":"9668","smort_custom_pricelist_5":"7734.4"},"anvandningsomrade":[],"bilmarken":[],"product_brand":[1124],"product_cat":[2539,2596],"product_tag":[2735],"class_list":{"0":"post-4224","1":"product","2":"type-product","3":"status-publish","4":"has-post-thumbnail","6":"product_brand-lazer","7":"product_cat-ledramper","8":"product_cat-paket","9":"product_tag-lazer","10":"pa_fargtemperatur-5000k","11":"pa_godkannande-ece-r112","12":"pa_led-chips-effekt-w-1334","13":"pa_storlek-mm-232x62x40","14":"pa_stromforbrukning-58a144v","15":"pa_volt-v-multivolt-10-12-16-18-24-28-30-32","17":"first","18":"onbackorder","19":"taxable","20":"shipping-taxable","21":"purchasable","22":"product-type-simple"},"bundled_by":[],"bundle_stock_status":"onbackorder","bundle_stock_quantity":0,"bundle_virtual":false,"bundle_layout":"","bundle_add_to_cart_form_location":"","bundle_editable_in_cart":false,"bundle_sold_individually_context":"","bundle_item_grouping":"","bundle_min_size":"","bundle_max_size":"","bundle_price":[],"bundled_items":[],"bundle_sell_ids":[],"acf":[],"yoast_head":"<!-- This site is optimized with the Yoast SEO plugin v27.0 - https:\/\/yoast.com\/product\/yoast-seo-wordpress\/ -->\n<title>PT-Lazer Linear 18 Elite med f\u00e4ste och Canbus Volvo Highbeam - Xenonkungen<\/title>\n<meta name=\"robots\" content=\"index, follow, max-snippet:-1, max-image-preview:large, max-video-preview:-1\" \/>\n<link rel=\"canonical\" href=\"https:\/\/xenonkungen.com\/en\/product\/pt-lazer-linear-18-elite-with-fixed-and-canbus-volvo-highbeam\/\" \/>\n<meta property=\"og:locale\" content=\"en_GB\" \/>\n<meta property=\"og:type\" content=\"article\" \/>\n<meta property=\"og:title\" content=\"PT-Lazer Linear 18 Elite med f\u00e4ste och Canbus Volvo Highbeam - Xenonkungen\" \/>\n<meta property=\"og:description\" content=\"Lazer Linear-serien: Premium extraljusramper f\u00f6r vardagsbruk Linear \u00e4r Lazers h\u00f6gkvalitativa serie med extraljusramper f\u00f6r vardagsbruk, tillg\u00e4ngliga i b\u00e5de Standard och Elite-utf\u00f6rande. Linear-serien kombinerar exceptionell ljusprestanda med en snygg, slimmad och aerodynamisk design, vilket g\u00f6r dessa ramper b\u00e5de praktiska och estetiskt tilltalande. Linear Standard finns i sex l\u00e4ngder mellan 232 och 1282 mm, och m\u00e4ter endast [&hellip;]\" \/>\n<meta property=\"og:url\" content=\"https:\/\/xenonkungen.com\/en\/product\/pt-lazer-linear-18-elite-with-fixed-and-canbus-volvo-highbeam\/\" \/>\n<meta property=\"og:site_name\" content=\"Xenonkungen\" \/>\n<meta property=\"article:modified_time\" content=\"2026-04-11T00:02:09+00:00\" \/>\n<meta property=\"og:image\" content=\"https:\/\/xenonkungen.com\/wp-content\/uploads\/2025\/04\/1592062_itemimage_mainfront.jpg\" \/>\n\t<meta property=\"og:image:width\" content=\"2048\" \/>\n\t<meta property=\"og:image:height\" content=\"1536\" \/>\n\t<meta property=\"og:image:type\" content=\"image\/jpeg\" \/>\n<meta name=\"twitter:card\" content=\"summary_large_image\" \/>\n<meta name=\"twitter:label1\" content=\"Estimated reading time\" \/>\n\t<meta name=\"twitter:data1\" content=\"1 minute\" \/>\n<script type=\"application\/ld+json\" class=\"yoast-schema-graph\">{\"@context\":\"https:\/\/schema.org\",\"@graph\":[{\"@type\":\"WebPage\",\"@id\":\"https:\/\/xenonkungen.com\/produkt\/pt-lazer-linear-18-elite-med-faste-och-canbus-volvo-highbeam\/\",\"url\":\"https:\/\/xenonkungen.com\/produkt\/pt-lazer-linear-18-elite-med-faste-och-canbus-volvo-highbeam\/\",\"name\":\"PT-Lazer Linear 18 Elite med f\u00e4ste och Canbus Volvo Highbeam - Xenonkungen\",\"isPartOf\":{\"@id\":\"https:\/\/xenonkungen.com\/#website\"},\"primaryImageOfPage\":{\"@id\":\"https:\/\/xenonkungen.com\/produkt\/pt-lazer-linear-18-elite-med-faste-och-canbus-volvo-highbeam\/#primaryimage\"},\"image\":{\"@id\":\"https:\/\/xenonkungen.com\/produkt\/pt-lazer-linear-18-elite-med-faste-och-canbus-volvo-highbeam\/#primaryimage\"},\"thumbnailUrl\":\"https:\/\/xenonkungen.com\/wp-content\/uploads\/2025\/04\/1592062_itemimage_mainfront.jpg\",\"datePublished\":\"2025-04-15T09:08:12+00:00\",\"dateModified\":\"2026-04-11T00:02:09+00:00\",\"breadcrumb\":{\"@id\":\"https:\/\/xenonkungen.com\/produkt\/pt-lazer-linear-18-elite-med-faste-och-canbus-volvo-highbeam\/#breadcrumb\"},\"inLanguage\":\"en-GB\",\"potentialAction\":[{\"@type\":\"ReadAction\",\"target\":[\"https:\/\/xenonkungen.com\/produkt\/pt-lazer-linear-18-elite-med-faste-och-canbus-volvo-highbeam\/\"]}]},{\"@type\":\"ImageObject\",\"inLanguage\":\"en-GB\",\"@id\":\"https:\/\/xenonkungen.com\/produkt\/pt-lazer-linear-18-elite-med-faste-och-canbus-volvo-highbeam\/#primaryimage\",\"url\":\"https:\/\/xenonkungen.com\/wp-content\/uploads\/2025\/04\/1592062_itemimage_mainfront.jpg\",\"contentUrl\":\"https:\/\/xenonkungen.com\/wp-content\/uploads\/2025\/04\/1592062_itemimage_mainfront.jpg\",\"width\":2048,\"height\":1536},{\"@type\":\"BreadcrumbList\",\"@id\":\"https:\/\/xenonkungen.com\/produkt\/pt-lazer-linear-18-elite-med-faste-och-canbus-volvo-highbeam\/#breadcrumb\",\"itemListElement\":[{\"@type\":\"ListItem\",\"position\":1,\"name\":\"Hem\",\"item\":\"https:\/\/xenonkungen.com\/\"},{\"@type\":\"ListItem\",\"position\":2,\"name\":\"Shop\",\"item\":\"https:\/\/xenonkungen.com\/shop\/\"},{\"@type\":\"ListItem\",\"position\":3,\"name\":\"PT-Lazer Linear 18 Elite med f\u00e4ste och Canbus Volvo Highbeam\"}]},{\"@type\":\"WebSite\",\"@id\":\"https:\/\/xenonkungen.com\/#website\",\"url\":\"https:\/\/xenonkungen.com\/\",\"name\":\"Xenonkungen\",\"description\":\"\",\"potentialAction\":[{\"@type\":\"SearchAction\",\"target\":{\"@type\":\"EntryPoint\",\"urlTemplate\":\"https:\/\/xenonkungen.com\/?s={search_term_string}\"},\"query-input\":{\"@type\":\"PropertyValueSpecification\",\"valueRequired\":true,\"valueName\":\"search_term_string\"}}],\"inLanguage\":\"en-GB\"}]}<\/script>\n<!-- \/ Yoast SEO plugin. -->","yoast_head_json":{"title":"PT-Lazer Linear 18 Elite with bracket and Canbus Volvo Highbeam - Xenonkungen","robots":{"index":"index","follow":"follow","max-snippet":"max-snippet:-1","max-image-preview":"max-image-preview:large","max-video-preview":"max-video-preview:-1"},"canonical":"https:\/\/xenonkungen.com\/en\/product\/pt-lazer-linear-18-elite-with-fixed-and-canbus-volvo-highbeam\/","og_locale":"en_GB","og_type":"article","og_title":"PT-Lazer Linear 18 Elite med f\u00e4ste och Canbus Volvo Highbeam - Xenonkungen","og_description":"Lazer Linear-serien: Premium extraljusramper f\u00f6r vardagsbruk Linear \u00e4r Lazers h\u00f6gkvalitativa serie med extraljusramper f\u00f6r vardagsbruk, tillg\u00e4ngliga i b\u00e5de Standard och Elite-utf\u00f6rande. Linear-serien kombinerar exceptionell ljusprestanda med en snygg, slimmad och aerodynamisk design, vilket g\u00f6r dessa ramper b\u00e5de praktiska och estetiskt tilltalande. Linear Standard finns i sex l\u00e4ngder mellan 232 och 1282 mm, och m\u00e4ter endast [&hellip;]","og_url":"https:\/\/xenonkungen.com\/en\/product\/pt-lazer-linear-18-elite-with-fixed-and-canbus-volvo-highbeam\/","og_site_name":"Xenonkungen","article_modified_time":"2026-04-11T00:02:09+00:00","og_image":[{"width":2048,"height":1536,"url":"https:\/\/xenonkungen.com\/wp-content\/uploads\/2025\/04\/1592062_itemimage_mainfront.jpg","type":"image\/jpeg"}],"twitter_card":"summary_large_image","twitter_misc":{"Estimated reading time":"1 minute"},"schema":{"@context":"https:\/\/schema.org","@graph":[{"@type":"WebPage","@id":"https:\/\/xenonkungen.com\/produkt\/pt-lazer-linear-18-elite-med-faste-och-canbus-volvo-highbeam\/","url":"https:\/\/xenonkungen.com\/produkt\/pt-lazer-linear-18-elite-med-faste-och-canbus-volvo-highbeam\/","name":"PT-Lazer Linear 18 Elite with bracket and Canbus Volvo Highbeam - Xenonkungen","isPartOf":{"@id":"https:\/\/xenonkungen.com\/#website"},"primaryImageOfPage":{"@id":"https:\/\/xenonkungen.com\/produkt\/pt-lazer-linear-18-elite-med-faste-och-canbus-volvo-highbeam\/#primaryimage"},"image":{"@id":"https:\/\/xenonkungen.com\/produkt\/pt-lazer-linear-18-elite-med-faste-och-canbus-volvo-highbeam\/#primaryimage"},"thumbnailUrl":"https:\/\/xenonkungen.com\/wp-content\/uploads\/2025\/04\/1592062_itemimage_mainfront.jpg","datePublished":"2025-04-15T09:08:12+00:00","dateModified":"2026-04-11T00:02:09+00:00","breadcrumb":{"@id":"https:\/\/xenonkungen.com\/produkt\/pt-lazer-linear-18-elite-med-faste-och-canbus-volvo-highbeam\/#breadcrumb"},"inLanguage":"en-GB","potentialAction":[{"@type":"ReadAction","target":["https:\/\/xenonkungen.com\/produkt\/pt-lazer-linear-18-elite-med-faste-och-canbus-volvo-highbeam\/"]}]},{"@type":"ImageObject","inLanguage":"en-GB","@id":"https:\/\/xenonkungen.com\/produkt\/pt-lazer-linear-18-elite-med-faste-och-canbus-volvo-highbeam\/#primaryimage","url":"https:\/\/xenonkungen.com\/wp-content\/uploads\/2025\/04\/1592062_itemimage_mainfront.jpg","contentUrl":"https:\/\/xenonkungen.com\/wp-content\/uploads\/2025\/04\/1592062_itemimage_mainfront.jpg","width":2048,"height":1536},{"@type":"BreadcrumbList","@id":"https:\/\/xenonkungen.com\/produkt\/pt-lazer-linear-18-elite-med-faste-och-canbus-volvo-highbeam\/#breadcrumb","itemListElement":[{"@type":"ListItem","position":1,"name":"Hem","item":"https:\/\/xenonkungen.com\/"},{"@type":"ListItem","position":2,"name":"Shop","item":"https:\/\/xenonkungen.com\/shop\/"},{"@type":"ListItem","position":3,"name":"PT-Lazer Linear 18 Elite med f\u00e4ste och Canbus Volvo Highbeam"}]},{"@type":"WebSite","@id":"https:\/\/xenonkungen.com\/#website","url":"https:\/\/xenonkungen.com\/","name":"Xenonkungen","description":"","potentialAction":[{"@type":"SearchAction","target":{"@type":"EntryPoint","urlTemplate":"https:\/\/xenonkungen.com\/?s={search_term_string}"},"query-input":{"@type":"PropertyValueSpecification","valueRequired":true,"valueName":"search_term_string"}}],"inLanguage":"en-GB"}]}},"taxonomy_info":{"product_brand":[{"value":1124,"label":"Lazer"}],"product_cat":[{"value":2539,"label":"LEDRAMPER"},{"value":2596,"label":"Paket"}],"product_tag":[{"value":2735,"label":"Lazer"}],"pa_fargtemperatur":[{"value":154,"label":"5000K"}],"pa_godkannande":[{"value":1123,"label":"ECE, R112"}],"pa_led-chips-effekt-w":[{"value":1334,"label":"84"}],"pa_storlek-mm":[{"value":1129,"label":"232x62x40"}],"pa_stromforbrukning":[{"value":1335,"label":"5,8A@14,4V"}],"pa_volt-v":[{"value":1084,"label":"Multivolt, 10, 12, 16, 18, 24, 28, 30, 32"}]},"featured_image_src_large":["https:\/\/xenonkungen.com\/wp-content\/uploads\/2025\/04\/1592062_itemimage_mainfront-1024x768.jpg",1024,768,true],"author_info":[],"comment_info":0,"_links":{"self":[{"href":"https:\/\/xenonkungen.com\/en\/wp-json\/wp\/v2\/product\/4224","targetHints":{"allow":["GET"]}}],"collection":[{"href":"https:\/\/xenonkungen.com\/en\/wp-json\/wp\/v2\/product"}],"about":[{"href":"https:\/\/xenonkungen.com\/en\/wp-json\/wp\/v2\/types\/product"}],"replies":[{"embeddable":true,"href":"https:\/\/xenonkungen.com\/en\/wp-json\/wp\/v2\/comments?post=4224"}],"wp:featuredmedia":[{"embeddable":true,"href":"https:\/\/xenonkungen.com\/en\/wp-json\/wp\/v2\/media\/4225"}],"wp:attachment":[{"href":"https:\/\/xenonkungen.com\/en\/wp-json\/wp\/v2\/media?parent=4224"}],"wp:term":[{"taxonomy":"anvandningsomrade","embeddable":true,"href":"https:\/\/xenonkungen.com\/en\/wp-json\/wp\/v2\/anvandningsomrade?post=4224"},{"taxonomy":"bilmarken","embeddable":true,"href":"https:\/\/xenonkungen.com\/en\/wp-json\/wp\/v2\/bilmarken?post=4224"},{"taxonomy":"product_brand","embeddable":true,"href":"https:\/\/xenonkungen.com\/en\/wp-json\/wp\/v2\/product_brand?post=4224"},{"taxonomy":"product_cat","embeddable":true,"href":"https:\/\/xenonkungen.com\/en\/wp-json\/wp\/v2\/product_cat?post=4224"},{"taxonomy":"product_tag","embeddable":true,"href":"https:\/\/xenonkungen.com\/en\/wp-json\/wp\/v2\/product_tag?post=4224"}],"curies":[{"name":"wp","href":"https:\/\/api.w.org\/{rel}","templated":true}]}}