{"id":4268,"date":"2025-04-15T09:09:11","date_gmt":"2025-04-15T09:09:11","guid":{"rendered":"https:\/\/xenonkungen.com\/product\/lazer-triple-r-1000-std-led-vit-extraljusramp-16-410-mm\/"},"modified":"2026-04-24T17:24:23","modified_gmt":"2026-04-24T16:24:23","slug":"lazer-triple-r-1000-std-led-white-extra-light-ramp-16-410-mm","status":"publish","type":"product","link":"https:\/\/xenonkungen.com\/en\/product\/lazer-triple-r-1000-std-led-white-extra-light-ramp-16-410-mm\/","title":{"rendered":"Lazer Triple-R 1000 Std LED white extra light bar 16? (410 mm)"},"content":{"rendered":"<h2>Triple-R 1000 - Extreme performance with top-of-the-range warning and position lights<\/h2>\n<p>Experience the power, quality and professional feel of <strong>Triple-R 1000<\/strong> - a high-performance auxiliary lightbar from <strong>Lazer<\/strong>, developed with the uncompromising demands of motorsport in mind. With its compact size of 410 mm in width, and a deep but slim profile, it fits perfectly on the roof, grill or bumper.<\/p>\n<p>This model combines <strong>R65-approved warning light<\/strong>, <strong>position light in white or orange<\/strong>, and <strong>outstanding high beam performance<\/strong> - all in a single, stylish and robust lamp housing available in both black and white.<\/p>\n<h3>E-Boost - Full brightness when you need it<\/h3>\n<p>With a simple flick of the wrist you activate <strong>E-boost functions<\/strong> and get the full <strong>9240 lumens<\/strong> - perfect for dark country roads, forest driving or work areas where you need maximum light. Then, when driving on public roads, you can easily switch to <strong>E-authorised mode<\/strong> that still delivers bright, focused lighting with a perfect light pattern.<\/p>\n<h3>Integrated warning light<\/h3>\n<p>Triple-R 1000 now comes with <strong>built-in R65-approved flash light<\/strong>making it ideal for emergency services, transport vehicles and commercial traffic where visibility is crucial.<\/p>\n<h3>Designed for the real world<\/h3>\n<ul>\n<li>Position light in white or orange<\/li>\n<li>Choose between black or white lamp housing<\/li>\n<li>Low vertical light scatter - ideal for ceiling mounting without glare from the bonnet<\/li>\n<li>Optimised LED optics for maximum range and clarity<\/li>\n<li>Ideal for lorry, pickup, SUV or work vehicle<\/li>\n<\/ul>\n<p><strong>Triple-R 1000<\/strong> is not just an auxiliary light - it's an investment in safety, performance and style. Whether you're driving on the road, motorway or off-road, it gives you the light and visibility you need - when you need it most.<\/p>","protected":false},"excerpt":{"rendered":"<p>Triple-R 1000 \u2013 Extrem prestanda med varningsljus och positionsljus i toppklass Upplev kraften, kvaliteten och den professionella k\u00e4nslan hos Triple-R 1000 \u2013 en h\u00f6gpresterande extraljusramp fr\u00e5n Lazer, utvecklad med motorsportens kompromissl\u00f6sa krav i ryggen. Med sin kompakta storlek p\u00e5 410 mm i bredd, och en djup men slimmad profil, passar den perfekt b\u00e5de p\u00e5 tak, [&hellip;]<\/p>","protected":false},"featured_media":4269,"comment_status":"closed","ping_status":"open","template":"","meta":{"_acf_changed":false,"_smort_price_nok":"8214","_smort_price_dkk":"5218","_smort_price_eur":"699.06","_smort_sale_price_nok":"","_smort_sale_price_dkk":"","_smort_sale_price_eur":"","smort_restorder":"","shipmondo_restorder":"","_kad_blocks_custom_css":"","_kad_blocks_head_custom_js":"","_kad_blocks_body_custom_js":"","_kad_blocks_footer_custom_js":"","smort_custom_pricelist_1":"5081.6","smort_custom_pricelist_2":"5081.6","smort_custom_pricelist_3":"5081.6","smort_custom_pricelist_4":"6352","smort_custom_pricelist_5":"5081.6"},"anvandningsomrade":[],"bilmarken":[],"product_brand":[1124],"product_cat":[2561,2966,2539],"product_tag":[2735],"class_list":{"0":"post-4268","1":"product","2":"type-product","3":"status-publish","4":"has-post-thumbnail","6":"product_brand-lazer","7":"product_cat-lazer","8":"product_cat-ledramp-rak","9":"product_cat-ledramper","10":"product_tag-lazer","11":"pa_fargtemperatur-5000k","12":"pa_fuktskydd-varde-ipxx-ip67","13":"pa_godkannande-ece-r10-r112","14":"pa_lampsockel-kontakt-superseal","15":"pa_led-chips-effekt-w-1100","16":"pa_ljusbild-spot","17":"pa_storlek-mm-410x73x105","18":"pa_stromforbrukning-61a144v","19":"pa_volt-v-multivolt-9-12-16-18-24-28-30-32","21":"first","22":"onbackorder","23":"taxable","24":"shipping-taxable","25":"purchasable","26":"product-type-simple"},"bundled_by":[],"bundle_stock_status":"onbackorder","bundle_stock_quantity":0,"bundle_virtual":false,"bundle_layout":"","bundle_add_to_cart_form_location":"","bundle_editable_in_cart":false,"bundle_sold_individually_context":"","bundle_item_grouping":"","bundle_min_size":"","bundle_max_size":"","bundle_price":[],"bundled_items":[],"bundle_sell_ids":[],"acf":[],"yoast_head":"<!-- This site is optimized with the Yoast SEO plugin v27.0 - https:\/\/yoast.com\/product\/yoast-seo-wordpress\/ -->\n<title>Lazer Triple-R 1000 Std LED vit extraljusramp 16? (410 mm) - Xenonkungen<\/title>\n<meta name=\"robots\" content=\"index, follow, max-snippet:-1, max-image-preview:large, max-video-preview:-1\" \/>\n<link rel=\"canonical\" href=\"https:\/\/xenonkungen.com\/en\/product\/lazer-triple-r-1000-std-led-white-extra-light-ramp-16-410-mm\/\" \/>\n<meta property=\"og:locale\" content=\"en_GB\" \/>\n<meta property=\"og:type\" content=\"article\" \/>\n<meta property=\"og:title\" content=\"Lazer Triple-R 1000 Std LED vit extraljusramp 16? (410 mm) - Xenonkungen\" \/>\n<meta property=\"og:description\" content=\"Triple-R 1000 \u2013 Extrem prestanda med varningsljus och positionsljus i toppklass Upplev kraften, kvaliteten och den professionella k\u00e4nslan hos Triple-R 1000 \u2013 en h\u00f6gpresterande extraljusramp fr\u00e5n Lazer, utvecklad med motorsportens kompromissl\u00f6sa krav i ryggen. Med sin kompakta storlek p\u00e5 410 mm i bredd, och en djup men slimmad profil, passar den perfekt b\u00e5de p\u00e5 tak, [&hellip;]\" \/>\n<meta property=\"og:url\" content=\"https:\/\/xenonkungen.com\/en\/product\/lazer-triple-r-1000-std-led-white-extra-light-ramp-16-410-mm\/\" \/>\n<meta property=\"og:site_name\" content=\"Xenonkungen\" \/>\n<meta property=\"article:modified_time\" content=\"2026-04-24T16:24:23+00:00\" \/>\n<meta property=\"og:image\" content=\"https:\/\/xenonkungen.com\/wp-content\/uploads\/2025\/04\/159237_itemimage_mainfront.jpg\" \/>\n\t<meta property=\"og:image:width\" content=\"2048\" \/>\n\t<meta property=\"og:image:height\" content=\"1536\" \/>\n\t<meta property=\"og:image:type\" content=\"image\/jpeg\" \/>\n<meta name=\"twitter:card\" content=\"summary_large_image\" \/>\n<meta name=\"twitter:label1\" content=\"Estimated reading time\" \/>\n\t<meta name=\"twitter:data1\" content=\"1 minute\" \/>\n<script type=\"application\/ld+json\" class=\"yoast-schema-graph\">{\"@context\":\"https:\/\/schema.org\",\"@graph\":[{\"@type\":\"WebPage\",\"@id\":\"https:\/\/xenonkungen.com\/produkt\/lazer-triple-r-1000-std-led-vit-extraljusramp-16-410-mm\/\",\"url\":\"https:\/\/xenonkungen.com\/produkt\/lazer-triple-r-1000-std-led-vit-extraljusramp-16-410-mm\/\",\"name\":\"Lazer Triple-R 1000 Std LED vit extraljusramp 16? (410 mm) - Xenonkungen\",\"isPartOf\":{\"@id\":\"https:\/\/xenonkungen.com\/#website\"},\"primaryImageOfPage\":{\"@id\":\"https:\/\/xenonkungen.com\/produkt\/lazer-triple-r-1000-std-led-vit-extraljusramp-16-410-mm\/#primaryimage\"},\"image\":{\"@id\":\"https:\/\/xenonkungen.com\/produkt\/lazer-triple-r-1000-std-led-vit-extraljusramp-16-410-mm\/#primaryimage\"},\"thumbnailUrl\":\"https:\/\/xenonkungen.com\/wp-content\/uploads\/2025\/04\/159237_itemimage_mainfront.jpg\",\"datePublished\":\"2025-04-15T09:09:11+00:00\",\"dateModified\":\"2026-04-24T16:24:23+00:00\",\"breadcrumb\":{\"@id\":\"https:\/\/xenonkungen.com\/produkt\/lazer-triple-r-1000-std-led-vit-extraljusramp-16-410-mm\/#breadcrumb\"},\"inLanguage\":\"en-GB\",\"potentialAction\":[{\"@type\":\"ReadAction\",\"target\":[\"https:\/\/xenonkungen.com\/produkt\/lazer-triple-r-1000-std-led-vit-extraljusramp-16-410-mm\/\"]}]},{\"@type\":\"ImageObject\",\"inLanguage\":\"en-GB\",\"@id\":\"https:\/\/xenonkungen.com\/produkt\/lazer-triple-r-1000-std-led-vit-extraljusramp-16-410-mm\/#primaryimage\",\"url\":\"https:\/\/xenonkungen.com\/wp-content\/uploads\/2025\/04\/159237_itemimage_mainfront.jpg\",\"contentUrl\":\"https:\/\/xenonkungen.com\/wp-content\/uploads\/2025\/04\/159237_itemimage_mainfront.jpg\",\"width\":2048,\"height\":1536},{\"@type\":\"BreadcrumbList\",\"@id\":\"https:\/\/xenonkungen.com\/produkt\/lazer-triple-r-1000-std-led-vit-extraljusramp-16-410-mm\/#breadcrumb\",\"itemListElement\":[{\"@type\":\"ListItem\",\"position\":1,\"name\":\"Hem\",\"item\":\"https:\/\/xenonkungen.com\/\"},{\"@type\":\"ListItem\",\"position\":2,\"name\":\"Shop\",\"item\":\"https:\/\/xenonkungen.com\/shop\/\"},{\"@type\":\"ListItem\",\"position\":3,\"name\":\"Lazer Triple-R 1000 Std LED vit extraljusramp 16? (410 mm)\"}]},{\"@type\":\"WebSite\",\"@id\":\"https:\/\/xenonkungen.com\/#website\",\"url\":\"https:\/\/xenonkungen.com\/\",\"name\":\"Xenonkungen\",\"description\":\"\",\"potentialAction\":[{\"@type\":\"SearchAction\",\"target\":{\"@type\":\"EntryPoint\",\"urlTemplate\":\"https:\/\/xenonkungen.com\/?s={search_term_string}\"},\"query-input\":{\"@type\":\"PropertyValueSpecification\",\"valueRequired\":true,\"valueName\":\"search_term_string\"}}],\"inLanguage\":\"en-GB\"}]}<\/script>\n<!-- \/ Yoast SEO plugin. -->","yoast_head_json":{"title":"Lazer Triple-R 1000 Std LED white extra light ramp 16? (410 mm) - The Xenon King","robots":{"index":"index","follow":"follow","max-snippet":"max-snippet:-1","max-image-preview":"max-image-preview:large","max-video-preview":"max-video-preview:-1"},"canonical":"https:\/\/xenonkungen.com\/en\/product\/lazer-triple-r-1000-std-led-white-extra-light-ramp-16-410-mm\/","og_locale":"en_GB","og_type":"article","og_title":"Lazer Triple-R 1000 Std LED vit extraljusramp 16? (410 mm) - Xenonkungen","og_description":"Triple-R 1000 \u2013 Extrem prestanda med varningsljus och positionsljus i toppklass Upplev kraften, kvaliteten och den professionella k\u00e4nslan hos Triple-R 1000 \u2013 en h\u00f6gpresterande extraljusramp fr\u00e5n Lazer, utvecklad med motorsportens kompromissl\u00f6sa krav i ryggen. Med sin kompakta storlek p\u00e5 410 mm i bredd, och en djup men slimmad profil, passar den perfekt b\u00e5de p\u00e5 tak, [&hellip;]","og_url":"https:\/\/xenonkungen.com\/en\/product\/lazer-triple-r-1000-std-led-white-extra-light-ramp-16-410-mm\/","og_site_name":"Xenonkungen","article_modified_time":"2026-04-24T16:24:23+00:00","og_image":[{"width":2048,"height":1536,"url":"https:\/\/xenonkungen.com\/wp-content\/uploads\/2025\/04\/159237_itemimage_mainfront.jpg","type":"image\/jpeg"}],"twitter_card":"summary_large_image","twitter_misc":{"Estimated reading time":"1 minute"},"schema":{"@context":"https:\/\/schema.org","@graph":[{"@type":"WebPage","@id":"https:\/\/xenonkungen.com\/produkt\/lazer-triple-r-1000-std-led-vit-extraljusramp-16-410-mm\/","url":"https:\/\/xenonkungen.com\/produkt\/lazer-triple-r-1000-std-led-vit-extraljusramp-16-410-mm\/","name":"Lazer Triple-R 1000 Std LED white extra light ramp 16? (410 mm) - The Xenon King","isPartOf":{"@id":"https:\/\/xenonkungen.com\/#website"},"primaryImageOfPage":{"@id":"https:\/\/xenonkungen.com\/produkt\/lazer-triple-r-1000-std-led-vit-extraljusramp-16-410-mm\/#primaryimage"},"image":{"@id":"https:\/\/xenonkungen.com\/produkt\/lazer-triple-r-1000-std-led-vit-extraljusramp-16-410-mm\/#primaryimage"},"thumbnailUrl":"https:\/\/xenonkungen.com\/wp-content\/uploads\/2025\/04\/159237_itemimage_mainfront.jpg","datePublished":"2025-04-15T09:09:11+00:00","dateModified":"2026-04-24T16:24:23+00:00","breadcrumb":{"@id":"https:\/\/xenonkungen.com\/produkt\/lazer-triple-r-1000-std-led-vit-extraljusramp-16-410-mm\/#breadcrumb"},"inLanguage":"en-GB","potentialAction":[{"@type":"ReadAction","target":["https:\/\/xenonkungen.com\/produkt\/lazer-triple-r-1000-std-led-vit-extraljusramp-16-410-mm\/"]}]},{"@type":"ImageObject","inLanguage":"en-GB","@id":"https:\/\/xenonkungen.com\/produkt\/lazer-triple-r-1000-std-led-vit-extraljusramp-16-410-mm\/#primaryimage","url":"https:\/\/xenonkungen.com\/wp-content\/uploads\/2025\/04\/159237_itemimage_mainfront.jpg","contentUrl":"https:\/\/xenonkungen.com\/wp-content\/uploads\/2025\/04\/159237_itemimage_mainfront.jpg","width":2048,"height":1536},{"@type":"BreadcrumbList","@id":"https:\/\/xenonkungen.com\/produkt\/lazer-triple-r-1000-std-led-vit-extraljusramp-16-410-mm\/#breadcrumb","itemListElement":[{"@type":"ListItem","position":1,"name":"Hem","item":"https:\/\/xenonkungen.com\/"},{"@type":"ListItem","position":2,"name":"Shop","item":"https:\/\/xenonkungen.com\/shop\/"},{"@type":"ListItem","position":3,"name":"Lazer Triple-R 1000 Std LED vit extraljusramp 16? (410 mm)"}]},{"@type":"WebSite","@id":"https:\/\/xenonkungen.com\/#website","url":"https:\/\/xenonkungen.com\/","name":"Xenonkungen","description":"","potentialAction":[{"@type":"SearchAction","target":{"@type":"EntryPoint","urlTemplate":"https:\/\/xenonkungen.com\/?s={search_term_string}"},"query-input":{"@type":"PropertyValueSpecification","valueRequired":true,"valueName":"search_term_string"}}],"inLanguage":"en-GB"}]}},"taxonomy_info":{"product_brand":[{"value":1124,"label":"Lazer"}],"product_cat":[{"value":2561,"label":"Lazer"},{"value":2966,"label":"Ledramp Rak"},{"value":2539,"label":"LEDRAMPER"}],"product_tag":[{"value":2735,"label":"Lazer"}],"pa_fargtemperatur":[{"value":154,"label":"5000K"}],"pa_fuktskydd-varde-ipxx":[{"value":333,"label":"IP67"}],"pa_godkannande":[{"value":1351,"label":"ECE, R10, R112"}],"pa_lampsockel-kontakt":[{"value":1122,"label":"Superseal"}],"pa_led-chips-effekt-w":[{"value":1100,"label":"88"}],"pa_ljusbild":[{"value":1177,"label":"Spot"}],"pa_storlek-mm":[{"value":1348,"label":"410x73x105"}],"pa_stromforbrukning":[{"value":1349,"label":"6,1A@14,4V"}],"pa_volt-v":[{"value":521,"label":"Multivolt, 9, 12, 16, 18, 24, 28, 30, 32"}]},"featured_image_src_large":["https:\/\/xenonkungen.com\/wp-content\/uploads\/2025\/04\/159237_itemimage_mainfront-1024x768.jpg",1024,768,true],"author_info":[],"comment_info":0,"_links":{"self":[{"href":"https:\/\/xenonkungen.com\/en\/wp-json\/wp\/v2\/product\/4268","targetHints":{"allow":["GET"]}}],"collection":[{"href":"https:\/\/xenonkungen.com\/en\/wp-json\/wp\/v2\/product"}],"about":[{"href":"https:\/\/xenonkungen.com\/en\/wp-json\/wp\/v2\/types\/product"}],"replies":[{"embeddable":true,"href":"https:\/\/xenonkungen.com\/en\/wp-json\/wp\/v2\/comments?post=4268"}],"wp:featuredmedia":[{"embeddable":true,"href":"https:\/\/xenonkungen.com\/en\/wp-json\/wp\/v2\/media\/4269"}],"wp:attachment":[{"href":"https:\/\/xenonkungen.com\/en\/wp-json\/wp\/v2\/media?parent=4268"}],"wp:term":[{"taxonomy":"anvandningsomrade","embeddable":true,"href":"https:\/\/xenonkungen.com\/en\/wp-json\/wp\/v2\/anvandningsomrade?post=4268"},{"taxonomy":"bilmarken","embeddable":true,"href":"https:\/\/xenonkungen.com\/en\/wp-json\/wp\/v2\/bilmarken?post=4268"},{"taxonomy":"product_brand","embeddable":true,"href":"https:\/\/xenonkungen.com\/en\/wp-json\/wp\/v2\/product_brand?post=4268"},{"taxonomy":"product_cat","embeddable":true,"href":"https:\/\/xenonkungen.com\/en\/wp-json\/wp\/v2\/product_cat?post=4268"},{"taxonomy":"product_tag","embeddable":true,"href":"https:\/\/xenonkungen.com\/en\/wp-json\/wp\/v2\/product_tag?post=4268"}],"curies":[{"name":"wp","href":"https:\/\/api.w.org\/{rel}","templated":true}]}}