{"id":4297,"date":"2025-04-15T09:09:53","date_gmt":"2025-04-15T09:09:53","guid":{"rendered":"https:\/\/xenonkungen.com\/product\/lazer-triple-r-24-elite-extraljusramp-44-1125mm\/"},"modified":"2026-04-24T17:24:29","modified_gmt":"2026-04-24T16:24:29","slug":"lazer-triple-r-24-elite-extra-light-ramp-44-1125mm","status":"publish","type":"product","link":"https:\/\/xenonkungen.com\/en\/product\/lazer-triple-r-24-elite-extra-light-ramp-44-1125mm\/","title":{"rendered":"Lazer Triple-R 24 Elite extra light ramp 44\u2033 (1125mm)"},"content":{"rendered":"<h2>Lazers Triple-R Elite - The professional light for all vehicles<\/h2>\n<p><strong>Designed for motorsport - loved by those who demand the best.<\/strong><\/p>\n<p><strong>Triple-R Elite series<\/strong> from Lazer is the result of advanced engineering and experience gained on the world's most demanding rally and racing tracks. But its exceptional performance has also made the range a <strong>favourite of car enthusiasts, professional drivers and off-roaders<\/strong> around the world.<\/p>\n<h3>Maximum performance - whatever the road conditions<\/h3>\n<p>Med <strong>the latest LED technology<\/strong> and specially optimised reflector optics, Triple-R Elite delivers a <strong>unbeatable combination of brightness, throw length and width<\/strong>. Compared to the standard Triple-R models, you get <strong>even brighter light and longer range<\/strong> - perfect when every metre in the dark counts.<\/p>\n<h3>Designed for optimal mounting<\/h3>\n<p>Thanks to a <strong>narrow vertical light distribution<\/strong> Triple-R Elite is ideal for <strong>ceiling mounting<\/strong>, without glare from bonnet reflections. At the same time, the wide horizontal light pattern <strong>full view of the road<\/strong> - both near and far.<\/p>\n<h3>E-Boost - Light in a class of its own<\/h3>\n<p>The shorter models <strong>Triple-R Elite 750, 850 and 1000<\/strong> - are equipped with <strong>E-Boost function<\/strong>. Activate the function for <strong>maximum brightness<\/strong> off-road or professional driving, and easily switch to the <strong>e-authorised and legal mode<\/strong> when driving on public roads. Flexible, safe and always with great effect.<\/p>\n<h3>Sizes for all needs<\/h3>\n<p>The Triple-R Elite range is available in <strong>six different lengths<\/strong> - from a compact 230 mm to a powerful 1305 mm - all with the same high-quality, slimline height of only <strong>73 mm<\/strong> and a depth of <strong>105 mm<\/strong>.<\/p>\n<h3>Why choose Lazer Triple-R Elite?<\/h3>\n<ul>\n<li>Professional performance - straight from motorsport<\/li>\n<li>Exceptional throw length and light pattern with width<\/li>\n<li>E-Boost for off-road and e-approved function for road<\/li>\n<li>Ideal for cars, vans and heavy goods vehicles<\/li>\n<li>Robust and reliable construction - built to last<\/li>\n<\/ul>\n<p><strong>Whether you're driving a night-time rally route, working in the woods or just want the best possible light on your way to the mountains, the Triple-R Elite delivers.<\/strong><\/p>","protected":false},"excerpt":{"rendered":"<p>Lazers Triple-R Elite \u2013 Proffsljuset f\u00f6r alla fordon Utvecklad f\u00f6r motorsport \u2013 \u00e4lskad av alla som kr\u00e4ver det b\u00e4sta. Triple-R Elite-serien fr\u00e5n Lazer \u00e4r resultatet av avancerad ingenj\u00f6rskonst och erfarenhet fr\u00e5n v\u00e4rldens mest kr\u00e4vande rally- och racingbanor. Men dess exceptionella prestanda har ocks\u00e5 gjort serien till en favorit bland bilentusiaster, yrkeschauff\u00f6rer och offroad-\u00e5kare v\u00e4rlden \u00f6ver. [&hellip;]<\/p>","protected":false},"featured_media":4298,"comment_status":"closed","ping_status":"open","template":"","meta":{"_acf_changed":false,"_smort_price_nok":"15488","_smort_price_dkk":"9839","_smort_price_eur":"1318.12","_smort_sale_price_nok":"","_smort_sale_price_dkk":"","_smort_sale_price_eur":"","smort_restorder":"","shipmondo_restorder":"","_kad_blocks_custom_css":"","_kad_blocks_head_custom_js":"","_kad_blocks_body_custom_js":"","_kad_blocks_footer_custom_js":"","smort_custom_pricelist_1":"9721.6","smort_custom_pricelist_2":"9721.6","smort_custom_pricelist_3":"9721.6","smort_custom_pricelist_4":"12152","smort_custom_pricelist_5":"9721.6"},"anvandningsomrade":[],"bilmarken":[],"product_brand":[1124],"product_cat":[2561,2966,2539],"product_tag":[2735],"class_list":{"0":"post-4297","1":"product","2":"type-product","3":"status-publish","4":"has-post-thumbnail","6":"product_brand-lazer","7":"product_cat-lazer","8":"product_cat-ledramp-rak","9":"product_cat-ledramper","10":"product_tag-lazer","11":"pa_fargtemperatur-5000k","12":"pa_fuktskydd-varde-ipxx-ip67","13":"pa_lampsockel-kontakt-superseal","14":"pa_led-chips-effekt-w-1362","15":"pa_storlek-mm-1125x73x105","16":"pa_stromforbrukning-217a144v","17":"pa_volt-v-multivolt-10-12-16-18-24-28-30-32","19":"first","20":"onbackorder","21":"taxable","22":"shipping-taxable","23":"purchasable","24":"product-type-simple"},"bundled_by":[],"bundle_stock_status":"onbackorder","bundle_stock_quantity":0,"bundle_virtual":false,"bundle_layout":"","bundle_add_to_cart_form_location":"","bundle_editable_in_cart":false,"bundle_sold_individually_context":"","bundle_item_grouping":"","bundle_min_size":"","bundle_max_size":"","bundle_price":[],"bundled_items":[],"bundle_sell_ids":[],"acf":[],"yoast_head":"<!-- This site is optimized with the Yoast SEO plugin v27.0 - https:\/\/yoast.com\/product\/yoast-seo-wordpress\/ -->\n<title>Lazer Triple-R 24 Elite extraljusramp 44&quot; (1125mm) - Xenonkungen<\/title>\n<meta name=\"robots\" content=\"index, follow, max-snippet:-1, max-image-preview:large, max-video-preview:-1\" \/>\n<link rel=\"canonical\" href=\"https:\/\/xenonkungen.com\/en\/product\/lazer-triple-r-24-elite-extra-light-ramp-44-1125mm\/\" \/>\n<meta property=\"og:locale\" content=\"en_GB\" \/>\n<meta property=\"og:type\" content=\"article\" \/>\n<meta property=\"og:title\" content=\"Lazer Triple-R 24 Elite extraljusramp 44&quot; (1125mm) - Xenonkungen\" \/>\n<meta property=\"og:description\" content=\"Lazers Triple-R Elite \u2013 Proffsljuset f\u00f6r alla fordon Utvecklad f\u00f6r motorsport \u2013 \u00e4lskad av alla som kr\u00e4ver det b\u00e4sta. Triple-R Elite-serien fr\u00e5n Lazer \u00e4r resultatet av avancerad ingenj\u00f6rskonst och erfarenhet fr\u00e5n v\u00e4rldens mest kr\u00e4vande rally- och racingbanor. Men dess exceptionella prestanda har ocks\u00e5 gjort serien till en favorit bland bilentusiaster, yrkeschauff\u00f6rer och offroad-\u00e5kare v\u00e4rlden \u00f6ver. [&hellip;]\" \/>\n<meta property=\"og:url\" content=\"https:\/\/xenonkungen.com\/en\/product\/lazer-triple-r-24-elite-extra-light-ramp-44-1125mm\/\" \/>\n<meta property=\"og:site_name\" content=\"Xenonkungen\" \/>\n<meta property=\"article:modified_time\" content=\"2026-04-24T16:24:29+00:00\" \/>\n<meta property=\"og:image\" content=\"https:\/\/xenonkungen.com\/wp-content\/uploads\/2025\/04\/159245_itemimage_mainfront.jpg\" \/>\n\t<meta property=\"og:image:width\" content=\"2048\" \/>\n\t<meta property=\"og:image:height\" content=\"1533\" \/>\n\t<meta property=\"og:image:type\" content=\"image\/jpeg\" \/>\n<meta name=\"twitter:card\" content=\"summary_large_image\" \/>\n<meta name=\"twitter:label1\" content=\"Estimated reading time\" \/>\n\t<meta name=\"twitter:data1\" content=\"2 minutes\" \/>\n<script type=\"application\/ld+json\" class=\"yoast-schema-graph\">{\"@context\":\"https:\/\/schema.org\",\"@graph\":[{\"@type\":\"WebPage\",\"@id\":\"https:\/\/xenonkungen.com\/produkt\/lazer-triple-r-24-elite-extraljusramp-44-1125mm\/\",\"url\":\"https:\/\/xenonkungen.com\/produkt\/lazer-triple-r-24-elite-extraljusramp-44-1125mm\/\",\"name\":\"Lazer Triple-R 24 Elite extraljusramp 44\\\" (1125mm) - Xenonkungen\",\"isPartOf\":{\"@id\":\"https:\/\/xenonkungen.com\/#website\"},\"primaryImageOfPage\":{\"@id\":\"https:\/\/xenonkungen.com\/produkt\/lazer-triple-r-24-elite-extraljusramp-44-1125mm\/#primaryimage\"},\"image\":{\"@id\":\"https:\/\/xenonkungen.com\/produkt\/lazer-triple-r-24-elite-extraljusramp-44-1125mm\/#primaryimage\"},\"thumbnailUrl\":\"https:\/\/xenonkungen.com\/wp-content\/uploads\/2025\/04\/159245_itemimage_mainfront.jpg\",\"datePublished\":\"2025-04-15T09:09:53+00:00\",\"dateModified\":\"2026-04-24T16:24:29+00:00\",\"breadcrumb\":{\"@id\":\"https:\/\/xenonkungen.com\/produkt\/lazer-triple-r-24-elite-extraljusramp-44-1125mm\/#breadcrumb\"},\"inLanguage\":\"en-GB\",\"potentialAction\":[{\"@type\":\"ReadAction\",\"target\":[\"https:\/\/xenonkungen.com\/produkt\/lazer-triple-r-24-elite-extraljusramp-44-1125mm\/\"]}]},{\"@type\":\"ImageObject\",\"inLanguage\":\"en-GB\",\"@id\":\"https:\/\/xenonkungen.com\/produkt\/lazer-triple-r-24-elite-extraljusramp-44-1125mm\/#primaryimage\",\"url\":\"https:\/\/xenonkungen.com\/wp-content\/uploads\/2025\/04\/159245_itemimage_mainfront.jpg\",\"contentUrl\":\"https:\/\/xenonkungen.com\/wp-content\/uploads\/2025\/04\/159245_itemimage_mainfront.jpg\",\"width\":2048,\"height\":1533},{\"@type\":\"BreadcrumbList\",\"@id\":\"https:\/\/xenonkungen.com\/produkt\/lazer-triple-r-24-elite-extraljusramp-44-1125mm\/#breadcrumb\",\"itemListElement\":[{\"@type\":\"ListItem\",\"position\":1,\"name\":\"Hem\",\"item\":\"https:\/\/xenonkungen.com\/\"},{\"@type\":\"ListItem\",\"position\":2,\"name\":\"Shop\",\"item\":\"https:\/\/xenonkungen.com\/shop\/\"},{\"@type\":\"ListItem\",\"position\":3,\"name\":\"Lazer Triple-R 24 Elite extraljusramp 44&#8243; (1125mm)\"}]},{\"@type\":\"WebSite\",\"@id\":\"https:\/\/xenonkungen.com\/#website\",\"url\":\"https:\/\/xenonkungen.com\/\",\"name\":\"Xenonkungen\",\"description\":\"\",\"potentialAction\":[{\"@type\":\"SearchAction\",\"target\":{\"@type\":\"EntryPoint\",\"urlTemplate\":\"https:\/\/xenonkungen.com\/?s={search_term_string}\"},\"query-input\":{\"@type\":\"PropertyValueSpecification\",\"valueRequired\":true,\"valueName\":\"search_term_string\"}}],\"inLanguage\":\"en-GB\"}]}<\/script>\n<!-- \/ Yoast SEO plugin. -->","yoast_head_json":{"title":"Lazer Triple-R 24 Elite extra light bar 44&quot; (1125mm) - The Xenon king","robots":{"index":"index","follow":"follow","max-snippet":"max-snippet:-1","max-image-preview":"max-image-preview:large","max-video-preview":"max-video-preview:-1"},"canonical":"https:\/\/xenonkungen.com\/en\/product\/lazer-triple-r-24-elite-extra-light-ramp-44-1125mm\/","og_locale":"en_GB","og_type":"article","og_title":"Lazer Triple-R 24 Elite extraljusramp 44\" (1125mm) - Xenonkungen","og_description":"Lazers Triple-R Elite \u2013 Proffsljuset f\u00f6r alla fordon Utvecklad f\u00f6r motorsport \u2013 \u00e4lskad av alla som kr\u00e4ver det b\u00e4sta. Triple-R Elite-serien fr\u00e5n Lazer \u00e4r resultatet av avancerad ingenj\u00f6rskonst och erfarenhet fr\u00e5n v\u00e4rldens mest kr\u00e4vande rally- och racingbanor. Men dess exceptionella prestanda har ocks\u00e5 gjort serien till en favorit bland bilentusiaster, yrkeschauff\u00f6rer och offroad-\u00e5kare v\u00e4rlden \u00f6ver. [&hellip;]","og_url":"https:\/\/xenonkungen.com\/en\/product\/lazer-triple-r-24-elite-extra-light-ramp-44-1125mm\/","og_site_name":"Xenonkungen","article_modified_time":"2026-04-24T16:24:29+00:00","og_image":[{"width":2048,"height":1533,"url":"https:\/\/xenonkungen.com\/wp-content\/uploads\/2025\/04\/159245_itemimage_mainfront.jpg","type":"image\/jpeg"}],"twitter_card":"summary_large_image","twitter_misc":{"Estimated reading time":"2 minutes"},"schema":{"@context":"https:\/\/schema.org","@graph":[{"@type":"WebPage","@id":"https:\/\/xenonkungen.com\/produkt\/lazer-triple-r-24-elite-extraljusramp-44-1125mm\/","url":"https:\/\/xenonkungen.com\/produkt\/lazer-triple-r-24-elite-extraljusramp-44-1125mm\/","name":"Lazer Triple-R 24 Elite extra light bar 44&quot; (1125mm) - The Xenon king","isPartOf":{"@id":"https:\/\/xenonkungen.com\/#website"},"primaryImageOfPage":{"@id":"https:\/\/xenonkungen.com\/produkt\/lazer-triple-r-24-elite-extraljusramp-44-1125mm\/#primaryimage"},"image":{"@id":"https:\/\/xenonkungen.com\/produkt\/lazer-triple-r-24-elite-extraljusramp-44-1125mm\/#primaryimage"},"thumbnailUrl":"https:\/\/xenonkungen.com\/wp-content\/uploads\/2025\/04\/159245_itemimage_mainfront.jpg","datePublished":"2025-04-15T09:09:53+00:00","dateModified":"2026-04-24T16:24:29+00:00","breadcrumb":{"@id":"https:\/\/xenonkungen.com\/produkt\/lazer-triple-r-24-elite-extraljusramp-44-1125mm\/#breadcrumb"},"inLanguage":"en-GB","potentialAction":[{"@type":"ReadAction","target":["https:\/\/xenonkungen.com\/produkt\/lazer-triple-r-24-elite-extraljusramp-44-1125mm\/"]}]},{"@type":"ImageObject","inLanguage":"en-GB","@id":"https:\/\/xenonkungen.com\/produkt\/lazer-triple-r-24-elite-extraljusramp-44-1125mm\/#primaryimage","url":"https:\/\/xenonkungen.com\/wp-content\/uploads\/2025\/04\/159245_itemimage_mainfront.jpg","contentUrl":"https:\/\/xenonkungen.com\/wp-content\/uploads\/2025\/04\/159245_itemimage_mainfront.jpg","width":2048,"height":1533},{"@type":"BreadcrumbList","@id":"https:\/\/xenonkungen.com\/produkt\/lazer-triple-r-24-elite-extraljusramp-44-1125mm\/#breadcrumb","itemListElement":[{"@type":"ListItem","position":1,"name":"Hem","item":"https:\/\/xenonkungen.com\/"},{"@type":"ListItem","position":2,"name":"Shop","item":"https:\/\/xenonkungen.com\/shop\/"},{"@type":"ListItem","position":3,"name":"Lazer Triple-R 24 Elite extraljusramp 44&#8243; (1125mm)"}]},{"@type":"WebSite","@id":"https:\/\/xenonkungen.com\/#website","url":"https:\/\/xenonkungen.com\/","name":"Xenonkungen","description":"","potentialAction":[{"@type":"SearchAction","target":{"@type":"EntryPoint","urlTemplate":"https:\/\/xenonkungen.com\/?s={search_term_string}"},"query-input":{"@type":"PropertyValueSpecification","valueRequired":true,"valueName":"search_term_string"}}],"inLanguage":"en-GB"}]}},"taxonomy_info":{"product_brand":[{"value":1124,"label":"Lazer"}],"product_cat":[{"value":2561,"label":"Lazer"},{"value":2966,"label":"Ledramp Rak"},{"value":2539,"label":"LEDRAMPER"}],"product_tag":[{"value":2735,"label":"Lazer"}],"pa_fargtemperatur":[{"value":154,"label":"5000K"}],"pa_fuktskydd-varde-ipxx":[{"value":333,"label":"IP67"}],"pa_lampsockel-kontakt":[{"value":1122,"label":"Superseal"}],"pa_led-chips-effekt-w":[{"value":1362,"label":"312"}],"pa_storlek-mm":[{"value":1361,"label":"1125x73x105"}],"pa_stromforbrukning":[{"value":1363,"label":"21,7A@14,4V"}],"pa_volt-v":[{"value":1084,"label":"Multivolt, 10, 12, 16, 18, 24, 28, 30, 32"}]},"featured_image_src_large":["https:\/\/xenonkungen.com\/wp-content\/uploads\/2025\/04\/159245_itemimage_mainfront-1024x767.jpg",1024,767,true],"author_info":[],"comment_info":0,"_links":{"self":[{"href":"https:\/\/xenonkungen.com\/en\/wp-json\/wp\/v2\/product\/4297","targetHints":{"allow":["GET"]}}],"collection":[{"href":"https:\/\/xenonkungen.com\/en\/wp-json\/wp\/v2\/product"}],"about":[{"href":"https:\/\/xenonkungen.com\/en\/wp-json\/wp\/v2\/types\/product"}],"replies":[{"embeddable":true,"href":"https:\/\/xenonkungen.com\/en\/wp-json\/wp\/v2\/comments?post=4297"}],"wp:featuredmedia":[{"embeddable":true,"href":"https:\/\/xenonkungen.com\/en\/wp-json\/wp\/v2\/media\/4298"}],"wp:attachment":[{"href":"https:\/\/xenonkungen.com\/en\/wp-json\/wp\/v2\/media?parent=4297"}],"wp:term":[{"taxonomy":"anvandningsomrade","embeddable":true,"href":"https:\/\/xenonkungen.com\/en\/wp-json\/wp\/v2\/anvandningsomrade?post=4297"},{"taxonomy":"bilmarken","embeddable":true,"href":"https:\/\/xenonkungen.com\/en\/wp-json\/wp\/v2\/bilmarken?post=4297"},{"taxonomy":"product_brand","embeddable":true,"href":"https:\/\/xenonkungen.com\/en\/wp-json\/wp\/v2\/product_brand?post=4297"},{"taxonomy":"product_cat","embeddable":true,"href":"https:\/\/xenonkungen.com\/en\/wp-json\/wp\/v2\/product_cat?post=4297"},{"taxonomy":"product_tag","embeddable":true,"href":"https:\/\/xenonkungen.com\/en\/wp-json\/wp\/v2\/product_tag?post=4297"}],"curies":[{"name":"wp","href":"https:\/\/api.w.org\/{rel}","templated":true}]}}