{"id":4356,"date":"2025-04-15T09:11:30","date_gmt":"2025-04-15T09:11:30","guid":{"rendered":"https:\/\/xenonkungen.com\/product\/lazer-universellt-lampmonteringssystem-2-ramper\/"},"modified":"2026-03-11T10:03:22","modified_gmt":"2026-03-11T09:03:22","slug":"lazer-universal-lamp-mounting-system-2-ramps","status":"publish","type":"product","link":"https:\/\/xenonkungen.com\/en\/product\/lazer-universal-lamp-mounting-system-2-ramps\/","title":{"rendered":"Lazer Universal lamp mounting system 2 ramps"},"content":{"rendered":"<h1 class=\"\">Lazer Universal lamp mounting system 2 ramps<\/h1>\n<p><span>A universal lamp mounting system designed to spread the light over a larger area when mounted on a rally vehicle. <\/p>\n<p>The application is designed to fit all vehicles and can be mounted so that the light sits both vertically and horizontally. <br \/>Works just as well mounted on the bonnet as used for corner lighting.<br \/><\/span><\/p>","protected":false},"excerpt":{"rendered":"<p>Lazer Universellt lampmonteringssystem 2 ramper Ett universellt lampmonteringssystem som \u00e4r framtaget f\u00f6r att ljuset ska spridas \u00f6ver ett st\u00f6rre omr\u00e5de n\u00e4r det \u00e4r monterat p\u00e5 ett rallyfordon. Applikationen \u00e4r designad f\u00f6r att passa alla fordon och kan monteras s\u00e5 att ljuset sitter s\u00e5v\u00e4l vertikalt som horisontellt. Fungerar lika bra att montera p\u00e5 motorhuven som att [&hellip;]<\/p>","protected":false},"featured_media":4357,"comment_status":"closed","ping_status":"open","template":"","meta":{"_acf_changed":false,"_smort_price_nok":"2339","_smort_price_dkk":"1486","_smort_price_eur":"199.08","_smort_sale_price_nok":"","_smort_sale_price_dkk":"","_smort_sale_price_eur":"","smort_restorder":"","shipmondo_restorder":"","_kad_blocks_custom_css":"","_kad_blocks_head_custom_js":"","_kad_blocks_body_custom_js":"","_kad_blocks_footer_custom_js":"","smort_custom_pricelist_1":"1440","smort_custom_pricelist_2":"1440","smort_custom_pricelist_3":"1440","smort_custom_pricelist_4":"1800","smort_custom_pricelist_5":"1440"},"anvandningsomrade":[1376],"bilmarken":[],"product_brand":[1124],"product_cat":[16],"product_tag":[2735],"class_list":{"0":"post-4356","1":"product","2":"type-product","3":"status-publish","4":"has-post-thumbnail","6":"anvandningsomrade-rally","7":"product_brand-lazer","8":"product_cat-uncategorized","9":"product_tag-lazer","10":"pa_fargtemperatur-5000k","11":"pa_led-chips-effekt-w-1053","12":"pa_stromforbrukning-12a144v","13":"pa_volt-v-multivolt-10-12-16-18-24-28-30-32","15":"first","16":"onbackorder","17":"taxable","18":"shipping-taxable","19":"purchasable","20":"product-type-simple"},"bundled_by":[],"bundle_stock_status":"onbackorder","bundle_stock_quantity":0,"bundle_virtual":false,"bundle_layout":"","bundle_add_to_cart_form_location":"","bundle_editable_in_cart":false,"bundle_sold_individually_context":"","bundle_item_grouping":"","bundle_min_size":"","bundle_max_size":"","bundle_price":[],"bundled_items":[],"bundle_sell_ids":[],"acf":[],"yoast_head":"<!-- This site is optimized with the Yoast SEO plugin v27.0 - https:\/\/yoast.com\/product\/yoast-seo-wordpress\/ -->\n<title>Lazer Universellt lampmonteringssystem 2 ramper - Xenonkungen<\/title>\n<meta name=\"robots\" content=\"index, follow, max-snippet:-1, max-image-preview:large, max-video-preview:-1\" \/>\n<link rel=\"canonical\" href=\"https:\/\/xenonkungen.com\/en\/product\/lazer-universal-lamp-mounting-system-2-ramps\/\" \/>\n<meta property=\"og:locale\" content=\"en_GB\" \/>\n<meta property=\"og:type\" content=\"article\" \/>\n<meta property=\"og:title\" content=\"Lazer Universellt lampmonteringssystem 2 ramper - Xenonkungen\" \/>\n<meta property=\"og:description\" content=\"Lazer Universellt lampmonteringssystem 2 ramper Ett universellt lampmonteringssystem som \u00e4r framtaget f\u00f6r att ljuset ska spridas \u00f6ver ett st\u00f6rre omr\u00e5de n\u00e4r det \u00e4r monterat p\u00e5 ett rallyfordon. Applikationen \u00e4r designad f\u00f6r att passa alla fordon och kan monteras s\u00e5 att ljuset sitter s\u00e5v\u00e4l vertikalt som horisontellt. Fungerar lika bra att montera p\u00e5 motorhuven som att [&hellip;]\" \/>\n<meta property=\"og:url\" content=\"https:\/\/xenonkungen.com\/en\/product\/lazer-universal-lamp-mounting-system-2-ramps\/\" \/>\n<meta property=\"og:site_name\" content=\"Xenonkungen\" \/>\n<meta property=\"article:modified_time\" content=\"2026-03-11T09:03:22+00:00\" \/>\n<meta property=\"og:image\" content=\"https:\/\/xenonkungen.com\/wp-content\/uploads\/2025\/04\/159330_itemimage_mainfront.jpg\" \/>\n\t<meta property=\"og:image:width\" content=\"2048\" \/>\n\t<meta property=\"og:image:height\" content=\"1536\" \/>\n\t<meta property=\"og:image:type\" content=\"image\/jpeg\" \/>\n<meta name=\"twitter:card\" content=\"summary_large_image\" \/>\n<script type=\"application\/ld+json\" class=\"yoast-schema-graph\">{\"@context\":\"https:\/\/schema.org\",\"@graph\":[{\"@type\":\"WebPage\",\"@id\":\"https:\/\/xenonkungen.com\/dk\/vare\/lazer-universal-lampemonteringssystem-2-ramper\/\",\"url\":\"https:\/\/xenonkungen.com\/dk\/vare\/lazer-universal-lampemonteringssystem-2-ramper\/\",\"name\":\"Lazer Universellt lampmonteringssystem 2 ramper - Xenonkungen\",\"isPartOf\":{\"@id\":\"https:\/\/xenonkungen.com\/#website\"},\"primaryImageOfPage\":{\"@id\":\"https:\/\/xenonkungen.com\/dk\/vare\/lazer-universal-lampemonteringssystem-2-ramper\/#primaryimage\"},\"image\":{\"@id\":\"https:\/\/xenonkungen.com\/dk\/vare\/lazer-universal-lampemonteringssystem-2-ramper\/#primaryimage\"},\"thumbnailUrl\":\"https:\/\/xenonkungen.com\/wp-content\/uploads\/2025\/04\/159330_itemimage_mainfront.jpg\",\"datePublished\":\"2025-04-15T09:11:30+00:00\",\"dateModified\":\"2026-03-11T09:03:22+00:00\",\"breadcrumb\":{\"@id\":\"https:\/\/xenonkungen.com\/dk\/vare\/lazer-universal-lampemonteringssystem-2-ramper\/#breadcrumb\"},\"inLanguage\":\"en-GB\",\"potentialAction\":[{\"@type\":\"ReadAction\",\"target\":[\"https:\/\/xenonkungen.com\/dk\/vare\/lazer-universal-lampemonteringssystem-2-ramper\/\"]}]},{\"@type\":\"ImageObject\",\"inLanguage\":\"en-GB\",\"@id\":\"https:\/\/xenonkungen.com\/dk\/vare\/lazer-universal-lampemonteringssystem-2-ramper\/#primaryimage\",\"url\":\"https:\/\/xenonkungen.com\/wp-content\/uploads\/2025\/04\/159330_itemimage_mainfront.jpg\",\"contentUrl\":\"https:\/\/xenonkungen.com\/wp-content\/uploads\/2025\/04\/159330_itemimage_mainfront.jpg\",\"width\":2048,\"height\":1536},{\"@type\":\"BreadcrumbList\",\"@id\":\"https:\/\/xenonkungen.com\/dk\/vare\/lazer-universal-lampemonteringssystem-2-ramper\/#breadcrumb\",\"itemListElement\":[{\"@type\":\"ListItem\",\"position\":1,\"name\":\"Hem\",\"item\":\"https:\/\/xenonkungen.com\/\"},{\"@type\":\"ListItem\",\"position\":2,\"name\":\"Shop\",\"item\":\"https:\/\/xenonkungen.com\/shop\/\"},{\"@type\":\"ListItem\",\"position\":3,\"name\":\"Lazer Universellt lampmonteringssystem 2 ramper\"}]},{\"@type\":\"WebSite\",\"@id\":\"https:\/\/xenonkungen.com\/#website\",\"url\":\"https:\/\/xenonkungen.com\/\",\"name\":\"Xenonkungen\",\"description\":\"\",\"potentialAction\":[{\"@type\":\"SearchAction\",\"target\":{\"@type\":\"EntryPoint\",\"urlTemplate\":\"https:\/\/xenonkungen.com\/?s={search_term_string}\"},\"query-input\":{\"@type\":\"PropertyValueSpecification\",\"valueRequired\":true,\"valueName\":\"search_term_string\"}}],\"inLanguage\":\"en-GB\"}]}<\/script>\n<!-- \/ Yoast SEO plugin. -->","yoast_head_json":{"title":"Lazer Universal Lamp Mounting System 2 Ramps - Xenonkungen","robots":{"index":"index","follow":"follow","max-snippet":"max-snippet:-1","max-image-preview":"max-image-preview:large","max-video-preview":"max-video-preview:-1"},"canonical":"https:\/\/xenonkungen.com\/en\/product\/lazer-universal-lamp-mounting-system-2-ramps\/","og_locale":"en_GB","og_type":"article","og_title":"Lazer Universellt lampmonteringssystem 2 ramper - Xenonkungen","og_description":"Lazer Universellt lampmonteringssystem 2 ramper Ett universellt lampmonteringssystem som \u00e4r framtaget f\u00f6r att ljuset ska spridas \u00f6ver ett st\u00f6rre omr\u00e5de n\u00e4r det \u00e4r monterat p\u00e5 ett rallyfordon. Applikationen \u00e4r designad f\u00f6r att passa alla fordon och kan monteras s\u00e5 att ljuset sitter s\u00e5v\u00e4l vertikalt som horisontellt. Fungerar lika bra att montera p\u00e5 motorhuven som att [&hellip;]","og_url":"https:\/\/xenonkungen.com\/en\/product\/lazer-universal-lamp-mounting-system-2-ramps\/","og_site_name":"Xenonkungen","article_modified_time":"2026-03-11T09:03:22+00:00","og_image":[{"width":2048,"height":1536,"url":"https:\/\/xenonkungen.com\/wp-content\/uploads\/2025\/04\/159330_itemimage_mainfront.jpg","type":"image\/jpeg"}],"twitter_card":"summary_large_image","schema":{"@context":"https:\/\/schema.org","@graph":[{"@type":"WebPage","@id":"https:\/\/xenonkungen.com\/dk\/vare\/lazer-universal-lampemonteringssystem-2-ramper\/","url":"https:\/\/xenonkungen.com\/dk\/vare\/lazer-universal-lampemonteringssystem-2-ramper\/","name":"Lazer Universal Lamp Mounting System 2 Ramps - Xenonkungen","isPartOf":{"@id":"https:\/\/xenonkungen.com\/#website"},"primaryImageOfPage":{"@id":"https:\/\/xenonkungen.com\/dk\/vare\/lazer-universal-lampemonteringssystem-2-ramper\/#primaryimage"},"image":{"@id":"https:\/\/xenonkungen.com\/dk\/vare\/lazer-universal-lampemonteringssystem-2-ramper\/#primaryimage"},"thumbnailUrl":"https:\/\/xenonkungen.com\/wp-content\/uploads\/2025\/04\/159330_itemimage_mainfront.jpg","datePublished":"2025-04-15T09:11:30+00:00","dateModified":"2026-03-11T09:03:22+00:00","breadcrumb":{"@id":"https:\/\/xenonkungen.com\/dk\/vare\/lazer-universal-lampemonteringssystem-2-ramper\/#breadcrumb"},"inLanguage":"en-GB","potentialAction":[{"@type":"ReadAction","target":["https:\/\/xenonkungen.com\/dk\/vare\/lazer-universal-lampemonteringssystem-2-ramper\/"]}]},{"@type":"ImageObject","inLanguage":"en-GB","@id":"https:\/\/xenonkungen.com\/dk\/vare\/lazer-universal-lampemonteringssystem-2-ramper\/#primaryimage","url":"https:\/\/xenonkungen.com\/wp-content\/uploads\/2025\/04\/159330_itemimage_mainfront.jpg","contentUrl":"https:\/\/xenonkungen.com\/wp-content\/uploads\/2025\/04\/159330_itemimage_mainfront.jpg","width":2048,"height":1536},{"@type":"BreadcrumbList","@id":"https:\/\/xenonkungen.com\/dk\/vare\/lazer-universal-lampemonteringssystem-2-ramper\/#breadcrumb","itemListElement":[{"@type":"ListItem","position":1,"name":"Hem","item":"https:\/\/xenonkungen.com\/"},{"@type":"ListItem","position":2,"name":"Shop","item":"https:\/\/xenonkungen.com\/shop\/"},{"@type":"ListItem","position":3,"name":"Lazer Universellt lampmonteringssystem 2 ramper"}]},{"@type":"WebSite","@id":"https:\/\/xenonkungen.com\/#website","url":"https:\/\/xenonkungen.com\/","name":"Xenonkungen","description":"","potentialAction":[{"@type":"SearchAction","target":{"@type":"EntryPoint","urlTemplate":"https:\/\/xenonkungen.com\/?s={search_term_string}"},"query-input":{"@type":"PropertyValueSpecification","valueRequired":true,"valueName":"search_term_string"}}],"inLanguage":"en-GB"}]}},"taxonomy_info":{"anvandningsomrade":[{"value":1376,"label":"Rally"}],"product_brand":[{"value":1124,"label":"Lazer"}],"product_cat":[{"value":16,"label":"Uncategorized"}],"product_tag":[{"value":2735,"label":"Lazer"}],"pa_fargtemperatur":[{"value":154,"label":"5000K"}],"pa_led-chips-effekt-w":[{"value":1053,"label":"170"}],"pa_stromforbrukning":[{"value":1378,"label":"12A@14,4V"}],"pa_volt-v":[{"value":1084,"label":"Multivolt, 10, 12, 16, 18, 24, 28, 30, 32"}]},"featured_image_src_large":["https:\/\/xenonkungen.com\/wp-content\/uploads\/2025\/04\/159330_itemimage_mainfront-1024x768.jpg",1024,768,true],"author_info":[],"comment_info":0,"_links":{"self":[{"href":"https:\/\/xenonkungen.com\/en\/wp-json\/wp\/v2\/product\/4356","targetHints":{"allow":["GET"]}}],"collection":[{"href":"https:\/\/xenonkungen.com\/en\/wp-json\/wp\/v2\/product"}],"about":[{"href":"https:\/\/xenonkungen.com\/en\/wp-json\/wp\/v2\/types\/product"}],"replies":[{"embeddable":true,"href":"https:\/\/xenonkungen.com\/en\/wp-json\/wp\/v2\/comments?post=4356"}],"wp:featuredmedia":[{"embeddable":true,"href":"https:\/\/xenonkungen.com\/en\/wp-json\/wp\/v2\/media\/4357"}],"wp:attachment":[{"href":"https:\/\/xenonkungen.com\/en\/wp-json\/wp\/v2\/media?parent=4356"}],"wp:term":[{"taxonomy":"anvandningsomrade","embeddable":true,"href":"https:\/\/xenonkungen.com\/en\/wp-json\/wp\/v2\/anvandningsomrade?post=4356"},{"taxonomy":"bilmarken","embeddable":true,"href":"https:\/\/xenonkungen.com\/en\/wp-json\/wp\/v2\/bilmarken?post=4356"},{"taxonomy":"product_brand","embeddable":true,"href":"https:\/\/xenonkungen.com\/en\/wp-json\/wp\/v2\/product_brand?post=4356"},{"taxonomy":"product_cat","embeddable":true,"href":"https:\/\/xenonkungen.com\/en\/wp-json\/wp\/v2\/product_cat?post=4356"},{"taxonomy":"product_tag","embeddable":true,"href":"https:\/\/xenonkungen.com\/en\/wp-json\/wp\/v2\/product_tag?post=4356"}],"curies":[{"name":"wp","href":"https:\/\/api.w.org\/{rel}","templated":true}]}}