{"id":4378,"date":"2025-04-15T09:11:57","date_gmt":"2025-04-15T09:11:57","guid":{"rendered":"https:\/\/xenonkungen.com\/product\/lazer-kabelsats-2-extraljus-lag-effekt-12-v\/"},"modified":"2026-04-11T01:04:05","modified_gmt":"2026-04-11T00:04:05","slug":"lazer-cable-set-2-auxiliary-lights-low-power-12-v","status":"publish","type":"product","link":"https:\/\/xenonkungen.com\/en\/product\/lazer-cable-set-2-auxiliary-lights-low-power-12-v\/","title":{"rendered":"Lazer cable set 2 extra lights (Low power, 12 V)"},"content":{"rendered":"<h1><span>Cable sets for Lazer. Below you can see which lights the cable sets are compatible with.<\/span><\/h1>\n<p>Low power cable sets fit:<\/p>\n<p>- ST Evolution (all products)<\/p>\n<p>- Triple-R 750 Elite\/850 Elite\/1000 Elite<\/p>\n<p>- Lazer Linear (without pos. light)<br \/>\u2013 Sentinel 7\u2033<\/p>","protected":false},"excerpt":{"rendered":"<p>Kabelsatser till Lazer. Nedan ser du vilken belysning kabelsatserna \u00e4r kompatibel med. Kabelsatser l\u00e5g effekt passar: &#8211; ST Evolution (alla produkter) &#8211; Triple-R 750 Elite\/850 Elite\/1000 Elite &#8211; Lazer Linear (utan pos. ljus)&#8211; Sentinel 7&#8243;<\/p>","protected":false},"featured_media":4379,"comment_status":"closed","ping_status":"open","template":"","meta":{"_acf_changed":false,"_smort_price_nok":"710","_smort_price_dkk":"451","_smort_price_eur":"60.45","_smort_sale_price_nok":"","_smort_sale_price_dkk":"","_smort_sale_price_eur":"","smort_restorder":"","shipmondo_restorder":"","_kad_blocks_custom_css":"","_kad_blocks_head_custom_js":"","_kad_blocks_body_custom_js":"","_kad_blocks_footer_custom_js":"","smort_custom_pricelist_1":"425.6","smort_custom_pricelist_2":"425.6","smort_custom_pricelist_3":"425.6","smort_custom_pricelist_4":"532","smort_custom_pricelist_5":"425.6"},"anvandningsomrade":[],"bilmarken":[],"product_brand":[1124],"product_cat":[2841,2828,2607,390],"product_tag":[2735],"class_list":{"0":"post-4378","1":"product","2":"type-product","3":"status-publish","4":"has-post-thumbnail","6":"product_brand-lazer","7":"product_cat-installation-extraljus","8":"product_cat-installation-led-ramper","9":"product_cat-relasats-relasats-ledramper-installation","10":"product_cat-installation","11":"product_tag-lazer","12":"pa_fuktskydd-varde-ipxx-ip53","13":"pa_lampsockel-kontakt-superseal","14":"pa_volt-v-159","16":"first","17":"instock","18":"taxable","19":"shipping-taxable","20":"purchasable","21":"product-type-simple"},"bundled_by":[],"bundle_stock_status":"instock","bundle_stock_quantity":1,"bundle_virtual":false,"bundle_layout":"","bundle_add_to_cart_form_location":"","bundle_editable_in_cart":false,"bundle_sold_individually_context":"","bundle_item_grouping":"","bundle_min_size":"","bundle_max_size":"","bundle_price":[],"bundled_items":[],"bundle_sell_ids":[],"acf":[],"yoast_head":"<!-- This site is optimized with the Yoast SEO plugin v27.0 - https:\/\/yoast.com\/product\/yoast-seo-wordpress\/ -->\n<title>Lazer kabelsats 2 extraljus (L\u00e5g effekt, 12 V) - Xenonkungen<\/title>\n<meta name=\"robots\" content=\"index, follow, max-snippet:-1, max-image-preview:large, max-video-preview:-1\" \/>\n<link rel=\"canonical\" href=\"https:\/\/xenonkungen.com\/en\/product\/lazer-cable-set-2-auxiliary-lights-low-power-12-v\/\" \/>\n<meta property=\"og:locale\" content=\"en_GB\" \/>\n<meta property=\"og:type\" content=\"article\" \/>\n<meta property=\"og:title\" content=\"Lazer kabelsats 2 extraljus (L\u00e5g effekt, 12 V) - Xenonkungen\" \/>\n<meta property=\"og:description\" content=\"Kabelsatser till Lazer. Nedan ser du vilken belysning kabelsatserna \u00e4r kompatibel med. Kabelsatser l\u00e5g effekt passar: &#8211; ST Evolution (alla produkter) &#8211; Triple-R 750 Elite\/850 Elite\/1000 Elite &#8211; Lazer Linear (utan pos. ljus)&#8211; Sentinel 7&#8243;\" \/>\n<meta property=\"og:url\" content=\"https:\/\/xenonkungen.com\/en\/product\/lazer-cable-set-2-auxiliary-lights-low-power-12-v\/\" \/>\n<meta property=\"og:site_name\" content=\"Xenonkungen\" \/>\n<meta property=\"article:modified_time\" content=\"2026-04-11T00:04:05+00:00\" \/>\n<meta property=\"og:image\" content=\"https:\/\/xenonkungen.com\/wp-content\/uploads\/2025\/04\/159344_itemimage_mainfront.jpg\" \/>\n\t<meta property=\"og:image:width\" content=\"2048\" \/>\n\t<meta property=\"og:image:height\" content=\"1535\" \/>\n\t<meta property=\"og:image:type\" content=\"image\/jpeg\" \/>\n<meta name=\"twitter:card\" content=\"summary_large_image\" \/>\n<script type=\"application\/ld+json\" class=\"yoast-schema-graph\">{\"@context\":\"https:\/\/schema.org\",\"@graph\":[{\"@type\":\"WebPage\",\"@id\":\"https:\/\/xenonkungen.com\/produkt\/lazer-kabelsats-2-extraljus-lag-effekt-12-v\/\",\"url\":\"https:\/\/xenonkungen.com\/produkt\/lazer-kabelsats-2-extraljus-lag-effekt-12-v\/\",\"name\":\"Lazer kabelsats 2 extraljus (L\u00e5g effekt, 12 V) - Xenonkungen\",\"isPartOf\":{\"@id\":\"https:\/\/xenonkungen.com\/#website\"},\"primaryImageOfPage\":{\"@id\":\"https:\/\/xenonkungen.com\/produkt\/lazer-kabelsats-2-extraljus-lag-effekt-12-v\/#primaryimage\"},\"image\":{\"@id\":\"https:\/\/xenonkungen.com\/produkt\/lazer-kabelsats-2-extraljus-lag-effekt-12-v\/#primaryimage\"},\"thumbnailUrl\":\"https:\/\/xenonkungen.com\/wp-content\/uploads\/2025\/04\/159344_itemimage_mainfront.jpg\",\"datePublished\":\"2025-04-15T09:11:57+00:00\",\"dateModified\":\"2026-04-11T00:04:05+00:00\",\"breadcrumb\":{\"@id\":\"https:\/\/xenonkungen.com\/produkt\/lazer-kabelsats-2-extraljus-lag-effekt-12-v\/#breadcrumb\"},\"inLanguage\":\"en-GB\",\"potentialAction\":[{\"@type\":\"ReadAction\",\"target\":[\"https:\/\/xenonkungen.com\/produkt\/lazer-kabelsats-2-extraljus-lag-effekt-12-v\/\"]}]},{\"@type\":\"ImageObject\",\"inLanguage\":\"en-GB\",\"@id\":\"https:\/\/xenonkungen.com\/produkt\/lazer-kabelsats-2-extraljus-lag-effekt-12-v\/#primaryimage\",\"url\":\"https:\/\/xenonkungen.com\/wp-content\/uploads\/2025\/04\/159344_itemimage_mainfront.jpg\",\"contentUrl\":\"https:\/\/xenonkungen.com\/wp-content\/uploads\/2025\/04\/159344_itemimage_mainfront.jpg\",\"width\":2048,\"height\":1535},{\"@type\":\"BreadcrumbList\",\"@id\":\"https:\/\/xenonkungen.com\/produkt\/lazer-kabelsats-2-extraljus-lag-effekt-12-v\/#breadcrumb\",\"itemListElement\":[{\"@type\":\"ListItem\",\"position\":1,\"name\":\"Hem\",\"item\":\"https:\/\/xenonkungen.com\/\"},{\"@type\":\"ListItem\",\"position\":2,\"name\":\"Shop\",\"item\":\"https:\/\/xenonkungen.com\/shop\/\"},{\"@type\":\"ListItem\",\"position\":3,\"name\":\"Lazer kabelsats 2 extraljus (L\u00e5g effekt, 12 V)\"}]},{\"@type\":\"WebSite\",\"@id\":\"https:\/\/xenonkungen.com\/#website\",\"url\":\"https:\/\/xenonkungen.com\/\",\"name\":\"Xenonkungen\",\"description\":\"\",\"potentialAction\":[{\"@type\":\"SearchAction\",\"target\":{\"@type\":\"EntryPoint\",\"urlTemplate\":\"https:\/\/xenonkungen.com\/?s={search_term_string}\"},\"query-input\":{\"@type\":\"PropertyValueSpecification\",\"valueRequired\":true,\"valueName\":\"search_term_string\"}}],\"inLanguage\":\"en-GB\"}]}<\/script>\n<!-- \/ Yoast SEO plugin. -->","yoast_head_json":{"title":"Lazer cable set 2 auxiliary lights (Low power, 12 V) - Xenonkungen","robots":{"index":"index","follow":"follow","max-snippet":"max-snippet:-1","max-image-preview":"max-image-preview:large","max-video-preview":"max-video-preview:-1"},"canonical":"https:\/\/xenonkungen.com\/en\/product\/lazer-cable-set-2-auxiliary-lights-low-power-12-v\/","og_locale":"en_GB","og_type":"article","og_title":"Lazer kabelsats 2 extraljus (L\u00e5g effekt, 12 V) - Xenonkungen","og_description":"Kabelsatser till Lazer. Nedan ser du vilken belysning kabelsatserna \u00e4r kompatibel med. Kabelsatser l\u00e5g effekt passar: &#8211; ST Evolution (alla produkter) &#8211; Triple-R 750 Elite\/850 Elite\/1000 Elite &#8211; Lazer Linear (utan pos. ljus)&#8211; Sentinel 7&#8243;","og_url":"https:\/\/xenonkungen.com\/en\/product\/lazer-cable-set-2-auxiliary-lights-low-power-12-v\/","og_site_name":"Xenonkungen","article_modified_time":"2026-04-11T00:04:05+00:00","og_image":[{"width":2048,"height":1535,"url":"https:\/\/xenonkungen.com\/wp-content\/uploads\/2025\/04\/159344_itemimage_mainfront.jpg","type":"image\/jpeg"}],"twitter_card":"summary_large_image","schema":{"@context":"https:\/\/schema.org","@graph":[{"@type":"WebPage","@id":"https:\/\/xenonkungen.com\/produkt\/lazer-kabelsats-2-extraljus-lag-effekt-12-v\/","url":"https:\/\/xenonkungen.com\/produkt\/lazer-kabelsats-2-extraljus-lag-effekt-12-v\/","name":"Lazer cable set 2 auxiliary lights (Low power, 12 V) - Xenonkungen","isPartOf":{"@id":"https:\/\/xenonkungen.com\/#website"},"primaryImageOfPage":{"@id":"https:\/\/xenonkungen.com\/produkt\/lazer-kabelsats-2-extraljus-lag-effekt-12-v\/#primaryimage"},"image":{"@id":"https:\/\/xenonkungen.com\/produkt\/lazer-kabelsats-2-extraljus-lag-effekt-12-v\/#primaryimage"},"thumbnailUrl":"https:\/\/xenonkungen.com\/wp-content\/uploads\/2025\/04\/159344_itemimage_mainfront.jpg","datePublished":"2025-04-15T09:11:57+00:00","dateModified":"2026-04-11T00:04:05+00:00","breadcrumb":{"@id":"https:\/\/xenonkungen.com\/produkt\/lazer-kabelsats-2-extraljus-lag-effekt-12-v\/#breadcrumb"},"inLanguage":"en-GB","potentialAction":[{"@type":"ReadAction","target":["https:\/\/xenonkungen.com\/produkt\/lazer-kabelsats-2-extraljus-lag-effekt-12-v\/"]}]},{"@type":"ImageObject","inLanguage":"en-GB","@id":"https:\/\/xenonkungen.com\/produkt\/lazer-kabelsats-2-extraljus-lag-effekt-12-v\/#primaryimage","url":"https:\/\/xenonkungen.com\/wp-content\/uploads\/2025\/04\/159344_itemimage_mainfront.jpg","contentUrl":"https:\/\/xenonkungen.com\/wp-content\/uploads\/2025\/04\/159344_itemimage_mainfront.jpg","width":2048,"height":1535},{"@type":"BreadcrumbList","@id":"https:\/\/xenonkungen.com\/produkt\/lazer-kabelsats-2-extraljus-lag-effekt-12-v\/#breadcrumb","itemListElement":[{"@type":"ListItem","position":1,"name":"Hem","item":"https:\/\/xenonkungen.com\/"},{"@type":"ListItem","position":2,"name":"Shop","item":"https:\/\/xenonkungen.com\/shop\/"},{"@type":"ListItem","position":3,"name":"Lazer kabelsats 2 extraljus (L\u00e5g effekt, 12 V)"}]},{"@type":"WebSite","@id":"https:\/\/xenonkungen.com\/#website","url":"https:\/\/xenonkungen.com\/","name":"Xenonkungen","description":"","potentialAction":[{"@type":"SearchAction","target":{"@type":"EntryPoint","urlTemplate":"https:\/\/xenonkungen.com\/?s={search_term_string}"},"query-input":{"@type":"PropertyValueSpecification","valueRequired":true,"valueName":"search_term_string"}}],"inLanguage":"en-GB"}]}},"taxonomy_info":{"product_brand":[{"value":1124,"label":"Lazer"}],"product_cat":[{"value":2841,"label":"Installation extraljus"},{"value":2828,"label":"Installation LED-ramper"},{"value":2607,"label":"Rel\u00e4sats"},{"value":390,"label":"Installation"}],"product_tag":[{"value":2735,"label":"Lazer"}],"pa_fuktskydd-varde-ipxx":[{"value":1381,"label":"IP53"}],"pa_lampsockel-kontakt":[{"value":1122,"label":"Superseal"}],"pa_volt-v":[{"value":159,"label":"12"}]},"featured_image_src_large":["https:\/\/xenonkungen.com\/wp-content\/uploads\/2025\/04\/159344_itemimage_mainfront-1024x768.jpg",1024,768,true],"author_info":[],"comment_info":0,"_links":{"self":[{"href":"https:\/\/xenonkungen.com\/en\/wp-json\/wp\/v2\/product\/4378","targetHints":{"allow":["GET"]}}],"collection":[{"href":"https:\/\/xenonkungen.com\/en\/wp-json\/wp\/v2\/product"}],"about":[{"href":"https:\/\/xenonkungen.com\/en\/wp-json\/wp\/v2\/types\/product"}],"replies":[{"embeddable":true,"href":"https:\/\/xenonkungen.com\/en\/wp-json\/wp\/v2\/comments?post=4378"}],"wp:featuredmedia":[{"embeddable":true,"href":"https:\/\/xenonkungen.com\/en\/wp-json\/wp\/v2\/media\/4379"}],"wp:attachment":[{"href":"https:\/\/xenonkungen.com\/en\/wp-json\/wp\/v2\/media?parent=4378"}],"wp:term":[{"taxonomy":"anvandningsomrade","embeddable":true,"href":"https:\/\/xenonkungen.com\/en\/wp-json\/wp\/v2\/anvandningsomrade?post=4378"},{"taxonomy":"bilmarken","embeddable":true,"href":"https:\/\/xenonkungen.com\/en\/wp-json\/wp\/v2\/bilmarken?post=4378"},{"taxonomy":"product_brand","embeddable":true,"href":"https:\/\/xenonkungen.com\/en\/wp-json\/wp\/v2\/product_brand?post=4378"},{"taxonomy":"product_cat","embeddable":true,"href":"https:\/\/xenonkungen.com\/en\/wp-json\/wp\/v2\/product_cat?post=4378"},{"taxonomy":"product_tag","embeddable":true,"href":"https:\/\/xenonkungen.com\/en\/wp-json\/wp\/v2\/product_tag?post=4378"}],"curies":[{"name":"wp","href":"https:\/\/api.w.org\/{rel}","templated":true}]}}