{"id":4401,"date":"2025-04-15T09:12:35","date_gmt":"2025-04-15T09:12:35","guid":{"rendered":"https:\/\/xenonkungen.com\/product\/lazer-can-bus-contactless-reader-to-work-with-can-lzr\/"},"modified":"2026-04-11T01:04:32","modified_gmt":"2026-04-11T00:04:32","slug":"lazer-can-bus-contactless-reader-to-work-with-can-lzr","status":"publish","type":"product","link":"https:\/\/xenonkungen.com\/en\/product\/lazer-can-bus-contactless-reader-to-work-with-can-lzr\/","title":{"rendered":"Lazer Can-Bus Contactless Reader (to work with CAN-LZR)"},"content":{"rendered":"<h1 class=\"page-title\"><span class=\"base\" data-ui-id=\"page-title-wrapper\">LAZER CONTACTLESS CAN READERS<\/span><\/h1>\n<p>Lazer's contactless reader allows CAN-Hi and CAN-Lo vehicle data to be read without any actual metal-to-metal connection between the interface and the vehicle's CAN wiring harness. The reader is attached around part of the vehicle's CAN Bus wiring harness and data is read via an induction method, protecting all manufacturers' warranties.<\/p>\n<p>This version of the contactless reader operates on 5 V and is directly compatible with the Lazer CAN bus interface by simply connecting to or from the interface wiring kit.<\/p>\n<p>An LED indicator light on the contactless reader confirms the reception of CAN data.<\/p>\n<p>Enables integration of the CAN bus interface without the need for metal-to-metal connection<\/p>\n<p>Uses an induction method, thus protecting the manufacturer's guarantees<\/p>\n<p>Plug &amp; Play connection to the Lazer CAN interface (dual outputs)<\/p>","protected":false},"excerpt":{"rendered":"<p>LAZERS KONTAKTL\u00d6SA CAN-L\u00c4SARE Lazers kontaktl\u00f6sa l\u00e4sare g\u00f6r det m\u00f6jligt att l\u00e4sa CAN-Hi- och CAN-Lo-fordonsdata utan n\u00e5gon faktisk metall-till-metall-anslutning mellan gr\u00e4nssnittet och fordonets CAN-kablage. L\u00e4saren \u00e4r f\u00e4st runt en del av fordonets CAN Bus-kablage och data l\u00e4ses via en induktionsmetod, vilket skyddar samtliga tillverkares garantier. Den h\u00e4r versionen av den kontaktl\u00f6sa l\u00e4saren fungerar p\u00e5 5\u00a0V och [&hellip;]<\/p>","protected":false},"featured_media":4402,"comment_status":"closed","ping_status":"open","template":"","meta":{"_acf_changed":false,"_smort_price_nok":"1736","_smort_price_dkk":"1103","_smort_price_eur":"147.72","_smort_sale_price_nok":"","_smort_sale_price_dkk":"","_smort_sale_price_eur":"","smort_restorder":"","shipmondo_restorder":"","_kad_blocks_custom_css":"","_kad_blocks_head_custom_js":"","_kad_blocks_body_custom_js":"","_kad_blocks_footer_custom_js":"","smort_custom_pricelist_1":"1081.6","smort_custom_pricelist_2":"1081.6","smort_custom_pricelist_3":"1081.6","smort_custom_pricelist_4":"1352","smort_custom_pricelist_5":"1081.6"},"anvandningsomrade":[],"bilmarken":[],"product_brand":[1124],"product_cat":[2487,390],"product_tag":[2735],"class_list":{"0":"post-4401","1":"product","2":"type-product","3":"status-publish","4":"has-post-thumbnail","6":"product_brand-lazer","7":"product_cat-canbus-installation","8":"product_cat-installation","9":"product_tag-lazer","11":"first","12":"onbackorder","13":"taxable","14":"shipping-taxable","15":"purchasable","16":"product-type-simple"},"bundled_by":[],"bundle_stock_status":"onbackorder","bundle_stock_quantity":0,"bundle_virtual":false,"bundle_layout":"","bundle_add_to_cart_form_location":"","bundle_editable_in_cart":false,"bundle_sold_individually_context":"","bundle_item_grouping":"","bundle_min_size":"","bundle_max_size":"","bundle_price":[],"bundled_items":[],"bundle_sell_ids":[],"acf":[],"yoast_head":"<!-- This site is optimized with the Yoast SEO plugin v27.0 - https:\/\/yoast.com\/product\/yoast-seo-wordpress\/ -->\n<title>Lazer Can-Bus Contactless Reader (to work with CAN-LZR) - Xenonkungen<\/title>\n<meta name=\"robots\" content=\"index, follow, max-snippet:-1, max-image-preview:large, max-video-preview:-1\" \/>\n<link rel=\"canonical\" href=\"https:\/\/xenonkungen.com\/en\/product\/lazer-can-bus-contactless-reader-to-work-with-can-lzr\/\" \/>\n<meta property=\"og:locale\" content=\"en_GB\" \/>\n<meta property=\"og:type\" content=\"article\" \/>\n<meta property=\"og:title\" content=\"Lazer Can-Bus Contactless Reader (to work with CAN-LZR) - Xenonkungen\" \/>\n<meta property=\"og:description\" content=\"LAZERS KONTAKTL\u00d6SA CAN-L\u00c4SARE Lazers kontaktl\u00f6sa l\u00e4sare g\u00f6r det m\u00f6jligt att l\u00e4sa CAN-Hi- och CAN-Lo-fordonsdata utan n\u00e5gon faktisk metall-till-metall-anslutning mellan gr\u00e4nssnittet och fordonets CAN-kablage. L\u00e4saren \u00e4r f\u00e4st runt en del av fordonets CAN Bus-kablage och data l\u00e4ses via en induktionsmetod, vilket skyddar samtliga tillverkares garantier. Den h\u00e4r versionen av den kontaktl\u00f6sa l\u00e4saren fungerar p\u00e5 5\u00a0V och [&hellip;]\" \/>\n<meta property=\"og:url\" content=\"https:\/\/xenonkungen.com\/en\/product\/lazer-can-bus-contactless-reader-to-work-with-can-lzr\/\" \/>\n<meta property=\"og:site_name\" content=\"Xenonkungen\" \/>\n<meta property=\"article:modified_time\" content=\"2026-04-11T00:04:32+00:00\" \/>\n<meta property=\"og:image\" content=\"https:\/\/xenonkungen.com\/wp-content\/uploads\/2025\/04\/159365_itemimage_mainfront.jpg\" \/>\n\t<meta property=\"og:image:width\" content=\"1722\" \/>\n\t<meta property=\"og:image:height\" content=\"1292\" \/>\n\t<meta property=\"og:image:type\" content=\"image\/jpeg\" \/>\n<meta name=\"twitter:card\" content=\"summary_large_image\" \/>\n<meta name=\"twitter:label1\" content=\"Estimated reading time\" \/>\n\t<meta name=\"twitter:data1\" content=\"1 minute\" \/>\n<script type=\"application\/ld+json\" class=\"yoast-schema-graph\">{\"@context\":\"https:\/\/schema.org\",\"@graph\":[{\"@type\":\"WebPage\",\"@id\":\"https:\/\/xenonkungen.com\/en\/product\/lazer-can-bus-contactless-reader-to-work-with-can-lzr\/\",\"url\":\"https:\/\/xenonkungen.com\/en\/product\/lazer-can-bus-contactless-reader-to-work-with-can-lzr\/\",\"name\":\"Lazer Can-Bus Contactless Reader (to work with CAN-LZR) - Xenonkungen\",\"isPartOf\":{\"@id\":\"https:\/\/xenonkungen.com\/#website\"},\"primaryImageOfPage\":{\"@id\":\"https:\/\/xenonkungen.com\/en\/product\/lazer-can-bus-contactless-reader-to-work-with-can-lzr\/#primaryimage\"},\"image\":{\"@id\":\"https:\/\/xenonkungen.com\/en\/product\/lazer-can-bus-contactless-reader-to-work-with-can-lzr\/#primaryimage\"},\"thumbnailUrl\":\"https:\/\/xenonkungen.com\/wp-content\/uploads\/2025\/04\/159365_itemimage_mainfront.jpg\",\"datePublished\":\"2025-04-15T09:12:35+00:00\",\"dateModified\":\"2026-04-11T00:04:32+00:00\",\"breadcrumb\":{\"@id\":\"https:\/\/xenonkungen.com\/en\/product\/lazer-can-bus-contactless-reader-to-work-with-can-lzr\/#breadcrumb\"},\"inLanguage\":\"en-GB\",\"potentialAction\":[{\"@type\":\"ReadAction\",\"target\":[\"https:\/\/xenonkungen.com\/en\/product\/lazer-can-bus-contactless-reader-to-work-with-can-lzr\/\"]}]},{\"@type\":\"ImageObject\",\"inLanguage\":\"en-GB\",\"@id\":\"https:\/\/xenonkungen.com\/en\/product\/lazer-can-bus-contactless-reader-to-work-with-can-lzr\/#primaryimage\",\"url\":\"https:\/\/xenonkungen.com\/wp-content\/uploads\/2025\/04\/159365_itemimage_mainfront.jpg\",\"contentUrl\":\"https:\/\/xenonkungen.com\/wp-content\/uploads\/2025\/04\/159365_itemimage_mainfront.jpg\",\"width\":1722,\"height\":1292},{\"@type\":\"BreadcrumbList\",\"@id\":\"https:\/\/xenonkungen.com\/en\/product\/lazer-can-bus-contactless-reader-to-work-with-can-lzr\/#breadcrumb\",\"itemListElement\":[{\"@type\":\"ListItem\",\"position\":1,\"name\":\"Hem\",\"item\":\"https:\/\/xenonkungen.com\/\"},{\"@type\":\"ListItem\",\"position\":2,\"name\":\"Shop\",\"item\":\"https:\/\/xenonkungen.com\/shop\/\"},{\"@type\":\"ListItem\",\"position\":3,\"name\":\"Lazer Can-Bus Contactless Reader (to work with CAN-LZR)\"}]},{\"@type\":\"WebSite\",\"@id\":\"https:\/\/xenonkungen.com\/#website\",\"url\":\"https:\/\/xenonkungen.com\/\",\"name\":\"Xenonkungen\",\"description\":\"\",\"potentialAction\":[{\"@type\":\"SearchAction\",\"target\":{\"@type\":\"EntryPoint\",\"urlTemplate\":\"https:\/\/xenonkungen.com\/?s={search_term_string}\"},\"query-input\":{\"@type\":\"PropertyValueSpecification\",\"valueRequired\":true,\"valueName\":\"search_term_string\"}}],\"inLanguage\":\"en-GB\"}]}<\/script>\n<!-- \/ Yoast SEO plugin. -->","yoast_head_json":{"title":"Lazer Can-Bus Contactless Reader (to work with CAN-LZR) - The Xenon King","robots":{"index":"index","follow":"follow","max-snippet":"max-snippet:-1","max-image-preview":"max-image-preview:large","max-video-preview":"max-video-preview:-1"},"canonical":"https:\/\/xenonkungen.com\/en\/product\/lazer-can-bus-contactless-reader-to-work-with-can-lzr\/","og_locale":"en_GB","og_type":"article","og_title":"Lazer Can-Bus Contactless Reader (to work with CAN-LZR) - Xenonkungen","og_description":"LAZERS KONTAKTL\u00d6SA CAN-L\u00c4SARE Lazers kontaktl\u00f6sa l\u00e4sare g\u00f6r det m\u00f6jligt att l\u00e4sa CAN-Hi- och CAN-Lo-fordonsdata utan n\u00e5gon faktisk metall-till-metall-anslutning mellan gr\u00e4nssnittet och fordonets CAN-kablage. L\u00e4saren \u00e4r f\u00e4st runt en del av fordonets CAN Bus-kablage och data l\u00e4ses via en induktionsmetod, vilket skyddar samtliga tillverkares garantier. Den h\u00e4r versionen av den kontaktl\u00f6sa l\u00e4saren fungerar p\u00e5 5\u00a0V och [&hellip;]","og_url":"https:\/\/xenonkungen.com\/en\/product\/lazer-can-bus-contactless-reader-to-work-with-can-lzr\/","og_site_name":"Xenonkungen","article_modified_time":"2026-04-11T00:04:32+00:00","og_image":[{"width":1722,"height":1292,"url":"https:\/\/xenonkungen.com\/wp-content\/uploads\/2025\/04\/159365_itemimage_mainfront.jpg","type":"image\/jpeg"}],"twitter_card":"summary_large_image","twitter_misc":{"Estimated reading time":"1 minute"},"schema":{"@context":"https:\/\/schema.org","@graph":[{"@type":"WebPage","@id":"https:\/\/xenonkungen.com\/en\/product\/lazer-can-bus-contactless-reader-to-work-with-can-lzr\/","url":"https:\/\/xenonkungen.com\/en\/product\/lazer-can-bus-contactless-reader-to-work-with-can-lzr\/","name":"Lazer Can-Bus Contactless Reader (to work with CAN-LZR) - The Xenon King","isPartOf":{"@id":"https:\/\/xenonkungen.com\/#website"},"primaryImageOfPage":{"@id":"https:\/\/xenonkungen.com\/en\/product\/lazer-can-bus-contactless-reader-to-work-with-can-lzr\/#primaryimage"},"image":{"@id":"https:\/\/xenonkungen.com\/en\/product\/lazer-can-bus-contactless-reader-to-work-with-can-lzr\/#primaryimage"},"thumbnailUrl":"https:\/\/xenonkungen.com\/wp-content\/uploads\/2025\/04\/159365_itemimage_mainfront.jpg","datePublished":"2025-04-15T09:12:35+00:00","dateModified":"2026-04-11T00:04:32+00:00","breadcrumb":{"@id":"https:\/\/xenonkungen.com\/en\/product\/lazer-can-bus-contactless-reader-to-work-with-can-lzr\/#breadcrumb"},"inLanguage":"en-GB","potentialAction":[{"@type":"ReadAction","target":["https:\/\/xenonkungen.com\/en\/product\/lazer-can-bus-contactless-reader-to-work-with-can-lzr\/"]}]},{"@type":"ImageObject","inLanguage":"en-GB","@id":"https:\/\/xenonkungen.com\/en\/product\/lazer-can-bus-contactless-reader-to-work-with-can-lzr\/#primaryimage","url":"https:\/\/xenonkungen.com\/wp-content\/uploads\/2025\/04\/159365_itemimage_mainfront.jpg","contentUrl":"https:\/\/xenonkungen.com\/wp-content\/uploads\/2025\/04\/159365_itemimage_mainfront.jpg","width":1722,"height":1292},{"@type":"BreadcrumbList","@id":"https:\/\/xenonkungen.com\/en\/product\/lazer-can-bus-contactless-reader-to-work-with-can-lzr\/#breadcrumb","itemListElement":[{"@type":"ListItem","position":1,"name":"Hem","item":"https:\/\/xenonkungen.com\/"},{"@type":"ListItem","position":2,"name":"Shop","item":"https:\/\/xenonkungen.com\/shop\/"},{"@type":"ListItem","position":3,"name":"Lazer Can-Bus Contactless Reader (to work with CAN-LZR)"}]},{"@type":"WebSite","@id":"https:\/\/xenonkungen.com\/#website","url":"https:\/\/xenonkungen.com\/","name":"Xenonkungen","description":"","potentialAction":[{"@type":"SearchAction","target":{"@type":"EntryPoint","urlTemplate":"https:\/\/xenonkungen.com\/?s={search_term_string}"},"query-input":{"@type":"PropertyValueSpecification","valueRequired":true,"valueName":"search_term_string"}}],"inLanguage":"en-GB"}]}},"taxonomy_info":{"product_brand":[{"value":1124,"label":"Lazer"}],"product_cat":[{"value":2487,"label":"Canbus"},{"value":390,"label":"Installation"}],"product_tag":[{"value":2735,"label":"Lazer"}]},"featured_image_src_large":["https:\/\/xenonkungen.com\/wp-content\/uploads\/2025\/04\/159365_itemimage_mainfront-1024x768.jpg",1024,768,true],"author_info":[],"comment_info":0,"_links":{"self":[{"href":"https:\/\/xenonkungen.com\/en\/wp-json\/wp\/v2\/product\/4401","targetHints":{"allow":["GET"]}}],"collection":[{"href":"https:\/\/xenonkungen.com\/en\/wp-json\/wp\/v2\/product"}],"about":[{"href":"https:\/\/xenonkungen.com\/en\/wp-json\/wp\/v2\/types\/product"}],"replies":[{"embeddable":true,"href":"https:\/\/xenonkungen.com\/en\/wp-json\/wp\/v2\/comments?post=4401"}],"wp:featuredmedia":[{"embeddable":true,"href":"https:\/\/xenonkungen.com\/en\/wp-json\/wp\/v2\/media\/4402"}],"wp:attachment":[{"href":"https:\/\/xenonkungen.com\/en\/wp-json\/wp\/v2\/media?parent=4401"}],"wp:term":[{"taxonomy":"anvandningsomrade","embeddable":true,"href":"https:\/\/xenonkungen.com\/en\/wp-json\/wp\/v2\/anvandningsomrade?post=4401"},{"taxonomy":"bilmarken","embeddable":true,"href":"https:\/\/xenonkungen.com\/en\/wp-json\/wp\/v2\/bilmarken?post=4401"},{"taxonomy":"product_brand","embeddable":true,"href":"https:\/\/xenonkungen.com\/en\/wp-json\/wp\/v2\/product_brand?post=4401"},{"taxonomy":"product_cat","embeddable":true,"href":"https:\/\/xenonkungen.com\/en\/wp-json\/wp\/v2\/product_cat?post=4401"},{"taxonomy":"product_tag","embeddable":true,"href":"https:\/\/xenonkungen.com\/en\/wp-json\/wp\/v2\/product_tag?post=4401"}],"curies":[{"name":"wp","href":"https:\/\/api.w.org\/{rel}","templated":true}]}}