{"id":4505,"date":"2025-04-15T09:14:10","date_gmt":"2025-04-15T09:14:10","guid":{"rendered":"https:\/\/xenonkungen.com\/product\/meguiars-foaming-insektsborttagare\/"},"modified":"2026-04-11T01:16:42","modified_gmt":"2026-04-11T00:16:42","slug":"meguiars-foaming-insect-repellent","status":"publish","type":"product","link":"https:\/\/xenonkungen.com\/en\/product\/meguiars-foaming-insect-repellent\/","title":{"rendered":"Meguiar's Foaming Insect Remover"},"content":{"rendered":"<h1>Foaming Bug Remover<\/h1>\n<p>FOAM AWAY STUCK BUGS!<\/p>\n<p>Professional efficiency, safe on all surfaces!<\/p>\n<p>Unique formula dissolves and loosens burnt-in insects. The secret behind the product is our unique Xtreme Cling Foam that allows the active foam to remain for a long time and dissolve the stubborn dirt. Effective against insects, gentle on paintwork &amp; all exterior surfaces. Use before processing with shampoo or foam shampoo.<\/p>\n<p><strong>Content (ml):<\/strong> 444<\/p>\n<h2><strong>Warning!<\/strong><\/h2>\n<p><strong><span>Colour coding:<\/span><br \/><\/strong><\/p>\n<ul>\n<li>Extremely flammable aerosol. Pressurised container: May burst when heated<\/li>\n<\/ul>\n<p><strong><span>Protective designations:<\/span><br \/><\/strong><\/p>\n<ul>\n<li>Keep out of reach of children<\/li>\n<li>Do not expose to heat, hot surfaces, sparks, open flames or other sources of ignition. Smoking is prohibited. Do not spray over open flames or other sources of ignition. Do not puncture or burn, including empty containers.<\/li>\n<li>Protect from sunlight. Do not expose to temperatures above 50 \u00b0C<\/li>\n<\/ul>\n<p><iframe loading=\"lazy\" height=\"314\" src=\"https:\/\/www.youtube.com\/embed\/d7TugU0xY5Y\" width=\"560\" allowfullscreen=\"allowfullscreen\"><\/iframe><\/p>","protected":false},"excerpt":{"rendered":"<p>Professional efficiency, safe on all surfaces!<br \/>\nEffective against insects, gentle on paintwork &amp; all exterior surfaces.<\/p>","protected":false},"featured_media":4506,"comment_status":"closed","ping_status":"open","template":"","meta":{"_acf_changed":false,"_smort_price_nok":"127","_smort_price_dkk":"108","_smort_price_eur":"14.45","_smort_sale_price_nok":"127","_smort_sale_price_dkk":"","_smort_sale_price_eur":"","smort_restorder":"","shipmondo_restorder":"","_kad_blocks_custom_css":"","_kad_blocks_head_custom_js":"","_kad_blocks_body_custom_js":"","_kad_blocks_footer_custom_js":"","smort_custom_pricelist_1":"101.76","smort_custom_pricelist_2":"101.76","smort_custom_pricelist_3":"96.67","smort_custom_pricelist_4":"127.2","smort_custom_pricelist_5":"101.76"},"anvandningsomrade":[],"bilmarken":[],"product_brand":[1383],"product_cat":[2988,2622,378,1402],"product_tag":[],"class_list":{"0":"post-4505","1":"product","2":"type-product","3":"status-publish","4":"has-post-thumbnail","6":"product_brand-meguiars","7":"product_cat-biltvatt","8":"product_cat-fortvatt","9":"product_cat-bilvard","10":"product_cat-outlet","12":"first","13":"instock","14":"sale","15":"taxable","16":"shipping-taxable","17":"purchasable","18":"product-type-simple"},"bundled_by":[],"bundle_stock_status":"instock","bundle_stock_quantity":4,"bundle_virtual":false,"bundle_layout":"","bundle_add_to_cart_form_location":"","bundle_editable_in_cart":false,"bundle_sold_individually_context":"","bundle_item_grouping":"","bundle_min_size":"","bundle_max_size":"","bundle_price":[],"bundled_items":[],"bundle_sell_ids":[],"acf":[],"yoast_head":"<!-- This site is optimized with the Yoast SEO plugin v27.0 - https:\/\/yoast.com\/product\/yoast-seo-wordpress\/ -->\n<title>Meguiar&#039;s Foaming Insektsborttagare - Xenonkungen<\/title>\n<meta name=\"robots\" content=\"index, follow, max-snippet:-1, max-image-preview:large, max-video-preview:-1\" \/>\n<link rel=\"canonical\" href=\"https:\/\/xenonkungen.com\/en\/product\/meguiars-foaming-insect-repellent\/\" \/>\n<meta property=\"og:locale\" content=\"en_GB\" \/>\n<meta property=\"og:type\" content=\"article\" \/>\n<meta property=\"og:title\" content=\"Meguiar&#039;s Foaming Insektsborttagare - Xenonkungen\" \/>\n<meta property=\"og:description\" content=\"Profesionell e\u00adffektivitet, s\u00e4ker p\u00e5 alla ytor! E\u00adffektiv mot insekter, skonsam mot lack &amp; alla exteri\u00f6ra ytor.\" \/>\n<meta property=\"og:url\" content=\"https:\/\/xenonkungen.com\/en\/product\/meguiars-foaming-insect-repellent\/\" \/>\n<meta property=\"og:site_name\" content=\"Xenonkungen\" \/>\n<meta property=\"article:modified_time\" content=\"2026-04-11T00:16:42+00:00\" \/>\n<meta property=\"og:image\" content=\"https:\/\/xenonkungen.com\/wp-content\/uploads\/2025\/04\/190088125-origpic-48a72a.png\" \/>\n\t<meta property=\"og:image:width\" content=\"650\" \/>\n\t<meta property=\"og:image:height\" content=\"650\" \/>\n\t<meta property=\"og:image:type\" content=\"image\/png\" \/>\n<meta name=\"twitter:card\" content=\"summary_large_image\" \/>\n<meta name=\"twitter:label1\" content=\"Estimated reading time\" \/>\n\t<meta name=\"twitter:data1\" content=\"1 minute\" \/>\n<script type=\"application\/ld+json\" class=\"yoast-schema-graph\">{\"@context\":\"https:\/\/schema.org\",\"@graph\":[{\"@type\":\"WebPage\",\"@id\":\"https:\/\/xenonkungen.com\/produkt\/meguiars-foaming-insektsborttagare\/\",\"url\":\"https:\/\/xenonkungen.com\/produkt\/meguiars-foaming-insektsborttagare\/\",\"name\":\"Meguiar's Foaming Insektsborttagare - Xenonkungen\",\"isPartOf\":{\"@id\":\"https:\/\/xenonkungen.com\/#website\"},\"primaryImageOfPage\":{\"@id\":\"https:\/\/xenonkungen.com\/produkt\/meguiars-foaming-insektsborttagare\/#primaryimage\"},\"image\":{\"@id\":\"https:\/\/xenonkungen.com\/produkt\/meguiars-foaming-insektsborttagare\/#primaryimage\"},\"thumbnailUrl\":\"https:\/\/xenonkungen.com\/wp-content\/uploads\/2025\/04\/190088125-origpic-48a72a.png\",\"datePublished\":\"2025-04-15T09:14:10+00:00\",\"dateModified\":\"2026-04-11T00:16:42+00:00\",\"breadcrumb\":{\"@id\":\"https:\/\/xenonkungen.com\/produkt\/meguiars-foaming-insektsborttagare\/#breadcrumb\"},\"inLanguage\":\"en-GB\",\"potentialAction\":[{\"@type\":\"ReadAction\",\"target\":[\"https:\/\/xenonkungen.com\/produkt\/meguiars-foaming-insektsborttagare\/\"]}]},{\"@type\":\"ImageObject\",\"inLanguage\":\"en-GB\",\"@id\":\"https:\/\/xenonkungen.com\/produkt\/meguiars-foaming-insektsborttagare\/#primaryimage\",\"url\":\"https:\/\/xenonkungen.com\/wp-content\/uploads\/2025\/04\/190088125-origpic-48a72a.png\",\"contentUrl\":\"https:\/\/xenonkungen.com\/wp-content\/uploads\/2025\/04\/190088125-origpic-48a72a.png\",\"width\":650,\"height\":650},{\"@type\":\"BreadcrumbList\",\"@id\":\"https:\/\/xenonkungen.com\/produkt\/meguiars-foaming-insektsborttagare\/#breadcrumb\",\"itemListElement\":[{\"@type\":\"ListItem\",\"position\":1,\"name\":\"Hem\",\"item\":\"https:\/\/xenonkungen.com\/\"},{\"@type\":\"ListItem\",\"position\":2,\"name\":\"Shop\",\"item\":\"https:\/\/xenonkungen.com\/shop\/\"},{\"@type\":\"ListItem\",\"position\":3,\"name\":\"Meguiar&#8217;s Foaming Insektsborttagare\"}]},{\"@type\":\"WebSite\",\"@id\":\"https:\/\/xenonkungen.com\/#website\",\"url\":\"https:\/\/xenonkungen.com\/\",\"name\":\"Xenonkungen\",\"description\":\"\",\"potentialAction\":[{\"@type\":\"SearchAction\",\"target\":{\"@type\":\"EntryPoint\",\"urlTemplate\":\"https:\/\/xenonkungen.com\/?s={search_term_string}\"},\"query-input\":{\"@type\":\"PropertyValueSpecification\",\"valueRequired\":true,\"valueName\":\"search_term_string\"}}],\"inLanguage\":\"en-GB\"}]}<\/script>\n<!-- \/ Yoast SEO plugin. -->","yoast_head_json":{"title":"Meguiar&#039;s Foaming Insect Repellent - The Xenon King","robots":{"index":"index","follow":"follow","max-snippet":"max-snippet:-1","max-image-preview":"max-image-preview:large","max-video-preview":"max-video-preview:-1"},"canonical":"https:\/\/xenonkungen.com\/en\/product\/meguiars-foaming-insect-repellent\/","og_locale":"en_GB","og_type":"article","og_title":"Meguiar's Foaming Insektsborttagare - Xenonkungen","og_description":"Profesionell e\u00adffektivitet, s\u00e4ker p\u00e5 alla ytor! E\u00adffektiv mot insekter, skonsam mot lack & alla exteri\u00f6ra ytor.","og_url":"https:\/\/xenonkungen.com\/en\/product\/meguiars-foaming-insect-repellent\/","og_site_name":"Xenonkungen","article_modified_time":"2026-04-11T00:16:42+00:00","og_image":[{"width":650,"height":650,"url":"https:\/\/xenonkungen.com\/wp-content\/uploads\/2025\/04\/190088125-origpic-48a72a.png","type":"image\/png"}],"twitter_card":"summary_large_image","twitter_misc":{"Estimated reading time":"1 minute"},"schema":{"@context":"https:\/\/schema.org","@graph":[{"@type":"WebPage","@id":"https:\/\/xenonkungen.com\/produkt\/meguiars-foaming-insektsborttagare\/","url":"https:\/\/xenonkungen.com\/produkt\/meguiars-foaming-insektsborttagare\/","name":"Meguiar&#039;s Foaming Insect Repellent - The Xenon King","isPartOf":{"@id":"https:\/\/xenonkungen.com\/#website"},"primaryImageOfPage":{"@id":"https:\/\/xenonkungen.com\/produkt\/meguiars-foaming-insektsborttagare\/#primaryimage"},"image":{"@id":"https:\/\/xenonkungen.com\/produkt\/meguiars-foaming-insektsborttagare\/#primaryimage"},"thumbnailUrl":"https:\/\/xenonkungen.com\/wp-content\/uploads\/2025\/04\/190088125-origpic-48a72a.png","datePublished":"2025-04-15T09:14:10+00:00","dateModified":"2026-04-11T00:16:42+00:00","breadcrumb":{"@id":"https:\/\/xenonkungen.com\/produkt\/meguiars-foaming-insektsborttagare\/#breadcrumb"},"inLanguage":"en-GB","potentialAction":[{"@type":"ReadAction","target":["https:\/\/xenonkungen.com\/produkt\/meguiars-foaming-insektsborttagare\/"]}]},{"@type":"ImageObject","inLanguage":"en-GB","@id":"https:\/\/xenonkungen.com\/produkt\/meguiars-foaming-insektsborttagare\/#primaryimage","url":"https:\/\/xenonkungen.com\/wp-content\/uploads\/2025\/04\/190088125-origpic-48a72a.png","contentUrl":"https:\/\/xenonkungen.com\/wp-content\/uploads\/2025\/04\/190088125-origpic-48a72a.png","width":650,"height":650},{"@type":"BreadcrumbList","@id":"https:\/\/xenonkungen.com\/produkt\/meguiars-foaming-insektsborttagare\/#breadcrumb","itemListElement":[{"@type":"ListItem","position":1,"name":"Hem","item":"https:\/\/xenonkungen.com\/"},{"@type":"ListItem","position":2,"name":"Shop","item":"https:\/\/xenonkungen.com\/shop\/"},{"@type":"ListItem","position":3,"name":"Meguiar&#8217;s Foaming Insektsborttagare"}]},{"@type":"WebSite","@id":"https:\/\/xenonkungen.com\/#website","url":"https:\/\/xenonkungen.com\/","name":"Xenonkungen","description":"","potentialAction":[{"@type":"SearchAction","target":{"@type":"EntryPoint","urlTemplate":"https:\/\/xenonkungen.com\/?s={search_term_string}"},"query-input":{"@type":"PropertyValueSpecification","valueRequired":true,"valueName":"search_term_string"}}],"inLanguage":"en-GB"}]}},"taxonomy_info":{"product_brand":[{"value":1383,"label":"Meguiar's"}],"product_cat":[{"value":2988,"label":"1 | Biltv\u00e4tt"},{"value":2622,"label":"F\u00f6rtv\u00e4tt"},{"value":378,"label":"Bilv\u00e5rd"},{"value":1402,"label":"Outlet"}]},"featured_image_src_large":["https:\/\/xenonkungen.com\/wp-content\/uploads\/2025\/04\/190088125-origpic-48a72a.png",650,650,false],"author_info":[],"comment_info":0,"_links":{"self":[{"href":"https:\/\/xenonkungen.com\/en\/wp-json\/wp\/v2\/product\/4505","targetHints":{"allow":["GET"]}}],"collection":[{"href":"https:\/\/xenonkungen.com\/en\/wp-json\/wp\/v2\/product"}],"about":[{"href":"https:\/\/xenonkungen.com\/en\/wp-json\/wp\/v2\/types\/product"}],"replies":[{"embeddable":true,"href":"https:\/\/xenonkungen.com\/en\/wp-json\/wp\/v2\/comments?post=4505"}],"wp:featuredmedia":[{"embeddable":true,"href":"https:\/\/xenonkungen.com\/en\/wp-json\/wp\/v2\/media\/4506"}],"wp:attachment":[{"href":"https:\/\/xenonkungen.com\/en\/wp-json\/wp\/v2\/media?parent=4505"}],"wp:term":[{"taxonomy":"anvandningsomrade","embeddable":true,"href":"https:\/\/xenonkungen.com\/en\/wp-json\/wp\/v2\/anvandningsomrade?post=4505"},{"taxonomy":"bilmarken","embeddable":true,"href":"https:\/\/xenonkungen.com\/en\/wp-json\/wp\/v2\/bilmarken?post=4505"},{"taxonomy":"product_brand","embeddable":true,"href":"https:\/\/xenonkungen.com\/en\/wp-json\/wp\/v2\/product_brand?post=4505"},{"taxonomy":"product_cat","embeddable":true,"href":"https:\/\/xenonkungen.com\/en\/wp-json\/wp\/v2\/product_cat?post=4505"},{"taxonomy":"product_tag","embeddable":true,"href":"https:\/\/xenonkungen.com\/en\/wp-json\/wp\/v2\/product_tag?post=4505"}],"curies":[{"name":"wp","href":"https:\/\/api.w.org\/{rel}","templated":true}]}}