{"id":4517,"date":"2025-04-15T09:14:14","date_gmt":"2025-04-15T09:14:14","guid":{"rendered":"https:\/\/xenonkungen.com\/product\/meguiars-waterless-wheel-tire-cleaner\/"},"modified":"2026-04-11T01:16:51","modified_gmt":"2026-04-11T00:16:51","slug":"meguiars-waterless-wheel-tire-cleaner","status":"publish","type":"product","link":"https:\/\/xenonkungen.com\/en\/product\/meguiars-waterless-wheel-tire-cleaner\/","title":{"rendered":"Meguiar's Waterless Wheel &amp; Tyre Cleaner"},"content":{"rendered":"<h1>Ultimate Waterless Wheel &amp; Tyre Cleaner<\/h1>\n<p>No water? No problem!<\/p>\n<p>With Ultimate Waterless Wheel &amp; Tire Cleaner you can wash rims and apply tyre shine in one easy step. Spray on and wipe off with a microfibre cloth. The product dissolves dirt and brake dust while giving you really shiny rims and a deep black on your tyres. The perfect maintenance product between washes or after bank runs to keep your tyres and rims in top condition.<\/p>\n<p><strong>Content (ml):<\/strong> 709<\/p>\n<h2><strong> Warning!<\/strong><\/h2>\n<p><strong>Colour coding:<\/strong><\/p>\n<ul>\n<li>May be fatal if swallowed and gets into the airways<\/li>\n<\/ul>\n<p><strong>Protective designations:<\/strong><\/p>\n<ul>\n<li>Keep the pack or label handy in case you need to seek medical attention<\/li>\n<li>Keep out of reach of children<\/li>\n<li>IF SWALLOWED: Contact POISON CENTRE or doctor immediately<\/li>\n<li>Do NOT induce vomiting<\/li>\n<li>Kept under lock and key<\/li>\n<li>The contents and the container are delivered to an authorised waste management facility<\/li>\n<\/ul>","protected":false},"excerpt":{"rendered":"<p>No water? No problem! Wash rims and apply tyre shine without water!<\/p>","protected":false},"featured_media":4518,"comment_status":"closed","ping_status":"closed","template":"","meta":{"_acf_changed":false,"_smort_price_nok":"260","_smort_price_dkk":"223","_smort_price_eur":"29.91","_smort_sale_price_nok":"260","_smort_sale_price_dkk":"","_smort_sale_price_eur":"23.91","smort_restorder":"","shipmondo_restorder":"","_kad_blocks_custom_css":"","_kad_blocks_head_custom_js":"","_kad_blocks_body_custom_js":"","_kad_blocks_footer_custom_js":"","smort_custom_pricelist_1":"210.56","smort_custom_pricelist_2":"210.56","smort_custom_pricelist_3":"200.03","smort_custom_pricelist_4":"263.2","smort_custom_pricelist_5":"210.56"},"anvandningsomrade":[2817],"bilmarken":[],"product_brand":[1383],"product_cat":[2990,378,1402],"product_tag":[],"class_list":{"0":"post-4517","1":"product","2":"type-product","3":"status-publish","4":"has-post-thumbnail","6":"anvandningsomrade-dack-falg","7":"product_brand-meguiars","8":"product_cat-dack-och-falg","9":"product_cat-bilvard","10":"product_cat-outlet","12":"first","13":"instock","14":"sale","15":"taxable","16":"shipping-taxable","17":"purchasable","18":"product-type-simple"},"bundled_by":[],"bundle_stock_status":"instock","bundle_stock_quantity":4,"bundle_virtual":false,"bundle_layout":"","bundle_add_to_cart_form_location":"","bundle_editable_in_cart":false,"bundle_sold_individually_context":"","bundle_item_grouping":"","bundle_min_size":"","bundle_max_size":"","bundle_price":[],"bundled_items":[],"bundle_sell_ids":[],"acf":[],"yoast_head":"<!-- This site is optimized with the Yoast SEO plugin v27.0 - https:\/\/yoast.com\/product\/yoast-seo-wordpress\/ -->\n<title>Meguiar&#039;s Waterless Wheel &amp; Tire Cleaner - Xenonkungen<\/title>\n<meta name=\"robots\" content=\"index, follow, max-snippet:-1, max-image-preview:large, max-video-preview:-1\" \/>\n<link rel=\"canonical\" href=\"https:\/\/xenonkungen.com\/en\/product\/meguiars-waterless-wheel-tire-cleaner\/\" \/>\n<meta property=\"og:locale\" content=\"en_GB\" \/>\n<meta property=\"og:type\" content=\"article\" \/>\n<meta property=\"og:title\" content=\"Meguiar&#039;s Waterless Wheel &amp; Tire Cleaner - Xenonkungen\" \/>\n<meta property=\"og:description\" content=\"Inget vatten? Inget problem! Tv\u00e4tta f\u00e4lgar och applicera d\u00e4ckglans utan vatten!\" \/>\n<meta property=\"og:url\" content=\"https:\/\/xenonkungen.com\/en\/product\/meguiars-waterless-wheel-tire-cleaner\/\" \/>\n<meta property=\"og:site_name\" content=\"Xenonkungen\" \/>\n<meta property=\"article:modified_time\" content=\"2026-04-11T00:16:51+00:00\" \/>\n<meta property=\"og:image\" content=\"https:\/\/xenonkungen.com\/wp-content\/uploads\/2025\/04\/190087971-origpic-85854b.png\" \/>\n\t<meta property=\"og:image:width\" content=\"283\" \/>\n\t<meta property=\"og:image:height\" content=\"600\" \/>\n\t<meta property=\"og:image:type\" content=\"image\/png\" \/>\n<meta name=\"twitter:card\" content=\"summary_large_image\" \/>\n<meta name=\"twitter:label1\" content=\"Estimated reading time\" \/>\n\t<meta name=\"twitter:data1\" content=\"1 minute\" \/>\n<script type=\"application\/ld+json\" class=\"yoast-schema-graph\">{\"@context\":\"https:\/\/schema.org\",\"@graph\":[{\"@type\":\"WebPage\",\"@id\":\"https:\/\/xenonkungen.com\/produkt\/meguiars-waterless-wheel-tire-cleaner\/\",\"url\":\"https:\/\/xenonkungen.com\/produkt\/meguiars-waterless-wheel-tire-cleaner\/\",\"name\":\"Meguiar's Waterless Wheel & Tire Cleaner - Xenonkungen\",\"isPartOf\":{\"@id\":\"https:\/\/xenonkungen.com\/#website\"},\"primaryImageOfPage\":{\"@id\":\"https:\/\/xenonkungen.com\/produkt\/meguiars-waterless-wheel-tire-cleaner\/#primaryimage\"},\"image\":{\"@id\":\"https:\/\/xenonkungen.com\/produkt\/meguiars-waterless-wheel-tire-cleaner\/#primaryimage\"},\"thumbnailUrl\":\"https:\/\/xenonkungen.com\/wp-content\/uploads\/2025\/04\/190087971-origpic-85854b.png\",\"datePublished\":\"2025-04-15T09:14:14+00:00\",\"dateModified\":\"2026-04-11T00:16:51+00:00\",\"breadcrumb\":{\"@id\":\"https:\/\/xenonkungen.com\/produkt\/meguiars-waterless-wheel-tire-cleaner\/#breadcrumb\"},\"inLanguage\":\"en-GB\",\"potentialAction\":[{\"@type\":\"ReadAction\",\"target\":[\"https:\/\/xenonkungen.com\/produkt\/meguiars-waterless-wheel-tire-cleaner\/\"]}]},{\"@type\":\"ImageObject\",\"inLanguage\":\"en-GB\",\"@id\":\"https:\/\/xenonkungen.com\/produkt\/meguiars-waterless-wheel-tire-cleaner\/#primaryimage\",\"url\":\"https:\/\/xenonkungen.com\/wp-content\/uploads\/2025\/04\/190087971-origpic-85854b.png\",\"contentUrl\":\"https:\/\/xenonkungen.com\/wp-content\/uploads\/2025\/04\/190087971-origpic-85854b.png\",\"width\":283,\"height\":600},{\"@type\":\"BreadcrumbList\",\"@id\":\"https:\/\/xenonkungen.com\/produkt\/meguiars-waterless-wheel-tire-cleaner\/#breadcrumb\",\"itemListElement\":[{\"@type\":\"ListItem\",\"position\":1,\"name\":\"Hem\",\"item\":\"https:\/\/xenonkungen.com\/\"},{\"@type\":\"ListItem\",\"position\":2,\"name\":\"Shop\",\"item\":\"https:\/\/xenonkungen.com\/shop\/\"},{\"@type\":\"ListItem\",\"position\":3,\"name\":\"Meguiar&#8217;s Waterless Wheel &#038; Tire Cleaner\"}]},{\"@type\":\"WebSite\",\"@id\":\"https:\/\/xenonkungen.com\/#website\",\"url\":\"https:\/\/xenonkungen.com\/\",\"name\":\"Xenonkungen\",\"description\":\"\",\"potentialAction\":[{\"@type\":\"SearchAction\",\"target\":{\"@type\":\"EntryPoint\",\"urlTemplate\":\"https:\/\/xenonkungen.com\/?s={search_term_string}\"},\"query-input\":{\"@type\":\"PropertyValueSpecification\",\"valueRequired\":true,\"valueName\":\"search_term_string\"}}],\"inLanguage\":\"en-GB\"}]}<\/script>\n<!-- \/ Yoast SEO plugin. -->","yoast_head_json":{"title":"Meguiar&#039;s Waterless Wheel &amp; Tire Cleaner - The Xenon King","robots":{"index":"index","follow":"follow","max-snippet":"max-snippet:-1","max-image-preview":"max-image-preview:large","max-video-preview":"max-video-preview:-1"},"canonical":"https:\/\/xenonkungen.com\/en\/product\/meguiars-waterless-wheel-tire-cleaner\/","og_locale":"en_GB","og_type":"article","og_title":"Meguiar's Waterless Wheel & Tire Cleaner - Xenonkungen","og_description":"Inget vatten? Inget problem! Tv\u00e4tta f\u00e4lgar och applicera d\u00e4ckglans utan vatten!","og_url":"https:\/\/xenonkungen.com\/en\/product\/meguiars-waterless-wheel-tire-cleaner\/","og_site_name":"Xenonkungen","article_modified_time":"2026-04-11T00:16:51+00:00","og_image":[{"width":283,"height":600,"url":"https:\/\/xenonkungen.com\/wp-content\/uploads\/2025\/04\/190087971-origpic-85854b.png","type":"image\/png"}],"twitter_card":"summary_large_image","twitter_misc":{"Estimated reading time":"1 minute"},"schema":{"@context":"https:\/\/schema.org","@graph":[{"@type":"WebPage","@id":"https:\/\/xenonkungen.com\/produkt\/meguiars-waterless-wheel-tire-cleaner\/","url":"https:\/\/xenonkungen.com\/produkt\/meguiars-waterless-wheel-tire-cleaner\/","name":"Meguiar&#039;s Waterless Wheel &amp; Tire Cleaner - The Xenon King","isPartOf":{"@id":"https:\/\/xenonkungen.com\/#website"},"primaryImageOfPage":{"@id":"https:\/\/xenonkungen.com\/produkt\/meguiars-waterless-wheel-tire-cleaner\/#primaryimage"},"image":{"@id":"https:\/\/xenonkungen.com\/produkt\/meguiars-waterless-wheel-tire-cleaner\/#primaryimage"},"thumbnailUrl":"https:\/\/xenonkungen.com\/wp-content\/uploads\/2025\/04\/190087971-origpic-85854b.png","datePublished":"2025-04-15T09:14:14+00:00","dateModified":"2026-04-11T00:16:51+00:00","breadcrumb":{"@id":"https:\/\/xenonkungen.com\/produkt\/meguiars-waterless-wheel-tire-cleaner\/#breadcrumb"},"inLanguage":"en-GB","potentialAction":[{"@type":"ReadAction","target":["https:\/\/xenonkungen.com\/produkt\/meguiars-waterless-wheel-tire-cleaner\/"]}]},{"@type":"ImageObject","inLanguage":"en-GB","@id":"https:\/\/xenonkungen.com\/produkt\/meguiars-waterless-wheel-tire-cleaner\/#primaryimage","url":"https:\/\/xenonkungen.com\/wp-content\/uploads\/2025\/04\/190087971-origpic-85854b.png","contentUrl":"https:\/\/xenonkungen.com\/wp-content\/uploads\/2025\/04\/190087971-origpic-85854b.png","width":283,"height":600},{"@type":"BreadcrumbList","@id":"https:\/\/xenonkungen.com\/produkt\/meguiars-waterless-wheel-tire-cleaner\/#breadcrumb","itemListElement":[{"@type":"ListItem","position":1,"name":"Hem","item":"https:\/\/xenonkungen.com\/"},{"@type":"ListItem","position":2,"name":"Shop","item":"https:\/\/xenonkungen.com\/shop\/"},{"@type":"ListItem","position":3,"name":"Meguiar&#8217;s Waterless Wheel &#038; Tire Cleaner"}]},{"@type":"WebSite","@id":"https:\/\/xenonkungen.com\/#website","url":"https:\/\/xenonkungen.com\/","name":"Xenonkungen","description":"","potentialAction":[{"@type":"SearchAction","target":{"@type":"EntryPoint","urlTemplate":"https:\/\/xenonkungen.com\/?s={search_term_string}"},"query-input":{"@type":"PropertyValueSpecification","valueRequired":true,"valueName":"search_term_string"}}],"inLanguage":"en-GB"}]}},"taxonomy_info":{"anvandningsomrade":[{"value":2817,"label":"D\u00c4CK &amp; F\u00c4LG"}],"product_brand":[{"value":1383,"label":"Meguiar's"}],"product_cat":[{"value":2990,"label":"D\u00e4ck &amp; F\u00e4lg"},{"value":378,"label":"Bilv\u00e5rd"},{"value":1402,"label":"Outlet"}]},"featured_image_src_large":["https:\/\/xenonkungen.com\/wp-content\/uploads\/2025\/04\/190087971-origpic-85854b.png",283,600,false],"author_info":[],"comment_info":0,"_links":{"self":[{"href":"https:\/\/xenonkungen.com\/en\/wp-json\/wp\/v2\/product\/4517","targetHints":{"allow":["GET"]}}],"collection":[{"href":"https:\/\/xenonkungen.com\/en\/wp-json\/wp\/v2\/product"}],"about":[{"href":"https:\/\/xenonkungen.com\/en\/wp-json\/wp\/v2\/types\/product"}],"replies":[{"embeddable":true,"href":"https:\/\/xenonkungen.com\/en\/wp-json\/wp\/v2\/comments?post=4517"}],"wp:featuredmedia":[{"embeddable":true,"href":"https:\/\/xenonkungen.com\/en\/wp-json\/wp\/v2\/media\/4518"}],"wp:attachment":[{"href":"https:\/\/xenonkungen.com\/en\/wp-json\/wp\/v2\/media?parent=4517"}],"wp:term":[{"taxonomy":"anvandningsomrade","embeddable":true,"href":"https:\/\/xenonkungen.com\/en\/wp-json\/wp\/v2\/anvandningsomrade?post=4517"},{"taxonomy":"bilmarken","embeddable":true,"href":"https:\/\/xenonkungen.com\/en\/wp-json\/wp\/v2\/bilmarken?post=4517"},{"taxonomy":"product_brand","embeddable":true,"href":"https:\/\/xenonkungen.com\/en\/wp-json\/wp\/v2\/product_brand?post=4517"},{"taxonomy":"product_cat","embeddable":true,"href":"https:\/\/xenonkungen.com\/en\/wp-json\/wp\/v2\/product_cat?post=4517"},{"taxonomy":"product_tag","embeddable":true,"href":"https:\/\/xenonkungen.com\/en\/wp-json\/wp\/v2\/product_tag?post=4517"}],"curies":[{"name":"wp","href":"https:\/\/api.w.org\/{rel}","templated":true}]}}