{"id":4824,"date":"2025-04-15T09:18:47","date_gmt":"2025-04-15T09:18:47","guid":{"rendered":"https:\/\/xenonkungen.com\/product\/bullboy-agriline-stralkastare-7tum\/"},"modified":"2025-12-10T14:45:56","modified_gmt":"2025-12-10T13:45:56","slug":"bullboy-agriline-spotlight-7-inch","status":"publish","type":"product","link":"https:\/\/xenonkungen.com\/en\/product\/bullboy-agriline-spotlight-7-inch\/","title":{"rendered":"Bullboy Agriline Headlight 7 inch"},"content":{"rendered":"<h1>LED headlight 5 \u00be with LED parking light + 7\u2033 adapter ring, retractable, replaces H4<\/h1>\n<h2>Superior lighting with long-lasting durability<\/h2>\n<p>Discover superior lighting for your vehicle with this LED headlight equipped with LED parking lights. Designed to easily replace H4 headlights, this unit offers bright and clear illumination while ensuring easy installation with a 7\u2033 adapter ring.<\/p>\n<h3>UV protected and reinforced polycarbonate lens<\/h3>\n<p>The floodlight has a UV-protected and reinforced polycarbonate lens. This design ensures the longevity of the light and protects it from harmful UV rays. You can drive safely in any weather without worrying about the quality of your lighting system.<\/p>\n<h3>Robust aluminium frame<\/h3>\n<p>Encased in a robust aluminum frame, the LED spotlight offers both stability and durability. With dimensions of \u00d8144.4\u00d788 mm, the compact spotlight ensures easy and convenient mounting.<\/p>\n<h3>Energy-efficient lighting<\/h3>\n<p>With a power of 15W, this LED floodlight provides bright and clear low beams. It is compatible with a 12V power source and consumes 1.31A of current. This combination of energy efficiency and brightness makes the LED headlight an excellent choice for vehicle lighting.<\/p>\n<h2>Conclusion<\/h2>\n<p>In conclusion, this LED headlight with parking light offers a reliable and powerful lighting solution for your vehicle. Its high-quality materials and efficient lighting make it an excellent choice for cars and other vehicles.<\/p>","protected":false},"excerpt":{"rendered":"<p>LED-str\u00e5lkastare 5 \u00be med LED-parkeringsljus + 7&#8243; adapterring, inf\u00e4llbar, ers\u00e4tter H4 \u00d6verl\u00e4gsen belysning med l\u00e5ngvarig h\u00e5llbarhet Uppt\u00e4ck \u00f6verl\u00e4gsen belysning f\u00f6r ditt fordon med denna LED-str\u00e5lkastare utrustad med LED-parkeringsljus. Designad f\u00f6r att enkelt ers\u00e4tta H4-str\u00e5lkastare, erbjuder denna enhet ljus och klar belysning samtidigt som den s\u00e4kerst\u00e4ller enkel installation med en 7&#8243; adapterring. UV-skyddad och f\u00f6rst\u00e4rkt polykarbonatlins [&hellip;]<\/p>","protected":false},"featured_media":4825,"comment_status":"closed","ping_status":"open","template":"","meta":{"_acf_changed":false,"_smort_price_nok":"1923","_smort_price_dkk":"1221","_smort_price_eur":"163.63","_smort_sale_price_nok":"","_smort_sale_price_dkk":"","_smort_sale_price_eur":"","smort_restorder":"","shipmondo_restorder":"","_kad_blocks_custom_css":"","_kad_blocks_head_custom_js":"","_kad_blocks_body_custom_js":"","_kad_blocks_footer_custom_js":"","smort_custom_pricelist_1":"1152","smort_custom_pricelist_2":"1008","smort_custom_pricelist_3":"957.6","smort_custom_pricelist_4":"1440","smort_custom_pricelist_5":"1008"},"anvandningsomrade":[165,2709,234],"bilmarken":[],"product_brand":[94],"product_cat":[16],"product_tag":[],"class_list":{"0":"post-4824","1":"product","2":"type-product","3":"status-publish","4":"has-post-thumbnail","6":"anvandningsomrade-atv","7":"anvandningsomrade-atv-snoskoter","8":"anvandningsomrade-mc","9":"product_brand-bullboy","10":"product_cat-uncategorized","11":"pa_lampsockel-kontakt-h4","12":"pa_led-chips-effekt-w-510","13":"pa_storlek-mm-1444x88","14":"pa_stromforbrukning-131a12v","15":"pa_volt-v-159","17":"first","18":"onbackorder","19":"taxable","20":"shipping-taxable","21":"purchasable","22":"product-type-simple"},"bundled_by":[],"bundle_stock_status":"onbackorder","bundle_stock_quantity":0,"bundle_virtual":false,"bundle_layout":"","bundle_add_to_cart_form_location":"","bundle_editable_in_cart":false,"bundle_sold_individually_context":"","bundle_item_grouping":"","bundle_min_size":"","bundle_max_size":"","bundle_price":[],"bundled_items":[],"bundle_sell_ids":[],"acf":[],"yoast_head":"<!-- This site is optimized with the Yoast SEO plugin v27.0 - https:\/\/yoast.com\/product\/yoast-seo-wordpress\/ -->\n<title>Bullboy Agriline Str\u00e5lkastare 7tum - Xenonkungen<\/title>\n<meta name=\"robots\" content=\"index, follow, max-snippet:-1, max-image-preview:large, max-video-preview:-1\" \/>\n<link rel=\"canonical\" href=\"https:\/\/xenonkungen.com\/en\/product\/bullboy-agriline-spotlight-7-inch\/\" \/>\n<meta property=\"og:locale\" content=\"en_GB\" \/>\n<meta property=\"og:type\" content=\"article\" \/>\n<meta property=\"og:title\" content=\"Bullboy Agriline Str\u00e5lkastare 7tum - Xenonkungen\" \/>\n<meta property=\"og:description\" content=\"LED-str\u00e5lkastare 5 \u00be med LED-parkeringsljus + 7&#8243; adapterring, inf\u00e4llbar, ers\u00e4tter H4 \u00d6verl\u00e4gsen belysning med l\u00e5ngvarig h\u00e5llbarhet Uppt\u00e4ck \u00f6verl\u00e4gsen belysning f\u00f6r ditt fordon med denna LED-str\u00e5lkastare utrustad med LED-parkeringsljus. Designad f\u00f6r att enkelt ers\u00e4tta H4-str\u00e5lkastare, erbjuder denna enhet ljus och klar belysning samtidigt som den s\u00e4kerst\u00e4ller enkel installation med en 7&#8243; adapterring. UV-skyddad och f\u00f6rst\u00e4rkt polykarbonatlins [&hellip;]\" \/>\n<meta property=\"og:url\" content=\"https:\/\/xenonkungen.com\/en\/product\/bullboy-agriline-spotlight-7-inch\/\" \/>\n<meta property=\"og:site_name\" content=\"Xenonkungen\" \/>\n<meta property=\"article:modified_time\" content=\"2025-12-10T13:45:56+00:00\" \/>\n<meta property=\"og:image\" content=\"https:\/\/xenonkungen.com\/wp-content\/uploads\/2025\/04\/204076219-origpic-55a3da.jpg\" \/>\n\t<meta property=\"og:image:width\" content=\"1000\" \/>\n\t<meta property=\"og:image:height\" content=\"1000\" \/>\n\t<meta property=\"og:image:type\" content=\"image\/jpeg\" \/>\n<meta name=\"twitter:card\" content=\"summary_large_image\" \/>\n<meta name=\"twitter:label1\" content=\"Estimated reading time\" \/>\n\t<meta name=\"twitter:data1\" content=\"1 minute\" \/>\n<script type=\"application\/ld+json\" class=\"yoast-schema-graph\">{\"@context\":\"https:\/\/schema.org\",\"@graph\":[{\"@type\":\"WebPage\",\"@id\":\"https:\/\/xenonkungen.com\/produkt\/bullboy-agriline-stralkastare-7tum\/\",\"url\":\"https:\/\/xenonkungen.com\/produkt\/bullboy-agriline-stralkastare-7tum\/\",\"name\":\"Bullboy Agriline Str\u00e5lkastare 7tum - Xenonkungen\",\"isPartOf\":{\"@id\":\"https:\/\/xenonkungen.com\/#website\"},\"primaryImageOfPage\":{\"@id\":\"https:\/\/xenonkungen.com\/produkt\/bullboy-agriline-stralkastare-7tum\/#primaryimage\"},\"image\":{\"@id\":\"https:\/\/xenonkungen.com\/produkt\/bullboy-agriline-stralkastare-7tum\/#primaryimage\"},\"thumbnailUrl\":\"https:\/\/xenonkungen.com\/wp-content\/uploads\/2025\/04\/204076219-origpic-55a3da.jpg\",\"datePublished\":\"2025-04-15T09:18:47+00:00\",\"dateModified\":\"2025-12-10T13:45:56+00:00\",\"breadcrumb\":{\"@id\":\"https:\/\/xenonkungen.com\/produkt\/bullboy-agriline-stralkastare-7tum\/#breadcrumb\"},\"inLanguage\":\"en-GB\",\"potentialAction\":[{\"@type\":\"ReadAction\",\"target\":[\"https:\/\/xenonkungen.com\/produkt\/bullboy-agriline-stralkastare-7tum\/\"]}]},{\"@type\":\"ImageObject\",\"inLanguage\":\"en-GB\",\"@id\":\"https:\/\/xenonkungen.com\/produkt\/bullboy-agriline-stralkastare-7tum\/#primaryimage\",\"url\":\"https:\/\/xenonkungen.com\/wp-content\/uploads\/2025\/04\/204076219-origpic-55a3da.jpg\",\"contentUrl\":\"https:\/\/xenonkungen.com\/wp-content\/uploads\/2025\/04\/204076219-origpic-55a3da.jpg\",\"width\":1000,\"height\":1000},{\"@type\":\"BreadcrumbList\",\"@id\":\"https:\/\/xenonkungen.com\/produkt\/bullboy-agriline-stralkastare-7tum\/#breadcrumb\",\"itemListElement\":[{\"@type\":\"ListItem\",\"position\":1,\"name\":\"Hem\",\"item\":\"https:\/\/xenonkungen.com\/\"},{\"@type\":\"ListItem\",\"position\":2,\"name\":\"Shop\",\"item\":\"https:\/\/xenonkungen.com\/shop\/\"},{\"@type\":\"ListItem\",\"position\":3,\"name\":\"Bullboy Agriline Str\u00e5lkastare 7tum\"}]},{\"@type\":\"WebSite\",\"@id\":\"https:\/\/xenonkungen.com\/#website\",\"url\":\"https:\/\/xenonkungen.com\/\",\"name\":\"Xenonkungen\",\"description\":\"\",\"potentialAction\":[{\"@type\":\"SearchAction\",\"target\":{\"@type\":\"EntryPoint\",\"urlTemplate\":\"https:\/\/xenonkungen.com\/?s={search_term_string}\"},\"query-input\":{\"@type\":\"PropertyValueSpecification\",\"valueRequired\":true,\"valueName\":\"search_term_string\"}}],\"inLanguage\":\"en-GB\"}]}<\/script>\n<!-- \/ Yoast SEO plugin. -->","yoast_head_json":{"title":"Bullboy Agriline Headlight 7inch - Xenonkungen","robots":{"index":"index","follow":"follow","max-snippet":"max-snippet:-1","max-image-preview":"max-image-preview:large","max-video-preview":"max-video-preview:-1"},"canonical":"https:\/\/xenonkungen.com\/en\/product\/bullboy-agriline-spotlight-7-inch\/","og_locale":"en_GB","og_type":"article","og_title":"Bullboy Agriline Str\u00e5lkastare 7tum - Xenonkungen","og_description":"LED-str\u00e5lkastare 5 \u00be med LED-parkeringsljus + 7&#8243; adapterring, inf\u00e4llbar, ers\u00e4tter H4 \u00d6verl\u00e4gsen belysning med l\u00e5ngvarig h\u00e5llbarhet Uppt\u00e4ck \u00f6verl\u00e4gsen belysning f\u00f6r ditt fordon med denna LED-str\u00e5lkastare utrustad med LED-parkeringsljus. Designad f\u00f6r att enkelt ers\u00e4tta H4-str\u00e5lkastare, erbjuder denna enhet ljus och klar belysning samtidigt som den s\u00e4kerst\u00e4ller enkel installation med en 7&#8243; adapterring. UV-skyddad och f\u00f6rst\u00e4rkt polykarbonatlins [&hellip;]","og_url":"https:\/\/xenonkungen.com\/en\/product\/bullboy-agriline-spotlight-7-inch\/","og_site_name":"Xenonkungen","article_modified_time":"2025-12-10T13:45:56+00:00","og_image":[{"width":1000,"height":1000,"url":"https:\/\/xenonkungen.com\/wp-content\/uploads\/2025\/04\/204076219-origpic-55a3da.jpg","type":"image\/jpeg"}],"twitter_card":"summary_large_image","twitter_misc":{"Estimated reading time":"1 minute"},"schema":{"@context":"https:\/\/schema.org","@graph":[{"@type":"WebPage","@id":"https:\/\/xenonkungen.com\/produkt\/bullboy-agriline-stralkastare-7tum\/","url":"https:\/\/xenonkungen.com\/produkt\/bullboy-agriline-stralkastare-7tum\/","name":"Bullboy Agriline Headlight 7inch - Xenonkungen","isPartOf":{"@id":"https:\/\/xenonkungen.com\/#website"},"primaryImageOfPage":{"@id":"https:\/\/xenonkungen.com\/produkt\/bullboy-agriline-stralkastare-7tum\/#primaryimage"},"image":{"@id":"https:\/\/xenonkungen.com\/produkt\/bullboy-agriline-stralkastare-7tum\/#primaryimage"},"thumbnailUrl":"https:\/\/xenonkungen.com\/wp-content\/uploads\/2025\/04\/204076219-origpic-55a3da.jpg","datePublished":"2025-04-15T09:18:47+00:00","dateModified":"2025-12-10T13:45:56+00:00","breadcrumb":{"@id":"https:\/\/xenonkungen.com\/produkt\/bullboy-agriline-stralkastare-7tum\/#breadcrumb"},"inLanguage":"en-GB","potentialAction":[{"@type":"ReadAction","target":["https:\/\/xenonkungen.com\/produkt\/bullboy-agriline-stralkastare-7tum\/"]}]},{"@type":"ImageObject","inLanguage":"en-GB","@id":"https:\/\/xenonkungen.com\/produkt\/bullboy-agriline-stralkastare-7tum\/#primaryimage","url":"https:\/\/xenonkungen.com\/wp-content\/uploads\/2025\/04\/204076219-origpic-55a3da.jpg","contentUrl":"https:\/\/xenonkungen.com\/wp-content\/uploads\/2025\/04\/204076219-origpic-55a3da.jpg","width":1000,"height":1000},{"@type":"BreadcrumbList","@id":"https:\/\/xenonkungen.com\/produkt\/bullboy-agriline-stralkastare-7tum\/#breadcrumb","itemListElement":[{"@type":"ListItem","position":1,"name":"Hem","item":"https:\/\/xenonkungen.com\/"},{"@type":"ListItem","position":2,"name":"Shop","item":"https:\/\/xenonkungen.com\/shop\/"},{"@type":"ListItem","position":3,"name":"Bullboy Agriline Str\u00e5lkastare 7tum"}]},{"@type":"WebSite","@id":"https:\/\/xenonkungen.com\/#website","url":"https:\/\/xenonkungen.com\/","name":"Xenonkungen","description":"","potentialAction":[{"@type":"SearchAction","target":{"@type":"EntryPoint","urlTemplate":"https:\/\/xenonkungen.com\/?s={search_term_string}"},"query-input":{"@type":"PropertyValueSpecification","valueRequired":true,"valueName":"search_term_string"}}],"inLanguage":"en-GB"}]}},"taxonomy_info":{"anvandningsomrade":[{"value":165,"label":"ATV"},{"value":2709,"label":"ATV \/ Sn\u00f6skoter"},{"value":234,"label":"MC"}],"product_brand":[{"value":94,"label":"Bullboy"}],"product_cat":[{"value":16,"label":"Uncategorized"}],"pa_lampsockel-kontakt":[{"value":340,"label":"H4"}],"pa_led-chips-effekt-w":[{"value":510,"label":"15"}],"pa_storlek-mm":[{"value":1462,"label":"144,4x88"}],"pa_stromforbrukning":[{"value":1463,"label":"1,31A@12V"}],"pa_volt-v":[{"value":159,"label":"12"}]},"featured_image_src_large":["https:\/\/xenonkungen.com\/wp-content\/uploads\/2025\/04\/204076219-origpic-55a3da.jpg",1000,1000,false],"author_info":[],"comment_info":0,"_links":{"self":[{"href":"https:\/\/xenonkungen.com\/en\/wp-json\/wp\/v2\/product\/4824","targetHints":{"allow":["GET"]}}],"collection":[{"href":"https:\/\/xenonkungen.com\/en\/wp-json\/wp\/v2\/product"}],"about":[{"href":"https:\/\/xenonkungen.com\/en\/wp-json\/wp\/v2\/types\/product"}],"replies":[{"embeddable":true,"href":"https:\/\/xenonkungen.com\/en\/wp-json\/wp\/v2\/comments?post=4824"}],"wp:featuredmedia":[{"embeddable":true,"href":"https:\/\/xenonkungen.com\/en\/wp-json\/wp\/v2\/media\/4825"}],"wp:attachment":[{"href":"https:\/\/xenonkungen.com\/en\/wp-json\/wp\/v2\/media?parent=4824"}],"wp:term":[{"taxonomy":"anvandningsomrade","embeddable":true,"href":"https:\/\/xenonkungen.com\/en\/wp-json\/wp\/v2\/anvandningsomrade?post=4824"},{"taxonomy":"bilmarken","embeddable":true,"href":"https:\/\/xenonkungen.com\/en\/wp-json\/wp\/v2\/bilmarken?post=4824"},{"taxonomy":"product_brand","embeddable":true,"href":"https:\/\/xenonkungen.com\/en\/wp-json\/wp\/v2\/product_brand?post=4824"},{"taxonomy":"product_cat","embeddable":true,"href":"https:\/\/xenonkungen.com\/en\/wp-json\/wp\/v2\/product_cat?post=4824"},{"taxonomy":"product_tag","embeddable":true,"href":"https:\/\/xenonkungen.com\/en\/wp-json\/wp\/v2\/product_tag?post=4824"}],"curies":[{"name":"wp","href":"https:\/\/api.w.org\/{rel}","templated":true}]}}