{"id":4828,"date":"2025-04-15T09:18:59","date_gmt":"2025-04-15T09:18:59","guid":{"rendered":"https:\/\/xenonkungen.com\/product\/nordic-light-arbetsbelysning-42w\/"},"modified":"2026-05-04T08:47:08","modified_gmt":"2026-05-04T07:47:08","slug":"nordic-light-work-light-42w","status":"publish","type":"product","link":"https:\/\/xenonkungen.com\/en\/product\/nordic-light-work-light-42w\/","title":{"rendered":"Nordic Light Work light 42W"},"content":{"rendered":"<h1>KL1401 Spotlight from Nordic Light: Quality and Brightness in one package<\/h1>\n<h2>Unique features and benefits<\/h2>\n<p>With the KL1401 headlamp from Nordic Light you get outstanding light output and quality construction. The floodlight is designed with a robust aluminium frame and a durable polycarbonate lens, ensuring durability and long life. The headlamp offers an impressive colour temperature of 5700K, providing a light close to daylight for optimal visibility. With a theoretical luminous flux of 3200lm and an operational luminous flux of 2000lm, this powerful warning light is designed to be seen in all conditions. The KL1401 is EMC approved according to CISPR25, class 5, which means it complies with international standards for electromagnetic compatibility. In addition, it is equipped with a built-in Deutsch 2-pin connector for easy installation. The floodlight is also IP69-rated, which means it is protected against dust and pressure washing.<\/p>","protected":false},"excerpt":{"rendered":"<p>KL1401 Str\u00e5lkastare fr\u00e5n Nordic Light: Kvalitet och Ljusstyrka i ett paket Unika funktioner och f\u00f6rdelar Med KL1401-str\u00e5lkastaren fr\u00e5n Nordic Light f\u00e5r du enast\u00e5ende ljuskraft och kvalitetskonstruktion. Str\u00e5lkastaren \u00e4r framtagen med en robust aluminiumram och en slitstark polykarbonatlins, vilket garanterar h\u00e5llbarhet och l\u00e5ng livsl\u00e4ngd. Str\u00e5lkastaren erbjuder en imponerande f\u00e4rgtemperatur p\u00e5 5 700K, vilket ger ett ljus [&hellip;]<\/p>","protected":false},"featured_media":4829,"comment_status":"closed","ping_status":"closed","template":"","meta":{"_acf_changed":false,"_smort_price_nok":"1495","_smort_price_dkk":"950","_smort_price_eur":"127.27","_smort_sale_price_nok":"","_smort_sale_price_dkk":"","_smort_sale_price_eur":"","smort_restorder":"","shipmondo_restorder":"","_kad_blocks_custom_css":"","_kad_blocks_head_custom_js":"","_kad_blocks_body_custom_js":"","_kad_blocks_footer_custom_js":"","smort_custom_pricelist_1":"896","smort_custom_pricelist_2":"784","smort_custom_pricelist_3":"744.8","smort_custom_pricelist_4":"1120","smort_custom_pricelist_5":"784"},"anvandningsomrade":[],"bilmarken":[],"product_brand":[103],"product_cat":[508],"product_tag":[],"class_list":{"0":"post-4828","1":"product","2":"type-product","3":"status-publish","4":"has-post-thumbnail","6":"product_brand-luxtar","7":"product_cat-arbetsbelysning","8":"pa_godkannande-emc-cispr25-cl5","9":"pa_lampsockel-kontakt-inbyggd-dt","10":"pa_led-chips-effekt-w-1092","11":"pa_storlek-mm-110x137x74","12":"pa_volt-v-12-24","14":"first","15":"onbackorder","16":"taxable","17":"shipping-taxable","18":"purchasable","19":"product-type-simple"},"bundled_by":[],"bundle_stock_status":"onbackorder","bundle_stock_quantity":0,"bundle_virtual":false,"bundle_layout":"","bundle_add_to_cart_form_location":"","bundle_editable_in_cart":false,"bundle_sold_individually_context":"","bundle_item_grouping":"","bundle_min_size":"","bundle_max_size":"","bundle_price":[],"bundled_items":[],"bundle_sell_ids":[],"acf":[],"yoast_head":"<!-- This site is optimized with the Yoast SEO plugin v27.0 - https:\/\/yoast.com\/product\/yoast-seo-wordpress\/ -->\n<title>Nordic Light Arbetsbelysning 42W - Xenonkungen<\/title>\n<meta name=\"robots\" content=\"index, follow, max-snippet:-1, max-image-preview:large, max-video-preview:-1\" \/>\n<link rel=\"canonical\" href=\"https:\/\/xenonkungen.com\/en\/product\/nordic-light-work-light-42w\/\" \/>\n<meta property=\"og:locale\" content=\"en_GB\" \/>\n<meta property=\"og:type\" content=\"article\" \/>\n<meta property=\"og:title\" content=\"Nordic Light Arbetsbelysning 42W - Xenonkungen\" \/>\n<meta property=\"og:description\" content=\"KL1401 Str\u00e5lkastare fr\u00e5n Nordic Light: Kvalitet och Ljusstyrka i ett paket Unika funktioner och f\u00f6rdelar Med KL1401-str\u00e5lkastaren fr\u00e5n Nordic Light f\u00e5r du enast\u00e5ende ljuskraft och kvalitetskonstruktion. Str\u00e5lkastaren \u00e4r framtagen med en robust aluminiumram och en slitstark polykarbonatlins, vilket garanterar h\u00e5llbarhet och l\u00e5ng livsl\u00e4ngd. Str\u00e5lkastaren erbjuder en imponerande f\u00e4rgtemperatur p\u00e5 5 700K, vilket ger ett ljus [&hellip;]\" \/>\n<meta property=\"og:url\" content=\"https:\/\/xenonkungen.com\/en\/product\/nordic-light-work-light-42w\/\" \/>\n<meta property=\"og:site_name\" content=\"Xenonkungen\" \/>\n<meta property=\"article:modified_time\" content=\"2026-05-04T07:47:08+00:00\" \/>\n<meta property=\"og:image\" content=\"https:\/\/xenonkungen.com\/wp-content\/uploads\/2025\/04\/204076221-origpic-6789c7.jpg\" \/>\n\t<meta property=\"og:image:width\" content=\"400\" \/>\n\t<meta property=\"og:image:height\" content=\"300\" \/>\n\t<meta property=\"og:image:type\" content=\"image\/jpeg\" \/>\n<meta name=\"twitter:card\" content=\"summary_large_image\" \/>\n<meta name=\"twitter:label1\" content=\"Estimated reading time\" \/>\n\t<meta name=\"twitter:data1\" content=\"1 minute\" \/>\n<script type=\"application\/ld+json\" class=\"yoast-schema-graph\">{\"@context\":\"https:\/\/schema.org\",\"@graph\":[{\"@type\":\"WebPage\",\"@id\":\"https:\/\/xenonkungen.com\/produkt\/nordic-light-arbetsbelysning-42w\/\",\"url\":\"https:\/\/xenonkungen.com\/produkt\/nordic-light-arbetsbelysning-42w\/\",\"name\":\"Nordic Light Arbetsbelysning 42W - Xenonkungen\",\"isPartOf\":{\"@id\":\"https:\/\/xenonkungen.com\/#website\"},\"primaryImageOfPage\":{\"@id\":\"https:\/\/xenonkungen.com\/produkt\/nordic-light-arbetsbelysning-42w\/#primaryimage\"},\"image\":{\"@id\":\"https:\/\/xenonkungen.com\/produkt\/nordic-light-arbetsbelysning-42w\/#primaryimage\"},\"thumbnailUrl\":\"https:\/\/xenonkungen.com\/wp-content\/uploads\/2025\/04\/204076221-origpic-6789c7.jpg\",\"datePublished\":\"2025-04-15T09:18:59+00:00\",\"dateModified\":\"2026-05-04T07:47:08+00:00\",\"breadcrumb\":{\"@id\":\"https:\/\/xenonkungen.com\/produkt\/nordic-light-arbetsbelysning-42w\/#breadcrumb\"},\"inLanguage\":\"en-GB\",\"potentialAction\":[{\"@type\":\"ReadAction\",\"target\":[\"https:\/\/xenonkungen.com\/produkt\/nordic-light-arbetsbelysning-42w\/\"]}]},{\"@type\":\"ImageObject\",\"inLanguage\":\"en-GB\",\"@id\":\"https:\/\/xenonkungen.com\/produkt\/nordic-light-arbetsbelysning-42w\/#primaryimage\",\"url\":\"https:\/\/xenonkungen.com\/wp-content\/uploads\/2025\/04\/204076221-origpic-6789c7.jpg\",\"contentUrl\":\"https:\/\/xenonkungen.com\/wp-content\/uploads\/2025\/04\/204076221-origpic-6789c7.jpg\",\"width\":400,\"height\":300},{\"@type\":\"BreadcrumbList\",\"@id\":\"https:\/\/xenonkungen.com\/produkt\/nordic-light-arbetsbelysning-42w\/#breadcrumb\",\"itemListElement\":[{\"@type\":\"ListItem\",\"position\":1,\"name\":\"Hem\",\"item\":\"https:\/\/xenonkungen.com\/\"},{\"@type\":\"ListItem\",\"position\":2,\"name\":\"Shop\",\"item\":\"https:\/\/xenonkungen.com\/shop\/\"},{\"@type\":\"ListItem\",\"position\":3,\"name\":\"Nordic Light Arbetsbelysning 42W\"}]},{\"@type\":\"WebSite\",\"@id\":\"https:\/\/xenonkungen.com\/#website\",\"url\":\"https:\/\/xenonkungen.com\/\",\"name\":\"Xenonkungen\",\"description\":\"\",\"potentialAction\":[{\"@type\":\"SearchAction\",\"target\":{\"@type\":\"EntryPoint\",\"urlTemplate\":\"https:\/\/xenonkungen.com\/?s={search_term_string}\"},\"query-input\":{\"@type\":\"PropertyValueSpecification\",\"valueRequired\":true,\"valueName\":\"search_term_string\"}}],\"inLanguage\":\"en-GB\"}]}<\/script>\n<!-- \/ Yoast SEO plugin. -->","yoast_head_json":{"title":"Nordic Light Work Light 42W - Xenon King","robots":{"index":"index","follow":"follow","max-snippet":"max-snippet:-1","max-image-preview":"max-image-preview:large","max-video-preview":"max-video-preview:-1"},"canonical":"https:\/\/xenonkungen.com\/en\/product\/nordic-light-work-light-42w\/","og_locale":"en_GB","og_type":"article","og_title":"Nordic Light Arbetsbelysning 42W - Xenonkungen","og_description":"KL1401 Str\u00e5lkastare fr\u00e5n Nordic Light: Kvalitet och Ljusstyrka i ett paket Unika funktioner och f\u00f6rdelar Med KL1401-str\u00e5lkastaren fr\u00e5n Nordic Light f\u00e5r du enast\u00e5ende ljuskraft och kvalitetskonstruktion. Str\u00e5lkastaren \u00e4r framtagen med en robust aluminiumram och en slitstark polykarbonatlins, vilket garanterar h\u00e5llbarhet och l\u00e5ng livsl\u00e4ngd. Str\u00e5lkastaren erbjuder en imponerande f\u00e4rgtemperatur p\u00e5 5 700K, vilket ger ett ljus [&hellip;]","og_url":"https:\/\/xenonkungen.com\/en\/product\/nordic-light-work-light-42w\/","og_site_name":"Xenonkungen","article_modified_time":"2026-05-04T07:47:08+00:00","og_image":[{"width":400,"height":300,"url":"https:\/\/xenonkungen.com\/wp-content\/uploads\/2025\/04\/204076221-origpic-6789c7.jpg","type":"image\/jpeg"}],"twitter_card":"summary_large_image","twitter_misc":{"Estimated reading time":"1 minute"},"schema":{"@context":"https:\/\/schema.org","@graph":[{"@type":"WebPage","@id":"https:\/\/xenonkungen.com\/produkt\/nordic-light-arbetsbelysning-42w\/","url":"https:\/\/xenonkungen.com\/produkt\/nordic-light-arbetsbelysning-42w\/","name":"Nordic Light Work Light 42W - Xenon King","isPartOf":{"@id":"https:\/\/xenonkungen.com\/#website"},"primaryImageOfPage":{"@id":"https:\/\/xenonkungen.com\/produkt\/nordic-light-arbetsbelysning-42w\/#primaryimage"},"image":{"@id":"https:\/\/xenonkungen.com\/produkt\/nordic-light-arbetsbelysning-42w\/#primaryimage"},"thumbnailUrl":"https:\/\/xenonkungen.com\/wp-content\/uploads\/2025\/04\/204076221-origpic-6789c7.jpg","datePublished":"2025-04-15T09:18:59+00:00","dateModified":"2026-05-04T07:47:08+00:00","breadcrumb":{"@id":"https:\/\/xenonkungen.com\/produkt\/nordic-light-arbetsbelysning-42w\/#breadcrumb"},"inLanguage":"en-GB","potentialAction":[{"@type":"ReadAction","target":["https:\/\/xenonkungen.com\/produkt\/nordic-light-arbetsbelysning-42w\/"]}]},{"@type":"ImageObject","inLanguage":"en-GB","@id":"https:\/\/xenonkungen.com\/produkt\/nordic-light-arbetsbelysning-42w\/#primaryimage","url":"https:\/\/xenonkungen.com\/wp-content\/uploads\/2025\/04\/204076221-origpic-6789c7.jpg","contentUrl":"https:\/\/xenonkungen.com\/wp-content\/uploads\/2025\/04\/204076221-origpic-6789c7.jpg","width":400,"height":300},{"@type":"BreadcrumbList","@id":"https:\/\/xenonkungen.com\/produkt\/nordic-light-arbetsbelysning-42w\/#breadcrumb","itemListElement":[{"@type":"ListItem","position":1,"name":"Hem","item":"https:\/\/xenonkungen.com\/"},{"@type":"ListItem","position":2,"name":"Shop","item":"https:\/\/xenonkungen.com\/shop\/"},{"@type":"ListItem","position":3,"name":"Nordic Light Arbetsbelysning 42W"}]},{"@type":"WebSite","@id":"https:\/\/xenonkungen.com\/#website","url":"https:\/\/xenonkungen.com\/","name":"Xenonkungen","description":"","potentialAction":[{"@type":"SearchAction","target":{"@type":"EntryPoint","urlTemplate":"https:\/\/xenonkungen.com\/?s={search_term_string}"},"query-input":{"@type":"PropertyValueSpecification","valueRequired":true,"valueName":"search_term_string"}}],"inLanguage":"en-GB"}]}},"taxonomy_info":{"product_brand":[{"value":103,"label":"LUXTAR"}],"product_cat":[{"value":508,"label":"Arbetsbelysning"}],"pa_godkannande":[{"value":1466,"label":"EMC CISPR25 CL5"}],"pa_lampsockel-kontakt":[{"value":1420,"label":"inbyggd DT"}],"pa_led-chips-effekt-w":[{"value":1092,"label":"42"}],"pa_storlek-mm":[{"value":1465,"label":"110x137x74"}],"pa_volt-v":[{"value":348,"label":"12, 24"}]},"featured_image_src_large":["https:\/\/xenonkungen.com\/wp-content\/uploads\/2025\/04\/204076221-origpic-6789c7.jpg",400,300,false],"author_info":[],"comment_info":0,"_links":{"self":[{"href":"https:\/\/xenonkungen.com\/en\/wp-json\/wp\/v2\/product\/4828","targetHints":{"allow":["GET"]}}],"collection":[{"href":"https:\/\/xenonkungen.com\/en\/wp-json\/wp\/v2\/product"}],"about":[{"href":"https:\/\/xenonkungen.com\/en\/wp-json\/wp\/v2\/types\/product"}],"replies":[{"embeddable":true,"href":"https:\/\/xenonkungen.com\/en\/wp-json\/wp\/v2\/comments?post=4828"}],"wp:featuredmedia":[{"embeddable":true,"href":"https:\/\/xenonkungen.com\/en\/wp-json\/wp\/v2\/media\/4829"}],"wp:attachment":[{"href":"https:\/\/xenonkungen.com\/en\/wp-json\/wp\/v2\/media?parent=4828"}],"wp:term":[{"taxonomy":"anvandningsomrade","embeddable":true,"href":"https:\/\/xenonkungen.com\/en\/wp-json\/wp\/v2\/anvandningsomrade?post=4828"},{"taxonomy":"bilmarken","embeddable":true,"href":"https:\/\/xenonkungen.com\/en\/wp-json\/wp\/v2\/bilmarken?post=4828"},{"taxonomy":"product_brand","embeddable":true,"href":"https:\/\/xenonkungen.com\/en\/wp-json\/wp\/v2\/product_brand?post=4828"},{"taxonomy":"product_cat","embeddable":true,"href":"https:\/\/xenonkungen.com\/en\/wp-json\/wp\/v2\/product_cat?post=4828"},{"taxonomy":"product_tag","embeddable":true,"href":"https:\/\/xenonkungen.com\/en\/wp-json\/wp\/v2\/product_tag?post=4828"}],"curies":[{"name":"wp","href":"https:\/\/api.w.org\/{rel}","templated":true}]}}