{"id":4837,"date":"2025-04-15T09:18:59","date_gmt":"2025-04-15T09:18:59","guid":{"rendered":"https:\/\/xenonkungen.com\/product\/nordic-light-arbetsbelysning-44w\/"},"modified":"2026-04-11T01:39:01","modified_gmt":"2026-04-11T00:39:01","slug":"nordic-light-work-light-44w","status":"publish","type":"product","link":"https:\/\/xenonkungen.com\/en\/product\/nordic-light-work-light-44w\/","title":{"rendered":"Nordic Light Work light 44W"},"content":{"rendered":"<h1>Compact and Efficient LED Task Lighting: Illuminate the Work Area with Nordic Light<\/h1>\n<h2>Strong and Reliable<\/h2>\n<p>This robust LED work light from Nordic Light delivers a bright and efficient illumination with a power of 44W. Designed to cope with demanding working conditions, it delivers bright, focussed light to make your job easier and safer.<\/p>\n<h2>Compact and Durable<\/h2>\n<p>The lamp has a rectangular shape and compact dimensions, making it easy to install on different types of equipment. With its built-in DT socket, it is easy to connect and can handle voltages between 12 and 24V.<\/p>","protected":false},"excerpt":{"rendered":"<p>Kompakt och Effektiv LED Arbetsbelysning: Lys upp Arbetsomr\u00e5det med Nordic Light Stark och Tillf\u00f6rlitlig Denna robusta LED-arbetslampa fr\u00e5n Nordic Light levererar en stark och effektiv belysning med en effekt p\u00e5 44W. Designad f\u00f6r att klara av kr\u00e4vande arbetsf\u00f6rh\u00e5llanden, levererar den starka, fokuserade ljuset f\u00f6r att g\u00f6ra ditt jobb l\u00e4ttare och s\u00e4krare. Kompakt och H\u00e5llbar Lampan [&hellip;]<\/p>","protected":false},"featured_media":4838,"comment_status":"closed","ping_status":"open","template":"","meta":{"_acf_changed":false,"_smort_price_nok":"1923","_smort_price_dkk":"1221","_smort_price_eur":"163.63","_smort_sale_price_nok":"","_smort_sale_price_dkk":"","_smort_sale_price_eur":"","smort_restorder":"","shipmondo_restorder":"","_kad_blocks_custom_css":"","_kad_blocks_head_custom_js":"","_kad_blocks_body_custom_js":"","_kad_blocks_footer_custom_js":"","smort_custom_pricelist_1":"1152","smort_custom_pricelist_2":"1008","smort_custom_pricelist_3":"957.6","smort_custom_pricelist_4":"1440","smort_custom_pricelist_5":"1008"},"anvandningsomrade":[],"bilmarken":[],"product_brand":[],"product_cat":[508],"product_tag":[],"class_list":{"0":"post-4837","1":"product","2":"type-product","3":"status-publish","4":"has-post-thumbnail","6":"product_cat-arbetsbelysning","7":"pa_godkannande-cispr25-cl5","8":"pa_lampsockel-kontakt-inbyggd-dt","9":"pa_led-chips-effekt-w-1471","10":"pa_ljusbild-flood","11":"pa_storlek-mm-98x91x85","12":"pa_volt-v-12-24","14":"first","15":"onbackorder","16":"taxable","17":"shipping-taxable","18":"purchasable","19":"product-type-simple"},"bundled_by":[],"bundle_stock_status":"onbackorder","bundle_stock_quantity":0,"bundle_virtual":false,"bundle_layout":"","bundle_add_to_cart_form_location":"","bundle_editable_in_cart":false,"bundle_sold_individually_context":"","bundle_item_grouping":"","bundle_min_size":"","bundle_max_size":"","bundle_price":[],"bundled_items":[],"bundle_sell_ids":[],"acf":[],"yoast_head":"<!-- This site is optimized with the Yoast SEO plugin v27.0 - https:\/\/yoast.com\/product\/yoast-seo-wordpress\/ -->\n<title>Nordic Light Arbetsbelysning 44W - Xenonkungen<\/title>\n<meta name=\"robots\" content=\"index, follow, max-snippet:-1, max-image-preview:large, max-video-preview:-1\" \/>\n<link rel=\"canonical\" href=\"https:\/\/xenonkungen.com\/en\/product\/nordic-light-work-light-44w\/\" \/>\n<meta property=\"og:locale\" content=\"en_GB\" \/>\n<meta property=\"og:type\" content=\"article\" \/>\n<meta property=\"og:title\" content=\"Nordic Light Arbetsbelysning 44W - Xenonkungen\" \/>\n<meta property=\"og:description\" content=\"Kompakt och Effektiv LED Arbetsbelysning: Lys upp Arbetsomr\u00e5det med Nordic Light Stark och Tillf\u00f6rlitlig Denna robusta LED-arbetslampa fr\u00e5n Nordic Light levererar en stark och effektiv belysning med en effekt p\u00e5 44W. Designad f\u00f6r att klara av kr\u00e4vande arbetsf\u00f6rh\u00e5llanden, levererar den starka, fokuserade ljuset f\u00f6r att g\u00f6ra ditt jobb l\u00e4ttare och s\u00e4krare. Kompakt och H\u00e5llbar Lampan [&hellip;]\" \/>\n<meta property=\"og:url\" content=\"https:\/\/xenonkungen.com\/en\/product\/nordic-light-work-light-44w\/\" \/>\n<meta property=\"og:site_name\" content=\"Xenonkungen\" \/>\n<meta property=\"article:modified_time\" content=\"2026-04-11T00:39:01+00:00\" \/>\n<meta property=\"og:image\" content=\"https:\/\/xenonkungen.com\/wp-content\/uploads\/2025\/04\/204076225-origpic-246b46.jpg\" \/>\n\t<meta property=\"og:image:width\" content=\"476\" \/>\n\t<meta property=\"og:image:height\" content=\"495\" \/>\n\t<meta property=\"og:image:type\" content=\"image\/jpeg\" \/>\n<meta name=\"twitter:card\" content=\"summary_large_image\" \/>\n<meta name=\"twitter:label1\" content=\"Estimated reading time\" \/>\n\t<meta name=\"twitter:data1\" content=\"1 minute\" \/>\n<script type=\"application\/ld+json\" class=\"yoast-schema-graph\">{\"@context\":\"https:\/\/schema.org\",\"@graph\":[{\"@type\":\"WebPage\",\"@id\":\"https:\/\/xenonkungen.com\/produkt\/nordic-light-arbetsbelysning-44w\/\",\"url\":\"https:\/\/xenonkungen.com\/produkt\/nordic-light-arbetsbelysning-44w\/\",\"name\":\"Nordic Light Arbetsbelysning 44W - Xenonkungen\",\"isPartOf\":{\"@id\":\"https:\/\/xenonkungen.com\/#website\"},\"primaryImageOfPage\":{\"@id\":\"https:\/\/xenonkungen.com\/produkt\/nordic-light-arbetsbelysning-44w\/#primaryimage\"},\"image\":{\"@id\":\"https:\/\/xenonkungen.com\/produkt\/nordic-light-arbetsbelysning-44w\/#primaryimage\"},\"thumbnailUrl\":\"https:\/\/xenonkungen.com\/wp-content\/uploads\/2025\/04\/204076225-origpic-246b46.jpg\",\"datePublished\":\"2025-04-15T09:18:59+00:00\",\"dateModified\":\"2026-04-11T00:39:01+00:00\",\"breadcrumb\":{\"@id\":\"https:\/\/xenonkungen.com\/produkt\/nordic-light-arbetsbelysning-44w\/#breadcrumb\"},\"inLanguage\":\"en-GB\",\"potentialAction\":[{\"@type\":\"ReadAction\",\"target\":[\"https:\/\/xenonkungen.com\/produkt\/nordic-light-arbetsbelysning-44w\/\"]}]},{\"@type\":\"ImageObject\",\"inLanguage\":\"en-GB\",\"@id\":\"https:\/\/xenonkungen.com\/produkt\/nordic-light-arbetsbelysning-44w\/#primaryimage\",\"url\":\"https:\/\/xenonkungen.com\/wp-content\/uploads\/2025\/04\/204076225-origpic-246b46.jpg\",\"contentUrl\":\"https:\/\/xenonkungen.com\/wp-content\/uploads\/2025\/04\/204076225-origpic-246b46.jpg\",\"width\":476,\"height\":495},{\"@type\":\"BreadcrumbList\",\"@id\":\"https:\/\/xenonkungen.com\/produkt\/nordic-light-arbetsbelysning-44w\/#breadcrumb\",\"itemListElement\":[{\"@type\":\"ListItem\",\"position\":1,\"name\":\"Hem\",\"item\":\"https:\/\/xenonkungen.com\/\"},{\"@type\":\"ListItem\",\"position\":2,\"name\":\"Shop\",\"item\":\"https:\/\/xenonkungen.com\/shop\/\"},{\"@type\":\"ListItem\",\"position\":3,\"name\":\"Nordic Light Arbetsbelysning 44W\"}]},{\"@type\":\"WebSite\",\"@id\":\"https:\/\/xenonkungen.com\/#website\",\"url\":\"https:\/\/xenonkungen.com\/\",\"name\":\"Xenonkungen\",\"description\":\"\",\"potentialAction\":[{\"@type\":\"SearchAction\",\"target\":{\"@type\":\"EntryPoint\",\"urlTemplate\":\"https:\/\/xenonkungen.com\/?s={search_term_string}\"},\"query-input\":{\"@type\":\"PropertyValueSpecification\",\"valueRequired\":true,\"valueName\":\"search_term_string\"}}],\"inLanguage\":\"en-GB\"}]}<\/script>\n<!-- \/ Yoast SEO plugin. -->","yoast_head_json":{"title":"Nordic Light Work Light 44W - Xenon King","robots":{"index":"index","follow":"follow","max-snippet":"max-snippet:-1","max-image-preview":"max-image-preview:large","max-video-preview":"max-video-preview:-1"},"canonical":"https:\/\/xenonkungen.com\/en\/product\/nordic-light-work-light-44w\/","og_locale":"en_GB","og_type":"article","og_title":"Nordic Light Arbetsbelysning 44W - Xenonkungen","og_description":"Kompakt och Effektiv LED Arbetsbelysning: Lys upp Arbetsomr\u00e5det med Nordic Light Stark och Tillf\u00f6rlitlig Denna robusta LED-arbetslampa fr\u00e5n Nordic Light levererar en stark och effektiv belysning med en effekt p\u00e5 44W. Designad f\u00f6r att klara av kr\u00e4vande arbetsf\u00f6rh\u00e5llanden, levererar den starka, fokuserade ljuset f\u00f6r att g\u00f6ra ditt jobb l\u00e4ttare och s\u00e4krare. Kompakt och H\u00e5llbar Lampan [&hellip;]","og_url":"https:\/\/xenonkungen.com\/en\/product\/nordic-light-work-light-44w\/","og_site_name":"Xenonkungen","article_modified_time":"2026-04-11T00:39:01+00:00","og_image":[{"width":476,"height":495,"url":"https:\/\/xenonkungen.com\/wp-content\/uploads\/2025\/04\/204076225-origpic-246b46.jpg","type":"image\/jpeg"}],"twitter_card":"summary_large_image","twitter_misc":{"Estimated reading time":"1 minute"},"schema":{"@context":"https:\/\/schema.org","@graph":[{"@type":"WebPage","@id":"https:\/\/xenonkungen.com\/produkt\/nordic-light-arbetsbelysning-44w\/","url":"https:\/\/xenonkungen.com\/produkt\/nordic-light-arbetsbelysning-44w\/","name":"Nordic Light Work Light 44W - Xenon King","isPartOf":{"@id":"https:\/\/xenonkungen.com\/#website"},"primaryImageOfPage":{"@id":"https:\/\/xenonkungen.com\/produkt\/nordic-light-arbetsbelysning-44w\/#primaryimage"},"image":{"@id":"https:\/\/xenonkungen.com\/produkt\/nordic-light-arbetsbelysning-44w\/#primaryimage"},"thumbnailUrl":"https:\/\/xenonkungen.com\/wp-content\/uploads\/2025\/04\/204076225-origpic-246b46.jpg","datePublished":"2025-04-15T09:18:59+00:00","dateModified":"2026-04-11T00:39:01+00:00","breadcrumb":{"@id":"https:\/\/xenonkungen.com\/produkt\/nordic-light-arbetsbelysning-44w\/#breadcrumb"},"inLanguage":"en-GB","potentialAction":[{"@type":"ReadAction","target":["https:\/\/xenonkungen.com\/produkt\/nordic-light-arbetsbelysning-44w\/"]}]},{"@type":"ImageObject","inLanguage":"en-GB","@id":"https:\/\/xenonkungen.com\/produkt\/nordic-light-arbetsbelysning-44w\/#primaryimage","url":"https:\/\/xenonkungen.com\/wp-content\/uploads\/2025\/04\/204076225-origpic-246b46.jpg","contentUrl":"https:\/\/xenonkungen.com\/wp-content\/uploads\/2025\/04\/204076225-origpic-246b46.jpg","width":476,"height":495},{"@type":"BreadcrumbList","@id":"https:\/\/xenonkungen.com\/produkt\/nordic-light-arbetsbelysning-44w\/#breadcrumb","itemListElement":[{"@type":"ListItem","position":1,"name":"Hem","item":"https:\/\/xenonkungen.com\/"},{"@type":"ListItem","position":2,"name":"Shop","item":"https:\/\/xenonkungen.com\/shop\/"},{"@type":"ListItem","position":3,"name":"Nordic Light Arbetsbelysning 44W"}]},{"@type":"WebSite","@id":"https:\/\/xenonkungen.com\/#website","url":"https:\/\/xenonkungen.com\/","name":"Xenonkungen","description":"","potentialAction":[{"@type":"SearchAction","target":{"@type":"EntryPoint","urlTemplate":"https:\/\/xenonkungen.com\/?s={search_term_string}"},"query-input":{"@type":"PropertyValueSpecification","valueRequired":true,"valueName":"search_term_string"}}],"inLanguage":"en-GB"}]}},"taxonomy_info":{"product_cat":[{"value":508,"label":"Arbetsbelysning"}],"pa_godkannande":[{"value":1472,"label":"CISPR25 CL5"}],"pa_lampsockel-kontakt":[{"value":1420,"label":"inbyggd DT"}],"pa_led-chips-effekt-w":[{"value":1471,"label":"44"}],"pa_ljusbild":[{"value":503,"label":"FLOOD"}],"pa_storlek-mm":[{"value":1470,"label":"98x91x85"}],"pa_volt-v":[{"value":348,"label":"12, 24"}]},"featured_image_src_large":["https:\/\/xenonkungen.com\/wp-content\/uploads\/2025\/04\/204076225-origpic-246b46.jpg",476,495,false],"author_info":[],"comment_info":0,"_links":{"self":[{"href":"https:\/\/xenonkungen.com\/en\/wp-json\/wp\/v2\/product\/4837","targetHints":{"allow":["GET"]}}],"collection":[{"href":"https:\/\/xenonkungen.com\/en\/wp-json\/wp\/v2\/product"}],"about":[{"href":"https:\/\/xenonkungen.com\/en\/wp-json\/wp\/v2\/types\/product"}],"replies":[{"embeddable":true,"href":"https:\/\/xenonkungen.com\/en\/wp-json\/wp\/v2\/comments?post=4837"}],"wp:featuredmedia":[{"embeddable":true,"href":"https:\/\/xenonkungen.com\/en\/wp-json\/wp\/v2\/media\/4838"}],"wp:attachment":[{"href":"https:\/\/xenonkungen.com\/en\/wp-json\/wp\/v2\/media?parent=4837"}],"wp:term":[{"taxonomy":"anvandningsomrade","embeddable":true,"href":"https:\/\/xenonkungen.com\/en\/wp-json\/wp\/v2\/anvandningsomrade?post=4837"},{"taxonomy":"bilmarken","embeddable":true,"href":"https:\/\/xenonkungen.com\/en\/wp-json\/wp\/v2\/bilmarken?post=4837"},{"taxonomy":"product_brand","embeddable":true,"href":"https:\/\/xenonkungen.com\/en\/wp-json\/wp\/v2\/product_brand?post=4837"},{"taxonomy":"product_cat","embeddable":true,"href":"https:\/\/xenonkungen.com\/en\/wp-json\/wp\/v2\/product_cat?post=4837"},{"taxonomy":"product_tag","embeddable":true,"href":"https:\/\/xenonkungen.com\/en\/wp-json\/wp\/v2\/product_tag?post=4837"}],"curies":[{"name":"wp","href":"https:\/\/api.w.org\/{rel}","templated":true}]}}