{"id":4917,"date":"2025-04-15T09:20:19","date_gmt":"2025-04-15T09:20:19","guid":{"rendered":"https:\/\/xenonkungen.com\/product\/optibeam-se7en-7\/"},"modified":"2026-04-24T17:45:09","modified_gmt":"2026-04-24T16:45:09","slug":"optibeam-se7en-7","status":"publish","type":"product","link":"https:\/\/xenonkungen.com\/en\/product\/optibeam-se7en-7\/","title":{"rendered":"OPTIBEAM Se7en 7\u2033"},"content":{"rendered":"<h1>OPTIBEAM SE7EN 7\u2033 \u2013 Strong, Small, Stylish<\/h1>\n<p>Optibeam's new and most powerful round LED extra light in a slim design.<br \/>Developed using the latest LED technology with consideration from professional users and installers. Extremely well thought-out optics to create a wide beam that illuminates both sides of the road, while the auxiliary light shines far.<\/p>\n<ul>\n<li>Range: 1 lux @ 500m<\/li>\n<li>X format Parking light, orange\/white<\/li>\n<li>9159 Actual lumens<\/li>\n<li>Double-up function with Boost mode<\/li>\n<\/ul>\n<p>The throw is 1 lux @ 500 m for the Optibeam SE7EN. The lens design is a bit of an innovation, giving the reflectors a darker appearance when viewed with the naked eye. This contributes to an elegant design without compromising the brightness of the lamp.With an eye-catching X-Park parking light. the parking light can be switched on with white or orange light as an option. The extra light has been designed with a frameless design that prevents snow, ice and dirt from sticking to the lens of the extra light. Supplied with two alternative mounting brackets, a bracket or pedestal.<\/p>\n<p>Double Up function - BOOST on:<\/p>\n<ul>\n<li>If the situation calls for an extra long throw from your auxiliary lights, such as when travelling on a narrow country road, the Optibeam SE7EN offers an impressive light spread of up to 500 m at 1 lux.<\/li>\n<\/ul>\n<p>You have the freedom to have BOOST on continuously, if you wish.<\/p>\n<p>Double Up function - BOOST by:<\/p>\n<ul>\n<li>For those times when you need the width of the light more than its range. This mode is great in rainy or foggy weather, where it helps to spread the light effectively and increase visibility.<\/li>\n<\/ul>\n<p>*The Double Up function allows you to adjust the efficiency of the light according to your needs. The function is activated when the boundary wire is disconnected or connected to a switch or button.<\/p>\n<p>","protected":false},"excerpt":{"rendered":"<p>The Optibeam Se7en is the perfect auxiliary light if you are looking for stylish design, the latest technology and a fantastic light! With newly developed technology and innovation you can now get everything you want, even from a 7\u2033 Auxiliary Light. Long throw, wide light pattern, stylish design in a compact format. With 9159 actual lumens per lamp you see everything on the road.<\/p>","protected":false},"featured_media":4918,"comment_status":"closed","ping_status":"open","template":"","meta":{"_acf_changed":false,"_smort_price_nok":"2665","_smort_price_dkk":"1693","_smort_price_eur":"226.81","_smort_sale_price_nok":"","_smort_sale_price_dkk":"","_smort_sale_price_eur":"","smort_restorder":"","shipmondo_restorder":"","_kad_blocks_custom_css":"","_kad_blocks_head_custom_js":"","_kad_blocks_body_custom_js":"","_kad_blocks_footer_custom_js":"","smort_custom_pricelist_1":"1600","smort_custom_pricelist_2":"1600","smort_custom_pricelist_3":"1500","smort_custom_pricelist_4":"2000","smort_custom_pricelist_5":"1600"},"anvandningsomrade":[],"bilmarken":[],"product_brand":[107],"product_cat":[2838,142],"product_tag":[],"class_list":{"0":"post-4917","1":"product","2":"type-product","3":"status-publish","4":"has-post-thumbnail","6":"product_brand-optibeam","7":"product_cat-extraljus-7","8":"product_cat-extraljus","9":"pa_faktisk-effekts-forbrukning-1509","10":"pa_fargtemperatur-1510","11":"pa_fuktskydd-varde-ipxx-ip68","12":"pa_godkannande-e-godkand-r112-r10-r148-r149-ref-30","13":"pa_lampsockel-kontakt-4-polig-dt-kontakt","14":"pa_led-chips-effekt-w-1508","15":"pa_ljusbild-driving","16":"pa_storlek-mm-178-x-83","17":"pa_stromforbrukning-806a-137v","18":"pa_volt-v-9-32","20":"first","21":"onbackorder","22":"taxable","23":"shipping-taxable","24":"purchasable","25":"product-type-simple"},"bundled_by":[],"bundle_stock_status":"onbackorder","bundle_stock_quantity":0,"bundle_virtual":false,"bundle_layout":"","bundle_add_to_cart_form_location":"","bundle_editable_in_cart":false,"bundle_sold_individually_context":"","bundle_item_grouping":"","bundle_min_size":"","bundle_max_size":"","bundle_price":[],"bundled_items":[],"bundle_sell_ids":[],"acf":[],"yoast_head":"<!-- This site is optimized with the Yoast SEO plugin v27.0 - https:\/\/yoast.com\/product\/yoast-seo-wordpress\/ -->\n<title>OPTIBEAM Se7en 7&quot; - Xenonkungen<\/title>\n<meta name=\"robots\" content=\"index, follow, max-snippet:-1, max-image-preview:large, max-video-preview:-1\" \/>\n<link rel=\"canonical\" href=\"https:\/\/xenonkungen.com\/en\/product\/optibeam-se7en-7\/\" \/>\n<meta property=\"og:locale\" content=\"en_GB\" \/>\n<meta property=\"og:type\" content=\"article\" \/>\n<meta property=\"og:title\" content=\"OPTIBEAM Se7en 7&quot; - Xenonkungen\" \/>\n<meta property=\"og:description\" content=\"Optibeam Se7en \u00e4r det perfekta extraljuset om du s\u00f6ker snygg design, senaste tekniken och ett fantastiskt ljus! Med nyutvecklad teknik och innovation kan du nu f\u00e5 allt du \u00f6nskar, \u00e4ven ur ett 7&quot; Extraljus. L\u00e5ng kastl\u00e4ngd, bred ljusbild, snygg design i ett kompakt format. Med 9159 faktiska lumen per lykta ser du allt ute p\u00e5 v\u00e4gen.\" \/>\n<meta property=\"og:url\" content=\"https:\/\/xenonkungen.com\/en\/product\/optibeam-se7en-7\/\" \/>\n<meta property=\"og:site_name\" content=\"Xenonkungen\" \/>\n<meta property=\"article:modified_time\" content=\"2026-04-24T16:45:09+00:00\" \/>\n<meta property=\"og:image\" content=\"https:\/\/xenonkungen.com\/wp-content\/uploads\/2025\/04\/204076249-origpic-77b4d6.jpg\" \/>\n\t<meta property=\"og:image:width\" content=\"1000\" \/>\n\t<meta property=\"og:image:height\" content=\"1000\" \/>\n\t<meta property=\"og:image:type\" content=\"image\/jpeg\" \/>\n<meta name=\"twitter:card\" content=\"summary_large_image\" \/>\n<meta name=\"twitter:label1\" content=\"Estimated reading time\" \/>\n\t<meta name=\"twitter:data1\" content=\"1 minute\" \/>\n<script type=\"application\/ld+json\" class=\"yoast-schema-graph\">{\"@context\":\"https:\/\/schema.org\",\"@graph\":[{\"@type\":\"WebPage\",\"@id\":\"https:\/\/xenonkungen.com\/produkt\/optibeam-se7en-7\/\",\"url\":\"https:\/\/xenonkungen.com\/produkt\/optibeam-se7en-7\/\",\"name\":\"OPTIBEAM Se7en 7\\\" - Xenonkungen\",\"isPartOf\":{\"@id\":\"https:\/\/xenonkungen.com\/#website\"},\"primaryImageOfPage\":{\"@id\":\"https:\/\/xenonkungen.com\/produkt\/optibeam-se7en-7\/#primaryimage\"},\"image\":{\"@id\":\"https:\/\/xenonkungen.com\/produkt\/optibeam-se7en-7\/#primaryimage\"},\"thumbnailUrl\":\"https:\/\/xenonkungen.com\/wp-content\/uploads\/2025\/04\/204076249-origpic-77b4d6.jpg\",\"datePublished\":\"2025-04-15T09:20:19+00:00\",\"dateModified\":\"2026-04-24T16:45:09+00:00\",\"breadcrumb\":{\"@id\":\"https:\/\/xenonkungen.com\/produkt\/optibeam-se7en-7\/#breadcrumb\"},\"inLanguage\":\"en-GB\",\"potentialAction\":[{\"@type\":\"ReadAction\",\"target\":[\"https:\/\/xenonkungen.com\/produkt\/optibeam-se7en-7\/\"]}]},{\"@type\":\"ImageObject\",\"inLanguage\":\"en-GB\",\"@id\":\"https:\/\/xenonkungen.com\/produkt\/optibeam-se7en-7\/#primaryimage\",\"url\":\"https:\/\/xenonkungen.com\/wp-content\/uploads\/2025\/04\/204076249-origpic-77b4d6.jpg\",\"contentUrl\":\"https:\/\/xenonkungen.com\/wp-content\/uploads\/2025\/04\/204076249-origpic-77b4d6.jpg\",\"width\":1000,\"height\":1000},{\"@type\":\"BreadcrumbList\",\"@id\":\"https:\/\/xenonkungen.com\/produkt\/optibeam-se7en-7\/#breadcrumb\",\"itemListElement\":[{\"@type\":\"ListItem\",\"position\":1,\"name\":\"Hem\",\"item\":\"https:\/\/xenonkungen.com\/\"},{\"@type\":\"ListItem\",\"position\":2,\"name\":\"Shop\",\"item\":\"https:\/\/xenonkungen.com\/shop\/\"},{\"@type\":\"ListItem\",\"position\":3,\"name\":\"OPTIBEAM Se7en 7&#8243;\"}]},{\"@type\":\"WebSite\",\"@id\":\"https:\/\/xenonkungen.com\/#website\",\"url\":\"https:\/\/xenonkungen.com\/\",\"name\":\"Xenonkungen\",\"description\":\"\",\"potentialAction\":[{\"@type\":\"SearchAction\",\"target\":{\"@type\":\"EntryPoint\",\"urlTemplate\":\"https:\/\/xenonkungen.com\/?s={search_term_string}\"},\"query-input\":{\"@type\":\"PropertyValueSpecification\",\"valueRequired\":true,\"valueName\":\"search_term_string\"}}],\"inLanguage\":\"en-GB\"}]}<\/script>\n<!-- \/ Yoast SEO plugin. -->","yoast_head_json":{"title":"OPTIBEAM Se7en 7&quot; - The Xenon King","robots":{"index":"index","follow":"follow","max-snippet":"max-snippet:-1","max-image-preview":"max-image-preview:large","max-video-preview":"max-video-preview:-1"},"canonical":"https:\/\/xenonkungen.com\/en\/product\/optibeam-se7en-7\/","og_locale":"en_GB","og_type":"article","og_title":"OPTIBEAM Se7en 7\" - Xenonkungen","og_description":"Optibeam Se7en \u00e4r det perfekta extraljuset om du s\u00f6ker snygg design, senaste tekniken och ett fantastiskt ljus! Med nyutvecklad teknik och innovation kan du nu f\u00e5 allt du \u00f6nskar, \u00e4ven ur ett 7\" Extraljus. L\u00e5ng kastl\u00e4ngd, bred ljusbild, snygg design i ett kompakt format. Med 9159 faktiska lumen per lykta ser du allt ute p\u00e5 v\u00e4gen.","og_url":"https:\/\/xenonkungen.com\/en\/product\/optibeam-se7en-7\/","og_site_name":"Xenonkungen","article_modified_time":"2026-04-24T16:45:09+00:00","og_image":[{"width":1000,"height":1000,"url":"https:\/\/xenonkungen.com\/wp-content\/uploads\/2025\/04\/204076249-origpic-77b4d6.jpg","type":"image\/jpeg"}],"twitter_card":"summary_large_image","twitter_misc":{"Estimated reading time":"1 minute"},"schema":{"@context":"https:\/\/schema.org","@graph":[{"@type":"WebPage","@id":"https:\/\/xenonkungen.com\/produkt\/optibeam-se7en-7\/","url":"https:\/\/xenonkungen.com\/produkt\/optibeam-se7en-7\/","name":"OPTIBEAM Se7en 7&quot; - The Xenon King","isPartOf":{"@id":"https:\/\/xenonkungen.com\/#website"},"primaryImageOfPage":{"@id":"https:\/\/xenonkungen.com\/produkt\/optibeam-se7en-7\/#primaryimage"},"image":{"@id":"https:\/\/xenonkungen.com\/produkt\/optibeam-se7en-7\/#primaryimage"},"thumbnailUrl":"https:\/\/xenonkungen.com\/wp-content\/uploads\/2025\/04\/204076249-origpic-77b4d6.jpg","datePublished":"2025-04-15T09:20:19+00:00","dateModified":"2026-04-24T16:45:09+00:00","breadcrumb":{"@id":"https:\/\/xenonkungen.com\/produkt\/optibeam-se7en-7\/#breadcrumb"},"inLanguage":"en-GB","potentialAction":[{"@type":"ReadAction","target":["https:\/\/xenonkungen.com\/produkt\/optibeam-se7en-7\/"]}]},{"@type":"ImageObject","inLanguage":"en-GB","@id":"https:\/\/xenonkungen.com\/produkt\/optibeam-se7en-7\/#primaryimage","url":"https:\/\/xenonkungen.com\/wp-content\/uploads\/2025\/04\/204076249-origpic-77b4d6.jpg","contentUrl":"https:\/\/xenonkungen.com\/wp-content\/uploads\/2025\/04\/204076249-origpic-77b4d6.jpg","width":1000,"height":1000},{"@type":"BreadcrumbList","@id":"https:\/\/xenonkungen.com\/produkt\/optibeam-se7en-7\/#breadcrumb","itemListElement":[{"@type":"ListItem","position":1,"name":"Hem","item":"https:\/\/xenonkungen.com\/"},{"@type":"ListItem","position":2,"name":"Shop","item":"https:\/\/xenonkungen.com\/shop\/"},{"@type":"ListItem","position":3,"name":"OPTIBEAM Se7en 7&#8243;"}]},{"@type":"WebSite","@id":"https:\/\/xenonkungen.com\/#website","url":"https:\/\/xenonkungen.com\/","name":"Xenonkungen","description":"","potentialAction":[{"@type":"SearchAction","target":{"@type":"EntryPoint","urlTemplate":"https:\/\/xenonkungen.com\/?s={search_term_string}"},"query-input":{"@type":"PropertyValueSpecification","valueRequired":true,"valueName":"search_term_string"}}],"inLanguage":"en-GB"}]}},"taxonomy_info":{"product_brand":[{"value":107,"label":"Optibeam"}],"product_cat":[{"value":2838,"label":"Extraljus 7\""},{"value":142,"label":"Extraljus"}],"pa_faktisk-effekts-forbrukning":[{"value":1509,"label":"110"}],"pa_fargtemperatur":[{"value":1510,"label":"5500"}],"pa_fuktskydd-varde-ipxx":[{"value":177,"label":"IP68"}],"pa_godkannande":[{"value":1512,"label":"E-godk\u00e4nd (R112, R10, R148, R149) ref.30"}],"pa_lampsockel-kontakt":[{"value":1493,"label":"4-polig DT-kontakt"}],"pa_led-chips-effekt-w":[{"value":1508,"label":"155"}],"pa_ljusbild":[{"value":178,"label":"Driving"}],"pa_storlek-mm":[{"value":1507,"label":"178 x 83"}],"pa_stromforbrukning":[{"value":1511,"label":"8,06A @13,7V"}],"pa_volt-v":[{"value":1434,"label":"9-32"}]},"featured_image_src_large":["https:\/\/xenonkungen.com\/wp-content\/uploads\/2025\/04\/204076249-origpic-77b4d6.jpg",1000,1000,false],"author_info":[],"comment_info":0,"_links":{"self":[{"href":"https:\/\/xenonkungen.com\/en\/wp-json\/wp\/v2\/product\/4917","targetHints":{"allow":["GET"]}}],"collection":[{"href":"https:\/\/xenonkungen.com\/en\/wp-json\/wp\/v2\/product"}],"about":[{"href":"https:\/\/xenonkungen.com\/en\/wp-json\/wp\/v2\/types\/product"}],"replies":[{"embeddable":true,"href":"https:\/\/xenonkungen.com\/en\/wp-json\/wp\/v2\/comments?post=4917"}],"wp:featuredmedia":[{"embeddable":true,"href":"https:\/\/xenonkungen.com\/en\/wp-json\/wp\/v2\/media\/4918"}],"wp:attachment":[{"href":"https:\/\/xenonkungen.com\/en\/wp-json\/wp\/v2\/media?parent=4917"}],"wp:term":[{"taxonomy":"anvandningsomrade","embeddable":true,"href":"https:\/\/xenonkungen.com\/en\/wp-json\/wp\/v2\/anvandningsomrade?post=4917"},{"taxonomy":"bilmarken","embeddable":true,"href":"https:\/\/xenonkungen.com\/en\/wp-json\/wp\/v2\/bilmarken?post=4917"},{"taxonomy":"product_brand","embeddable":true,"href":"https:\/\/xenonkungen.com\/en\/wp-json\/wp\/v2\/product_brand?post=4917"},{"taxonomy":"product_cat","embeddable":true,"href":"https:\/\/xenonkungen.com\/en\/wp-json\/wp\/v2\/product_cat?post=4917"},{"taxonomy":"product_tag","embeddable":true,"href":"https:\/\/xenonkungen.com\/en\/wp-json\/wp\/v2\/product_tag?post=4917"}],"curies":[{"name":"wp","href":"https:\/\/api.w.org\/{rel}","templated":true}]}}