{"id":4997,"date":"2025-04-15T09:21:28","date_gmt":"2025-04-15T09:21:28","guid":{"rendered":"https:\/\/xenonkungen.com\/product\/x-vision-ledramp-genesis-1300-svangd\/"},"modified":"2026-04-29T14:16:00","modified_gmt":"2026-04-29T13:16:00","slug":"x-vision-led-ramp-genesis-1300-curved","status":"publish","type":"product","link":"https:\/\/xenonkungen.com\/en\/product\/x-vision-led-ramp-genesis-1300-curved\/","title":{"rendered":"X-Vision LED ramp Genesis 1300 curved"},"content":{"rendered":"<h1>X-vision LED Extra Light: Outstanding light performance and design<\/h1>\n<h2>Outstanding brightness and power<\/h2>\n<p>With the X-vision LED auxiliary light you get a brightness of 18000 lumens and a power of 300 W, making it an excellent solution for those who need powerful and reliable lighting. The auxiliary light has an operating voltage of 9-30 V, making it adaptable to a wide range of vehicles.<\/p>\n<h2>Designed for optimal performance and durability<\/h2>\n<p>The X-vision LED auxiliary light is designed with a focus on optimal performance and durability. It has a length of 1293 mm, a height of 80 mm and a depth of 85 mm, making it suitable for a wide range of vehicles. Its R112 approval is a guarantee of its high quality and reliability.<\/p>","protected":false},"excerpt":{"rendered":"<p>X-vision LED Extraljus: Enast\u00e5ende ljusprestanda och design Enast\u00e5ende ljusstyrka och effekt Med X-vision LED extraljus f\u00e5r du en ljusstyrka p\u00e5 hela 18000 lumen och en effekt p\u00e5 300 W, vilket g\u00f6r den till en utm\u00e4rkt l\u00f6sning f\u00f6r dig som beh\u00f6ver kraftfull och tillf\u00f6rlitlig belysning. Extraljuset har en driftsp\u00e4nning p\u00e5 9-30 V, vilket g\u00f6r det anpassningsbart [&hellip;]<\/p>","protected":false},"featured_media":4998,"comment_status":"closed","ping_status":"open","template":"","meta":{"_acf_changed":false,"_smort_price_nok":"7904","_smort_price_dkk":"5021","_smort_price_eur":"672.7","_smort_sale_price_nok":"","_smort_sale_price_dkk":"","_smort_sale_price_eur":"","smort_restorder":"","shipmondo_restorder":"","_kad_blocks_custom_css":"","_kad_blocks_head_custom_js":"","_kad_blocks_body_custom_js":"","_kad_blocks_footer_custom_js":"","smort_custom_pricelist_1":"4736","smort_custom_pricelist_2":"4144","smort_custom_pricelist_3":"3936.8","smort_custom_pricelist_4":"5920","smort_custom_pricelist_5":"4144"},"anvandningsomrade":[],"bilmarken":[],"product_brand":[116],"product_cat":[2539,2660],"product_tag":[],"class_list":{"0":"post-4997","1":"product","2":"type-product","3":"status-publish","4":"has-post-thumbnail","6":"product_brand-x-vision","7":"product_cat-ledramper","8":"product_cat-optibeam-ledramper","9":"pa_godkannande-r112","10":"pa_led-chips-effekt-w-152","11":"pa_storlek-mm-1293x80x85","12":"pa_volt-v-9-30","14":"first","15":"onbackorder","16":"taxable","17":"shipping-taxable","18":"purchasable","19":"product-type-simple"},"bundled_by":[],"bundle_stock_status":"onbackorder","bundle_stock_quantity":0,"bundle_virtual":false,"bundle_layout":"","bundle_add_to_cart_form_location":"","bundle_editable_in_cart":false,"bundle_sold_individually_context":"","bundle_item_grouping":"","bundle_min_size":"","bundle_max_size":"","bundle_price":[],"bundled_items":[],"bundle_sell_ids":[],"acf":[],"yoast_head":"<!-- This site is optimized with the Yoast SEO plugin v27.0 - https:\/\/yoast.com\/product\/yoast-seo-wordpress\/ -->\n<title>X-Vision LEDramp Genesis 1300 sv\u00e4ngd - Xenonkungen<\/title>\n<meta name=\"robots\" content=\"index, follow, max-snippet:-1, max-image-preview:large, max-video-preview:-1\" \/>\n<link rel=\"canonical\" href=\"https:\/\/xenonkungen.com\/en\/product\/x-vision-led-ramp-genesis-1300-curved\/\" \/>\n<meta property=\"og:locale\" content=\"en_GB\" \/>\n<meta property=\"og:type\" content=\"article\" \/>\n<meta property=\"og:title\" content=\"X-Vision LEDramp Genesis 1300 sv\u00e4ngd - Xenonkungen\" \/>\n<meta property=\"og:description\" content=\"X-vision LED Extraljus: Enast\u00e5ende ljusprestanda och design Enast\u00e5ende ljusstyrka och effekt Med X-vision LED extraljus f\u00e5r du en ljusstyrka p\u00e5 hela 18000 lumen och en effekt p\u00e5 300 W, vilket g\u00f6r den till en utm\u00e4rkt l\u00f6sning f\u00f6r dig som beh\u00f6ver kraftfull och tillf\u00f6rlitlig belysning. Extraljuset har en driftsp\u00e4nning p\u00e5 9-30 V, vilket g\u00f6r det anpassningsbart [&hellip;]\" \/>\n<meta property=\"og:url\" content=\"https:\/\/xenonkungen.com\/en\/product\/x-vision-led-ramp-genesis-1300-curved\/\" \/>\n<meta property=\"og:site_name\" content=\"Xenonkungen\" \/>\n<meta property=\"article:modified_time\" content=\"2026-04-29T13:16:00+00:00\" \/>\n<meta property=\"og:image\" content=\"https:\/\/xenonkungen.com\/wp-content\/uploads\/2025\/04\/204076259-origpic-cc7758.jpg\" \/>\n\t<meta property=\"og:image:width\" content=\"476\" \/>\n\t<meta property=\"og:image:height\" content=\"476\" \/>\n\t<meta property=\"og:image:type\" content=\"image\/jpeg\" \/>\n<meta name=\"twitter:card\" content=\"summary_large_image\" \/>\n<meta name=\"twitter:label1\" content=\"Estimated reading time\" \/>\n\t<meta name=\"twitter:data1\" content=\"1 minute\" \/>\n<script type=\"application\/ld+json\" class=\"yoast-schema-graph\">{\"@context\":\"https:\/\/schema.org\",\"@graph\":[{\"@type\":\"WebPage\",\"@id\":\"https:\/\/xenonkungen.com\/no\/produkt\/x-vision-led-rampe-genesis-1300-buet\/\",\"url\":\"https:\/\/xenonkungen.com\/no\/produkt\/x-vision-led-rampe-genesis-1300-buet\/\",\"name\":\"X-Vision LEDramp Genesis 1300 sv\u00e4ngd - Xenonkungen\",\"isPartOf\":{\"@id\":\"https:\/\/xenonkungen.com\/#website\"},\"primaryImageOfPage\":{\"@id\":\"https:\/\/xenonkungen.com\/no\/produkt\/x-vision-led-rampe-genesis-1300-buet\/#primaryimage\"},\"image\":{\"@id\":\"https:\/\/xenonkungen.com\/no\/produkt\/x-vision-led-rampe-genesis-1300-buet\/#primaryimage\"},\"thumbnailUrl\":\"https:\/\/xenonkungen.com\/wp-content\/uploads\/2025\/04\/204076259-origpic-cc7758.jpg\",\"datePublished\":\"2025-04-15T09:21:28+00:00\",\"dateModified\":\"2026-04-29T13:16:00+00:00\",\"breadcrumb\":{\"@id\":\"https:\/\/xenonkungen.com\/no\/produkt\/x-vision-led-rampe-genesis-1300-buet\/#breadcrumb\"},\"inLanguage\":\"en-GB\",\"potentialAction\":[{\"@type\":\"ReadAction\",\"target\":[\"https:\/\/xenonkungen.com\/no\/produkt\/x-vision-led-rampe-genesis-1300-buet\/\"]}]},{\"@type\":\"ImageObject\",\"inLanguage\":\"en-GB\",\"@id\":\"https:\/\/xenonkungen.com\/no\/produkt\/x-vision-led-rampe-genesis-1300-buet\/#primaryimage\",\"url\":\"https:\/\/xenonkungen.com\/wp-content\/uploads\/2025\/04\/204076259-origpic-cc7758.jpg\",\"contentUrl\":\"https:\/\/xenonkungen.com\/wp-content\/uploads\/2025\/04\/204076259-origpic-cc7758.jpg\",\"width\":476,\"height\":476},{\"@type\":\"BreadcrumbList\",\"@id\":\"https:\/\/xenonkungen.com\/no\/produkt\/x-vision-led-rampe-genesis-1300-buet\/#breadcrumb\",\"itemListElement\":[{\"@type\":\"ListItem\",\"position\":1,\"name\":\"Hem\",\"item\":\"https:\/\/xenonkungen.com\/\"},{\"@type\":\"ListItem\",\"position\":2,\"name\":\"Shop\",\"item\":\"https:\/\/xenonkungen.com\/shop\/\"},{\"@type\":\"ListItem\",\"position\":3,\"name\":\"X-Vision LEDramp Genesis 1300 sv\u00e4ngd\"}]},{\"@type\":\"WebSite\",\"@id\":\"https:\/\/xenonkungen.com\/#website\",\"url\":\"https:\/\/xenonkungen.com\/\",\"name\":\"Xenonkungen\",\"description\":\"\",\"potentialAction\":[{\"@type\":\"SearchAction\",\"target\":{\"@type\":\"EntryPoint\",\"urlTemplate\":\"https:\/\/xenonkungen.com\/?s={search_term_string}\"},\"query-input\":{\"@type\":\"PropertyValueSpecification\",\"valueRequired\":true,\"valueName\":\"search_term_string\"}}],\"inLanguage\":\"en-GB\"}]}<\/script>\n<!-- \/ Yoast SEO plugin. -->","yoast_head_json":{"title":"X-Vision LED ramp Genesis 1300 curved - Xenonkungen","robots":{"index":"index","follow":"follow","max-snippet":"max-snippet:-1","max-image-preview":"max-image-preview:large","max-video-preview":"max-video-preview:-1"},"canonical":"https:\/\/xenonkungen.com\/en\/product\/x-vision-led-ramp-genesis-1300-curved\/","og_locale":"en_GB","og_type":"article","og_title":"X-Vision LEDramp Genesis 1300 sv\u00e4ngd - Xenonkungen","og_description":"X-vision LED Extraljus: Enast\u00e5ende ljusprestanda och design Enast\u00e5ende ljusstyrka och effekt Med X-vision LED extraljus f\u00e5r du en ljusstyrka p\u00e5 hela 18000 lumen och en effekt p\u00e5 300 W, vilket g\u00f6r den till en utm\u00e4rkt l\u00f6sning f\u00f6r dig som beh\u00f6ver kraftfull och tillf\u00f6rlitlig belysning. Extraljuset har en driftsp\u00e4nning p\u00e5 9-30 V, vilket g\u00f6r det anpassningsbart [&hellip;]","og_url":"https:\/\/xenonkungen.com\/en\/product\/x-vision-led-ramp-genesis-1300-curved\/","og_site_name":"Xenonkungen","article_modified_time":"2026-04-29T13:16:00+00:00","og_image":[{"width":476,"height":476,"url":"https:\/\/xenonkungen.com\/wp-content\/uploads\/2025\/04\/204076259-origpic-cc7758.jpg","type":"image\/jpeg"}],"twitter_card":"summary_large_image","twitter_misc":{"Estimated reading time":"1 minute"},"schema":{"@context":"https:\/\/schema.org","@graph":[{"@type":"WebPage","@id":"https:\/\/xenonkungen.com\/no\/produkt\/x-vision-led-rampe-genesis-1300-buet\/","url":"https:\/\/xenonkungen.com\/no\/produkt\/x-vision-led-rampe-genesis-1300-buet\/","name":"X-Vision LED ramp Genesis 1300 curved - Xenonkungen","isPartOf":{"@id":"https:\/\/xenonkungen.com\/#website"},"primaryImageOfPage":{"@id":"https:\/\/xenonkungen.com\/no\/produkt\/x-vision-led-rampe-genesis-1300-buet\/#primaryimage"},"image":{"@id":"https:\/\/xenonkungen.com\/no\/produkt\/x-vision-led-rampe-genesis-1300-buet\/#primaryimage"},"thumbnailUrl":"https:\/\/xenonkungen.com\/wp-content\/uploads\/2025\/04\/204076259-origpic-cc7758.jpg","datePublished":"2025-04-15T09:21:28+00:00","dateModified":"2026-04-29T13:16:00+00:00","breadcrumb":{"@id":"https:\/\/xenonkungen.com\/no\/produkt\/x-vision-led-rampe-genesis-1300-buet\/#breadcrumb"},"inLanguage":"en-GB","potentialAction":[{"@type":"ReadAction","target":["https:\/\/xenonkungen.com\/no\/produkt\/x-vision-led-rampe-genesis-1300-buet\/"]}]},{"@type":"ImageObject","inLanguage":"en-GB","@id":"https:\/\/xenonkungen.com\/no\/produkt\/x-vision-led-rampe-genesis-1300-buet\/#primaryimage","url":"https:\/\/xenonkungen.com\/wp-content\/uploads\/2025\/04\/204076259-origpic-cc7758.jpg","contentUrl":"https:\/\/xenonkungen.com\/wp-content\/uploads\/2025\/04\/204076259-origpic-cc7758.jpg","width":476,"height":476},{"@type":"BreadcrumbList","@id":"https:\/\/xenonkungen.com\/no\/produkt\/x-vision-led-rampe-genesis-1300-buet\/#breadcrumb","itemListElement":[{"@type":"ListItem","position":1,"name":"Hem","item":"https:\/\/xenonkungen.com\/"},{"@type":"ListItem","position":2,"name":"Shop","item":"https:\/\/xenonkungen.com\/shop\/"},{"@type":"ListItem","position":3,"name":"X-Vision LEDramp Genesis 1300 sv\u00e4ngd"}]},{"@type":"WebSite","@id":"https:\/\/xenonkungen.com\/#website","url":"https:\/\/xenonkungen.com\/","name":"Xenonkungen","description":"","potentialAction":[{"@type":"SearchAction","target":{"@type":"EntryPoint","urlTemplate":"https:\/\/xenonkungen.com\/?s={search_term_string}"},"query-input":{"@type":"PropertyValueSpecification","valueRequired":true,"valueName":"search_term_string"}}],"inLanguage":"en-GB"}]}},"taxonomy_info":{"product_brand":[{"value":116,"label":"X-Vision"}],"product_cat":[{"value":2539,"label":"LEDRAMPER"},{"value":2660,"label":"Optibeam"}],"pa_godkannande":[{"value":183,"label":"R112"}],"pa_led-chips-effekt-w":[{"value":152,"label":"300"}],"pa_storlek-mm":[{"value":1540,"label":"1293x80x85"}],"pa_volt-v":[{"value":1538,"label":"9-30"}]},"featured_image_src_large":["https:\/\/xenonkungen.com\/wp-content\/uploads\/2025\/04\/204076259-origpic-cc7758.jpg",476,476,false],"author_info":[],"comment_info":0,"_links":{"self":[{"href":"https:\/\/xenonkungen.com\/en\/wp-json\/wp\/v2\/product\/4997","targetHints":{"allow":["GET"]}}],"collection":[{"href":"https:\/\/xenonkungen.com\/en\/wp-json\/wp\/v2\/product"}],"about":[{"href":"https:\/\/xenonkungen.com\/en\/wp-json\/wp\/v2\/types\/product"}],"replies":[{"embeddable":true,"href":"https:\/\/xenonkungen.com\/en\/wp-json\/wp\/v2\/comments?post=4997"}],"wp:featuredmedia":[{"embeddable":true,"href":"https:\/\/xenonkungen.com\/en\/wp-json\/wp\/v2\/media\/4998"}],"wp:attachment":[{"href":"https:\/\/xenonkungen.com\/en\/wp-json\/wp\/v2\/media?parent=4997"}],"wp:term":[{"taxonomy":"anvandningsomrade","embeddable":true,"href":"https:\/\/xenonkungen.com\/en\/wp-json\/wp\/v2\/anvandningsomrade?post=4997"},{"taxonomy":"bilmarken","embeddable":true,"href":"https:\/\/xenonkungen.com\/en\/wp-json\/wp\/v2\/bilmarken?post=4997"},{"taxonomy":"product_brand","embeddable":true,"href":"https:\/\/xenonkungen.com\/en\/wp-json\/wp\/v2\/product_brand?post=4997"},{"taxonomy":"product_cat","embeddable":true,"href":"https:\/\/xenonkungen.com\/en\/wp-json\/wp\/v2\/product_cat?post=4997"},{"taxonomy":"product_tag","embeddable":true,"href":"https:\/\/xenonkungen.com\/en\/wp-json\/wp\/v2\/product_tag?post=4997"}],"curies":[{"name":"wp","href":"https:\/\/api.w.org\/{rel}","templated":true}]}}