{"id":5059,"date":"2025-04-15T09:22:39","date_gmt":"2025-04-15T09:22:39","guid":{"rendered":"https:\/\/xenonkungen.com\/product\/ledningssats-3-x-dt-12v-3-pin\/"},"modified":"2026-03-04T16:37:13","modified_gmt":"2026-03-04T15:37:13","slug":"wiring-kit-3-x-dt-12v-3-pin","status":"publish","type":"product","link":"https:\/\/xenonkungen.com\/en\/product\/wiring-kit-3-x-dt-12v-3-pin\/","title":{"rendered":"Wiring kit 3 x DT 12V 3-pin"},"content":{"rendered":"<h1>3 x 3-pin Deutsch DT Wiring Kit \u2013 Perfect for Auxiliary Lighting with Parking Lamps<\/h1>\n<p>Our 3 x 3-pin Deutsch DT wiring kit is the ideal solution for connecting three auxiliary lights with parking lights to your vehicle. With high-quality components and correctly dimensioned cables, you can be sure of a reliable and safe connection.<\/p>\n<h2>Everything You Need for Easy Installation<\/h2>\n<p>We include a variety of components to make installation as smooth as possible. Our wiring kit comes with a 12V\/40A relay, 2.5 metres of cable for lights and an additional 0.5 metres of cable, a 10A fuse, 1.5 metres of parking light signal, 1 metre of battery cable (+\/-), a 40A fuse and a 2.5 metre cable for switches. All these components are carefully selected to ensure a reliable and safe connection.<\/p>","protected":false},"excerpt":{"rendered":"<p>3 x 3-stifts Deutsch DT Ledningssats &#8211; Perfekt f\u00f6r Hj\u00e4lpbelysning med Parklampor V\u00e5r 3 x 3-stifts Deutsch DT ledningssats \u00e4r den idealiska l\u00f6sningen f\u00f6r att ansluta tre hj\u00e4lpbelysningar med parklampor till ditt fordon. Med h\u00f6gkvalitativa komponenter och korrekt dimensionerade kablar kan du vara s\u00e4ker p\u00e5 en p\u00e5litlig och s\u00e4ker anslutning. Allt Du Beh\u00f6ver f\u00f6r Enkel [&hellip;]<\/p>","protected":false},"featured_media":5060,"comment_status":"closed","ping_status":"open","template":"","meta":{"_acf_changed":false,"_smort_price_nok":"705","_smort_price_dkk":"448","_smort_price_eur":"60","_smort_sale_price_nok":"","_smort_sale_price_dkk":"","_smort_sale_price_eur":"","smort_restorder":"","shipmondo_restorder":"","_kad_blocks_custom_css":"","_kad_blocks_head_custom_js":"","_kad_blocks_body_custom_js":"","_kad_blocks_footer_custom_js":"","smort_custom_pricelist_1":"422.4","smort_custom_pricelist_2":"369.6","smort_custom_pricelist_3":"351.12","smort_custom_pricelist_4":"528","smort_custom_pricelist_5":"369.6"},"anvandningsomrade":[],"bilmarken":[],"product_brand":[2793],"product_cat":[2841,2828,2488,2491,2489,2490,390],"product_tag":[],"class_list":{"0":"post-5059","1":"product","2":"type-product","3":"status-publish","4":"has-post-thumbnail","6":"product_brand-ovrigt","7":"product_cat-installation-extraljus","8":"product_cat-installation-led-ramper","9":"product_cat-relasats-arbetsbelysning","10":"product_cat-relasats","11":"product_cat-relasats-extraljus","12":"product_cat-relasats-2","13":"product_cat-installation","14":"pa_lampsockel-kontakt-deutsch-dt-3-stifts-anslutningar","15":"pa_led-chips-effekt-w-1574","16":"pa_storlek-mm-1573","17":"pa_volt-v-12-24","19":"first","20":"onbackorder","21":"taxable","22":"shipping-taxable","23":"purchasable","24":"product-type-simple"},"bundled_by":[],"bundle_stock_status":"onbackorder","bundle_stock_quantity":0,"bundle_virtual":false,"bundle_layout":"","bundle_add_to_cart_form_location":"","bundle_editable_in_cart":false,"bundle_sold_individually_context":"","bundle_item_grouping":"","bundle_min_size":"","bundle_max_size":"","bundle_price":[],"bundled_items":[],"bundle_sell_ids":[],"acf":[],"yoast_head":"<!-- This site is optimized with the Yoast SEO plugin v27.0 - https:\/\/yoast.com\/product\/yoast-seo-wordpress\/ -->\n<title>Ledningssats 3 x DT 12V 3-pin - Xenonkungen<\/title>\n<meta name=\"robots\" content=\"index, follow, max-snippet:-1, max-image-preview:large, max-video-preview:-1\" \/>\n<link rel=\"canonical\" href=\"https:\/\/xenonkungen.com\/en\/product\/wiring-kit-3-x-dt-12v-3-pin\/\" \/>\n<meta property=\"og:locale\" content=\"en_GB\" \/>\n<meta property=\"og:type\" content=\"article\" \/>\n<meta property=\"og:title\" content=\"Ledningssats 3 x DT 12V 3-pin - Xenonkungen\" \/>\n<meta property=\"og:description\" content=\"3 x 3-stifts Deutsch DT Ledningssats &#8211; Perfekt f\u00f6r Hj\u00e4lpbelysning med Parklampor V\u00e5r 3 x 3-stifts Deutsch DT ledningssats \u00e4r den idealiska l\u00f6sningen f\u00f6r att ansluta tre hj\u00e4lpbelysningar med parklampor till ditt fordon. Med h\u00f6gkvalitativa komponenter och korrekt dimensionerade kablar kan du vara s\u00e4ker p\u00e5 en p\u00e5litlig och s\u00e4ker anslutning. Allt Du Beh\u00f6ver f\u00f6r Enkel [&hellip;]\" \/>\n<meta property=\"og:url\" content=\"https:\/\/xenonkungen.com\/en\/product\/wiring-kit-3-x-dt-12v-3-pin\/\" \/>\n<meta property=\"og:site_name\" content=\"Xenonkungen\" \/>\n<meta property=\"article:modified_time\" content=\"2026-03-04T15:37:13+00:00\" \/>\n<meta property=\"og:image\" content=\"https:\/\/xenonkungen.com\/wp-content\/uploads\/2025\/04\/204076299-origpic-f310ea.jpg\" \/>\n\t<meta property=\"og:image:width\" content=\"400\" \/>\n\t<meta property=\"og:image:height\" content=\"300\" \/>\n\t<meta property=\"og:image:type\" content=\"image\/jpeg\" \/>\n<meta name=\"twitter:card\" content=\"summary_large_image\" \/>\n<meta name=\"twitter:label1\" content=\"Estimated reading time\" \/>\n\t<meta name=\"twitter:data1\" content=\"1 minute\" \/>\n<script type=\"application\/ld+json\" class=\"yoast-schema-graph\">{\"@context\":\"https:\/\/schema.org\",\"@graph\":[{\"@type\":\"WebPage\",\"@id\":\"https:\/\/xenonkungen.com\/fi\/tuote\/ledningssats-3-x-dt-12v-3-pin\/\",\"url\":\"https:\/\/xenonkungen.com\/fi\/tuote\/ledningssats-3-x-dt-12v-3-pin\/\",\"name\":\"Ledningssats 3 x DT 12V 3-pin - Xenonkungen\",\"isPartOf\":{\"@id\":\"https:\/\/xenonkungen.com\/#website\"},\"primaryImageOfPage\":{\"@id\":\"https:\/\/xenonkungen.com\/fi\/tuote\/ledningssats-3-x-dt-12v-3-pin\/#primaryimage\"},\"image\":{\"@id\":\"https:\/\/xenonkungen.com\/fi\/tuote\/ledningssats-3-x-dt-12v-3-pin\/#primaryimage\"},\"thumbnailUrl\":\"https:\/\/xenonkungen.com\/wp-content\/uploads\/2025\/04\/204076299-origpic-f310ea.jpg\",\"datePublished\":\"2025-04-15T09:22:39+00:00\",\"dateModified\":\"2026-03-04T15:37:13+00:00\",\"breadcrumb\":{\"@id\":\"https:\/\/xenonkungen.com\/fi\/tuote\/ledningssats-3-x-dt-12v-3-pin\/#breadcrumb\"},\"inLanguage\":\"en-GB\",\"potentialAction\":[{\"@type\":\"ReadAction\",\"target\":[\"https:\/\/xenonkungen.com\/fi\/tuote\/ledningssats-3-x-dt-12v-3-pin\/\"]}]},{\"@type\":\"ImageObject\",\"inLanguage\":\"en-GB\",\"@id\":\"https:\/\/xenonkungen.com\/fi\/tuote\/ledningssats-3-x-dt-12v-3-pin\/#primaryimage\",\"url\":\"https:\/\/xenonkungen.com\/wp-content\/uploads\/2025\/04\/204076299-origpic-f310ea.jpg\",\"contentUrl\":\"https:\/\/xenonkungen.com\/wp-content\/uploads\/2025\/04\/204076299-origpic-f310ea.jpg\",\"width\":400,\"height\":300},{\"@type\":\"BreadcrumbList\",\"@id\":\"https:\/\/xenonkungen.com\/fi\/tuote\/ledningssats-3-x-dt-12v-3-pin\/#breadcrumb\",\"itemListElement\":[{\"@type\":\"ListItem\",\"position\":1,\"name\":\"Hem\",\"item\":\"https:\/\/xenonkungen.com\/\"},{\"@type\":\"ListItem\",\"position\":2,\"name\":\"Shop\",\"item\":\"https:\/\/xenonkungen.com\/shop\/\"},{\"@type\":\"ListItem\",\"position\":3,\"name\":\"Ledningssats 3 x DT 12V 3-pin\"}]},{\"@type\":\"WebSite\",\"@id\":\"https:\/\/xenonkungen.com\/#website\",\"url\":\"https:\/\/xenonkungen.com\/\",\"name\":\"Xenonkungen\",\"description\":\"\",\"potentialAction\":[{\"@type\":\"SearchAction\",\"target\":{\"@type\":\"EntryPoint\",\"urlTemplate\":\"https:\/\/xenonkungen.com\/?s={search_term_string}\"},\"query-input\":{\"@type\":\"PropertyValueSpecification\",\"valueRequired\":true,\"valueName\":\"search_term_string\"}}],\"inLanguage\":\"en-GB\"}]}<\/script>\n<!-- \/ Yoast SEO plugin. -->","yoast_head_json":{"title":"Wiring kit 3 x DT 12V 3-pin - Xenonkungen","robots":{"index":"index","follow":"follow","max-snippet":"max-snippet:-1","max-image-preview":"max-image-preview:large","max-video-preview":"max-video-preview:-1"},"canonical":"https:\/\/xenonkungen.com\/en\/product\/wiring-kit-3-x-dt-12v-3-pin\/","og_locale":"en_GB","og_type":"article","og_title":"Ledningssats 3 x DT 12V 3-pin - Xenonkungen","og_description":"3 x 3-stifts Deutsch DT Ledningssats &#8211; Perfekt f\u00f6r Hj\u00e4lpbelysning med Parklampor V\u00e5r 3 x 3-stifts Deutsch DT ledningssats \u00e4r den idealiska l\u00f6sningen f\u00f6r att ansluta tre hj\u00e4lpbelysningar med parklampor till ditt fordon. Med h\u00f6gkvalitativa komponenter och korrekt dimensionerade kablar kan du vara s\u00e4ker p\u00e5 en p\u00e5litlig och s\u00e4ker anslutning. Allt Du Beh\u00f6ver f\u00f6r Enkel [&hellip;]","og_url":"https:\/\/xenonkungen.com\/en\/product\/wiring-kit-3-x-dt-12v-3-pin\/","og_site_name":"Xenonkungen","article_modified_time":"2026-03-04T15:37:13+00:00","og_image":[{"width":400,"height":300,"url":"https:\/\/xenonkungen.com\/wp-content\/uploads\/2025\/04\/204076299-origpic-f310ea.jpg","type":"image\/jpeg"}],"twitter_card":"summary_large_image","twitter_misc":{"Estimated reading time":"1 minute"},"schema":{"@context":"https:\/\/schema.org","@graph":[{"@type":"WebPage","@id":"https:\/\/xenonkungen.com\/fi\/tuote\/ledningssats-3-x-dt-12v-3-pin\/","url":"https:\/\/xenonkungen.com\/fi\/tuote\/ledningssats-3-x-dt-12v-3-pin\/","name":"Wiring kit 3 x DT 12V 3-pin - Xenonkungen","isPartOf":{"@id":"https:\/\/xenonkungen.com\/#website"},"primaryImageOfPage":{"@id":"https:\/\/xenonkungen.com\/fi\/tuote\/ledningssats-3-x-dt-12v-3-pin\/#primaryimage"},"image":{"@id":"https:\/\/xenonkungen.com\/fi\/tuote\/ledningssats-3-x-dt-12v-3-pin\/#primaryimage"},"thumbnailUrl":"https:\/\/xenonkungen.com\/wp-content\/uploads\/2025\/04\/204076299-origpic-f310ea.jpg","datePublished":"2025-04-15T09:22:39+00:00","dateModified":"2026-03-04T15:37:13+00:00","breadcrumb":{"@id":"https:\/\/xenonkungen.com\/fi\/tuote\/ledningssats-3-x-dt-12v-3-pin\/#breadcrumb"},"inLanguage":"en-GB","potentialAction":[{"@type":"ReadAction","target":["https:\/\/xenonkungen.com\/fi\/tuote\/ledningssats-3-x-dt-12v-3-pin\/"]}]},{"@type":"ImageObject","inLanguage":"en-GB","@id":"https:\/\/xenonkungen.com\/fi\/tuote\/ledningssats-3-x-dt-12v-3-pin\/#primaryimage","url":"https:\/\/xenonkungen.com\/wp-content\/uploads\/2025\/04\/204076299-origpic-f310ea.jpg","contentUrl":"https:\/\/xenonkungen.com\/wp-content\/uploads\/2025\/04\/204076299-origpic-f310ea.jpg","width":400,"height":300},{"@type":"BreadcrumbList","@id":"https:\/\/xenonkungen.com\/fi\/tuote\/ledningssats-3-x-dt-12v-3-pin\/#breadcrumb","itemListElement":[{"@type":"ListItem","position":1,"name":"Hem","item":"https:\/\/xenonkungen.com\/"},{"@type":"ListItem","position":2,"name":"Shop","item":"https:\/\/xenonkungen.com\/shop\/"},{"@type":"ListItem","position":3,"name":"Ledningssats 3 x DT 12V 3-pin"}]},{"@type":"WebSite","@id":"https:\/\/xenonkungen.com\/#website","url":"https:\/\/xenonkungen.com\/","name":"Xenonkungen","description":"","potentialAction":[{"@type":"SearchAction","target":{"@type":"EntryPoint","urlTemplate":"https:\/\/xenonkungen.com\/?s={search_term_string}"},"query-input":{"@type":"PropertyValueSpecification","valueRequired":true,"valueName":"search_term_string"}}],"inLanguage":"en-GB"}]}},"taxonomy_info":{"product_brand":[{"value":2793,"label":"\u00d6VRIGT"}],"product_cat":[{"value":2841,"label":"Installation extraljus"},{"value":2828,"label":"Installation LED-ramper"},{"value":2488,"label":"Rel\u00e4sats"},{"value":2491,"label":"Rel\u00e4sats"},{"value":2489,"label":"Rel\u00e4satser"},{"value":2490,"label":"Rel\u00e4satser"},{"value":390,"label":"Installation"}],"pa_lampsockel-kontakt":[{"value":1575,"label":"Deutsch DT 3-stifts anslutningar"}],"pa_led-chips-effekt-w":[{"value":1574,"label":"360"}],"pa_storlek-mm":[{"value":1573,"label":"3000"}],"pa_volt-v":[{"value":348,"label":"12, 24"}]},"featured_image_src_large":["https:\/\/xenonkungen.com\/wp-content\/uploads\/2025\/04\/204076299-origpic-f310ea.jpg",400,300,false],"author_info":[],"comment_info":0,"_links":{"self":[{"href":"https:\/\/xenonkungen.com\/en\/wp-json\/wp\/v2\/product\/5059","targetHints":{"allow":["GET"]}}],"collection":[{"href":"https:\/\/xenonkungen.com\/en\/wp-json\/wp\/v2\/product"}],"about":[{"href":"https:\/\/xenonkungen.com\/en\/wp-json\/wp\/v2\/types\/product"}],"replies":[{"embeddable":true,"href":"https:\/\/xenonkungen.com\/en\/wp-json\/wp\/v2\/comments?post=5059"}],"wp:featuredmedia":[{"embeddable":true,"href":"https:\/\/xenonkungen.com\/en\/wp-json\/wp\/v2\/media\/5060"}],"wp:attachment":[{"href":"https:\/\/xenonkungen.com\/en\/wp-json\/wp\/v2\/media?parent=5059"}],"wp:term":[{"taxonomy":"anvandningsomrade","embeddable":true,"href":"https:\/\/xenonkungen.com\/en\/wp-json\/wp\/v2\/anvandningsomrade?post=5059"},{"taxonomy":"bilmarken","embeddable":true,"href":"https:\/\/xenonkungen.com\/en\/wp-json\/wp\/v2\/bilmarken?post=5059"},{"taxonomy":"product_brand","embeddable":true,"href":"https:\/\/xenonkungen.com\/en\/wp-json\/wp\/v2\/product_brand?post=5059"},{"taxonomy":"product_cat","embeddable":true,"href":"https:\/\/xenonkungen.com\/en\/wp-json\/wp\/v2\/product_cat?post=5059"},{"taxonomy":"product_tag","embeddable":true,"href":"https:\/\/xenonkungen.com\/en\/wp-json\/wp\/v2\/product_tag?post=5059"}],"curies":[{"name":"wp","href":"https:\/\/api.w.org\/{rel}","templated":true}]}}