{"id":5062,"date":"2025-04-15T09:22:39","date_gmt":"2025-04-15T09:22:39","guid":{"rendered":"https:\/\/xenonkungen.com\/product\/kabelsats-for-1st-ljus-dtp-4-12v\/"},"modified":"2026-04-24T17:45:54","modified_gmt":"2026-04-24T16:45:54","slug":"cable-set-for-1-light-dtp-4-12v","status":"publish","type":"product","link":"https:\/\/xenonkungen.com\/en\/product\/cable-set-for-1-light-dtp-4-12v\/","title":{"rendered":"Cable set for 1st light DTP 4 12V"},"content":{"rendered":"<h1>Wiring kit for Extra Light or Led Ramp with DTP-4 Connector<\/h1>\n<p><\/p>\n<p>Introducing our reliable and robust wiring kit, perfectly suited for use with auxiliary lights or LED ramps that have DTP-4 connectors. This wiring kit is an ideal solution to efficiently power lighting systems that require high performance, including those with position lights or built-in heat.<\/p>\n<p>This wiring kit is designed to provide an efficient and durable solution for your vehicle's lighting needs. Its high-quality components and thoughtful design ensure that your lighting installation performs at its best, whatever the weather or road conditions. Ideal for anyone looking to upgrade their vehicle with powerful and multifunctional light sources.<\/p>","protected":false},"excerpt":{"rendered":"<p>Now you can easily and conveniently upgrade your DTP 4 light for optimal performance with our cable set for 1st light DTP 4 12V. This cable set is perfect for connecting and powering your light DTP 4 with 12V voltage.<\/p>\n<p>Our cable set is made of high-quality materials that guarantee durability and reliability. It is easy to install and use, enabling you to upgrade your light quickly and easily<\/p>","protected":false},"featured_media":5063,"comment_status":"closed","ping_status":"closed","template":"","meta":{"_acf_changed":false,"_smort_price_nok":"586","_smort_price_dkk":"373","_smort_price_eur":"49.91","_smort_sale_price_nok":"","_smort_sale_price_dkk":"","_smort_sale_price_eur":"37.43","smort_restorder":"","shipmondo_restorder":"","_kad_blocks_custom_css":"","_kad_blocks_head_custom_js":"","_kad_blocks_body_custom_js":"","_kad_blocks_footer_custom_js":"","smort_custom_pricelist_1":"351.36","smort_custom_pricelist_2":"307.44","smort_custom_pricelist_3":"285.48","smort_custom_pricelist_4":"439.2","smort_custom_pricelist_5":"307.44"},"anvandningsomrade":[],"bilmarken":[],"product_brand":[],"product_cat":[2841,2828,2488,2491,2489,2490,390],"product_tag":[],"class_list":{"0":"post-5062","1":"product","2":"type-product","3":"status-publish","4":"has-post-thumbnail","6":"product_cat-installation-extraljus","7":"product_cat-installation-led-ramper","8":"product_cat-relasats-arbetsbelysning","9":"product_cat-relasats","10":"product_cat-relasats-extraljus","11":"product_cat-relasats-2","12":"product_cat-installation","13":"pa_storlek-mm-1576","15":"first","16":"instock","17":"taxable","18":"shipping-taxable","19":"purchasable","20":"product-type-simple"},"bundled_by":[],"bundle_stock_status":"instock","bundle_stock_quantity":40,"bundle_virtual":false,"bundle_layout":"","bundle_add_to_cart_form_location":"","bundle_editable_in_cart":false,"bundle_sold_individually_context":"","bundle_item_grouping":"","bundle_min_size":"","bundle_max_size":"","bundle_price":[],"bundled_items":[],"bundle_sell_ids":[],"acf":[],"yoast_head":"<!-- This site is optimized with the Yoast SEO plugin v27.0 - https:\/\/yoast.com\/product\/yoast-seo-wordpress\/ -->\n<title>Kabelsats f\u00f6r 1st ljus DTP 4 12V - Xenonkungen<\/title>\n<meta name=\"robots\" content=\"index, follow, max-snippet:-1, max-image-preview:large, max-video-preview:-1\" \/>\n<link rel=\"canonical\" href=\"https:\/\/xenonkungen.com\/en\/product\/cable-set-for-1-light-dtp-4-12v\/\" \/>\n<meta property=\"og:locale\" content=\"en_GB\" \/>\n<meta property=\"og:type\" content=\"article\" \/>\n<meta property=\"og:title\" content=\"Kabelsats f\u00f6r 1st ljus DTP 4 12V - Xenonkungen\" \/>\n<meta property=\"og:description\" content=\"Nu kan du enkelt och smidigt uppgradera ditt ljus DTP 4 f\u00f6r optimal prestanda med v\u00e5r kabelsats f\u00f6r 1st ljus DTP 4 12V. Denna kabelsats \u00e4r perfekt f\u00f6r att ansluta och str\u00f6mf\u00f6rs\u00f6rja ditt ljus DTP 4 med 12V-sp\u00e4nning. V\u00e5r kabelsats \u00e4r tillverkad av h\u00f6gkvalitativa material som garanterar h\u00e5llbarhet och p\u00e5litlighet. Den \u00e4r enkel att installera och anv\u00e4nda, vilket g\u00f6r det m\u00f6jligt f\u00f6r dig att snabbt och enkelt uppgradera ditt ljus\" \/>\n<meta property=\"og:url\" content=\"https:\/\/xenonkungen.com\/en\/product\/cable-set-for-1-light-dtp-4-12v\/\" \/>\n<meta property=\"og:site_name\" content=\"Xenonkungen\" \/>\n<meta property=\"article:modified_time\" content=\"2026-04-24T16:45:54+00:00\" \/>\n<meta property=\"og:image\" content=\"https:\/\/xenonkungen.com\/wp-content\/uploads\/2025\/04\/208136109-origpic-bf91cf.png\" \/>\n\t<meta property=\"og:image:width\" content=\"1000\" \/>\n\t<meta property=\"og:image:height\" content=\"799\" \/>\n\t<meta property=\"og:image:type\" content=\"image\/png\" \/>\n<meta name=\"twitter:card\" content=\"summary_large_image\" \/>\n<meta name=\"twitter:label1\" content=\"Estimated reading time\" \/>\n\t<meta name=\"twitter:data1\" content=\"1 minute\" \/>\n<script type=\"application\/ld+json\" class=\"yoast-schema-graph\">{\"@context\":\"https:\/\/schema.org\",\"@graph\":[{\"@type\":\"WebPage\",\"@id\":\"https:\/\/xenonkungen.com\/es\/producto\/juego-de-cables-para-1-luz-dtp-4-12v\/\",\"url\":\"https:\/\/xenonkungen.com\/es\/producto\/juego-de-cables-para-1-luz-dtp-4-12v\/\",\"name\":\"Kabelsats f\u00f6r 1st ljus DTP 4 12V - Xenonkungen\",\"isPartOf\":{\"@id\":\"https:\/\/xenonkungen.com\/#website\"},\"primaryImageOfPage\":{\"@id\":\"https:\/\/xenonkungen.com\/es\/producto\/juego-de-cables-para-1-luz-dtp-4-12v\/#primaryimage\"},\"image\":{\"@id\":\"https:\/\/xenonkungen.com\/es\/producto\/juego-de-cables-para-1-luz-dtp-4-12v\/#primaryimage\"},\"thumbnailUrl\":\"https:\/\/xenonkungen.com\/wp-content\/uploads\/2025\/04\/208136109-origpic-bf91cf.png\",\"datePublished\":\"2025-04-15T09:22:39+00:00\",\"dateModified\":\"2026-04-24T16:45:54+00:00\",\"breadcrumb\":{\"@id\":\"https:\/\/xenonkungen.com\/es\/producto\/juego-de-cables-para-1-luz-dtp-4-12v\/#breadcrumb\"},\"inLanguage\":\"en-GB\",\"potentialAction\":[{\"@type\":\"ReadAction\",\"target\":[\"https:\/\/xenonkungen.com\/es\/producto\/juego-de-cables-para-1-luz-dtp-4-12v\/\"]}]},{\"@type\":\"ImageObject\",\"inLanguage\":\"en-GB\",\"@id\":\"https:\/\/xenonkungen.com\/es\/producto\/juego-de-cables-para-1-luz-dtp-4-12v\/#primaryimage\",\"url\":\"https:\/\/xenonkungen.com\/wp-content\/uploads\/2025\/04\/208136109-origpic-bf91cf.png\",\"contentUrl\":\"https:\/\/xenonkungen.com\/wp-content\/uploads\/2025\/04\/208136109-origpic-bf91cf.png\",\"width\":1000,\"height\":799},{\"@type\":\"BreadcrumbList\",\"@id\":\"https:\/\/xenonkungen.com\/es\/producto\/juego-de-cables-para-1-luz-dtp-4-12v\/#breadcrumb\",\"itemListElement\":[{\"@type\":\"ListItem\",\"position\":1,\"name\":\"Hem\",\"item\":\"https:\/\/xenonkungen.com\/\"},{\"@type\":\"ListItem\",\"position\":2,\"name\":\"Shop\",\"item\":\"https:\/\/xenonkungen.com\/shop\/\"},{\"@type\":\"ListItem\",\"position\":3,\"name\":\"Kabelsats f\u00f6r 1st ljus DTP 4 12V\"}]},{\"@type\":\"WebSite\",\"@id\":\"https:\/\/xenonkungen.com\/#website\",\"url\":\"https:\/\/xenonkungen.com\/\",\"name\":\"Xenonkungen\",\"description\":\"\",\"potentialAction\":[{\"@type\":\"SearchAction\",\"target\":{\"@type\":\"EntryPoint\",\"urlTemplate\":\"https:\/\/xenonkungen.com\/?s={search_term_string}\"},\"query-input\":{\"@type\":\"PropertyValueSpecification\",\"valueRequired\":true,\"valueName\":\"search_term_string\"}}],\"inLanguage\":\"en-GB\"}]}<\/script>\n<!-- \/ Yoast SEO plugin. -->","yoast_head_json":{"title":"Cable set for 1 light DTP 4 12V - Xenonkungen","robots":{"index":"index","follow":"follow","max-snippet":"max-snippet:-1","max-image-preview":"max-image-preview:large","max-video-preview":"max-video-preview:-1"},"canonical":"https:\/\/xenonkungen.com\/en\/product\/cable-set-for-1-light-dtp-4-12v\/","og_locale":"en_GB","og_type":"article","og_title":"Kabelsats f\u00f6r 1st ljus DTP 4 12V - Xenonkungen","og_description":"Nu kan du enkelt och smidigt uppgradera ditt ljus DTP 4 f\u00f6r optimal prestanda med v\u00e5r kabelsats f\u00f6r 1st ljus DTP 4 12V. Denna kabelsats \u00e4r perfekt f\u00f6r att ansluta och str\u00f6mf\u00f6rs\u00f6rja ditt ljus DTP 4 med 12V-sp\u00e4nning. V\u00e5r kabelsats \u00e4r tillverkad av h\u00f6gkvalitativa material som garanterar h\u00e5llbarhet och p\u00e5litlighet. Den \u00e4r enkel att installera och anv\u00e4nda, vilket g\u00f6r det m\u00f6jligt f\u00f6r dig att snabbt och enkelt uppgradera ditt ljus","og_url":"https:\/\/xenonkungen.com\/en\/product\/cable-set-for-1-light-dtp-4-12v\/","og_site_name":"Xenonkungen","article_modified_time":"2026-04-24T16:45:54+00:00","og_image":[{"width":1000,"height":799,"url":"https:\/\/xenonkungen.com\/wp-content\/uploads\/2025\/04\/208136109-origpic-bf91cf.png","type":"image\/png"}],"twitter_card":"summary_large_image","twitter_misc":{"Estimated reading time":"1 minute"},"schema":{"@context":"https:\/\/schema.org","@graph":[{"@type":"WebPage","@id":"https:\/\/xenonkungen.com\/es\/producto\/juego-de-cables-para-1-luz-dtp-4-12v\/","url":"https:\/\/xenonkungen.com\/es\/producto\/juego-de-cables-para-1-luz-dtp-4-12v\/","name":"Cable set for 1 light DTP 4 12V - Xenonkungen","isPartOf":{"@id":"https:\/\/xenonkungen.com\/#website"},"primaryImageOfPage":{"@id":"https:\/\/xenonkungen.com\/es\/producto\/juego-de-cables-para-1-luz-dtp-4-12v\/#primaryimage"},"image":{"@id":"https:\/\/xenonkungen.com\/es\/producto\/juego-de-cables-para-1-luz-dtp-4-12v\/#primaryimage"},"thumbnailUrl":"https:\/\/xenonkungen.com\/wp-content\/uploads\/2025\/04\/208136109-origpic-bf91cf.png","datePublished":"2025-04-15T09:22:39+00:00","dateModified":"2026-04-24T16:45:54+00:00","breadcrumb":{"@id":"https:\/\/xenonkungen.com\/es\/producto\/juego-de-cables-para-1-luz-dtp-4-12v\/#breadcrumb"},"inLanguage":"en-GB","potentialAction":[{"@type":"ReadAction","target":["https:\/\/xenonkungen.com\/es\/producto\/juego-de-cables-para-1-luz-dtp-4-12v\/"]}]},{"@type":"ImageObject","inLanguage":"en-GB","@id":"https:\/\/xenonkungen.com\/es\/producto\/juego-de-cables-para-1-luz-dtp-4-12v\/#primaryimage","url":"https:\/\/xenonkungen.com\/wp-content\/uploads\/2025\/04\/208136109-origpic-bf91cf.png","contentUrl":"https:\/\/xenonkungen.com\/wp-content\/uploads\/2025\/04\/208136109-origpic-bf91cf.png","width":1000,"height":799},{"@type":"BreadcrumbList","@id":"https:\/\/xenonkungen.com\/es\/producto\/juego-de-cables-para-1-luz-dtp-4-12v\/#breadcrumb","itemListElement":[{"@type":"ListItem","position":1,"name":"Hem","item":"https:\/\/xenonkungen.com\/"},{"@type":"ListItem","position":2,"name":"Shop","item":"https:\/\/xenonkungen.com\/shop\/"},{"@type":"ListItem","position":3,"name":"Kabelsats f\u00f6r 1st ljus DTP 4 12V"}]},{"@type":"WebSite","@id":"https:\/\/xenonkungen.com\/#website","url":"https:\/\/xenonkungen.com\/","name":"Xenonkungen","description":"","potentialAction":[{"@type":"SearchAction","target":{"@type":"EntryPoint","urlTemplate":"https:\/\/xenonkungen.com\/?s={search_term_string}"},"query-input":{"@type":"PropertyValueSpecification","valueRequired":true,"valueName":"search_term_string"}}],"inLanguage":"en-GB"}]}},"taxonomy_info":{"product_cat":[{"value":2841,"label":"Installation extraljus"},{"value":2828,"label":"Installation LED-ramper"},{"value":2488,"label":"Rel\u00e4sats"},{"value":2491,"label":"Rel\u00e4sats"},{"value":2489,"label":"Rel\u00e4satser"},{"value":2490,"label":"Rel\u00e4satser"},{"value":390,"label":"Installation"}],"pa_storlek-mm":[{"value":1576,"label":"2500"}]},"featured_image_src_large":["https:\/\/xenonkungen.com\/wp-content\/uploads\/2025\/04\/208136109-origpic-bf91cf.png",1000,799,false],"author_info":[],"comment_info":0,"_links":{"self":[{"href":"https:\/\/xenonkungen.com\/en\/wp-json\/wp\/v2\/product\/5062","targetHints":{"allow":["GET"]}}],"collection":[{"href":"https:\/\/xenonkungen.com\/en\/wp-json\/wp\/v2\/product"}],"about":[{"href":"https:\/\/xenonkungen.com\/en\/wp-json\/wp\/v2\/types\/product"}],"replies":[{"embeddable":true,"href":"https:\/\/xenonkungen.com\/en\/wp-json\/wp\/v2\/comments?post=5062"}],"wp:featuredmedia":[{"embeddable":true,"href":"https:\/\/xenonkungen.com\/en\/wp-json\/wp\/v2\/media\/5063"}],"wp:attachment":[{"href":"https:\/\/xenonkungen.com\/en\/wp-json\/wp\/v2\/media?parent=5062"}],"wp:term":[{"taxonomy":"anvandningsomrade","embeddable":true,"href":"https:\/\/xenonkungen.com\/en\/wp-json\/wp\/v2\/anvandningsomrade?post=5062"},{"taxonomy":"bilmarken","embeddable":true,"href":"https:\/\/xenonkungen.com\/en\/wp-json\/wp\/v2\/bilmarken?post=5062"},{"taxonomy":"product_brand","embeddable":true,"href":"https:\/\/xenonkungen.com\/en\/wp-json\/wp\/v2\/product_brand?post=5062"},{"taxonomy":"product_cat","embeddable":true,"href":"https:\/\/xenonkungen.com\/en\/wp-json\/wp\/v2\/product_cat?post=5062"},{"taxonomy":"product_tag","embeddable":true,"href":"https:\/\/xenonkungen.com\/en\/wp-json\/wp\/v2\/product_tag?post=5062"}],"curies":[{"name":"wp","href":"https:\/\/api.w.org\/{rel}","templated":true}]}}