{"id":5064,"date":"2025-04-15T09:22:39","date_gmt":"2025-04-15T09:22:39","guid":{"rendered":"https:\/\/xenonkungen.com\/product\/kabelsats-for-2st-ljus-dt-4\/"},"modified":"2026-04-24T17:45:56","modified_gmt":"2026-04-24T16:45:56","slug":"cable-set-for-2-lights-dt-4","status":"publish","type":"product","link":"https:\/\/xenonkungen.com\/en\/product\/cable-set-for-2-lights-dt-4\/","title":{"rendered":"Cable set for 2 lights DT 4"},"content":{"rendered":"<h1>Complete Lightbar Installation Kit for 2 Lamps - Improve Your Lighting<\/h1>\n<p>To make your lightbar installation easy and smooth, we offer a complete kit to connect 2 lights to your vehicle. With high-quality components and correctly dimensioned cables, your lights will work reliably and efficiently.<\/p>\n<h2>Complete Kit with Everything You Need<\/h2>\n<p>Our kit contains everything required for a safe and professional installation. With high quality 4mm\u00b2 cable, you can be sure that the power is delivered to your lights without losses. We also include a 40A relay, relay socket, fuse and DT connectors to ensure a reliable and protected connection.<\/p>","protected":false},"excerpt":{"rendered":"<p>Komplett Ljusrampinstallationssats f\u00f6r 2 Lampor &#8211; F\u00f6rb\u00e4ttra Din Belysning F\u00f6r att g\u00f6ra din ljusrampinstallation enkel och smidig erbjuder vi en komplett sats f\u00f6r att ansluta 2 lampor till ditt fordon. Med h\u00f6gkvalitativa komponenter och korrekt dimensionerade kablar, kommer dina lampor att fungera p\u00e5litligt och effektivt. Komplett Sats med Allt Du Beh\u00f6ver V\u00e5r sats inneh\u00e5ller allt [&hellip;]<\/p>","protected":false},"featured_media":5065,"comment_status":"closed","ping_status":"open","template":"","meta":{"_acf_changed":false,"_smort_price_nok":"587","_smort_price_dkk":"373","_smort_price_eur":"50","_smort_sale_price_nok":"","_smort_sale_price_dkk":"","_smort_sale_price_eur":"","smort_restorder":"","shipmondo_restorder":"","_kad_blocks_custom_css":"","_kad_blocks_head_custom_js":"","_kad_blocks_body_custom_js":"","_kad_blocks_footer_custom_js":"","smort_custom_pricelist_1":"352","smort_custom_pricelist_2":"308","smort_custom_pricelist_3":"292.6","smort_custom_pricelist_4":"440","smort_custom_pricelist_5":"308"},"anvandningsomrade":[],"bilmarken":[],"product_brand":[],"product_cat":[2841,2828,2488,2491,2489,2490,390],"product_tag":[],"class_list":{"0":"post-5064","1":"product","2":"type-product","3":"status-publish","4":"has-post-thumbnail","6":"product_cat-installation-extraljus","7":"product_cat-installation-led-ramper","8":"product_cat-relasats-arbetsbelysning","9":"product_cat-relasats","10":"product_cat-relasats-extraljus","11":"product_cat-relasats-2","12":"product_cat-installation","14":"first","15":"onbackorder","16":"taxable","17":"shipping-taxable","18":"purchasable","19":"product-type-simple"},"bundled_by":[],"bundle_stock_status":"onbackorder","bundle_stock_quantity":0,"bundle_virtual":false,"bundle_layout":"","bundle_add_to_cart_form_location":"","bundle_editable_in_cart":false,"bundle_sold_individually_context":"","bundle_item_grouping":"","bundle_min_size":"","bundle_max_size":"","bundle_price":[],"bundled_items":[],"bundle_sell_ids":[],"acf":[],"yoast_head":"<!-- This site is optimized with the Yoast SEO plugin v27.0 - https:\/\/yoast.com\/product\/yoast-seo-wordpress\/ -->\n<title>Kabelsats f\u00f6r 2st ljus DT 4 - Xenonkungen<\/title>\n<meta name=\"robots\" content=\"index, follow, max-snippet:-1, max-image-preview:large, max-video-preview:-1\" \/>\n<link rel=\"canonical\" href=\"https:\/\/xenonkungen.com\/en\/product\/cable-set-for-2-lights-dt-4\/\" \/>\n<meta property=\"og:locale\" content=\"en_GB\" \/>\n<meta property=\"og:type\" content=\"article\" \/>\n<meta property=\"og:title\" content=\"Kabelsats f\u00f6r 2st ljus DT 4 - Xenonkungen\" \/>\n<meta property=\"og:description\" content=\"Komplett Ljusrampinstallationssats f\u00f6r 2 Lampor &#8211; F\u00f6rb\u00e4ttra Din Belysning F\u00f6r att g\u00f6ra din ljusrampinstallation enkel och smidig erbjuder vi en komplett sats f\u00f6r att ansluta 2 lampor till ditt fordon. Med h\u00f6gkvalitativa komponenter och korrekt dimensionerade kablar, kommer dina lampor att fungera p\u00e5litligt och effektivt. Komplett Sats med Allt Du Beh\u00f6ver V\u00e5r sats inneh\u00e5ller allt [&hellip;]\" \/>\n<meta property=\"og:url\" content=\"https:\/\/xenonkungen.com\/en\/product\/cable-set-for-2-lights-dt-4\/\" \/>\n<meta property=\"og:site_name\" content=\"Xenonkungen\" \/>\n<meta property=\"article:modified_time\" content=\"2026-04-24T16:45:56+00:00\" \/>\n<meta property=\"og:image\" content=\"https:\/\/xenonkungen.com\/wp-content\/uploads\/2025\/04\/204076301-origpic-d32a98.jpg\" \/>\n\t<meta property=\"og:image:width\" content=\"476\" \/>\n\t<meta property=\"og:image:height\" content=\"357\" \/>\n\t<meta property=\"og:image:type\" content=\"image\/jpeg\" \/>\n<meta name=\"twitter:card\" content=\"summary_large_image\" \/>\n<meta name=\"twitter:label1\" content=\"Estimated reading time\" \/>\n\t<meta name=\"twitter:data1\" content=\"1 minute\" \/>\n<script type=\"application\/ld+json\" class=\"yoast-schema-graph\">{\"@context\":\"https:\/\/schema.org\",\"@graph\":[{\"@type\":\"WebPage\",\"@id\":\"https:\/\/xenonkungen.com\/dk\/vare\/kabelsaet-til-2-lys-dt-4\/\",\"url\":\"https:\/\/xenonkungen.com\/dk\/vare\/kabelsaet-til-2-lys-dt-4\/\",\"name\":\"Kabelsats f\u00f6r 2st ljus DT 4 - Xenonkungen\",\"isPartOf\":{\"@id\":\"https:\/\/xenonkungen.com\/#website\"},\"primaryImageOfPage\":{\"@id\":\"https:\/\/xenonkungen.com\/dk\/vare\/kabelsaet-til-2-lys-dt-4\/#primaryimage\"},\"image\":{\"@id\":\"https:\/\/xenonkungen.com\/dk\/vare\/kabelsaet-til-2-lys-dt-4\/#primaryimage\"},\"thumbnailUrl\":\"https:\/\/xenonkungen.com\/wp-content\/uploads\/2025\/04\/204076301-origpic-d32a98.jpg\",\"datePublished\":\"2025-04-15T09:22:39+00:00\",\"dateModified\":\"2026-04-24T16:45:56+00:00\",\"breadcrumb\":{\"@id\":\"https:\/\/xenonkungen.com\/dk\/vare\/kabelsaet-til-2-lys-dt-4\/#breadcrumb\"},\"inLanguage\":\"en-GB\",\"potentialAction\":[{\"@type\":\"ReadAction\",\"target\":[\"https:\/\/xenonkungen.com\/dk\/vare\/kabelsaet-til-2-lys-dt-4\/\"]}]},{\"@type\":\"ImageObject\",\"inLanguage\":\"en-GB\",\"@id\":\"https:\/\/xenonkungen.com\/dk\/vare\/kabelsaet-til-2-lys-dt-4\/#primaryimage\",\"url\":\"https:\/\/xenonkungen.com\/wp-content\/uploads\/2025\/04\/204076301-origpic-d32a98.jpg\",\"contentUrl\":\"https:\/\/xenonkungen.com\/wp-content\/uploads\/2025\/04\/204076301-origpic-d32a98.jpg\",\"width\":476,\"height\":357},{\"@type\":\"BreadcrumbList\",\"@id\":\"https:\/\/xenonkungen.com\/dk\/vare\/kabelsaet-til-2-lys-dt-4\/#breadcrumb\",\"itemListElement\":[{\"@type\":\"ListItem\",\"position\":1,\"name\":\"Hem\",\"item\":\"https:\/\/xenonkungen.com\/\"},{\"@type\":\"ListItem\",\"position\":2,\"name\":\"Shop\",\"item\":\"https:\/\/xenonkungen.com\/shop\/\"},{\"@type\":\"ListItem\",\"position\":3,\"name\":\"Kabelsats f\u00f6r 2st ljus DT 4\"}]},{\"@type\":\"WebSite\",\"@id\":\"https:\/\/xenonkungen.com\/#website\",\"url\":\"https:\/\/xenonkungen.com\/\",\"name\":\"Xenonkungen\",\"description\":\"\",\"potentialAction\":[{\"@type\":\"SearchAction\",\"target\":{\"@type\":\"EntryPoint\",\"urlTemplate\":\"https:\/\/xenonkungen.com\/?s={search_term_string}\"},\"query-input\":{\"@type\":\"PropertyValueSpecification\",\"valueRequired\":true,\"valueName\":\"search_term_string\"}}],\"inLanguage\":\"en-GB\"}]}<\/script>\n<!-- \/ Yoast SEO plugin. -->","yoast_head_json":{"title":"Cable set for 2 lights DT 4 - Xenonkungen","robots":{"index":"index","follow":"follow","max-snippet":"max-snippet:-1","max-image-preview":"max-image-preview:large","max-video-preview":"max-video-preview:-1"},"canonical":"https:\/\/xenonkungen.com\/en\/product\/cable-set-for-2-lights-dt-4\/","og_locale":"en_GB","og_type":"article","og_title":"Kabelsats f\u00f6r 2st ljus DT 4 - Xenonkungen","og_description":"Komplett Ljusrampinstallationssats f\u00f6r 2 Lampor &#8211; F\u00f6rb\u00e4ttra Din Belysning F\u00f6r att g\u00f6ra din ljusrampinstallation enkel och smidig erbjuder vi en komplett sats f\u00f6r att ansluta 2 lampor till ditt fordon. Med h\u00f6gkvalitativa komponenter och korrekt dimensionerade kablar, kommer dina lampor att fungera p\u00e5litligt och effektivt. Komplett Sats med Allt Du Beh\u00f6ver V\u00e5r sats inneh\u00e5ller allt [&hellip;]","og_url":"https:\/\/xenonkungen.com\/en\/product\/cable-set-for-2-lights-dt-4\/","og_site_name":"Xenonkungen","article_modified_time":"2026-04-24T16:45:56+00:00","og_image":[{"width":476,"height":357,"url":"https:\/\/xenonkungen.com\/wp-content\/uploads\/2025\/04\/204076301-origpic-d32a98.jpg","type":"image\/jpeg"}],"twitter_card":"summary_large_image","twitter_misc":{"Estimated reading time":"1 minute"},"schema":{"@context":"https:\/\/schema.org","@graph":[{"@type":"WebPage","@id":"https:\/\/xenonkungen.com\/dk\/vare\/kabelsaet-til-2-lys-dt-4\/","url":"https:\/\/xenonkungen.com\/dk\/vare\/kabelsaet-til-2-lys-dt-4\/","name":"Cable set for 2 lights DT 4 - Xenonkungen","isPartOf":{"@id":"https:\/\/xenonkungen.com\/#website"},"primaryImageOfPage":{"@id":"https:\/\/xenonkungen.com\/dk\/vare\/kabelsaet-til-2-lys-dt-4\/#primaryimage"},"image":{"@id":"https:\/\/xenonkungen.com\/dk\/vare\/kabelsaet-til-2-lys-dt-4\/#primaryimage"},"thumbnailUrl":"https:\/\/xenonkungen.com\/wp-content\/uploads\/2025\/04\/204076301-origpic-d32a98.jpg","datePublished":"2025-04-15T09:22:39+00:00","dateModified":"2026-04-24T16:45:56+00:00","breadcrumb":{"@id":"https:\/\/xenonkungen.com\/dk\/vare\/kabelsaet-til-2-lys-dt-4\/#breadcrumb"},"inLanguage":"en-GB","potentialAction":[{"@type":"ReadAction","target":["https:\/\/xenonkungen.com\/dk\/vare\/kabelsaet-til-2-lys-dt-4\/"]}]},{"@type":"ImageObject","inLanguage":"en-GB","@id":"https:\/\/xenonkungen.com\/dk\/vare\/kabelsaet-til-2-lys-dt-4\/#primaryimage","url":"https:\/\/xenonkungen.com\/wp-content\/uploads\/2025\/04\/204076301-origpic-d32a98.jpg","contentUrl":"https:\/\/xenonkungen.com\/wp-content\/uploads\/2025\/04\/204076301-origpic-d32a98.jpg","width":476,"height":357},{"@type":"BreadcrumbList","@id":"https:\/\/xenonkungen.com\/dk\/vare\/kabelsaet-til-2-lys-dt-4\/#breadcrumb","itemListElement":[{"@type":"ListItem","position":1,"name":"Hem","item":"https:\/\/xenonkungen.com\/"},{"@type":"ListItem","position":2,"name":"Shop","item":"https:\/\/xenonkungen.com\/shop\/"},{"@type":"ListItem","position":3,"name":"Kabelsats f\u00f6r 2st ljus DT 4"}]},{"@type":"WebSite","@id":"https:\/\/xenonkungen.com\/#website","url":"https:\/\/xenonkungen.com\/","name":"Xenonkungen","description":"","potentialAction":[{"@type":"SearchAction","target":{"@type":"EntryPoint","urlTemplate":"https:\/\/xenonkungen.com\/?s={search_term_string}"},"query-input":{"@type":"PropertyValueSpecification","valueRequired":true,"valueName":"search_term_string"}}],"inLanguage":"en-GB"}]}},"taxonomy_info":{"product_cat":[{"value":2841,"label":"Installation extraljus"},{"value":2828,"label":"Installation LED-ramper"},{"value":2488,"label":"Rel\u00e4sats"},{"value":2491,"label":"Rel\u00e4sats"},{"value":2489,"label":"Rel\u00e4satser"},{"value":2490,"label":"Rel\u00e4satser"},{"value":390,"label":"Installation"}]},"featured_image_src_large":["https:\/\/xenonkungen.com\/wp-content\/uploads\/2025\/04\/204076301-origpic-d32a98.jpg",476,357,false],"author_info":[],"comment_info":0,"_links":{"self":[{"href":"https:\/\/xenonkungen.com\/en\/wp-json\/wp\/v2\/product\/5064","targetHints":{"allow":["GET"]}}],"collection":[{"href":"https:\/\/xenonkungen.com\/en\/wp-json\/wp\/v2\/product"}],"about":[{"href":"https:\/\/xenonkungen.com\/en\/wp-json\/wp\/v2\/types\/product"}],"replies":[{"embeddable":true,"href":"https:\/\/xenonkungen.com\/en\/wp-json\/wp\/v2\/comments?post=5064"}],"wp:featuredmedia":[{"embeddable":true,"href":"https:\/\/xenonkungen.com\/en\/wp-json\/wp\/v2\/media\/5065"}],"wp:attachment":[{"href":"https:\/\/xenonkungen.com\/en\/wp-json\/wp\/v2\/media?parent=5064"}],"wp:term":[{"taxonomy":"anvandningsomrade","embeddable":true,"href":"https:\/\/xenonkungen.com\/en\/wp-json\/wp\/v2\/anvandningsomrade?post=5064"},{"taxonomy":"bilmarken","embeddable":true,"href":"https:\/\/xenonkungen.com\/en\/wp-json\/wp\/v2\/bilmarken?post=5064"},{"taxonomy":"product_brand","embeddable":true,"href":"https:\/\/xenonkungen.com\/en\/wp-json\/wp\/v2\/product_brand?post=5064"},{"taxonomy":"product_cat","embeddable":true,"href":"https:\/\/xenonkungen.com\/en\/wp-json\/wp\/v2\/product_cat?post=5064"},{"taxonomy":"product_tag","embeddable":true,"href":"https:\/\/xenonkungen.com\/en\/wp-json\/wp\/v2\/product_tag?post=5064"}],"curies":[{"name":"wp","href":"https:\/\/api.w.org\/{rel}","templated":true}]}}