{"id":5241,"date":"2025-04-15T09:25:11","date_gmt":"2025-04-15T09:25:11","guid":{"rendered":"https:\/\/xenonkungen.com\/product\/lazer-ledrampskit-ford-transit-2015-2x-st4-evolution\/"},"modified":"2026-04-24T17:26:05","modified_gmt":"2026-04-24T16:26:05","slug":"lazer-led-ramp-kit-ford-transit-2015-2x-st4-evolution","status":"publish","type":"product","link":"https:\/\/xenonkungen.com\/en\/product\/lazer-led-ramp-kit-ford-transit-2015-2x-st4-evolution\/","title":{"rendered":"Lazer Ledrampskit - Ford Transit 2015+ 2x ST4 Evolution"},"content":{"rendered":"<h1>Lazer LED Ramp Kit for Ford Transit 2015+ - Light up the road with precision<\/h1>\n<p>Lazers introduces a state-of-the-art solution for Ford Transit owners looking for powerful lighting combined with stylish design. With its specially created LED ramp kit for Ford Transit 2015 and newer models, you not only get superior lighting but also a perfect fit.<\/p>\n<p>Every detail of this kit is carefully designed. The two ST4 Evolution light bars create a light pattern that is both wide and even, ensuring that the road ahead is always well lit. Thanks to their design, these beams can be seamlessly integrated into the original grille of MY15 vehicles and newer, giving a uniform and stylish look to your car.<\/p>\n<p>Assembly is a breeze with this kit. The brackets are made from robust 3D printed ASA material, renowned for its durability and UV stability, ensuring they will last a long time, whatever the weather conditions. For those who prefer a more customised solution, the kit can also be purchased without a handrail.<\/p>\n<h2>Included in the package:<\/h2>\n<ul>\n<li>2 x ST4 Evolution articulated ramps<\/li>\n<li>4 x robust brackets and cutting guide<\/li>\n<li>1 x connection kit for a trouble-free installation<\/li>\n<li>1 x detailed assembly instructions<\/li>\n<\/ul>\n<p>With the Lazer LED ramp kit, your Ford Transit gets the upgrade it deserves - both in terms of lighting and style. Invest in a product that's engineered for performance, durability and aesthetics.<\/p>","protected":false},"excerpt":{"rendered":"<p>Lazers LED-rampskit f\u00f6r Ford Transit 2015+ &#8211; Lys upp v\u00e4gen med precision Lazers introducerar en toppmodern l\u00f6sning f\u00f6r Ford Transit-\u00e4gare som s\u00f6ker kraftfull belysning kombinerat med snygg design. Med sin s\u00e4rskilt skapade LED-rampskit f\u00f6r Ford Transit 2015 och nyare modeller, f\u00e5r du inte bara \u00f6verl\u00e4gsen belysning men ocks\u00e5 en perfekt passform. Varje detalj i detta [&hellip;]<\/p>","protected":false},"featured_media":5242,"comment_status":"closed","ping_status":"open","template":"","meta":{"_acf_changed":false,"_smort_price_nok":"9186","_smort_price_dkk":"5836","_smort_price_eur":"781.78","_smort_sale_price_nok":"","_smort_sale_price_dkk":"","_smort_sale_price_eur":"","smort_restorder":"","shipmondo_restorder":"","_kad_blocks_custom_css":"","_kad_blocks_head_custom_js":"","_kad_blocks_body_custom_js":"","_kad_blocks_footer_custom_js":"","smort_custom_pricelist_1":"5504","smort_custom_pricelist_2":"5504","smort_custom_pricelist_3":"5504","smort_custom_pricelist_4":"6880","smort_custom_pricelist_5":"5504"},"anvandningsomrade":[],"bilmarken":[],"product_brand":[1124],"product_cat":[2539,2596,2168,1916],"product_tag":[2735],"class_list":{"0":"post-5241","1":"product","2":"type-product","3":"status-publish","4":"has-post-thumbnail","6":"product_brand-lazer","7":"product_cat-ledramper","8":"product_cat-paket","9":"product_cat-lazer-evolution","10":"product_cat-ledrampspaket","11":"product_tag-lazer","12":"pa_fargtemperatur-5000k","13":"pa_godkannande-e-godkand-r112","14":"pa_led-chips-effekt-w-1618","15":"pa_stromforbrukning-66a144v","16":"pa_volt-v-multivolt-10-12-16-18-24-28-30-32","18":"first","19":"onbackorder","20":"taxable","21":"shipping-taxable","22":"purchasable","23":"product-type-simple"},"bundled_by":[],"bundle_stock_status":"onbackorder","bundle_stock_quantity":0,"bundle_virtual":false,"bundle_layout":"","bundle_add_to_cart_form_location":"","bundle_editable_in_cart":false,"bundle_sold_individually_context":"","bundle_item_grouping":"","bundle_min_size":"","bundle_max_size":"","bundle_price":[],"bundled_items":[],"bundle_sell_ids":[],"acf":[],"yoast_head":"<!-- This site is optimized with the Yoast SEO plugin v27.0 - https:\/\/yoast.com\/product\/yoast-seo-wordpress\/ -->\n<title>Lazer Ledrampskit - Ford Transit 2015+ 2x ST4 Evolution - Xenonkungen<\/title>\n<meta name=\"robots\" content=\"index, follow, max-snippet:-1, max-image-preview:large, max-video-preview:-1\" \/>\n<link rel=\"canonical\" href=\"http:\/\/xenonkungen.com\/en\/product\/lazer-led-ramp-kit-ford-transit-2015-2x-st4-evolution\/\" \/>\n<meta property=\"og:locale\" content=\"en_GB\" \/>\n<meta property=\"og:type\" content=\"article\" \/>\n<meta property=\"og:title\" content=\"Lazer Ledrampskit - Ford Transit 2015+ 2x ST4 Evolution - Xenonkungen\" \/>\n<meta property=\"og:description\" content=\"Lazers LED-rampskit f\u00f6r Ford Transit 2015+ &#8211; Lys upp v\u00e4gen med precision Lazers introducerar en toppmodern l\u00f6sning f\u00f6r Ford Transit-\u00e4gare som s\u00f6ker kraftfull belysning kombinerat med snygg design. Med sin s\u00e4rskilt skapade LED-rampskit f\u00f6r Ford Transit 2015 och nyare modeller, f\u00e5r du inte bara \u00f6verl\u00e4gsen belysning men ocks\u00e5 en perfekt passform. Varje detalj i detta [&hellip;]\" \/>\n<meta property=\"og:url\" content=\"http:\/\/xenonkungen.com\/en\/product\/lazer-led-ramp-kit-ford-transit-2015-2x-st4-evolution\/\" \/>\n<meta property=\"og:site_name\" content=\"Xenonkungen\" \/>\n<meta property=\"article:modified_time\" content=\"2026-04-24T16:26:05+00:00\" \/>\n<meta property=\"og:image\" content=\"https:\/\/xenonkungen.com\/wp-content\/uploads\/2025\/04\/159479_itemimage_mainfront.jpg\" \/>\n\t<meta property=\"og:image:width\" content=\"2048\" \/>\n\t<meta property=\"og:image:height\" content=\"1536\" \/>\n\t<meta property=\"og:image:type\" content=\"image\/jpeg\" \/>\n<meta name=\"twitter:card\" content=\"summary_large_image\" \/>\n<meta name=\"twitter:label1\" content=\"Estimated reading time\" \/>\n\t<meta name=\"twitter:data1\" content=\"1 minute\" \/>\n<script type=\"application\/ld+json\" class=\"yoast-schema-graph\">{\"@context\":\"https:\/\/schema.org\",\"@graph\":[{\"@type\":\"WebPage\",\"@id\":\"http:\/\/xenonkungen.com\/es\/producto\/kit-de-rampa-led-laser-para-ford-transit-2015-2-unidades-st4-evolution\/\",\"url\":\"http:\/\/xenonkungen.com\/es\/producto\/kit-de-rampa-led-laser-para-ford-transit-2015-2-unidades-st4-evolution\/\",\"name\":\"Lazer Ledrampskit - Ford Transit 2015+ 2x ST4 Evolution - Xenonkungen\",\"isPartOf\":{\"@id\":\"https:\/\/xenonkungen.com\/#website\"},\"primaryImageOfPage\":{\"@id\":\"http:\/\/xenonkungen.com\/es\/producto\/kit-de-rampa-led-laser-para-ford-transit-2015-2-unidades-st4-evolution\/#primaryimage\"},\"image\":{\"@id\":\"http:\/\/xenonkungen.com\/es\/producto\/kit-de-rampa-led-laser-para-ford-transit-2015-2-unidades-st4-evolution\/#primaryimage\"},\"thumbnailUrl\":\"https:\/\/xenonkungen.com\/wp-content\/uploads\/2025\/04\/159479_itemimage_mainfront.jpg\",\"datePublished\":\"2025-04-15T09:25:11+00:00\",\"dateModified\":\"2026-04-24T16:26:05+00:00\",\"breadcrumb\":{\"@id\":\"http:\/\/xenonkungen.com\/es\/producto\/kit-de-rampa-led-laser-para-ford-transit-2015-2-unidades-st4-evolution\/#breadcrumb\"},\"inLanguage\":\"en-GB\",\"potentialAction\":[{\"@type\":\"ReadAction\",\"target\":[\"http:\/\/xenonkungen.com\/es\/producto\/kit-de-rampa-led-laser-para-ford-transit-2015-2-unidades-st4-evolution\/\"]}]},{\"@type\":\"ImageObject\",\"inLanguage\":\"en-GB\",\"@id\":\"http:\/\/xenonkungen.com\/es\/producto\/kit-de-rampa-led-laser-para-ford-transit-2015-2-unidades-st4-evolution\/#primaryimage\",\"url\":\"https:\/\/xenonkungen.com\/wp-content\/uploads\/2025\/04\/159479_itemimage_mainfront.jpg\",\"contentUrl\":\"https:\/\/xenonkungen.com\/wp-content\/uploads\/2025\/04\/159479_itemimage_mainfront.jpg\",\"width\":2048,\"height\":1536},{\"@type\":\"BreadcrumbList\",\"@id\":\"http:\/\/xenonkungen.com\/es\/producto\/kit-de-rampa-led-laser-para-ford-transit-2015-2-unidades-st4-evolution\/#breadcrumb\",\"itemListElement\":[{\"@type\":\"ListItem\",\"position\":1,\"name\":\"Hem\",\"item\":\"https:\/\/xenonkungen.com\/\"},{\"@type\":\"ListItem\",\"position\":2,\"name\":\"Shop\",\"item\":\"https:\/\/xenonkungen.com\/shop\/\"},{\"@type\":\"ListItem\",\"position\":3,\"name\":\"Lazer Ledrampskit &#8211; Ford Transit 2015+ 2x ST4 Evolution\"}]},{\"@type\":\"WebSite\",\"@id\":\"https:\/\/xenonkungen.com\/#website\",\"url\":\"https:\/\/xenonkungen.com\/\",\"name\":\"Xenonkungen\",\"description\":\"\",\"potentialAction\":[{\"@type\":\"SearchAction\",\"target\":{\"@type\":\"EntryPoint\",\"urlTemplate\":\"https:\/\/xenonkungen.com\/?s={search_term_string}\"},\"query-input\":{\"@type\":\"PropertyValueSpecification\",\"valueRequired\":true,\"valueName\":\"search_term_string\"}}],\"inLanguage\":\"en-GB\"}]}<\/script>\n<!-- \/ Yoast SEO plugin. -->","yoast_head_json":{"title":"Lazer Led Ramp Kit - Ford Transit 2015+ 2x ST4 Evolution - The Xenon King","robots":{"index":"index","follow":"follow","max-snippet":"max-snippet:-1","max-image-preview":"max-image-preview:large","max-video-preview":"max-video-preview:-1"},"canonical":"http:\/\/xenonkungen.com\/en\/product\/lazer-led-ramp-kit-ford-transit-2015-2x-st4-evolution\/","og_locale":"en_GB","og_type":"article","og_title":"Lazer Ledrampskit - Ford Transit 2015+ 2x ST4 Evolution - Xenonkungen","og_description":"Lazers LED-rampskit f\u00f6r Ford Transit 2015+ &#8211; Lys upp v\u00e4gen med precision Lazers introducerar en toppmodern l\u00f6sning f\u00f6r Ford Transit-\u00e4gare som s\u00f6ker kraftfull belysning kombinerat med snygg design. Med sin s\u00e4rskilt skapade LED-rampskit f\u00f6r Ford Transit 2015 och nyare modeller, f\u00e5r du inte bara \u00f6verl\u00e4gsen belysning men ocks\u00e5 en perfekt passform. Varje detalj i detta [&hellip;]","og_url":"http:\/\/xenonkungen.com\/en\/product\/lazer-led-ramp-kit-ford-transit-2015-2x-st4-evolution\/","og_site_name":"Xenonkungen","article_modified_time":"2026-04-24T16:26:05+00:00","og_image":[{"width":2048,"height":1536,"url":"https:\/\/xenonkungen.com\/wp-content\/uploads\/2025\/04\/159479_itemimage_mainfront.jpg","type":"image\/jpeg"}],"twitter_card":"summary_large_image","twitter_misc":{"Estimated reading time":"1 minute"},"schema":{"@context":"https:\/\/schema.org","@graph":[{"@type":"WebPage","@id":"http:\/\/xenonkungen.com\/es\/producto\/kit-de-rampa-led-laser-para-ford-transit-2015-2-unidades-st4-evolution\/","url":"http:\/\/xenonkungen.com\/es\/producto\/kit-de-rampa-led-laser-para-ford-transit-2015-2-unidades-st4-evolution\/","name":"Lazer Led Ramp Kit - Ford Transit 2015+ 2x ST4 Evolution - The Xenon King","isPartOf":{"@id":"https:\/\/xenonkungen.com\/#website"},"primaryImageOfPage":{"@id":"http:\/\/xenonkungen.com\/es\/producto\/kit-de-rampa-led-laser-para-ford-transit-2015-2-unidades-st4-evolution\/#primaryimage"},"image":{"@id":"http:\/\/xenonkungen.com\/es\/producto\/kit-de-rampa-led-laser-para-ford-transit-2015-2-unidades-st4-evolution\/#primaryimage"},"thumbnailUrl":"https:\/\/xenonkungen.com\/wp-content\/uploads\/2025\/04\/159479_itemimage_mainfront.jpg","datePublished":"2025-04-15T09:25:11+00:00","dateModified":"2026-04-24T16:26:05+00:00","breadcrumb":{"@id":"http:\/\/xenonkungen.com\/es\/producto\/kit-de-rampa-led-laser-para-ford-transit-2015-2-unidades-st4-evolution\/#breadcrumb"},"inLanguage":"en-GB","potentialAction":[{"@type":"ReadAction","target":["http:\/\/xenonkungen.com\/es\/producto\/kit-de-rampa-led-laser-para-ford-transit-2015-2-unidades-st4-evolution\/"]}]},{"@type":"ImageObject","inLanguage":"en-GB","@id":"http:\/\/xenonkungen.com\/es\/producto\/kit-de-rampa-led-laser-para-ford-transit-2015-2-unidades-st4-evolution\/#primaryimage","url":"https:\/\/xenonkungen.com\/wp-content\/uploads\/2025\/04\/159479_itemimage_mainfront.jpg","contentUrl":"https:\/\/xenonkungen.com\/wp-content\/uploads\/2025\/04\/159479_itemimage_mainfront.jpg","width":2048,"height":1536},{"@type":"BreadcrumbList","@id":"http:\/\/xenonkungen.com\/es\/producto\/kit-de-rampa-led-laser-para-ford-transit-2015-2-unidades-st4-evolution\/#breadcrumb","itemListElement":[{"@type":"ListItem","position":1,"name":"Hem","item":"https:\/\/xenonkungen.com\/"},{"@type":"ListItem","position":2,"name":"Shop","item":"https:\/\/xenonkungen.com\/shop\/"},{"@type":"ListItem","position":3,"name":"Lazer Ledrampskit &#8211; Ford Transit 2015+ 2x ST4 Evolution"}]},{"@type":"WebSite","@id":"https:\/\/xenonkungen.com\/#website","url":"https:\/\/xenonkungen.com\/","name":"Xenonkungen","description":"","potentialAction":[{"@type":"SearchAction","target":{"@type":"EntryPoint","urlTemplate":"https:\/\/xenonkungen.com\/?s={search_term_string}"},"query-input":{"@type":"PropertyValueSpecification","valueRequired":true,"valueName":"search_term_string"}}],"inLanguage":"en-GB"}]}},"taxonomy_info":{"product_brand":[{"value":1124,"label":"Lazer"}],"product_cat":[{"value":2539,"label":"LEDRAMPER"},{"value":2596,"label":"Paket"},{"value":2168,"label":"LAZER EVOLUTION"},{"value":1916,"label":"Ledrampspaket"}],"product_tag":[{"value":2735,"label":"Lazer"}],"pa_fargtemperatur":[{"value":154,"label":"5000K"}],"pa_godkannande":[{"value":1614,"label":"E-Godk\u00e4nd, R112"}],"pa_led-chips-effekt-w":[{"value":1618,"label":"94"}],"pa_stromforbrukning":[{"value":1353,"label":"6,6A@14,4V"}],"pa_volt-v":[{"value":1084,"label":"Multivolt, 10, 12, 16, 18, 24, 28, 30, 32"}]},"featured_image_src_large":["https:\/\/xenonkungen.com\/wp-content\/uploads\/2025\/04\/159479_itemimage_mainfront-1024x768.jpg",1024,768,true],"author_info":[],"comment_info":0,"_links":{"self":[{"href":"https:\/\/xenonkungen.com\/en\/wp-json\/wp\/v2\/product\/5241","targetHints":{"allow":["GET"]}}],"collection":[{"href":"https:\/\/xenonkungen.com\/en\/wp-json\/wp\/v2\/product"}],"about":[{"href":"https:\/\/xenonkungen.com\/en\/wp-json\/wp\/v2\/types\/product"}],"replies":[{"embeddable":true,"href":"https:\/\/xenonkungen.com\/en\/wp-json\/wp\/v2\/comments?post=5241"}],"wp:featuredmedia":[{"embeddable":true,"href":"https:\/\/xenonkungen.com\/en\/wp-json\/wp\/v2\/media\/5242"}],"wp:attachment":[{"href":"https:\/\/xenonkungen.com\/en\/wp-json\/wp\/v2\/media?parent=5241"}],"wp:term":[{"taxonomy":"anvandningsomrade","embeddable":true,"href":"https:\/\/xenonkungen.com\/en\/wp-json\/wp\/v2\/anvandningsomrade?post=5241"},{"taxonomy":"bilmarken","embeddable":true,"href":"https:\/\/xenonkungen.com\/en\/wp-json\/wp\/v2\/bilmarken?post=5241"},{"taxonomy":"product_brand","embeddable":true,"href":"https:\/\/xenonkungen.com\/en\/wp-json\/wp\/v2\/product_brand?post=5241"},{"taxonomy":"product_cat","embeddable":true,"href":"https:\/\/xenonkungen.com\/en\/wp-json\/wp\/v2\/product_cat?post=5241"},{"taxonomy":"product_tag","embeddable":true,"href":"https:\/\/xenonkungen.com\/en\/wp-json\/wp\/v2\/product_tag?post=5241"}],"curies":[{"name":"wp","href":"https:\/\/api.w.org\/{rel}","templated":true}]}}