{"id":5250,"date":"2025-04-15T09:25:29","date_gmt":"2025-04-15T09:25:29","guid":{"rendered":"https:\/\/xenonkungen.com\/product\/lazer-ledrampskit-ford-transit-c-2012-2x-triple-r-750-std\/"},"modified":"2026-04-24T17:26:10","modified_gmt":"2026-04-24T16:26:10","slug":"lazer-led-ramp-kit-ford-transit-c-2012-2x-triple-r-750-std","status":"publish","type":"product","link":"https:\/\/xenonkungen.com\/en\/product\/lazer-led-ramp-kit-ford-transit-c-2012-2x-triple-r-750-std\/","title":{"rendered":"Lazer Ledrampskit - Ford Transit C 2012+ 2x Triple-R 750 Std"},"content":{"rendered":"<h1>Lazer's articulated ramp kit adapted for Ford Transit Custom 2012+<\/h1>\n<p>The kit includes two Triple-R 750 high-performance LED ramps including cable set.<\/p>\n<p>Choose between Standard and Elite ramps.<\/p>\n<p>The kit also includes 4 brackets that are precision engineered to fit perfectly with your car's standard grille, with added strength and security thanks to the included self-tapping plastic screws.<\/p>\n<p>Made from ASA material, renowned for its excellent strength and UV stability, the brackets are fully weather and chemical resistant to ensure your installation remains in good condition year after year.<\/p>\n<p>Please note that the kit is not suitable for vehicles with ACC.<\/p>\n<h2>Product specifications:<\/h2>\n<ul>\n<li>Suitable for: Ford Transit Custom 2012+<\/li>\n<li>Includes: 2 x Triple-R 750 LED ramps, cable set<\/li>\n<li>Choose between: Standard and Elite versions<\/li>\n<li>Brackets: 4 precision engineered brackets with self-tapping plastic screws<\/li>\n<li>Fixing material: ASA material with excellent strength and UV stability<\/li>\n<li>Weather and chemical resistant: Yes<\/li>\n<\/ul>","protected":false},"excerpt":{"rendered":"<p>Lazers ledrampskit anpassat f\u00f6r Ford Transit Custom 2012+ Kitet inneh\u00e5ller tv\u00e5 stycken Triple-R 750 h\u00f6gpresterande LED-ramper inklusive kabelsats. V\u00e4lj mellan ramper i Standard och Elite-utf\u00f6rande. Kitet inneh\u00e5ller \u00e4ven 4 st f\u00e4sten som \u00e4r precisionsutvecklade f\u00f6r att passa perfekt med bilens standardgaller, med extra styrka och s\u00e4kerhet tack vare de medf\u00f6ljande sj\u00e4lvg\u00e4ngande plastskruvarna. F\u00e4stena \u00e4r tillverkade [&hellip;]<\/p>","protected":false},"featured_media":5251,"comment_status":"closed","ping_status":"open","template":"","meta":{"_acf_changed":false,"_smort_price_nok":"10147","_smort_price_dkk":"6446","_smort_price_eur":"863.6","_smort_sale_price_nok":"","_smort_sale_price_dkk":"","_smort_sale_price_eur":"","smort_restorder":"","shipmondo_restorder":"","_kad_blocks_custom_css":"","_kad_blocks_head_custom_js":"","_kad_blocks_body_custom_js":"","_kad_blocks_footer_custom_js":"","smort_custom_pricelist_1":"6080","smort_custom_pricelist_2":"6080","smort_custom_pricelist_3":"6080","smort_custom_pricelist_4":"7600","smort_custom_pricelist_5":"6080"},"anvandningsomrade":[],"bilmarken":[],"product_brand":[1124],"product_cat":[2539,2596,1916],"product_tag":[2735],"class_list":{"0":"post-5250","1":"product","2":"type-product","3":"status-publish","4":"has-post-thumbnail","6":"product_brand-lazer","7":"product_cat-ledramper","8":"product_cat-paket","9":"product_cat-ledrampspaket","10":"product_tag-lazer","11":"pa_fargtemperatur-5000k","12":"pa_godkannande-e-godkand-r112","13":"pa_led-chips-effekt-w-1100","14":"pa_stromforbrukning-62a144v","15":"pa_volt-v-multivolt-10-12-16-18-24-28-30-32","17":"first","18":"onbackorder","19":"taxable","20":"shipping-taxable","21":"purchasable","22":"product-type-simple"},"bundled_by":[],"bundle_stock_status":"onbackorder","bundle_stock_quantity":0,"bundle_virtual":false,"bundle_layout":"","bundle_add_to_cart_form_location":"","bundle_editable_in_cart":false,"bundle_sold_individually_context":"","bundle_item_grouping":"","bundle_min_size":"","bundle_max_size":"","bundle_price":[],"bundled_items":[],"bundle_sell_ids":[],"acf":[],"yoast_head":"<!-- This site is optimized with the Yoast SEO plugin v27.0 - https:\/\/yoast.com\/product\/yoast-seo-wordpress\/ -->\n<title>Lazer Ledrampskit - Ford Transit C 2012+ 2x Triple-R 750 Std - Xenonkungen<\/title>\n<meta name=\"robots\" content=\"index, follow, max-snippet:-1, max-image-preview:large, max-video-preview:-1\" \/>\n<link rel=\"canonical\" href=\"https:\/\/xenonkungen.com\/en\/product\/lazer-led-ramp-kit-ford-transit-c-2012-2x-triple-r-750-std\/\" \/>\n<meta property=\"og:locale\" content=\"en_GB\" \/>\n<meta property=\"og:type\" content=\"article\" \/>\n<meta property=\"og:title\" content=\"Lazer Ledrampskit - Ford Transit C 2012+ 2x Triple-R 750 Std - Xenonkungen\" \/>\n<meta property=\"og:description\" content=\"Lazers ledrampskit anpassat f\u00f6r Ford Transit Custom 2012+ Kitet inneh\u00e5ller tv\u00e5 stycken Triple-R 750 h\u00f6gpresterande LED-ramper inklusive kabelsats. V\u00e4lj mellan ramper i Standard och Elite-utf\u00f6rande. Kitet inneh\u00e5ller \u00e4ven 4 st f\u00e4sten som \u00e4r precisionsutvecklade f\u00f6r att passa perfekt med bilens standardgaller, med extra styrka och s\u00e4kerhet tack vare de medf\u00f6ljande sj\u00e4lvg\u00e4ngande plastskruvarna. F\u00e4stena \u00e4r tillverkade [&hellip;]\" \/>\n<meta property=\"og:url\" content=\"https:\/\/xenonkungen.com\/en\/product\/lazer-led-ramp-kit-ford-transit-c-2012-2x-triple-r-750-std\/\" \/>\n<meta property=\"og:site_name\" content=\"Xenonkungen\" \/>\n<meta property=\"article:modified_time\" content=\"2026-04-24T16:26:10+00:00\" \/>\n<meta property=\"og:image\" content=\"https:\/\/xenonkungen.com\/wp-content\/uploads\/2025\/04\/159484_itemimage_mainfront.jpg\" \/>\n\t<meta property=\"og:image:width\" content=\"2048\" \/>\n\t<meta property=\"og:image:height\" content=\"1535\" \/>\n\t<meta property=\"og:image:type\" content=\"image\/jpeg\" \/>\n<meta name=\"twitter:card\" content=\"summary_large_image\" \/>\n<meta name=\"twitter:label1\" content=\"Estimated reading time\" \/>\n\t<meta name=\"twitter:data1\" content=\"1 minute\" \/>\n<script type=\"application\/ld+json\" class=\"yoast-schema-graph\">{\"@context\":\"https:\/\/schema.org\",\"@graph\":[{\"@type\":\"WebPage\",\"@id\":\"https:\/\/xenonkungen.com\/no\/produkt\/laser-led-rampesett-ford-transit-c-2012-2x-trippel-r-750-standard\/\",\"url\":\"https:\/\/xenonkungen.com\/no\/produkt\/laser-led-rampesett-ford-transit-c-2012-2x-trippel-r-750-standard\/\",\"name\":\"Lazer Ledrampskit - Ford Transit C 2012+ 2x Triple-R 750 Std - Xenonkungen\",\"isPartOf\":{\"@id\":\"https:\/\/xenonkungen.com\/#website\"},\"primaryImageOfPage\":{\"@id\":\"https:\/\/xenonkungen.com\/no\/produkt\/laser-led-rampesett-ford-transit-c-2012-2x-trippel-r-750-standard\/#primaryimage\"},\"image\":{\"@id\":\"https:\/\/xenonkungen.com\/no\/produkt\/laser-led-rampesett-ford-transit-c-2012-2x-trippel-r-750-standard\/#primaryimage\"},\"thumbnailUrl\":\"https:\/\/xenonkungen.com\/wp-content\/uploads\/2025\/04\/159484_itemimage_mainfront.jpg\",\"datePublished\":\"2025-04-15T09:25:29+00:00\",\"dateModified\":\"2026-04-24T16:26:10+00:00\",\"breadcrumb\":{\"@id\":\"https:\/\/xenonkungen.com\/no\/produkt\/laser-led-rampesett-ford-transit-c-2012-2x-trippel-r-750-standard\/#breadcrumb\"},\"inLanguage\":\"en-GB\",\"potentialAction\":[{\"@type\":\"ReadAction\",\"target\":[\"https:\/\/xenonkungen.com\/no\/produkt\/laser-led-rampesett-ford-transit-c-2012-2x-trippel-r-750-standard\/\"]}]},{\"@type\":\"ImageObject\",\"inLanguage\":\"en-GB\",\"@id\":\"https:\/\/xenonkungen.com\/no\/produkt\/laser-led-rampesett-ford-transit-c-2012-2x-trippel-r-750-standard\/#primaryimage\",\"url\":\"https:\/\/xenonkungen.com\/wp-content\/uploads\/2025\/04\/159484_itemimage_mainfront.jpg\",\"contentUrl\":\"https:\/\/xenonkungen.com\/wp-content\/uploads\/2025\/04\/159484_itemimage_mainfront.jpg\",\"width\":2048,\"height\":1535},{\"@type\":\"BreadcrumbList\",\"@id\":\"https:\/\/xenonkungen.com\/no\/produkt\/laser-led-rampesett-ford-transit-c-2012-2x-trippel-r-750-standard\/#breadcrumb\",\"itemListElement\":[{\"@type\":\"ListItem\",\"position\":1,\"name\":\"Hem\",\"item\":\"https:\/\/xenonkungen.com\/\"},{\"@type\":\"ListItem\",\"position\":2,\"name\":\"Shop\",\"item\":\"https:\/\/xenonkungen.com\/shop\/\"},{\"@type\":\"ListItem\",\"position\":3,\"name\":\"Lazer Ledrampskit &#8211; Ford Transit C 2012+ 2x Triple-R 750 Std\"}]},{\"@type\":\"WebSite\",\"@id\":\"https:\/\/xenonkungen.com\/#website\",\"url\":\"https:\/\/xenonkungen.com\/\",\"name\":\"Xenonkungen\",\"description\":\"\",\"potentialAction\":[{\"@type\":\"SearchAction\",\"target\":{\"@type\":\"EntryPoint\",\"urlTemplate\":\"https:\/\/xenonkungen.com\/?s={search_term_string}\"},\"query-input\":{\"@type\":\"PropertyValueSpecification\",\"valueRequired\":true,\"valueName\":\"search_term_string\"}}],\"inLanguage\":\"en-GB\"}]}<\/script>\n<!-- \/ Yoast SEO plugin. -->","yoast_head_json":{"title":"Lazer Led Ramp Kit - Ford Transit C 2012+ 2x Triple-R 750 Std - The Xenon King","robots":{"index":"index","follow":"follow","max-snippet":"max-snippet:-1","max-image-preview":"max-image-preview:large","max-video-preview":"max-video-preview:-1"},"canonical":"https:\/\/xenonkungen.com\/en\/product\/lazer-led-ramp-kit-ford-transit-c-2012-2x-triple-r-750-std\/","og_locale":"en_GB","og_type":"article","og_title":"Lazer Ledrampskit - Ford Transit C 2012+ 2x Triple-R 750 Std - Xenonkungen","og_description":"Lazers ledrampskit anpassat f\u00f6r Ford Transit Custom 2012+ Kitet inneh\u00e5ller tv\u00e5 stycken Triple-R 750 h\u00f6gpresterande LED-ramper inklusive kabelsats. V\u00e4lj mellan ramper i Standard och Elite-utf\u00f6rande. Kitet inneh\u00e5ller \u00e4ven 4 st f\u00e4sten som \u00e4r precisionsutvecklade f\u00f6r att passa perfekt med bilens standardgaller, med extra styrka och s\u00e4kerhet tack vare de medf\u00f6ljande sj\u00e4lvg\u00e4ngande plastskruvarna. F\u00e4stena \u00e4r tillverkade [&hellip;]","og_url":"https:\/\/xenonkungen.com\/en\/product\/lazer-led-ramp-kit-ford-transit-c-2012-2x-triple-r-750-std\/","og_site_name":"Xenonkungen","article_modified_time":"2026-04-24T16:26:10+00:00","og_image":[{"width":2048,"height":1535,"url":"https:\/\/xenonkungen.com\/wp-content\/uploads\/2025\/04\/159484_itemimage_mainfront.jpg","type":"image\/jpeg"}],"twitter_card":"summary_large_image","twitter_misc":{"Estimated reading time":"1 minute"},"schema":{"@context":"https:\/\/schema.org","@graph":[{"@type":"WebPage","@id":"https:\/\/xenonkungen.com\/no\/produkt\/laser-led-rampesett-ford-transit-c-2012-2x-trippel-r-750-standard\/","url":"https:\/\/xenonkungen.com\/no\/produkt\/laser-led-rampesett-ford-transit-c-2012-2x-trippel-r-750-standard\/","name":"Lazer Led Ramp Kit - Ford Transit C 2012+ 2x Triple-R 750 Std - The Xenon King","isPartOf":{"@id":"https:\/\/xenonkungen.com\/#website"},"primaryImageOfPage":{"@id":"https:\/\/xenonkungen.com\/no\/produkt\/laser-led-rampesett-ford-transit-c-2012-2x-trippel-r-750-standard\/#primaryimage"},"image":{"@id":"https:\/\/xenonkungen.com\/no\/produkt\/laser-led-rampesett-ford-transit-c-2012-2x-trippel-r-750-standard\/#primaryimage"},"thumbnailUrl":"https:\/\/xenonkungen.com\/wp-content\/uploads\/2025\/04\/159484_itemimage_mainfront.jpg","datePublished":"2025-04-15T09:25:29+00:00","dateModified":"2026-04-24T16:26:10+00:00","breadcrumb":{"@id":"https:\/\/xenonkungen.com\/no\/produkt\/laser-led-rampesett-ford-transit-c-2012-2x-trippel-r-750-standard\/#breadcrumb"},"inLanguage":"en-GB","potentialAction":[{"@type":"ReadAction","target":["https:\/\/xenonkungen.com\/no\/produkt\/laser-led-rampesett-ford-transit-c-2012-2x-trippel-r-750-standard\/"]}]},{"@type":"ImageObject","inLanguage":"en-GB","@id":"https:\/\/xenonkungen.com\/no\/produkt\/laser-led-rampesett-ford-transit-c-2012-2x-trippel-r-750-standard\/#primaryimage","url":"https:\/\/xenonkungen.com\/wp-content\/uploads\/2025\/04\/159484_itemimage_mainfront.jpg","contentUrl":"https:\/\/xenonkungen.com\/wp-content\/uploads\/2025\/04\/159484_itemimage_mainfront.jpg","width":2048,"height":1535},{"@type":"BreadcrumbList","@id":"https:\/\/xenonkungen.com\/no\/produkt\/laser-led-rampesett-ford-transit-c-2012-2x-trippel-r-750-standard\/#breadcrumb","itemListElement":[{"@type":"ListItem","position":1,"name":"Hem","item":"https:\/\/xenonkungen.com\/"},{"@type":"ListItem","position":2,"name":"Shop","item":"https:\/\/xenonkungen.com\/shop\/"},{"@type":"ListItem","position":3,"name":"Lazer Ledrampskit &#8211; Ford Transit C 2012+ 2x Triple-R 750 Std"}]},{"@type":"WebSite","@id":"https:\/\/xenonkungen.com\/#website","url":"https:\/\/xenonkungen.com\/","name":"Xenonkungen","description":"","potentialAction":[{"@type":"SearchAction","target":{"@type":"EntryPoint","urlTemplate":"https:\/\/xenonkungen.com\/?s={search_term_string}"},"query-input":{"@type":"PropertyValueSpecification","valueRequired":true,"valueName":"search_term_string"}}],"inLanguage":"en-GB"}]}},"taxonomy_info":{"product_brand":[{"value":1124,"label":"Lazer"}],"product_cat":[{"value":2539,"label":"LEDRAMPER"},{"value":2596,"label":"Paket"},{"value":1916,"label":"Ledrampspaket"}],"product_tag":[{"value":2735,"label":"Lazer"}],"pa_fargtemperatur":[{"value":154,"label":"5000K"}],"pa_godkannande":[{"value":1614,"label":"E-Godk\u00e4nd, R112"}],"pa_led-chips-effekt-w":[{"value":1100,"label":"88"}],"pa_stromforbrukning":[{"value":1613,"label":"6,2A@14,4V"}],"pa_volt-v":[{"value":1084,"label":"Multivolt, 10, 12, 16, 18, 24, 28, 30, 32"}]},"featured_image_src_large":["https:\/\/xenonkungen.com\/wp-content\/uploads\/2025\/04\/159484_itemimage_mainfront-1024x768.jpg",1024,768,true],"author_info":[],"comment_info":0,"_links":{"self":[{"href":"https:\/\/xenonkungen.com\/en\/wp-json\/wp\/v2\/product\/5250","targetHints":{"allow":["GET"]}}],"collection":[{"href":"https:\/\/xenonkungen.com\/en\/wp-json\/wp\/v2\/product"}],"about":[{"href":"https:\/\/xenonkungen.com\/en\/wp-json\/wp\/v2\/types\/product"}],"replies":[{"embeddable":true,"href":"https:\/\/xenonkungen.com\/en\/wp-json\/wp\/v2\/comments?post=5250"}],"wp:featuredmedia":[{"embeddable":true,"href":"https:\/\/xenonkungen.com\/en\/wp-json\/wp\/v2\/media\/5251"}],"wp:attachment":[{"href":"https:\/\/xenonkungen.com\/en\/wp-json\/wp\/v2\/media?parent=5250"}],"wp:term":[{"taxonomy":"anvandningsomrade","embeddable":true,"href":"https:\/\/xenonkungen.com\/en\/wp-json\/wp\/v2\/anvandningsomrade?post=5250"},{"taxonomy":"bilmarken","embeddable":true,"href":"https:\/\/xenonkungen.com\/en\/wp-json\/wp\/v2\/bilmarken?post=5250"},{"taxonomy":"product_brand","embeddable":true,"href":"https:\/\/xenonkungen.com\/en\/wp-json\/wp\/v2\/product_brand?post=5250"},{"taxonomy":"product_cat","embeddable":true,"href":"https:\/\/xenonkungen.com\/en\/wp-json\/wp\/v2\/product_cat?post=5250"},{"taxonomy":"product_tag","embeddable":true,"href":"https:\/\/xenonkungen.com\/en\/wp-json\/wp\/v2\/product_tag?post=5250"}],"curies":[{"name":"wp","href":"https:\/\/api.w.org\/{rel}","templated":true}]}}