{"id":5275,"date":"2025-04-15T09:26:04","date_gmt":"2025-04-15T09:26:04","guid":{"rendered":"https:\/\/xenonkungen.com\/product\/lazer-ledrampskit-ford-transit-connect-2018-linear-18\/"},"modified":"2026-04-24T17:26:18","modified_gmt":"2026-04-24T16:26:18","slug":"lazer-led-ramp-kit-ford-transit-connect-2018-linear-18","status":"publish","type":"product","link":"https:\/\/xenonkungen.com\/en\/product\/lazer-led-ramp-kit-ford-transit-connect-2018-linear-18\/","title":{"rendered":"Lazer Led ramp kit - Ford Transit Connect 2018+ Linear-18"},"content":{"rendered":"<h1>Lazers LED Ramp Kit for Ford Transit Connect 2018+ - Perfect lighting for your car model<\/h1>\n<p>Ledramp kit complete with Lazer Linear 18 and all included components customised for Ford Transit Connect 2018+. Choose between the Linear 18 in Standard or Elite versions. The Linear 18's low profile is ideal for mounting in the grille of the vehicle. <\/p>\n<p>Installation is quick and easy with a result that is both robust and secure. Made from ASA material, renowned for its excellent strength and UV stability, the brackets are fully weather and chemical resistant to ensure your installation remains in good condition year after year.<\/p>\n<p><strong>The package includes:<\/strong><\/p>\n<p>- 1 x Linear 18 Standard<\/p>\n<p>- 2 x brackets and associated fasteners<\/p>\n<p>- 1 x cutting guide<\/p>\n<p>- 1 x coupling kit<\/p>\n<p>- 1 x assembly instructions<\/p>\n<p>Give your Ford Transit the lighting upgrade it deserves. With our Lazers led ramp kit, you get superior lighting and secure mounting for your car.<\/p>","protected":false},"excerpt":{"rendered":"<p>Lazers LED-rampskit f\u00f6r Ford Transit Connect 2018+ &#8211; Perfekt belysning f\u00f6r din bilmodell Ledrampskit komplett med Lazer Linear 18 och alla ing\u00e5ende komponenter skr\u00e4ddarsytt f\u00f6r Ford Transit Connect 2018+. V\u00e4lj mellan Linear 18 i Standard eller Elite-utf\u00f6rande. Linear 18:s l\u00e5ga profil l\u00e4mpar sig utm\u00e4rkt f\u00f6r montering i grillen p\u00e5 fordonet. Monteringen g\u00f6rs enkelt och snabbt [&hellip;]<\/p>","protected":false},"featured_media":5276,"comment_status":"closed","ping_status":"open","template":"","meta":{"_acf_changed":false,"_smort_price_nok":"8118","_smort_price_dkk":"5157","_smort_price_eur":"690.88","_smort_sale_price_nok":"","_smort_sale_price_dkk":"","_smort_sale_price_eur":"","smort_restorder":"","shipmondo_restorder":"","_kad_blocks_custom_css":"","_kad_blocks_head_custom_js":"","_kad_blocks_body_custom_js":"","_kad_blocks_footer_custom_js":"","smort_custom_pricelist_1":"4840","smort_custom_pricelist_2":"4840","smort_custom_pricelist_3":"4840","smort_custom_pricelist_4":"6050","smort_custom_pricelist_5":"4840"},"anvandningsomrade":[],"bilmarken":[],"product_brand":[1124],"product_cat":[2539,2596,1916],"product_tag":[2735],"class_list":{"0":"post-5275","1":"product","2":"type-product","3":"status-publish","4":"has-post-thumbnail","6":"product_brand-lazer","7":"product_cat-ledramper","8":"product_cat-paket","9":"product_cat-ledrampspaket","10":"product_tag-lazer","11":"pa_fargtemperatur-5000k","12":"pa_fuktskydd-varde-ipxx-ip68","13":"pa_godkannande-e-godkand-r112","14":"pa_lampsockel-kontakt-superseal","15":"pa_led-chips-effekt-w-1336","16":"pa_stromforbrukning-44a144v","17":"pa_volt-v-multivolt-10-12-16-18-24-28-30-32","19":"first","20":"onbackorder","21":"taxable","22":"shipping-taxable","23":"purchasable","24":"product-type-simple"},"bundled_by":[],"bundle_stock_status":"onbackorder","bundle_stock_quantity":0,"bundle_virtual":false,"bundle_layout":"","bundle_add_to_cart_form_location":"","bundle_editable_in_cart":false,"bundle_sold_individually_context":"","bundle_item_grouping":"","bundle_min_size":"","bundle_max_size":"","bundle_price":[],"bundled_items":[],"bundle_sell_ids":[],"acf":[],"yoast_head":"<!-- This site is optimized with the Yoast SEO plugin v27.0 - https:\/\/yoast.com\/product\/yoast-seo-wordpress\/ -->\n<title>Lazer Ledrampskit - Ford Transit Connect 2018+ Linear-18 - Xenonkungen<\/title>\n<meta name=\"robots\" content=\"index, follow, max-snippet:-1, max-image-preview:large, max-video-preview:-1\" \/>\n<link rel=\"canonical\" href=\"https:\/\/xenonkungen.com\/en\/product\/lazer-led-ramp-kit-ford-transit-connect-2018-linear-18\/\" \/>\n<meta property=\"og:locale\" content=\"en_GB\" \/>\n<meta property=\"og:type\" content=\"article\" \/>\n<meta property=\"og:title\" content=\"Lazer Ledrampskit - Ford Transit Connect 2018+ Linear-18 - Xenonkungen\" \/>\n<meta property=\"og:description\" content=\"Lazers LED-rampskit f\u00f6r Ford Transit Connect 2018+ &#8211; Perfekt belysning f\u00f6r din bilmodell Ledrampskit komplett med Lazer Linear 18 och alla ing\u00e5ende komponenter skr\u00e4ddarsytt f\u00f6r Ford Transit Connect 2018+. V\u00e4lj mellan Linear 18 i Standard eller Elite-utf\u00f6rande. Linear 18:s l\u00e5ga profil l\u00e4mpar sig utm\u00e4rkt f\u00f6r montering i grillen p\u00e5 fordonet. Monteringen g\u00f6rs enkelt och snabbt [&hellip;]\" \/>\n<meta property=\"og:url\" content=\"https:\/\/xenonkungen.com\/en\/product\/lazer-led-ramp-kit-ford-transit-connect-2018-linear-18\/\" \/>\n<meta property=\"og:site_name\" content=\"Xenonkungen\" \/>\n<meta property=\"article:modified_time\" content=\"2026-04-24T16:26:18+00:00\" \/>\n<meta property=\"og:image\" content=\"https:\/\/xenonkungen.com\/wp-content\/uploads\/2025\/04\/159490_itemimage_mainfront.jpg\" \/>\n\t<meta property=\"og:image:width\" content=\"2048\" \/>\n\t<meta property=\"og:image:height\" content=\"1537\" \/>\n\t<meta property=\"og:image:type\" content=\"image\/jpeg\" \/>\n<meta name=\"twitter:card\" content=\"summary_large_image\" \/>\n<meta name=\"twitter:label1\" content=\"Estimated reading time\" \/>\n\t<meta name=\"twitter:data1\" content=\"1 minute\" \/>\n<script type=\"application\/ld+json\" class=\"yoast-schema-graph\">{\"@context\":\"https:\/\/schema.org\",\"@graph\":[{\"@type\":\"WebPage\",\"@id\":\"https:\/\/xenonkungen.com\/de\/produkt\/laser-led-rampensatz-fur-ford-transit-connect-2018-linear-18\/\",\"url\":\"https:\/\/xenonkungen.com\/de\/produkt\/laser-led-rampensatz-fur-ford-transit-connect-2018-linear-18\/\",\"name\":\"Lazer Ledrampskit - Ford Transit Connect 2018+ Linear-18 - Xenonkungen\",\"isPartOf\":{\"@id\":\"https:\/\/xenonkungen.com\/#website\"},\"primaryImageOfPage\":{\"@id\":\"https:\/\/xenonkungen.com\/de\/produkt\/laser-led-rampensatz-fur-ford-transit-connect-2018-linear-18\/#primaryimage\"},\"image\":{\"@id\":\"https:\/\/xenonkungen.com\/de\/produkt\/laser-led-rampensatz-fur-ford-transit-connect-2018-linear-18\/#primaryimage\"},\"thumbnailUrl\":\"https:\/\/xenonkungen.com\/wp-content\/uploads\/2025\/04\/159490_itemimage_mainfront.jpg\",\"datePublished\":\"2025-04-15T09:26:04+00:00\",\"dateModified\":\"2026-04-24T16:26:18+00:00\",\"breadcrumb\":{\"@id\":\"https:\/\/xenonkungen.com\/de\/produkt\/laser-led-rampensatz-fur-ford-transit-connect-2018-linear-18\/#breadcrumb\"},\"inLanguage\":\"en-GB\",\"potentialAction\":[{\"@type\":\"ReadAction\",\"target\":[\"https:\/\/xenonkungen.com\/de\/produkt\/laser-led-rampensatz-fur-ford-transit-connect-2018-linear-18\/\"]}]},{\"@type\":\"ImageObject\",\"inLanguage\":\"en-GB\",\"@id\":\"https:\/\/xenonkungen.com\/de\/produkt\/laser-led-rampensatz-fur-ford-transit-connect-2018-linear-18\/#primaryimage\",\"url\":\"https:\/\/xenonkungen.com\/wp-content\/uploads\/2025\/04\/159490_itemimage_mainfront.jpg\",\"contentUrl\":\"https:\/\/xenonkungen.com\/wp-content\/uploads\/2025\/04\/159490_itemimage_mainfront.jpg\",\"width\":2048,\"height\":1537},{\"@type\":\"BreadcrumbList\",\"@id\":\"https:\/\/xenonkungen.com\/de\/produkt\/laser-led-rampensatz-fur-ford-transit-connect-2018-linear-18\/#breadcrumb\",\"itemListElement\":[{\"@type\":\"ListItem\",\"position\":1,\"name\":\"Hem\",\"item\":\"https:\/\/xenonkungen.com\/\"},{\"@type\":\"ListItem\",\"position\":2,\"name\":\"Shop\",\"item\":\"https:\/\/xenonkungen.com\/shop\/\"},{\"@type\":\"ListItem\",\"position\":3,\"name\":\"Lazer Ledrampskit &#8211; Ford Transit Connect 2018+ Linear-18\"}]},{\"@type\":\"WebSite\",\"@id\":\"https:\/\/xenonkungen.com\/#website\",\"url\":\"https:\/\/xenonkungen.com\/\",\"name\":\"Xenonkungen\",\"description\":\"\",\"potentialAction\":[{\"@type\":\"SearchAction\",\"target\":{\"@type\":\"EntryPoint\",\"urlTemplate\":\"https:\/\/xenonkungen.com\/?s={search_term_string}\"},\"query-input\":{\"@type\":\"PropertyValueSpecification\",\"valueRequired\":true,\"valueName\":\"search_term_string\"}}],\"inLanguage\":\"en-GB\"}]}<\/script>\n<!-- \/ Yoast SEO plugin. -->","yoast_head_json":{"title":"Lazer Led Ramp Kit - Ford Transit Connect 2018+ Linear-18 - The Xenon King","robots":{"index":"index","follow":"follow","max-snippet":"max-snippet:-1","max-image-preview":"max-image-preview:large","max-video-preview":"max-video-preview:-1"},"canonical":"https:\/\/xenonkungen.com\/en\/product\/lazer-led-ramp-kit-ford-transit-connect-2018-linear-18\/","og_locale":"en_GB","og_type":"article","og_title":"Lazer Ledrampskit - Ford Transit Connect 2018+ Linear-18 - Xenonkungen","og_description":"Lazers LED-rampskit f\u00f6r Ford Transit Connect 2018+ &#8211; Perfekt belysning f\u00f6r din bilmodell Ledrampskit komplett med Lazer Linear 18 och alla ing\u00e5ende komponenter skr\u00e4ddarsytt f\u00f6r Ford Transit Connect 2018+. V\u00e4lj mellan Linear 18 i Standard eller Elite-utf\u00f6rande. Linear 18:s l\u00e5ga profil l\u00e4mpar sig utm\u00e4rkt f\u00f6r montering i grillen p\u00e5 fordonet. Monteringen g\u00f6rs enkelt och snabbt [&hellip;]","og_url":"https:\/\/xenonkungen.com\/en\/product\/lazer-led-ramp-kit-ford-transit-connect-2018-linear-18\/","og_site_name":"Xenonkungen","article_modified_time":"2026-04-24T16:26:18+00:00","og_image":[{"width":2048,"height":1537,"url":"https:\/\/xenonkungen.com\/wp-content\/uploads\/2025\/04\/159490_itemimage_mainfront.jpg","type":"image\/jpeg"}],"twitter_card":"summary_large_image","twitter_misc":{"Estimated reading time":"1 minute"},"schema":{"@context":"https:\/\/schema.org","@graph":[{"@type":"WebPage","@id":"https:\/\/xenonkungen.com\/de\/produkt\/laser-led-rampensatz-fur-ford-transit-connect-2018-linear-18\/","url":"https:\/\/xenonkungen.com\/de\/produkt\/laser-led-rampensatz-fur-ford-transit-connect-2018-linear-18\/","name":"Lazer Led Ramp Kit - Ford Transit Connect 2018+ Linear-18 - The Xenon King","isPartOf":{"@id":"https:\/\/xenonkungen.com\/#website"},"primaryImageOfPage":{"@id":"https:\/\/xenonkungen.com\/de\/produkt\/laser-led-rampensatz-fur-ford-transit-connect-2018-linear-18\/#primaryimage"},"image":{"@id":"https:\/\/xenonkungen.com\/de\/produkt\/laser-led-rampensatz-fur-ford-transit-connect-2018-linear-18\/#primaryimage"},"thumbnailUrl":"https:\/\/xenonkungen.com\/wp-content\/uploads\/2025\/04\/159490_itemimage_mainfront.jpg","datePublished":"2025-04-15T09:26:04+00:00","dateModified":"2026-04-24T16:26:18+00:00","breadcrumb":{"@id":"https:\/\/xenonkungen.com\/de\/produkt\/laser-led-rampensatz-fur-ford-transit-connect-2018-linear-18\/#breadcrumb"},"inLanguage":"en-GB","potentialAction":[{"@type":"ReadAction","target":["https:\/\/xenonkungen.com\/de\/produkt\/laser-led-rampensatz-fur-ford-transit-connect-2018-linear-18\/"]}]},{"@type":"ImageObject","inLanguage":"en-GB","@id":"https:\/\/xenonkungen.com\/de\/produkt\/laser-led-rampensatz-fur-ford-transit-connect-2018-linear-18\/#primaryimage","url":"https:\/\/xenonkungen.com\/wp-content\/uploads\/2025\/04\/159490_itemimage_mainfront.jpg","contentUrl":"https:\/\/xenonkungen.com\/wp-content\/uploads\/2025\/04\/159490_itemimage_mainfront.jpg","width":2048,"height":1537},{"@type":"BreadcrumbList","@id":"https:\/\/xenonkungen.com\/de\/produkt\/laser-led-rampensatz-fur-ford-transit-connect-2018-linear-18\/#breadcrumb","itemListElement":[{"@type":"ListItem","position":1,"name":"Hem","item":"https:\/\/xenonkungen.com\/"},{"@type":"ListItem","position":2,"name":"Shop","item":"https:\/\/xenonkungen.com\/shop\/"},{"@type":"ListItem","position":3,"name":"Lazer Ledrampskit &#8211; Ford Transit Connect 2018+ Linear-18"}]},{"@type":"WebSite","@id":"https:\/\/xenonkungen.com\/#website","url":"https:\/\/xenonkungen.com\/","name":"Xenonkungen","description":"","potentialAction":[{"@type":"SearchAction","target":{"@type":"EntryPoint","urlTemplate":"https:\/\/xenonkungen.com\/?s={search_term_string}"},"query-input":{"@type":"PropertyValueSpecification","valueRequired":true,"valueName":"search_term_string"}}],"inLanguage":"en-GB"}]}},"taxonomy_info":{"product_brand":[{"value":1124,"label":"Lazer"}],"product_cat":[{"value":2539,"label":"LEDRAMPER"},{"value":2596,"label":"Paket"},{"value":1916,"label":"Ledrampspaket"}],"product_tag":[{"value":2735,"label":"Lazer"}],"pa_fargtemperatur":[{"value":154,"label":"5000K"}],"pa_fuktskydd-varde-ipxx":[{"value":177,"label":"IP68"}],"pa_godkannande":[{"value":1614,"label":"E-Godk\u00e4nd, R112"}],"pa_lampsockel-kontakt":[{"value":1122,"label":"Superseal"}],"pa_led-chips-effekt-w":[{"value":1336,"label":"63"}],"pa_stromforbrukning":[{"value":1337,"label":"4,4A@14,4V"}],"pa_volt-v":[{"value":1084,"label":"Multivolt, 10, 12, 16, 18, 24, 28, 30, 32"}]},"featured_image_src_large":["https:\/\/xenonkungen.com\/wp-content\/uploads\/2025\/04\/159490_itemimage_mainfront-1024x769.jpg",1024,769,true],"author_info":[],"comment_info":0,"_links":{"self":[{"href":"https:\/\/xenonkungen.com\/en\/wp-json\/wp\/v2\/product\/5275","targetHints":{"allow":["GET"]}}],"collection":[{"href":"https:\/\/xenonkungen.com\/en\/wp-json\/wp\/v2\/product"}],"about":[{"href":"https:\/\/xenonkungen.com\/en\/wp-json\/wp\/v2\/types\/product"}],"replies":[{"embeddable":true,"href":"https:\/\/xenonkungen.com\/en\/wp-json\/wp\/v2\/comments?post=5275"}],"wp:featuredmedia":[{"embeddable":true,"href":"https:\/\/xenonkungen.com\/en\/wp-json\/wp\/v2\/media\/5276"}],"wp:attachment":[{"href":"https:\/\/xenonkungen.com\/en\/wp-json\/wp\/v2\/media?parent=5275"}],"wp:term":[{"taxonomy":"anvandningsomrade","embeddable":true,"href":"https:\/\/xenonkungen.com\/en\/wp-json\/wp\/v2\/anvandningsomrade?post=5275"},{"taxonomy":"bilmarken","embeddable":true,"href":"https:\/\/xenonkungen.com\/en\/wp-json\/wp\/v2\/bilmarken?post=5275"},{"taxonomy":"product_brand","embeddable":true,"href":"https:\/\/xenonkungen.com\/en\/wp-json\/wp\/v2\/product_brand?post=5275"},{"taxonomy":"product_cat","embeddable":true,"href":"https:\/\/xenonkungen.com\/en\/wp-json\/wp\/v2\/product_cat?post=5275"},{"taxonomy":"product_tag","embeddable":true,"href":"https:\/\/xenonkungen.com\/en\/wp-json\/wp\/v2\/product_tag?post=5275"}],"curies":[{"name":"wp","href":"https:\/\/api.w.org\/{rel}","templated":true}]}}