{"id":5325,"date":"2025-04-15T09:27:02","date_gmt":"2025-04-15T09:27:02","guid":{"rendered":"https:\/\/xenonkungen.com\/product\/lazer-ledrampskit-mercedes-sprinter-2018-2xtriple-r-750-std\/"},"modified":"2026-04-11T01:07:25","modified_gmt":"2026-04-11T00:07:25","slug":"lazer-led-ramp-kit-mercedes-sprinter-2018-2xtriple-r-750-std","status":"publish","type":"product","link":"https:\/\/xenonkungen.com\/en\/product\/lazer-led-ramp-kit-mercedes-sprinter-2018-2xtriple-r-750-std\/","title":{"rendered":"Lazer Ledrampskit Mercedes Sprinter 2018+ 2xTriple-R 750 Std"},"content":{"rendered":"<h1>Lazers LED Ramp Kit for Mercedes Sprinter 2018+ - Perfect lighting for your car model<\/h1>\n<p>Ledramp kit with 2 Triple-R 750 and all components customised to be mounted on Mercedes Benz Sprinter 2018+.<\/p>\n<p>Installation is quick and easy, with a result that is both robust and secure and blends in perfectly with the original grill. Made from ASA material, renowned for its excellent strength and UV stability, the brackets are fully weather and chemical resistant to ensure your installation remains in good condition year after year.<\/p>\n<p><strong>The package includes:<\/strong><\/p>\n<p>- 2 x Triple-R 750 Standard<\/p>\n<p>- 4 x brackets and associated fasteners<\/p>\n<p>- 1 x cutting guide<\/p>\n<p>- 1 x coupling kit<\/p>\n<p>- 1 x assembly instructions<\/p>\n<p>Give your Mercedes Sprinter the lighting upgrade it deserves. With our Lazers led ramp kit, you get superior lighting and secure mounting for your car.<\/p>","protected":false},"excerpt":{"rendered":"<p>Lazers LED-rampskit f\u00f6r Mercedes Sprinter 2018+ &#8211; Perfekt belysning f\u00f6r din bilmodell Ledrampskit med 2 st Triple-R 750 och alla ing\u00e5ende komponenter skr\u00e4ddarsydda f\u00f6r att monteras p\u00e5 Mercedes Benz Sprinter 2018+. Monteringen g\u00f6rs enkelt och snabbt med ett resultat som \u00e4r b\u00e5de robust och s\u00e4kert samt sm\u00e4lter in perfekt i originalgrillen. F\u00e4stena \u00e4r tillverkade av [&hellip;]<\/p>","protected":false},"featured_media":5326,"comment_status":"closed","ping_status":"open","template":"","meta":{"_acf_changed":false,"_smort_price_nok":"10147","_smort_price_dkk":"6446","_smort_price_eur":"863.6","_smort_sale_price_nok":"","_smort_sale_price_dkk":"","_smort_sale_price_eur":"","smort_restorder":"","shipmondo_restorder":"","_kad_blocks_custom_css":"","_kad_blocks_head_custom_js":"","_kad_blocks_body_custom_js":"","_kad_blocks_footer_custom_js":"","smort_custom_pricelist_1":"6080","smort_custom_pricelist_2":"6080","smort_custom_pricelist_3":"6080","smort_custom_pricelist_4":"7600","smort_custom_pricelist_5":"6080"},"anvandningsomrade":[],"bilmarken":[],"product_brand":[1124],"product_cat":[2539,2596,1916],"product_tag":[2735],"class_list":{"0":"post-5325","1":"product","2":"type-product","3":"status-publish","4":"has-post-thumbnail","6":"product_brand-lazer","7":"product_cat-ledramper","8":"product_cat-paket","9":"product_cat-ledrampspaket","10":"product_tag-lazer","11":"pa_fargtemperatur-5000k","12":"pa_godkannande-e-godkand-r112","13":"pa_led-chips-effekt-w-1100","14":"pa_stromforbrukning-62a144v","15":"pa_volt-v-multivolt-10-12-16-18-24-28-30-32","17":"first","18":"onbackorder","19":"taxable","20":"shipping-taxable","21":"purchasable","22":"product-type-simple"},"bundled_by":[],"bundle_stock_status":"onbackorder","bundle_stock_quantity":0,"bundle_virtual":false,"bundle_layout":"","bundle_add_to_cart_form_location":"","bundle_editable_in_cart":false,"bundle_sold_individually_context":"","bundle_item_grouping":"","bundle_min_size":"","bundle_max_size":"","bundle_price":[],"bundled_items":[],"bundle_sell_ids":[],"acf":[],"yoast_head":"<!-- This site is optimized with the Yoast SEO plugin v27.0 - https:\/\/yoast.com\/product\/yoast-seo-wordpress\/ -->\n<title>Lazer Ledrampskit Mercedes Sprinter 2018+ 2xTriple-R 750 Std - Xenonkungen<\/title>\n<meta name=\"robots\" content=\"index, follow, max-snippet:-1, max-image-preview:large, max-video-preview:-1\" \/>\n<link rel=\"canonical\" href=\"https:\/\/xenonkungen.com\/en\/product\/lazer-led-ramp-kit-mercedes-sprinter-2018-2xtriple-r-750-std\/\" \/>\n<meta property=\"og:locale\" content=\"en_GB\" \/>\n<meta property=\"og:type\" content=\"article\" \/>\n<meta property=\"og:title\" content=\"Lazer Ledrampskit Mercedes Sprinter 2018+ 2xTriple-R 750 Std - Xenonkungen\" \/>\n<meta property=\"og:description\" content=\"Lazers LED-rampskit f\u00f6r Mercedes Sprinter 2018+ &#8211; Perfekt belysning f\u00f6r din bilmodell Ledrampskit med 2 st Triple-R 750 och alla ing\u00e5ende komponenter skr\u00e4ddarsydda f\u00f6r att monteras p\u00e5 Mercedes Benz Sprinter 2018+. Monteringen g\u00f6rs enkelt och snabbt med ett resultat som \u00e4r b\u00e5de robust och s\u00e4kert samt sm\u00e4lter in perfekt i originalgrillen. F\u00e4stena \u00e4r tillverkade av [&hellip;]\" \/>\n<meta property=\"og:url\" content=\"https:\/\/xenonkungen.com\/en\/product\/lazer-led-ramp-kit-mercedes-sprinter-2018-2xtriple-r-750-std\/\" \/>\n<meta property=\"og:site_name\" content=\"Xenonkungen\" \/>\n<meta property=\"article:modified_time\" content=\"2026-04-11T00:07:25+00:00\" \/>\n<meta property=\"og:image\" content=\"https:\/\/xenonkungen.com\/wp-content\/uploads\/2025\/04\/159516_itemimage_mainfront.jpg\" \/>\n\t<meta property=\"og:image:width\" content=\"2048\" \/>\n\t<meta property=\"og:image:height\" content=\"1536\" \/>\n\t<meta property=\"og:image:type\" content=\"image\/jpeg\" \/>\n<meta name=\"twitter:card\" content=\"summary_large_image\" \/>\n<meta name=\"twitter:label1\" content=\"Estimated reading time\" \/>\n\t<meta name=\"twitter:data1\" content=\"1 minute\" \/>\n<script type=\"application\/ld+json\" class=\"yoast-schema-graph\">{\"@context\":\"https:\/\/schema.org\",\"@graph\":[{\"@type\":\"WebPage\",\"@id\":\"https:\/\/xenonkungen.com\/dk\/vare\/lazer-led-rampesaet-mercedes-sprinter-2018-2x-triple-r-750-std\/\",\"url\":\"https:\/\/xenonkungen.com\/dk\/vare\/lazer-led-rampesaet-mercedes-sprinter-2018-2x-triple-r-750-std\/\",\"name\":\"Lazer Ledrampskit Mercedes Sprinter 2018+ 2xTriple-R 750 Std - Xenonkungen\",\"isPartOf\":{\"@id\":\"https:\/\/xenonkungen.com\/#website\"},\"primaryImageOfPage\":{\"@id\":\"https:\/\/xenonkungen.com\/dk\/vare\/lazer-led-rampesaet-mercedes-sprinter-2018-2x-triple-r-750-std\/#primaryimage\"},\"image\":{\"@id\":\"https:\/\/xenonkungen.com\/dk\/vare\/lazer-led-rampesaet-mercedes-sprinter-2018-2x-triple-r-750-std\/#primaryimage\"},\"thumbnailUrl\":\"https:\/\/xenonkungen.com\/wp-content\/uploads\/2025\/04\/159516_itemimage_mainfront.jpg\",\"datePublished\":\"2025-04-15T09:27:02+00:00\",\"dateModified\":\"2026-04-11T00:07:25+00:00\",\"breadcrumb\":{\"@id\":\"https:\/\/xenonkungen.com\/dk\/vare\/lazer-led-rampesaet-mercedes-sprinter-2018-2x-triple-r-750-std\/#breadcrumb\"},\"inLanguage\":\"en-GB\",\"potentialAction\":[{\"@type\":\"ReadAction\",\"target\":[\"https:\/\/xenonkungen.com\/dk\/vare\/lazer-led-rampesaet-mercedes-sprinter-2018-2x-triple-r-750-std\/\"]}]},{\"@type\":\"ImageObject\",\"inLanguage\":\"en-GB\",\"@id\":\"https:\/\/xenonkungen.com\/dk\/vare\/lazer-led-rampesaet-mercedes-sprinter-2018-2x-triple-r-750-std\/#primaryimage\",\"url\":\"https:\/\/xenonkungen.com\/wp-content\/uploads\/2025\/04\/159516_itemimage_mainfront.jpg\",\"contentUrl\":\"https:\/\/xenonkungen.com\/wp-content\/uploads\/2025\/04\/159516_itemimage_mainfront.jpg\",\"width\":2048,\"height\":1536},{\"@type\":\"BreadcrumbList\",\"@id\":\"https:\/\/xenonkungen.com\/dk\/vare\/lazer-led-rampesaet-mercedes-sprinter-2018-2x-triple-r-750-std\/#breadcrumb\",\"itemListElement\":[{\"@type\":\"ListItem\",\"position\":1,\"name\":\"Hem\",\"item\":\"https:\/\/xenonkungen.com\/\"},{\"@type\":\"ListItem\",\"position\":2,\"name\":\"Shop\",\"item\":\"https:\/\/xenonkungen.com\/shop\/\"},{\"@type\":\"ListItem\",\"position\":3,\"name\":\"Lazer Ledrampskit Mercedes Sprinter 2018+ 2xTriple-R 750 Std\"}]},{\"@type\":\"WebSite\",\"@id\":\"https:\/\/xenonkungen.com\/#website\",\"url\":\"https:\/\/xenonkungen.com\/\",\"name\":\"Xenonkungen\",\"description\":\"\",\"potentialAction\":[{\"@type\":\"SearchAction\",\"target\":{\"@type\":\"EntryPoint\",\"urlTemplate\":\"https:\/\/xenonkungen.com\/?s={search_term_string}\"},\"query-input\":{\"@type\":\"PropertyValueSpecification\",\"valueRequired\":true,\"valueName\":\"search_term_string\"}}],\"inLanguage\":\"en-GB\"}]}<\/script>\n<!-- \/ Yoast SEO plugin. -->","yoast_head_json":{"title":"Lazer Led Ramp Kit Mercedes Sprinter 2018+ 2xTriple-R 750 Std - The Xenon King","robots":{"index":"index","follow":"follow","max-snippet":"max-snippet:-1","max-image-preview":"max-image-preview:large","max-video-preview":"max-video-preview:-1"},"canonical":"https:\/\/xenonkungen.com\/en\/product\/lazer-led-ramp-kit-mercedes-sprinter-2018-2xtriple-r-750-std\/","og_locale":"en_GB","og_type":"article","og_title":"Lazer Ledrampskit Mercedes Sprinter 2018+ 2xTriple-R 750 Std - Xenonkungen","og_description":"Lazers LED-rampskit f\u00f6r Mercedes Sprinter 2018+ &#8211; Perfekt belysning f\u00f6r din bilmodell Ledrampskit med 2 st Triple-R 750 och alla ing\u00e5ende komponenter skr\u00e4ddarsydda f\u00f6r att monteras p\u00e5 Mercedes Benz Sprinter 2018+. Monteringen g\u00f6rs enkelt och snabbt med ett resultat som \u00e4r b\u00e5de robust och s\u00e4kert samt sm\u00e4lter in perfekt i originalgrillen. F\u00e4stena \u00e4r tillverkade av [&hellip;]","og_url":"https:\/\/xenonkungen.com\/en\/product\/lazer-led-ramp-kit-mercedes-sprinter-2018-2xtriple-r-750-std\/","og_site_name":"Xenonkungen","article_modified_time":"2026-04-11T00:07:25+00:00","og_image":[{"width":2048,"height":1536,"url":"https:\/\/xenonkungen.com\/wp-content\/uploads\/2025\/04\/159516_itemimage_mainfront.jpg","type":"image\/jpeg"}],"twitter_card":"summary_large_image","twitter_misc":{"Estimated reading time":"1 minute"},"schema":{"@context":"https:\/\/schema.org","@graph":[{"@type":"WebPage","@id":"https:\/\/xenonkungen.com\/dk\/vare\/lazer-led-rampesaet-mercedes-sprinter-2018-2x-triple-r-750-std\/","url":"https:\/\/xenonkungen.com\/dk\/vare\/lazer-led-rampesaet-mercedes-sprinter-2018-2x-triple-r-750-std\/","name":"Lazer Led Ramp Kit Mercedes Sprinter 2018+ 2xTriple-R 750 Std - The Xenon King","isPartOf":{"@id":"https:\/\/xenonkungen.com\/#website"},"primaryImageOfPage":{"@id":"https:\/\/xenonkungen.com\/dk\/vare\/lazer-led-rampesaet-mercedes-sprinter-2018-2x-triple-r-750-std\/#primaryimage"},"image":{"@id":"https:\/\/xenonkungen.com\/dk\/vare\/lazer-led-rampesaet-mercedes-sprinter-2018-2x-triple-r-750-std\/#primaryimage"},"thumbnailUrl":"https:\/\/xenonkungen.com\/wp-content\/uploads\/2025\/04\/159516_itemimage_mainfront.jpg","datePublished":"2025-04-15T09:27:02+00:00","dateModified":"2026-04-11T00:07:25+00:00","breadcrumb":{"@id":"https:\/\/xenonkungen.com\/dk\/vare\/lazer-led-rampesaet-mercedes-sprinter-2018-2x-triple-r-750-std\/#breadcrumb"},"inLanguage":"en-GB","potentialAction":[{"@type":"ReadAction","target":["https:\/\/xenonkungen.com\/dk\/vare\/lazer-led-rampesaet-mercedes-sprinter-2018-2x-triple-r-750-std\/"]}]},{"@type":"ImageObject","inLanguage":"en-GB","@id":"https:\/\/xenonkungen.com\/dk\/vare\/lazer-led-rampesaet-mercedes-sprinter-2018-2x-triple-r-750-std\/#primaryimage","url":"https:\/\/xenonkungen.com\/wp-content\/uploads\/2025\/04\/159516_itemimage_mainfront.jpg","contentUrl":"https:\/\/xenonkungen.com\/wp-content\/uploads\/2025\/04\/159516_itemimage_mainfront.jpg","width":2048,"height":1536},{"@type":"BreadcrumbList","@id":"https:\/\/xenonkungen.com\/dk\/vare\/lazer-led-rampesaet-mercedes-sprinter-2018-2x-triple-r-750-std\/#breadcrumb","itemListElement":[{"@type":"ListItem","position":1,"name":"Hem","item":"https:\/\/xenonkungen.com\/"},{"@type":"ListItem","position":2,"name":"Shop","item":"https:\/\/xenonkungen.com\/shop\/"},{"@type":"ListItem","position":3,"name":"Lazer Ledrampskit Mercedes Sprinter 2018+ 2xTriple-R 750 Std"}]},{"@type":"WebSite","@id":"https:\/\/xenonkungen.com\/#website","url":"https:\/\/xenonkungen.com\/","name":"Xenonkungen","description":"","potentialAction":[{"@type":"SearchAction","target":{"@type":"EntryPoint","urlTemplate":"https:\/\/xenonkungen.com\/?s={search_term_string}"},"query-input":{"@type":"PropertyValueSpecification","valueRequired":true,"valueName":"search_term_string"}}],"inLanguage":"en-GB"}]}},"taxonomy_info":{"product_brand":[{"value":1124,"label":"Lazer"}],"product_cat":[{"value":2539,"label":"LEDRAMPER"},{"value":2596,"label":"Paket"},{"value":1916,"label":"Ledrampspaket"}],"product_tag":[{"value":2735,"label":"Lazer"}],"pa_fargtemperatur":[{"value":154,"label":"5000K"}],"pa_godkannande":[{"value":1614,"label":"E-Godk\u00e4nd, R112"}],"pa_led-chips-effekt-w":[{"value":1100,"label":"88"}],"pa_stromforbrukning":[{"value":1613,"label":"6,2A@14,4V"}],"pa_volt-v":[{"value":1084,"label":"Multivolt, 10, 12, 16, 18, 24, 28, 30, 32"}]},"featured_image_src_large":["https:\/\/xenonkungen.com\/wp-content\/uploads\/2025\/04\/159516_itemimage_mainfront-1024x768.jpg",1024,768,true],"author_info":[],"comment_info":0,"_links":{"self":[{"href":"https:\/\/xenonkungen.com\/en\/wp-json\/wp\/v2\/product\/5325","targetHints":{"allow":["GET"]}}],"collection":[{"href":"https:\/\/xenonkungen.com\/en\/wp-json\/wp\/v2\/product"}],"about":[{"href":"https:\/\/xenonkungen.com\/en\/wp-json\/wp\/v2\/types\/product"}],"replies":[{"embeddable":true,"href":"https:\/\/xenonkungen.com\/en\/wp-json\/wp\/v2\/comments?post=5325"}],"wp:featuredmedia":[{"embeddable":true,"href":"https:\/\/xenonkungen.com\/en\/wp-json\/wp\/v2\/media\/5326"}],"wp:attachment":[{"href":"https:\/\/xenonkungen.com\/en\/wp-json\/wp\/v2\/media?parent=5325"}],"wp:term":[{"taxonomy":"anvandningsomrade","embeddable":true,"href":"https:\/\/xenonkungen.com\/en\/wp-json\/wp\/v2\/anvandningsomrade?post=5325"},{"taxonomy":"bilmarken","embeddable":true,"href":"https:\/\/xenonkungen.com\/en\/wp-json\/wp\/v2\/bilmarken?post=5325"},{"taxonomy":"product_brand","embeddable":true,"href":"https:\/\/xenonkungen.com\/en\/wp-json\/wp\/v2\/product_brand?post=5325"},{"taxonomy":"product_cat","embeddable":true,"href":"https:\/\/xenonkungen.com\/en\/wp-json\/wp\/v2\/product_cat?post=5325"},{"taxonomy":"product_tag","embeddable":true,"href":"https:\/\/xenonkungen.com\/en\/wp-json\/wp\/v2\/product_tag?post=5325"}],"curies":[{"name":"wp","href":"https:\/\/api.w.org\/{rel}","templated":true}]}}