{"id":5690,"date":"2025-04-15T09:32:33","date_gmt":"2025-04-15T09:32:33","guid":{"rendered":"https:\/\/xenonkungen.com\/product\/avtagbart-faste-for-extraljus-3mm-76mm\/"},"modified":"2025-12-10T14:46:59","modified_gmt":"2025-12-10T13:46:59","slug":"removable-attachment-for-additional-light-3mm-76mm","status":"publish","type":"product","link":"https:\/\/xenonkungen.com\/en\/product\/removable-attachment-for-additional-light-3mm-76mm\/","title":{"rendered":"Removable bracket for extra light (3mm) - 76mm"},"content":{"rendered":"<h2 class=\"product-subname\">Bracket for mounting extra light (\u00d876mm)<\/h2>\n<p><span>Removable bracket in 3mm material for mounting extra light. Made of highly polished stainless steel. For mounting on \u00d876m pipe. The width of the bracket is 50 mm. Price per piece.<\/p>\n<p>This \u00d876mm bracket fits on front sashes and flat sashes with 76mm tubes.<\/p>\n<p>Most of our front sashes made of 76mm material already have ready-made brackets for auxiliary lights. This bracket therefore does not need to be purchased when fitting auxiliary lights to our (Vool) front sashes with pre-welded brackets unless you are fitting additional auxiliary or work lights (e.g. an LED lightbar).<\/span><\/p>\n<p class=\"spec\"><strong>Specifications<\/strong><br \/>Weight: 360 g<br \/>Material: Stainless steel (T304)<br \/>Other\/important info: Available in several other different models depending on which front frame you have purchased and how you intend to mount your extra lights.<\/p>","protected":false},"excerpt":{"rendered":"<p>F\u00e4ste f\u00f6r montering av extraljus (\u00d876mm) Avtagbart f\u00e4ste i 3mm gods f\u00f6r montering av extraljus. Tillverkat i h\u00f6gpolerat rostfritt st\u00e5l. F\u00f6r montering p\u00e5 \u00d876m r\u00f6r. Bredden p\u00e5 f\u00e4stet \u00e4r 50 mm. Pris per styck. Detta \u00d876mm f\u00e4ste passar p\u00e5 frontb\u00e5gar och flakb\u00e5gar med 76mm r\u00f6r. De flesta av v\u00e5ra frontb\u00e5gar tillverkade i 76mm gods har [&hellip;]<\/p>","protected":false},"featured_media":5691,"comment_status":"closed","ping_status":"open","template":"","meta":{"_acf_changed":false,"_smort_price_nok":"545","_smort_price_dkk":"346","_smort_price_eur":"46.36","_smort_sale_price_nok":"","_smort_sale_price_dkk":"","_smort_sale_price_eur":"","smort_restorder":"","shipmondo_restorder":"","_kad_blocks_custom_css":"","_kad_blocks_head_custom_js":"","_kad_blocks_body_custom_js":"","_kad_blocks_footer_custom_js":"","smort_custom_pricelist_1":"408","smort_custom_pricelist_2":"408","smort_custom_pricelist_3":"408","smort_custom_pricelist_4":"408","smort_custom_pricelist_5":"408"},"anvandningsomrade":[],"bilmarken":[],"product_brand":[],"product_cat":[2537,2841,2669,390],"product_tag":[],"class_list":{"0":"post-5690","1":"product","2":"type-product","3":"status-publish","4":"has-post-thumbnail","6":"product_cat-fasten-ledramper","7":"product_cat-installation-extraljus","8":"product_cat-monteringstillbehor-monteringstillbehor-extraljus","9":"product_cat-installation","10":"pa_storlek-mm-393","12":"first","13":"onbackorder","14":"taxable","15":"shipping-taxable","16":"purchasable","17":"product-type-simple"},"bundled_by":[],"bundle_stock_status":"onbackorder","bundle_stock_quantity":0,"bundle_virtual":false,"bundle_layout":"","bundle_add_to_cart_form_location":"","bundle_editable_in_cart":false,"bundle_sold_individually_context":"","bundle_item_grouping":"","bundle_min_size":"","bundle_max_size":"","bundle_price":[],"bundled_items":[],"bundle_sell_ids":[],"acf":[],"yoast_head":"<!-- This site is optimized with the Yoast SEO plugin v27.0 - https:\/\/yoast.com\/product\/yoast-seo-wordpress\/ -->\n<title>Avtagbart f\u00e4ste f\u00f6r extraljus (3mm) - 76mm - Xenonkungen<\/title>\n<meta name=\"robots\" content=\"index, follow, max-snippet:-1, max-image-preview:large, max-video-preview:-1\" \/>\n<link rel=\"canonical\" href=\"https:\/\/xenonkungen.com\/en\/product\/removable-attachment-for-additional-light-3mm-76mm\/\" \/>\n<meta property=\"og:locale\" content=\"en_GB\" \/>\n<meta property=\"og:type\" content=\"article\" \/>\n<meta property=\"og:title\" content=\"Avtagbart f\u00e4ste f\u00f6r extraljus (3mm) - 76mm - Xenonkungen\" \/>\n<meta property=\"og:description\" content=\"F\u00e4ste f\u00f6r montering av extraljus (\u00d876mm) Avtagbart f\u00e4ste i 3mm gods f\u00f6r montering av extraljus. Tillverkat i h\u00f6gpolerat rostfritt st\u00e5l. F\u00f6r montering p\u00e5 \u00d876m r\u00f6r. Bredden p\u00e5 f\u00e4stet \u00e4r 50 mm. Pris per styck. Detta \u00d876mm f\u00e4ste passar p\u00e5 frontb\u00e5gar och flakb\u00e5gar med 76mm r\u00f6r. De flesta av v\u00e5ra frontb\u00e5gar tillverkade i 76mm gods har [&hellip;]\" \/>\n<meta property=\"og:url\" content=\"https:\/\/xenonkungen.com\/en\/product\/removable-attachment-for-additional-light-3mm-76mm\/\" \/>\n<meta property=\"og:site_name\" content=\"Xenonkungen\" \/>\n<meta property=\"article:modified_time\" content=\"2025-12-10T13:46:59+00:00\" \/>\n<meta property=\"og:image\" content=\"https:\/\/xenonkungen.com\/wp-content\/uploads\/2025\/04\/204525717-origpic-84cb0a.jpg\" \/>\n\t<meta property=\"og:image:width\" content=\"1000\" \/>\n\t<meta property=\"og:image:height\" content=\"800\" \/>\n\t<meta property=\"og:image:type\" content=\"image\/jpeg\" \/>\n<meta name=\"twitter:card\" content=\"summary_large_image\" \/>\n<meta name=\"twitter:label1\" content=\"Estimated reading time\" \/>\n\t<meta name=\"twitter:data1\" content=\"1 minute\" \/>\n<script type=\"application\/ld+json\" class=\"yoast-schema-graph\">{\"@context\":\"https:\/\/schema.org\",\"@graph\":[{\"@type\":\"WebPage\",\"@id\":\"https:\/\/xenonkungen.com\/fi\/tuote\/irrotettava-kiinnike-lisavalolle-3-mm-76-mm\/\",\"url\":\"https:\/\/xenonkungen.com\/fi\/tuote\/irrotettava-kiinnike-lisavalolle-3-mm-76-mm\/\",\"name\":\"Avtagbart f\u00e4ste f\u00f6r extraljus (3mm) - 76mm - Xenonkungen\",\"isPartOf\":{\"@id\":\"https:\/\/xenonkungen.com\/#website\"},\"primaryImageOfPage\":{\"@id\":\"https:\/\/xenonkungen.com\/fi\/tuote\/irrotettava-kiinnike-lisavalolle-3-mm-76-mm\/#primaryimage\"},\"image\":{\"@id\":\"https:\/\/xenonkungen.com\/fi\/tuote\/irrotettava-kiinnike-lisavalolle-3-mm-76-mm\/#primaryimage\"},\"thumbnailUrl\":\"https:\/\/xenonkungen.com\/wp-content\/uploads\/2025\/04\/204525717-origpic-84cb0a.jpg\",\"datePublished\":\"2025-04-15T09:32:33+00:00\",\"dateModified\":\"2025-12-10T13:46:59+00:00\",\"breadcrumb\":{\"@id\":\"https:\/\/xenonkungen.com\/fi\/tuote\/irrotettava-kiinnike-lisavalolle-3-mm-76-mm\/#breadcrumb\"},\"inLanguage\":\"en-GB\",\"potentialAction\":[{\"@type\":\"ReadAction\",\"target\":[\"https:\/\/xenonkungen.com\/fi\/tuote\/irrotettava-kiinnike-lisavalolle-3-mm-76-mm\/\"]}]},{\"@type\":\"ImageObject\",\"inLanguage\":\"en-GB\",\"@id\":\"https:\/\/xenonkungen.com\/fi\/tuote\/irrotettava-kiinnike-lisavalolle-3-mm-76-mm\/#primaryimage\",\"url\":\"https:\/\/xenonkungen.com\/wp-content\/uploads\/2025\/04\/204525717-origpic-84cb0a.jpg\",\"contentUrl\":\"https:\/\/xenonkungen.com\/wp-content\/uploads\/2025\/04\/204525717-origpic-84cb0a.jpg\",\"width\":1000,\"height\":800},{\"@type\":\"BreadcrumbList\",\"@id\":\"https:\/\/xenonkungen.com\/fi\/tuote\/irrotettava-kiinnike-lisavalolle-3-mm-76-mm\/#breadcrumb\",\"itemListElement\":[{\"@type\":\"ListItem\",\"position\":1,\"name\":\"Hem\",\"item\":\"https:\/\/xenonkungen.com\/\"},{\"@type\":\"ListItem\",\"position\":2,\"name\":\"Shop\",\"item\":\"https:\/\/xenonkungen.com\/shop\/\"},{\"@type\":\"ListItem\",\"position\":3,\"name\":\"Avtagbart f\u00e4ste f\u00f6r extraljus (3mm) &#8211; 76mm\"}]},{\"@type\":\"WebSite\",\"@id\":\"https:\/\/xenonkungen.com\/#website\",\"url\":\"https:\/\/xenonkungen.com\/\",\"name\":\"Xenonkungen\",\"description\":\"\",\"potentialAction\":[{\"@type\":\"SearchAction\",\"target\":{\"@type\":\"EntryPoint\",\"urlTemplate\":\"https:\/\/xenonkungen.com\/?s={search_term_string}\"},\"query-input\":{\"@type\":\"PropertyValueSpecification\",\"valueRequired\":true,\"valueName\":\"search_term_string\"}}],\"inLanguage\":\"en-GB\"}]}<\/script>\n<!-- \/ Yoast SEO plugin. -->","yoast_head_json":{"title":"Removable bracket for auxiliary light (3mm) - 76mm - Xenonkungen","robots":{"index":"index","follow":"follow","max-snippet":"max-snippet:-1","max-image-preview":"max-image-preview:large","max-video-preview":"max-video-preview:-1"},"canonical":"https:\/\/xenonkungen.com\/en\/product\/removable-attachment-for-additional-light-3mm-76mm\/","og_locale":"en_GB","og_type":"article","og_title":"Avtagbart f\u00e4ste f\u00f6r extraljus (3mm) - 76mm - Xenonkungen","og_description":"F\u00e4ste f\u00f6r montering av extraljus (\u00d876mm) Avtagbart f\u00e4ste i 3mm gods f\u00f6r montering av extraljus. Tillverkat i h\u00f6gpolerat rostfritt st\u00e5l. F\u00f6r montering p\u00e5 \u00d876m r\u00f6r. Bredden p\u00e5 f\u00e4stet \u00e4r 50 mm. Pris per styck. Detta \u00d876mm f\u00e4ste passar p\u00e5 frontb\u00e5gar och flakb\u00e5gar med 76mm r\u00f6r. De flesta av v\u00e5ra frontb\u00e5gar tillverkade i 76mm gods har [&hellip;]","og_url":"https:\/\/xenonkungen.com\/en\/product\/removable-attachment-for-additional-light-3mm-76mm\/","og_site_name":"Xenonkungen","article_modified_time":"2025-12-10T13:46:59+00:00","og_image":[{"width":1000,"height":800,"url":"https:\/\/xenonkungen.com\/wp-content\/uploads\/2025\/04\/204525717-origpic-84cb0a.jpg","type":"image\/jpeg"}],"twitter_card":"summary_large_image","twitter_misc":{"Estimated reading time":"1 minute"},"schema":{"@context":"https:\/\/schema.org","@graph":[{"@type":"WebPage","@id":"https:\/\/xenonkungen.com\/fi\/tuote\/irrotettava-kiinnike-lisavalolle-3-mm-76-mm\/","url":"https:\/\/xenonkungen.com\/fi\/tuote\/irrotettava-kiinnike-lisavalolle-3-mm-76-mm\/","name":"Removable bracket for auxiliary light (3mm) - 76mm - Xenonkungen","isPartOf":{"@id":"https:\/\/xenonkungen.com\/#website"},"primaryImageOfPage":{"@id":"https:\/\/xenonkungen.com\/fi\/tuote\/irrotettava-kiinnike-lisavalolle-3-mm-76-mm\/#primaryimage"},"image":{"@id":"https:\/\/xenonkungen.com\/fi\/tuote\/irrotettava-kiinnike-lisavalolle-3-mm-76-mm\/#primaryimage"},"thumbnailUrl":"https:\/\/xenonkungen.com\/wp-content\/uploads\/2025\/04\/204525717-origpic-84cb0a.jpg","datePublished":"2025-04-15T09:32:33+00:00","dateModified":"2025-12-10T13:46:59+00:00","breadcrumb":{"@id":"https:\/\/xenonkungen.com\/fi\/tuote\/irrotettava-kiinnike-lisavalolle-3-mm-76-mm\/#breadcrumb"},"inLanguage":"en-GB","potentialAction":[{"@type":"ReadAction","target":["https:\/\/xenonkungen.com\/fi\/tuote\/irrotettava-kiinnike-lisavalolle-3-mm-76-mm\/"]}]},{"@type":"ImageObject","inLanguage":"en-GB","@id":"https:\/\/xenonkungen.com\/fi\/tuote\/irrotettava-kiinnike-lisavalolle-3-mm-76-mm\/#primaryimage","url":"https:\/\/xenonkungen.com\/wp-content\/uploads\/2025\/04\/204525717-origpic-84cb0a.jpg","contentUrl":"https:\/\/xenonkungen.com\/wp-content\/uploads\/2025\/04\/204525717-origpic-84cb0a.jpg","width":1000,"height":800},{"@type":"BreadcrumbList","@id":"https:\/\/xenonkungen.com\/fi\/tuote\/irrotettava-kiinnike-lisavalolle-3-mm-76-mm\/#breadcrumb","itemListElement":[{"@type":"ListItem","position":1,"name":"Hem","item":"https:\/\/xenonkungen.com\/"},{"@type":"ListItem","position":2,"name":"Shop","item":"https:\/\/xenonkungen.com\/shop\/"},{"@type":"ListItem","position":3,"name":"Avtagbart f\u00e4ste f\u00f6r extraljus (3mm) &#8211; 76mm"}]},{"@type":"WebSite","@id":"https:\/\/xenonkungen.com\/#website","url":"https:\/\/xenonkungen.com\/","name":"Xenonkungen","description":"","potentialAction":[{"@type":"SearchAction","target":{"@type":"EntryPoint","urlTemplate":"https:\/\/xenonkungen.com\/?s={search_term_string}"},"query-input":{"@type":"PropertyValueSpecification","valueRequired":true,"valueName":"search_term_string"}}],"inLanguage":"en-GB"}]}},"taxonomy_info":{"product_cat":[{"value":2537,"label":"F\u00e4sten"},{"value":2841,"label":"Installation extraljus"},{"value":2669,"label":"Monteringstillbeh\u00f6r"},{"value":390,"label":"Installation"}],"pa_storlek-mm":[{"value":393,"label":"76"}]},"featured_image_src_large":["https:\/\/xenonkungen.com\/wp-content\/uploads\/2025\/04\/204525717-origpic-84cb0a.jpg",1000,800,false],"author_info":[],"comment_info":0,"_links":{"self":[{"href":"https:\/\/xenonkungen.com\/en\/wp-json\/wp\/v2\/product\/5690","targetHints":{"allow":["GET"]}}],"collection":[{"href":"https:\/\/xenonkungen.com\/en\/wp-json\/wp\/v2\/product"}],"about":[{"href":"https:\/\/xenonkungen.com\/en\/wp-json\/wp\/v2\/types\/product"}],"replies":[{"embeddable":true,"href":"https:\/\/xenonkungen.com\/en\/wp-json\/wp\/v2\/comments?post=5690"}],"wp:featuredmedia":[{"embeddable":true,"href":"https:\/\/xenonkungen.com\/en\/wp-json\/wp\/v2\/media\/5691"}],"wp:attachment":[{"href":"https:\/\/xenonkungen.com\/en\/wp-json\/wp\/v2\/media?parent=5690"}],"wp:term":[{"taxonomy":"anvandningsomrade","embeddable":true,"href":"https:\/\/xenonkungen.com\/en\/wp-json\/wp\/v2\/anvandningsomrade?post=5690"},{"taxonomy":"bilmarken","embeddable":true,"href":"https:\/\/xenonkungen.com\/en\/wp-json\/wp\/v2\/bilmarken?post=5690"},{"taxonomy":"product_brand","embeddable":true,"href":"https:\/\/xenonkungen.com\/en\/wp-json\/wp\/v2\/product_brand?post=5690"},{"taxonomy":"product_cat","embeddable":true,"href":"https:\/\/xenonkungen.com\/en\/wp-json\/wp\/v2\/product_cat?post=5690"},{"taxonomy":"product_tag","embeddable":true,"href":"https:\/\/xenonkungen.com\/en\/wp-json\/wp\/v2\/product_tag?post=5690"}],"curies":[{"name":"wp","href":"https:\/\/api.w.org\/{rel}","templated":true}]}}