{"id":5753,"date":"2025-04-15T09:35:06","date_gmt":"2025-04-15T09:35:06","guid":{"rendered":"https:\/\/xenonkungen.com\/product\/stor-quadro-76mm-frontbage-ford-ranger-2016\/"},"modified":"2026-04-26T12:06:59","modified_gmt":"2026-04-26T11:06:59","slug":"large-quadro-76mm-front-bag-ford-ranger-2016","status":"publish","type":"product","link":"https:\/\/xenonkungen.com\/en\/product\/large-quadro-76mm-front-bag-ford-ranger-2016\/","title":{"rendered":"LARGE QUADRO 76MM front hoop - Ford Ranger 2016-"},"content":{"rendered":"<p>Large customised front sill for Ford Ranger. Fits model year 2016 and onwards. The front bar is made of highly polished stainless steel. The front bar has ready welded brackets for 4 extra lights (max width \u00d8225).<\/p>\n<p>The front sash is stable without risk of vibration.<br \/>\nThe diameter of the tubes is 76mm.<\/p>\n<p>Assembly time is approximate and intended for workshops. The assembly time does not include the assembly and installation of auxiliary lights.<\/p>","protected":false},"excerpt":{"rendered":"<p>Stainless steel front frame with ready-made brackets for 4 extra lights<\/p>","protected":false},"featured_media":5754,"comment_status":"closed","ping_status":"closed","template":"","meta":{"_acf_changed":false,"_smort_price_nok":"9394","_smort_price_dkk":"5968","_smort_price_eur":"799.51","_smort_sale_price_nok":"","_smort_sale_price_dkk":"","_smort_sale_price_eur":"","smort_restorder":"","shipmondo_restorder":"","_kad_blocks_custom_css":"","_kad_blocks_head_custom_js":"","_kad_blocks_body_custom_js":"","_kad_blocks_footer_custom_js":"","smort_custom_pricelist_1":"5628.8","smort_custom_pricelist_2":"5628.8","smort_custom_pricelist_3":"5628.8","smort_custom_pricelist_4":"7036","smort_custom_pricelist_5":"5628.8"},"anvandningsomrade":[],"bilmarken":[],"product_brand":[2793],"product_cat":[3073,2971,2461,2610,390],"product_tag":[],"class_list":{"0":"post-5753","1":"product","2":"type-product","3":"status-publish","4":"has-post-thumbnail","6":"product_brand-ovrigt","7":"product_cat-takfaste","8":"product_cat-ledramp-fasten","9":"product_cat-fasten-installation","10":"product_cat-modellanpassade","11":"product_cat-installation","12":"product_shipping_class-frontbagar-och-skymmande-gods","13":"pa_storlek-mm-o-76-mm","15":"first","16":"onbackorder","17":"taxable","18":"shipping-taxable","19":"purchasable","20":"product-type-simple"},"bundled_by":[],"bundle_stock_status":"onbackorder","bundle_stock_quantity":0,"bundle_virtual":false,"bundle_layout":"","bundle_add_to_cart_form_location":"","bundle_editable_in_cart":false,"bundle_sold_individually_context":"","bundle_item_grouping":"","bundle_min_size":"","bundle_max_size":"","bundle_price":[],"bundled_items":[],"bundle_sell_ids":[],"acf":[],"yoast_head":"<!-- This site is optimized with the Yoast SEO plugin v27.0 - https:\/\/yoast.com\/product\/yoast-seo-wordpress\/ -->\n<title>STOR QUADRO 76MM frontb\u00e5ge - Ford Ranger 2016- Xenonkungen<\/title>\n<meta name=\"robots\" content=\"index, follow, max-snippet:-1, max-image-preview:large, max-video-preview:-1\" \/>\n<link rel=\"canonical\" href=\"https:\/\/xenonkungen.com\/en\/product\/large-quadro-76mm-front-bag-ford-ranger-2016\/\" \/>\n<meta property=\"og:locale\" content=\"en_GB\" \/>\n<meta property=\"og:type\" content=\"article\" \/>\n<meta property=\"og:title\" content=\"STOR QUADRO 76MM frontb\u00e5ge - Ford Ranger 2016- Xenonkungen\" \/>\n<meta property=\"og:description\" content=\"Rostfri frontb\u00e5ge med f\u00e4rdiga f\u00e4sten f\u00f6r 4 extraljus\" \/>\n<meta property=\"og:url\" content=\"https:\/\/xenonkungen.com\/en\/product\/large-quadro-76mm-front-bag-ford-ranger-2016\/\" \/>\n<meta property=\"og:site_name\" content=\"Xenonkungen\" \/>\n<meta property=\"article:modified_time\" content=\"2026-04-26T11:06:59+00:00\" \/>\n<meta property=\"og:image\" content=\"https:\/\/xenonkungen.com\/wp-content\/uploads\/2025\/04\/172256247-origpic-cda5ec-scaled.jpg\" \/>\n\t<meta property=\"og:image:width\" content=\"2560\" \/>\n\t<meta property=\"og:image:height\" content=\"1920\" \/>\n\t<meta property=\"og:image:type\" content=\"image\/jpeg\" \/>\n<meta name=\"twitter:card\" content=\"summary_large_image\" \/>\n<meta name=\"twitter:label1\" content=\"Estimated reading time\" \/>\n\t<meta name=\"twitter:data1\" content=\"1 minute\" \/>\n<script type=\"application\/ld+json\" class=\"yoast-schema-graph\">{\"@context\":\"https:\/\/schema.org\",\"@graph\":[{\"@type\":\"WebPage\",\"@id\":\"https:\/\/xenonkungen.com\/produkt\/stor-quadro-76mm-frontbage-ford-ranger-2016\/\",\"url\":\"https:\/\/xenonkungen.com\/produkt\/stor-quadro-76mm-frontbage-ford-ranger-2016\/\",\"name\":\"STOR QUADRO 76MM frontb\u00e5ge - Ford Ranger 2016- Xenonkungen\",\"isPartOf\":{\"@id\":\"https:\/\/xenonkungen.com\/#website\"},\"primaryImageOfPage\":{\"@id\":\"https:\/\/xenonkungen.com\/produkt\/stor-quadro-76mm-frontbage-ford-ranger-2016\/#primaryimage\"},\"image\":{\"@id\":\"https:\/\/xenonkungen.com\/produkt\/stor-quadro-76mm-frontbage-ford-ranger-2016\/#primaryimage\"},\"thumbnailUrl\":\"https:\/\/xenonkungen.com\/wp-content\/uploads\/2025\/04\/172256247-origpic-cda5ec-scaled.jpg\",\"datePublished\":\"2025-04-15T09:35:06+00:00\",\"dateModified\":\"2026-04-26T11:06:59+00:00\",\"breadcrumb\":{\"@id\":\"https:\/\/xenonkungen.com\/produkt\/stor-quadro-76mm-frontbage-ford-ranger-2016\/#breadcrumb\"},\"inLanguage\":\"en-GB\",\"potentialAction\":[{\"@type\":\"ReadAction\",\"target\":[\"https:\/\/xenonkungen.com\/produkt\/stor-quadro-76mm-frontbage-ford-ranger-2016\/\"]}]},{\"@type\":\"ImageObject\",\"inLanguage\":\"en-GB\",\"@id\":\"https:\/\/xenonkungen.com\/produkt\/stor-quadro-76mm-frontbage-ford-ranger-2016\/#primaryimage\",\"url\":\"https:\/\/xenonkungen.com\/wp-content\/uploads\/2025\/04\/172256247-origpic-cda5ec-scaled.jpg\",\"contentUrl\":\"https:\/\/xenonkungen.com\/wp-content\/uploads\/2025\/04\/172256247-origpic-cda5ec-scaled.jpg\",\"width\":2560,\"height\":1920},{\"@type\":\"BreadcrumbList\",\"@id\":\"https:\/\/xenonkungen.com\/produkt\/stor-quadro-76mm-frontbage-ford-ranger-2016\/#breadcrumb\",\"itemListElement\":[{\"@type\":\"ListItem\",\"position\":1,\"name\":\"Hem\",\"item\":\"https:\/\/xenonkungen.com\/\"},{\"@type\":\"ListItem\",\"position\":2,\"name\":\"Shop\",\"item\":\"https:\/\/xenonkungen.com\/shop\/\"},{\"@type\":\"ListItem\",\"position\":3,\"name\":\"STOR QUADRO 76MM frontb\u00e5ge &#8211; Ford Ranger 2016-\"}]},{\"@type\":\"WebSite\",\"@id\":\"https:\/\/xenonkungen.com\/#website\",\"url\":\"https:\/\/xenonkungen.com\/\",\"name\":\"Xenonkungen\",\"description\":\"\",\"potentialAction\":[{\"@type\":\"SearchAction\",\"target\":{\"@type\":\"EntryPoint\",\"urlTemplate\":\"https:\/\/xenonkungen.com\/?s={search_term_string}\"},\"query-input\":{\"@type\":\"PropertyValueSpecification\",\"valueRequired\":true,\"valueName\":\"search_term_string\"}}],\"inLanguage\":\"en-GB\"}]}<\/script>\n<!-- \/ Yoast SEO plugin. -->","yoast_head_json":{"title":"LARGE QUADRO 76MM Front Arch - Ford Ranger 2016- The Xenon King","robots":{"index":"index","follow":"follow","max-snippet":"max-snippet:-1","max-image-preview":"max-image-preview:large","max-video-preview":"max-video-preview:-1"},"canonical":"https:\/\/xenonkungen.com\/en\/product\/large-quadro-76mm-front-bag-ford-ranger-2016\/","og_locale":"en_GB","og_type":"article","og_title":"STOR QUADRO 76MM frontb\u00e5ge - Ford Ranger 2016- Xenonkungen","og_description":"Rostfri frontb\u00e5ge med f\u00e4rdiga f\u00e4sten f\u00f6r 4 extraljus","og_url":"https:\/\/xenonkungen.com\/en\/product\/large-quadro-76mm-front-bag-ford-ranger-2016\/","og_site_name":"Xenonkungen","article_modified_time":"2026-04-26T11:06:59+00:00","og_image":[{"width":2560,"height":1920,"url":"https:\/\/xenonkungen.com\/wp-content\/uploads\/2025\/04\/172256247-origpic-cda5ec-scaled.jpg","type":"image\/jpeg"}],"twitter_card":"summary_large_image","twitter_misc":{"Estimated reading time":"1 minute"},"schema":{"@context":"https:\/\/schema.org","@graph":[{"@type":"WebPage","@id":"https:\/\/xenonkungen.com\/produkt\/stor-quadro-76mm-frontbage-ford-ranger-2016\/","url":"https:\/\/xenonkungen.com\/produkt\/stor-quadro-76mm-frontbage-ford-ranger-2016\/","name":"LARGE QUADRO 76MM Front Arch - Ford Ranger 2016- The Xenon King","isPartOf":{"@id":"https:\/\/xenonkungen.com\/#website"},"primaryImageOfPage":{"@id":"https:\/\/xenonkungen.com\/produkt\/stor-quadro-76mm-frontbage-ford-ranger-2016\/#primaryimage"},"image":{"@id":"https:\/\/xenonkungen.com\/produkt\/stor-quadro-76mm-frontbage-ford-ranger-2016\/#primaryimage"},"thumbnailUrl":"https:\/\/xenonkungen.com\/wp-content\/uploads\/2025\/04\/172256247-origpic-cda5ec-scaled.jpg","datePublished":"2025-04-15T09:35:06+00:00","dateModified":"2026-04-26T11:06:59+00:00","breadcrumb":{"@id":"https:\/\/xenonkungen.com\/produkt\/stor-quadro-76mm-frontbage-ford-ranger-2016\/#breadcrumb"},"inLanguage":"en-GB","potentialAction":[{"@type":"ReadAction","target":["https:\/\/xenonkungen.com\/produkt\/stor-quadro-76mm-frontbage-ford-ranger-2016\/"]}]},{"@type":"ImageObject","inLanguage":"en-GB","@id":"https:\/\/xenonkungen.com\/produkt\/stor-quadro-76mm-frontbage-ford-ranger-2016\/#primaryimage","url":"https:\/\/xenonkungen.com\/wp-content\/uploads\/2025\/04\/172256247-origpic-cda5ec-scaled.jpg","contentUrl":"https:\/\/xenonkungen.com\/wp-content\/uploads\/2025\/04\/172256247-origpic-cda5ec-scaled.jpg","width":2560,"height":1920},{"@type":"BreadcrumbList","@id":"https:\/\/xenonkungen.com\/produkt\/stor-quadro-76mm-frontbage-ford-ranger-2016\/#breadcrumb","itemListElement":[{"@type":"ListItem","position":1,"name":"Hem","item":"https:\/\/xenonkungen.com\/"},{"@type":"ListItem","position":2,"name":"Shop","item":"https:\/\/xenonkungen.com\/shop\/"},{"@type":"ListItem","position":3,"name":"STOR QUADRO 76MM frontb\u00e5ge &#8211; Ford Ranger 2016-"}]},{"@type":"WebSite","@id":"https:\/\/xenonkungen.com\/#website","url":"https:\/\/xenonkungen.com\/","name":"Xenonkungen","description":"","potentialAction":[{"@type":"SearchAction","target":{"@type":"EntryPoint","urlTemplate":"https:\/\/xenonkungen.com\/?s={search_term_string}"},"query-input":{"@type":"PropertyValueSpecification","valueRequired":true,"valueName":"search_term_string"}}],"inLanguage":"en-GB"}]}},"taxonomy_info":{"product_brand":[{"value":2793,"label":"\u00d6VRIGT"}],"product_cat":[{"value":3073,"label":"Takf\u00e4ste"},{"value":2971,"label":"F\u00e4ste till ledramp"},{"value":2461,"label":"F\u00e4sten"},{"value":2610,"label":"Modellanpassade"},{"value":390,"label":"Installation"}],"pa_storlek-mm":[{"value":1669,"label":"\u00d8 76 mm"}]},"featured_image_src_large":["https:\/\/xenonkungen.com\/wp-content\/uploads\/2025\/04\/172256247-origpic-cda5ec-1024x768.jpg",1024,768,true],"author_info":[],"comment_info":0,"_links":{"self":[{"href":"https:\/\/xenonkungen.com\/en\/wp-json\/wp\/v2\/product\/5753","targetHints":{"allow":["GET"]}}],"collection":[{"href":"https:\/\/xenonkungen.com\/en\/wp-json\/wp\/v2\/product"}],"about":[{"href":"https:\/\/xenonkungen.com\/en\/wp-json\/wp\/v2\/types\/product"}],"replies":[{"embeddable":true,"href":"https:\/\/xenonkungen.com\/en\/wp-json\/wp\/v2\/comments?post=5753"}],"wp:featuredmedia":[{"embeddable":true,"href":"https:\/\/xenonkungen.com\/en\/wp-json\/wp\/v2\/media\/5754"}],"wp:attachment":[{"href":"https:\/\/xenonkungen.com\/en\/wp-json\/wp\/v2\/media?parent=5753"}],"wp:term":[{"taxonomy":"anvandningsomrade","embeddable":true,"href":"https:\/\/xenonkungen.com\/en\/wp-json\/wp\/v2\/anvandningsomrade?post=5753"},{"taxonomy":"bilmarken","embeddable":true,"href":"https:\/\/xenonkungen.com\/en\/wp-json\/wp\/v2\/bilmarken?post=5753"},{"taxonomy":"product_brand","embeddable":true,"href":"https:\/\/xenonkungen.com\/en\/wp-json\/wp\/v2\/product_brand?post=5753"},{"taxonomy":"product_cat","embeddable":true,"href":"https:\/\/xenonkungen.com\/en\/wp-json\/wp\/v2\/product_cat?post=5753"},{"taxonomy":"product_tag","embeddable":true,"href":"https:\/\/xenonkungen.com\/en\/wp-json\/wp\/v2\/product_tag?post=5753"}],"curies":[{"name":"wp","href":"https:\/\/api.w.org\/{rel}","templated":true}]}}