{"id":5768,"date":"2025-04-15T09:35:42","date_gmt":"2025-04-15T09:35:42","guid":{"rendered":"https:\/\/xenonkungen.com\/product\/ledriving-sl-p27-7w-rod\/"},"modified":"2026-04-24T17:34:49","modified_gmt":"2026-04-24T16:34:49","slug":"led-driving-sl-p27-7w-red","status":"publish","type":"product","link":"https:\/\/xenonkungen.com\/en\/product\/led-driving-sl-p27-7w-red\/","title":{"rendered":"LEDriving SL P27\/7W Red"},"content":{"rendered":"<p><strong>Suitable LED replacement lamp for P27\/7W<\/strong><br \/>LEDriving SL P27\/7W replacement lamps offer a modern and intense light. These replacement lamps fit all conventional P27\/7W lamp bases. Compared to regular lamps, these LED replacement lamps consume up to 80 % less energy. OSRAM provides a 4-year guarantee on these LEDriving SL lamps. <br \/>These products are not ECE-approved.<\/p>\n<p><strong>Specifications<\/strong><br \/>Max. power: 1.8 W<br \/>Volt: 12V<br \/>Luminous flux: 60\/10 lm<br \/>Socket: W2.5x16q<\/p>","protected":false},"excerpt":{"rendered":"<p>Suitable LED replacement lamp for P27\/7WLEDriving SL P27\/7W replacement lamps offer a modern and intense light. These replacement lamps fit all conventional P27\/7W lamp bases. Compared to conventional lamps, these LED replacement lamps consume up to 80% less energy. OSRAM provides a 4-year warranty on these LEDriving SL lamps. These products are not ECE approved. SpecificationsMax. power: 1.8 WVolt: 12VLuminous flux: 60\/10 lmSocket: W2.5x16q<\/p>","protected":false},"featured_media":5769,"comment_status":"closed","ping_status":"open","template":"","meta":{"_acf_changed":false,"_smort_price_nok":"214","_smort_price_dkk":"136","_smort_price_eur":"18.18","_smort_sale_price_nok":"","_smort_sale_price_dkk":"","_smort_sale_price_eur":"","smort_restorder":"","shipmondo_restorder":"","_kad_blocks_custom_css":"","_kad_blocks_head_custom_js":"","_kad_blocks_body_custom_js":"","_kad_blocks_footer_custom_js":"","smort_custom_pricelist_1":"128","smort_custom_pricelist_2":"128","smort_custom_pricelist_3":"121.6","smort_custom_pricelist_4":"160","smort_custom_pricelist_5":"128"},"anvandningsomrade":[],"bilmarken":[],"product_brand":[108],"product_cat":[338],"product_tag":[],"class_list":{"0":"post-5768","1":"product","2":"type-product","3":"status-publish","4":"has-post-thumbnail","6":"product_brand-osram","7":"product_cat-diodlampor","8":"pa_faktisk-effekts-forbrukning-780","9":"pa_lampsockel-kontakt-t25-p27-7w","10":"pa_volt-v-159","12":"first","13":"instock","14":"taxable","15":"shipping-taxable","16":"purchasable","17":"product-type-simple"},"bundled_by":[],"bundle_stock_status":"instock","bundle_stock_quantity":4,"bundle_virtual":false,"bundle_layout":"","bundle_add_to_cart_form_location":"","bundle_editable_in_cart":false,"bundle_sold_individually_context":"","bundle_item_grouping":"","bundle_min_size":"","bundle_max_size":"","bundle_price":[],"bundled_items":[],"bundle_sell_ids":[],"acf":[],"yoast_head":"<!-- This site is optimized with the Yoast SEO plugin v27.0 - https:\/\/yoast.com\/product\/yoast-seo-wordpress\/ -->\n<title>LEDriving SL P27\/7W R\u00f6d - Xenonkungen<\/title>\n<meta name=\"robots\" content=\"index, follow, max-snippet:-1, max-image-preview:large, max-video-preview:-1\" \/>\n<link rel=\"canonical\" href=\"https:\/\/xenonkungen.com\/en\/product\/led-driving-sl-p27-7w-red\/\" \/>\n<meta property=\"og:locale\" content=\"en_GB\" \/>\n<meta property=\"og:type\" content=\"article\" \/>\n<meta property=\"og:title\" content=\"LEDriving SL P27\/7W R\u00f6d - Xenonkungen\" \/>\n<meta property=\"og:description\" content=\"L\u00e4mplig LED-ers\u00e4ttningslampa f\u00f6r P27\/7WLEDriving SL P27\/7W-ers\u00e4ttningslampor erbjuder ett modernt och intensivt ljus. Dessa ers\u00e4ttningslampor passar alla konventionella P27\/7W-lampsocklar. J\u00e4mf\u00f6rt med vanliga lampor f\u00f6rbrukar dessa LED-ers\u00e4ttningslampor upp till 80 % mindre energi. OSRAM l\u00e4mnar 4 \u00e5rs garanti p\u00e5 dessa LEDriving SL-lampor. Dessa produkter \u00e4r inte ECE-godk\u00e4nda. SpecifikationerMax. effekt: 1,8 WVolt: 12VLjusfl\u00f6de: 60\/10 lmSockel: W2.5x16q\" \/>\n<meta property=\"og:url\" content=\"https:\/\/xenonkungen.com\/en\/product\/led-driving-sl-p27-7w-red\/\" \/>\n<meta property=\"og:site_name\" content=\"Xenonkungen\" \/>\n<meta property=\"article:modified_time\" content=\"2026-04-24T16:34:49+00:00\" \/>\n<meta property=\"og:image\" content=\"https:\/\/xenonkungen.com\/wp-content\/uploads\/2025\/04\/179521543-origpic-f7618b.jpg\" \/>\n\t<meta property=\"og:image:width\" content=\"691\" \/>\n\t<meta property=\"og:image:height\" content=\"1000\" \/>\n\t<meta property=\"og:image:type\" content=\"image\/jpeg\" \/>\n<meta name=\"twitter:card\" content=\"summary_large_image\" \/>\n<script type=\"application\/ld+json\" class=\"yoast-schema-graph\">{\"@context\":\"https:\/\/schema.org\",\"@graph\":[{\"@type\":\"WebPage\",\"@id\":\"https:\/\/xenonkungen.com\/produkt\/ledriving-sl-p27-7w-rod\/\",\"url\":\"https:\/\/xenonkungen.com\/produkt\/ledriving-sl-p27-7w-rod\/\",\"name\":\"LEDriving SL P27\/7W R\u00f6d - Xenonkungen\",\"isPartOf\":{\"@id\":\"https:\/\/xenonkungen.com\/#website\"},\"primaryImageOfPage\":{\"@id\":\"https:\/\/xenonkungen.com\/produkt\/ledriving-sl-p27-7w-rod\/#primaryimage\"},\"image\":{\"@id\":\"https:\/\/xenonkungen.com\/produkt\/ledriving-sl-p27-7w-rod\/#primaryimage\"},\"thumbnailUrl\":\"https:\/\/xenonkungen.com\/wp-content\/uploads\/2025\/04\/179521543-origpic-f7618b.jpg\",\"datePublished\":\"2025-04-15T09:35:42+00:00\",\"dateModified\":\"2026-04-24T16:34:49+00:00\",\"breadcrumb\":{\"@id\":\"https:\/\/xenonkungen.com\/produkt\/ledriving-sl-p27-7w-rod\/#breadcrumb\"},\"inLanguage\":\"en-GB\",\"potentialAction\":[{\"@type\":\"ReadAction\",\"target\":[\"https:\/\/xenonkungen.com\/produkt\/ledriving-sl-p27-7w-rod\/\"]}]},{\"@type\":\"ImageObject\",\"inLanguage\":\"en-GB\",\"@id\":\"https:\/\/xenonkungen.com\/produkt\/ledriving-sl-p27-7w-rod\/#primaryimage\",\"url\":\"https:\/\/xenonkungen.com\/wp-content\/uploads\/2025\/04\/179521543-origpic-f7618b.jpg\",\"contentUrl\":\"https:\/\/xenonkungen.com\/wp-content\/uploads\/2025\/04\/179521543-origpic-f7618b.jpg\",\"width\":691,\"height\":1000},{\"@type\":\"BreadcrumbList\",\"@id\":\"https:\/\/xenonkungen.com\/produkt\/ledriving-sl-p27-7w-rod\/#breadcrumb\",\"itemListElement\":[{\"@type\":\"ListItem\",\"position\":1,\"name\":\"Hem\",\"item\":\"https:\/\/xenonkungen.com\/\"},{\"@type\":\"ListItem\",\"position\":2,\"name\":\"Shop\",\"item\":\"https:\/\/xenonkungen.com\/shop\/\"},{\"@type\":\"ListItem\",\"position\":3,\"name\":\"LEDriving SL P27\/7W R\u00f6d\"}]},{\"@type\":\"WebSite\",\"@id\":\"https:\/\/xenonkungen.com\/#website\",\"url\":\"https:\/\/xenonkungen.com\/\",\"name\":\"Xenonkungen\",\"description\":\"\",\"potentialAction\":[{\"@type\":\"SearchAction\",\"target\":{\"@type\":\"EntryPoint\",\"urlTemplate\":\"https:\/\/xenonkungen.com\/?s={search_term_string}\"},\"query-input\":{\"@type\":\"PropertyValueSpecification\",\"valueRequired\":true,\"valueName\":\"search_term_string\"}}],\"inLanguage\":\"en-GB\"}]}<\/script>\n<!-- \/ Yoast SEO plugin. -->","yoast_head_json":{"title":"LEDriving SL P27\/7W Red - Xenon King","robots":{"index":"index","follow":"follow","max-snippet":"max-snippet:-1","max-image-preview":"max-image-preview:large","max-video-preview":"max-video-preview:-1"},"canonical":"https:\/\/xenonkungen.com\/en\/product\/led-driving-sl-p27-7w-red\/","og_locale":"en_GB","og_type":"article","og_title":"LEDriving SL P27\/7W R\u00f6d - Xenonkungen","og_description":"L\u00e4mplig LED-ers\u00e4ttningslampa f\u00f6r P27\/7WLEDriving SL P27\/7W-ers\u00e4ttningslampor erbjuder ett modernt och intensivt ljus. Dessa ers\u00e4ttningslampor passar alla konventionella P27\/7W-lampsocklar. J\u00e4mf\u00f6rt med vanliga lampor f\u00f6rbrukar dessa LED-ers\u00e4ttningslampor upp till 80 % mindre energi. OSRAM l\u00e4mnar 4 \u00e5rs garanti p\u00e5 dessa LEDriving SL-lampor. Dessa produkter \u00e4r inte ECE-godk\u00e4nda. SpecifikationerMax. effekt: 1,8 WVolt: 12VLjusfl\u00f6de: 60\/10 lmSockel: W2.5x16q","og_url":"https:\/\/xenonkungen.com\/en\/product\/led-driving-sl-p27-7w-red\/","og_site_name":"Xenonkungen","article_modified_time":"2026-04-24T16:34:49+00:00","og_image":[{"width":691,"height":1000,"url":"https:\/\/xenonkungen.com\/wp-content\/uploads\/2025\/04\/179521543-origpic-f7618b.jpg","type":"image\/jpeg"}],"twitter_card":"summary_large_image","schema":{"@context":"https:\/\/schema.org","@graph":[{"@type":"WebPage","@id":"https:\/\/xenonkungen.com\/produkt\/ledriving-sl-p27-7w-rod\/","url":"https:\/\/xenonkungen.com\/produkt\/ledriving-sl-p27-7w-rod\/","name":"LEDriving SL P27\/7W Red - Xenon King","isPartOf":{"@id":"https:\/\/xenonkungen.com\/#website"},"primaryImageOfPage":{"@id":"https:\/\/xenonkungen.com\/produkt\/ledriving-sl-p27-7w-rod\/#primaryimage"},"image":{"@id":"https:\/\/xenonkungen.com\/produkt\/ledriving-sl-p27-7w-rod\/#primaryimage"},"thumbnailUrl":"https:\/\/xenonkungen.com\/wp-content\/uploads\/2025\/04\/179521543-origpic-f7618b.jpg","datePublished":"2025-04-15T09:35:42+00:00","dateModified":"2026-04-24T16:34:49+00:00","breadcrumb":{"@id":"https:\/\/xenonkungen.com\/produkt\/ledriving-sl-p27-7w-rod\/#breadcrumb"},"inLanguage":"en-GB","potentialAction":[{"@type":"ReadAction","target":["https:\/\/xenonkungen.com\/produkt\/ledriving-sl-p27-7w-rod\/"]}]},{"@type":"ImageObject","inLanguage":"en-GB","@id":"https:\/\/xenonkungen.com\/produkt\/ledriving-sl-p27-7w-rod\/#primaryimage","url":"https:\/\/xenonkungen.com\/wp-content\/uploads\/2025\/04\/179521543-origpic-f7618b.jpg","contentUrl":"https:\/\/xenonkungen.com\/wp-content\/uploads\/2025\/04\/179521543-origpic-f7618b.jpg","width":691,"height":1000},{"@type":"BreadcrumbList","@id":"https:\/\/xenonkungen.com\/produkt\/ledriving-sl-p27-7w-rod\/#breadcrumb","itemListElement":[{"@type":"ListItem","position":1,"name":"Hem","item":"https:\/\/xenonkungen.com\/"},{"@type":"ListItem","position":2,"name":"Shop","item":"https:\/\/xenonkungen.com\/shop\/"},{"@type":"ListItem","position":3,"name":"LEDriving SL P27\/7W R\u00f6d"}]},{"@type":"WebSite","@id":"https:\/\/xenonkungen.com\/#website","url":"https:\/\/xenonkungen.com\/","name":"Xenonkungen","description":"","potentialAction":[{"@type":"SearchAction","target":{"@type":"EntryPoint","urlTemplate":"https:\/\/xenonkungen.com\/?s={search_term_string}"},"query-input":{"@type":"PropertyValueSpecification","valueRequired":true,"valueName":"search_term_string"}}],"inLanguage":"en-GB"}]}},"taxonomy_info":{"product_brand":[{"value":108,"label":"OSRAM"}],"product_cat":[{"value":338,"label":"Diodlampor"}],"pa_faktisk-effekts-forbrukning":[{"value":780,"label":"1,8"}],"pa_lampsockel-kontakt":[{"value":1676,"label":"T25, P27\/7W"}],"pa_volt-v":[{"value":159,"label":"12"}]},"featured_image_src_large":["https:\/\/xenonkungen.com\/wp-content\/uploads\/2025\/04\/179521543-origpic-f7618b.jpg",691,1000,false],"author_info":[],"comment_info":0,"_links":{"self":[{"href":"https:\/\/xenonkungen.com\/en\/wp-json\/wp\/v2\/product\/5768","targetHints":{"allow":["GET"]}}],"collection":[{"href":"https:\/\/xenonkungen.com\/en\/wp-json\/wp\/v2\/product"}],"about":[{"href":"https:\/\/xenonkungen.com\/en\/wp-json\/wp\/v2\/types\/product"}],"replies":[{"embeddable":true,"href":"https:\/\/xenonkungen.com\/en\/wp-json\/wp\/v2\/comments?post=5768"}],"wp:featuredmedia":[{"embeddable":true,"href":"https:\/\/xenonkungen.com\/en\/wp-json\/wp\/v2\/media\/5769"}],"wp:attachment":[{"href":"https:\/\/xenonkungen.com\/en\/wp-json\/wp\/v2\/media?parent=5768"}],"wp:term":[{"taxonomy":"anvandningsomrade","embeddable":true,"href":"https:\/\/xenonkungen.com\/en\/wp-json\/wp\/v2\/anvandningsomrade?post=5768"},{"taxonomy":"bilmarken","embeddable":true,"href":"https:\/\/xenonkungen.com\/en\/wp-json\/wp\/v2\/bilmarken?post=5768"},{"taxonomy":"product_brand","embeddable":true,"href":"https:\/\/xenonkungen.com\/en\/wp-json\/wp\/v2\/product_brand?post=5768"},{"taxonomy":"product_cat","embeddable":true,"href":"https:\/\/xenonkungen.com\/en\/wp-json\/wp\/v2\/product_cat?post=5768"},{"taxonomy":"product_tag","embeddable":true,"href":"https:\/\/xenonkungen.com\/en\/wp-json\/wp\/v2\/product_tag?post=5768"}],"curies":[{"name":"wp","href":"https:\/\/api.w.org\/{rel}","templated":true}]}}