{"id":5809,"date":"2025-04-15T09:36:01","date_gmt":"2025-04-15T09:36:01","guid":{"rendered":"https:\/\/xenonkungen.com\/product\/ledriving-ledlampa-sl-r5w-ba15s-vit\/"},"modified":"2026-04-09T15:26:39","modified_gmt":"2026-04-09T14:26:39","slug":"ledriving-led-lamp-sl-r5w-ba15s-white","status":"publish","type":"product","link":"https:\/\/xenonkungen.com\/en\/product\/ledriving-led-lamp-sl-r5w-ba15s-white\/","title":{"rendered":"LEDriving\u00ae LED lamp SL R5W | BA15S | White"},"content":{"rendered":"<p>Suitable LED replacement lamp for R5W | BA15S | 1156<\/p>\n<p>LEDriving SL R5W replacement lamps offer a modern and intense lighting experience with an impressive colour temperature of up to 6000 Kelvin. These replacement lamps are specially designed to fit perfectly in all standard R5W lampholders.<\/p>\n<p>One of the outstanding advantages of these LED replacement lamps is their energy efficiency. By utilising LED technology, they consume up to 80 % less energy compared to conventional lamps. This not only reduces the strain on your vehicle's battery, but also provides a longer life for the lamps.<\/p>\n<p>LEDriving SL R5W replacement lamps also provide an impressive lighting effect with their modern colour temperature. You can rest assured that these lamps are of high quality, and OSRAM offers a generous 4-year guarantee on the LEDriving SL lamps.<\/p>\n<p>However, please note that these products are not ECE-approved for use on public roads in exterior applications. The use of these lamps on public roads may not only lead to the withdrawal of driving licences, but may also invalidate insurance policies. It is important to respect the applicable laws and regulations in your country. The sale and use of these products may be restricted in some countries. We recommend that you contact your local dealer for more information and advice on the use of these lights.<\/p>\n<p>Electrical data:<br \/>\u2013 Maximum power: 0.5 W<br \/>- Nominal rated voltage: 12.0 V<br \/>- Nominal wattage: 0.50 W<br \/>\u2013 Power consumption tolerance: \u00b120 %<br \/>- Test voltage in volts: 13.5 V<\/p>\n<p>Photometric data:<br \/>\u2013 Luminous flux: 50 lm<br \/>- Luminous flux, tolerance: \u00b125 %<br \/>- LED light colour: Cool white<br \/>- Colour temperature: 6000 K<\/p>\n<p>Dimensions:<br \/>\u2013 Diameter: 19.0 mm<br \/>\u2013 Product weight: 9.60 g<br \/>\u2013 Length: 37.5 mm<\/p>\n<p>Life expectancy:<br \/>- Lifetime B3: 1500 h<br \/>- Lifetime Tc in hours: 4000 h<br \/>- Warranty: 4 years<\/p>\n<p>Supplementary product data:<br \/>- Base: BA15s<\/p>","protected":false},"excerpt":{"rendered":"<p>Finally, the LEDriving\u00ae LED bulb SL R5W | BA15S is available in our online store! This superior LED bulb provides a bright and efficient light that surpasses traditional bulbs. The high-quality technology guarantees a long lifespan and excellent energy efficiency. What&#039;s more, it is easy to install \u2013 you can use it in your cars, trucks, motorcycles and much more. Order the LEDDriving\u00ae LED bulb SL R5W today and discover for yourself why it is the first choice for<\/p>","protected":false},"featured_media":5810,"comment_status":"closed","ping_status":"open","template":"","meta":{"_acf_changed":false,"_smort_price_nok":"230","_smort_price_dkk":"146","_smort_price_eur":"19.54","_smort_sale_price_nok":"","_smort_sale_price_dkk":"","_smort_sale_price_eur":"","smort_restorder":"","shipmondo_restorder":"","_kad_blocks_custom_css":"","_kad_blocks_head_custom_js":"","_kad_blocks_body_custom_js":"","_kad_blocks_footer_custom_js":"","smort_custom_pricelist_1":"137.6","smort_custom_pricelist_2":"129","smort_custom_pricelist_3":"122.55","smort_custom_pricelist_4":"172","smort_custom_pricelist_5":"128.06"},"anvandningsomrade":[],"bilmarken":[],"product_brand":[108],"product_cat":[2515,338],"product_tag":[],"class_list":{"0":"post-5809","1":"product","2":"type-product","3":"status-publish","4":"has-post-thumbnail","6":"product_brand-osram","7":"product_cat-ba15s","8":"product_cat-diodlampor","9":"pa_faktisk-effekts-forbrukning-1681","10":"pa_fargtemperatur-6000k","11":"pa_lampsockel-kontakt-r5w-ba15s-1156","12":"pa_storlek-mm-1680","13":"pa_volt-v-159","15":"first","16":"instock","17":"taxable","18":"shipping-taxable","19":"purchasable","20":"product-type-simple"},"bundled_by":[],"bundle_stock_status":"instock","bundle_stock_quantity":1,"bundle_virtual":false,"bundle_layout":"","bundle_add_to_cart_form_location":"","bundle_editable_in_cart":false,"bundle_sold_individually_context":"","bundle_item_grouping":"","bundle_min_size":"","bundle_max_size":"","bundle_price":[],"bundled_items":[],"bundle_sell_ids":[],"acf":[],"yoast_head":"<!-- This site is optimized with the Yoast SEO plugin v27.0 - https:\/\/yoast.com\/product\/yoast-seo-wordpress\/ -->\n<title>LEDriving\u00ae LEDlampa SL R5W | BA15S | Vit - Xenonkungen<\/title>\n<meta name=\"robots\" content=\"index, follow, max-snippet:-1, max-image-preview:large, max-video-preview:-1\" \/>\n<link rel=\"canonical\" href=\"https:\/\/xenonkungen.com\/en\/product\/ledriving-led-lamp-sl-r5w-ba15s-white\/\" \/>\n<meta property=\"og:locale\" content=\"en_GB\" \/>\n<meta property=\"og:type\" content=\"article\" \/>\n<meta property=\"og:title\" content=\"LEDriving\u00ae LEDlampa SL R5W | BA15S | Vit - Xenonkungen\" \/>\n<meta property=\"og:description\" content=\"\u00c4ntligen \u00e4r LEDriving\u00ae LEDlampan SL R5W | BA15S tillg\u00e4nglig i v\u00e5r webbutik! Denna \u00f6verl\u00e4gsna LEDlampa ger ett starkt och effektivt ljus som \u00f6vertr\u00e4ffar traditionella lampor. Den h\u00f6gkvalitativa tekniken garanterar en l\u00e5ng livsl\u00e4ngd och utm\u00e4rkt energieffektivitet. Dessutom \u00e4r den enkel att installera - du kan anv\u00e4nda den i dina bilar, lastbilar, motorcyklar och mycket mer. Best\u00e4ll LEDDriving\u00ae LEDlampan SL R5W idag och uppt\u00e4ck sj\u00e4lv varf\u00f6r den \u00e4r f\u00f6rstavalet f\u00f6r\" \/>\n<meta property=\"og:url\" content=\"https:\/\/xenonkungen.com\/en\/product\/ledriving-led-lamp-sl-r5w-ba15s-white\/\" \/>\n<meta property=\"og:site_name\" content=\"Xenonkungen\" \/>\n<meta property=\"article:modified_time\" content=\"2026-04-09T14:26:39+00:00\" \/>\n<meta property=\"og:image\" content=\"https:\/\/xenonkungen.com\/wp-content\/uploads\/2025\/04\/201830655-origpic-6b07ee.jpg\" \/>\n\t<meta property=\"og:image:width\" content=\"691\" \/>\n\t<meta property=\"og:image:height\" content=\"1000\" \/>\n\t<meta property=\"og:image:type\" content=\"image\/jpeg\" \/>\n<meta name=\"twitter:card\" content=\"summary_large_image\" \/>\n<meta name=\"twitter:label1\" content=\"Estimated reading time\" \/>\n\t<meta name=\"twitter:data1\" content=\"2 minutes\" \/>\n<script type=\"application\/ld+json\" class=\"yoast-schema-graph\">{\"@context\":\"https:\/\/schema.org\",\"@graph\":[{\"@type\":\"WebPage\",\"@id\":\"https:\/\/xenonkungen.com\/produkt\/ledriving-ledlampa-sl-r5w-ba15s-vit\/\",\"url\":\"https:\/\/xenonkungen.com\/produkt\/ledriving-ledlampa-sl-r5w-ba15s-vit\/\",\"name\":\"LEDriving\u00ae LEDlampa SL R5W | BA15S | Vit - Xenonkungen\",\"isPartOf\":{\"@id\":\"https:\/\/xenonkungen.com\/#website\"},\"primaryImageOfPage\":{\"@id\":\"https:\/\/xenonkungen.com\/produkt\/ledriving-ledlampa-sl-r5w-ba15s-vit\/#primaryimage\"},\"image\":{\"@id\":\"https:\/\/xenonkungen.com\/produkt\/ledriving-ledlampa-sl-r5w-ba15s-vit\/#primaryimage\"},\"thumbnailUrl\":\"https:\/\/xenonkungen.com\/wp-content\/uploads\/2025\/04\/201830655-origpic-6b07ee.jpg\",\"datePublished\":\"2025-04-15T09:36:01+00:00\",\"dateModified\":\"2026-04-09T14:26:39+00:00\",\"breadcrumb\":{\"@id\":\"https:\/\/xenonkungen.com\/produkt\/ledriving-ledlampa-sl-r5w-ba15s-vit\/#breadcrumb\"},\"inLanguage\":\"en-GB\",\"potentialAction\":[{\"@type\":\"ReadAction\",\"target\":[\"https:\/\/xenonkungen.com\/produkt\/ledriving-ledlampa-sl-r5w-ba15s-vit\/\"]}]},{\"@type\":\"ImageObject\",\"inLanguage\":\"en-GB\",\"@id\":\"https:\/\/xenonkungen.com\/produkt\/ledriving-ledlampa-sl-r5w-ba15s-vit\/#primaryimage\",\"url\":\"https:\/\/xenonkungen.com\/wp-content\/uploads\/2025\/04\/201830655-origpic-6b07ee.jpg\",\"contentUrl\":\"https:\/\/xenonkungen.com\/wp-content\/uploads\/2025\/04\/201830655-origpic-6b07ee.jpg\",\"width\":691,\"height\":1000},{\"@type\":\"BreadcrumbList\",\"@id\":\"https:\/\/xenonkungen.com\/produkt\/ledriving-ledlampa-sl-r5w-ba15s-vit\/#breadcrumb\",\"itemListElement\":[{\"@type\":\"ListItem\",\"position\":1,\"name\":\"Hem\",\"item\":\"https:\/\/xenonkungen.com\/\"},{\"@type\":\"ListItem\",\"position\":2,\"name\":\"Shop\",\"item\":\"https:\/\/xenonkungen.com\/shop\/\"},{\"@type\":\"ListItem\",\"position\":3,\"name\":\"LEDriving\u00ae LEDlampa SL R5W | BA15S | Vit\"}]},{\"@type\":\"WebSite\",\"@id\":\"https:\/\/xenonkungen.com\/#website\",\"url\":\"https:\/\/xenonkungen.com\/\",\"name\":\"Xenonkungen\",\"description\":\"\",\"potentialAction\":[{\"@type\":\"SearchAction\",\"target\":{\"@type\":\"EntryPoint\",\"urlTemplate\":\"https:\/\/xenonkungen.com\/?s={search_term_string}\"},\"query-input\":{\"@type\":\"PropertyValueSpecification\",\"valueRequired\":true,\"valueName\":\"search_term_string\"}}],\"inLanguage\":\"en-GB\"}]}<\/script>\n<!-- \/ Yoast SEO plugin. -->","yoast_head_json":{"title":"LEDriving\u00ae LED lamp SL R5W | BA15S | White - The Xenon King","robots":{"index":"index","follow":"follow","max-snippet":"max-snippet:-1","max-image-preview":"max-image-preview:large","max-video-preview":"max-video-preview:-1"},"canonical":"https:\/\/xenonkungen.com\/en\/product\/ledriving-led-lamp-sl-r5w-ba15s-white\/","og_locale":"en_GB","og_type":"article","og_title":"LEDriving\u00ae LEDlampa SL R5W | BA15S | Vit - Xenonkungen","og_description":"\u00c4ntligen \u00e4r LEDriving\u00ae LEDlampan SL R5W | BA15S tillg\u00e4nglig i v\u00e5r webbutik! Denna \u00f6verl\u00e4gsna LEDlampa ger ett starkt och effektivt ljus som \u00f6vertr\u00e4ffar traditionella lampor. Den h\u00f6gkvalitativa tekniken garanterar en l\u00e5ng livsl\u00e4ngd och utm\u00e4rkt energieffektivitet. Dessutom \u00e4r den enkel att installera - du kan anv\u00e4nda den i dina bilar, lastbilar, motorcyklar och mycket mer. Best\u00e4ll LEDDriving\u00ae LEDlampan SL R5W idag och uppt\u00e4ck sj\u00e4lv varf\u00f6r den \u00e4r f\u00f6rstavalet f\u00f6r","og_url":"https:\/\/xenonkungen.com\/en\/product\/ledriving-led-lamp-sl-r5w-ba15s-white\/","og_site_name":"Xenonkungen","article_modified_time":"2026-04-09T14:26:39+00:00","og_image":[{"width":691,"height":1000,"url":"https:\/\/xenonkungen.com\/wp-content\/uploads\/2025\/04\/201830655-origpic-6b07ee.jpg","type":"image\/jpeg"}],"twitter_card":"summary_large_image","twitter_misc":{"Estimated reading time":"2 minutes"},"schema":{"@context":"https:\/\/schema.org","@graph":[{"@type":"WebPage","@id":"https:\/\/xenonkungen.com\/produkt\/ledriving-ledlampa-sl-r5w-ba15s-vit\/","url":"https:\/\/xenonkungen.com\/produkt\/ledriving-ledlampa-sl-r5w-ba15s-vit\/","name":"LEDriving\u00ae LED lamp SL R5W | BA15S | White - The Xenon King","isPartOf":{"@id":"https:\/\/xenonkungen.com\/#website"},"primaryImageOfPage":{"@id":"https:\/\/xenonkungen.com\/produkt\/ledriving-ledlampa-sl-r5w-ba15s-vit\/#primaryimage"},"image":{"@id":"https:\/\/xenonkungen.com\/produkt\/ledriving-ledlampa-sl-r5w-ba15s-vit\/#primaryimage"},"thumbnailUrl":"https:\/\/xenonkungen.com\/wp-content\/uploads\/2025\/04\/201830655-origpic-6b07ee.jpg","datePublished":"2025-04-15T09:36:01+00:00","dateModified":"2026-04-09T14:26:39+00:00","breadcrumb":{"@id":"https:\/\/xenonkungen.com\/produkt\/ledriving-ledlampa-sl-r5w-ba15s-vit\/#breadcrumb"},"inLanguage":"en-GB","potentialAction":[{"@type":"ReadAction","target":["https:\/\/xenonkungen.com\/produkt\/ledriving-ledlampa-sl-r5w-ba15s-vit\/"]}]},{"@type":"ImageObject","inLanguage":"en-GB","@id":"https:\/\/xenonkungen.com\/produkt\/ledriving-ledlampa-sl-r5w-ba15s-vit\/#primaryimage","url":"https:\/\/xenonkungen.com\/wp-content\/uploads\/2025\/04\/201830655-origpic-6b07ee.jpg","contentUrl":"https:\/\/xenonkungen.com\/wp-content\/uploads\/2025\/04\/201830655-origpic-6b07ee.jpg","width":691,"height":1000},{"@type":"BreadcrumbList","@id":"https:\/\/xenonkungen.com\/produkt\/ledriving-ledlampa-sl-r5w-ba15s-vit\/#breadcrumb","itemListElement":[{"@type":"ListItem","position":1,"name":"Hem","item":"https:\/\/xenonkungen.com\/"},{"@type":"ListItem","position":2,"name":"Shop","item":"https:\/\/xenonkungen.com\/shop\/"},{"@type":"ListItem","position":3,"name":"LEDriving\u00ae LEDlampa SL R5W | BA15S | Vit"}]},{"@type":"WebSite","@id":"https:\/\/xenonkungen.com\/#website","url":"https:\/\/xenonkungen.com\/","name":"Xenonkungen","description":"","potentialAction":[{"@type":"SearchAction","target":{"@type":"EntryPoint","urlTemplate":"https:\/\/xenonkungen.com\/?s={search_term_string}"},"query-input":{"@type":"PropertyValueSpecification","valueRequired":true,"valueName":"search_term_string"}}],"inLanguage":"en-GB"}]}},"taxonomy_info":{"product_brand":[{"value":108,"label":"OSRAM"}],"product_cat":[{"value":2515,"label":"BA15S"},{"value":338,"label":"Diodlampor"}],"pa_faktisk-effekts-forbrukning":[{"value":1681,"label":"0,5"}],"pa_fargtemperatur":[{"value":188,"label":"6000K"}],"pa_lampsockel-kontakt":[{"value":1682,"label":"R5W, BA15S, 1156"}],"pa_storlek-mm":[{"value":1680,"label":"37,5"}],"pa_volt-v":[{"value":159,"label":"12"}]},"featured_image_src_large":["https:\/\/xenonkungen.com\/wp-content\/uploads\/2025\/04\/201830655-origpic-6b07ee.jpg",691,1000,false],"author_info":[],"comment_info":3,"_links":{"self":[{"href":"https:\/\/xenonkungen.com\/en\/wp-json\/wp\/v2\/product\/5809","targetHints":{"allow":["GET"]}}],"collection":[{"href":"https:\/\/xenonkungen.com\/en\/wp-json\/wp\/v2\/product"}],"about":[{"href":"https:\/\/xenonkungen.com\/en\/wp-json\/wp\/v2\/types\/product"}],"replies":[{"embeddable":true,"href":"https:\/\/xenonkungen.com\/en\/wp-json\/wp\/v2\/comments?post=5809"}],"wp:featuredmedia":[{"embeddable":true,"href":"https:\/\/xenonkungen.com\/en\/wp-json\/wp\/v2\/media\/5810"}],"wp:attachment":[{"href":"https:\/\/xenonkungen.com\/en\/wp-json\/wp\/v2\/media?parent=5809"}],"wp:term":[{"taxonomy":"anvandningsomrade","embeddable":true,"href":"https:\/\/xenonkungen.com\/en\/wp-json\/wp\/v2\/anvandningsomrade?post=5809"},{"taxonomy":"bilmarken","embeddable":true,"href":"https:\/\/xenonkungen.com\/en\/wp-json\/wp\/v2\/bilmarken?post=5809"},{"taxonomy":"product_brand","embeddable":true,"href":"https:\/\/xenonkungen.com\/en\/wp-json\/wp\/v2\/product_brand?post=5809"},{"taxonomy":"product_cat","embeddable":true,"href":"https:\/\/xenonkungen.com\/en\/wp-json\/wp\/v2\/product_cat?post=5809"},{"taxonomy":"product_tag","embeddable":true,"href":"https:\/\/xenonkungen.com\/en\/wp-json\/wp\/v2\/product_tag?post=5809"}],"curies":[{"name":"wp","href":"https:\/\/api.w.org\/{rel}","templated":true}]}}