{"id":5906,"date":"2025-04-15T09:37:08","date_gmt":"2025-04-15T09:37:08","guid":{"rendered":"https:\/\/xenonkungen.com\/product\/night-breaker-led-smart-mc-h4\/"},"modified":"2025-12-10T14:47:10","modified_gmt":"2025-12-10T13:47:10","slug":"night-breaker-led-smart-mc-h4","status":"publish","type":"product","link":"https:\/\/xenonkungen.com\/en\/product\/night-breaker-led-smart-mc-h4\/","title":{"rendered":"NIGHT BREAKER\u00ae LED SMART | MC | H4"},"content":{"rendered":"<h2>Upgrade your car lighting with OSRAM NIGHT BREAKER LED SMART<\/h2>\n<p>LED retrofit street lights of the future. These innovative and compactly designed lights offer up to <strong>330 % more brightness<\/strong> compared to traditional halogen lamps and provide a bright, modern white light of up to <strong>6000 Kelvin<\/strong>. Perfect for those who want both style and safety on the road!<\/p>\n<ul>\n<li>Up to 330 % more light<\/li>\n<li>Street-legal and compatible with more vehicles<\/li>\n<li>Longer lifetime and lower energy consumption<\/li>\n<li>Modern white light (6000K) for better visibility<\/li>\n<li>Guarantee from OSRAM<\/li>\n<\/ul>\n<p>With up to <strong>6 times longer lifetime<\/strong> thanks to the vibration-resistant design and <strong>60 % lower energy consumption<\/strong>, you not only get better visibility but also a sustainable and more environmentally friendly solution. OSRAM NIGHT BREAKER LED SMART is compatible with even more vehicles and provides an easy upgrade from halogen to the latest LED technology - all with <strong>road approval<\/strong>.<\/p>\n<p><strong>Technical Specification<\/strong><\/p>\n<p><strong>Electrical data<br \/>\n<\/strong>- Test voltage: 13.2 V<br \/>\n\u2013 Power consumption tolerance: \u00b115 %<br \/>\n\u2013 Power consumption: 21.0 \/ 20 W<br \/>\n- Nominal voltage: 12.0 V<\/p>\n<p><strong>Photometric data<\/strong><br \/>\n- LED light colour: Cool white<br \/>\n- Colour temperature: 6000 K<br \/>\n\u2013 Nominal luminous flux: 1650\/1000 lm<br \/>\n\u2013 Luminous flux tolerance: \u00b115 %<\/p>\n<p><strong>Physical attributes &amp; dimensions<\/strong><br \/>\n\u2013 Length: 84.0 mm<br \/>\n\u2013 Product weight: 73.00 g<\/p>\n<p><strong>Lifetime data<\/strong><br \/>\n- Lifetime Tc: 3000 hours<br \/>\n- B3 lifetime: 1500 hours<\/p>\n<p><strong>Certificates &amp; standards<\/strong><br \/>\n- Standards: ABG<\/p>\n<p><strong>Guarantee<br \/>\n<\/strong>- 5 years<\/p>","protected":false},"excerpt":{"rendered":"<p>Upgrade your car lighting with OSRAM NIGHT BREAKER LED SMART, the street-legal LED retro lamps of the future. With up to 330 % more light, longer lifespan and lower energy consumption, these lamps offer both style and safety for a modern and sustainable driving experience.<\/p>","protected":false},"featured_media":5907,"comment_status":"closed","ping_status":"closed","template":"","meta":{"_acf_changed":false,"_smort_price_nok":"1490","_smort_price_dkk":"947","_smort_price_eur":"126.81","_smort_sale_price_nok":"","_smort_sale_price_dkk":"","_smort_sale_price_eur":"","smort_restorder":"","shipmondo_restorder":"","_kad_blocks_custom_css":"","_kad_blocks_head_custom_js":"","_kad_blocks_body_custom_js":"","_kad_blocks_footer_custom_js":"","smort_custom_pricelist_1":"892.8","smort_custom_pricelist_2":"781.2","smort_custom_pricelist_3":"725.4","smort_custom_pricelist_4":"1116","smort_custom_pricelist_5":"781.2"},"anvandningsomrade":[],"bilmarken":[],"product_brand":[108],"product_cat":[733],"product_tag":[],"class_list":{"0":"post-5906","1":"product","2":"type-product","3":"status-publish","4":"has-post-thumbnail","6":"product_brand-osram","7":"product_cat-halvljus-helljus","8":"pa_faktisk-effekts-forbrukning-1701","9":"pa_fargtemperatur-6000k","10":"pa_lampsockel-kontakt-h4","11":"pa_storlek-mm-1700","12":"pa_volt-v-159","14":"first","15":"instock","16":"taxable","17":"shipping-taxable","18":"purchasable","19":"product-type-simple"},"bundled_by":[],"bundle_stock_status":"instock","bundle_stock_quantity":3,"bundle_virtual":false,"bundle_layout":"","bundle_add_to_cart_form_location":"","bundle_editable_in_cart":false,"bundle_sold_individually_context":"","bundle_item_grouping":"","bundle_min_size":"","bundle_max_size":"","bundle_price":[],"bundled_items":[],"bundle_sell_ids":[],"acf":[],"yoast_head":"<!-- This site is optimized with the Yoast SEO plugin v27.0 - https:\/\/yoast.com\/product\/yoast-seo-wordpress\/ -->\n<title>NIGHT BREAKER\u00ae LED SMART | MC | H4 - Xenonkungen<\/title>\n<meta name=\"robots\" content=\"index, follow, max-snippet:-1, max-image-preview:large, max-video-preview:-1\" \/>\n<link rel=\"canonical\" href=\"https:\/\/xenonkungen.com\/en\/product\/night-breaker-led-smart-mc-h4\/\" \/>\n<meta property=\"og:locale\" content=\"en_GB\" \/>\n<meta property=\"og:type\" content=\"article\" \/>\n<meta property=\"og:title\" content=\"NIGHT BREAKER\u00ae LED SMART | MC | H4 - Xenonkungen\" \/>\n<meta property=\"og:description\" content=\"Uppgradera din bilbelysning med OSRAM NIGHT BREAKER LED SMART, framtidens gatulagliga LED-retrolampor. Med upp till 330 % mer ljus, l\u00e4ngre livsl\u00e4ngd och l\u00e4gre energif\u00f6rbrukning, erbjuder dessa lampor b\u00e5de stil och s\u00e4kerhet f\u00f6r en modern och h\u00e5llbar k\u00f6rupplevelse.\" \/>\n<meta property=\"og:url\" content=\"https:\/\/xenonkungen.com\/en\/product\/night-breaker-led-smart-mc-h4\/\" \/>\n<meta property=\"og:site_name\" content=\"Xenonkungen\" \/>\n<meta property=\"article:modified_time\" content=\"2025-12-10T13:47:10+00:00\" \/>\n<meta property=\"og:image\" content=\"https:\/\/xenonkungen.com\/wp-content\/uploads\/2025\/04\/216070835-origpic-dfdbca.jpg\" \/>\n\t<meta property=\"og:image:width\" content=\"1024\" \/>\n\t<meta property=\"og:image:height\" content=\"1024\" \/>\n\t<meta property=\"og:image:type\" content=\"image\/jpeg\" \/>\n<meta name=\"twitter:card\" content=\"summary_large_image\" \/>\n<meta name=\"twitter:label1\" content=\"Estimated reading time\" \/>\n\t<meta name=\"twitter:data1\" content=\"2 minutes\" \/>\n<script type=\"application\/ld+json\" class=\"yoast-schema-graph\">{\"@context\":\"https:\/\/schema.org\",\"@graph\":[{\"@type\":\"WebPage\",\"@id\":\"https:\/\/xenonkungen.com\/produkt\/night-breaker-led-smart-mc-h4\/\",\"url\":\"https:\/\/xenonkungen.com\/produkt\/night-breaker-led-smart-mc-h4\/\",\"name\":\"NIGHT BREAKER\u00ae LED SMART | MC | H4 - Xenonkungen\",\"isPartOf\":{\"@id\":\"https:\/\/xenonkungen.com\/#website\"},\"primaryImageOfPage\":{\"@id\":\"https:\/\/xenonkungen.com\/produkt\/night-breaker-led-smart-mc-h4\/#primaryimage\"},\"image\":{\"@id\":\"https:\/\/xenonkungen.com\/produkt\/night-breaker-led-smart-mc-h4\/#primaryimage\"},\"thumbnailUrl\":\"https:\/\/xenonkungen.com\/wp-content\/uploads\/2025\/04\/216070835-origpic-dfdbca.jpg\",\"datePublished\":\"2025-04-15T09:37:08+00:00\",\"dateModified\":\"2025-12-10T13:47:10+00:00\",\"breadcrumb\":{\"@id\":\"https:\/\/xenonkungen.com\/produkt\/night-breaker-led-smart-mc-h4\/#breadcrumb\"},\"inLanguage\":\"en-GB\",\"potentialAction\":[{\"@type\":\"ReadAction\",\"target\":[\"https:\/\/xenonkungen.com\/produkt\/night-breaker-led-smart-mc-h4\/\"]}]},{\"@type\":\"ImageObject\",\"inLanguage\":\"en-GB\",\"@id\":\"https:\/\/xenonkungen.com\/produkt\/night-breaker-led-smart-mc-h4\/#primaryimage\",\"url\":\"https:\/\/xenonkungen.com\/wp-content\/uploads\/2025\/04\/216070835-origpic-dfdbca.jpg\",\"contentUrl\":\"https:\/\/xenonkungen.com\/wp-content\/uploads\/2025\/04\/216070835-origpic-dfdbca.jpg\",\"width\":1024,\"height\":1024},{\"@type\":\"BreadcrumbList\",\"@id\":\"https:\/\/xenonkungen.com\/produkt\/night-breaker-led-smart-mc-h4\/#breadcrumb\",\"itemListElement\":[{\"@type\":\"ListItem\",\"position\":1,\"name\":\"Hem\",\"item\":\"https:\/\/xenonkungen.com\/\"},{\"@type\":\"ListItem\",\"position\":2,\"name\":\"Shop\",\"item\":\"https:\/\/xenonkungen.com\/shop\/\"},{\"@type\":\"ListItem\",\"position\":3,\"name\":\"NIGHT BREAKER\u00ae LED SMART | MC | H4\"}]},{\"@type\":\"WebSite\",\"@id\":\"https:\/\/xenonkungen.com\/#website\",\"url\":\"https:\/\/xenonkungen.com\/\",\"name\":\"Xenonkungen\",\"description\":\"\",\"potentialAction\":[{\"@type\":\"SearchAction\",\"target\":{\"@type\":\"EntryPoint\",\"urlTemplate\":\"https:\/\/xenonkungen.com\/?s={search_term_string}\"},\"query-input\":{\"@type\":\"PropertyValueSpecification\",\"valueRequired\":true,\"valueName\":\"search_term_string\"}}],\"inLanguage\":\"en-GB\"}]}<\/script>\n<!-- \/ Yoast SEO plugin. -->","yoast_head_json":{"title":"NIGHT BREAKER\u00ae LED SMART | MC | H4 - The Xenon King","robots":{"index":"index","follow":"follow","max-snippet":"max-snippet:-1","max-image-preview":"max-image-preview:large","max-video-preview":"max-video-preview:-1"},"canonical":"https:\/\/xenonkungen.com\/en\/product\/night-breaker-led-smart-mc-h4\/","og_locale":"en_GB","og_type":"article","og_title":"NIGHT BREAKER\u00ae LED SMART | MC | H4 - Xenonkungen","og_description":"Uppgradera din bilbelysning med OSRAM NIGHT BREAKER LED SMART, framtidens gatulagliga LED-retrolampor. Med upp till 330 % mer ljus, l\u00e4ngre livsl\u00e4ngd och l\u00e4gre energif\u00f6rbrukning, erbjuder dessa lampor b\u00e5de stil och s\u00e4kerhet f\u00f6r en modern och h\u00e5llbar k\u00f6rupplevelse.","og_url":"https:\/\/xenonkungen.com\/en\/product\/night-breaker-led-smart-mc-h4\/","og_site_name":"Xenonkungen","article_modified_time":"2025-12-10T13:47:10+00:00","og_image":[{"width":1024,"height":1024,"url":"https:\/\/xenonkungen.com\/wp-content\/uploads\/2025\/04\/216070835-origpic-dfdbca.jpg","type":"image\/jpeg"}],"twitter_card":"summary_large_image","twitter_misc":{"Estimated reading time":"2 minutes"},"schema":{"@context":"https:\/\/schema.org","@graph":[{"@type":"WebPage","@id":"https:\/\/xenonkungen.com\/produkt\/night-breaker-led-smart-mc-h4\/","url":"https:\/\/xenonkungen.com\/produkt\/night-breaker-led-smart-mc-h4\/","name":"NIGHT BREAKER\u00ae LED SMART | MC | H4 - The Xenon King","isPartOf":{"@id":"https:\/\/xenonkungen.com\/#website"},"primaryImageOfPage":{"@id":"https:\/\/xenonkungen.com\/produkt\/night-breaker-led-smart-mc-h4\/#primaryimage"},"image":{"@id":"https:\/\/xenonkungen.com\/produkt\/night-breaker-led-smart-mc-h4\/#primaryimage"},"thumbnailUrl":"https:\/\/xenonkungen.com\/wp-content\/uploads\/2025\/04\/216070835-origpic-dfdbca.jpg","datePublished":"2025-04-15T09:37:08+00:00","dateModified":"2025-12-10T13:47:10+00:00","breadcrumb":{"@id":"https:\/\/xenonkungen.com\/produkt\/night-breaker-led-smart-mc-h4\/#breadcrumb"},"inLanguage":"en-GB","potentialAction":[{"@type":"ReadAction","target":["https:\/\/xenonkungen.com\/produkt\/night-breaker-led-smart-mc-h4\/"]}]},{"@type":"ImageObject","inLanguage":"en-GB","@id":"https:\/\/xenonkungen.com\/produkt\/night-breaker-led-smart-mc-h4\/#primaryimage","url":"https:\/\/xenonkungen.com\/wp-content\/uploads\/2025\/04\/216070835-origpic-dfdbca.jpg","contentUrl":"https:\/\/xenonkungen.com\/wp-content\/uploads\/2025\/04\/216070835-origpic-dfdbca.jpg","width":1024,"height":1024},{"@type":"BreadcrumbList","@id":"https:\/\/xenonkungen.com\/produkt\/night-breaker-led-smart-mc-h4\/#breadcrumb","itemListElement":[{"@type":"ListItem","position":1,"name":"Hem","item":"https:\/\/xenonkungen.com\/"},{"@type":"ListItem","position":2,"name":"Shop","item":"https:\/\/xenonkungen.com\/shop\/"},{"@type":"ListItem","position":3,"name":"NIGHT BREAKER\u00ae LED SMART | MC | H4"}]},{"@type":"WebSite","@id":"https:\/\/xenonkungen.com\/#website","url":"https:\/\/xenonkungen.com\/","name":"Xenonkungen","description":"","potentialAction":[{"@type":"SearchAction","target":{"@type":"EntryPoint","urlTemplate":"https:\/\/xenonkungen.com\/?s={search_term_string}"},"query-input":{"@type":"PropertyValueSpecification","valueRequired":true,"valueName":"search_term_string"}}],"inLanguage":"en-GB"}]}},"taxonomy_info":{"product_brand":[{"value":108,"label":"OSRAM"}],"product_cat":[{"value":733,"label":"Halvljus \/ Helljus"}],"pa_faktisk-effekts-forbrukning":[{"value":1701,"label":"21"}],"pa_fargtemperatur":[{"value":188,"label":"6000K"}],"pa_lampsockel-kontakt":[{"value":340,"label":"H4"}],"pa_storlek-mm":[{"value":1700,"label":"84"}],"pa_volt-v":[{"value":159,"label":"12"}]},"featured_image_src_large":["https:\/\/xenonkungen.com\/wp-content\/uploads\/2025\/04\/216070835-origpic-dfdbca.jpg",1024,1024,false],"author_info":[],"comment_info":0,"_links":{"self":[{"href":"https:\/\/xenonkungen.com\/en\/wp-json\/wp\/v2\/product\/5906","targetHints":{"allow":["GET"]}}],"collection":[{"href":"https:\/\/xenonkungen.com\/en\/wp-json\/wp\/v2\/product"}],"about":[{"href":"https:\/\/xenonkungen.com\/en\/wp-json\/wp\/v2\/types\/product"}],"replies":[{"embeddable":true,"href":"https:\/\/xenonkungen.com\/en\/wp-json\/wp\/v2\/comments?post=5906"}],"wp:featuredmedia":[{"embeddable":true,"href":"https:\/\/xenonkungen.com\/en\/wp-json\/wp\/v2\/media\/5907"}],"wp:attachment":[{"href":"https:\/\/xenonkungen.com\/en\/wp-json\/wp\/v2\/media?parent=5906"}],"wp:term":[{"taxonomy":"anvandningsomrade","embeddable":true,"href":"https:\/\/xenonkungen.com\/en\/wp-json\/wp\/v2\/anvandningsomrade?post=5906"},{"taxonomy":"bilmarken","embeddable":true,"href":"https:\/\/xenonkungen.com\/en\/wp-json\/wp\/v2\/bilmarken?post=5906"},{"taxonomy":"product_brand","embeddable":true,"href":"https:\/\/xenonkungen.com\/en\/wp-json\/wp\/v2\/product_brand?post=5906"},{"taxonomy":"product_cat","embeddable":true,"href":"https:\/\/xenonkungen.com\/en\/wp-json\/wp\/v2\/product_cat?post=5906"},{"taxonomy":"product_tag","embeddable":true,"href":"https:\/\/xenonkungen.com\/en\/wp-json\/wp\/v2\/product_tag?post=5906"}],"curies":[{"name":"wp","href":"https:\/\/api.w.org\/{rel}","templated":true}]}}