{"id":5962,"date":"2025-04-15T09:37:46","date_gmt":"2025-04-15T09:37:46","guid":{"rendered":"https:\/\/xenonkungen.com\/product\/ledriving-street-legal-adapter-a04\/"},"modified":"2026-03-04T16:55:32","modified_gmt":"2026-03-04T15:55:32","slug":"ledriving-street-legal-adapter-a04","status":"publish","type":"product","link":"https:\/\/xenonkungen.com\/en\/product\/ledriving-street-legal-adapter-a04\/","title":{"rendered":"LEDriving\u00ae Street Legal Adapter A04"},"content":{"rendered":"<h3>LEDriving\u00ae Street Legal Adapter A04<\/h3>\n<p>Upgrade your vehicle with OSRAM's LEDriving\u00ae Street Legal Adapter A04, tailor-made for safe and efficient retrofitting of LED lamps in vehicles. With a particular focus on compatibility and ease of installation, this adapter is the ideal solution for those looking for a hassle-free transition to LED lighting while meeting current legal requirements.<\/p>\n<h4>Product information<\/h4>\n<ul>\n<li><strong>Category:<\/strong> Accessories for LED retrofitting<\/li>\n<li><strong>Technology:<\/strong> LED accessory, specially adapted for use on the streets<\/li>\n<li><strong>Diameter:<\/strong> 34.0 mm<\/li>\n<li><strong>Order number:<\/strong> 64210DA04<\/li>\n<\/ul>\n<h4>Features and benefits<\/h4>\n<ul>\n<li><strong>Easy installation:<\/strong> The mounting brackets are designed for ease of installation and are compatible with many different car models.<\/li>\n<li><strong>Full compatibility:<\/strong> The adapter is optimised to ensure full functionality with OSRAM NIGHT BREAKER LED lamps and other approved LED options that are legal for street use.<\/li>\n<li><strong>Robust construction:<\/strong> The adapter is designed to last and to ensure that the LEDs are correctly and securely mounted.<\/li>\n<\/ul>\n<h4>Quality and safety<\/h4>\n<ul>\n<li>The adapter fulfils strict quality and safety standards according to current EU regulations, ensuring safe use and long-lasting performance.<\/li>\n<li>OSRAM guarantees compatibility and performance when the LEDriving\u00ae Street Legal Adapter A04 is used with official OSRAM accessories.<\/li>\n<\/ul>\n<p>For more detailed information on installation and compatibility, please visit the OSRAM website or download the full product datasheet to access user instructions and application advice.<\/p>\n<p><strong>Fits the following cars:<\/strong><\/p>\n<p><strong>Abarth<br \/><\/strong>&#8211; 500, 595, 695 2007-2016<\/p>\n<p><strong>Fiat<\/strong><br \/>\u2013 500\/500C 2007-2016<\/p>\n<p><strong>Ford<\/strong><br \/>\u2013 Fiesta (MK8) 2017-<br \/>\u2013 Focus (MK3) Facelift 2014-2018<br \/>\u2013 Focus (MK3) Facelift 2014-2018<br \/>\u2013 Focus (MK4) 2018-<\/p>\n<p><strong>Vauxhall<\/strong><br \/>\u2013 Corsa (E) 2014-2019<br \/>\u2013 Grandland (X) 2017-2021<br \/>\u2013 Meriva (B) 2014-2017<\/p>","protected":false},"excerpt":{"rendered":"<p>LEDriving\u00ae Street Legal Adapter A04<\/p>\n<p>Upgrade your vehicle with OSRAM's LEDriving\u00ae Street Legal Adapter A04, tailor-made for safe and efficient retrofitting of LED lamps in vehicles. With a particular focus on compatibility and ease of installation, this adapter is the ideal solution for those looking for a hassle-free transition to LED lighting while meeting current legal requirements.<\/p>","protected":false},"featured_media":5963,"comment_status":"closed","ping_status":"open","template":"","meta":{"_acf_changed":false,"_smort_price_nok":"105","_smort_price_dkk":"66","_smort_price_eur":"8.91","_smort_sale_price_nok":"","_smort_sale_price_dkk":"","_smort_sale_price_eur":"","smort_restorder":"","shipmondo_restorder":"","_kad_blocks_custom_css":"","_kad_blocks_head_custom_js":"","_kad_blocks_body_custom_js":"","_kad_blocks_footer_custom_js":"","smort_custom_pricelist_1":"62.72","smort_custom_pricelist_2":"62.72","smort_custom_pricelist_3":"59.58","smort_custom_pricelist_4":"78.4","smort_custom_pricelist_5":"62.26"},"anvandningsomrade":[],"bilmarken":[],"product_brand":[108],"product_cat":[2465,733],"product_tag":[],"class_list":{"0":"post-5962","1":"product","2":"type-product","3":"status-publish","4":"has-post-thumbnail","6":"product_brand-osram","7":"product_cat-lamphallare-halvljus-helljus","8":"product_cat-halvljus-helljus","10":"first","11":"instock","12":"taxable","13":"shipping-taxable","14":"purchasable","15":"product-type-simple"},"bundled_by":[],"bundle_stock_status":"instock","bundle_stock_quantity":14,"bundle_virtual":false,"bundle_layout":"","bundle_add_to_cart_form_location":"","bundle_editable_in_cart":false,"bundle_sold_individually_context":"","bundle_item_grouping":"","bundle_min_size":"","bundle_max_size":"","bundle_price":[],"bundled_items":[],"bundle_sell_ids":[],"acf":[],"yoast_head":"<!-- This site is optimized with the Yoast SEO plugin v27.0 - https:\/\/yoast.com\/product\/yoast-seo-wordpress\/ -->\n<title>LEDriving\u00ae Street Legal Adapter A04 - Xenonkungen<\/title>\n<meta name=\"robots\" content=\"index, follow, max-snippet:-1, max-image-preview:large, max-video-preview:-1\" \/>\n<link rel=\"canonical\" href=\"https:\/\/xenonkungen.com\/en\/product\/ledriving-street-legal-adapter-a04\/\" \/>\n<meta property=\"og:locale\" content=\"en_GB\" \/>\n<meta property=\"og:type\" content=\"article\" \/>\n<meta property=\"og:title\" content=\"LEDriving\u00ae Street Legal Adapter A04 - Xenonkungen\" \/>\n<meta property=\"og:description\" content=\"LEDriving\u00ae Street Legal Adapter A04 Uppgradera ditt fordon med OSRAMs LEDriving\u00ae Street Legal Adapter A04, skr\u00e4ddarsydd f\u00f6r s\u00e4ker och effektiv eftermontering av LED-lampor i fordon. Med s\u00e4rskilt fokus p\u00e5 kompatibilitet och enkel installation, \u00e4r denna adapter den idealiska l\u00f6sningen f\u00f6r dem som s\u00f6ker en problemfri \u00f6verg\u00e5ng till LED-belysning samtidigt som de uppfyller g\u00e4llande lagkrav.\" \/>\n<meta property=\"og:url\" content=\"https:\/\/xenonkungen.com\/en\/product\/ledriving-street-legal-adapter-a04\/\" \/>\n<meta property=\"og:site_name\" content=\"Xenonkungen\" \/>\n<meta property=\"article:modified_time\" content=\"2026-03-04T15:55:32+00:00\" \/>\n<meta property=\"og:image\" content=\"https:\/\/xenonkungen.com\/wp-content\/uploads\/2025\/04\/201848003-origpic-fdddc6.jpg\" \/>\n\t<meta property=\"og:image:width\" content=\"1024\" \/>\n\t<meta property=\"og:image:height\" content=\"1024\" \/>\n\t<meta property=\"og:image:type\" content=\"image\/jpeg\" \/>\n<meta name=\"twitter:card\" content=\"summary_large_image\" \/>\n<meta name=\"twitter:label1\" content=\"Estimated reading time\" \/>\n\t<meta name=\"twitter:data1\" content=\"1 minute\" \/>\n<script type=\"application\/ld+json\" class=\"yoast-schema-graph\">{\"@context\":\"https:\/\/schema.org\",\"@graph\":[{\"@type\":\"WebPage\",\"@id\":\"https:\/\/xenonkungen.com\/produkt\/ledriving-street-legal-adapter-a04\/\",\"url\":\"https:\/\/xenonkungen.com\/produkt\/ledriving-street-legal-adapter-a04\/\",\"name\":\"LEDriving\u00ae Street Legal Adapter A04 - Xenonkungen\",\"isPartOf\":{\"@id\":\"https:\/\/xenonkungen.com\/#website\"},\"primaryImageOfPage\":{\"@id\":\"https:\/\/xenonkungen.com\/produkt\/ledriving-street-legal-adapter-a04\/#primaryimage\"},\"image\":{\"@id\":\"https:\/\/xenonkungen.com\/produkt\/ledriving-street-legal-adapter-a04\/#primaryimage\"},\"thumbnailUrl\":\"https:\/\/xenonkungen.com\/wp-content\/uploads\/2025\/04\/201848003-origpic-fdddc6.jpg\",\"datePublished\":\"2025-04-15T09:37:46+00:00\",\"dateModified\":\"2026-03-04T15:55:32+00:00\",\"breadcrumb\":{\"@id\":\"https:\/\/xenonkungen.com\/produkt\/ledriving-street-legal-adapter-a04\/#breadcrumb\"},\"inLanguage\":\"en-GB\",\"potentialAction\":[{\"@type\":\"ReadAction\",\"target\":[\"https:\/\/xenonkungen.com\/produkt\/ledriving-street-legal-adapter-a04\/\"]}]},{\"@type\":\"ImageObject\",\"inLanguage\":\"en-GB\",\"@id\":\"https:\/\/xenonkungen.com\/produkt\/ledriving-street-legal-adapter-a04\/#primaryimage\",\"url\":\"https:\/\/xenonkungen.com\/wp-content\/uploads\/2025\/04\/201848003-origpic-fdddc6.jpg\",\"contentUrl\":\"https:\/\/xenonkungen.com\/wp-content\/uploads\/2025\/04\/201848003-origpic-fdddc6.jpg\",\"width\":1024,\"height\":1024},{\"@type\":\"BreadcrumbList\",\"@id\":\"https:\/\/xenonkungen.com\/produkt\/ledriving-street-legal-adapter-a04\/#breadcrumb\",\"itemListElement\":[{\"@type\":\"ListItem\",\"position\":1,\"name\":\"Hem\",\"item\":\"https:\/\/xenonkungen.com\/\"},{\"@type\":\"ListItem\",\"position\":2,\"name\":\"Shop\",\"item\":\"https:\/\/xenonkungen.com\/shop\/\"},{\"@type\":\"ListItem\",\"position\":3,\"name\":\"LEDriving\u00ae Street Legal Adapter A04\"}]},{\"@type\":\"WebSite\",\"@id\":\"https:\/\/xenonkungen.com\/#website\",\"url\":\"https:\/\/xenonkungen.com\/\",\"name\":\"Xenonkungen\",\"description\":\"\",\"potentialAction\":[{\"@type\":\"SearchAction\",\"target\":{\"@type\":\"EntryPoint\",\"urlTemplate\":\"https:\/\/xenonkungen.com\/?s={search_term_string}\"},\"query-input\":{\"@type\":\"PropertyValueSpecification\",\"valueRequired\":true,\"valueName\":\"search_term_string\"}}],\"inLanguage\":\"en-GB\"}]}<\/script>\n<!-- \/ Yoast SEO plugin. -->","yoast_head_json":{"title":"LEDriving\u00ae Street Legal Adapter A04 - The Xenon King","robots":{"index":"index","follow":"follow","max-snippet":"max-snippet:-1","max-image-preview":"max-image-preview:large","max-video-preview":"max-video-preview:-1"},"canonical":"https:\/\/xenonkungen.com\/en\/product\/ledriving-street-legal-adapter-a04\/","og_locale":"en_GB","og_type":"article","og_title":"LEDriving\u00ae Street Legal Adapter A04 - Xenonkungen","og_description":"LEDriving\u00ae Street Legal Adapter A04 Uppgradera ditt fordon med OSRAMs LEDriving\u00ae Street Legal Adapter A04, skr\u00e4ddarsydd f\u00f6r s\u00e4ker och effektiv eftermontering av LED-lampor i fordon. Med s\u00e4rskilt fokus p\u00e5 kompatibilitet och enkel installation, \u00e4r denna adapter den idealiska l\u00f6sningen f\u00f6r dem som s\u00f6ker en problemfri \u00f6verg\u00e5ng till LED-belysning samtidigt som de uppfyller g\u00e4llande lagkrav.","og_url":"https:\/\/xenonkungen.com\/en\/product\/ledriving-street-legal-adapter-a04\/","og_site_name":"Xenonkungen","article_modified_time":"2026-03-04T15:55:32+00:00","og_image":[{"width":1024,"height":1024,"url":"https:\/\/xenonkungen.com\/wp-content\/uploads\/2025\/04\/201848003-origpic-fdddc6.jpg","type":"image\/jpeg"}],"twitter_card":"summary_large_image","twitter_misc":{"Estimated reading time":"1 minute"},"schema":{"@context":"https:\/\/schema.org","@graph":[{"@type":"WebPage","@id":"https:\/\/xenonkungen.com\/produkt\/ledriving-street-legal-adapter-a04\/","url":"https:\/\/xenonkungen.com\/produkt\/ledriving-street-legal-adapter-a04\/","name":"LEDriving\u00ae Street Legal Adapter A04 - The Xenon King","isPartOf":{"@id":"https:\/\/xenonkungen.com\/#website"},"primaryImageOfPage":{"@id":"https:\/\/xenonkungen.com\/produkt\/ledriving-street-legal-adapter-a04\/#primaryimage"},"image":{"@id":"https:\/\/xenonkungen.com\/produkt\/ledriving-street-legal-adapter-a04\/#primaryimage"},"thumbnailUrl":"https:\/\/xenonkungen.com\/wp-content\/uploads\/2025\/04\/201848003-origpic-fdddc6.jpg","datePublished":"2025-04-15T09:37:46+00:00","dateModified":"2026-03-04T15:55:32+00:00","breadcrumb":{"@id":"https:\/\/xenonkungen.com\/produkt\/ledriving-street-legal-adapter-a04\/#breadcrumb"},"inLanguage":"en-GB","potentialAction":[{"@type":"ReadAction","target":["https:\/\/xenonkungen.com\/produkt\/ledriving-street-legal-adapter-a04\/"]}]},{"@type":"ImageObject","inLanguage":"en-GB","@id":"https:\/\/xenonkungen.com\/produkt\/ledriving-street-legal-adapter-a04\/#primaryimage","url":"https:\/\/xenonkungen.com\/wp-content\/uploads\/2025\/04\/201848003-origpic-fdddc6.jpg","contentUrl":"https:\/\/xenonkungen.com\/wp-content\/uploads\/2025\/04\/201848003-origpic-fdddc6.jpg","width":1024,"height":1024},{"@type":"BreadcrumbList","@id":"https:\/\/xenonkungen.com\/produkt\/ledriving-street-legal-adapter-a04\/#breadcrumb","itemListElement":[{"@type":"ListItem","position":1,"name":"Hem","item":"https:\/\/xenonkungen.com\/"},{"@type":"ListItem","position":2,"name":"Shop","item":"https:\/\/xenonkungen.com\/shop\/"},{"@type":"ListItem","position":3,"name":"LEDriving\u00ae Street Legal Adapter A04"}]},{"@type":"WebSite","@id":"https:\/\/xenonkungen.com\/#website","url":"https:\/\/xenonkungen.com\/","name":"Xenonkungen","description":"","potentialAction":[{"@type":"SearchAction","target":{"@type":"EntryPoint","urlTemplate":"https:\/\/xenonkungen.com\/?s={search_term_string}"},"query-input":{"@type":"PropertyValueSpecification","valueRequired":true,"valueName":"search_term_string"}}],"inLanguage":"en-GB"}]}},"taxonomy_info":{"product_brand":[{"value":108,"label":"OSRAM"}],"product_cat":[{"value":2465,"label":"Lamph\u00e5llare"},{"value":733,"label":"Halvljus \/ Helljus"}]},"featured_image_src_large":["https:\/\/xenonkungen.com\/wp-content\/uploads\/2025\/04\/201848003-origpic-fdddc6.jpg",1024,1024,false],"author_info":[],"comment_info":0,"_links":{"self":[{"href":"https:\/\/xenonkungen.com\/en\/wp-json\/wp\/v2\/product\/5962","targetHints":{"allow":["GET"]}}],"collection":[{"href":"https:\/\/xenonkungen.com\/en\/wp-json\/wp\/v2\/product"}],"about":[{"href":"https:\/\/xenonkungen.com\/en\/wp-json\/wp\/v2\/types\/product"}],"replies":[{"embeddable":true,"href":"https:\/\/xenonkungen.com\/en\/wp-json\/wp\/v2\/comments?post=5962"}],"wp:featuredmedia":[{"embeddable":true,"href":"https:\/\/xenonkungen.com\/en\/wp-json\/wp\/v2\/media\/5963"}],"wp:attachment":[{"href":"https:\/\/xenonkungen.com\/en\/wp-json\/wp\/v2\/media?parent=5962"}],"wp:term":[{"taxonomy":"anvandningsomrade","embeddable":true,"href":"https:\/\/xenonkungen.com\/en\/wp-json\/wp\/v2\/anvandningsomrade?post=5962"},{"taxonomy":"bilmarken","embeddable":true,"href":"https:\/\/xenonkungen.com\/en\/wp-json\/wp\/v2\/bilmarken?post=5962"},{"taxonomy":"product_brand","embeddable":true,"href":"https:\/\/xenonkungen.com\/en\/wp-json\/wp\/v2\/product_brand?post=5962"},{"taxonomy":"product_cat","embeddable":true,"href":"https:\/\/xenonkungen.com\/en\/wp-json\/wp\/v2\/product_cat?post=5962"},{"taxonomy":"product_tag","embeddable":true,"href":"https:\/\/xenonkungen.com\/en\/wp-json\/wp\/v2\/product_tag?post=5962"}],"curies":[{"name":"wp","href":"https:\/\/api.w.org\/{rel}","templated":true}]}}