{"id":5986,"date":"2025-04-15T09:38:06","date_gmt":"2025-04-15T09:38:06","guid":{"rendered":"https:\/\/xenonkungen.com\/product\/ledriving-street-legal-adapter-a07\/"},"modified":"2026-04-24T17:36:53","modified_gmt":"2026-04-24T16:36:53","slug":"ledriving-street-legal-adapter-a07","status":"publish","type":"product","link":"https:\/\/xenonkungen.com\/en\/product\/ledriving-street-legal-adapter-a07\/","title":{"rendered":"LEDriving\u00ae Street Legal Adapter A07"},"content":{"rendered":"<h3>LEDriving Adapter 64210DA07<\/h3>\n<p>For those who want to upgrade their vehicle lighting to LED, OSRAM's LEDriving Adapter 64210DA07 offers an excellent solution. The adapter is specially designed to fit seamlessly and ensure a perfect upgrade to LED for a wide range of car models. Its mounting brackets simplify the installation process and ensure that the lights fit correctly in existing headlights.<\/p>\n<h4>Product information<\/h4>\n<ul>\n<li><strong>Category:<\/strong> Accessories for LED retrofitting<\/li>\n<li><strong>Technology:<\/strong> LED accessories<\/li>\n<li><strong>Diameter:<\/strong> 33.9 mm<\/li>\n<li><strong>Order number:<\/strong> 64210DA07<\/li>\n<\/ul>\n<h4>Features and benefits<\/h4>\n<ul>\n<li><strong>Easy installation:<\/strong> Thanks to the intuitive mounting brackets, installing the adapter is easy, saving time and reducing the complexity of the transition to LED.<\/li>\n<li><strong>Wide compatibility:<\/strong> The adapter has been tested to fit a wide range of car models. To ensure compatibility with your specific vehicle, you can easily verify this via the OSRAM website.<\/li>\n<li><strong>Sustainability and security:<\/strong> The product fulfils the strict requirements of Art. 33 of EU Regulation (EC) 1907\/2006 (REACh), which means that it is manufactured to be safe and reliable.<\/li>\n<\/ul>\n<h4>Quality and safety<\/h4>\n<ul>\n<li>LEDriving Adapter 64210DA07 contains lead (Lead, CAS No. 7439-92-1), but is safe to use according to the EU Candidate List, ensuring the safety of the user and the environment.<\/li>\n<\/ul>\n<p>For more information about the product, usage instructions and advice for specific applications, please visit the OSRAM website or download the latest version of the product datasheet to get the most up-to-date information.<\/p>\n<p><strong>Fits the following cars:<\/strong><\/p>\n<p><strong>Mercedes<br \/><\/strong>- Marco Polo Camper (W447) 2014-2019<br \/>- V-class (W447) 2014-2019<br \/>- Vito (W447) 2014-2019<\/p>\n<p><strong>VW<\/strong><br \/>- Golf 6 \/ Convertible (1K) 2008-<br \/>- Tiguan 1 (5N) Facelift 2011-2016<\/p>","protected":false},"excerpt":{"rendered":"<p>LEDriving Adapter 64210DA07 F\u00f6r de som vill uppgradera sin fordonbelysning till LED, erbjuder OSRAMs LEDriving Adapter 64210DA07 en utm\u00e4rkt l\u00f6sning. Adaptern \u00e4r speciellt konstruerad f\u00f6r att passa s\u00f6ml\u00f6st och s\u00e4kra en perfekt uppgradering till LED f\u00f6r ett brett utbud av bilmodeller. Dess monteringsf\u00e4sten f\u00f6renklar installationsprocessen och s\u00e4kerst\u00e4ller att lamporna passar korrekt i befintliga str\u00e5lkastare. Produktinformation [&hellip;]<\/p>","protected":false},"featured_media":5987,"comment_status":"closed","ping_status":"open","template":"","meta":{"_acf_changed":false,"_smort_price_nok":"105","_smort_price_dkk":"66","_smort_price_eur":"8.91","_smort_sale_price_nok":"","_smort_sale_price_dkk":"","_smort_sale_price_eur":"","smort_restorder":"","shipmondo_restorder":"","_kad_blocks_custom_css":"","_kad_blocks_head_custom_js":"","_kad_blocks_body_custom_js":"","_kad_blocks_footer_custom_js":"","smort_custom_pricelist_1":"62.72","smort_custom_pricelist_2":"62.72","smort_custom_pricelist_3":"59.58","smort_custom_pricelist_4":"78.4","smort_custom_pricelist_5":"62.26"},"anvandningsomrade":[],"bilmarken":[],"product_brand":[108],"product_cat":[2465,733],"product_tag":[],"class_list":{"0":"post-5986","1":"product","2":"type-product","3":"status-publish","4":"has-post-thumbnail","6":"product_brand-osram","7":"product_cat-lamphallare-halvljus-helljus","8":"product_cat-halvljus-helljus","10":"first","11":"instock","12":"taxable","13":"shipping-taxable","14":"purchasable","15":"product-type-simple"},"bundled_by":[],"bundle_stock_status":"instock","bundle_stock_quantity":18,"bundle_virtual":false,"bundle_layout":"","bundle_add_to_cart_form_location":"","bundle_editable_in_cart":false,"bundle_sold_individually_context":"","bundle_item_grouping":"","bundle_min_size":"","bundle_max_size":"","bundle_price":[],"bundled_items":[],"bundle_sell_ids":[],"acf":[],"yoast_head":"<!-- This site is optimized with the Yoast SEO plugin v27.0 - https:\/\/yoast.com\/product\/yoast-seo-wordpress\/ -->\n<title>LEDriving\u00ae Street Legal Adapter A07 - Xenonkungen<\/title>\n<meta name=\"robots\" content=\"index, follow, max-snippet:-1, max-image-preview:large, max-video-preview:-1\" \/>\n<link rel=\"canonical\" href=\"https:\/\/xenonkungen.com\/en\/product\/ledriving-street-legal-adapter-a07\/\" \/>\n<meta property=\"og:locale\" content=\"en_GB\" \/>\n<meta property=\"og:type\" content=\"article\" \/>\n<meta property=\"og:title\" content=\"LEDriving\u00ae Street Legal Adapter A07 - Xenonkungen\" \/>\n<meta property=\"og:description\" content=\"LEDriving Adapter 64210DA07 F\u00f6r de som vill uppgradera sin fordonbelysning till LED, erbjuder OSRAMs LEDriving Adapter 64210DA07 en utm\u00e4rkt l\u00f6sning. Adaptern \u00e4r speciellt konstruerad f\u00f6r att passa s\u00f6ml\u00f6st och s\u00e4kra en perfekt uppgradering till LED f\u00f6r ett brett utbud av bilmodeller. Dess monteringsf\u00e4sten f\u00f6renklar installationsprocessen och s\u00e4kerst\u00e4ller att lamporna passar korrekt i befintliga str\u00e5lkastare. Produktinformation [&hellip;]\" \/>\n<meta property=\"og:url\" content=\"https:\/\/xenonkungen.com\/en\/product\/ledriving-street-legal-adapter-a07\/\" \/>\n<meta property=\"og:site_name\" content=\"Xenonkungen\" \/>\n<meta property=\"article:modified_time\" content=\"2026-04-24T16:36:53+00:00\" \/>\n<meta property=\"og:image\" content=\"https:\/\/xenonkungen.com\/wp-content\/uploads\/2025\/04\/201848009-origpic-537000.jpg\" \/>\n\t<meta property=\"og:image:width\" content=\"1024\" \/>\n\t<meta property=\"og:image:height\" content=\"1024\" \/>\n\t<meta property=\"og:image:type\" content=\"image\/jpeg\" \/>\n<meta name=\"twitter:card\" content=\"summary_large_image\" \/>\n<meta name=\"twitter:label1\" content=\"Estimated reading time\" \/>\n\t<meta name=\"twitter:data1\" content=\"1 minute\" \/>\n<script type=\"application\/ld+json\" class=\"yoast-schema-graph\">{\"@context\":\"https:\/\/schema.org\",\"@graph\":[{\"@type\":\"WebPage\",\"@id\":\"https:\/\/xenonkungen.com\/produkt\/ledriving-street-legal-adapter-a07\/\",\"url\":\"https:\/\/xenonkungen.com\/produkt\/ledriving-street-legal-adapter-a07\/\",\"name\":\"LEDriving\u00ae Street Legal Adapter A07 - Xenonkungen\",\"isPartOf\":{\"@id\":\"https:\/\/xenonkungen.com\/#website\"},\"primaryImageOfPage\":{\"@id\":\"https:\/\/xenonkungen.com\/produkt\/ledriving-street-legal-adapter-a07\/#primaryimage\"},\"image\":{\"@id\":\"https:\/\/xenonkungen.com\/produkt\/ledriving-street-legal-adapter-a07\/#primaryimage\"},\"thumbnailUrl\":\"https:\/\/xenonkungen.com\/wp-content\/uploads\/2025\/04\/201848009-origpic-537000.jpg\",\"datePublished\":\"2025-04-15T09:38:06+00:00\",\"dateModified\":\"2026-04-24T16:36:53+00:00\",\"breadcrumb\":{\"@id\":\"https:\/\/xenonkungen.com\/produkt\/ledriving-street-legal-adapter-a07\/#breadcrumb\"},\"inLanguage\":\"en-GB\",\"potentialAction\":[{\"@type\":\"ReadAction\",\"target\":[\"https:\/\/xenonkungen.com\/produkt\/ledriving-street-legal-adapter-a07\/\"]}]},{\"@type\":\"ImageObject\",\"inLanguage\":\"en-GB\",\"@id\":\"https:\/\/xenonkungen.com\/produkt\/ledriving-street-legal-adapter-a07\/#primaryimage\",\"url\":\"https:\/\/xenonkungen.com\/wp-content\/uploads\/2025\/04\/201848009-origpic-537000.jpg\",\"contentUrl\":\"https:\/\/xenonkungen.com\/wp-content\/uploads\/2025\/04\/201848009-origpic-537000.jpg\",\"width\":1024,\"height\":1024},{\"@type\":\"BreadcrumbList\",\"@id\":\"https:\/\/xenonkungen.com\/produkt\/ledriving-street-legal-adapter-a07\/#breadcrumb\",\"itemListElement\":[{\"@type\":\"ListItem\",\"position\":1,\"name\":\"Hem\",\"item\":\"https:\/\/xenonkungen.com\/\"},{\"@type\":\"ListItem\",\"position\":2,\"name\":\"Shop\",\"item\":\"https:\/\/xenonkungen.com\/shop\/\"},{\"@type\":\"ListItem\",\"position\":3,\"name\":\"LEDriving\u00ae Street Legal Adapter A07\"}]},{\"@type\":\"WebSite\",\"@id\":\"https:\/\/xenonkungen.com\/#website\",\"url\":\"https:\/\/xenonkungen.com\/\",\"name\":\"Xenonkungen\",\"description\":\"\",\"potentialAction\":[{\"@type\":\"SearchAction\",\"target\":{\"@type\":\"EntryPoint\",\"urlTemplate\":\"https:\/\/xenonkungen.com\/?s={search_term_string}\"},\"query-input\":{\"@type\":\"PropertyValueSpecification\",\"valueRequired\":true,\"valueName\":\"search_term_string\"}}],\"inLanguage\":\"en-GB\"}]}<\/script>\n<!-- \/ Yoast SEO plugin. -->","yoast_head_json":{"title":"LEDriving\u00ae Street Legal Adapter A07 - The Xenon King","robots":{"index":"index","follow":"follow","max-snippet":"max-snippet:-1","max-image-preview":"max-image-preview:large","max-video-preview":"max-video-preview:-1"},"canonical":"https:\/\/xenonkungen.com\/en\/product\/ledriving-street-legal-adapter-a07\/","og_locale":"en_GB","og_type":"article","og_title":"LEDriving\u00ae Street Legal Adapter A07 - Xenonkungen","og_description":"LEDriving Adapter 64210DA07 F\u00f6r de som vill uppgradera sin fordonbelysning till LED, erbjuder OSRAMs LEDriving Adapter 64210DA07 en utm\u00e4rkt l\u00f6sning. Adaptern \u00e4r speciellt konstruerad f\u00f6r att passa s\u00f6ml\u00f6st och s\u00e4kra en perfekt uppgradering till LED f\u00f6r ett brett utbud av bilmodeller. Dess monteringsf\u00e4sten f\u00f6renklar installationsprocessen och s\u00e4kerst\u00e4ller att lamporna passar korrekt i befintliga str\u00e5lkastare. Produktinformation [&hellip;]","og_url":"https:\/\/xenonkungen.com\/en\/product\/ledriving-street-legal-adapter-a07\/","og_site_name":"Xenonkungen","article_modified_time":"2026-04-24T16:36:53+00:00","og_image":[{"width":1024,"height":1024,"url":"https:\/\/xenonkungen.com\/wp-content\/uploads\/2025\/04\/201848009-origpic-537000.jpg","type":"image\/jpeg"}],"twitter_card":"summary_large_image","twitter_misc":{"Estimated reading time":"1 minute"},"schema":{"@context":"https:\/\/schema.org","@graph":[{"@type":"WebPage","@id":"https:\/\/xenonkungen.com\/produkt\/ledriving-street-legal-adapter-a07\/","url":"https:\/\/xenonkungen.com\/produkt\/ledriving-street-legal-adapter-a07\/","name":"LEDriving\u00ae Street Legal Adapter A07 - The Xenon King","isPartOf":{"@id":"https:\/\/xenonkungen.com\/#website"},"primaryImageOfPage":{"@id":"https:\/\/xenonkungen.com\/produkt\/ledriving-street-legal-adapter-a07\/#primaryimage"},"image":{"@id":"https:\/\/xenonkungen.com\/produkt\/ledriving-street-legal-adapter-a07\/#primaryimage"},"thumbnailUrl":"https:\/\/xenonkungen.com\/wp-content\/uploads\/2025\/04\/201848009-origpic-537000.jpg","datePublished":"2025-04-15T09:38:06+00:00","dateModified":"2026-04-24T16:36:53+00:00","breadcrumb":{"@id":"https:\/\/xenonkungen.com\/produkt\/ledriving-street-legal-adapter-a07\/#breadcrumb"},"inLanguage":"en-GB","potentialAction":[{"@type":"ReadAction","target":["https:\/\/xenonkungen.com\/produkt\/ledriving-street-legal-adapter-a07\/"]}]},{"@type":"ImageObject","inLanguage":"en-GB","@id":"https:\/\/xenonkungen.com\/produkt\/ledriving-street-legal-adapter-a07\/#primaryimage","url":"https:\/\/xenonkungen.com\/wp-content\/uploads\/2025\/04\/201848009-origpic-537000.jpg","contentUrl":"https:\/\/xenonkungen.com\/wp-content\/uploads\/2025\/04\/201848009-origpic-537000.jpg","width":1024,"height":1024},{"@type":"BreadcrumbList","@id":"https:\/\/xenonkungen.com\/produkt\/ledriving-street-legal-adapter-a07\/#breadcrumb","itemListElement":[{"@type":"ListItem","position":1,"name":"Hem","item":"https:\/\/xenonkungen.com\/"},{"@type":"ListItem","position":2,"name":"Shop","item":"https:\/\/xenonkungen.com\/shop\/"},{"@type":"ListItem","position":3,"name":"LEDriving\u00ae Street Legal Adapter A07"}]},{"@type":"WebSite","@id":"https:\/\/xenonkungen.com\/#website","url":"https:\/\/xenonkungen.com\/","name":"Xenonkungen","description":"","potentialAction":[{"@type":"SearchAction","target":{"@type":"EntryPoint","urlTemplate":"https:\/\/xenonkungen.com\/?s={search_term_string}"},"query-input":{"@type":"PropertyValueSpecification","valueRequired":true,"valueName":"search_term_string"}}],"inLanguage":"en-GB"}]}},"taxonomy_info":{"product_brand":[{"value":108,"label":"OSRAM"}],"product_cat":[{"value":2465,"label":"Lamph\u00e5llare"},{"value":733,"label":"Halvljus \/ Helljus"}]},"featured_image_src_large":["https:\/\/xenonkungen.com\/wp-content\/uploads\/2025\/04\/201848009-origpic-537000.jpg",1024,1024,false],"author_info":[],"comment_info":0,"_links":{"self":[{"href":"https:\/\/xenonkungen.com\/en\/wp-json\/wp\/v2\/product\/5986","targetHints":{"allow":["GET"]}}],"collection":[{"href":"https:\/\/xenonkungen.com\/en\/wp-json\/wp\/v2\/product"}],"about":[{"href":"https:\/\/xenonkungen.com\/en\/wp-json\/wp\/v2\/types\/product"}],"replies":[{"embeddable":true,"href":"https:\/\/xenonkungen.com\/en\/wp-json\/wp\/v2\/comments?post=5986"}],"wp:featuredmedia":[{"embeddable":true,"href":"https:\/\/xenonkungen.com\/en\/wp-json\/wp\/v2\/media\/5987"}],"wp:attachment":[{"href":"https:\/\/xenonkungen.com\/en\/wp-json\/wp\/v2\/media?parent=5986"}],"wp:term":[{"taxonomy":"anvandningsomrade","embeddable":true,"href":"https:\/\/xenonkungen.com\/en\/wp-json\/wp\/v2\/anvandningsomrade?post=5986"},{"taxonomy":"bilmarken","embeddable":true,"href":"https:\/\/xenonkungen.com\/en\/wp-json\/wp\/v2\/bilmarken?post=5986"},{"taxonomy":"product_brand","embeddable":true,"href":"https:\/\/xenonkungen.com\/en\/wp-json\/wp\/v2\/product_brand?post=5986"},{"taxonomy":"product_cat","embeddable":true,"href":"https:\/\/xenonkungen.com\/en\/wp-json\/wp\/v2\/product_cat?post=5986"},{"taxonomy":"product_tag","embeddable":true,"href":"https:\/\/xenonkungen.com\/en\/wp-json\/wp\/v2\/product_tag?post=5986"}],"curies":[{"name":"wp","href":"https:\/\/api.w.org\/{rel}","templated":true}]}}