{"id":6116,"date":"2025-04-15T09:41:37","date_gmt":"2025-04-15T09:41:37","guid":{"rendered":"https:\/\/xenonkungen.com\/product\/lazer-ledrampskit-vw-t6-2016-startline-2x-triple-r750elite\/"},"modified":"2026-04-24T17:27:48","modified_gmt":"2026-04-24T16:27:48","slug":"lazer-led-ramp-kit-vw-t6-2016-startline-2x-triple-r750elite","status":"publish","type":"product","link":"https:\/\/xenonkungen.com\/en\/product\/lazer-led-ramp-kit-vw-t6-2016-startline-2x-triple-r750elite\/","title":{"rendered":"Lazer Ledrampskit VW T6 2016+ startline 2x Triple-R750Elite"},"content":{"rendered":"<h1>Optimised Lazer Lighting Kit for Your Volkswagen Transporter T6 2016+<\/h1>\n<p>Make your Volkswagen Transporter T6 2016+ more impressive and functional with our bespoke LED light kit. Equipped with 2 high performance Triple-R 750 Elite, this kit is designed to upgrade your car with the best possible lighting.<\/p>\n<p>The easy installation kit comes with everything you need for a sturdy and secure mounting that naturally integrates with your Startline front. If your car has a different front, please consider using part number LZ-159574 or LZ-159575 for the correct mounting kit.<\/p>\n<h2>Durable construction with ASA material<\/h2>\n<p>To ensure long-lasting performance and durability, we have chosen mounts made from the tough ASA material, known for its superior UV stability and resistance to both weather and chemicals. This quality solution ensures that your installation remains in top condition year after year, while you enjoy the enhanced lighting of the renowned Lazer brands - Triple-R or ST4 Evolution.<\/p>\n<h2>Contents of the package<\/h2>\n<p>Each pack contains everything you need for a simple installation:<\/p>\n<ul>\n<li>2 x Triple-R 750 Elite LED lamps<\/li>\n<li>4 x quality brackets and associated fasteners<\/li>\n<li>1 x detailed cutting guide to facilitate the assembly process<\/li>\n<li>1 x complete coupling kit<\/li>\n<li>1 x step-by-step assembly instructions<\/li>\n<\/ul>\n<p>With this LED light kit, you not only get an upgrade to your car's aesthetics, but also a marked improvement in its lighting performance, allowing for a safer and more comfortable driving experience. Invest in quality and performance with an LED light kit from Xenonkungen.se.<\/p>","protected":false},"excerpt":{"rendered":"<p>Optimerat Lazer Belysningskit f\u00f6r Din Volkswagen Transporter T6 2016+ G\u00f6r din Volkswagen Transporter T6 2016+ mer imponerande och funktionell med v\u00e5rt skr\u00e4ddarsydda ledrampskit. Utrustat med 2 stycken h\u00f6gpresterande Triple-R 750 Elite, \u00e4r detta kit designat att uppgradera din bil med b\u00e4sta m\u00f6jliga belysning. Den enkla installationen medf\u00f6ljer allt du beh\u00f6ver f\u00f6r att f\u00e5 en robust [&hellip;]<\/p>","protected":false},"featured_media":6117,"comment_status":"closed","ping_status":"open","template":"","meta":{"_acf_changed":false,"_smort_price_nok":"12283","_smort_price_dkk":"7803","_smort_price_eur":"1045.41","_smort_sale_price_nok":"","_smort_sale_price_dkk":"","_smort_sale_price_eur":"","smort_restorder":"","shipmondo_restorder":"","_kad_blocks_custom_css":"","_kad_blocks_head_custom_js":"","_kad_blocks_body_custom_js":"","_kad_blocks_footer_custom_js":"","smort_custom_pricelist_1":"7360","smort_custom_pricelist_2":"7360","smort_custom_pricelist_3":"7360","smort_custom_pricelist_4":"9200","smort_custom_pricelist_5":"7360"},"anvandningsomrade":[],"bilmarken":[],"product_brand":[1124],"product_cat":[2539,2596,1916],"product_tag":[2735],"class_list":{"0":"post-6116","1":"product","2":"type-product","3":"status-publish","4":"has-post-thumbnail","6":"product_brand-lazer","7":"product_cat-ledramper","8":"product_cat-paket","9":"product_cat-ledrampspaket","10":"product_tag-lazer","11":"pa_fargtemperatur-5000k","12":"pa_godkannande-e-godkand-ece-r112","13":"pa_led-chips-effekt-w-1616","14":"pa_stromforbrukning-72a144v","15":"pa_volt-v-multivolt-10-12-16-18-24-28-30-32","17":"first","18":"onbackorder","19":"taxable","20":"shipping-taxable","21":"purchasable","22":"product-type-simple"},"bundled_by":[],"bundle_stock_status":"onbackorder","bundle_stock_quantity":0,"bundle_virtual":false,"bundle_layout":"","bundle_add_to_cart_form_location":"","bundle_editable_in_cart":false,"bundle_sold_individually_context":"","bundle_item_grouping":"","bundle_min_size":"","bundle_max_size":"","bundle_price":[],"bundled_items":[],"bundle_sell_ids":[],"acf":[],"yoast_head":"<!-- This site is optimized with the Yoast SEO plugin v27.0 - https:\/\/yoast.com\/product\/yoast-seo-wordpress\/ -->\n<title>Lazer Ledrampskit VW T6 2016+ startline 2x Triple-R750Elite - Xenonkungen<\/title>\n<meta name=\"robots\" content=\"index, follow, max-snippet:-1, max-image-preview:large, max-video-preview:-1\" \/>\n<link rel=\"canonical\" href=\"https:\/\/xenonkungen.com\/en\/product\/lazer-led-ramp-kit-vw-t6-2016-startline-2x-triple-r750elite\/\" \/>\n<meta property=\"og:locale\" content=\"en_GB\" \/>\n<meta property=\"og:type\" content=\"article\" \/>\n<meta property=\"og:title\" content=\"Lazer Ledrampskit VW T6 2016+ startline 2x Triple-R750Elite - Xenonkungen\" \/>\n<meta property=\"og:description\" content=\"Optimerat Lazer Belysningskit f\u00f6r Din Volkswagen Transporter T6 2016+ G\u00f6r din Volkswagen Transporter T6 2016+ mer imponerande och funktionell med v\u00e5rt skr\u00e4ddarsydda ledrampskit. Utrustat med 2 stycken h\u00f6gpresterande Triple-R 750 Elite, \u00e4r detta kit designat att uppgradera din bil med b\u00e4sta m\u00f6jliga belysning. Den enkla installationen medf\u00f6ljer allt du beh\u00f6ver f\u00f6r att f\u00e5 en robust [&hellip;]\" \/>\n<meta property=\"og:url\" content=\"https:\/\/xenonkungen.com\/en\/product\/lazer-led-ramp-kit-vw-t6-2016-startline-2x-triple-r750elite\/\" \/>\n<meta property=\"og:site_name\" content=\"Xenonkungen\" \/>\n<meta property=\"article:modified_time\" content=\"2026-04-24T16:27:48+00:00\" \/>\n<meta property=\"og:image\" content=\"https:\/\/xenonkungen.com\/wp-content\/uploads\/2025\/04\/159575_itemimage_mainfront.jpg\" \/>\n\t<meta property=\"og:image:width\" content=\"2048\" \/>\n\t<meta property=\"og:image:height\" content=\"1536\" \/>\n\t<meta property=\"og:image:type\" content=\"image\/jpeg\" \/>\n<meta name=\"twitter:card\" content=\"summary_large_image\" \/>\n<meta name=\"twitter:label1\" content=\"Estimated reading time\" \/>\n\t<meta name=\"twitter:data1\" content=\"1 minute\" \/>\n<script type=\"application\/ld+json\" class=\"yoast-schema-graph\">{\"@context\":\"https:\/\/schema.org\",\"@graph\":[{\"@type\":\"WebPage\",\"@id\":\"https:\/\/xenonkungen.com\/es\/producto\/kit-de-rampa-led-laser-para-vw-t6-2016-startline-2x-triple-r750elite\/\",\"url\":\"https:\/\/xenonkungen.com\/es\/producto\/kit-de-rampa-led-laser-para-vw-t6-2016-startline-2x-triple-r750elite\/\",\"name\":\"Lazer Ledrampskit VW T6 2016+ startline 2x Triple-R750Elite - Xenonkungen\",\"isPartOf\":{\"@id\":\"https:\/\/xenonkungen.com\/#website\"},\"primaryImageOfPage\":{\"@id\":\"https:\/\/xenonkungen.com\/es\/producto\/kit-de-rampa-led-laser-para-vw-t6-2016-startline-2x-triple-r750elite\/#primaryimage\"},\"image\":{\"@id\":\"https:\/\/xenonkungen.com\/es\/producto\/kit-de-rampa-led-laser-para-vw-t6-2016-startline-2x-triple-r750elite\/#primaryimage\"},\"thumbnailUrl\":\"https:\/\/xenonkungen.com\/wp-content\/uploads\/2025\/04\/159575_itemimage_mainfront.jpg\",\"datePublished\":\"2025-04-15T09:41:37+00:00\",\"dateModified\":\"2026-04-24T16:27:48+00:00\",\"breadcrumb\":{\"@id\":\"https:\/\/xenonkungen.com\/es\/producto\/kit-de-rampa-led-laser-para-vw-t6-2016-startline-2x-triple-r750elite\/#breadcrumb\"},\"inLanguage\":\"en-GB\",\"potentialAction\":[{\"@type\":\"ReadAction\",\"target\":[\"https:\/\/xenonkungen.com\/es\/producto\/kit-de-rampa-led-laser-para-vw-t6-2016-startline-2x-triple-r750elite\/\"]}]},{\"@type\":\"ImageObject\",\"inLanguage\":\"en-GB\",\"@id\":\"https:\/\/xenonkungen.com\/es\/producto\/kit-de-rampa-led-laser-para-vw-t6-2016-startline-2x-triple-r750elite\/#primaryimage\",\"url\":\"https:\/\/xenonkungen.com\/wp-content\/uploads\/2025\/04\/159575_itemimage_mainfront.jpg\",\"contentUrl\":\"https:\/\/xenonkungen.com\/wp-content\/uploads\/2025\/04\/159575_itemimage_mainfront.jpg\",\"width\":2048,\"height\":1536},{\"@type\":\"BreadcrumbList\",\"@id\":\"https:\/\/xenonkungen.com\/es\/producto\/kit-de-rampa-led-laser-para-vw-t6-2016-startline-2x-triple-r750elite\/#breadcrumb\",\"itemListElement\":[{\"@type\":\"ListItem\",\"position\":1,\"name\":\"Hem\",\"item\":\"https:\/\/xenonkungen.com\/\"},{\"@type\":\"ListItem\",\"position\":2,\"name\":\"Shop\",\"item\":\"https:\/\/xenonkungen.com\/shop\/\"},{\"@type\":\"ListItem\",\"position\":3,\"name\":\"Lazer Ledrampskit VW T6 2016+ startline 2x Triple-R750Elite\"}]},{\"@type\":\"WebSite\",\"@id\":\"https:\/\/xenonkungen.com\/#website\",\"url\":\"https:\/\/xenonkungen.com\/\",\"name\":\"Xenonkungen\",\"description\":\"\",\"potentialAction\":[{\"@type\":\"SearchAction\",\"target\":{\"@type\":\"EntryPoint\",\"urlTemplate\":\"https:\/\/xenonkungen.com\/?s={search_term_string}\"},\"query-input\":{\"@type\":\"PropertyValueSpecification\",\"valueRequired\":true,\"valueName\":\"search_term_string\"}}],\"inLanguage\":\"en-GB\"}]}<\/script>\n<!-- \/ Yoast SEO plugin. -->","yoast_head_json":{"title":"Lazer LED ramp kit VW T6 2016+ startline 2x Triple-R750Elite - The Xenon King","robots":{"index":"index","follow":"follow","max-snippet":"max-snippet:-1","max-image-preview":"max-image-preview:large","max-video-preview":"max-video-preview:-1"},"canonical":"https:\/\/xenonkungen.com\/en\/product\/lazer-led-ramp-kit-vw-t6-2016-startline-2x-triple-r750elite\/","og_locale":"en_GB","og_type":"article","og_title":"Lazer Ledrampskit VW T6 2016+ startline 2x Triple-R750Elite - Xenonkungen","og_description":"Optimerat Lazer Belysningskit f\u00f6r Din Volkswagen Transporter T6 2016+ G\u00f6r din Volkswagen Transporter T6 2016+ mer imponerande och funktionell med v\u00e5rt skr\u00e4ddarsydda ledrampskit. Utrustat med 2 stycken h\u00f6gpresterande Triple-R 750 Elite, \u00e4r detta kit designat att uppgradera din bil med b\u00e4sta m\u00f6jliga belysning. Den enkla installationen medf\u00f6ljer allt du beh\u00f6ver f\u00f6r att f\u00e5 en robust [&hellip;]","og_url":"https:\/\/xenonkungen.com\/en\/product\/lazer-led-ramp-kit-vw-t6-2016-startline-2x-triple-r750elite\/","og_site_name":"Xenonkungen","article_modified_time":"2026-04-24T16:27:48+00:00","og_image":[{"width":2048,"height":1536,"url":"https:\/\/xenonkungen.com\/wp-content\/uploads\/2025\/04\/159575_itemimage_mainfront.jpg","type":"image\/jpeg"}],"twitter_card":"summary_large_image","twitter_misc":{"Estimated reading time":"1 minute"},"schema":{"@context":"https:\/\/schema.org","@graph":[{"@type":"WebPage","@id":"https:\/\/xenonkungen.com\/es\/producto\/kit-de-rampa-led-laser-para-vw-t6-2016-startline-2x-triple-r750elite\/","url":"https:\/\/xenonkungen.com\/es\/producto\/kit-de-rampa-led-laser-para-vw-t6-2016-startline-2x-triple-r750elite\/","name":"Lazer LED ramp kit VW T6 2016+ startline 2x Triple-R750Elite - The Xenon King","isPartOf":{"@id":"https:\/\/xenonkungen.com\/#website"},"primaryImageOfPage":{"@id":"https:\/\/xenonkungen.com\/es\/producto\/kit-de-rampa-led-laser-para-vw-t6-2016-startline-2x-triple-r750elite\/#primaryimage"},"image":{"@id":"https:\/\/xenonkungen.com\/es\/producto\/kit-de-rampa-led-laser-para-vw-t6-2016-startline-2x-triple-r750elite\/#primaryimage"},"thumbnailUrl":"https:\/\/xenonkungen.com\/wp-content\/uploads\/2025\/04\/159575_itemimage_mainfront.jpg","datePublished":"2025-04-15T09:41:37+00:00","dateModified":"2026-04-24T16:27:48+00:00","breadcrumb":{"@id":"https:\/\/xenonkungen.com\/es\/producto\/kit-de-rampa-led-laser-para-vw-t6-2016-startline-2x-triple-r750elite\/#breadcrumb"},"inLanguage":"en-GB","potentialAction":[{"@type":"ReadAction","target":["https:\/\/xenonkungen.com\/es\/producto\/kit-de-rampa-led-laser-para-vw-t6-2016-startline-2x-triple-r750elite\/"]}]},{"@type":"ImageObject","inLanguage":"en-GB","@id":"https:\/\/xenonkungen.com\/es\/producto\/kit-de-rampa-led-laser-para-vw-t6-2016-startline-2x-triple-r750elite\/#primaryimage","url":"https:\/\/xenonkungen.com\/wp-content\/uploads\/2025\/04\/159575_itemimage_mainfront.jpg","contentUrl":"https:\/\/xenonkungen.com\/wp-content\/uploads\/2025\/04\/159575_itemimage_mainfront.jpg","width":2048,"height":1536},{"@type":"BreadcrumbList","@id":"https:\/\/xenonkungen.com\/es\/producto\/kit-de-rampa-led-laser-para-vw-t6-2016-startline-2x-triple-r750elite\/#breadcrumb","itemListElement":[{"@type":"ListItem","position":1,"name":"Hem","item":"https:\/\/xenonkungen.com\/"},{"@type":"ListItem","position":2,"name":"Shop","item":"https:\/\/xenonkungen.com\/shop\/"},{"@type":"ListItem","position":3,"name":"Lazer Ledrampskit VW T6 2016+ startline 2x Triple-R750Elite"}]},{"@type":"WebSite","@id":"https:\/\/xenonkungen.com\/#website","url":"https:\/\/xenonkungen.com\/","name":"Xenonkungen","description":"","potentialAction":[{"@type":"SearchAction","target":{"@type":"EntryPoint","urlTemplate":"https:\/\/xenonkungen.com\/?s={search_term_string}"},"query-input":{"@type":"PropertyValueSpecification","valueRequired":true,"valueName":"search_term_string"}}],"inLanguage":"en-GB"}]}},"taxonomy_info":{"product_brand":[{"value":1124,"label":"Lazer"}],"product_cat":[{"value":2539,"label":"LEDRAMPER"},{"value":2596,"label":"Paket"},{"value":1916,"label":"Ledrampspaket"}],"product_tag":[{"value":2735,"label":"Lazer"}],"pa_fargtemperatur":[{"value":154,"label":"5000K"}],"pa_godkannande":[{"value":1709,"label":"E-godk\u00e4nd, ECE, R112"}],"pa_led-chips-effekt-w":[{"value":1616,"label":"104"}],"pa_stromforbrukning":[{"value":1617,"label":"7,2A@14,4V"}],"pa_volt-v":[{"value":1084,"label":"Multivolt, 10, 12, 16, 18, 24, 28, 30, 32"}]},"featured_image_src_large":["https:\/\/xenonkungen.com\/wp-content\/uploads\/2025\/04\/159575_itemimage_mainfront-1024x768.jpg",1024,768,true],"author_info":[],"comment_info":0,"_links":{"self":[{"href":"https:\/\/xenonkungen.com\/en\/wp-json\/wp\/v2\/product\/6116","targetHints":{"allow":["GET"]}}],"collection":[{"href":"https:\/\/xenonkungen.com\/en\/wp-json\/wp\/v2\/product"}],"about":[{"href":"https:\/\/xenonkungen.com\/en\/wp-json\/wp\/v2\/types\/product"}],"replies":[{"embeddable":true,"href":"https:\/\/xenonkungen.com\/en\/wp-json\/wp\/v2\/comments?post=6116"}],"wp:featuredmedia":[{"embeddable":true,"href":"https:\/\/xenonkungen.com\/en\/wp-json\/wp\/v2\/media\/6117"}],"wp:attachment":[{"href":"https:\/\/xenonkungen.com\/en\/wp-json\/wp\/v2\/media?parent=6116"}],"wp:term":[{"taxonomy":"anvandningsomrade","embeddable":true,"href":"https:\/\/xenonkungen.com\/en\/wp-json\/wp\/v2\/anvandningsomrade?post=6116"},{"taxonomy":"bilmarken","embeddable":true,"href":"https:\/\/xenonkungen.com\/en\/wp-json\/wp\/v2\/bilmarken?post=6116"},{"taxonomy":"product_brand","embeddable":true,"href":"https:\/\/xenonkungen.com\/en\/wp-json\/wp\/v2\/product_brand?post=6116"},{"taxonomy":"product_cat","embeddable":true,"href":"https:\/\/xenonkungen.com\/en\/wp-json\/wp\/v2\/product_cat?post=6116"},{"taxonomy":"product_tag","embeddable":true,"href":"https:\/\/xenonkungen.com\/en\/wp-json\/wp\/v2\/product_tag?post=6116"}],"curies":[{"name":"wp","href":"https:\/\/api.w.org\/{rel}","templated":true}]}}