{"id":6173,"date":"2025-04-15T09:43:10","date_gmt":"2025-04-15T09:43:10","guid":{"rendered":"https:\/\/xenonkungen.com\/product\/lazer-sentinel-stoldskyddskit\/"},"modified":"2026-04-25T22:08:38","modified_gmt":"2026-04-25T21:08:38","slug":"lazer-sentinel-theft-protection-kit","status":"publish","type":"product","link":"https:\/\/xenonkungen.com\/en\/product\/lazer-sentinel-theft-protection-kit\/","title":{"rendered":"Lazer Sentinel anti-theft kit"},"content":{"rendered":"<h1 class=\"page-title\"><span class=\"base\" data-ui-id=\"page-title-wrapper\">ANTI-THEFT KIT (SENTINEL)<\/span><\/h1>\n<p><span>The anti-theft kit provides additional protection against theft, offering customers greater peace of mind and security. The A2 stainless steel security screw kit is specifically designed and recommended for use with Sentinel lights (narrow or wide mounting kits). The kit comes with security brackets for the side mounting brackets and a locking nut for the M10 locking screw used to mount the bracket to the vehicle.<\/span><\/p>\n<p>Security solution to protect against theft<\/p>\n<p>Supplied with side-mounted M6 security screws and M10 lock nut<\/p>\n<p>Made of A2 stainless steel<\/p>\n<h2>Package contents:<\/h2>\n<p id=\"tw-target-text\" class=\"tw-data-text tw-text-large tw-ta\" dir=\"ltr\" data-placeholder=\"\u00d6vers\u00e4ttning\"><span class=\"Y2IQFc\">for x3 Sentinel lamps: 6x security screws <br \/>3x M10 bolt <\/p>\n<p>for x1 Sentinel lamp: <br \/>2x security screws <br \/>1x M10 bolt <\/p>\n<p>(Drill and spanner included)<\/span><\/p>","protected":false},"excerpt":{"rendered":"<p>ANTIST\u00d6LDSATS (SENTINEL) Antist\u00f6ldsats inneb\u00e4r ett extra skydd mot st\u00f6ld som erbjuder kunderna st\u00f6rre lugn och trygghet. A2-s\u00e4kerhetsskruvsatsen i rostfritt st\u00e5l \u00e4r s\u00e4rskilt utformad och rekommenderas f\u00f6r anv\u00e4ndning med Sentinel-lampor (smala eller breda monteringssatser). Satsen levereras med s\u00e4kerhetsf\u00e4sten till sidomonteringsf\u00e4stena och en l\u00e5smutter f\u00f6r M10-l\u00e5sskruven som anv\u00e4nds f\u00f6r att montera f\u00e4stet p\u00e5 fordonet. S\u00e4kerhetsl\u00f6sning som skyddar [&hellip;]<\/p>","protected":false},"featured_media":6174,"comment_status":"closed","ping_status":"open","template":"","meta":{"_acf_changed":false,"_smort_price_nok":"801","_smort_price_dkk":"509","_smort_price_eur":"68.18","_smort_sale_price_nok":"","_smort_sale_price_dkk":"","_smort_sale_price_eur":"","smort_restorder":"","shipmondo_restorder":"","_kad_blocks_custom_css":"","_kad_blocks_head_custom_js":"","_kad_blocks_body_custom_js":"","_kad_blocks_footer_custom_js":"","smort_custom_pricelist_1":"480","smort_custom_pricelist_2":"480","smort_custom_pricelist_3":"480","smort_custom_pricelist_4":"600","smort_custom_pricelist_5":"480"},"anvandningsomrade":[],"bilmarken":[],"product_brand":[1124],"product_cat":[2828,2547,2976,390],"product_tag":[2735],"class_list":{"0":"post-6173","1":"product","2":"type-product","3":"status-publish","4":"has-post-thumbnail","6":"product_brand-lazer","7":"product_cat-installation-led-ramper","8":"product_cat-stoldskydd-installation","9":"product_cat-stoldskydd-ledramper","10":"product_cat-installation","11":"product_tag-lazer","13":"first","14":"onbackorder","15":"taxable","16":"shipping-taxable","17":"purchasable","18":"product-type-simple"},"bundled_by":[],"bundle_stock_status":"onbackorder","bundle_stock_quantity":0,"bundle_virtual":false,"bundle_layout":"","bundle_add_to_cart_form_location":"","bundle_editable_in_cart":false,"bundle_sold_individually_context":"","bundle_item_grouping":"","bundle_min_size":"","bundle_max_size":"","bundle_price":[],"bundled_items":[],"bundle_sell_ids":[],"acf":[],"yoast_head":"<!-- This site is optimized with the Yoast SEO plugin v27.0 - https:\/\/yoast.com\/product\/yoast-seo-wordpress\/ -->\n<title>Lazer Sentinel st\u00f6ldskyddskit - Xenonkungen<\/title>\n<meta name=\"robots\" content=\"index, follow, max-snippet:-1, max-image-preview:large, max-video-preview:-1\" \/>\n<link rel=\"canonical\" href=\"https:\/\/xenonkungen.com\/en\/product\/lazer-sentinel-theft-protection-kit\/\" \/>\n<meta property=\"og:locale\" content=\"en_GB\" \/>\n<meta property=\"og:type\" content=\"article\" \/>\n<meta property=\"og:title\" content=\"Lazer Sentinel st\u00f6ldskyddskit - Xenonkungen\" \/>\n<meta property=\"og:description\" content=\"ANTIST\u00d6LDSATS (SENTINEL) Antist\u00f6ldsats inneb\u00e4r ett extra skydd mot st\u00f6ld som erbjuder kunderna st\u00f6rre lugn och trygghet. A2-s\u00e4kerhetsskruvsatsen i rostfritt st\u00e5l \u00e4r s\u00e4rskilt utformad och rekommenderas f\u00f6r anv\u00e4ndning med Sentinel-lampor (smala eller breda monteringssatser). Satsen levereras med s\u00e4kerhetsf\u00e4sten till sidomonteringsf\u00e4stena och en l\u00e5smutter f\u00f6r M10-l\u00e5sskruven som anv\u00e4nds f\u00f6r att montera f\u00e4stet p\u00e5 fordonet. S\u00e4kerhetsl\u00f6sning som skyddar [&hellip;]\" \/>\n<meta property=\"og:url\" content=\"https:\/\/xenonkungen.com\/en\/product\/lazer-sentinel-theft-protection-kit\/\" \/>\n<meta property=\"og:site_name\" content=\"Xenonkungen\" \/>\n<meta property=\"article:modified_time\" content=\"2026-04-25T21:08:38+00:00\" \/>\n<meta property=\"og:image\" content=\"https:\/\/xenonkungen.com\/wp-content\/uploads\/2025\/04\/159608_itemimage_mainfront.jpg\" \/>\n\t<meta property=\"og:image:width\" content=\"2048\" \/>\n\t<meta property=\"og:image:height\" content=\"1536\" \/>\n\t<meta property=\"og:image:type\" content=\"image\/jpeg\" \/>\n<meta name=\"twitter:card\" content=\"summary_large_image\" \/>\n<meta name=\"twitter:label1\" content=\"Estimated reading time\" \/>\n\t<meta name=\"twitter:data1\" content=\"1 minute\" \/>\n<script type=\"application\/ld+json\" class=\"yoast-schema-graph\">{\"@context\":\"https:\/\/schema.org\",\"@graph\":[{\"@type\":\"WebPage\",\"@id\":\"https:\/\/xenonkungen.com\/produkt\/lazer-sentinel-stoldskyddskit\/\",\"url\":\"https:\/\/xenonkungen.com\/produkt\/lazer-sentinel-stoldskyddskit\/\",\"name\":\"Lazer Sentinel st\u00f6ldskyddskit - Xenonkungen\",\"isPartOf\":{\"@id\":\"https:\/\/xenonkungen.com\/#website\"},\"primaryImageOfPage\":{\"@id\":\"https:\/\/xenonkungen.com\/produkt\/lazer-sentinel-stoldskyddskit\/#primaryimage\"},\"image\":{\"@id\":\"https:\/\/xenonkungen.com\/produkt\/lazer-sentinel-stoldskyddskit\/#primaryimage\"},\"thumbnailUrl\":\"https:\/\/xenonkungen.com\/wp-content\/uploads\/2025\/04\/159608_itemimage_mainfront.jpg\",\"datePublished\":\"2025-04-15T09:43:10+00:00\",\"dateModified\":\"2026-04-25T21:08:38+00:00\",\"breadcrumb\":{\"@id\":\"https:\/\/xenonkungen.com\/produkt\/lazer-sentinel-stoldskyddskit\/#breadcrumb\"},\"inLanguage\":\"en-GB\",\"potentialAction\":[{\"@type\":\"ReadAction\",\"target\":[\"https:\/\/xenonkungen.com\/produkt\/lazer-sentinel-stoldskyddskit\/\"]}]},{\"@type\":\"ImageObject\",\"inLanguage\":\"en-GB\",\"@id\":\"https:\/\/xenonkungen.com\/produkt\/lazer-sentinel-stoldskyddskit\/#primaryimage\",\"url\":\"https:\/\/xenonkungen.com\/wp-content\/uploads\/2025\/04\/159608_itemimage_mainfront.jpg\",\"contentUrl\":\"https:\/\/xenonkungen.com\/wp-content\/uploads\/2025\/04\/159608_itemimage_mainfront.jpg\",\"width\":2048,\"height\":1536},{\"@type\":\"BreadcrumbList\",\"@id\":\"https:\/\/xenonkungen.com\/produkt\/lazer-sentinel-stoldskyddskit\/#breadcrumb\",\"itemListElement\":[{\"@type\":\"ListItem\",\"position\":1,\"name\":\"Hem\",\"item\":\"https:\/\/xenonkungen.com\/\"},{\"@type\":\"ListItem\",\"position\":2,\"name\":\"Shop\",\"item\":\"https:\/\/xenonkungen.com\/shop\/\"},{\"@type\":\"ListItem\",\"position\":3,\"name\":\"Lazer Sentinel st\u00f6ldskyddskit\"}]},{\"@type\":\"WebSite\",\"@id\":\"https:\/\/xenonkungen.com\/#website\",\"url\":\"https:\/\/xenonkungen.com\/\",\"name\":\"Xenonkungen\",\"description\":\"\",\"potentialAction\":[{\"@type\":\"SearchAction\",\"target\":{\"@type\":\"EntryPoint\",\"urlTemplate\":\"https:\/\/xenonkungen.com\/?s={search_term_string}\"},\"query-input\":{\"@type\":\"PropertyValueSpecification\",\"valueRequired\":true,\"valueName\":\"search_term_string\"}}],\"inLanguage\":\"en-GB\"}]}<\/script>\n<!-- \/ Yoast SEO plugin. -->","yoast_head_json":{"title":"Lazer Sentinel anti-theft kit - Xenonkungen","robots":{"index":"index","follow":"follow","max-snippet":"max-snippet:-1","max-image-preview":"max-image-preview:large","max-video-preview":"max-video-preview:-1"},"canonical":"https:\/\/xenonkungen.com\/en\/product\/lazer-sentinel-theft-protection-kit\/","og_locale":"en_GB","og_type":"article","og_title":"Lazer Sentinel st\u00f6ldskyddskit - Xenonkungen","og_description":"ANTIST\u00d6LDSATS (SENTINEL) Antist\u00f6ldsats inneb\u00e4r ett extra skydd mot st\u00f6ld som erbjuder kunderna st\u00f6rre lugn och trygghet. A2-s\u00e4kerhetsskruvsatsen i rostfritt st\u00e5l \u00e4r s\u00e4rskilt utformad och rekommenderas f\u00f6r anv\u00e4ndning med Sentinel-lampor (smala eller breda monteringssatser). Satsen levereras med s\u00e4kerhetsf\u00e4sten till sidomonteringsf\u00e4stena och en l\u00e5smutter f\u00f6r M10-l\u00e5sskruven som anv\u00e4nds f\u00f6r att montera f\u00e4stet p\u00e5 fordonet. S\u00e4kerhetsl\u00f6sning som skyddar [&hellip;]","og_url":"https:\/\/xenonkungen.com\/en\/product\/lazer-sentinel-theft-protection-kit\/","og_site_name":"Xenonkungen","article_modified_time":"2026-04-25T21:08:38+00:00","og_image":[{"width":2048,"height":1536,"url":"https:\/\/xenonkungen.com\/wp-content\/uploads\/2025\/04\/159608_itemimage_mainfront.jpg","type":"image\/jpeg"}],"twitter_card":"summary_large_image","twitter_misc":{"Estimated reading time":"1 minute"},"schema":{"@context":"https:\/\/schema.org","@graph":[{"@type":"WebPage","@id":"https:\/\/xenonkungen.com\/produkt\/lazer-sentinel-stoldskyddskit\/","url":"https:\/\/xenonkungen.com\/produkt\/lazer-sentinel-stoldskyddskit\/","name":"Lazer Sentinel anti-theft kit - Xenonkungen","isPartOf":{"@id":"https:\/\/xenonkungen.com\/#website"},"primaryImageOfPage":{"@id":"https:\/\/xenonkungen.com\/produkt\/lazer-sentinel-stoldskyddskit\/#primaryimage"},"image":{"@id":"https:\/\/xenonkungen.com\/produkt\/lazer-sentinel-stoldskyddskit\/#primaryimage"},"thumbnailUrl":"https:\/\/xenonkungen.com\/wp-content\/uploads\/2025\/04\/159608_itemimage_mainfront.jpg","datePublished":"2025-04-15T09:43:10+00:00","dateModified":"2026-04-25T21:08:38+00:00","breadcrumb":{"@id":"https:\/\/xenonkungen.com\/produkt\/lazer-sentinel-stoldskyddskit\/#breadcrumb"},"inLanguage":"en-GB","potentialAction":[{"@type":"ReadAction","target":["https:\/\/xenonkungen.com\/produkt\/lazer-sentinel-stoldskyddskit\/"]}]},{"@type":"ImageObject","inLanguage":"en-GB","@id":"https:\/\/xenonkungen.com\/produkt\/lazer-sentinel-stoldskyddskit\/#primaryimage","url":"https:\/\/xenonkungen.com\/wp-content\/uploads\/2025\/04\/159608_itemimage_mainfront.jpg","contentUrl":"https:\/\/xenonkungen.com\/wp-content\/uploads\/2025\/04\/159608_itemimage_mainfront.jpg","width":2048,"height":1536},{"@type":"BreadcrumbList","@id":"https:\/\/xenonkungen.com\/produkt\/lazer-sentinel-stoldskyddskit\/#breadcrumb","itemListElement":[{"@type":"ListItem","position":1,"name":"Hem","item":"https:\/\/xenonkungen.com\/"},{"@type":"ListItem","position":2,"name":"Shop","item":"https:\/\/xenonkungen.com\/shop\/"},{"@type":"ListItem","position":3,"name":"Lazer Sentinel st\u00f6ldskyddskit"}]},{"@type":"WebSite","@id":"https:\/\/xenonkungen.com\/#website","url":"https:\/\/xenonkungen.com\/","name":"Xenonkungen","description":"","potentialAction":[{"@type":"SearchAction","target":{"@type":"EntryPoint","urlTemplate":"https:\/\/xenonkungen.com\/?s={search_term_string}"},"query-input":{"@type":"PropertyValueSpecification","valueRequired":true,"valueName":"search_term_string"}}],"inLanguage":"en-GB"}]}},"taxonomy_info":{"product_brand":[{"value":1124,"label":"Lazer"}],"product_cat":[{"value":2828,"label":"Installation LED-ramper"},{"value":2547,"label":"St\u00f6ldskydd"},{"value":2976,"label":"St\u00f6ldskydd"},{"value":390,"label":"Installation"}],"product_tag":[{"value":2735,"label":"Lazer"}]},"featured_image_src_large":["https:\/\/xenonkungen.com\/wp-content\/uploads\/2025\/04\/159608_itemimage_mainfront-1024x768.jpg",1024,768,true],"author_info":[],"comment_info":0,"_links":{"self":[{"href":"https:\/\/xenonkungen.com\/en\/wp-json\/wp\/v2\/product\/6173","targetHints":{"allow":["GET"]}}],"collection":[{"href":"https:\/\/xenonkungen.com\/en\/wp-json\/wp\/v2\/product"}],"about":[{"href":"https:\/\/xenonkungen.com\/en\/wp-json\/wp\/v2\/types\/product"}],"replies":[{"embeddable":true,"href":"https:\/\/xenonkungen.com\/en\/wp-json\/wp\/v2\/comments?post=6173"}],"wp:featuredmedia":[{"embeddable":true,"href":"https:\/\/xenonkungen.com\/en\/wp-json\/wp\/v2\/media\/6174"}],"wp:attachment":[{"href":"https:\/\/xenonkungen.com\/en\/wp-json\/wp\/v2\/media?parent=6173"}],"wp:term":[{"taxonomy":"anvandningsomrade","embeddable":true,"href":"https:\/\/xenonkungen.com\/en\/wp-json\/wp\/v2\/anvandningsomrade?post=6173"},{"taxonomy":"bilmarken","embeddable":true,"href":"https:\/\/xenonkungen.com\/en\/wp-json\/wp\/v2\/bilmarken?post=6173"},{"taxonomy":"product_brand","embeddable":true,"href":"https:\/\/xenonkungen.com\/en\/wp-json\/wp\/v2\/product_brand?post=6173"},{"taxonomy":"product_cat","embeddable":true,"href":"https:\/\/xenonkungen.com\/en\/wp-json\/wp\/v2\/product_cat?post=6173"},{"taxonomy":"product_tag","embeddable":true,"href":"https:\/\/xenonkungen.com\/en\/wp-json\/wp\/v2\/product_tag?post=6173"}],"curies":[{"name":"wp","href":"https:\/\/api.w.org\/{rel}","templated":true}]}}