{"id":6297,"date":"2025-04-15T09:44:53","date_gmt":"2025-04-15T09:44:53","guid":{"rendered":"https:\/\/xenonkungen.com\/product\/lazer-linear-6-led-ramp-232mm\/"},"modified":"2026-03-25T14:30:28","modified_gmt":"2026-03-25T13:30:28","slug":"lazer-linear-6-led-ramp-232mm","status":"publish","type":"product","link":"https:\/\/xenonkungen.com\/en\/product\/lazer-linear-6-led-ramp-232mm\/","title":{"rendered":"Lazer Linear-6 led ramp | 232mm"},"content":{"rendered":"<h1>Linear - High-quality Lazer auxiliary light bars for everyday use<\/h1>\n<p>Explore Lazer's premium range of auxiliary light bars, Linear, available in Standard and Elite versions. The Linear range combines the absolute best light performance with a slim and aerodynamic design.<\/p>\n<p>Installation of the ramps is simple with the stainless steel brackets supplied and they deliver outstanding lighting on the roads.<\/p>\n<p>Available in six different lengths between 232 and 1282 mm, the Linear Standard has a compact design with only 40 mm in height and 62 mm in depth, making it ideal for installation even in tight spaces.<\/p>\n<p>Each ramp is equipped with a series of high-quality 3 W LEDs behind an unbreakable polycarbonate lens. The lens is additionally surface treated to effectively repel snow and dirt that can affect the light output.<\/p>\n<p>The lightweight aluminium lamp housing, together with the slim dimensions, keeps the weight of the ramps to a minimum while the aerodynamic design allows them to blend in optimally, whether you choose to mount them at the front or on the roof of the car.<\/p>\n<p>The Linear Standard is a ramp that will perform reliably for a long time to come!<\/p>\n<p>With a 5-year functional warranty, you can rest assured that the Lazer Linear Standard is a reliable and high-performing auxiliary lightbar that will provide you with excellent lighting for a long time to come!<\/p>","protected":false},"excerpt":{"rendered":"<p>Linear &#8211; H\u00f6gklassiga extraljusrampar fr\u00e5n Lazer f\u00f6r dagligt bruk Utforska Lazers h\u00f6gklassiga serie av extraljusrampar, Linear, som finns tillg\u00e4ngliga i Standard- och Elite-versioner. Linear-serien kombinerar absolut b\u00e4sta ljusprestanda med en slank och aerodynamisk design. Installationen av ramparna \u00e4r enkel med de medf\u00f6ljande rostfria st\u00e5lbeslagen och de levererar enast\u00e5ende belysning p\u00e5 v\u00e4garna. Linear Standard finns i [&hellip;]<\/p>","protected":false},"featured_media":6298,"comment_status":"closed","ping_status":"open","template":"","meta":{"_acf_changed":false,"_smort_price_nok":"2991","_smort_price_dkk":"1900","_smort_price_eur":"254.53","_smort_sale_price_nok":"","_smort_sale_price_dkk":"","_smort_sale_price_eur":"","smort_restorder":"","shipmondo_restorder":"","_kad_blocks_custom_css":"","_kad_blocks_head_custom_js":"","_kad_blocks_body_custom_js":"","_kad_blocks_footer_custom_js":"","smort_custom_pricelist_1":"1792","smort_custom_pricelist_2":"1792","smort_custom_pricelist_3":"1792","smort_custom_pricelist_4":"2240","smort_custom_pricelist_5":"1792"},"anvandningsomrade":[],"bilmarken":[],"product_brand":[1124],"product_cat":[2561,2966,2539,2166],"product_tag":[2735],"class_list":{"0":"post-6297","1":"product","2":"type-product","3":"status-publish","4":"has-post-thumbnail","6":"product_brand-lazer","7":"product_cat-lazer","8":"product_cat-ledramp-rak","9":"product_cat-ledramper","10":"product_cat-lazer-linear","11":"product_tag-lazer","12":"pa_fargtemperatur-5000k","13":"pa_fuktskydd-varde-ipxx-ip68","14":"pa_godkannande-e-godkand-ece-r112","15":"pa_lampsockel-kontakt-superseal","16":"pa_led-chips-effekt-w-749","17":"pa_storlek-mm-232x40x62","18":"pa_stromforbrukning-15a144v","19":"pa_volt-v-multivolt-10-12-16-18-24-28-30-32","21":"first","22":"onbackorder","23":"taxable","24":"shipping-taxable","25":"purchasable","26":"product-type-simple"},"bundled_by":[],"bundle_stock_status":"onbackorder","bundle_stock_quantity":0,"bundle_virtual":false,"bundle_layout":"","bundle_add_to_cart_form_location":"","bundle_editable_in_cart":false,"bundle_sold_individually_context":"","bundle_item_grouping":"","bundle_min_size":"","bundle_max_size":"","bundle_price":[],"bundled_items":[],"bundle_sell_ids":[],"acf":[],"yoast_head":"<!-- This site is optimized with the Yoast SEO plugin v27.0 - https:\/\/yoast.com\/product\/yoast-seo-wordpress\/ -->\n<title>Lazer Linear-6 led-ramp | 232mm - Xenonkungen<\/title>\n<meta name=\"robots\" content=\"index, follow, max-snippet:-1, max-image-preview:large, max-video-preview:-1\" \/>\n<link rel=\"canonical\" href=\"https:\/\/xenonkungen.com\/en\/product\/lazer-linear-6-led-ramp-232mm\/\" \/>\n<meta property=\"og:locale\" content=\"en_GB\" \/>\n<meta property=\"og:type\" content=\"article\" \/>\n<meta property=\"og:title\" content=\"Lazer Linear-6 led-ramp | 232mm - Xenonkungen\" \/>\n<meta property=\"og:description\" content=\"Linear &#8211; H\u00f6gklassiga extraljusrampar fr\u00e5n Lazer f\u00f6r dagligt bruk Utforska Lazers h\u00f6gklassiga serie av extraljusrampar, Linear, som finns tillg\u00e4ngliga i Standard- och Elite-versioner. Linear-serien kombinerar absolut b\u00e4sta ljusprestanda med en slank och aerodynamisk design. Installationen av ramparna \u00e4r enkel med de medf\u00f6ljande rostfria st\u00e5lbeslagen och de levererar enast\u00e5ende belysning p\u00e5 v\u00e4garna. Linear Standard finns i [&hellip;]\" \/>\n<meta property=\"og:url\" content=\"https:\/\/xenonkungen.com\/en\/product\/lazer-linear-6-led-ramp-232mm\/\" \/>\n<meta property=\"og:site_name\" content=\"Xenonkungen\" \/>\n<meta property=\"article:modified_time\" content=\"2026-03-25T13:30:28+00:00\" \/>\n<meta property=\"og:image\" content=\"https:\/\/xenonkungen.com\/wp-content\/uploads\/2025\/04\/188148709-origpic-b54213.jpg\" \/>\n\t<meta property=\"og:image:width\" content=\"1000\" \/>\n\t<meta property=\"og:image:height\" content=\"750\" \/>\n\t<meta property=\"og:image:type\" content=\"image\/jpeg\" \/>\n<meta name=\"twitter:card\" content=\"summary_large_image\" \/>\n<meta name=\"twitter:label1\" content=\"Estimated reading time\" \/>\n\t<meta name=\"twitter:data1\" content=\"1 minute\" \/>\n<script type=\"application\/ld+json\" class=\"yoast-schema-graph\">{\"@context\":\"https:\/\/schema.org\",\"@graph\":[{\"@type\":\"WebPage\",\"@id\":\"https:\/\/xenonkungen.com\/dk\/vare\/lazer-lineaer-6-led-rampe-232-mm\/\",\"url\":\"https:\/\/xenonkungen.com\/dk\/vare\/lazer-lineaer-6-led-rampe-232-mm\/\",\"name\":\"Lazer Linear-6 led-ramp | 232mm - Xenonkungen\",\"isPartOf\":{\"@id\":\"https:\/\/xenonkungen.com\/#website\"},\"primaryImageOfPage\":{\"@id\":\"https:\/\/xenonkungen.com\/dk\/vare\/lazer-lineaer-6-led-rampe-232-mm\/#primaryimage\"},\"image\":{\"@id\":\"https:\/\/xenonkungen.com\/dk\/vare\/lazer-lineaer-6-led-rampe-232-mm\/#primaryimage\"},\"thumbnailUrl\":\"https:\/\/xenonkungen.com\/wp-content\/uploads\/2025\/04\/188148709-origpic-b54213.jpg\",\"datePublished\":\"2025-04-15T09:44:53+00:00\",\"dateModified\":\"2026-03-25T13:30:28+00:00\",\"breadcrumb\":{\"@id\":\"https:\/\/xenonkungen.com\/dk\/vare\/lazer-lineaer-6-led-rampe-232-mm\/#breadcrumb\"},\"inLanguage\":\"en-GB\",\"potentialAction\":[{\"@type\":\"ReadAction\",\"target\":[\"https:\/\/xenonkungen.com\/dk\/vare\/lazer-lineaer-6-led-rampe-232-mm\/\"]}]},{\"@type\":\"ImageObject\",\"inLanguage\":\"en-GB\",\"@id\":\"https:\/\/xenonkungen.com\/dk\/vare\/lazer-lineaer-6-led-rampe-232-mm\/#primaryimage\",\"url\":\"https:\/\/xenonkungen.com\/wp-content\/uploads\/2025\/04\/188148709-origpic-b54213.jpg\",\"contentUrl\":\"https:\/\/xenonkungen.com\/wp-content\/uploads\/2025\/04\/188148709-origpic-b54213.jpg\",\"width\":1000,\"height\":750},{\"@type\":\"BreadcrumbList\",\"@id\":\"https:\/\/xenonkungen.com\/dk\/vare\/lazer-lineaer-6-led-rampe-232-mm\/#breadcrumb\",\"itemListElement\":[{\"@type\":\"ListItem\",\"position\":1,\"name\":\"Hem\",\"item\":\"https:\/\/xenonkungen.com\/\"},{\"@type\":\"ListItem\",\"position\":2,\"name\":\"Shop\",\"item\":\"https:\/\/xenonkungen.com\/shop\/\"},{\"@type\":\"ListItem\",\"position\":3,\"name\":\"Lazer Linear-6 led-ramp | 232mm\"}]},{\"@type\":\"WebSite\",\"@id\":\"https:\/\/xenonkungen.com\/#website\",\"url\":\"https:\/\/xenonkungen.com\/\",\"name\":\"Xenonkungen\",\"description\":\"\",\"potentialAction\":[{\"@type\":\"SearchAction\",\"target\":{\"@type\":\"EntryPoint\",\"urlTemplate\":\"https:\/\/xenonkungen.com\/?s={search_term_string}\"},\"query-input\":{\"@type\":\"PropertyValueSpecification\",\"valueRequired\":true,\"valueName\":\"search_term_string\"}}],\"inLanguage\":\"en-GB\"}]}<\/script>\n<!-- \/ Yoast SEO plugin. -->","yoast_head_json":{"title":"Lazer Linear-6 led ramp | 232mm - The Xenon King","robots":{"index":"index","follow":"follow","max-snippet":"max-snippet:-1","max-image-preview":"max-image-preview:large","max-video-preview":"max-video-preview:-1"},"canonical":"https:\/\/xenonkungen.com\/en\/product\/lazer-linear-6-led-ramp-232mm\/","og_locale":"en_GB","og_type":"article","og_title":"Lazer Linear-6 led-ramp | 232mm - Xenonkungen","og_description":"Linear &#8211; H\u00f6gklassiga extraljusrampar fr\u00e5n Lazer f\u00f6r dagligt bruk Utforska Lazers h\u00f6gklassiga serie av extraljusrampar, Linear, som finns tillg\u00e4ngliga i Standard- och Elite-versioner. Linear-serien kombinerar absolut b\u00e4sta ljusprestanda med en slank och aerodynamisk design. Installationen av ramparna \u00e4r enkel med de medf\u00f6ljande rostfria st\u00e5lbeslagen och de levererar enast\u00e5ende belysning p\u00e5 v\u00e4garna. Linear Standard finns i [&hellip;]","og_url":"https:\/\/xenonkungen.com\/en\/product\/lazer-linear-6-led-ramp-232mm\/","og_site_name":"Xenonkungen","article_modified_time":"2026-03-25T13:30:28+00:00","og_image":[{"width":1000,"height":750,"url":"https:\/\/xenonkungen.com\/wp-content\/uploads\/2025\/04\/188148709-origpic-b54213.jpg","type":"image\/jpeg"}],"twitter_card":"summary_large_image","twitter_misc":{"Estimated reading time":"1 minute"},"schema":{"@context":"https:\/\/schema.org","@graph":[{"@type":"WebPage","@id":"https:\/\/xenonkungen.com\/dk\/vare\/lazer-lineaer-6-led-rampe-232-mm\/","url":"https:\/\/xenonkungen.com\/dk\/vare\/lazer-lineaer-6-led-rampe-232-mm\/","name":"Lazer Linear-6 led ramp | 232mm - The Xenon King","isPartOf":{"@id":"https:\/\/xenonkungen.com\/#website"},"primaryImageOfPage":{"@id":"https:\/\/xenonkungen.com\/dk\/vare\/lazer-lineaer-6-led-rampe-232-mm\/#primaryimage"},"image":{"@id":"https:\/\/xenonkungen.com\/dk\/vare\/lazer-lineaer-6-led-rampe-232-mm\/#primaryimage"},"thumbnailUrl":"https:\/\/xenonkungen.com\/wp-content\/uploads\/2025\/04\/188148709-origpic-b54213.jpg","datePublished":"2025-04-15T09:44:53+00:00","dateModified":"2026-03-25T13:30:28+00:00","breadcrumb":{"@id":"https:\/\/xenonkungen.com\/dk\/vare\/lazer-lineaer-6-led-rampe-232-mm\/#breadcrumb"},"inLanguage":"en-GB","potentialAction":[{"@type":"ReadAction","target":["https:\/\/xenonkungen.com\/dk\/vare\/lazer-lineaer-6-led-rampe-232-mm\/"]}]},{"@type":"ImageObject","inLanguage":"en-GB","@id":"https:\/\/xenonkungen.com\/dk\/vare\/lazer-lineaer-6-led-rampe-232-mm\/#primaryimage","url":"https:\/\/xenonkungen.com\/wp-content\/uploads\/2025\/04\/188148709-origpic-b54213.jpg","contentUrl":"https:\/\/xenonkungen.com\/wp-content\/uploads\/2025\/04\/188148709-origpic-b54213.jpg","width":1000,"height":750},{"@type":"BreadcrumbList","@id":"https:\/\/xenonkungen.com\/dk\/vare\/lazer-lineaer-6-led-rampe-232-mm\/#breadcrumb","itemListElement":[{"@type":"ListItem","position":1,"name":"Hem","item":"https:\/\/xenonkungen.com\/"},{"@type":"ListItem","position":2,"name":"Shop","item":"https:\/\/xenonkungen.com\/shop\/"},{"@type":"ListItem","position":3,"name":"Lazer Linear-6 led-ramp | 232mm"}]},{"@type":"WebSite","@id":"https:\/\/xenonkungen.com\/#website","url":"https:\/\/xenonkungen.com\/","name":"Xenonkungen","description":"","potentialAction":[{"@type":"SearchAction","target":{"@type":"EntryPoint","urlTemplate":"https:\/\/xenonkungen.com\/?s={search_term_string}"},"query-input":{"@type":"PropertyValueSpecification","valueRequired":true,"valueName":"search_term_string"}}],"inLanguage":"en-GB"}]}},"taxonomy_info":{"product_brand":[{"value":1124,"label":"Lazer"}],"product_cat":[{"value":2561,"label":"Lazer"},{"value":2966,"label":"Ledramp Rak"},{"value":2539,"label":"LEDRAMPER"},{"value":2166,"label":"LAZER LINEAR"}],"product_tag":[{"value":2735,"label":"Lazer"}],"pa_fargtemperatur":[{"value":154,"label":"5000K"}],"pa_fuktskydd-varde-ipxx":[{"value":177,"label":"IP68"}],"pa_godkannande":[{"value":1709,"label":"E-godk\u00e4nd, ECE, R112"}],"pa_lampsockel-kontakt":[{"value":1122,"label":"Superseal"}],"pa_led-chips-effekt-w":[{"value":749,"label":"21"}],"pa_storlek-mm":[{"value":1126,"label":"232x40x62"}],"pa_stromforbrukning":[{"value":1332,"label":"1,5A@14,4V"}],"pa_volt-v":[{"value":1084,"label":"Multivolt, 10, 12, 16, 18, 24, 28, 30, 32"}]},"featured_image_src_large":["https:\/\/xenonkungen.com\/wp-content\/uploads\/2025\/04\/188148709-origpic-b54213.jpg",1000,750,false],"author_info":[],"comment_info":0,"_links":{"self":[{"href":"https:\/\/xenonkungen.com\/en\/wp-json\/wp\/v2\/product\/6297","targetHints":{"allow":["GET"]}}],"collection":[{"href":"https:\/\/xenonkungen.com\/en\/wp-json\/wp\/v2\/product"}],"about":[{"href":"https:\/\/xenonkungen.com\/en\/wp-json\/wp\/v2\/types\/product"}],"replies":[{"embeddable":true,"href":"https:\/\/xenonkungen.com\/en\/wp-json\/wp\/v2\/comments?post=6297"}],"wp:featuredmedia":[{"embeddable":true,"href":"https:\/\/xenonkungen.com\/en\/wp-json\/wp\/v2\/media\/6298"}],"wp:attachment":[{"href":"https:\/\/xenonkungen.com\/en\/wp-json\/wp\/v2\/media?parent=6297"}],"wp:term":[{"taxonomy":"anvandningsomrade","embeddable":true,"href":"https:\/\/xenonkungen.com\/en\/wp-json\/wp\/v2\/anvandningsomrade?post=6297"},{"taxonomy":"bilmarken","embeddable":true,"href":"https:\/\/xenonkungen.com\/en\/wp-json\/wp\/v2\/bilmarken?post=6297"},{"taxonomy":"product_brand","embeddable":true,"href":"https:\/\/xenonkungen.com\/en\/wp-json\/wp\/v2\/product_brand?post=6297"},{"taxonomy":"product_cat","embeddable":true,"href":"https:\/\/xenonkungen.com\/en\/wp-json\/wp\/v2\/product_cat?post=6297"},{"taxonomy":"product_tag","embeddable":true,"href":"https:\/\/xenonkungen.com\/en\/wp-json\/wp\/v2\/product_tag?post=6297"}],"curies":[{"name":"wp","href":"https:\/\/api.w.org\/{rel}","templated":true}]}}