{"id":6352,"date":"2025-04-15T09:45:37","date_gmt":"2025-04-15T09:45:37","guid":{"rendered":"https:\/\/xenonkungen.com\/product\/lazer-linear-18-elite-led-ramp-positionsljus-532mm\/"},"modified":"2026-04-24T17:29:04","modified_gmt":"2026-04-24T16:29:04","slug":"lazer-linear-18-elite-led-ramp-position-light-532mm","status":"publish","type":"product","link":"https:\/\/xenonkungen.com\/en\/product\/lazer-linear-18-elite-led-ramp-position-light-532mm\/","title":{"rendered":"Lazer Linear-18 Elite led ramp | Position light | 532mm"},"content":{"rendered":"<h1>Linear \u2013 Exclusive light bars for everyday use<\/h1>\n<h2>Lazers Linear Series \u2013 Standard and Elite Versions<\/h2>\n<p>Linear is Lazer's exclusive range of extra-bright daily-use ramps, available in both Standard and Elite versions. These beams combine outstanding light performance with a slim and aerodynamic design. Installation is easy with the included stainless steel fasteners and they provide outstanding illumination on the road. The Linear 12 Elite and Linear 18 Elite are equipped with integrated position lights and have an impressively low profile with only 40 mm in height and 62 mm in depth. This makes them ideal for installation even in confined spaces. Each ramp has double rows of high-quality 3W LEDs behind unbreakable polycarbonate lenses. The lenses are coated to effectively repel snow and dirt that can affect the light output. The lightweight aluminium construction together with the slim dimensions result in minimal weight, while the aerodynamic design allows the ramps to blend in optimally whether mounted at the front or on the roof of the car. Linear Elite is a ramp that will perform for a long time to come!<\/p>","protected":false},"excerpt":{"rendered":"<p>Linear &#8211; Exklusiva ljusrampar f\u00f6r dagligt bruk Lazers Linear-serie &#8211; Standard och Elite-versioner Linear \u00e4r Lazers exklusiva serie med extra ljusa rampar f\u00f6r dagligt bruk, tillg\u00e4ngliga i b\u00e5de Standard och Elite-versioner. Dessa rampar kombinerar enast\u00e5ende ljusprestanda med en smal och aerodynamisk design. Installationen \u00e4r enkel med de medf\u00f6ljande rostfria f\u00e4stelementen och de ger enast\u00e5ende belysning [&hellip;]<\/p>","protected":false},"featured_media":6353,"comment_status":"closed","ping_status":"open","template":"","meta":{"_acf_changed":false,"_smort_price_nok":"9133","_smort_price_dkk":"5802","_smort_price_eur":"777.24","_smort_sale_price_nok":"","_smort_sale_price_dkk":"","_smort_sale_price_eur":"","smort_restorder":"","shipmondo_restorder":"","_kad_blocks_custom_css":"","_kad_blocks_head_custom_js":"","_kad_blocks_body_custom_js":"","_kad_blocks_footer_custom_js":"","smort_custom_pricelist_1":"5472","smort_custom_pricelist_2":"5472","smort_custom_pricelist_3":"5472","smort_custom_pricelist_4":"6840","smort_custom_pricelist_5":"5472"},"anvandningsomrade":[],"bilmarken":[],"product_brand":[1124],"product_cat":[2561,2966,2539,2166],"product_tag":[2735],"class_list":{"0":"post-6352","1":"product","2":"type-product","3":"status-publish","4":"has-post-thumbnail","6":"product_brand-lazer","7":"product_cat-lazer","8":"product_cat-ledramp-rak","9":"product_cat-ledramper","10":"product_cat-lazer-linear","11":"product_tag-lazer","12":"pa_fargtemperatur-5000k","13":"pa_fuktskydd-varde-ipxx-ip68","14":"pa_godkannande-e-godkand-ece-r112","15":"pa_lampsockel-kontakt-superseal","16":"pa_led-chips-effekt-w-1338","17":"pa_storlek-mm-535x40x62","18":"pa_stromforbrukning-88a144v","19":"pa_volt-v-multivolt-10-12-16-18-24-28-30-32","21":"first","22":"onbackorder","23":"taxable","24":"shipping-taxable","25":"purchasable","26":"product-type-simple"},"bundled_by":[],"bundle_stock_status":"onbackorder","bundle_stock_quantity":0,"bundle_virtual":false,"bundle_layout":"","bundle_add_to_cart_form_location":"","bundle_editable_in_cart":false,"bundle_sold_individually_context":"","bundle_item_grouping":"","bundle_min_size":"","bundle_max_size":"","bundle_price":[],"bundled_items":[],"bundle_sell_ids":[],"acf":[],"yoast_head":"<!-- This site is optimized with the Yoast SEO plugin v27.0 - https:\/\/yoast.com\/product\/yoast-seo-wordpress\/ -->\n<title>Lazer Linear-18 Elite led-ramp | Positionsljus | 532mm - Xenonkungen<\/title>\n<meta name=\"robots\" content=\"index, follow, max-snippet:-1, max-image-preview:large, max-video-preview:-1\" \/>\n<link rel=\"canonical\" href=\"http:\/\/xenonkungen.com\/en\/product\/lazer-linear-18-elite-led-ramp-position-light-532mm\/\" \/>\n<meta property=\"og:locale\" content=\"en_GB\" \/>\n<meta property=\"og:type\" content=\"article\" \/>\n<meta property=\"og:title\" content=\"Lazer Linear-18 Elite led-ramp | Positionsljus | 532mm - Xenonkungen\" \/>\n<meta property=\"og:description\" content=\"Linear &#8211; Exklusiva ljusrampar f\u00f6r dagligt bruk Lazers Linear-serie &#8211; Standard och Elite-versioner Linear \u00e4r Lazers exklusiva serie med extra ljusa rampar f\u00f6r dagligt bruk, tillg\u00e4ngliga i b\u00e5de Standard och Elite-versioner. Dessa rampar kombinerar enast\u00e5ende ljusprestanda med en smal och aerodynamisk design. Installationen \u00e4r enkel med de medf\u00f6ljande rostfria f\u00e4stelementen och de ger enast\u00e5ende belysning [&hellip;]\" \/>\n<meta property=\"og:url\" content=\"http:\/\/xenonkungen.com\/en\/product\/lazer-linear-18-elite-led-ramp-position-light-532mm\/\" \/>\n<meta property=\"og:site_name\" content=\"Xenonkungen\" \/>\n<meta property=\"article:modified_time\" content=\"2026-04-24T16:29:04+00:00\" \/>\n<meta property=\"og:image\" content=\"https:\/\/xenonkungen.com\/wp-content\/uploads\/2025\/04\/188148723-origpic-de9c6b.jpg\" \/>\n\t<meta property=\"og:image:width\" content=\"1000\" \/>\n\t<meta property=\"og:image:height\" content=\"750\" \/>\n\t<meta property=\"og:image:type\" content=\"image\/jpeg\" \/>\n<meta name=\"twitter:card\" content=\"summary_large_image\" \/>\n<meta name=\"twitter:label1\" content=\"Estimated reading time\" \/>\n\t<meta name=\"twitter:data1\" content=\"1 minute\" \/>\n<script type=\"application\/ld+json\" class=\"yoast-schema-graph\">{\"@context\":\"https:\/\/schema.org\",\"@graph\":[{\"@type\":\"WebPage\",\"@id\":\"http:\/\/xenonkungen.com\/no\/produkt\/lazer-linear-18-elite-led-ramp-positionsljus-532mm\/\",\"url\":\"http:\/\/xenonkungen.com\/no\/produkt\/lazer-linear-18-elite-led-ramp-positionsljus-532mm\/\",\"name\":\"Lazer Linear-18 Elite led-ramp | Positionsljus | 532mm - Xenonkungen\",\"isPartOf\":{\"@id\":\"https:\/\/xenonkungen.com\/#website\"},\"primaryImageOfPage\":{\"@id\":\"http:\/\/xenonkungen.com\/no\/produkt\/lazer-linear-18-elite-led-ramp-positionsljus-532mm\/#primaryimage\"},\"image\":{\"@id\":\"http:\/\/xenonkungen.com\/no\/produkt\/lazer-linear-18-elite-led-ramp-positionsljus-532mm\/#primaryimage\"},\"thumbnailUrl\":\"https:\/\/xenonkungen.com\/wp-content\/uploads\/2025\/04\/188148723-origpic-de9c6b.jpg\",\"datePublished\":\"2025-04-15T09:45:37+00:00\",\"dateModified\":\"2026-04-24T16:29:04+00:00\",\"breadcrumb\":{\"@id\":\"http:\/\/xenonkungen.com\/no\/produkt\/lazer-linear-18-elite-led-ramp-positionsljus-532mm\/#breadcrumb\"},\"inLanguage\":\"en-GB\",\"potentialAction\":[{\"@type\":\"ReadAction\",\"target\":[\"http:\/\/xenonkungen.com\/no\/produkt\/lazer-linear-18-elite-led-ramp-positionsljus-532mm\/\"]}]},{\"@type\":\"ImageObject\",\"inLanguage\":\"en-GB\",\"@id\":\"http:\/\/xenonkungen.com\/no\/produkt\/lazer-linear-18-elite-led-ramp-positionsljus-532mm\/#primaryimage\",\"url\":\"https:\/\/xenonkungen.com\/wp-content\/uploads\/2025\/04\/188148723-origpic-de9c6b.jpg\",\"contentUrl\":\"https:\/\/xenonkungen.com\/wp-content\/uploads\/2025\/04\/188148723-origpic-de9c6b.jpg\",\"width\":1000,\"height\":750},{\"@type\":\"BreadcrumbList\",\"@id\":\"http:\/\/xenonkungen.com\/no\/produkt\/lazer-linear-18-elite-led-ramp-positionsljus-532mm\/#breadcrumb\",\"itemListElement\":[{\"@type\":\"ListItem\",\"position\":1,\"name\":\"Hem\",\"item\":\"https:\/\/xenonkungen.com\/\"},{\"@type\":\"ListItem\",\"position\":2,\"name\":\"Shop\",\"item\":\"https:\/\/xenonkungen.com\/shop\/\"},{\"@type\":\"ListItem\",\"position\":3,\"name\":\"Lazer Linear-18 Elite led-ramp | Positionsljus | 532mm\"}]},{\"@type\":\"WebSite\",\"@id\":\"https:\/\/xenonkungen.com\/#website\",\"url\":\"https:\/\/xenonkungen.com\/\",\"name\":\"Xenonkungen\",\"description\":\"\",\"potentialAction\":[{\"@type\":\"SearchAction\",\"target\":{\"@type\":\"EntryPoint\",\"urlTemplate\":\"https:\/\/xenonkungen.com\/?s={search_term_string}\"},\"query-input\":{\"@type\":\"PropertyValueSpecification\",\"valueRequired\":true,\"valueName\":\"search_term_string\"}}],\"inLanguage\":\"en-GB\"}]}<\/script>\n<!-- \/ Yoast SEO plugin. -->","yoast_head_json":{"title":"Lazer Linear-18 Elite led ramp | Position light | 532mm - The Xenon King","robots":{"index":"index","follow":"follow","max-snippet":"max-snippet:-1","max-image-preview":"max-image-preview:large","max-video-preview":"max-video-preview:-1"},"canonical":"http:\/\/xenonkungen.com\/en\/product\/lazer-linear-18-elite-led-ramp-position-light-532mm\/","og_locale":"en_GB","og_type":"article","og_title":"Lazer Linear-18 Elite led-ramp | Positionsljus | 532mm - Xenonkungen","og_description":"Linear &#8211; Exklusiva ljusrampar f\u00f6r dagligt bruk Lazers Linear-serie &#8211; Standard och Elite-versioner Linear \u00e4r Lazers exklusiva serie med extra ljusa rampar f\u00f6r dagligt bruk, tillg\u00e4ngliga i b\u00e5de Standard och Elite-versioner. Dessa rampar kombinerar enast\u00e5ende ljusprestanda med en smal och aerodynamisk design. Installationen \u00e4r enkel med de medf\u00f6ljande rostfria f\u00e4stelementen och de ger enast\u00e5ende belysning [&hellip;]","og_url":"http:\/\/xenonkungen.com\/en\/product\/lazer-linear-18-elite-led-ramp-position-light-532mm\/","og_site_name":"Xenonkungen","article_modified_time":"2026-04-24T16:29:04+00:00","og_image":[{"width":1000,"height":750,"url":"https:\/\/xenonkungen.com\/wp-content\/uploads\/2025\/04\/188148723-origpic-de9c6b.jpg","type":"image\/jpeg"}],"twitter_card":"summary_large_image","twitter_misc":{"Estimated reading time":"1 minute"},"schema":{"@context":"https:\/\/schema.org","@graph":[{"@type":"WebPage","@id":"http:\/\/xenonkungen.com\/no\/produkt\/lazer-linear-18-elite-led-ramp-positionsljus-532mm\/","url":"http:\/\/xenonkungen.com\/no\/produkt\/lazer-linear-18-elite-led-ramp-positionsljus-532mm\/","name":"Lazer Linear-18 Elite led ramp | Position light | 532mm - The Xenon King","isPartOf":{"@id":"https:\/\/xenonkungen.com\/#website"},"primaryImageOfPage":{"@id":"http:\/\/xenonkungen.com\/no\/produkt\/lazer-linear-18-elite-led-ramp-positionsljus-532mm\/#primaryimage"},"image":{"@id":"http:\/\/xenonkungen.com\/no\/produkt\/lazer-linear-18-elite-led-ramp-positionsljus-532mm\/#primaryimage"},"thumbnailUrl":"https:\/\/xenonkungen.com\/wp-content\/uploads\/2025\/04\/188148723-origpic-de9c6b.jpg","datePublished":"2025-04-15T09:45:37+00:00","dateModified":"2026-04-24T16:29:04+00:00","breadcrumb":{"@id":"http:\/\/xenonkungen.com\/no\/produkt\/lazer-linear-18-elite-led-ramp-positionsljus-532mm\/#breadcrumb"},"inLanguage":"en-GB","potentialAction":[{"@type":"ReadAction","target":["http:\/\/xenonkungen.com\/no\/produkt\/lazer-linear-18-elite-led-ramp-positionsljus-532mm\/"]}]},{"@type":"ImageObject","inLanguage":"en-GB","@id":"http:\/\/xenonkungen.com\/no\/produkt\/lazer-linear-18-elite-led-ramp-positionsljus-532mm\/#primaryimage","url":"https:\/\/xenonkungen.com\/wp-content\/uploads\/2025\/04\/188148723-origpic-de9c6b.jpg","contentUrl":"https:\/\/xenonkungen.com\/wp-content\/uploads\/2025\/04\/188148723-origpic-de9c6b.jpg","width":1000,"height":750},{"@type":"BreadcrumbList","@id":"http:\/\/xenonkungen.com\/no\/produkt\/lazer-linear-18-elite-led-ramp-positionsljus-532mm\/#breadcrumb","itemListElement":[{"@type":"ListItem","position":1,"name":"Hem","item":"https:\/\/xenonkungen.com\/"},{"@type":"ListItem","position":2,"name":"Shop","item":"https:\/\/xenonkungen.com\/shop\/"},{"@type":"ListItem","position":3,"name":"Lazer Linear-18 Elite led-ramp | Positionsljus | 532mm"}]},{"@type":"WebSite","@id":"https:\/\/xenonkungen.com\/#website","url":"https:\/\/xenonkungen.com\/","name":"Xenonkungen","description":"","potentialAction":[{"@type":"SearchAction","target":{"@type":"EntryPoint","urlTemplate":"https:\/\/xenonkungen.com\/?s={search_term_string}"},"query-input":{"@type":"PropertyValueSpecification","valueRequired":true,"valueName":"search_term_string"}}],"inLanguage":"en-GB"}]}},"taxonomy_info":{"product_brand":[{"value":1124,"label":"Lazer"}],"product_cat":[{"value":2561,"label":"Lazer"},{"value":2966,"label":"Ledramp Rak"},{"value":2539,"label":"LEDRAMPER"},{"value":2166,"label":"LAZER LINEAR"}],"product_tag":[{"value":2735,"label":"Lazer"}],"pa_fargtemperatur":[{"value":154,"label":"5000K"}],"pa_fuktskydd-varde-ipxx":[{"value":177,"label":"IP68"}],"pa_godkannande":[{"value":1709,"label":"E-godk\u00e4nd, ECE, R112"}],"pa_lampsockel-kontakt":[{"value":1122,"label":"Superseal"}],"pa_led-chips-effekt-w":[{"value":1338,"label":"126"}],"pa_storlek-mm":[{"value":1749,"label":"535x40x62"}],"pa_stromforbrukning":[{"value":1339,"label":"8,8A@14,4V"}],"pa_volt-v":[{"value":1084,"label":"Multivolt, 10, 12, 16, 18, 24, 28, 30, 32"}]},"featured_image_src_large":["https:\/\/xenonkungen.com\/wp-content\/uploads\/2025\/04\/188148723-origpic-de9c6b.jpg",1000,750,false],"author_info":[],"comment_info":0,"_links":{"self":[{"href":"https:\/\/xenonkungen.com\/en\/wp-json\/wp\/v2\/product\/6352","targetHints":{"allow":["GET"]}}],"collection":[{"href":"https:\/\/xenonkungen.com\/en\/wp-json\/wp\/v2\/product"}],"about":[{"href":"https:\/\/xenonkungen.com\/en\/wp-json\/wp\/v2\/types\/product"}],"replies":[{"embeddable":true,"href":"https:\/\/xenonkungen.com\/en\/wp-json\/wp\/v2\/comments?post=6352"}],"wp:featuredmedia":[{"embeddable":true,"href":"https:\/\/xenonkungen.com\/en\/wp-json\/wp\/v2\/media\/6353"}],"wp:attachment":[{"href":"https:\/\/xenonkungen.com\/en\/wp-json\/wp\/v2\/media?parent=6352"}],"wp:term":[{"taxonomy":"anvandningsomrade","embeddable":true,"href":"https:\/\/xenonkungen.com\/en\/wp-json\/wp\/v2\/anvandningsomrade?post=6352"},{"taxonomy":"bilmarken","embeddable":true,"href":"https:\/\/xenonkungen.com\/en\/wp-json\/wp\/v2\/bilmarken?post=6352"},{"taxonomy":"product_brand","embeddable":true,"href":"https:\/\/xenonkungen.com\/en\/wp-json\/wp\/v2\/product_brand?post=6352"},{"taxonomy":"product_cat","embeddable":true,"href":"https:\/\/xenonkungen.com\/en\/wp-json\/wp\/v2\/product_cat?post=6352"},{"taxonomy":"product_tag","embeddable":true,"href":"https:\/\/xenonkungen.com\/en\/wp-json\/wp\/v2\/product_tag?post=6352"}],"curies":[{"name":"wp","href":"https:\/\/api.w.org\/{rel}","templated":true}]}}