{"id":6437,"date":"2025-04-15T09:46:38","date_gmt":"2025-04-15T09:46:38","guid":{"rendered":"https:\/\/xenonkungen.com\/product\/lazer-triple-r-750-std-extraljusramp-86-230-mm-pos-lju\/"},"modified":"2026-04-24T17:29:29","modified_gmt":"2026-04-24T16:29:29","slug":"lazer-triple-r-750-std-extra-light-ramp-86-230-mm-pos-light","status":"publish","type":"product","link":"https:\/\/xenonkungen.com\/en\/product\/lazer-triple-r-750-std-extra-light-ramp-86-230-mm-pos-light\/","title":{"rendered":"Lazer Triple-R 750 Std extra light ramp 8.6\u2033 (230 mm) pos.light"},"content":{"rendered":"<h1>Lazer Triple-R Series \u2013 Powerful and Versatile Car Headlights<\/h1>\n<p>The Lazer Triple-R range, in both Standard and Elite versions, is designed to meet the high demands of rally and motorsport. But these impressive light bars have also become popular with car owners and truck drivers on and off the road. With the latest LED technology and optimised optics, the Triple-R series offers outstanding long-range lighting. The Elite model also features effective light diffusion on the sides of the vehicle. The low upward and downward spread of the lights makes them ideal for roof mounting and prevents dazzling reflections from the bonnet.<\/p>\n<h2>Triple-R Standard \u2013 Versatile and reliable<\/h2>\n<p>Triple-R Standard is available in four lengths (230-590 mm) and has a height of 73 mm and a depth of 105 mm. These lights have integrated position light in white or orange, providing extra visibility both day and night. The Triple-R 1000 and 1250 are equipped with the E-boost function, providing a true high beam of 9240 lm and 13,860 lm respectively when the function is activated. For public roads, you can easily switch to the E-approved mode, which also provides impressive brightness. The Triple-R 1000 is also offered with an integrated flashing warning light.<\/p>\n<p>Explore the Lazer Triple-R series for powerful and versatile car headlights. With the latest LED technology and optimised optics, these lights deliver impressive distance and spread. Choose between Standard and Elite models and enjoy outstanding performance. With integrated position light, E-boost function and high quality, the Triple-R series is the perfect choice for your car. 5-year functional warranty included.<\/p>","protected":false},"excerpt":{"rendered":"<p>Lazer Triple-R-serien &#8211; Kraftfulla och m\u00e5ngsidiga billyktor Lazer Triple-R-serien, i b\u00e5de Standard- och Elite-versioner, \u00e4r framtagen f\u00f6r att m\u00f6ta de h\u00f6ga kraven inom rally- och motorsport. Men dessa imponerande ljusramper har ocks\u00e5 blivit popul\u00e4ra bland bil\u00e4gare och lastbilsf\u00f6rare p\u00e5 och utanf\u00f6r v\u00e4garna. Med den senaste LED-tekniken och optimerad optik erbjuder Triple-R-serien enast\u00e5ende fj\u00e4rrbelysning. Elite-modellen har [&hellip;]<\/p>","protected":false},"featured_media":6438,"comment_status":"closed","ping_status":"open","template":"","meta":{"_acf_changed":false,"_smort_price_nok":"4342","_smort_price_dkk":"2758","_smort_price_eur":"369.53","_smort_sale_price_nok":"","_smort_sale_price_dkk":"","_smort_sale_price_eur":"","smort_restorder":"","shipmondo_restorder":"","_kad_blocks_custom_css":"","_kad_blocks_head_custom_js":"","_kad_blocks_body_custom_js":"","_kad_blocks_footer_custom_js":"","smort_custom_pricelist_1":"2601.6","smort_custom_pricelist_2":"2601.6","smort_custom_pricelist_3":"2601.6","smort_custom_pricelist_4":"3252","smort_custom_pricelist_5":"2601.6"},"anvandningsomrade":[],"bilmarken":[],"product_brand":[1124],"product_cat":[2561,2966,2539],"product_tag":[2735],"class_list":{"0":"post-6437","1":"product","2":"type-product","3":"status-publish","4":"has-post-thumbnail","6":"product_brand-lazer","7":"product_cat-lazer","8":"product_cat-ledramp-rak","9":"product_cat-ledramper","10":"product_tag-lazer","11":"pa_fargtemperatur-5000k","12":"pa_fuktskydd-varde-ipxx-ip67","13":"pa_godkannande-e-godkand-ece-r112","14":"pa_lampsockel-kontakt-superseal","15":"pa_led-chips-effekt-w-532","16":"pa_storlek-mm-230x73x105","17":"pa_stromforbrukning-31a144v","18":"pa_volt-v-multivolt-10-12-16-18-24-28-30-32","20":"first","21":"onbackorder","22":"taxable","23":"shipping-taxable","24":"purchasable","25":"product-type-simple"},"bundled_by":[],"bundle_stock_status":"onbackorder","bundle_stock_quantity":0,"bundle_virtual":false,"bundle_layout":"","bundle_add_to_cart_form_location":"","bundle_editable_in_cart":false,"bundle_sold_individually_context":"","bundle_item_grouping":"","bundle_min_size":"","bundle_max_size":"","bundle_price":[],"bundled_items":[],"bundle_sell_ids":[],"acf":[],"yoast_head":"<!-- This site is optimized with the Yoast SEO plugin v27.0 - https:\/\/yoast.com\/product\/yoast-seo-wordpress\/ -->\n<title>Lazer Triple-R 750 Std extraljusramp 8,6&quot; (230 mm) pos.lju - Xenonkungen<\/title>\n<meta name=\"robots\" content=\"index, follow, max-snippet:-1, max-image-preview:large, max-video-preview:-1\" \/>\n<link rel=\"canonical\" href=\"https:\/\/xenonkungen.com\/en\/product\/lazer-triple-r-750-std-extra-light-ramp-86-230-mm-pos-light\/\" \/>\n<meta property=\"og:locale\" content=\"en_GB\" \/>\n<meta property=\"og:type\" content=\"article\" \/>\n<meta property=\"og:title\" content=\"Lazer Triple-R 750 Std extraljusramp 8,6&quot; (230 mm) pos.lju - Xenonkungen\" \/>\n<meta property=\"og:description\" content=\"Lazer Triple-R-serien &#8211; Kraftfulla och m\u00e5ngsidiga billyktor Lazer Triple-R-serien, i b\u00e5de Standard- och Elite-versioner, \u00e4r framtagen f\u00f6r att m\u00f6ta de h\u00f6ga kraven inom rally- och motorsport. Men dessa imponerande ljusramper har ocks\u00e5 blivit popul\u00e4ra bland bil\u00e4gare och lastbilsf\u00f6rare p\u00e5 och utanf\u00f6r v\u00e4garna. Med den senaste LED-tekniken och optimerad optik erbjuder Triple-R-serien enast\u00e5ende fj\u00e4rrbelysning. Elite-modellen har [&hellip;]\" \/>\n<meta property=\"og:url\" content=\"https:\/\/xenonkungen.com\/en\/product\/lazer-triple-r-750-std-extra-light-ramp-86-230-mm-pos-light\/\" \/>\n<meta property=\"og:site_name\" content=\"Xenonkungen\" \/>\n<meta property=\"article:modified_time\" content=\"2026-04-24T16:29:29+00:00\" \/>\n<meta property=\"og:image\" content=\"https:\/\/xenonkungen.com\/wp-content\/uploads\/2025\/04\/triple-r_750_gen2_-_white_pl_-_angled_-_web_2.jpg\" \/>\n\t<meta property=\"og:image:width\" content=\"1000\" \/>\n\t<meta property=\"og:image:height\" content=\"750\" \/>\n\t<meta property=\"og:image:type\" content=\"image\/jpeg\" \/>\n<meta name=\"twitter:card\" content=\"summary_large_image\" \/>\n<meta name=\"twitter:label1\" content=\"Estimated reading time\" \/>\n\t<meta name=\"twitter:data1\" content=\"1 minute\" \/>\n<script type=\"application\/ld+json\" class=\"yoast-schema-graph\">{\"@context\":\"https:\/\/schema.org\",\"@graph\":[{\"@type\":\"WebPage\",\"@id\":\"https:\/\/xenonkungen.com\/dk\/vare\/lazer-triple-r-750-std-ekstra-lys-rampe-86-230-mm-pos-lys\/\",\"url\":\"https:\/\/xenonkungen.com\/dk\/vare\/lazer-triple-r-750-std-ekstra-lys-rampe-86-230-mm-pos-lys\/\",\"name\":\"Lazer Triple-R 750 Std extraljusramp 8,6\\\" (230 mm) pos.lju - Xenonkungen\",\"isPartOf\":{\"@id\":\"https:\/\/xenonkungen.com\/#website\"},\"primaryImageOfPage\":{\"@id\":\"https:\/\/xenonkungen.com\/dk\/vare\/lazer-triple-r-750-std-ekstra-lys-rampe-86-230-mm-pos-lys\/#primaryimage\"},\"image\":{\"@id\":\"https:\/\/xenonkungen.com\/dk\/vare\/lazer-triple-r-750-std-ekstra-lys-rampe-86-230-mm-pos-lys\/#primaryimage\"},\"thumbnailUrl\":\"https:\/\/xenonkungen.com\/wp-content\/uploads\/2025\/04\/triple-r_750_gen2_-_white_pl_-_angled_-_web_2.jpg\",\"datePublished\":\"2025-04-15T09:46:38+00:00\",\"dateModified\":\"2026-04-24T16:29:29+00:00\",\"breadcrumb\":{\"@id\":\"https:\/\/xenonkungen.com\/dk\/vare\/lazer-triple-r-750-std-ekstra-lys-rampe-86-230-mm-pos-lys\/#breadcrumb\"},\"inLanguage\":\"en-GB\",\"potentialAction\":[{\"@type\":\"ReadAction\",\"target\":[\"https:\/\/xenonkungen.com\/dk\/vare\/lazer-triple-r-750-std-ekstra-lys-rampe-86-230-mm-pos-lys\/\"]}]},{\"@type\":\"ImageObject\",\"inLanguage\":\"en-GB\",\"@id\":\"https:\/\/xenonkungen.com\/dk\/vare\/lazer-triple-r-750-std-ekstra-lys-rampe-86-230-mm-pos-lys\/#primaryimage\",\"url\":\"https:\/\/xenonkungen.com\/wp-content\/uploads\/2025\/04\/triple-r_750_gen2_-_white_pl_-_angled_-_web_2.jpg\",\"contentUrl\":\"https:\/\/xenonkungen.com\/wp-content\/uploads\/2025\/04\/triple-r_750_gen2_-_white_pl_-_angled_-_web_2.jpg\",\"width\":1000,\"height\":750},{\"@type\":\"BreadcrumbList\",\"@id\":\"https:\/\/xenonkungen.com\/dk\/vare\/lazer-triple-r-750-std-ekstra-lys-rampe-86-230-mm-pos-lys\/#breadcrumb\",\"itemListElement\":[{\"@type\":\"ListItem\",\"position\":1,\"name\":\"Hem\",\"item\":\"https:\/\/xenonkungen.com\/\"},{\"@type\":\"ListItem\",\"position\":2,\"name\":\"Shop\",\"item\":\"https:\/\/xenonkungen.com\/shop\/\"},{\"@type\":\"ListItem\",\"position\":3,\"name\":\"Lazer Triple-R 750 Std extraljusramp 8,6&#8243; (230 mm) pos.lju\"}]},{\"@type\":\"WebSite\",\"@id\":\"https:\/\/xenonkungen.com\/#website\",\"url\":\"https:\/\/xenonkungen.com\/\",\"name\":\"Xenonkungen\",\"description\":\"\",\"potentialAction\":[{\"@type\":\"SearchAction\",\"target\":{\"@type\":\"EntryPoint\",\"urlTemplate\":\"https:\/\/xenonkungen.com\/?s={search_term_string}\"},\"query-input\":{\"@type\":\"PropertyValueSpecification\",\"valueRequired\":true,\"valueName\":\"search_term_string\"}}],\"inLanguage\":\"en-GB\"}]}<\/script>\n<!-- \/ Yoast SEO plugin. -->","yoast_head_json":{"title":"Lazer Triple-R 750 Std auxiliary light bar 8.6&quot; (230 mm) position light - Xenonkungen","robots":{"index":"index","follow":"follow","max-snippet":"max-snippet:-1","max-image-preview":"max-image-preview:large","max-video-preview":"max-video-preview:-1"},"canonical":"https:\/\/xenonkungen.com\/en\/product\/lazer-triple-r-750-std-extra-light-ramp-86-230-mm-pos-light\/","og_locale":"en_GB","og_type":"article","og_title":"Lazer Triple-R 750 Std extraljusramp 8,6\" (230 mm) pos.lju - Xenonkungen","og_description":"Lazer Triple-R-serien &#8211; Kraftfulla och m\u00e5ngsidiga billyktor Lazer Triple-R-serien, i b\u00e5de Standard- och Elite-versioner, \u00e4r framtagen f\u00f6r att m\u00f6ta de h\u00f6ga kraven inom rally- och motorsport. Men dessa imponerande ljusramper har ocks\u00e5 blivit popul\u00e4ra bland bil\u00e4gare och lastbilsf\u00f6rare p\u00e5 och utanf\u00f6r v\u00e4garna. Med den senaste LED-tekniken och optimerad optik erbjuder Triple-R-serien enast\u00e5ende fj\u00e4rrbelysning. Elite-modellen har [&hellip;]","og_url":"https:\/\/xenonkungen.com\/en\/product\/lazer-triple-r-750-std-extra-light-ramp-86-230-mm-pos-light\/","og_site_name":"Xenonkungen","article_modified_time":"2026-04-24T16:29:29+00:00","og_image":[{"width":1000,"height":750,"url":"https:\/\/xenonkungen.com\/wp-content\/uploads\/2025\/04\/triple-r_750_gen2_-_white_pl_-_angled_-_web_2.jpg","type":"image\/jpeg"}],"twitter_card":"summary_large_image","twitter_misc":{"Estimated reading time":"1 minute"},"schema":{"@context":"https:\/\/schema.org","@graph":[{"@type":"WebPage","@id":"https:\/\/xenonkungen.com\/dk\/vare\/lazer-triple-r-750-std-ekstra-lys-rampe-86-230-mm-pos-lys\/","url":"https:\/\/xenonkungen.com\/dk\/vare\/lazer-triple-r-750-std-ekstra-lys-rampe-86-230-mm-pos-lys\/","name":"Lazer Triple-R 750 Std auxiliary light bar 8.6&quot; (230 mm) position light - Xenonkungen","isPartOf":{"@id":"https:\/\/xenonkungen.com\/#website"},"primaryImageOfPage":{"@id":"https:\/\/xenonkungen.com\/dk\/vare\/lazer-triple-r-750-std-ekstra-lys-rampe-86-230-mm-pos-lys\/#primaryimage"},"image":{"@id":"https:\/\/xenonkungen.com\/dk\/vare\/lazer-triple-r-750-std-ekstra-lys-rampe-86-230-mm-pos-lys\/#primaryimage"},"thumbnailUrl":"https:\/\/xenonkungen.com\/wp-content\/uploads\/2025\/04\/triple-r_750_gen2_-_white_pl_-_angled_-_web_2.jpg","datePublished":"2025-04-15T09:46:38+00:00","dateModified":"2026-04-24T16:29:29+00:00","breadcrumb":{"@id":"https:\/\/xenonkungen.com\/dk\/vare\/lazer-triple-r-750-std-ekstra-lys-rampe-86-230-mm-pos-lys\/#breadcrumb"},"inLanguage":"en-GB","potentialAction":[{"@type":"ReadAction","target":["https:\/\/xenonkungen.com\/dk\/vare\/lazer-triple-r-750-std-ekstra-lys-rampe-86-230-mm-pos-lys\/"]}]},{"@type":"ImageObject","inLanguage":"en-GB","@id":"https:\/\/xenonkungen.com\/dk\/vare\/lazer-triple-r-750-std-ekstra-lys-rampe-86-230-mm-pos-lys\/#primaryimage","url":"https:\/\/xenonkungen.com\/wp-content\/uploads\/2025\/04\/triple-r_750_gen2_-_white_pl_-_angled_-_web_2.jpg","contentUrl":"https:\/\/xenonkungen.com\/wp-content\/uploads\/2025\/04\/triple-r_750_gen2_-_white_pl_-_angled_-_web_2.jpg","width":1000,"height":750},{"@type":"BreadcrumbList","@id":"https:\/\/xenonkungen.com\/dk\/vare\/lazer-triple-r-750-std-ekstra-lys-rampe-86-230-mm-pos-lys\/#breadcrumb","itemListElement":[{"@type":"ListItem","position":1,"name":"Hem","item":"https:\/\/xenonkungen.com\/"},{"@type":"ListItem","position":2,"name":"Shop","item":"https:\/\/xenonkungen.com\/shop\/"},{"@type":"ListItem","position":3,"name":"Lazer Triple-R 750 Std extraljusramp 8,6&#8243; (230 mm) pos.lju"}]},{"@type":"WebSite","@id":"https:\/\/xenonkungen.com\/#website","url":"https:\/\/xenonkungen.com\/","name":"Xenonkungen","description":"","potentialAction":[{"@type":"SearchAction","target":{"@type":"EntryPoint","urlTemplate":"https:\/\/xenonkungen.com\/?s={search_term_string}"},"query-input":{"@type":"PropertyValueSpecification","valueRequired":true,"valueName":"search_term_string"}}],"inLanguage":"en-GB"}]}},"taxonomy_info":{"product_brand":[{"value":1124,"label":"Lazer"}],"product_cat":[{"value":2561,"label":"Lazer"},{"value":2966,"label":"Ledramp Rak"},{"value":2539,"label":"LEDRAMPER"}],"product_tag":[{"value":2735,"label":"Lazer"}],"pa_fargtemperatur":[{"value":154,"label":"5000K"}],"pa_fuktskydd-varde-ipxx":[{"value":333,"label":"IP67"}],"pa_godkannande":[{"value":1709,"label":"E-godk\u00e4nd, ECE, R112"}],"pa_lampsockel-kontakt":[{"value":1122,"label":"Superseal"}],"pa_led-chips-effekt-w":[{"value":532,"label":"45"}],"pa_storlek-mm":[{"value":1125,"label":"230x73x105"}],"pa_stromforbrukning":[{"value":1756,"label":"3,1A@14,4V"}],"pa_volt-v":[{"value":1084,"label":"Multivolt, 10, 12, 16, 18, 24, 28, 30, 32"}]},"featured_image_src_large":["https:\/\/xenonkungen.com\/wp-content\/uploads\/2025\/04\/triple-r_750_gen2_-_white_pl_-_angled_-_web_2.jpg",1000,750,false],"author_info":[],"comment_info":0,"_links":{"self":[{"href":"https:\/\/xenonkungen.com\/en\/wp-json\/wp\/v2\/product\/6437","targetHints":{"allow":["GET"]}}],"collection":[{"href":"https:\/\/xenonkungen.com\/en\/wp-json\/wp\/v2\/product"}],"about":[{"href":"https:\/\/xenonkungen.com\/en\/wp-json\/wp\/v2\/types\/product"}],"replies":[{"embeddable":true,"href":"https:\/\/xenonkungen.com\/en\/wp-json\/wp\/v2\/comments?post=6437"}],"wp:featuredmedia":[{"embeddable":true,"href":"https:\/\/xenonkungen.com\/en\/wp-json\/wp\/v2\/media\/6438"}],"wp:attachment":[{"href":"https:\/\/xenonkungen.com\/en\/wp-json\/wp\/v2\/media?parent=6437"}],"wp:term":[{"taxonomy":"anvandningsomrade","embeddable":true,"href":"https:\/\/xenonkungen.com\/en\/wp-json\/wp\/v2\/anvandningsomrade?post=6437"},{"taxonomy":"bilmarken","embeddable":true,"href":"https:\/\/xenonkungen.com\/en\/wp-json\/wp\/v2\/bilmarken?post=6437"},{"taxonomy":"product_brand","embeddable":true,"href":"https:\/\/xenonkungen.com\/en\/wp-json\/wp\/v2\/product_brand?post=6437"},{"taxonomy":"product_cat","embeddable":true,"href":"https:\/\/xenonkungen.com\/en\/wp-json\/wp\/v2\/product_cat?post=6437"},{"taxonomy":"product_tag","embeddable":true,"href":"https:\/\/xenonkungen.com\/en\/wp-json\/wp\/v2\/product_tag?post=6437"}],"curies":[{"name":"wp","href":"https:\/\/api.w.org\/{rel}","templated":true}]}}