{"id":6489,"date":"2025-04-15T09:47:06","date_gmt":"2025-04-15T09:47:06","guid":{"rendered":"https:\/\/xenonkungen.com\/product\/lampsarg-125-serie-chrome\/"},"modified":"2026-04-11T00:37:50","modified_gmt":"2026-04-10T23:37:50","slug":"lamp-frame-125-series-chrome","status":"publish","type":"product","link":"https:\/\/xenonkungen.com\/en\/product\/lamp-frame-125-series-chrome\/","title":{"rendered":"Chrome 125 series lamp base"},"content":{"rendered":"<h1>Steel Chrome Lampshade: A Suitable Choice for Replacement in Kvadrat Series 125<\/h1>\n<p>When it comes to renewing or replacing parts of your lighting, quality and fit can be of the utmost importance. The steel chrome lamp frame offers just that - a combination of durability, aesthetics and function.<\/p>\n<h2>Why Choose Steel Chrome Lamp Covers?<\/h2>\n<p>Steel chrome is not only a durable material choice that will last over time, but it also provides a polished and modern finish that can enhance the look of your lighting solution. This quality along with the precise fit ensures that the product will not only be durable, but also aesthetically pleasing.<\/p>\n<h2>Kvadrat Series 125: Perfection in Design<\/h2>\n<p>The lampshade is specifically designed for Kvadrat Series 125, a popular lighting series known for its minimalist design and high performance. With its dimensions of 145x145mm, the lampshade fits perfectly into this series, ensuring a smooth and easy replacement process.<\/p>\n<h2>Easy installation<\/h2>\n<p>Another important feature of this lamp frame is how easily it can be replaced. If you have existing Kvadrat Series 125 lamps that need an upgrade or if they are damaged, this steel chrome frame is an ideal choice. It takes the guesswork out of the process and ensures you get the right fit every time.<\/p>\n<h2>Conclusion<\/h2>\n<p>Whether you're looking to revitalise your home, office or other space with better and more durable lighting, the Steel Chrome Lamp Frame for Kvadrat Series 125 is an excellent choice. With its robust construction, shiny finish and precise fit, it ensures that your lighting solution not only functions optimally but also looks great.<\/p>\n<p><strong>Invest in quality and design with this excellent addition to your lighting collection.<\/strong><\/p>\n<p><strong><iframe loading=\"lazy\" height=\"314\" src=\"https:\/\/www.youtube.com\/embed\/stf8LdE07sE\" width=\"560\" allowfullscreen=\"allowfullscreen\"><\/iframe><\/strong><\/p>","protected":false},"excerpt":{"rendered":"<p>Lampsarg i St\u00e5lkrom: Ett L\u00e4mpligt Val f\u00f6r Utbyte i Kvadrat Serie 125 N\u00e4r det g\u00e4ller att f\u00f6rnya eller ers\u00e4tta delar av din belysning kan kvalitet och passform vara av yttersta vikt. Lampsarg i st\u00e5lkrom erbjuder just detta \u2013 en kombination av h\u00e5llbarhet, estetik och funktion. Varf\u00f6r V\u00e4lja Lampsarg i St\u00e5lkrom? St\u00e5lkrom \u00e4r inte bara en [&hellip;]<\/p>","protected":false},"featured_media":6490,"comment_status":"closed","ping_status":"open","template":"","meta":{"_acf_changed":false,"_smort_price_nok":"107","_smort_price_dkk":"68","_smort_price_eur":"9.09","_smort_sale_price_nok":"","_smort_sale_price_dkk":"","_smort_sale_price_eur":"","smort_restorder":"","shipmondo_restorder":"","_kad_blocks_custom_css":"","_kad_blocks_head_custom_js":"","_kad_blocks_body_custom_js":"","_kad_blocks_footer_custom_js":"","smort_custom_pricelist_1":"56","smort_custom_pricelist_2":"56","smort_custom_pricelist_3":"53.2","smort_custom_pricelist_4":"80","smort_custom_pricelist_5":"56"},"anvandningsomrade":[166,238,2816],"bilmarken":[],"product_brand":[1252],"product_cat":[2583],"product_tag":[],"class_list":{"0":"post-6489","1":"product","2":"type-product","3":"status-publish","4":"has-post-thumbnail","6":"anvandningsomrade-lastbil","7":"anvandningsomrade-slap","8":"anvandningsomrade-trailer","9":"product_brand-lea","10":"product_cat-lampsarg-slap","11":"pa_storlek-mm-145x145","13":"first","14":"onbackorder","15":"taxable","16":"shipping-taxable","17":"purchasable","18":"product-type-simple"},"bundled_by":[],"bundle_stock_status":"onbackorder","bundle_stock_quantity":0,"bundle_virtual":false,"bundle_layout":"","bundle_add_to_cart_form_location":"","bundle_editable_in_cart":false,"bundle_sold_individually_context":"","bundle_item_grouping":"","bundle_min_size":"","bundle_max_size":"","bundle_price":[],"bundled_items":[],"bundle_sell_ids":[],"acf":[],"yoast_head":"<!-- This site is optimized with the Yoast SEO plugin v27.0 - https:\/\/yoast.com\/product\/yoast-seo-wordpress\/ -->\n<title>Lampsarg 125-serie Chrome - Xenonkungen<\/title>\n<meta name=\"robots\" content=\"index, follow, max-snippet:-1, max-image-preview:large, max-video-preview:-1\" \/>\n<link rel=\"canonical\" href=\"https:\/\/xenonkungen.com\/en\/product\/lamp-frame-125-series-chrome\/\" \/>\n<meta property=\"og:locale\" content=\"en_GB\" \/>\n<meta property=\"og:type\" content=\"article\" \/>\n<meta property=\"og:title\" content=\"Lampsarg 125-serie Chrome - Xenonkungen\" \/>\n<meta property=\"og:description\" content=\"Lampsarg i St\u00e5lkrom: Ett L\u00e4mpligt Val f\u00f6r Utbyte i Kvadrat Serie 125 N\u00e4r det g\u00e4ller att f\u00f6rnya eller ers\u00e4tta delar av din belysning kan kvalitet och passform vara av yttersta vikt. Lampsarg i st\u00e5lkrom erbjuder just detta \u2013 en kombination av h\u00e5llbarhet, estetik och funktion. Varf\u00f6r V\u00e4lja Lampsarg i St\u00e5lkrom? St\u00e5lkrom \u00e4r inte bara en [&hellip;]\" \/>\n<meta property=\"og:url\" content=\"https:\/\/xenonkungen.com\/en\/product\/lamp-frame-125-series-chrome\/\" \/>\n<meta property=\"og:site_name\" content=\"Xenonkungen\" \/>\n<meta property=\"article:modified_time\" content=\"2026-04-10T23:37:50+00:00\" \/>\n<meta property=\"og:image\" content=\"https:\/\/xenonkungen.com\/wp-content\/uploads\/2025\/04\/12778409-origpic-9401f2.jpg\" \/>\n\t<meta property=\"og:image:width\" content=\"600\" \/>\n\t<meta property=\"og:image:height\" content=\"600\" \/>\n\t<meta property=\"og:image:type\" content=\"image\/jpeg\" \/>\n<meta name=\"twitter:card\" content=\"summary_large_image\" \/>\n<meta name=\"twitter:label1\" content=\"Estimated reading time\" \/>\n\t<meta name=\"twitter:data1\" content=\"1 minute\" \/>\n<script type=\"application\/ld+json\" class=\"yoast-schema-graph\">{\"@context\":\"https:\/\/schema.org\",\"@graph\":[{\"@type\":\"WebPage\",\"@id\":\"https:\/\/xenonkungen.com\/es\/producto\/marco-de-lampara-serie-125-cromado\/\",\"url\":\"https:\/\/xenonkungen.com\/es\/producto\/marco-de-lampara-serie-125-cromado\/\",\"name\":\"Lampsarg 125-serie Chrome - Xenonkungen\",\"isPartOf\":{\"@id\":\"https:\/\/xenonkungen.com\/#website\"},\"primaryImageOfPage\":{\"@id\":\"https:\/\/xenonkungen.com\/es\/producto\/marco-de-lampara-serie-125-cromado\/#primaryimage\"},\"image\":{\"@id\":\"https:\/\/xenonkungen.com\/es\/producto\/marco-de-lampara-serie-125-cromado\/#primaryimage\"},\"thumbnailUrl\":\"https:\/\/xenonkungen.com\/wp-content\/uploads\/2025\/04\/12778409-origpic-9401f2.jpg\",\"datePublished\":\"2025-04-15T09:47:06+00:00\",\"dateModified\":\"2026-04-10T23:37:50+00:00\",\"breadcrumb\":{\"@id\":\"https:\/\/xenonkungen.com\/es\/producto\/marco-de-lampara-serie-125-cromado\/#breadcrumb\"},\"inLanguage\":\"en-GB\",\"potentialAction\":[{\"@type\":\"ReadAction\",\"target\":[\"https:\/\/xenonkungen.com\/es\/producto\/marco-de-lampara-serie-125-cromado\/\"]}]},{\"@type\":\"ImageObject\",\"inLanguage\":\"en-GB\",\"@id\":\"https:\/\/xenonkungen.com\/es\/producto\/marco-de-lampara-serie-125-cromado\/#primaryimage\",\"url\":\"https:\/\/xenonkungen.com\/wp-content\/uploads\/2025\/04\/12778409-origpic-9401f2.jpg\",\"contentUrl\":\"https:\/\/xenonkungen.com\/wp-content\/uploads\/2025\/04\/12778409-origpic-9401f2.jpg\",\"width\":600,\"height\":600},{\"@type\":\"BreadcrumbList\",\"@id\":\"https:\/\/xenonkungen.com\/es\/producto\/marco-de-lampara-serie-125-cromado\/#breadcrumb\",\"itemListElement\":[{\"@type\":\"ListItem\",\"position\":1,\"name\":\"Hem\",\"item\":\"https:\/\/xenonkungen.com\/\"},{\"@type\":\"ListItem\",\"position\":2,\"name\":\"Shop\",\"item\":\"https:\/\/xenonkungen.com\/shop\/\"},{\"@type\":\"ListItem\",\"position\":3,\"name\":\"Lampsarg 125-serie Chrome\"}]},{\"@type\":\"WebSite\",\"@id\":\"https:\/\/xenonkungen.com\/#website\",\"url\":\"https:\/\/xenonkungen.com\/\",\"name\":\"Xenonkungen\",\"description\":\"\",\"potentialAction\":[{\"@type\":\"SearchAction\",\"target\":{\"@type\":\"EntryPoint\",\"urlTemplate\":\"https:\/\/xenonkungen.com\/?s={search_term_string}\"},\"query-input\":{\"@type\":\"PropertyValueSpecification\",\"valueRequired\":true,\"valueName\":\"search_term_string\"}}],\"inLanguage\":\"en-GB\"}]}<\/script>\n<!-- \/ Yoast SEO plugin. -->","yoast_head_json":{"title":"Lampsarg 125 series Chrome - The Xenon King","robots":{"index":"index","follow":"follow","max-snippet":"max-snippet:-1","max-image-preview":"max-image-preview:large","max-video-preview":"max-video-preview:-1"},"canonical":"https:\/\/xenonkungen.com\/en\/product\/lamp-frame-125-series-chrome\/","og_locale":"en_GB","og_type":"article","og_title":"Lampsarg 125-serie Chrome - Xenonkungen","og_description":"Lampsarg i St\u00e5lkrom: Ett L\u00e4mpligt Val f\u00f6r Utbyte i Kvadrat Serie 125 N\u00e4r det g\u00e4ller att f\u00f6rnya eller ers\u00e4tta delar av din belysning kan kvalitet och passform vara av yttersta vikt. Lampsarg i st\u00e5lkrom erbjuder just detta \u2013 en kombination av h\u00e5llbarhet, estetik och funktion. Varf\u00f6r V\u00e4lja Lampsarg i St\u00e5lkrom? St\u00e5lkrom \u00e4r inte bara en [&hellip;]","og_url":"https:\/\/xenonkungen.com\/en\/product\/lamp-frame-125-series-chrome\/","og_site_name":"Xenonkungen","article_modified_time":"2026-04-10T23:37:50+00:00","og_image":[{"width":600,"height":600,"url":"https:\/\/xenonkungen.com\/wp-content\/uploads\/2025\/04\/12778409-origpic-9401f2.jpg","type":"image\/jpeg"}],"twitter_card":"summary_large_image","twitter_misc":{"Estimated reading time":"1 minute"},"schema":{"@context":"https:\/\/schema.org","@graph":[{"@type":"WebPage","@id":"https:\/\/xenonkungen.com\/es\/producto\/marco-de-lampara-serie-125-cromado\/","url":"https:\/\/xenonkungen.com\/es\/producto\/marco-de-lampara-serie-125-cromado\/","name":"Lampsarg 125 series Chrome - The Xenon King","isPartOf":{"@id":"https:\/\/xenonkungen.com\/#website"},"primaryImageOfPage":{"@id":"https:\/\/xenonkungen.com\/es\/producto\/marco-de-lampara-serie-125-cromado\/#primaryimage"},"image":{"@id":"https:\/\/xenonkungen.com\/es\/producto\/marco-de-lampara-serie-125-cromado\/#primaryimage"},"thumbnailUrl":"https:\/\/xenonkungen.com\/wp-content\/uploads\/2025\/04\/12778409-origpic-9401f2.jpg","datePublished":"2025-04-15T09:47:06+00:00","dateModified":"2026-04-10T23:37:50+00:00","breadcrumb":{"@id":"https:\/\/xenonkungen.com\/es\/producto\/marco-de-lampara-serie-125-cromado\/#breadcrumb"},"inLanguage":"en-GB","potentialAction":[{"@type":"ReadAction","target":["https:\/\/xenonkungen.com\/es\/producto\/marco-de-lampara-serie-125-cromado\/"]}]},{"@type":"ImageObject","inLanguage":"en-GB","@id":"https:\/\/xenonkungen.com\/es\/producto\/marco-de-lampara-serie-125-cromado\/#primaryimage","url":"https:\/\/xenonkungen.com\/wp-content\/uploads\/2025\/04\/12778409-origpic-9401f2.jpg","contentUrl":"https:\/\/xenonkungen.com\/wp-content\/uploads\/2025\/04\/12778409-origpic-9401f2.jpg","width":600,"height":600},{"@type":"BreadcrumbList","@id":"https:\/\/xenonkungen.com\/es\/producto\/marco-de-lampara-serie-125-cromado\/#breadcrumb","itemListElement":[{"@type":"ListItem","position":1,"name":"Hem","item":"https:\/\/xenonkungen.com\/"},{"@type":"ListItem","position":2,"name":"Shop","item":"https:\/\/xenonkungen.com\/shop\/"},{"@type":"ListItem","position":3,"name":"Lampsarg 125-serie Chrome"}]},{"@type":"WebSite","@id":"https:\/\/xenonkungen.com\/#website","url":"https:\/\/xenonkungen.com\/","name":"Xenonkungen","description":"","potentialAction":[{"@type":"SearchAction","target":{"@type":"EntryPoint","urlTemplate":"https:\/\/xenonkungen.com\/?s={search_term_string}"},"query-input":{"@type":"PropertyValueSpecification","valueRequired":true,"valueName":"search_term_string"}}],"inLanguage":"en-GB"}]}},"taxonomy_info":{"anvandningsomrade":[{"value":166,"label":"Lastbil"},{"value":238,"label":"SL\u00c4P"},{"value":2816,"label":"TRAILER"}],"product_brand":[{"value":1252,"label":"LEA"}],"product_cat":[{"value":2583,"label":"Lampsarg"}],"pa_storlek-mm":[{"value":1766,"label":"145x145"}]},"featured_image_src_large":["https:\/\/xenonkungen.com\/wp-content\/uploads\/2025\/04\/12778409-origpic-9401f2.jpg",600,600,false],"author_info":[],"comment_info":0,"_links":{"self":[{"href":"https:\/\/xenonkungen.com\/en\/wp-json\/wp\/v2\/product\/6489","targetHints":{"allow":["GET"]}}],"collection":[{"href":"https:\/\/xenonkungen.com\/en\/wp-json\/wp\/v2\/product"}],"about":[{"href":"https:\/\/xenonkungen.com\/en\/wp-json\/wp\/v2\/types\/product"}],"replies":[{"embeddable":true,"href":"https:\/\/xenonkungen.com\/en\/wp-json\/wp\/v2\/comments?post=6489"}],"wp:featuredmedia":[{"embeddable":true,"href":"https:\/\/xenonkungen.com\/en\/wp-json\/wp\/v2\/media\/6490"}],"wp:attachment":[{"href":"https:\/\/xenonkungen.com\/en\/wp-json\/wp\/v2\/media?parent=6489"}],"wp:term":[{"taxonomy":"anvandningsomrade","embeddable":true,"href":"https:\/\/xenonkungen.com\/en\/wp-json\/wp\/v2\/anvandningsomrade?post=6489"},{"taxonomy":"bilmarken","embeddable":true,"href":"https:\/\/xenonkungen.com\/en\/wp-json\/wp\/v2\/bilmarken?post=6489"},{"taxonomy":"product_brand","embeddable":true,"href":"https:\/\/xenonkungen.com\/en\/wp-json\/wp\/v2\/product_brand?post=6489"},{"taxonomy":"product_cat","embeddable":true,"href":"https:\/\/xenonkungen.com\/en\/wp-json\/wp\/v2\/product_cat?post=6489"},{"taxonomy":"product_tag","embeddable":true,"href":"https:\/\/xenonkungen.com\/en\/wp-json\/wp\/v2\/product_tag?post=6489"}],"curies":[{"name":"wp","href":"https:\/\/api.w.org\/{rel}","templated":true}]}}