{"id":6540,"date":"2025-04-15T09:47:28","date_gmt":"2025-04-15T09:47:28","guid":{"rendered":"https:\/\/xenonkungen.com\/product\/frontmarkering-129wm\/"},"modified":"2026-04-17T12:08:11","modified_gmt":"2026-04-17T11:08:11","slug":"front-marking-129wm","status":"publish","type":"product","link":"https:\/\/xenonkungen.com\/en\/product\/front-marking-129wm\/","title":{"rendered":"Front marking 129WM"},"content":{"rendered":"<h1>Low Profile Front Marking for Vehicles<\/h1>\n<p>This front marker light is designed to provide maximum visibility for a variety of vehicles, including trailers and lorries. Its multi-voltage function makes it versatile and suitable for different vehicle types.<\/p>\n<p>With three LEDs positioned on the left side and an integrated reflector plate on the right side, this light offers unrivalled visibility and safety. Its low profile and the possibility to be mounted both vertically and horizontally, makes installation discreet with only 13mm depth.<\/p>\n<p>The front marker light is made with a durable construction consisting of a black frame, a PMMA Acrylic lens, an ABS base and a 40cm long fixed cable, ensuring its durability and reliability.<\/p>\n<p>Thanks to its impact resistance and complete water and dust tightness, this light is a reliable choice to keep your vehicle visible and safe in all conditions.<\/p>\n<p>Available in multiple colours to match different uses and aesthetic preferences, this marker light is an essential upgrade to improve vehicle visibility and safety.<\/p>\n<p><strong>Specifications<\/strong><br \/><strong>Voltage (Volt):<\/strong> 12V-24V<br \/><strong>Light source:<\/strong> LED<br \/><strong>Current consumption (Amps):<\/strong><br \/>- 0.02A at 13.8V<br \/>- 0.03A at 28V<br \/><strong>Light colour:<\/strong> White<br \/><strong>Moisture protection: <\/strong>IP67<br \/><strong>Authorised under:<\/strong> ECE, E9, EMC, A, IA<br \/><strong>Size:<\/strong> 129x32x13mm<\/p>\n<p><strong>Good to know:<\/strong><br \/>The screw holes have a distance of 116mm<br \/>When installed, it requires an 8mm hole through which the cable is then threaded. <br \/>Optional lamp holders are available see links below.<\/p>\n<p><strong>Delivery information<\/strong><br \/>1st front marking white<br \/>2 screws for mounting<\/p>\n<p><strong>Guarantee<\/strong><br \/>2 year functional warranty<\/p>","protected":false},"excerpt":{"rendered":"<p><b>Low profile for side marking<\/b><br \/>\n<b>Multivolt<\/b><br \/>\n<b>White Light color<\/b><br \/>\n<b>IP67<\/b><br \/>\n<b>2 year Functional Warranty<\/b><\/p>","protected":false},"featured_media":6541,"comment_status":"closed","ping_status":"open","template":"","meta":{"_acf_changed":false,"_smort_price_nok":"139","_smort_price_dkk":"88","_smort_price_eur":"11.82","_smort_sale_price_nok":"","_smort_sale_price_dkk":"","_smort_sale_price_eur":"","smort_restorder":"","shipmondo_restorder":"","_kad_blocks_custom_css":"","_kad_blocks_head_custom_js":"","_kad_blocks_body_custom_js":"","_kad_blocks_footer_custom_js":"","smort_custom_pricelist_1":"72.8","smort_custom_pricelist_2":"72.8","smort_custom_pricelist_3":"69.16","smort_custom_pricelist_4":"104","smort_custom_pricelist_5":"72.8"},"anvandningsomrade":[166,238,2816],"bilmarken":[],"product_brand":[1252],"product_cat":[2810,2478],"product_tag":[],"class_list":{"0":"post-6540","1":"product","2":"type-product","3":"status-publish","4":"has-post-thumbnail","6":"anvandningsomrade-lastbil","7":"anvandningsomrade-slap","8":"anvandningsomrade-trailer","9":"product_brand-lea","10":"product_cat-front","11":"product_cat-positionsljus-slap","12":"pa_fuktskydd-varde-ipxx-ip67","13":"pa_godkannande-ece-e9-emc-a-ia","14":"pa_storlek-mm-129x32x13","15":"pa_stromforbrukning-0-02a-13-8v","16":"pa_stromforbrukning-0-03a-28v","17":"pa_volt-v-12-24","19":"first","20":"onbackorder","21":"taxable","22":"shipping-taxable","23":"purchasable","24":"product-type-simple"},"bundled_by":[],"bundle_stock_status":"onbackorder","bundle_stock_quantity":-5,"bundle_virtual":false,"bundle_layout":"","bundle_add_to_cart_form_location":"","bundle_editable_in_cart":false,"bundle_sold_individually_context":"","bundle_item_grouping":"","bundle_min_size":"","bundle_max_size":"","bundle_price":[],"bundled_items":[],"bundle_sell_ids":[],"acf":[],"yoast_head":"<!-- This site is optimized with the Yoast SEO plugin v27.0 - https:\/\/yoast.com\/product\/yoast-seo-wordpress\/ -->\n<title>Frontmarkering 129WM - Xenonkungen<\/title>\n<meta name=\"robots\" content=\"index, follow, max-snippet:-1, max-image-preview:large, max-video-preview:-1\" \/>\n<link rel=\"canonical\" href=\"https:\/\/xenonkungen.com\/en\/product\/front-marking-129wm\/\" \/>\n<meta property=\"og:locale\" content=\"en_GB\" \/>\n<meta property=\"og:type\" content=\"article\" \/>\n<meta property=\"og:title\" content=\"Frontmarkering 129WM - Xenonkungen\" \/>\n<meta property=\"og:description\" content=\"L\u00e5g profil f\u00f6r sidomarkering Multivolt Vit Ljusf\u00e4rg IP67 2 \u00e5rs Funktionsgaranti\" \/>\n<meta property=\"og:url\" content=\"https:\/\/xenonkungen.com\/en\/product\/front-marking-129wm\/\" \/>\n<meta property=\"og:site_name\" content=\"Xenonkungen\" \/>\n<meta property=\"article:modified_time\" content=\"2026-04-17T11:08:11+00:00\" \/>\n<meta property=\"og:image\" content=\"https:\/\/xenonkungen.com\/wp-content\/uploads\/2025\/04\/21677847-origpic-cea6b4.jpg\" \/>\n\t<meta property=\"og:image:width\" content=\"450\" \/>\n\t<meta property=\"og:image:height\" content=\"450\" \/>\n\t<meta property=\"og:image:type\" content=\"image\/jpeg\" \/>\n<meta name=\"twitter:card\" content=\"summary_large_image\" \/>\n<meta name=\"twitter:label1\" content=\"Estimated reading time\" \/>\n\t<meta name=\"twitter:data1\" content=\"1 minute\" \/>\n<script type=\"application\/ld+json\" class=\"yoast-schema-graph\">{\"@context\":\"https:\/\/schema.org\",\"@graph\":[{\"@type\":\"WebPage\",\"@id\":\"https:\/\/xenonkungen.com\/produkt\/frontmarkering-129wm\/\",\"url\":\"https:\/\/xenonkungen.com\/produkt\/frontmarkering-129wm\/\",\"name\":\"Frontmarkering 129WM - Xenonkungen\",\"isPartOf\":{\"@id\":\"https:\/\/xenonkungen.com\/#website\"},\"primaryImageOfPage\":{\"@id\":\"https:\/\/xenonkungen.com\/produkt\/frontmarkering-129wm\/#primaryimage\"},\"image\":{\"@id\":\"https:\/\/xenonkungen.com\/produkt\/frontmarkering-129wm\/#primaryimage\"},\"thumbnailUrl\":\"https:\/\/xenonkungen.com\/wp-content\/uploads\/2025\/04\/21677847-origpic-cea6b4.jpg\",\"datePublished\":\"2025-04-15T09:47:28+00:00\",\"dateModified\":\"2026-04-17T11:08:11+00:00\",\"breadcrumb\":{\"@id\":\"https:\/\/xenonkungen.com\/produkt\/frontmarkering-129wm\/#breadcrumb\"},\"inLanguage\":\"en-GB\",\"potentialAction\":[{\"@type\":\"ReadAction\",\"target\":[\"https:\/\/xenonkungen.com\/produkt\/frontmarkering-129wm\/\"]}]},{\"@type\":\"ImageObject\",\"inLanguage\":\"en-GB\",\"@id\":\"https:\/\/xenonkungen.com\/produkt\/frontmarkering-129wm\/#primaryimage\",\"url\":\"https:\/\/xenonkungen.com\/wp-content\/uploads\/2025\/04\/21677847-origpic-cea6b4.jpg\",\"contentUrl\":\"https:\/\/xenonkungen.com\/wp-content\/uploads\/2025\/04\/21677847-origpic-cea6b4.jpg\",\"width\":450,\"height\":450},{\"@type\":\"BreadcrumbList\",\"@id\":\"https:\/\/xenonkungen.com\/produkt\/frontmarkering-129wm\/#breadcrumb\",\"itemListElement\":[{\"@type\":\"ListItem\",\"position\":1,\"name\":\"Hem\",\"item\":\"https:\/\/xenonkungen.com\/\"},{\"@type\":\"ListItem\",\"position\":2,\"name\":\"Shop\",\"item\":\"https:\/\/xenonkungen.com\/shop\/\"},{\"@type\":\"ListItem\",\"position\":3,\"name\":\"Frontmarkering 129WM\"}]},{\"@type\":\"WebSite\",\"@id\":\"https:\/\/xenonkungen.com\/#website\",\"url\":\"https:\/\/xenonkungen.com\/\",\"name\":\"Xenonkungen\",\"description\":\"\",\"potentialAction\":[{\"@type\":\"SearchAction\",\"target\":{\"@type\":\"EntryPoint\",\"urlTemplate\":\"https:\/\/xenonkungen.com\/?s={search_term_string}\"},\"query-input\":{\"@type\":\"PropertyValueSpecification\",\"valueRequired\":true,\"valueName\":\"search_term_string\"}}],\"inLanguage\":\"en-GB\"}]}<\/script>\n<!-- \/ Yoast SEO plugin. -->","yoast_head_json":{"title":"Front marking 129WM - The Xenon King","robots":{"index":"index","follow":"follow","max-snippet":"max-snippet:-1","max-image-preview":"max-image-preview:large","max-video-preview":"max-video-preview:-1"},"canonical":"https:\/\/xenonkungen.com\/en\/product\/front-marking-129wm\/","og_locale":"en_GB","og_type":"article","og_title":"Frontmarkering 129WM - Xenonkungen","og_description":"L\u00e5g profil f\u00f6r sidomarkering Multivolt Vit Ljusf\u00e4rg IP67 2 \u00e5rs Funktionsgaranti","og_url":"https:\/\/xenonkungen.com\/en\/product\/front-marking-129wm\/","og_site_name":"Xenonkungen","article_modified_time":"2026-04-17T11:08:11+00:00","og_image":[{"width":450,"height":450,"url":"https:\/\/xenonkungen.com\/wp-content\/uploads\/2025\/04\/21677847-origpic-cea6b4.jpg","type":"image\/jpeg"}],"twitter_card":"summary_large_image","twitter_misc":{"Estimated reading time":"1 minute"},"schema":{"@context":"https:\/\/schema.org","@graph":[{"@type":"WebPage","@id":"https:\/\/xenonkungen.com\/produkt\/frontmarkering-129wm\/","url":"https:\/\/xenonkungen.com\/produkt\/frontmarkering-129wm\/","name":"Front marking 129WM - The Xenon King","isPartOf":{"@id":"https:\/\/xenonkungen.com\/#website"},"primaryImageOfPage":{"@id":"https:\/\/xenonkungen.com\/produkt\/frontmarkering-129wm\/#primaryimage"},"image":{"@id":"https:\/\/xenonkungen.com\/produkt\/frontmarkering-129wm\/#primaryimage"},"thumbnailUrl":"https:\/\/xenonkungen.com\/wp-content\/uploads\/2025\/04\/21677847-origpic-cea6b4.jpg","datePublished":"2025-04-15T09:47:28+00:00","dateModified":"2026-04-17T11:08:11+00:00","breadcrumb":{"@id":"https:\/\/xenonkungen.com\/produkt\/frontmarkering-129wm\/#breadcrumb"},"inLanguage":"en-GB","potentialAction":[{"@type":"ReadAction","target":["https:\/\/xenonkungen.com\/produkt\/frontmarkering-129wm\/"]}]},{"@type":"ImageObject","inLanguage":"en-GB","@id":"https:\/\/xenonkungen.com\/produkt\/frontmarkering-129wm\/#primaryimage","url":"https:\/\/xenonkungen.com\/wp-content\/uploads\/2025\/04\/21677847-origpic-cea6b4.jpg","contentUrl":"https:\/\/xenonkungen.com\/wp-content\/uploads\/2025\/04\/21677847-origpic-cea6b4.jpg","width":450,"height":450},{"@type":"BreadcrumbList","@id":"https:\/\/xenonkungen.com\/produkt\/frontmarkering-129wm\/#breadcrumb","itemListElement":[{"@type":"ListItem","position":1,"name":"Hem","item":"https:\/\/xenonkungen.com\/"},{"@type":"ListItem","position":2,"name":"Shop","item":"https:\/\/xenonkungen.com\/shop\/"},{"@type":"ListItem","position":3,"name":"Frontmarkering 129WM"}]},{"@type":"WebSite","@id":"https:\/\/xenonkungen.com\/#website","url":"https:\/\/xenonkungen.com\/","name":"Xenonkungen","description":"","potentialAction":[{"@type":"SearchAction","target":{"@type":"EntryPoint","urlTemplate":"https:\/\/xenonkungen.com\/?s={search_term_string}"},"query-input":{"@type":"PropertyValueSpecification","valueRequired":true,"valueName":"search_term_string"}}],"inLanguage":"en-GB"}]}},"taxonomy_info":{"anvandningsomrade":[{"value":166,"label":"Lastbil"},{"value":238,"label":"SL\u00c4P"},{"value":2816,"label":"TRAILER"}],"product_brand":[{"value":1252,"label":"LEA"}],"product_cat":[{"value":2810,"label":"Front"},{"value":2478,"label":"Positionsljus"}],"pa_fuktskydd-varde-ipxx":[{"value":333,"label":"IP67"}],"pa_godkannande":[{"value":1781,"label":"ECE, E9, EMC, A, IA"}],"pa_storlek-mm":[{"value":1779,"label":"129x32x13"}],"pa_stromforbrukning":[{"value":1775,"label":"0.02A @13.8V"},{"value":1776,"label":"0.03A @28V"}],"pa_volt-v":[{"value":348,"label":"12, 24"}]},"featured_image_src_large":["https:\/\/xenonkungen.com\/wp-content\/uploads\/2025\/04\/21677847-origpic-cea6b4.jpg",450,450,false],"author_info":[],"comment_info":0,"_links":{"self":[{"href":"https:\/\/xenonkungen.com\/en\/wp-json\/wp\/v2\/product\/6540","targetHints":{"allow":["GET"]}}],"collection":[{"href":"https:\/\/xenonkungen.com\/en\/wp-json\/wp\/v2\/product"}],"about":[{"href":"https:\/\/xenonkungen.com\/en\/wp-json\/wp\/v2\/types\/product"}],"replies":[{"embeddable":true,"href":"https:\/\/xenonkungen.com\/en\/wp-json\/wp\/v2\/comments?post=6540"}],"wp:featuredmedia":[{"embeddable":true,"href":"https:\/\/xenonkungen.com\/en\/wp-json\/wp\/v2\/media\/6541"}],"wp:attachment":[{"href":"https:\/\/xenonkungen.com\/en\/wp-json\/wp\/v2\/media?parent=6540"}],"wp:term":[{"taxonomy":"anvandningsomrade","embeddable":true,"href":"https:\/\/xenonkungen.com\/en\/wp-json\/wp\/v2\/anvandningsomrade?post=6540"},{"taxonomy":"bilmarken","embeddable":true,"href":"https:\/\/xenonkungen.com\/en\/wp-json\/wp\/v2\/bilmarken?post=6540"},{"taxonomy":"product_brand","embeddable":true,"href":"https:\/\/xenonkungen.com\/en\/wp-json\/wp\/v2\/product_brand?post=6540"},{"taxonomy":"product_cat","embeddable":true,"href":"https:\/\/xenonkungen.com\/en\/wp-json\/wp\/v2\/product_cat?post=6540"},{"taxonomy":"product_tag","embeddable":true,"href":"https:\/\/xenonkungen.com\/en\/wp-json\/wp\/v2\/product_tag?post=6540"}],"curies":[{"name":"wp","href":"https:\/\/api.w.org\/{rel}","templated":true}]}}