{"id":6676,"date":"2025-04-15T09:48:16","date_gmt":"2025-04-15T09:48:16","guid":{"rendered":"https:\/\/xenonkungen.com\/product\/baklampa-kompakt-150x80mm-12v-2-pack\/"},"modified":"2026-04-11T00:41:25","modified_gmt":"2026-04-10T23:41:25","slug":"rear-light-compact-150x80mm-12v-2-pack","status":"publish","type":"product","link":"https:\/\/xenonkungen.com\/en\/product\/rear-light-compact-150x80mm-12v-2-pack\/","title":{"rendered":"Taillight Compact 150x80mm | 12V (2-pack)"},"content":{"rendered":"<h1>Compact Rear Marker Set with LED Lights \u2013 For Versatile Vehicle Lighting<\/h1>\n<p>Our compact rear marker set with LED lights is the ultimate solution to improve the illumination and safety of your vehicle. This set includes two lights that offer a variety of functions, including stop light, reversing light, indicator marking and reflector. In addition, one of the lights has signage lighting, providing extra functionality.<\/p>\n<h2>Package contents:<\/h2>\n<ul>\n<li>2 pcs Backlight Compact 150x80mm | 12V<\/li>\n<\/ul>\n<h2>Warranty: 3 years<\/h2>\n<p>We are proud to offer a generous 3-year warranty to confirm our confidence in the high quality and performance of this compact rear marker kit with LED lights. Choose this set to improve your vehicle safety and lighting.<\/p>","protected":false},"excerpt":{"rendered":"<p>Compact rear marker light set with LED light. Both lights in this set have functions such as stop, rear, turn signal marking and reflector. One also has license plate lighting.<br \/>\nVolt: 12V<br \/>\nMoisture protection: IP67<br \/>\nApproval: ECE &amp; EMC<br \/>\nWarranty: 3 years<\/p>","protected":false},"featured_media":6677,"comment_status":"closed","ping_status":"open","template":"","meta":{"_acf_changed":false,"_smort_price_nok":"513","_smort_price_dkk":"326","_smort_price_eur":"43.63","_smort_sale_price_nok":"","_smort_sale_price_dkk":"","_smort_sale_price_eur":"","smort_restorder":"","shipmondo_restorder":"","_kad_blocks_custom_css":"","_kad_blocks_head_custom_js":"","_kad_blocks_body_custom_js":"","_kad_blocks_footer_custom_js":"","smort_custom_pricelist_1":"268.8","smort_custom_pricelist_2":"268.8","smort_custom_pricelist_3":"255.36","smort_custom_pricelist_4":"384","smort_custom_pricelist_5":"268.8"},"anvandningsomrade":[166,238,2816],"bilmarken":[],"product_brand":[1252],"product_cat":[2552],"product_tag":[],"class_list":{"0":"post-6676","1":"product","2":"type-product","3":"status-publish","4":"has-post-thumbnail","6":"anvandningsomrade-lastbil","7":"anvandningsomrade-slap","8":"anvandningsomrade-trailer","9":"product_brand-lea","10":"product_cat-bakljus-slap","11":"pa_fuktskydd-varde-ipxx-ip67","12":"pa_godkannande-ece-emc","13":"pa_storlek-mm-150x80","14":"pa_volt-v-159","16":"first","17":"instock","18":"taxable","19":"shipping-taxable","20":"purchasable","21":"product-type-simple"},"bundled_by":[],"bundle_stock_status":"instock","bundle_stock_quantity":2,"bundle_virtual":false,"bundle_layout":"","bundle_add_to_cart_form_location":"","bundle_editable_in_cart":false,"bundle_sold_individually_context":"","bundle_item_grouping":"","bundle_min_size":"","bundle_max_size":"","bundle_price":[],"bundled_items":[],"bundle_sell_ids":[],"acf":[],"yoast_head":"<!-- This site is optimized with the Yoast SEO plugin v27.0 - https:\/\/yoast.com\/product\/yoast-seo-wordpress\/ -->\n<title>Baklampa Kompakt 150x80mm | 12V (2-pack) - Xenonkungen<\/title>\n<meta name=\"robots\" content=\"index, follow, max-snippet:-1, max-image-preview:large, max-video-preview:-1\" \/>\n<link rel=\"canonical\" href=\"https:\/\/xenonkungen.com\/en\/product\/rear-light-compact-150x80mm-12v-2-pack\/\" \/>\n<meta property=\"og:locale\" content=\"en_GB\" \/>\n<meta property=\"og:type\" content=\"article\" \/>\n<meta property=\"og:title\" content=\"Baklampa Kompakt 150x80mm | 12V (2-pack) - Xenonkungen\" \/>\n<meta property=\"og:description\" content=\"Kompakt Bak-markeringslampset med LED-ljus. B\u00e5da lyktorna i detta set har funktioner som stopp-, bak-, blinkersmarkering och reflex. Ena har dessutom \u00e4ven skyltbelysning. Volt: 12V Fuktskydd: IP67 Godk\u00e4nnande: ECE &amp; EMC Garanti: 3 \u00e5r\" \/>\n<meta property=\"og:url\" content=\"https:\/\/xenonkungen.com\/en\/product\/rear-light-compact-150x80mm-12v-2-pack\/\" \/>\n<meta property=\"og:site_name\" content=\"Xenonkungen\" \/>\n<meta property=\"article:modified_time\" content=\"2026-04-10T23:41:25+00:00\" \/>\n<meta property=\"og:image\" content=\"https:\/\/xenonkungen.com\/wp-content\/uploads\/2025\/04\/177481539-origpic-c255a8.jpg\" \/>\n\t<meta property=\"og:image:width\" content=\"800\" \/>\n\t<meta property=\"og:image:height\" content=\"800\" \/>\n\t<meta property=\"og:image:type\" content=\"image\/jpeg\" \/>\n<meta name=\"twitter:card\" content=\"summary_large_image\" \/>\n<meta name=\"twitter:label1\" content=\"Estimated reading time\" \/>\n\t<meta name=\"twitter:data1\" content=\"1 minute\" \/>\n<script type=\"application\/ld+json\" class=\"yoast-schema-graph\">{\"@context\":\"https:\/\/schema.org\",\"@graph\":[{\"@type\":\"WebPage\",\"@id\":\"https:\/\/xenonkungen.com\/no\/produkt\/kompakt-baklykt-150x80mm-12v-2-pakning\/\",\"url\":\"https:\/\/xenonkungen.com\/no\/produkt\/kompakt-baklykt-150x80mm-12v-2-pakning\/\",\"name\":\"Baklampa Kompakt 150x80mm | 12V (2-pack) - Xenonkungen\",\"isPartOf\":{\"@id\":\"https:\/\/xenonkungen.com\/#website\"},\"primaryImageOfPage\":{\"@id\":\"https:\/\/xenonkungen.com\/no\/produkt\/kompakt-baklykt-150x80mm-12v-2-pakning\/#primaryimage\"},\"image\":{\"@id\":\"https:\/\/xenonkungen.com\/no\/produkt\/kompakt-baklykt-150x80mm-12v-2-pakning\/#primaryimage\"},\"thumbnailUrl\":\"https:\/\/xenonkungen.com\/wp-content\/uploads\/2025\/04\/177481539-origpic-c255a8.jpg\",\"datePublished\":\"2025-04-15T09:48:16+00:00\",\"dateModified\":\"2026-04-10T23:41:25+00:00\",\"breadcrumb\":{\"@id\":\"https:\/\/xenonkungen.com\/no\/produkt\/kompakt-baklykt-150x80mm-12v-2-pakning\/#breadcrumb\"},\"inLanguage\":\"en-GB\",\"potentialAction\":[{\"@type\":\"ReadAction\",\"target\":[\"https:\/\/xenonkungen.com\/no\/produkt\/kompakt-baklykt-150x80mm-12v-2-pakning\/\"]}]},{\"@type\":\"ImageObject\",\"inLanguage\":\"en-GB\",\"@id\":\"https:\/\/xenonkungen.com\/no\/produkt\/kompakt-baklykt-150x80mm-12v-2-pakning\/#primaryimage\",\"url\":\"https:\/\/xenonkungen.com\/wp-content\/uploads\/2025\/04\/177481539-origpic-c255a8.jpg\",\"contentUrl\":\"https:\/\/xenonkungen.com\/wp-content\/uploads\/2025\/04\/177481539-origpic-c255a8.jpg\",\"width\":800,\"height\":800},{\"@type\":\"BreadcrumbList\",\"@id\":\"https:\/\/xenonkungen.com\/no\/produkt\/kompakt-baklykt-150x80mm-12v-2-pakning\/#breadcrumb\",\"itemListElement\":[{\"@type\":\"ListItem\",\"position\":1,\"name\":\"Hem\",\"item\":\"https:\/\/xenonkungen.com\/\"},{\"@type\":\"ListItem\",\"position\":2,\"name\":\"Shop\",\"item\":\"https:\/\/xenonkungen.com\/shop\/\"},{\"@type\":\"ListItem\",\"position\":3,\"name\":\"Baklampa Kompakt 150x80mm | 12V (2-pack)\"}]},{\"@type\":\"WebSite\",\"@id\":\"https:\/\/xenonkungen.com\/#website\",\"url\":\"https:\/\/xenonkungen.com\/\",\"name\":\"Xenonkungen\",\"description\":\"\",\"potentialAction\":[{\"@type\":\"SearchAction\",\"target\":{\"@type\":\"EntryPoint\",\"urlTemplate\":\"https:\/\/xenonkungen.com\/?s={search_term_string}\"},\"query-input\":{\"@type\":\"PropertyValueSpecification\",\"valueRequired\":true,\"valueName\":\"search_term_string\"}}],\"inLanguage\":\"en-GB\"}]}<\/script>\n<!-- \/ Yoast SEO plugin. -->","yoast_head_json":{"title":"Rear lamp Compact 150x80mm | 12V (2-pack) - The Xenon King","robots":{"index":"index","follow":"follow","max-snippet":"max-snippet:-1","max-image-preview":"max-image-preview:large","max-video-preview":"max-video-preview:-1"},"canonical":"https:\/\/xenonkungen.com\/en\/product\/rear-light-compact-150x80mm-12v-2-pack\/","og_locale":"en_GB","og_type":"article","og_title":"Baklampa Kompakt 150x80mm | 12V (2-pack) - Xenonkungen","og_description":"Kompakt Bak-markeringslampset med LED-ljus. B\u00e5da lyktorna i detta set har funktioner som stopp-, bak-, blinkersmarkering och reflex. Ena har dessutom \u00e4ven skyltbelysning. Volt: 12V Fuktskydd: IP67 Godk\u00e4nnande: ECE & EMC Garanti: 3 \u00e5r","og_url":"https:\/\/xenonkungen.com\/en\/product\/rear-light-compact-150x80mm-12v-2-pack\/","og_site_name":"Xenonkungen","article_modified_time":"2026-04-10T23:41:25+00:00","og_image":[{"width":800,"height":800,"url":"https:\/\/xenonkungen.com\/wp-content\/uploads\/2025\/04\/177481539-origpic-c255a8.jpg","type":"image\/jpeg"}],"twitter_card":"summary_large_image","twitter_misc":{"Estimated reading time":"1 minute"},"schema":{"@context":"https:\/\/schema.org","@graph":[{"@type":"WebPage","@id":"https:\/\/xenonkungen.com\/no\/produkt\/kompakt-baklykt-150x80mm-12v-2-pakning\/","url":"https:\/\/xenonkungen.com\/no\/produkt\/kompakt-baklykt-150x80mm-12v-2-pakning\/","name":"Rear lamp Compact 150x80mm | 12V (2-pack) - The Xenon King","isPartOf":{"@id":"https:\/\/xenonkungen.com\/#website"},"primaryImageOfPage":{"@id":"https:\/\/xenonkungen.com\/no\/produkt\/kompakt-baklykt-150x80mm-12v-2-pakning\/#primaryimage"},"image":{"@id":"https:\/\/xenonkungen.com\/no\/produkt\/kompakt-baklykt-150x80mm-12v-2-pakning\/#primaryimage"},"thumbnailUrl":"https:\/\/xenonkungen.com\/wp-content\/uploads\/2025\/04\/177481539-origpic-c255a8.jpg","datePublished":"2025-04-15T09:48:16+00:00","dateModified":"2026-04-10T23:41:25+00:00","breadcrumb":{"@id":"https:\/\/xenonkungen.com\/no\/produkt\/kompakt-baklykt-150x80mm-12v-2-pakning\/#breadcrumb"},"inLanguage":"en-GB","potentialAction":[{"@type":"ReadAction","target":["https:\/\/xenonkungen.com\/no\/produkt\/kompakt-baklykt-150x80mm-12v-2-pakning\/"]}]},{"@type":"ImageObject","inLanguage":"en-GB","@id":"https:\/\/xenonkungen.com\/no\/produkt\/kompakt-baklykt-150x80mm-12v-2-pakning\/#primaryimage","url":"https:\/\/xenonkungen.com\/wp-content\/uploads\/2025\/04\/177481539-origpic-c255a8.jpg","contentUrl":"https:\/\/xenonkungen.com\/wp-content\/uploads\/2025\/04\/177481539-origpic-c255a8.jpg","width":800,"height":800},{"@type":"BreadcrumbList","@id":"https:\/\/xenonkungen.com\/no\/produkt\/kompakt-baklykt-150x80mm-12v-2-pakning\/#breadcrumb","itemListElement":[{"@type":"ListItem","position":1,"name":"Hem","item":"https:\/\/xenonkungen.com\/"},{"@type":"ListItem","position":2,"name":"Shop","item":"https:\/\/xenonkungen.com\/shop\/"},{"@type":"ListItem","position":3,"name":"Baklampa Kompakt 150x80mm | 12V (2-pack)"}]},{"@type":"WebSite","@id":"https:\/\/xenonkungen.com\/#website","url":"https:\/\/xenonkungen.com\/","name":"Xenonkungen","description":"","potentialAction":[{"@type":"SearchAction","target":{"@type":"EntryPoint","urlTemplate":"https:\/\/xenonkungen.com\/?s={search_term_string}"},"query-input":{"@type":"PropertyValueSpecification","valueRequired":true,"valueName":"search_term_string"}}],"inLanguage":"en-GB"}]}},"taxonomy_info":{"anvandningsomrade":[{"value":166,"label":"Lastbil"},{"value":238,"label":"SL\u00c4P"},{"value":2816,"label":"TRAILER"}],"product_brand":[{"value":1252,"label":"LEA"}],"product_cat":[{"value":2552,"label":"Bakljus"}],"pa_fuktskydd-varde-ipxx":[{"value":333,"label":"IP67"}],"pa_godkannande":[{"value":1262,"label":"ECE, EMC"}],"pa_storlek-mm":[{"value":1815,"label":"150x80"}],"pa_volt-v":[{"value":159,"label":"12"}]},"featured_image_src_large":["https:\/\/xenonkungen.com\/wp-content\/uploads\/2025\/04\/177481539-origpic-c255a8.jpg",800,800,false],"author_info":[],"comment_info":0,"_links":{"self":[{"href":"https:\/\/xenonkungen.com\/en\/wp-json\/wp\/v2\/product\/6676","targetHints":{"allow":["GET"]}}],"collection":[{"href":"https:\/\/xenonkungen.com\/en\/wp-json\/wp\/v2\/product"}],"about":[{"href":"https:\/\/xenonkungen.com\/en\/wp-json\/wp\/v2\/types\/product"}],"replies":[{"embeddable":true,"href":"https:\/\/xenonkungen.com\/en\/wp-json\/wp\/v2\/comments?post=6676"}],"wp:featuredmedia":[{"embeddable":true,"href":"https:\/\/xenonkungen.com\/en\/wp-json\/wp\/v2\/media\/6677"}],"wp:attachment":[{"href":"https:\/\/xenonkungen.com\/en\/wp-json\/wp\/v2\/media?parent=6676"}],"wp:term":[{"taxonomy":"anvandningsomrade","embeddable":true,"href":"https:\/\/xenonkungen.com\/en\/wp-json\/wp\/v2\/anvandningsomrade?post=6676"},{"taxonomy":"bilmarken","embeddable":true,"href":"https:\/\/xenonkungen.com\/en\/wp-json\/wp\/v2\/bilmarken?post=6676"},{"taxonomy":"product_brand","embeddable":true,"href":"https:\/\/xenonkungen.com\/en\/wp-json\/wp\/v2\/product_brand?post=6676"},{"taxonomy":"product_cat","embeddable":true,"href":"https:\/\/xenonkungen.com\/en\/wp-json\/wp\/v2\/product_cat?post=6676"},{"taxonomy":"product_tag","embeddable":true,"href":"https:\/\/xenonkungen.com\/en\/wp-json\/wp\/v2\/product_tag?post=6676"}],"curies":[{"name":"wp","href":"https:\/\/api.w.org\/{rel}","templated":true}]}}