{"id":6770,"date":"2025-04-15T09:49:12","date_gmt":"2025-04-15T09:49:12","guid":{"rendered":"https:\/\/xenonkungen.com\/product\/lampsarg-for-3st-200mm-chrome\/"},"modified":"2026-04-11T00:42:48","modified_gmt":"2026-04-10T23:42:48","slug":"lamp-frame-for-3pcs-200mm-chrome","status":"publish","type":"product","link":"https:\/\/xenonkungen.com\/en\/product\/lamp-frame-for-3pcs-200mm-chrome\/","title":{"rendered":"Lamp frame for 3pcs 200mm | Chrome"},"content":{"rendered":"<h1>Lampshade in Chrome finish<\/h1>\n<p>The chrome finish lampholder is a practical and aesthetically pleasing solution for replacing or upgrading your Slim-line Triple Series 200 lamp. Designed with both functionality and aesthetics in mind, this particular trim offers several benefits for your lighting solution.<\/p>\n<p>Firstly, the chrome finish of the lampshade is a visual delight. Chrome provides a shiny and modern finish that gives your lamp a sophisticated and elegant look. The reflective chrome surface can complement different interior styles and add a touch of elegance wherever it is used. If you want to give your Slim-line Triple Series 200 lamp an upgraded look, the chrome lampshade is an excellent choice.<\/p>\n<p>But it's not just about looks. This casing is designed to be robust and durable. It is designed to protect the lamp inside and ensure its reliability and performance over time. With the right frame, you can extend the life of your lamp and ensure it works properly, even in demanding conditions.<\/p>\n<p>The installation of the lamp frame is also easy and convenient. You don't need to be a professional technician to replace your existing frame. With the right tools and a few simple steps, you can quickly and easily install the new chrome frame and enjoy the benefits of its aesthetics and functionality.<\/p>\n<p>To summarise, the chrome finish lampshade is an excellent choice for anyone who owns a Slim-line Triple Series 200 lamp and wants to upgrade its appearance and functionality. With its striking chrome finish and robust construction, you can be sure that it will be a reliable companion for your lamp and enhance its overall performance and aesthetics. It's an easy way to give your lighting a boost and enjoy the benefits of modern design and durability.<\/p>","protected":false},"excerpt":{"rendered":"<p>Lampsarg i Kromutf\u00f6rande Lampsargen i kromutf\u00f6rande \u00e4r en praktisk och estetiskt tilltalande l\u00f6sning f\u00f6r att ers\u00e4tta eller uppgradera din Slim-line Trippel serie 200-lampa. Denna s\u00e4rskilda sarg \u00e4r utformad med b\u00e5de funktionalitet och estetik i \u00e5tanke och erbjuder flera f\u00f6rdelar f\u00f6r din belysningsl\u00f6sning. F\u00f6r det f\u00f6rsta \u00e4r kromutf\u00f6randet av lampsargen en visuell njutning. Krom ger en [&hellip;]<\/p>","protected":false},"featured_media":6771,"comment_status":"closed","ping_status":"open","template":"","meta":{"_acf_changed":false,"_smort_price_nok":"139","_smort_price_dkk":"88","_smort_price_eur":"11.82","_smort_sale_price_nok":"","_smort_sale_price_dkk":"","_smort_sale_price_eur":"","smort_restorder":"","shipmondo_restorder":"","_kad_blocks_custom_css":"","_kad_blocks_head_custom_js":"","_kad_blocks_body_custom_js":"","_kad_blocks_footer_custom_js":"","smort_custom_pricelist_1":"72.8","smort_custom_pricelist_2":"72.8","smort_custom_pricelist_3":"69.16","smort_custom_pricelist_4":"104","smort_custom_pricelist_5":"72.8"},"anvandningsomrade":[166,238,2816],"bilmarken":[],"product_brand":[1252],"product_cat":[2583],"product_tag":[],"class_list":{"0":"post-6770","1":"product","2":"type-product","3":"status-publish","4":"has-post-thumbnail","6":"anvandningsomrade-lastbil","7":"anvandningsomrade-slap","8":"anvandningsomrade-trailer","9":"product_brand-lea","10":"product_cat-lampsarg-slap","12":"first","13":"onbackorder","14":"taxable","15":"shipping-taxable","16":"purchasable","17":"product-type-simple"},"bundled_by":[],"bundle_stock_status":"onbackorder","bundle_stock_quantity":0,"bundle_virtual":false,"bundle_layout":"","bundle_add_to_cart_form_location":"","bundle_editable_in_cart":false,"bundle_sold_individually_context":"","bundle_item_grouping":"","bundle_min_size":"","bundle_max_size":"","bundle_price":[],"bundled_items":[],"bundle_sell_ids":[],"acf":[],"yoast_head":"<!-- This site is optimized with the Yoast SEO plugin v27.0 - https:\/\/yoast.com\/product\/yoast-seo-wordpress\/ -->\n<title>Lampsarg f\u00f6r 3st 200mm | Chrome - Xenonkungen<\/title>\n<meta name=\"robots\" content=\"index, follow, max-snippet:-1, max-image-preview:large, max-video-preview:-1\" \/>\n<link rel=\"canonical\" href=\"https:\/\/xenonkungen.com\/en\/product\/lamp-frame-for-3pcs-200mm-chrome\/\" \/>\n<meta property=\"og:locale\" content=\"en_GB\" \/>\n<meta property=\"og:type\" content=\"article\" \/>\n<meta property=\"og:title\" content=\"Lampsarg f\u00f6r 3st 200mm | Chrome - Xenonkungen\" \/>\n<meta property=\"og:description\" content=\"Lampsarg i Kromutf\u00f6rande Lampsargen i kromutf\u00f6rande \u00e4r en praktisk och estetiskt tilltalande l\u00f6sning f\u00f6r att ers\u00e4tta eller uppgradera din Slim-line Trippel serie 200-lampa. Denna s\u00e4rskilda sarg \u00e4r utformad med b\u00e5de funktionalitet och estetik i \u00e5tanke och erbjuder flera f\u00f6rdelar f\u00f6r din belysningsl\u00f6sning. F\u00f6r det f\u00f6rsta \u00e4r kromutf\u00f6randet av lampsargen en visuell njutning. Krom ger en [&hellip;]\" \/>\n<meta property=\"og:url\" content=\"https:\/\/xenonkungen.com\/en\/product\/lamp-frame-for-3pcs-200mm-chrome\/\" \/>\n<meta property=\"og:site_name\" content=\"Xenonkungen\" \/>\n<meta property=\"article:modified_time\" content=\"2026-04-10T23:42:48+00:00\" \/>\n<meta property=\"og:image\" content=\"https:\/\/xenonkungen.com\/wp-content\/uploads\/2025\/04\/7341126-origpic-239443.jpg\" \/>\n\t<meta property=\"og:image:width\" content=\"600\" \/>\n\t<meta property=\"og:image:height\" content=\"600\" \/>\n\t<meta property=\"og:image:type\" content=\"image\/jpeg\" \/>\n<meta name=\"twitter:card\" content=\"summary_large_image\" \/>\n<meta name=\"twitter:label1\" content=\"Estimated reading time\" \/>\n\t<meta name=\"twitter:data1\" content=\"2 minutes\" \/>\n<script type=\"application\/ld+json\" class=\"yoast-schema-graph\">{\"@context\":\"https:\/\/schema.org\",\"@graph\":[{\"@type\":\"WebPage\",\"@id\":\"https:\/\/xenonkungen.com\/es\/producto\/marco-de-lampara-para-3-piezas-200-mm-cromado\/\",\"url\":\"https:\/\/xenonkungen.com\/es\/producto\/marco-de-lampara-para-3-piezas-200-mm-cromado\/\",\"name\":\"Lampsarg f\u00f6r 3st 200mm | Chrome - Xenonkungen\",\"isPartOf\":{\"@id\":\"https:\/\/xenonkungen.com\/#website\"},\"primaryImageOfPage\":{\"@id\":\"https:\/\/xenonkungen.com\/es\/producto\/marco-de-lampara-para-3-piezas-200-mm-cromado\/#primaryimage\"},\"image\":{\"@id\":\"https:\/\/xenonkungen.com\/es\/producto\/marco-de-lampara-para-3-piezas-200-mm-cromado\/#primaryimage\"},\"thumbnailUrl\":\"https:\/\/xenonkungen.com\/wp-content\/uploads\/2025\/04\/7341126-origpic-239443.jpg\",\"datePublished\":\"2025-04-15T09:49:12+00:00\",\"dateModified\":\"2026-04-10T23:42:48+00:00\",\"breadcrumb\":{\"@id\":\"https:\/\/xenonkungen.com\/es\/producto\/marco-de-lampara-para-3-piezas-200-mm-cromado\/#breadcrumb\"},\"inLanguage\":\"en-GB\",\"potentialAction\":[{\"@type\":\"ReadAction\",\"target\":[\"https:\/\/xenonkungen.com\/es\/producto\/marco-de-lampara-para-3-piezas-200-mm-cromado\/\"]}]},{\"@type\":\"ImageObject\",\"inLanguage\":\"en-GB\",\"@id\":\"https:\/\/xenonkungen.com\/es\/producto\/marco-de-lampara-para-3-piezas-200-mm-cromado\/#primaryimage\",\"url\":\"https:\/\/xenonkungen.com\/wp-content\/uploads\/2025\/04\/7341126-origpic-239443.jpg\",\"contentUrl\":\"https:\/\/xenonkungen.com\/wp-content\/uploads\/2025\/04\/7341126-origpic-239443.jpg\",\"width\":600,\"height\":600},{\"@type\":\"BreadcrumbList\",\"@id\":\"https:\/\/xenonkungen.com\/es\/producto\/marco-de-lampara-para-3-piezas-200-mm-cromado\/#breadcrumb\",\"itemListElement\":[{\"@type\":\"ListItem\",\"position\":1,\"name\":\"Hem\",\"item\":\"https:\/\/xenonkungen.com\/\"},{\"@type\":\"ListItem\",\"position\":2,\"name\":\"Shop\",\"item\":\"https:\/\/xenonkungen.com\/shop\/\"},{\"@type\":\"ListItem\",\"position\":3,\"name\":\"Lampsarg f\u00f6r 3st 200mm | Chrome\"}]},{\"@type\":\"WebSite\",\"@id\":\"https:\/\/xenonkungen.com\/#website\",\"url\":\"https:\/\/xenonkungen.com\/\",\"name\":\"Xenonkungen\",\"description\":\"\",\"potentialAction\":[{\"@type\":\"SearchAction\",\"target\":{\"@type\":\"EntryPoint\",\"urlTemplate\":\"https:\/\/xenonkungen.com\/?s={search_term_string}\"},\"query-input\":{\"@type\":\"PropertyValueSpecification\",\"valueRequired\":true,\"valueName\":\"search_term_string\"}}],\"inLanguage\":\"en-GB\"}]}<\/script>\n<!-- \/ Yoast SEO plugin. -->","yoast_head_json":{"title":"Lamp frame for 3pcs 200mm | Chrome - Xenonkungen","robots":{"index":"index","follow":"follow","max-snippet":"max-snippet:-1","max-image-preview":"max-image-preview:large","max-video-preview":"max-video-preview:-1"},"canonical":"https:\/\/xenonkungen.com\/en\/product\/lamp-frame-for-3pcs-200mm-chrome\/","og_locale":"en_GB","og_type":"article","og_title":"Lampsarg f\u00f6r 3st 200mm | Chrome - Xenonkungen","og_description":"Lampsarg i Kromutf\u00f6rande Lampsargen i kromutf\u00f6rande \u00e4r en praktisk och estetiskt tilltalande l\u00f6sning f\u00f6r att ers\u00e4tta eller uppgradera din Slim-line Trippel serie 200-lampa. Denna s\u00e4rskilda sarg \u00e4r utformad med b\u00e5de funktionalitet och estetik i \u00e5tanke och erbjuder flera f\u00f6rdelar f\u00f6r din belysningsl\u00f6sning. F\u00f6r det f\u00f6rsta \u00e4r kromutf\u00f6randet av lampsargen en visuell njutning. Krom ger en [&hellip;]","og_url":"https:\/\/xenonkungen.com\/en\/product\/lamp-frame-for-3pcs-200mm-chrome\/","og_site_name":"Xenonkungen","article_modified_time":"2026-04-10T23:42:48+00:00","og_image":[{"width":600,"height":600,"url":"https:\/\/xenonkungen.com\/wp-content\/uploads\/2025\/04\/7341126-origpic-239443.jpg","type":"image\/jpeg"}],"twitter_card":"summary_large_image","twitter_misc":{"Estimated reading time":"2 minutes"},"schema":{"@context":"https:\/\/schema.org","@graph":[{"@type":"WebPage","@id":"https:\/\/xenonkungen.com\/es\/producto\/marco-de-lampara-para-3-piezas-200-mm-cromado\/","url":"https:\/\/xenonkungen.com\/es\/producto\/marco-de-lampara-para-3-piezas-200-mm-cromado\/","name":"Lamp frame for 3pcs 200mm | Chrome - Xenonkungen","isPartOf":{"@id":"https:\/\/xenonkungen.com\/#website"},"primaryImageOfPage":{"@id":"https:\/\/xenonkungen.com\/es\/producto\/marco-de-lampara-para-3-piezas-200-mm-cromado\/#primaryimage"},"image":{"@id":"https:\/\/xenonkungen.com\/es\/producto\/marco-de-lampara-para-3-piezas-200-mm-cromado\/#primaryimage"},"thumbnailUrl":"https:\/\/xenonkungen.com\/wp-content\/uploads\/2025\/04\/7341126-origpic-239443.jpg","datePublished":"2025-04-15T09:49:12+00:00","dateModified":"2026-04-10T23:42:48+00:00","breadcrumb":{"@id":"https:\/\/xenonkungen.com\/es\/producto\/marco-de-lampara-para-3-piezas-200-mm-cromado\/#breadcrumb"},"inLanguage":"en-GB","potentialAction":[{"@type":"ReadAction","target":["https:\/\/xenonkungen.com\/es\/producto\/marco-de-lampara-para-3-piezas-200-mm-cromado\/"]}]},{"@type":"ImageObject","inLanguage":"en-GB","@id":"https:\/\/xenonkungen.com\/es\/producto\/marco-de-lampara-para-3-piezas-200-mm-cromado\/#primaryimage","url":"https:\/\/xenonkungen.com\/wp-content\/uploads\/2025\/04\/7341126-origpic-239443.jpg","contentUrl":"https:\/\/xenonkungen.com\/wp-content\/uploads\/2025\/04\/7341126-origpic-239443.jpg","width":600,"height":600},{"@type":"BreadcrumbList","@id":"https:\/\/xenonkungen.com\/es\/producto\/marco-de-lampara-para-3-piezas-200-mm-cromado\/#breadcrumb","itemListElement":[{"@type":"ListItem","position":1,"name":"Hem","item":"https:\/\/xenonkungen.com\/"},{"@type":"ListItem","position":2,"name":"Shop","item":"https:\/\/xenonkungen.com\/shop\/"},{"@type":"ListItem","position":3,"name":"Lampsarg f\u00f6r 3st 200mm | Chrome"}]},{"@type":"WebSite","@id":"https:\/\/xenonkungen.com\/#website","url":"https:\/\/xenonkungen.com\/","name":"Xenonkungen","description":"","potentialAction":[{"@type":"SearchAction","target":{"@type":"EntryPoint","urlTemplate":"https:\/\/xenonkungen.com\/?s={search_term_string}"},"query-input":{"@type":"PropertyValueSpecification","valueRequired":true,"valueName":"search_term_string"}}],"inLanguage":"en-GB"}]}},"taxonomy_info":{"anvandningsomrade":[{"value":166,"label":"Lastbil"},{"value":238,"label":"SL\u00c4P"},{"value":2816,"label":"TRAILER"}],"product_brand":[{"value":1252,"label":"LEA"}],"product_cat":[{"value":2583,"label":"Lampsarg"}]},"featured_image_src_large":["https:\/\/xenonkungen.com\/wp-content\/uploads\/2025\/04\/7341126-origpic-239443.jpg",600,600,false],"author_info":[],"comment_info":0,"_links":{"self":[{"href":"https:\/\/xenonkungen.com\/en\/wp-json\/wp\/v2\/product\/6770","targetHints":{"allow":["GET"]}}],"collection":[{"href":"https:\/\/xenonkungen.com\/en\/wp-json\/wp\/v2\/product"}],"about":[{"href":"https:\/\/xenonkungen.com\/en\/wp-json\/wp\/v2\/types\/product"}],"replies":[{"embeddable":true,"href":"https:\/\/xenonkungen.com\/en\/wp-json\/wp\/v2\/comments?post=6770"}],"wp:featuredmedia":[{"embeddable":true,"href":"https:\/\/xenonkungen.com\/en\/wp-json\/wp\/v2\/media\/6771"}],"wp:attachment":[{"href":"https:\/\/xenonkungen.com\/en\/wp-json\/wp\/v2\/media?parent=6770"}],"wp:term":[{"taxonomy":"anvandningsomrade","embeddable":true,"href":"https:\/\/xenonkungen.com\/en\/wp-json\/wp\/v2\/anvandningsomrade?post=6770"},{"taxonomy":"bilmarken","embeddable":true,"href":"https:\/\/xenonkungen.com\/en\/wp-json\/wp\/v2\/bilmarken?post=6770"},{"taxonomy":"product_brand","embeddable":true,"href":"https:\/\/xenonkungen.com\/en\/wp-json\/wp\/v2\/product_brand?post=6770"},{"taxonomy":"product_cat","embeddable":true,"href":"https:\/\/xenonkungen.com\/en\/wp-json\/wp\/v2\/product_cat?post=6770"},{"taxonomy":"product_tag","embeddable":true,"href":"https:\/\/xenonkungen.com\/en\/wp-json\/wp\/v2\/product_tag?post=6770"}],"curies":[{"name":"wp","href":"https:\/\/api.w.org\/{rel}","templated":true}]}}