{"id":6786,"date":"2025-04-15T09:49:18","date_gmt":"2025-04-15T09:49:18","guid":{"rendered":"https:\/\/xenonkungen.com\/product\/baklampa-200birstme-rod\/"},"modified":"2026-04-24T17:12:23","modified_gmt":"2026-04-24T16:12:23","slug":"taillight-200birstme-red","status":"publish","type":"product","link":"https:\/\/xenonkungen.com\/en\/product\/taillight-200birstme-red\/","title":{"rendered":"Rear light 200BIRSTME Red"},"content":{"rendered":"<h1>LED tail light with indicator, stop and reverse light function<\/h1>\n<p>This LED tail light is equipped with turn signal, stop and tail light functions to improve visibility and safety when driving, especially in different conditions. The functions integrate seamlessly with the advanced LED technology to provide clear and visible signals to other road users.<\/p>\n<h2>Functions and Features:<\/h2>\n<ul>\n<li><strong>Turn signal, stop and tail light function:<\/strong> Offers clear and visible signals to indicate turning, braking and reversing for increased safety and visibility.<\/li>\n<li><strong>Alternative Accessories:<\/strong> The lampholder and power plug are sold separately to allow you to customise the installation to your specific needs and preferences.<\/li>\n<li><strong>Leak sealed electronics:<\/strong> Protects electronic components against moisture and water ingress for long-lasting and reliable performance even in extreme weather conditions.<\/li>\n<\/ul>\n<p><strong>Please note:<\/strong> For best results, buy the appropriate lampholder and power plug separately.<\/p>\n<p>This LED tail light with indicator, stop and tail light function is the perfect solution to increase safety and visibility on the road, whatever the weather conditions. With its versatility, reliability and advanced technology, it is an excellent choice for any vehicle owner looking for a reliable lighting solution.<\/p>","protected":false},"excerpt":{"rendered":"<p>LED baklampa med Blinkers-, Stopp- och Bakljusfunktion Denna LED baklampa \u00e4r utrustad med funktioner f\u00f6r blinkers, stopp- och bakljus f\u00f6r att f\u00f6rb\u00e4ttra synligheten och s\u00e4kerheten vid k\u00f6rning, s\u00e4rskilt under olika f\u00f6rh\u00e5llanden. Funktionerna integreras smidigt med den avancerade LED-teknologin f\u00f6r att ge tydliga och synliga signaler till andra trafikanter. Funktioner och Egenskaper: Blinkers-, Stopp- och Bakljusfunktion: [&hellip;]<\/p>","protected":false},"featured_media":6787,"comment_status":"closed","ping_status":"open","template":"","meta":{"_acf_changed":false,"_smort_price_nok":"737","_smort_price_dkk":"468","_smort_price_eur":"62.72","_smort_sale_price_nok":"","_smort_sale_price_dkk":"","_smort_sale_price_eur":"","smort_restorder":"","shipmondo_restorder":"","_kad_blocks_custom_css":"","_kad_blocks_head_custom_js":"","_kad_blocks_body_custom_js":"","_kad_blocks_footer_custom_js":"","smort_custom_pricelist_1":"386.4","smort_custom_pricelist_2":"386.4","smort_custom_pricelist_3":"367.08","smort_custom_pricelist_4":"552","smort_custom_pricelist_5":"386.4"},"anvandningsomrade":[166,238,2816],"bilmarken":[],"product_brand":[1252],"product_cat":[3051,2552],"product_tag":[],"class_list":{"0":"post-6786","1":"product","2":"type-product","3":"status-publish","4":"has-post-thumbnail","6":"anvandningsomrade-lastbil","7":"anvandningsomrade-slap","8":"anvandningsomrade-trailer","9":"product_brand-lea","10":"product_cat-bakljus-enkel-slim","11":"product_cat-bakljus-slap","12":"pa_fuktskydd-varde-ipxx-ip67","13":"pa_godkannande-ece-emc","14":"pa_storlek-mm-200x50x28","15":"pa_volt-v-12-24","17":"first","18":"instock","19":"taxable","20":"shipping-taxable","21":"purchasable","22":"product-type-simple"},"bundled_by":[],"bundle_stock_status":"instock","bundle_stock_quantity":1,"bundle_virtual":false,"bundle_layout":"","bundle_add_to_cart_form_location":"","bundle_editable_in_cart":false,"bundle_sold_individually_context":"","bundle_item_grouping":"","bundle_min_size":"","bundle_max_size":"","bundle_price":[],"bundled_items":[],"bundle_sell_ids":[],"acf":[],"yoast_head":"<!-- This site is optimized with the Yoast SEO plugin v27.0 - https:\/\/yoast.com\/product\/yoast-seo-wordpress\/ -->\n<title>Baklampa 200BIRSTME R\u00f6d - Xenonkungen<\/title>\n<meta name=\"robots\" content=\"index, follow, max-snippet:-1, max-image-preview:large, max-video-preview:-1\" \/>\n<link rel=\"canonical\" href=\"https:\/\/xenonkungen.com\/en\/product\/taillight-200birstme-red\/\" \/>\n<meta property=\"og:locale\" content=\"en_GB\" \/>\n<meta property=\"og:type\" content=\"article\" \/>\n<meta property=\"og:title\" content=\"Baklampa 200BIRSTME R\u00f6d - Xenonkungen\" \/>\n<meta property=\"og:description\" content=\"LED baklampa med Blinkers-, Stopp- och Bakljusfunktion Denna LED baklampa \u00e4r utrustad med funktioner f\u00f6r blinkers, stopp- och bakljus f\u00f6r att f\u00f6rb\u00e4ttra synligheten och s\u00e4kerheten vid k\u00f6rning, s\u00e4rskilt under olika f\u00f6rh\u00e5llanden. Funktionerna integreras smidigt med den avancerade LED-teknologin f\u00f6r att ge tydliga och synliga signaler till andra trafikanter. Funktioner och Egenskaper: Blinkers-, Stopp- och Bakljusfunktion: [&hellip;]\" \/>\n<meta property=\"og:url\" content=\"https:\/\/xenonkungen.com\/en\/product\/taillight-200birstme-red\/\" \/>\n<meta property=\"og:site_name\" content=\"Xenonkungen\" \/>\n<meta property=\"article:modified_time\" content=\"2026-04-24T16:12:23+00:00\" \/>\n<meta property=\"og:image\" content=\"https:\/\/xenonkungen.com\/wp-content\/uploads\/2025\/04\/37173333-origpic-196daf.jpg\" \/>\n\t<meta property=\"og:image:width\" content=\"700\" \/>\n\t<meta property=\"og:image:height\" content=\"700\" \/>\n\t<meta property=\"og:image:type\" content=\"image\/jpeg\" \/>\n<meta name=\"twitter:card\" content=\"summary_large_image\" \/>\n<meta name=\"twitter:label1\" content=\"Estimated reading time\" \/>\n\t<meta name=\"twitter:data1\" content=\"1 minute\" \/>\n<script type=\"application\/ld+json\" class=\"yoast-schema-graph\">{\"@context\":\"https:\/\/schema.org\",\"@graph\":[{\"@type\":\"WebPage\",\"@id\":\"https:\/\/xenonkungen.com\/produkt\/baklampa-200birstme-rod\/\",\"url\":\"https:\/\/xenonkungen.com\/produkt\/baklampa-200birstme-rod\/\",\"name\":\"Baklampa 200BIRSTME R\u00f6d - Xenonkungen\",\"isPartOf\":{\"@id\":\"https:\/\/xenonkungen.com\/#website\"},\"primaryImageOfPage\":{\"@id\":\"https:\/\/xenonkungen.com\/produkt\/baklampa-200birstme-rod\/#primaryimage\"},\"image\":{\"@id\":\"https:\/\/xenonkungen.com\/produkt\/baklampa-200birstme-rod\/#primaryimage\"},\"thumbnailUrl\":\"https:\/\/xenonkungen.com\/wp-content\/uploads\/2025\/04\/37173333-origpic-196daf.jpg\",\"datePublished\":\"2025-04-15T09:49:18+00:00\",\"dateModified\":\"2026-04-24T16:12:23+00:00\",\"breadcrumb\":{\"@id\":\"https:\/\/xenonkungen.com\/produkt\/baklampa-200birstme-rod\/#breadcrumb\"},\"inLanguage\":\"en-GB\",\"potentialAction\":[{\"@type\":\"ReadAction\",\"target\":[\"https:\/\/xenonkungen.com\/produkt\/baklampa-200birstme-rod\/\"]}]},{\"@type\":\"ImageObject\",\"inLanguage\":\"en-GB\",\"@id\":\"https:\/\/xenonkungen.com\/produkt\/baklampa-200birstme-rod\/#primaryimage\",\"url\":\"https:\/\/xenonkungen.com\/wp-content\/uploads\/2025\/04\/37173333-origpic-196daf.jpg\",\"contentUrl\":\"https:\/\/xenonkungen.com\/wp-content\/uploads\/2025\/04\/37173333-origpic-196daf.jpg\",\"width\":700,\"height\":700},{\"@type\":\"BreadcrumbList\",\"@id\":\"https:\/\/xenonkungen.com\/produkt\/baklampa-200birstme-rod\/#breadcrumb\",\"itemListElement\":[{\"@type\":\"ListItem\",\"position\":1,\"name\":\"Hem\",\"item\":\"https:\/\/xenonkungen.com\/\"},{\"@type\":\"ListItem\",\"position\":2,\"name\":\"Shop\",\"item\":\"https:\/\/xenonkungen.com\/shop\/\"},{\"@type\":\"ListItem\",\"position\":3,\"name\":\"Baklampa 200BIRSTME R\u00f6d\"}]},{\"@type\":\"WebSite\",\"@id\":\"https:\/\/xenonkungen.com\/#website\",\"url\":\"https:\/\/xenonkungen.com\/\",\"name\":\"Xenonkungen\",\"description\":\"\",\"potentialAction\":[{\"@type\":\"SearchAction\",\"target\":{\"@type\":\"EntryPoint\",\"urlTemplate\":\"https:\/\/xenonkungen.com\/?s={search_term_string}\"},\"query-input\":{\"@type\":\"PropertyValueSpecification\",\"valueRequired\":true,\"valueName\":\"search_term_string\"}}],\"inLanguage\":\"en-GB\"}]}<\/script>\n<!-- \/ Yoast SEO plugin. -->","yoast_head_json":{"title":"Taillight 200BIRSTME Red - Xenonkungen","robots":{"index":"index","follow":"follow","max-snippet":"max-snippet:-1","max-image-preview":"max-image-preview:large","max-video-preview":"max-video-preview:-1"},"canonical":"https:\/\/xenonkungen.com\/en\/product\/taillight-200birstme-red\/","og_locale":"en_GB","og_type":"article","og_title":"Baklampa 200BIRSTME R\u00f6d - Xenonkungen","og_description":"LED baklampa med Blinkers-, Stopp- och Bakljusfunktion Denna LED baklampa \u00e4r utrustad med funktioner f\u00f6r blinkers, stopp- och bakljus f\u00f6r att f\u00f6rb\u00e4ttra synligheten och s\u00e4kerheten vid k\u00f6rning, s\u00e4rskilt under olika f\u00f6rh\u00e5llanden. Funktionerna integreras smidigt med den avancerade LED-teknologin f\u00f6r att ge tydliga och synliga signaler till andra trafikanter. Funktioner och Egenskaper: Blinkers-, Stopp- och Bakljusfunktion: [&hellip;]","og_url":"https:\/\/xenonkungen.com\/en\/product\/taillight-200birstme-red\/","og_site_name":"Xenonkungen","article_modified_time":"2026-04-24T16:12:23+00:00","og_image":[{"width":700,"height":700,"url":"https:\/\/xenonkungen.com\/wp-content\/uploads\/2025\/04\/37173333-origpic-196daf.jpg","type":"image\/jpeg"}],"twitter_card":"summary_large_image","twitter_misc":{"Estimated reading time":"1 minute"},"schema":{"@context":"https:\/\/schema.org","@graph":[{"@type":"WebPage","@id":"https:\/\/xenonkungen.com\/produkt\/baklampa-200birstme-rod\/","url":"https:\/\/xenonkungen.com\/produkt\/baklampa-200birstme-rod\/","name":"Taillight 200BIRSTME Red - Xenonkungen","isPartOf":{"@id":"https:\/\/xenonkungen.com\/#website"},"primaryImageOfPage":{"@id":"https:\/\/xenonkungen.com\/produkt\/baklampa-200birstme-rod\/#primaryimage"},"image":{"@id":"https:\/\/xenonkungen.com\/produkt\/baklampa-200birstme-rod\/#primaryimage"},"thumbnailUrl":"https:\/\/xenonkungen.com\/wp-content\/uploads\/2025\/04\/37173333-origpic-196daf.jpg","datePublished":"2025-04-15T09:49:18+00:00","dateModified":"2026-04-24T16:12:23+00:00","breadcrumb":{"@id":"https:\/\/xenonkungen.com\/produkt\/baklampa-200birstme-rod\/#breadcrumb"},"inLanguage":"en-GB","potentialAction":[{"@type":"ReadAction","target":["https:\/\/xenonkungen.com\/produkt\/baklampa-200birstme-rod\/"]}]},{"@type":"ImageObject","inLanguage":"en-GB","@id":"https:\/\/xenonkungen.com\/produkt\/baklampa-200birstme-rod\/#primaryimage","url":"https:\/\/xenonkungen.com\/wp-content\/uploads\/2025\/04\/37173333-origpic-196daf.jpg","contentUrl":"https:\/\/xenonkungen.com\/wp-content\/uploads\/2025\/04\/37173333-origpic-196daf.jpg","width":700,"height":700},{"@type":"BreadcrumbList","@id":"https:\/\/xenonkungen.com\/produkt\/baklampa-200birstme-rod\/#breadcrumb","itemListElement":[{"@type":"ListItem","position":1,"name":"Hem","item":"https:\/\/xenonkungen.com\/"},{"@type":"ListItem","position":2,"name":"Shop","item":"https:\/\/xenonkungen.com\/shop\/"},{"@type":"ListItem","position":3,"name":"Baklampa 200BIRSTME R\u00f6d"}]},{"@type":"WebSite","@id":"https:\/\/xenonkungen.com\/#website","url":"https:\/\/xenonkungen.com\/","name":"Xenonkungen","description":"","potentialAction":[{"@type":"SearchAction","target":{"@type":"EntryPoint","urlTemplate":"https:\/\/xenonkungen.com\/?s={search_term_string}"},"query-input":{"@type":"PropertyValueSpecification","valueRequired":true,"valueName":"search_term_string"}}],"inLanguage":"en-GB"}]}},"taxonomy_info":{"anvandningsomrade":[{"value":166,"label":"Lastbil"},{"value":238,"label":"SL\u00c4P"},{"value":2816,"label":"TRAILER"}],"product_brand":[{"value":1252,"label":"LEA"}],"product_cat":[{"value":3051,"label":"Bakljus Enkel Slim"},{"value":2552,"label":"Bakljus"}],"pa_fuktskydd-varde-ipxx":[{"value":333,"label":"IP67"}],"pa_godkannande":[{"value":1262,"label":"ECE, EMC"}],"pa_storlek-mm":[{"value":1850,"label":"200x50x28"}],"pa_volt-v":[{"value":348,"label":"12, 24"}]},"featured_image_src_large":["https:\/\/xenonkungen.com\/wp-content\/uploads\/2025\/04\/37173333-origpic-196daf.jpg",700,700,false],"author_info":[],"comment_info":0,"_links":{"self":[{"href":"https:\/\/xenonkungen.com\/en\/wp-json\/wp\/v2\/product\/6786","targetHints":{"allow":["GET"]}}],"collection":[{"href":"https:\/\/xenonkungen.com\/en\/wp-json\/wp\/v2\/product"}],"about":[{"href":"https:\/\/xenonkungen.com\/en\/wp-json\/wp\/v2\/types\/product"}],"replies":[{"embeddable":true,"href":"https:\/\/xenonkungen.com\/en\/wp-json\/wp\/v2\/comments?post=6786"}],"wp:featuredmedia":[{"embeddable":true,"href":"https:\/\/xenonkungen.com\/en\/wp-json\/wp\/v2\/media\/6787"}],"wp:attachment":[{"href":"https:\/\/xenonkungen.com\/en\/wp-json\/wp\/v2\/media?parent=6786"}],"wp:term":[{"taxonomy":"anvandningsomrade","embeddable":true,"href":"https:\/\/xenonkungen.com\/en\/wp-json\/wp\/v2\/anvandningsomrade?post=6786"},{"taxonomy":"bilmarken","embeddable":true,"href":"https:\/\/xenonkungen.com\/en\/wp-json\/wp\/v2\/bilmarken?post=6786"},{"taxonomy":"product_brand","embeddable":true,"href":"https:\/\/xenonkungen.com\/en\/wp-json\/wp\/v2\/product_brand?post=6786"},{"taxonomy":"product_cat","embeddable":true,"href":"https:\/\/xenonkungen.com\/en\/wp-json\/wp\/v2\/product_cat?post=6786"},{"taxonomy":"product_tag","embeddable":true,"href":"https:\/\/xenonkungen.com\/en\/wp-json\/wp\/v2\/product_tag?post=6786"}],"curies":[{"name":"wp","href":"https:\/\/api.w.org\/{rel}","templated":true}]}}