{"id":6854,"date":"2025-04-15T09:49:51","date_gmt":"2025-04-15T09:49:51","guid":{"rendered":"https:\/\/xenonkungen.com\/product\/lazer-triple-r-28-elite-extraljusramp-51-1305-mm\/"},"modified":"2026-04-24T17:29:39","modified_gmt":"2026-04-24T16:29:39","slug":"lazer-triple-r-28-elite-extra-light-ramp-51-1305-mm","status":"publish","type":"product","link":"https:\/\/xenonkungen.com\/en\/product\/lazer-triple-r-28-elite-extra-light-ramp-51-1305-mm\/","title":{"rendered":"Lazer Triple-R 28 Elite additional light ramp 51\u2033\/1305 mm"},"content":{"rendered":"<h1>Lazer Triple-R series: Advanced LED headlights for rally and motorsport<\/h1>\n<h2>A bright and efficient light for all car owners<\/h2>\n<p>The Lazer Triple-R series is the result of meeting the high demands of professional rally and motorsports. These headlights have also become very popular with car owners and truck drivers, whether they drive on the road or off-road. The Triple-R Elite series offers even more impressive brightness and longer throw compared to the Triple-R Standard series. With the latest LED technology and optimized optics, the Triple-R series delivers outstanding long-range illumination. The Elite series also ensures efficient light distribution across the road, illuminating the entire area in front of the vehicle. These headlights are particularly suitable for roof mounting and help avoid dazzling reflections from the engine hood. Triple-R Elite headlights with E-boost are available in six different lengths, from 230 mm to 1305 mm. Their height is 73 mm and the depth is 105 mm. The shorter booms \u2013 Triple-R Elite 750, 850 and 1000 \u2013 are equipped with E-boost, which provides powerful lighting similar to high beam headlights when the function is activated. When driving on public roads, you can easily switch back to the E-approved and road-legal mode with a simple maneuver, while maintaining an impressive brightness.<\/p>","protected":false},"excerpt":{"rendered":"<p>Lazer Triple-R Series: Advanced LED headlights for rally and motorsport Bright and efficient lighting for all car owners The Lazer Triple-R series is the result of meeting the high demands of professional rally and motorsport. These headlights have also become very popular with car owners and truck drivers, whether they drive on the road or off-road. The Triple-R Elite series offers even more [\u2026]<\/p>","protected":false},"featured_media":6855,"comment_status":"closed","ping_status":"open","template":"","meta":{"_acf_changed":false,"_smort_price_nok":"17784","_smort_price_dkk":"11298","_smort_price_eur":"1513.57","_smort_sale_price_nok":"","_smort_sale_price_dkk":"","_smort_sale_price_eur":"","smort_restorder":"","shipmondo_restorder":"","_kad_blocks_custom_css":"","_kad_blocks_head_custom_js":"","_kad_blocks_body_custom_js":"","_kad_blocks_footer_custom_js":"","smort_custom_pricelist_1":"10656","smort_custom_pricelist_2":"10656","smort_custom_pricelist_3":"10656","smort_custom_pricelist_4":"13320","smort_custom_pricelist_5":"10656"},"anvandningsomrade":[],"bilmarken":[],"product_brand":[1124],"product_cat":[2561,2966,2539],"product_tag":[2735],"class_list":{"0":"post-6854","1":"product","2":"type-product","3":"status-publish","4":"has-post-thumbnail","6":"product_brand-lazer","7":"product_cat-lazer","8":"product_cat-ledramp-rak","9":"product_cat-ledramper","10":"product_tag-lazer","11":"pa_fargtemperatur-5000k","12":"pa_fuktskydd-varde-ipxx-ip67","13":"pa_lampsockel-kontakt-superseal","14":"pa_led-chips-effekt-w-1856","15":"pa_storlek-mm-1305x73x105","16":"pa_stromforbrukning-226a144v","17":"pa_volt-v-multivolt-10-12-16-18-24-28-30-32","19":"first","20":"onbackorder","21":"taxable","22":"shipping-taxable","23":"purchasable","24":"product-type-simple"},"bundled_by":[],"bundle_stock_status":"onbackorder","bundle_stock_quantity":0,"bundle_virtual":false,"bundle_layout":"","bundle_add_to_cart_form_location":"","bundle_editable_in_cart":false,"bundle_sold_individually_context":"","bundle_item_grouping":"","bundle_min_size":"","bundle_max_size":"","bundle_price":[],"bundled_items":[],"bundle_sell_ids":[],"acf":[],"yoast_head":"<!-- This site is optimized with the Yoast SEO plugin v27.0 - https:\/\/yoast.com\/product\/yoast-seo-wordpress\/ -->\n<title>Lazer Triple-R 28 Elite extraljusramp 51&quot;\/1305 mm - Xenonkungen<\/title>\n<meta name=\"robots\" content=\"index, follow, max-snippet:-1, max-image-preview:large, max-video-preview:-1\" \/>\n<link rel=\"canonical\" href=\"https:\/\/xenonkungen.com\/en\/product\/lazer-triple-r-28-elite-extra-light-ramp-51-1305-mm\/\" \/>\n<meta property=\"og:locale\" content=\"en_GB\" \/>\n<meta property=\"og:type\" content=\"article\" \/>\n<meta property=\"og:title\" content=\"Lazer Triple-R 28 Elite extraljusramp 51&quot;\/1305 mm - Xenonkungen\" \/>\n<meta property=\"og:description\" content=\"Lazer Triple-R-serien: Avancerade LED-str\u00e5lkastare f\u00f6r rally och motorsport En ljusstark och effektiv belysning f\u00f6r alla bil\u00e4gare Lazer Triple-R-serien \u00e4r resultatet av att m\u00f6ta de h\u00f6ga kraven inom professionell rally- och motorsport. Dessa str\u00e5lkastare har ocks\u00e5 blivit mycket popul\u00e4ra bland bils\u00e4gare och lastbilsf\u00f6rare, oavsett om de k\u00f6r p\u00e5 v\u00e4gen eller terr\u00e4ngen. Triple-R Elite-serien erbjuder \u00e4nnu mer [&hellip;]\" \/>\n<meta property=\"og:url\" content=\"https:\/\/xenonkungen.com\/en\/product\/lazer-triple-r-28-elite-extra-light-ramp-51-1305-mm\/\" \/>\n<meta property=\"og:site_name\" content=\"Xenonkungen\" \/>\n<meta property=\"article:modified_time\" content=\"2026-04-24T16:29:39+00:00\" \/>\n<meta property=\"og:image\" content=\"https:\/\/xenonkungen.com\/wp-content\/uploads\/2025\/04\/triple-r_28_gen2_-_angled_-_web.jpg\" \/>\n\t<meta property=\"og:image:width\" content=\"1000\" \/>\n\t<meta property=\"og:image:height\" content=\"750\" \/>\n\t<meta property=\"og:image:type\" content=\"image\/jpeg\" \/>\n<meta name=\"twitter:card\" content=\"summary_large_image\" \/>\n<meta name=\"twitter:label1\" content=\"Estimated reading time\" \/>\n\t<meta name=\"twitter:data1\" content=\"1 minute\" \/>\n<script type=\"application\/ld+json\" class=\"yoast-schema-graph\">{\"@context\":\"https:\/\/schema.org\",\"@graph\":[{\"@type\":\"WebPage\",\"@id\":\"https:\/\/xenonkungen.com\/de\/produkt\/lazer-triple-r-28-elite-extra-light-ramp-51-1305-mm\/\",\"url\":\"https:\/\/xenonkungen.com\/de\/produkt\/lazer-triple-r-28-elite-extra-light-ramp-51-1305-mm\/\",\"name\":\"Lazer Triple-R 28 Elite extraljusramp 51\\\"\/1305 mm - Xenonkungen\",\"isPartOf\":{\"@id\":\"https:\/\/xenonkungen.com\/#website\"},\"primaryImageOfPage\":{\"@id\":\"https:\/\/xenonkungen.com\/de\/produkt\/lazer-triple-r-28-elite-extra-light-ramp-51-1305-mm\/#primaryimage\"},\"image\":{\"@id\":\"https:\/\/xenonkungen.com\/de\/produkt\/lazer-triple-r-28-elite-extra-light-ramp-51-1305-mm\/#primaryimage\"},\"thumbnailUrl\":\"https:\/\/xenonkungen.com\/wp-content\/uploads\/2025\/04\/triple-r_28_gen2_-_angled_-_web.jpg\",\"datePublished\":\"2025-04-15T09:49:51+00:00\",\"dateModified\":\"2026-04-24T16:29:39+00:00\",\"breadcrumb\":{\"@id\":\"https:\/\/xenonkungen.com\/de\/produkt\/lazer-triple-r-28-elite-extra-light-ramp-51-1305-mm\/#breadcrumb\"},\"inLanguage\":\"en-GB\",\"potentialAction\":[{\"@type\":\"ReadAction\",\"target\":[\"https:\/\/xenonkungen.com\/de\/produkt\/lazer-triple-r-28-elite-extra-light-ramp-51-1305-mm\/\"]}]},{\"@type\":\"ImageObject\",\"inLanguage\":\"en-GB\",\"@id\":\"https:\/\/xenonkungen.com\/de\/produkt\/lazer-triple-r-28-elite-extra-light-ramp-51-1305-mm\/#primaryimage\",\"url\":\"https:\/\/xenonkungen.com\/wp-content\/uploads\/2025\/04\/triple-r_28_gen2_-_angled_-_web.jpg\",\"contentUrl\":\"https:\/\/xenonkungen.com\/wp-content\/uploads\/2025\/04\/triple-r_28_gen2_-_angled_-_web.jpg\",\"width\":1000,\"height\":750},{\"@type\":\"BreadcrumbList\",\"@id\":\"https:\/\/xenonkungen.com\/de\/produkt\/lazer-triple-r-28-elite-extra-light-ramp-51-1305-mm\/#breadcrumb\",\"itemListElement\":[{\"@type\":\"ListItem\",\"position\":1,\"name\":\"Hem\",\"item\":\"https:\/\/xenonkungen.com\/\"},{\"@type\":\"ListItem\",\"position\":2,\"name\":\"Shop\",\"item\":\"https:\/\/xenonkungen.com\/shop\/\"},{\"@type\":\"ListItem\",\"position\":3,\"name\":\"Lazer Triple-R 28 Elite extraljusramp 51&#8243;\/1305 mm\"}]},{\"@type\":\"WebSite\",\"@id\":\"https:\/\/xenonkungen.com\/#website\",\"url\":\"https:\/\/xenonkungen.com\/\",\"name\":\"Xenonkungen\",\"description\":\"\",\"potentialAction\":[{\"@type\":\"SearchAction\",\"target\":{\"@type\":\"EntryPoint\",\"urlTemplate\":\"https:\/\/xenonkungen.com\/?s={search_term_string}\"},\"query-input\":{\"@type\":\"PropertyValueSpecification\",\"valueRequired\":true,\"valueName\":\"search_term_string\"}}],\"inLanguage\":\"en-GB\"}]}<\/script>\n<!-- \/ Yoast SEO plugin. -->","yoast_head_json":{"title":"Lazer Triple-R 28 Elite extra light bar 51&quot;\/1305 mm - The Xenon king","robots":{"index":"index","follow":"follow","max-snippet":"max-snippet:-1","max-image-preview":"max-image-preview:large","max-video-preview":"max-video-preview:-1"},"canonical":"https:\/\/xenonkungen.com\/en\/product\/lazer-triple-r-28-elite-extra-light-ramp-51-1305-mm\/","og_locale":"en_GB","og_type":"article","og_title":"Lazer Triple-R 28 Elite extraljusramp 51\"\/1305 mm - Xenonkungen","og_description":"Lazer Triple-R-serien: Avancerade LED-str\u00e5lkastare f\u00f6r rally och motorsport En ljusstark och effektiv belysning f\u00f6r alla bil\u00e4gare Lazer Triple-R-serien \u00e4r resultatet av att m\u00f6ta de h\u00f6ga kraven inom professionell rally- och motorsport. Dessa str\u00e5lkastare har ocks\u00e5 blivit mycket popul\u00e4ra bland bils\u00e4gare och lastbilsf\u00f6rare, oavsett om de k\u00f6r p\u00e5 v\u00e4gen eller terr\u00e4ngen. Triple-R Elite-serien erbjuder \u00e4nnu mer [&hellip;]","og_url":"https:\/\/xenonkungen.com\/en\/product\/lazer-triple-r-28-elite-extra-light-ramp-51-1305-mm\/","og_site_name":"Xenonkungen","article_modified_time":"2026-04-24T16:29:39+00:00","og_image":[{"width":1000,"height":750,"url":"https:\/\/xenonkungen.com\/wp-content\/uploads\/2025\/04\/triple-r_28_gen2_-_angled_-_web.jpg","type":"image\/jpeg"}],"twitter_card":"summary_large_image","twitter_misc":{"Estimated reading time":"1 minute"},"schema":{"@context":"https:\/\/schema.org","@graph":[{"@type":"WebPage","@id":"https:\/\/xenonkungen.com\/de\/produkt\/lazer-triple-r-28-elite-extra-light-ramp-51-1305-mm\/","url":"https:\/\/xenonkungen.com\/de\/produkt\/lazer-triple-r-28-elite-extra-light-ramp-51-1305-mm\/","name":"Lazer Triple-R 28 Elite extra light bar 51&quot;\/1305 mm - The Xenon king","isPartOf":{"@id":"https:\/\/xenonkungen.com\/#website"},"primaryImageOfPage":{"@id":"https:\/\/xenonkungen.com\/de\/produkt\/lazer-triple-r-28-elite-extra-light-ramp-51-1305-mm\/#primaryimage"},"image":{"@id":"https:\/\/xenonkungen.com\/de\/produkt\/lazer-triple-r-28-elite-extra-light-ramp-51-1305-mm\/#primaryimage"},"thumbnailUrl":"https:\/\/xenonkungen.com\/wp-content\/uploads\/2025\/04\/triple-r_28_gen2_-_angled_-_web.jpg","datePublished":"2025-04-15T09:49:51+00:00","dateModified":"2026-04-24T16:29:39+00:00","breadcrumb":{"@id":"https:\/\/xenonkungen.com\/de\/produkt\/lazer-triple-r-28-elite-extra-light-ramp-51-1305-mm\/#breadcrumb"},"inLanguage":"en-GB","potentialAction":[{"@type":"ReadAction","target":["https:\/\/xenonkungen.com\/de\/produkt\/lazer-triple-r-28-elite-extra-light-ramp-51-1305-mm\/"]}]},{"@type":"ImageObject","inLanguage":"en-GB","@id":"https:\/\/xenonkungen.com\/de\/produkt\/lazer-triple-r-28-elite-extra-light-ramp-51-1305-mm\/#primaryimage","url":"https:\/\/xenonkungen.com\/wp-content\/uploads\/2025\/04\/triple-r_28_gen2_-_angled_-_web.jpg","contentUrl":"https:\/\/xenonkungen.com\/wp-content\/uploads\/2025\/04\/triple-r_28_gen2_-_angled_-_web.jpg","width":1000,"height":750},{"@type":"BreadcrumbList","@id":"https:\/\/xenonkungen.com\/de\/produkt\/lazer-triple-r-28-elite-extra-light-ramp-51-1305-mm\/#breadcrumb","itemListElement":[{"@type":"ListItem","position":1,"name":"Hem","item":"https:\/\/xenonkungen.com\/"},{"@type":"ListItem","position":2,"name":"Shop","item":"https:\/\/xenonkungen.com\/shop\/"},{"@type":"ListItem","position":3,"name":"Lazer Triple-R 28 Elite extraljusramp 51&#8243;\/1305 mm"}]},{"@type":"WebSite","@id":"https:\/\/xenonkungen.com\/#website","url":"https:\/\/xenonkungen.com\/","name":"Xenonkungen","description":"","potentialAction":[{"@type":"SearchAction","target":{"@type":"EntryPoint","urlTemplate":"https:\/\/xenonkungen.com\/?s={search_term_string}"},"query-input":{"@type":"PropertyValueSpecification","valueRequired":true,"valueName":"search_term_string"}}],"inLanguage":"en-GB"}]}},"taxonomy_info":{"product_brand":[{"value":1124,"label":"Lazer"}],"product_cat":[{"value":2561,"label":"Lazer"},{"value":2966,"label":"Ledramp Rak"},{"value":2539,"label":"LEDRAMPER"}],"product_tag":[{"value":2735,"label":"Lazer"}],"pa_fargtemperatur":[{"value":154,"label":"5000K"}],"pa_fuktskydd-varde-ipxx":[{"value":333,"label":"IP67"}],"pa_lampsockel-kontakt":[{"value":1122,"label":"Superseal"}],"pa_led-chips-effekt-w":[{"value":1856,"label":"326"}],"pa_storlek-mm":[{"value":1855,"label":"1305x73x105"}],"pa_stromforbrukning":[{"value":1857,"label":"22,6A@14,4V"}],"pa_volt-v":[{"value":1084,"label":"Multivolt, 10, 12, 16, 18, 24, 28, 30, 32"}]},"featured_image_src_large":["https:\/\/xenonkungen.com\/wp-content\/uploads\/2025\/04\/triple-r_28_gen2_-_angled_-_web.jpg",1000,750,false],"author_info":[],"comment_info":0,"_links":{"self":[{"href":"https:\/\/xenonkungen.com\/en\/wp-json\/wp\/v2\/product\/6854","targetHints":{"allow":["GET"]}}],"collection":[{"href":"https:\/\/xenonkungen.com\/en\/wp-json\/wp\/v2\/product"}],"about":[{"href":"https:\/\/xenonkungen.com\/en\/wp-json\/wp\/v2\/types\/product"}],"replies":[{"embeddable":true,"href":"https:\/\/xenonkungen.com\/en\/wp-json\/wp\/v2\/comments?post=6854"}],"wp:featuredmedia":[{"embeddable":true,"href":"https:\/\/xenonkungen.com\/en\/wp-json\/wp\/v2\/media\/6855"}],"wp:attachment":[{"href":"https:\/\/xenonkungen.com\/en\/wp-json\/wp\/v2\/media?parent=6854"}],"wp:term":[{"taxonomy":"anvandningsomrade","embeddable":true,"href":"https:\/\/xenonkungen.com\/en\/wp-json\/wp\/v2\/anvandningsomrade?post=6854"},{"taxonomy":"bilmarken","embeddable":true,"href":"https:\/\/xenonkungen.com\/en\/wp-json\/wp\/v2\/bilmarken?post=6854"},{"taxonomy":"product_brand","embeddable":true,"href":"https:\/\/xenonkungen.com\/en\/wp-json\/wp\/v2\/product_brand?post=6854"},{"taxonomy":"product_cat","embeddable":true,"href":"https:\/\/xenonkungen.com\/en\/wp-json\/wp\/v2\/product_cat?post=6854"},{"taxonomy":"product_tag","embeddable":true,"href":"https:\/\/xenonkungen.com\/en\/wp-json\/wp\/v2\/product_tag?post=6854"}],"curies":[{"name":"wp","href":"https:\/\/api.w.org\/{rel}","templated":true}]}}