{"id":6872,"date":"2025-04-15T09:50:02","date_gmt":"2025-04-15T09:50:02","guid":{"rendered":"https:\/\/xenonkungen.com\/product\/neoprenskydd-triple-r-16-765-mm-bred\/"},"modified":"2025-12-10T14:48:28","modified_gmt":"2025-12-10T13:48:28","slug":"neoprene-protection-triple-r-16765-mm-wide","status":"publish","type":"product","link":"https:\/\/xenonkungen.com\/en\/product\/neoprene-protection-triple-r-16765-mm-wide\/","title":{"rendered":"Neoprene protector Triple-R 16 (765 mm wide)"},"content":{"rendered":"<h1>Lazer's Lightbar Protection: Protect Your Triple-R and Linear Series<\/h1>\n<p>Lazer's lightbar protectors for the Triple-R and Linear series are created with high-tech, shock-absorbing and washable neoprene. These protectors are designed to protect your lightbar and keep it in perfect condition. Easy to use, you just attach the cover with Velcro when you are not using the ramp.<\/p>\n<h2>Smartly Designed Shelters Reduce Wind Noise<\/h2>\n<p>These cleverly designed covers have the added benefit of significantly reducing wind noise from roof-mounted ramps. With these covers, you can both protect your lightbar and enjoy a quieter journey when the covers are fitted.<\/p>","protected":false},"excerpt":{"rendered":"<p>Lazer&#8217;s Ljusrampsskydd: Skydda Din Triple-R och Linear-serier Lazer&#8217;s ljusrampsskydd f\u00f6r Triple-R och Linear-serierna \u00e4r skapade med h\u00f6gteknologiskt, st\u00f6td\u00e4mpande och tv\u00e4ttbart neopren. Dessa skydd \u00e4r designade f\u00f6r att skydda din ljusramp och h\u00e5lla den i perfekt skick. Enkel att anv\u00e4nda, du f\u00e4ster bara skyddet med kardborreband n\u00e4r du inte anv\u00e4nder rampen. Smart Utformade Skydd Minskar Vindbrus [&hellip;]<\/p>","protected":false},"featured_media":6873,"comment_status":"closed","ping_status":"open","template":"","meta":{"_acf_changed":false,"_smort_price_nok":"1122","_smort_price_dkk":"712","_smort_price_eur":"95.45","_smort_sale_price_nok":"","_smort_sale_price_dkk":"","_smort_sale_price_eur":"","smort_restorder":"","shipmondo_restorder":"","_kad_blocks_custom_css":"","_kad_blocks_head_custom_js":"","_kad_blocks_body_custom_js":"","_kad_blocks_footer_custom_js":"","smort_custom_pricelist_1":"672","smort_custom_pricelist_2":"672","smort_custom_pricelist_3":"672","smort_custom_pricelist_4":"840","smort_custom_pricelist_5":"672"},"anvandningsomrade":[],"bilmarken":[],"product_brand":[2793],"product_cat":[2612,2828,2539,2613],"product_tag":[2735],"class_list":{"0":"post-6872","1":"product","2":"type-product","3":"status-publish","4":"has-post-thumbnail","6":"product_brand-ovrigt","7":"product_cat-tillbehor-installation-ledramper","8":"product_cat-installation-led-ramper","9":"product_cat-ledramper","10":"product_cat-ovriga-tillbehor-tillbehor-installation-ledramper","11":"product_tag-lazer","13":"first","14":"onbackorder","15":"taxable","16":"shipping-taxable","17":"purchasable","18":"product-type-simple"},"bundled_by":[],"bundle_stock_status":"onbackorder","bundle_stock_quantity":0,"bundle_virtual":false,"bundle_layout":"","bundle_add_to_cart_form_location":"","bundle_editable_in_cart":false,"bundle_sold_individually_context":"","bundle_item_grouping":"","bundle_min_size":"","bundle_max_size":"","bundle_price":[],"bundled_items":[],"bundle_sell_ids":[],"acf":[],"yoast_head":"<!-- This site is optimized with the Yoast SEO plugin v27.0 - https:\/\/yoast.com\/product\/yoast-seo-wordpress\/ -->\n<title>Neoprenskydd Triple-R 16 (765 mm bred) - Xenonkungen<\/title>\n<meta name=\"robots\" content=\"index, follow, max-snippet:-1, max-image-preview:large, max-video-preview:-1\" \/>\n<link rel=\"canonical\" href=\"https:\/\/xenonkungen.com\/en\/product\/neoprene-protection-triple-r-16765-mm-wide\/\" \/>\n<meta property=\"og:locale\" content=\"en_GB\" \/>\n<meta property=\"og:type\" content=\"article\" \/>\n<meta property=\"og:title\" content=\"Neoprenskydd Triple-R 16 (765 mm bred) - Xenonkungen\" \/>\n<meta property=\"og:description\" content=\"Lazer&#8217;s Ljusrampsskydd: Skydda Din Triple-R och Linear-serier Lazer&#8217;s ljusrampsskydd f\u00f6r Triple-R och Linear-serierna \u00e4r skapade med h\u00f6gteknologiskt, st\u00f6td\u00e4mpande och tv\u00e4ttbart neopren. Dessa skydd \u00e4r designade f\u00f6r att skydda din ljusramp och h\u00e5lla den i perfekt skick. Enkel att anv\u00e4nda, du f\u00e4ster bara skyddet med kardborreband n\u00e4r du inte anv\u00e4nder rampen. Smart Utformade Skydd Minskar Vindbrus [&hellip;]\" \/>\n<meta property=\"og:url\" content=\"https:\/\/xenonkungen.com\/en\/product\/neoprene-protection-triple-r-16765-mm-wide\/\" \/>\n<meta property=\"og:site_name\" content=\"Xenonkungen\" \/>\n<meta property=\"article:modified_time\" content=\"2025-12-10T13:48:28+00:00\" \/>\n<meta property=\"og:image\" content=\"https:\/\/xenonkungen.com\/wp-content\/uploads\/2025\/04\/neoprene_impact_cover_-_lr-16_elite_-_angle_web.jpg\" \/>\n\t<meta property=\"og:image:width\" content=\"1000\" \/>\n\t<meta property=\"og:image:height\" content=\"750\" \/>\n\t<meta property=\"og:image:type\" content=\"image\/jpeg\" \/>\n<meta name=\"twitter:card\" content=\"summary_large_image\" \/>\n<meta name=\"twitter:label1\" content=\"Estimated reading time\" \/>\n\t<meta name=\"twitter:data1\" content=\"1 minute\" \/>\n<script type=\"application\/ld+json\" class=\"yoast-schema-graph\">{\"@context\":\"https:\/\/schema.org\",\"@graph\":[{\"@type\":\"WebPage\",\"@id\":\"https:\/\/xenonkungen.com\/de\/produkt\/neoprenschutz-dreifach-r-16-765-mm-breit\/\",\"url\":\"https:\/\/xenonkungen.com\/de\/produkt\/neoprenschutz-dreifach-r-16-765-mm-breit\/\",\"name\":\"Neoprenskydd Triple-R 16 (765 mm bred) - Xenonkungen\",\"isPartOf\":{\"@id\":\"https:\/\/xenonkungen.com\/#website\"},\"primaryImageOfPage\":{\"@id\":\"https:\/\/xenonkungen.com\/de\/produkt\/neoprenschutz-dreifach-r-16-765-mm-breit\/#primaryimage\"},\"image\":{\"@id\":\"https:\/\/xenonkungen.com\/de\/produkt\/neoprenschutz-dreifach-r-16-765-mm-breit\/#primaryimage\"},\"thumbnailUrl\":\"https:\/\/xenonkungen.com\/wp-content\/uploads\/2025\/04\/neoprene_impact_cover_-_lr-16_elite_-_angle_web.jpg\",\"datePublished\":\"2025-04-15T09:50:02+00:00\",\"dateModified\":\"2025-12-10T13:48:28+00:00\",\"breadcrumb\":{\"@id\":\"https:\/\/xenonkungen.com\/de\/produkt\/neoprenschutz-dreifach-r-16-765-mm-breit\/#breadcrumb\"},\"inLanguage\":\"en-GB\",\"potentialAction\":[{\"@type\":\"ReadAction\",\"target\":[\"https:\/\/xenonkungen.com\/de\/produkt\/neoprenschutz-dreifach-r-16-765-mm-breit\/\"]}]},{\"@type\":\"ImageObject\",\"inLanguage\":\"en-GB\",\"@id\":\"https:\/\/xenonkungen.com\/de\/produkt\/neoprenschutz-dreifach-r-16-765-mm-breit\/#primaryimage\",\"url\":\"https:\/\/xenonkungen.com\/wp-content\/uploads\/2025\/04\/neoprene_impact_cover_-_lr-16_elite_-_angle_web.jpg\",\"contentUrl\":\"https:\/\/xenonkungen.com\/wp-content\/uploads\/2025\/04\/neoprene_impact_cover_-_lr-16_elite_-_angle_web.jpg\",\"width\":1000,\"height\":750},{\"@type\":\"BreadcrumbList\",\"@id\":\"https:\/\/xenonkungen.com\/de\/produkt\/neoprenschutz-dreifach-r-16-765-mm-breit\/#breadcrumb\",\"itemListElement\":[{\"@type\":\"ListItem\",\"position\":1,\"name\":\"Hem\",\"item\":\"https:\/\/xenonkungen.com\/\"},{\"@type\":\"ListItem\",\"position\":2,\"name\":\"Shop\",\"item\":\"https:\/\/xenonkungen.com\/shop\/\"},{\"@type\":\"ListItem\",\"position\":3,\"name\":\"Neoprenskydd Triple-R 16 (765 mm bred)\"}]},{\"@type\":\"WebSite\",\"@id\":\"https:\/\/xenonkungen.com\/#website\",\"url\":\"https:\/\/xenonkungen.com\/\",\"name\":\"Xenonkungen\",\"description\":\"\",\"potentialAction\":[{\"@type\":\"SearchAction\",\"target\":{\"@type\":\"EntryPoint\",\"urlTemplate\":\"https:\/\/xenonkungen.com\/?s={search_term_string}\"},\"query-input\":{\"@type\":\"PropertyValueSpecification\",\"valueRequired\":true,\"valueName\":\"search_term_string\"}}],\"inLanguage\":\"en-GB\"}]}<\/script>\n<!-- \/ Yoast SEO plugin. -->","yoast_head_json":{"title":"Neoprene protection Triple-R 16 (765 mm wide) - The Xenon King","robots":{"index":"index","follow":"follow","max-snippet":"max-snippet:-1","max-image-preview":"max-image-preview:large","max-video-preview":"max-video-preview:-1"},"canonical":"https:\/\/xenonkungen.com\/en\/product\/neoprene-protection-triple-r-16765-mm-wide\/","og_locale":"en_GB","og_type":"article","og_title":"Neoprenskydd Triple-R 16 (765 mm bred) - Xenonkungen","og_description":"Lazer&#8217;s Ljusrampsskydd: Skydda Din Triple-R och Linear-serier Lazer&#8217;s ljusrampsskydd f\u00f6r Triple-R och Linear-serierna \u00e4r skapade med h\u00f6gteknologiskt, st\u00f6td\u00e4mpande och tv\u00e4ttbart neopren. Dessa skydd \u00e4r designade f\u00f6r att skydda din ljusramp och h\u00e5lla den i perfekt skick. Enkel att anv\u00e4nda, du f\u00e4ster bara skyddet med kardborreband n\u00e4r du inte anv\u00e4nder rampen. Smart Utformade Skydd Minskar Vindbrus [&hellip;]","og_url":"https:\/\/xenonkungen.com\/en\/product\/neoprene-protection-triple-r-16765-mm-wide\/","og_site_name":"Xenonkungen","article_modified_time":"2025-12-10T13:48:28+00:00","og_image":[{"width":1000,"height":750,"url":"https:\/\/xenonkungen.com\/wp-content\/uploads\/2025\/04\/neoprene_impact_cover_-_lr-16_elite_-_angle_web.jpg","type":"image\/jpeg"}],"twitter_card":"summary_large_image","twitter_misc":{"Estimated reading time":"1 minute"},"schema":{"@context":"https:\/\/schema.org","@graph":[{"@type":"WebPage","@id":"https:\/\/xenonkungen.com\/de\/produkt\/neoprenschutz-dreifach-r-16-765-mm-breit\/","url":"https:\/\/xenonkungen.com\/de\/produkt\/neoprenschutz-dreifach-r-16-765-mm-breit\/","name":"Neoprene protection Triple-R 16 (765 mm wide) - The Xenon King","isPartOf":{"@id":"https:\/\/xenonkungen.com\/#website"},"primaryImageOfPage":{"@id":"https:\/\/xenonkungen.com\/de\/produkt\/neoprenschutz-dreifach-r-16-765-mm-breit\/#primaryimage"},"image":{"@id":"https:\/\/xenonkungen.com\/de\/produkt\/neoprenschutz-dreifach-r-16-765-mm-breit\/#primaryimage"},"thumbnailUrl":"https:\/\/xenonkungen.com\/wp-content\/uploads\/2025\/04\/neoprene_impact_cover_-_lr-16_elite_-_angle_web.jpg","datePublished":"2025-04-15T09:50:02+00:00","dateModified":"2025-12-10T13:48:28+00:00","breadcrumb":{"@id":"https:\/\/xenonkungen.com\/de\/produkt\/neoprenschutz-dreifach-r-16-765-mm-breit\/#breadcrumb"},"inLanguage":"en-GB","potentialAction":[{"@type":"ReadAction","target":["https:\/\/xenonkungen.com\/de\/produkt\/neoprenschutz-dreifach-r-16-765-mm-breit\/"]}]},{"@type":"ImageObject","inLanguage":"en-GB","@id":"https:\/\/xenonkungen.com\/de\/produkt\/neoprenschutz-dreifach-r-16-765-mm-breit\/#primaryimage","url":"https:\/\/xenonkungen.com\/wp-content\/uploads\/2025\/04\/neoprene_impact_cover_-_lr-16_elite_-_angle_web.jpg","contentUrl":"https:\/\/xenonkungen.com\/wp-content\/uploads\/2025\/04\/neoprene_impact_cover_-_lr-16_elite_-_angle_web.jpg","width":1000,"height":750},{"@type":"BreadcrumbList","@id":"https:\/\/xenonkungen.com\/de\/produkt\/neoprenschutz-dreifach-r-16-765-mm-breit\/#breadcrumb","itemListElement":[{"@type":"ListItem","position":1,"name":"Hem","item":"https:\/\/xenonkungen.com\/"},{"@type":"ListItem","position":2,"name":"Shop","item":"https:\/\/xenonkungen.com\/shop\/"},{"@type":"ListItem","position":3,"name":"Neoprenskydd Triple-R 16 (765 mm bred)"}]},{"@type":"WebSite","@id":"https:\/\/xenonkungen.com\/#website","url":"https:\/\/xenonkungen.com\/","name":"Xenonkungen","description":"","potentialAction":[{"@type":"SearchAction","target":{"@type":"EntryPoint","urlTemplate":"https:\/\/xenonkungen.com\/?s={search_term_string}"},"query-input":{"@type":"PropertyValueSpecification","valueRequired":true,"valueName":"search_term_string"}}],"inLanguage":"en-GB"}]}},"taxonomy_info":{"product_brand":[{"value":2793,"label":"\u00d6VRIGT"}],"product_cat":[{"value":2612,"label":"INSTALLATION"},{"value":2828,"label":"Installation LED-ramper"},{"value":2539,"label":"LEDRAMPER"},{"value":2613,"label":"\u00d6vriga Tillbeh\u00f6r"}],"product_tag":[{"value":2735,"label":"Lazer"}]},"featured_image_src_large":["https:\/\/xenonkungen.com\/wp-content\/uploads\/2025\/04\/neoprene_impact_cover_-_lr-16_elite_-_angle_web.jpg",1000,750,false],"author_info":[],"comment_info":0,"_links":{"self":[{"href":"https:\/\/xenonkungen.com\/en\/wp-json\/wp\/v2\/product\/6872","targetHints":{"allow":["GET"]}}],"collection":[{"href":"https:\/\/xenonkungen.com\/en\/wp-json\/wp\/v2\/product"}],"about":[{"href":"https:\/\/xenonkungen.com\/en\/wp-json\/wp\/v2\/types\/product"}],"replies":[{"embeddable":true,"href":"https:\/\/xenonkungen.com\/en\/wp-json\/wp\/v2\/comments?post=6872"}],"wp:featuredmedia":[{"embeddable":true,"href":"https:\/\/xenonkungen.com\/en\/wp-json\/wp\/v2\/media\/6873"}],"wp:attachment":[{"href":"https:\/\/xenonkungen.com\/en\/wp-json\/wp\/v2\/media?parent=6872"}],"wp:term":[{"taxonomy":"anvandningsomrade","embeddable":true,"href":"https:\/\/xenonkungen.com\/en\/wp-json\/wp\/v2\/anvandningsomrade?post=6872"},{"taxonomy":"bilmarken","embeddable":true,"href":"https:\/\/xenonkungen.com\/en\/wp-json\/wp\/v2\/bilmarken?post=6872"},{"taxonomy":"product_brand","embeddable":true,"href":"https:\/\/xenonkungen.com\/en\/wp-json\/wp\/v2\/product_brand?post=6872"},{"taxonomy":"product_cat","embeddable":true,"href":"https:\/\/xenonkungen.com\/en\/wp-json\/wp\/v2\/product_cat?post=6872"},{"taxonomy":"product_tag","embeddable":true,"href":"https:\/\/xenonkungen.com\/en\/wp-json\/wp\/v2\/product_tag?post=6872"}],"curies":[{"name":"wp","href":"https:\/\/api.w.org\/{rel}","templated":true}]}}