{"id":7231,"date":"2025-04-15T09:53:28","date_gmt":"2025-04-15T09:53:28","guid":{"rendered":"https:\/\/xenonkungen.com\/product\/d2r-osram-cool-blue-intense-next-gen\/"},"modified":"2026-04-24T17:38:40","modified_gmt":"2026-04-24T16:38:40","slug":"d2r-osram-cool-blue-intense-next-gen","status":"publish","type":"product","link":"https:\/\/xenonkungen.com\/en\/product\/d2r-osram-cool-blue-intense-next-gen\/","title":{"rendered":"D2R Osram Cool Blue Intense (Next Gen)"},"content":{"rendered":"<p>If you want a slightly whiter xenon light than standard and with the highest quality standards, OSRAM Xenarc Cool Blue Intense will fulfil your expectations.<\/p>\n<p>D2R is intended for headlamps with reflector, e.g. Volvo ca. 1998-2009 and Mercedes ca. 1995-2002<\/p>\n<p>The colour temperature is about <strong>6200K<\/strong>.<br \/><em>See Xenon King 5000K for whiter light.<\/em><\/p>\n<p><strong>Note!<\/strong> <em>The car's owner's manual may indicate the wrong lamp type. The safest way is to identify the lamp directly in the car. Also compare with the Osram lamp guide.<\/em><\/p>\n<p>Osram Model: 66250CBN<br \/>Sold per piece.<\/p>\n<p>Warranty 1 year. (Osram does not provide a warranty for the Cool Blue series).<\/p>","protected":false},"excerpt":{"rendered":"<p>Vill du ha lite vitare xenonljus \u00e4n standard och med h\u00f6gsta kvalitetskrav s\u00e5 uppfyller OSRAM Xenarc Cool Blue Intense dina f\u00f6rv\u00e4ntningar. D2R \u00e4r avsedd f\u00f6r str\u00e5lkastare med reflektor, bl.a. Volvo ca. 1998-2009 och Mercedes ca. 1995-2002 F\u00e4rgtemperaturen \u00e4r ca 6200K.Se Xenonkungen 5000K f\u00f6r vitare ljus. Obs! Bilens instruktionsbok kan ange felaktig lamptyp. S\u00e4krast \u00e4r att [&hellip;]<\/p>","protected":false},"featured_media":7232,"comment_status":"closed","ping_status":"open","template":"","meta":{"_acf_changed":false,"_smort_price_nok":"849","_smort_price_dkk":"539","_smort_price_eur":"72.27","_smort_sale_price_nok":"","_smort_sale_price_dkk":"","_smort_sale_price_eur":"54.2","smort_restorder":"","shipmondo_restorder":"","_kad_blocks_custom_css":"","_kad_blocks_head_custom_js":"","_kad_blocks_body_custom_js":"","_kad_blocks_footer_custom_js":"","smort_custom_pricelist_1":"508.8","smort_custom_pricelist_2":"445.2","smort_custom_pricelist_3":"413.4","smort_custom_pricelist_4":"636","smort_custom_pricelist_5":"445.2"},"anvandningsomrade":[],"bilmarken":[],"product_brand":[108],"product_cat":[2483,733],"product_tag":[],"class_list":{"0":"post-7231","1":"product","2":"type-product","3":"status-publish","4":"has-post-thumbnail","6":"product_brand-osram","7":"product_cat-xenon","8":"product_cat-halvljus-helljus","9":"pa_faktisk-effekts-forbrukning-847","10":"pa_fargtemperatur-2800k","11":"pa_lampsockel-kontakt-d2r","13":"first","14":"instock","15":"taxable","16":"shipping-taxable","17":"purchasable","18":"product-type-simple"},"bundled_by":[],"bundle_stock_status":"instock","bundle_stock_quantity":2,"bundle_virtual":false,"bundle_layout":"","bundle_add_to_cart_form_location":"","bundle_editable_in_cart":false,"bundle_sold_individually_context":"","bundle_item_grouping":"","bundle_min_size":"","bundle_max_size":"","bundle_price":[],"bundled_items":[],"bundle_sell_ids":[],"acf":[],"yoast_head":"<!-- This site is optimized with the Yoast SEO plugin v27.0 - https:\/\/yoast.com\/product\/yoast-seo-wordpress\/ -->\n<title>D2R Osram Cool Blue Intense (Next Gen) - Xenonkungen<\/title>\n<meta name=\"robots\" content=\"index, follow, max-snippet:-1, max-image-preview:large, max-video-preview:-1\" \/>\n<link rel=\"canonical\" href=\"https:\/\/xenonkungen.com\/en\/product\/d2r-osram-cool-blue-intense-next-gen\/\" \/>\n<meta property=\"og:locale\" content=\"en_GB\" \/>\n<meta property=\"og:type\" content=\"article\" \/>\n<meta property=\"og:title\" content=\"D2R Osram Cool Blue Intense (Next Gen) - Xenonkungen\" \/>\n<meta property=\"og:description\" content=\"Vill du ha lite vitare xenonljus \u00e4n standard och med h\u00f6gsta kvalitetskrav s\u00e5 uppfyller OSRAM Xenarc Cool Blue Intense dina f\u00f6rv\u00e4ntningar. D2R \u00e4r avsedd f\u00f6r str\u00e5lkastare med reflektor, bl.a. Volvo ca. 1998-2009 och Mercedes ca. 1995-2002 F\u00e4rgtemperaturen \u00e4r ca 6200K.Se Xenonkungen 5000K f\u00f6r vitare ljus. Obs! Bilens instruktionsbok kan ange felaktig lamptyp. S\u00e4krast \u00e4r att [&hellip;]\" \/>\n<meta property=\"og:url\" content=\"https:\/\/xenonkungen.com\/en\/product\/d2r-osram-cool-blue-intense-next-gen\/\" \/>\n<meta property=\"og:site_name\" content=\"Xenonkungen\" \/>\n<meta property=\"article:modified_time\" content=\"2026-04-24T16:38:40+00:00\" \/>\n<meta property=\"og:image\" content=\"https:\/\/xenonkungen.com\/wp-content\/uploads\/2025\/04\/20953301-origpic-0ea233.jpg\" \/>\n\t<meta property=\"og:image:width\" content=\"900\" \/>\n\t<meta property=\"og:image:height\" content=\"1174\" \/>\n\t<meta property=\"og:image:type\" content=\"image\/jpeg\" \/>\n<meta name=\"twitter:card\" content=\"summary_large_image\" \/>\n<script type=\"application\/ld+json\" class=\"yoast-schema-graph\">{\"@context\":\"https:\/\/schema.org\",\"@graph\":[{\"@type\":\"WebPage\",\"@id\":\"https:\/\/xenonkungen.com\/produkt\/d2r-osram-cool-blue-intense-next-gen\/\",\"url\":\"https:\/\/xenonkungen.com\/produkt\/d2r-osram-cool-blue-intense-next-gen\/\",\"name\":\"D2R Osram Cool Blue Intense (Next Gen) - Xenonkungen\",\"isPartOf\":{\"@id\":\"https:\/\/xenonkungen.com\/#website\"},\"primaryImageOfPage\":{\"@id\":\"https:\/\/xenonkungen.com\/produkt\/d2r-osram-cool-blue-intense-next-gen\/#primaryimage\"},\"image\":{\"@id\":\"https:\/\/xenonkungen.com\/produkt\/d2r-osram-cool-blue-intense-next-gen\/#primaryimage\"},\"thumbnailUrl\":\"https:\/\/xenonkungen.com\/wp-content\/uploads\/2025\/04\/20953301-origpic-0ea233.jpg\",\"datePublished\":\"2025-04-15T09:53:28+00:00\",\"dateModified\":\"2026-04-24T16:38:40+00:00\",\"breadcrumb\":{\"@id\":\"https:\/\/xenonkungen.com\/produkt\/d2r-osram-cool-blue-intense-next-gen\/#breadcrumb\"},\"inLanguage\":\"en-GB\",\"potentialAction\":[{\"@type\":\"ReadAction\",\"target\":[\"https:\/\/xenonkungen.com\/produkt\/d2r-osram-cool-blue-intense-next-gen\/\"]}]},{\"@type\":\"ImageObject\",\"inLanguage\":\"en-GB\",\"@id\":\"https:\/\/xenonkungen.com\/produkt\/d2r-osram-cool-blue-intense-next-gen\/#primaryimage\",\"url\":\"https:\/\/xenonkungen.com\/wp-content\/uploads\/2025\/04\/20953301-origpic-0ea233.jpg\",\"contentUrl\":\"https:\/\/xenonkungen.com\/wp-content\/uploads\/2025\/04\/20953301-origpic-0ea233.jpg\",\"width\":900,\"height\":1174},{\"@type\":\"BreadcrumbList\",\"@id\":\"https:\/\/xenonkungen.com\/produkt\/d2r-osram-cool-blue-intense-next-gen\/#breadcrumb\",\"itemListElement\":[{\"@type\":\"ListItem\",\"position\":1,\"name\":\"Hem\",\"item\":\"https:\/\/xenonkungen.com\/\"},{\"@type\":\"ListItem\",\"position\":2,\"name\":\"Shop\",\"item\":\"https:\/\/xenonkungen.com\/shop\/\"},{\"@type\":\"ListItem\",\"position\":3,\"name\":\"D2R Osram Cool Blue Intense (Next Gen)\"}]},{\"@type\":\"WebSite\",\"@id\":\"https:\/\/xenonkungen.com\/#website\",\"url\":\"https:\/\/xenonkungen.com\/\",\"name\":\"Xenonkungen\",\"description\":\"\",\"potentialAction\":[{\"@type\":\"SearchAction\",\"target\":{\"@type\":\"EntryPoint\",\"urlTemplate\":\"https:\/\/xenonkungen.com\/?s={search_term_string}\"},\"query-input\":{\"@type\":\"PropertyValueSpecification\",\"valueRequired\":true,\"valueName\":\"search_term_string\"}}],\"inLanguage\":\"en-GB\"}]}<\/script>\n<!-- \/ Yoast SEO plugin. -->","yoast_head_json":{"title":"D2R Osram Cool Blue Intense (Next Gen) - The Xenon King","robots":{"index":"index","follow":"follow","max-snippet":"max-snippet:-1","max-image-preview":"max-image-preview:large","max-video-preview":"max-video-preview:-1"},"canonical":"https:\/\/xenonkungen.com\/en\/product\/d2r-osram-cool-blue-intense-next-gen\/","og_locale":"en_GB","og_type":"article","og_title":"D2R Osram Cool Blue Intense (Next Gen) - Xenonkungen","og_description":"Vill du ha lite vitare xenonljus \u00e4n standard och med h\u00f6gsta kvalitetskrav s\u00e5 uppfyller OSRAM Xenarc Cool Blue Intense dina f\u00f6rv\u00e4ntningar. D2R \u00e4r avsedd f\u00f6r str\u00e5lkastare med reflektor, bl.a. Volvo ca. 1998-2009 och Mercedes ca. 1995-2002 F\u00e4rgtemperaturen \u00e4r ca 6200K.Se Xenonkungen 5000K f\u00f6r vitare ljus. Obs! Bilens instruktionsbok kan ange felaktig lamptyp. S\u00e4krast \u00e4r att [&hellip;]","og_url":"https:\/\/xenonkungen.com\/en\/product\/d2r-osram-cool-blue-intense-next-gen\/","og_site_name":"Xenonkungen","article_modified_time":"2026-04-24T16:38:40+00:00","og_image":[{"width":900,"height":1174,"url":"https:\/\/xenonkungen.com\/wp-content\/uploads\/2025\/04\/20953301-origpic-0ea233.jpg","type":"image\/jpeg"}],"twitter_card":"summary_large_image","schema":{"@context":"https:\/\/schema.org","@graph":[{"@type":"WebPage","@id":"https:\/\/xenonkungen.com\/produkt\/d2r-osram-cool-blue-intense-next-gen\/","url":"https:\/\/xenonkungen.com\/produkt\/d2r-osram-cool-blue-intense-next-gen\/","name":"D2R Osram Cool Blue Intense (Next Gen) - The Xenon King","isPartOf":{"@id":"https:\/\/xenonkungen.com\/#website"},"primaryImageOfPage":{"@id":"https:\/\/xenonkungen.com\/produkt\/d2r-osram-cool-blue-intense-next-gen\/#primaryimage"},"image":{"@id":"https:\/\/xenonkungen.com\/produkt\/d2r-osram-cool-blue-intense-next-gen\/#primaryimage"},"thumbnailUrl":"https:\/\/xenonkungen.com\/wp-content\/uploads\/2025\/04\/20953301-origpic-0ea233.jpg","datePublished":"2025-04-15T09:53:28+00:00","dateModified":"2026-04-24T16:38:40+00:00","breadcrumb":{"@id":"https:\/\/xenonkungen.com\/produkt\/d2r-osram-cool-blue-intense-next-gen\/#breadcrumb"},"inLanguage":"en-GB","potentialAction":[{"@type":"ReadAction","target":["https:\/\/xenonkungen.com\/produkt\/d2r-osram-cool-blue-intense-next-gen\/"]}]},{"@type":"ImageObject","inLanguage":"en-GB","@id":"https:\/\/xenonkungen.com\/produkt\/d2r-osram-cool-blue-intense-next-gen\/#primaryimage","url":"https:\/\/xenonkungen.com\/wp-content\/uploads\/2025\/04\/20953301-origpic-0ea233.jpg","contentUrl":"https:\/\/xenonkungen.com\/wp-content\/uploads\/2025\/04\/20953301-origpic-0ea233.jpg","width":900,"height":1174},{"@type":"BreadcrumbList","@id":"https:\/\/xenonkungen.com\/produkt\/d2r-osram-cool-blue-intense-next-gen\/#breadcrumb","itemListElement":[{"@type":"ListItem","position":1,"name":"Hem","item":"https:\/\/xenonkungen.com\/"},{"@type":"ListItem","position":2,"name":"Shop","item":"https:\/\/xenonkungen.com\/shop\/"},{"@type":"ListItem","position":3,"name":"D2R Osram Cool Blue Intense (Next Gen)"}]},{"@type":"WebSite","@id":"https:\/\/xenonkungen.com\/#website","url":"https:\/\/xenonkungen.com\/","name":"Xenonkungen","description":"","potentialAction":[{"@type":"SearchAction","target":{"@type":"EntryPoint","urlTemplate":"https:\/\/xenonkungen.com\/?s={search_term_string}"},"query-input":{"@type":"PropertyValueSpecification","valueRequired":true,"valueName":"search_term_string"}}],"inLanguage":"en-GB"}]}},"taxonomy_info":{"product_brand":[{"value":108,"label":"OSRAM"}],"product_cat":[{"value":2483,"label":"Xenon"},{"value":733,"label":"Halvljus \/ Helljus"}],"pa_faktisk-effekts-forbrukning":[{"value":847,"label":"35"}],"pa_fargtemperatur":[{"value":1891,"label":"2800K"}],"pa_lampsockel-kontakt":[{"value":761,"label":"D2R"}]},"featured_image_src_large":["https:\/\/xenonkungen.com\/wp-content\/uploads\/2025\/04\/20953301-origpic-0ea233-785x1024.jpg",785,1024,true],"author_info":[],"comment_info":0,"_links":{"self":[{"href":"https:\/\/xenonkungen.com\/en\/wp-json\/wp\/v2\/product\/7231","targetHints":{"allow":["GET"]}}],"collection":[{"href":"https:\/\/xenonkungen.com\/en\/wp-json\/wp\/v2\/product"}],"about":[{"href":"https:\/\/xenonkungen.com\/en\/wp-json\/wp\/v2\/types\/product"}],"replies":[{"embeddable":true,"href":"https:\/\/xenonkungen.com\/en\/wp-json\/wp\/v2\/comments?post=7231"}],"wp:featuredmedia":[{"embeddable":true,"href":"https:\/\/xenonkungen.com\/en\/wp-json\/wp\/v2\/media\/7232"}],"wp:attachment":[{"href":"https:\/\/xenonkungen.com\/en\/wp-json\/wp\/v2\/media?parent=7231"}],"wp:term":[{"taxonomy":"anvandningsomrade","embeddable":true,"href":"https:\/\/xenonkungen.com\/en\/wp-json\/wp\/v2\/anvandningsomrade?post=7231"},{"taxonomy":"bilmarken","embeddable":true,"href":"https:\/\/xenonkungen.com\/en\/wp-json\/wp\/v2\/bilmarken?post=7231"},{"taxonomy":"product_brand","embeddable":true,"href":"https:\/\/xenonkungen.com\/en\/wp-json\/wp\/v2\/product_brand?post=7231"},{"taxonomy":"product_cat","embeddable":true,"href":"https:\/\/xenonkungen.com\/en\/wp-json\/wp\/v2\/product_cat?post=7231"},{"taxonomy":"product_tag","embeddable":true,"href":"https:\/\/xenonkungen.com\/en\/wp-json\/wp\/v2\/product_tag?post=7231"}],"curies":[{"name":"wp","href":"https:\/\/api.w.org\/{rel}","templated":true}]}}