{"id":7240,"date":"2025-04-15T09:53:28","date_gmt":"2025-04-15T09:53:28","guid":{"rendered":"https:\/\/xenonkungen.com\/product\/d3s-osram-xenarc-original\/"},"modified":"2026-05-08T15:40:03","modified_gmt":"2026-05-08T14:40:03","slug":"d3s-osram-xenarc-original","status":"publish","type":"product","link":"https:\/\/xenonkungen.com\/en\/product\/d3s-osram-xenarc-original\/","title":{"rendered":"D3S Osram Xenarc\u00ae Original"},"content":{"rendered":"<p>OSRAM Xenarc D3S xenon lamp 66340 for replacement. Standard colour temperature about 4150K.<\/p>\n<p>Note! Only for D3S systems. D3S are lead-free xenon lamps and cannot be combined with D1S ballast.<\/p>\n<p><strong>Note!<\/strong> <em>The car's owner's manual may indicate the wrong lamp type. The safest way is to identify the lamp directly in the car. Also compare with the Osram lamp guide.<\/em><\/p>\n<p>4 year guarantee.<\/p>","protected":false},"excerpt":{"rendered":"<p>OSRAM Xenarc D3S xenon lamp 66340 for replacement. Standard color temperature approx. 4150K. Note! Only for D3S systems. D3S are lead-free xenon lamps and cannot be combined with D1S ballast. Note! The car&#039;s instruction manual may indicate the wrong lamp type. It is safest to identify the lamp directly in the car. Also compare with the Osram lamp guide. 4 year warranty.<\/p>","protected":false},"featured_media":7241,"comment_status":"closed","ping_status":"open","template":"","meta":{"_acf_changed":false,"_smort_price_nok":"742","_smort_price_dkk":"472","_smort_price_eur":"63.18","_smort_sale_price_nok":"","_smort_sale_price_dkk":"","_smort_sale_price_eur":"","smort_restorder":"","shipmondo_restorder":"","_kad_blocks_custom_css":"","_kad_blocks_head_custom_js":"","_kad_blocks_body_custom_js":"","_kad_blocks_footer_custom_js":"","smort_custom_pricelist_1":"444.8","smort_custom_pricelist_2":"444.8","smort_custom_pricelist_3":"422.56","smort_custom_pricelist_4":"556","smort_custom_pricelist_5":"444.8"},"anvandningsomrade":[],"bilmarken":[],"product_brand":[108],"product_cat":[2483,733],"product_tag":[],"class_list":{"0":"post-7240","1":"product","2":"type-product","3":"status-publish","4":"has-post-thumbnail","6":"product_brand-osram","7":"product_cat-xenon","8":"product_cat-halvljus-helljus","9":"pa_faktisk-effekts-forbrukning-847","10":"pa_fargtemperatur-4300k","11":"pa_lampsockel-kontakt-d3s","13":"first","14":"instock","15":"taxable","16":"shipping-taxable","17":"purchasable","18":"product-type-simple"},"bundled_by":[],"bundle_stock_status":"instock","bundle_stock_quantity":6,"bundle_virtual":false,"bundle_layout":"","bundle_add_to_cart_form_location":"","bundle_editable_in_cart":false,"bundle_sold_individually_context":"","bundle_item_grouping":"","bundle_min_size":"","bundle_max_size":"","bundle_price":[],"bundled_items":[],"bundle_sell_ids":[],"acf":[],"yoast_head":"<!-- This site is optimized with the Yoast SEO plugin v27.0 - https:\/\/yoast.com\/product\/yoast-seo-wordpress\/ -->\n<title>D3S Osram Xenarc\u00ae Original - Xenonkungen<\/title>\n<meta name=\"robots\" content=\"index, follow, max-snippet:-1, max-image-preview:large, max-video-preview:-1\" \/>\n<link rel=\"canonical\" href=\"https:\/\/xenonkungen.com\/en\/product\/d3s-osram-xenarc-original\/\" \/>\n<meta property=\"og:locale\" content=\"en_GB\" \/>\n<meta property=\"og:type\" content=\"article\" \/>\n<meta property=\"og:title\" content=\"D3S Osram Xenarc\u00ae Original - Xenonkungen\" \/>\n<meta property=\"og:description\" content=\"OSRAM Xenarc D3S xenonlampa 66340 f\u00f6r utbyte. Standard f\u00e4rgtemperatur ca 4150K. Obs! Endast f\u00f6r D3S system. D3S \u00e4r blyfria xenonlampor och kan ej kombineras med D1S ballast. Obs! Bilens instruktionsbok kan ange felaktig lamptyp. S\u00e4krast \u00e4r att identifiera lampan direkt i bilen. J\u00e4mf\u00f6r ocks\u00e5 med Osram lampguide. 4 \u00e5rs garanti.\" \/>\n<meta property=\"og:url\" content=\"https:\/\/xenonkungen.com\/en\/product\/d3s-osram-xenarc-original\/\" \/>\n<meta property=\"og:site_name\" content=\"Xenonkungen\" \/>\n<meta property=\"article:modified_time\" content=\"2026-05-08T14:40:03+00:00\" \/>\n<meta property=\"og:image\" content=\"https:\/\/xenonkungen.com\/wp-content\/uploads\/2025\/04\/21632496-origpic-eb8b19.jpg\" \/>\n\t<meta property=\"og:image:width\" content=\"600\" \/>\n\t<meta property=\"og:image:height\" content=\"600\" \/>\n\t<meta property=\"og:image:type\" content=\"image\/jpeg\" \/>\n<meta name=\"twitter:card\" content=\"summary_large_image\" \/>\n<script type=\"application\/ld+json\" class=\"yoast-schema-graph\">{\"@context\":\"https:\/\/schema.org\",\"@graph\":[{\"@type\":\"WebPage\",\"@id\":\"https:\/\/xenonkungen.com\/produkt\/d3s-osram-xenarc-original\/\",\"url\":\"https:\/\/xenonkungen.com\/produkt\/d3s-osram-xenarc-original\/\",\"name\":\"D3S Osram Xenarc\u00ae Original - Xenonkungen\",\"isPartOf\":{\"@id\":\"https:\/\/xenonkungen.com\/#website\"},\"primaryImageOfPage\":{\"@id\":\"https:\/\/xenonkungen.com\/produkt\/d3s-osram-xenarc-original\/#primaryimage\"},\"image\":{\"@id\":\"https:\/\/xenonkungen.com\/produkt\/d3s-osram-xenarc-original\/#primaryimage\"},\"thumbnailUrl\":\"https:\/\/xenonkungen.com\/wp-content\/uploads\/2025\/04\/21632496-origpic-eb8b19.jpg\",\"datePublished\":\"2025-04-15T09:53:28+00:00\",\"dateModified\":\"2026-05-08T14:40:03+00:00\",\"breadcrumb\":{\"@id\":\"https:\/\/xenonkungen.com\/produkt\/d3s-osram-xenarc-original\/#breadcrumb\"},\"inLanguage\":\"en-GB\",\"potentialAction\":[{\"@type\":\"ReadAction\",\"target\":[\"https:\/\/xenonkungen.com\/produkt\/d3s-osram-xenarc-original\/\"]}]},{\"@type\":\"ImageObject\",\"inLanguage\":\"en-GB\",\"@id\":\"https:\/\/xenonkungen.com\/produkt\/d3s-osram-xenarc-original\/#primaryimage\",\"url\":\"https:\/\/xenonkungen.com\/wp-content\/uploads\/2025\/04\/21632496-origpic-eb8b19.jpg\",\"contentUrl\":\"https:\/\/xenonkungen.com\/wp-content\/uploads\/2025\/04\/21632496-origpic-eb8b19.jpg\",\"width\":600,\"height\":600},{\"@type\":\"BreadcrumbList\",\"@id\":\"https:\/\/xenonkungen.com\/produkt\/d3s-osram-xenarc-original\/#breadcrumb\",\"itemListElement\":[{\"@type\":\"ListItem\",\"position\":1,\"name\":\"Hem\",\"item\":\"https:\/\/xenonkungen.com\/\"},{\"@type\":\"ListItem\",\"position\":2,\"name\":\"Shop\",\"item\":\"https:\/\/xenonkungen.com\/shop\/\"},{\"@type\":\"ListItem\",\"position\":3,\"name\":\"D3S Osram Xenarc\u00ae Original\"}]},{\"@type\":\"WebSite\",\"@id\":\"https:\/\/xenonkungen.com\/#website\",\"url\":\"https:\/\/xenonkungen.com\/\",\"name\":\"Xenonkungen\",\"description\":\"\",\"potentialAction\":[{\"@type\":\"SearchAction\",\"target\":{\"@type\":\"EntryPoint\",\"urlTemplate\":\"https:\/\/xenonkungen.com\/?s={search_term_string}\"},\"query-input\":{\"@type\":\"PropertyValueSpecification\",\"valueRequired\":true,\"valueName\":\"search_term_string\"}}],\"inLanguage\":\"en-GB\"}]}<\/script>\n<!-- \/ Yoast SEO plugin. -->","yoast_head_json":{"title":"D3S Osram Xenarc\u00ae Original - The Xenon King","robots":{"index":"index","follow":"follow","max-snippet":"max-snippet:-1","max-image-preview":"max-image-preview:large","max-video-preview":"max-video-preview:-1"},"canonical":"https:\/\/xenonkungen.com\/en\/product\/d3s-osram-xenarc-original\/","og_locale":"en_GB","og_type":"article","og_title":"D3S Osram Xenarc\u00ae Original - Xenonkungen","og_description":"OSRAM Xenarc D3S xenonlampa 66340 f\u00f6r utbyte. Standard f\u00e4rgtemperatur ca 4150K. Obs! Endast f\u00f6r D3S system. D3S \u00e4r blyfria xenonlampor och kan ej kombineras med D1S ballast. Obs! Bilens instruktionsbok kan ange felaktig lamptyp. S\u00e4krast \u00e4r att identifiera lampan direkt i bilen. J\u00e4mf\u00f6r ocks\u00e5 med Osram lampguide. 4 \u00e5rs garanti.","og_url":"https:\/\/xenonkungen.com\/en\/product\/d3s-osram-xenarc-original\/","og_site_name":"Xenonkungen","article_modified_time":"2026-05-08T14:40:03+00:00","og_image":[{"width":600,"height":600,"url":"https:\/\/xenonkungen.com\/wp-content\/uploads\/2025\/04\/21632496-origpic-eb8b19.jpg","type":"image\/jpeg"}],"twitter_card":"summary_large_image","schema":{"@context":"https:\/\/schema.org","@graph":[{"@type":"WebPage","@id":"https:\/\/xenonkungen.com\/produkt\/d3s-osram-xenarc-original\/","url":"https:\/\/xenonkungen.com\/produkt\/d3s-osram-xenarc-original\/","name":"D3S Osram Xenarc\u00ae Original - The Xenon King","isPartOf":{"@id":"https:\/\/xenonkungen.com\/#website"},"primaryImageOfPage":{"@id":"https:\/\/xenonkungen.com\/produkt\/d3s-osram-xenarc-original\/#primaryimage"},"image":{"@id":"https:\/\/xenonkungen.com\/produkt\/d3s-osram-xenarc-original\/#primaryimage"},"thumbnailUrl":"https:\/\/xenonkungen.com\/wp-content\/uploads\/2025\/04\/21632496-origpic-eb8b19.jpg","datePublished":"2025-04-15T09:53:28+00:00","dateModified":"2026-05-08T14:40:03+00:00","breadcrumb":{"@id":"https:\/\/xenonkungen.com\/produkt\/d3s-osram-xenarc-original\/#breadcrumb"},"inLanguage":"en-GB","potentialAction":[{"@type":"ReadAction","target":["https:\/\/xenonkungen.com\/produkt\/d3s-osram-xenarc-original\/"]}]},{"@type":"ImageObject","inLanguage":"en-GB","@id":"https:\/\/xenonkungen.com\/produkt\/d3s-osram-xenarc-original\/#primaryimage","url":"https:\/\/xenonkungen.com\/wp-content\/uploads\/2025\/04\/21632496-origpic-eb8b19.jpg","contentUrl":"https:\/\/xenonkungen.com\/wp-content\/uploads\/2025\/04\/21632496-origpic-eb8b19.jpg","width":600,"height":600},{"@type":"BreadcrumbList","@id":"https:\/\/xenonkungen.com\/produkt\/d3s-osram-xenarc-original\/#breadcrumb","itemListElement":[{"@type":"ListItem","position":1,"name":"Hem","item":"https:\/\/xenonkungen.com\/"},{"@type":"ListItem","position":2,"name":"Shop","item":"https:\/\/xenonkungen.com\/shop\/"},{"@type":"ListItem","position":3,"name":"D3S Osram Xenarc\u00ae Original"}]},{"@type":"WebSite","@id":"https:\/\/xenonkungen.com\/#website","url":"https:\/\/xenonkungen.com\/","name":"Xenonkungen","description":"","potentialAction":[{"@type":"SearchAction","target":{"@type":"EntryPoint","urlTemplate":"https:\/\/xenonkungen.com\/?s={search_term_string}"},"query-input":{"@type":"PropertyValueSpecification","valueRequired":true,"valueName":"search_term_string"}}],"inLanguage":"en-GB"}]}},"taxonomy_info":{"product_brand":[{"value":108,"label":"OSRAM"}],"product_cat":[{"value":2483,"label":"Xenon"},{"value":733,"label":"Halvljus \/ Helljus"}],"pa_faktisk-effekts-forbrukning":[{"value":847,"label":"35"}],"pa_fargtemperatur":[{"value":755,"label":"4300K"}],"pa_lampsockel-kontakt":[{"value":759,"label":"D3S"}]},"featured_image_src_large":["https:\/\/xenonkungen.com\/wp-content\/uploads\/2025\/04\/21632496-origpic-eb8b19.jpg",600,600,false],"author_info":[],"comment_info":4,"_links":{"self":[{"href":"https:\/\/xenonkungen.com\/en\/wp-json\/wp\/v2\/product\/7240","targetHints":{"allow":["GET"]}}],"collection":[{"href":"https:\/\/xenonkungen.com\/en\/wp-json\/wp\/v2\/product"}],"about":[{"href":"https:\/\/xenonkungen.com\/en\/wp-json\/wp\/v2\/types\/product"}],"replies":[{"embeddable":true,"href":"https:\/\/xenonkungen.com\/en\/wp-json\/wp\/v2\/comments?post=7240"}],"wp:featuredmedia":[{"embeddable":true,"href":"https:\/\/xenonkungen.com\/en\/wp-json\/wp\/v2\/media\/7241"}],"wp:attachment":[{"href":"https:\/\/xenonkungen.com\/en\/wp-json\/wp\/v2\/media?parent=7240"}],"wp:term":[{"taxonomy":"anvandningsomrade","embeddable":true,"href":"https:\/\/xenonkungen.com\/en\/wp-json\/wp\/v2\/anvandningsomrade?post=7240"},{"taxonomy":"bilmarken","embeddable":true,"href":"https:\/\/xenonkungen.com\/en\/wp-json\/wp\/v2\/bilmarken?post=7240"},{"taxonomy":"product_brand","embeddable":true,"href":"https:\/\/xenonkungen.com\/en\/wp-json\/wp\/v2\/product_brand?post=7240"},{"taxonomy":"product_cat","embeddable":true,"href":"https:\/\/xenonkungen.com\/en\/wp-json\/wp\/v2\/product_cat?post=7240"},{"taxonomy":"product_tag","embeddable":true,"href":"https:\/\/xenonkungen.com\/en\/wp-json\/wp\/v2\/product_tag?post=7240"}],"curies":[{"name":"wp","href":"https:\/\/api.w.org\/{rel}","templated":true}]}}