{"id":7312,"date":"2025-04-15T09:54:10","date_gmt":"2025-04-15T09:54:10","guid":{"rendered":"https:\/\/xenonkungen.com\/product\/ledriving-ledlampa-sl-w21w-2\/"},"modified":"2026-04-11T01:27:58","modified_gmt":"2026-04-11T00:27:58","slug":"led-driving-led-lamp-sl-w21w-2","status":"publish","type":"product","link":"https:\/\/xenonkungen.com\/en\/product\/led-driving-led-lamp-sl-w21w-2\/","title":{"rendered":"LEDriving\u00ae LED lamp SL W21W"},"content":{"rendered":"<p>Suitable LED replacement lamp for WY21W<\/p>\n<p>LEDriving SL WY21W replacement lamps offer a modern and intense light. These replacement lamps fit all conventional WY21W lamp bases.<\/p>\n<p>Compared to regular lamps, these LED replacement lamps consume up to 80 % less energy. OSRAM provides a 4-year guarantee on these LEDriving SL lamps.<\/p>\n<p>These products are not ECE-approved and must not be used on public roads in exterior applications.<\/p>\n<p>Electrical data:<br \/>- Maximum power: 1.8 W<br \/>- Nominal rated voltage: 12.0 V<br \/>- Nominal wattage: 1.30 W<br \/>- Power consumption tolerance: \u00b110 %<br \/>- Test voltage in volts: 13.5 V<\/p>\n<p>Photometric data:<br \/>- Luminous flux: 55 lm<br \/>- Luminous flux, tolerance: \u00b125 %<br \/>- LED light colour: Yellow<\/p>\n<p>Dimensions:<br \/>- Diameter: 20.0 mm<br \/>- Product weight: 12.00 g<br \/>- Length: 47.5 mm<\/p>\n<p>Life expectancy:<br \/>- Lifetime B3: 1500 h<br \/>- Lifetime Tc in hours: 4000 h<br \/>- Warranty: 4 years<\/p>\n<p>Supplementary product data:<br \/>- Base: WX3x16d<\/p>","protected":false},"excerpt":{"rendered":"<p>&quot;Upgrade your car with the new LEDriving\u00ae LED bulb SL W21W \u2013 Designed to provide brighter and more efficient lighting than traditional bulbs. This LED bulb uses the latest LED technology and is easy to install to give you a safer and more satisfying driving experience. Order today and improve your visibility on the road!&quot;<\/p>","protected":false},"featured_media":7313,"comment_status":"closed","ping_status":"open","template":"","meta":{"_acf_changed":false,"_smort_price_nok":"214","_smort_price_dkk":"136","_smort_price_eur":"18.18","_smort_sale_price_nok":"","_smort_sale_price_dkk":"","_smort_sale_price_eur":"","smort_restorder":"","shipmondo_restorder":"","_kad_blocks_custom_css":"","_kad_blocks_head_custom_js":"","_kad_blocks_body_custom_js":"","_kad_blocks_footer_custom_js":"","smort_custom_pricelist_1":"128","smort_custom_pricelist_2":"120","smort_custom_pricelist_3":"114","smort_custom_pricelist_4":"160","smort_custom_pricelist_5":"119.12"},"anvandningsomrade":[167],"bilmarken":[208,240,194,241,242,195,243,209,244,245,246,247,248,210,249,196,250,251,252,253,197,211,254,212,255,256,257,258,259,213,260,261,198,262,263,264,265,266,267,199,268,269,270,271,200,272,273,274,215,275,276,277,278,201,279,202,280,281,216,282,203,283,284,285,286,204,217,218,287,288,289,290,219,205,169,291],"product_brand":[108],"product_cat":[1894],"product_tag":[],"class_list":{"0":"post-7312","1":"product","2":"type-product","3":"status-publish","4":"has-post-thumbnail","6":"anvandningsomrade-personbil","7":"bilmarken-abarth","8":"bilmarken-acura","9":"bilmarken-alfa-romeo","10":"bilmarken-alpina","11":"bilmarken-aston-martin","12":"bilmarken-audi","13":"bilmarken-bentley","14":"bilmarken-bmw","15":"bilmarken-bugatti","16":"bilmarken-buick","17":"bilmarken-cadillac","18":"bilmarken-chevrolet","19":"bilmarken-chrysler","20":"bilmarken-citroen","21":"bilmarken-cupra","22":"bilmarken-dacia","23":"bilmarken-daewoo","24":"bilmarken-daihatsu","25":"bilmarken-dodge","26":"bilmarken-ds","27":"bilmarken-ferrari","28":"bilmarken-fiat","29":"bilmarken-fisker","30":"bilmarken-ford","31":"bilmarken-geely","32":"bilmarken-genesis","33":"bilmarken-gmc","34":"bilmarken-honda","35":"bilmarken-hummer","36":"bilmarken-hyundai","37":"bilmarken-infiniti","38":"bilmarken-isuzu","39":"bilmarken-iveco","40":"bilmarken-jaguar","41":"bilmarken-jeep","42":"bilmarken-kia","43":"bilmarken-koenigsegg","44":"bilmarken-lada","45":"bilmarken-lamborghini","46":"bilmarken-lancia","47":"bilmarken-land-rover","48":"bilmarken-lexus","49":"bilmarken-lincoln","50":"bilmarken-lotus","51":"bilmarken-maserati","52":"bilmarken-maxus","53":"bilmarken-mazda","54":"bilmarken-mclaren","55":"bilmarken-mercedes-benz","56":"bilmarken-mg","57":"bilmarken-mini","58":"bilmarken-mitsubishi","59":"bilmarken-nissan","60":"bilmarken-opel","61":"bilmarken-pagani","62":"bilmarken-peugeot","63":"bilmarken-polestar","64":"bilmarken-pontiac","65":"bilmarken-porsche","66":"bilmarken-ram","67":"bilmarken-renault","68":"bilmarken-rivian","69":"bilmarken-rolls-royce","70":"bilmarken-rover","71":"bilmarken-saab","72":"bilmarken-seat","73":"bilmarken-skoda","74":"bilmarken-smart","75":"bilmarken-ssangyong","76":"bilmarken-subaru","77":"bilmarken-suzuki","78":"bilmarken-tesla","79":"bilmarken-toyota","80":"bilmarken-volkswagen","81":"bilmarken-volvo","82":"bilmarken-wiesmann","83":"product_brand-osram","84":"product_cat-diodlampa","85":"pa_faktisk-effekts-forbrukning-780","86":"pa_fargtemperatur-gul","87":"pa_lampsockel-kontakt-w21w","88":"pa_volt-v-159","90":"first","91":"instock","92":"taxable","93":"shipping-taxable","94":"purchasable","95":"product-type-simple"},"bundled_by":[],"bundle_stock_status":"instock","bundle_stock_quantity":5,"bundle_virtual":false,"bundle_layout":"","bundle_add_to_cart_form_location":"","bundle_editable_in_cart":false,"bundle_sold_individually_context":"","bundle_item_grouping":"","bundle_min_size":"","bundle_max_size":"","bundle_price":[],"bundled_items":[],"bundle_sell_ids":[],"acf":[],"yoast_head":"<!-- This site is optimized with the Yoast SEO plugin v27.0 - https:\/\/yoast.com\/product\/yoast-seo-wordpress\/ -->\n<title>LEDriving\u00ae LEDlampa SL W21W - Xenonkungen<\/title>\n<meta name=\"robots\" content=\"index, follow, max-snippet:-1, max-image-preview:large, max-video-preview:-1\" \/>\n<link rel=\"canonical\" href=\"https:\/\/xenonkungen.com\/en\/product\/led-driving-led-lamp-sl-w21w-2\/\" \/>\n<meta property=\"og:locale\" content=\"en_GB\" \/>\n<meta property=\"og:type\" content=\"article\" \/>\n<meta property=\"og:title\" content=\"LEDriving\u00ae LEDlampa SL W21W - Xenonkungen\" \/>\n<meta property=\"og:description\" content=\"&quot;Uppgradera din bil med den nya LEDriving\u00ae LEDlampan SL W21W - Utformad f\u00f6r att ge starkare och mer effektiv belysning \u00e4n traditionella lampor. Denna LEDlampa anv\u00e4nder den senaste LED-tekniken och \u00e4r enkel att installera f\u00f6r att ge dig en s\u00e4krare och mer tillfredsst\u00e4llande k\u00f6rupplevelse. Best\u00e4ll idag och f\u00f6rb\u00e4ttra din sikt p\u00e5 v\u00e4gen!&quot;\" \/>\n<meta property=\"og:url\" content=\"https:\/\/xenonkungen.com\/en\/product\/led-driving-led-lamp-sl-w21w-2\/\" \/>\n<meta property=\"og:site_name\" content=\"Xenonkungen\" \/>\n<meta property=\"article:modified_time\" content=\"2026-04-11T00:27:58+00:00\" \/>\n<meta property=\"og:image\" content=\"https:\/\/xenonkungen.com\/wp-content\/uploads\/2025\/04\/201830673-origpic-aae560.jpg\" \/>\n\t<meta property=\"og:image:width\" content=\"691\" \/>\n\t<meta property=\"og:image:height\" content=\"1000\" \/>\n\t<meta property=\"og:image:type\" content=\"image\/jpeg\" \/>\n<meta name=\"twitter:card\" content=\"summary_large_image\" \/>\n<meta name=\"twitter:label1\" content=\"Estimated reading time\" \/>\n\t<meta name=\"twitter:data1\" content=\"1 minute\" \/>\n<script type=\"application\/ld+json\" class=\"yoast-schema-graph\">{\"@context\":\"https:\/\/schema.org\",\"@graph\":[{\"@type\":\"WebPage\",\"@id\":\"https:\/\/xenonkungen.com\/produkt\/ledriving-ledlampa-sl-w21w-2\/\",\"url\":\"https:\/\/xenonkungen.com\/produkt\/ledriving-ledlampa-sl-w21w-2\/\",\"name\":\"LEDriving\u00ae LEDlampa SL W21W - Xenonkungen\",\"isPartOf\":{\"@id\":\"https:\/\/xenonkungen.com\/#website\"},\"primaryImageOfPage\":{\"@id\":\"https:\/\/xenonkungen.com\/produkt\/ledriving-ledlampa-sl-w21w-2\/#primaryimage\"},\"image\":{\"@id\":\"https:\/\/xenonkungen.com\/produkt\/ledriving-ledlampa-sl-w21w-2\/#primaryimage\"},\"thumbnailUrl\":\"https:\/\/xenonkungen.com\/wp-content\/uploads\/2025\/04\/201830673-origpic-aae560.jpg\",\"datePublished\":\"2025-04-15T09:54:10+00:00\",\"dateModified\":\"2026-04-11T00:27:58+00:00\",\"breadcrumb\":{\"@id\":\"https:\/\/xenonkungen.com\/produkt\/ledriving-ledlampa-sl-w21w-2\/#breadcrumb\"},\"inLanguage\":\"en-GB\",\"potentialAction\":[{\"@type\":\"ReadAction\",\"target\":[\"https:\/\/xenonkungen.com\/produkt\/ledriving-ledlampa-sl-w21w-2\/\"]}]},{\"@type\":\"ImageObject\",\"inLanguage\":\"en-GB\",\"@id\":\"https:\/\/xenonkungen.com\/produkt\/ledriving-ledlampa-sl-w21w-2\/#primaryimage\",\"url\":\"https:\/\/xenonkungen.com\/wp-content\/uploads\/2025\/04\/201830673-origpic-aae560.jpg\",\"contentUrl\":\"https:\/\/xenonkungen.com\/wp-content\/uploads\/2025\/04\/201830673-origpic-aae560.jpg\",\"width\":691,\"height\":1000},{\"@type\":\"BreadcrumbList\",\"@id\":\"https:\/\/xenonkungen.com\/produkt\/ledriving-ledlampa-sl-w21w-2\/#breadcrumb\",\"itemListElement\":[{\"@type\":\"ListItem\",\"position\":1,\"name\":\"Hem\",\"item\":\"https:\/\/xenonkungen.com\/\"},{\"@type\":\"ListItem\",\"position\":2,\"name\":\"Shop\",\"item\":\"https:\/\/xenonkungen.com\/shop\/\"},{\"@type\":\"ListItem\",\"position\":3,\"name\":\"LEDriving\u00ae LEDlampa SL W21W\"}]},{\"@type\":\"WebSite\",\"@id\":\"https:\/\/xenonkungen.com\/#website\",\"url\":\"https:\/\/xenonkungen.com\/\",\"name\":\"Xenonkungen\",\"description\":\"\",\"potentialAction\":[{\"@type\":\"SearchAction\",\"target\":{\"@type\":\"EntryPoint\",\"urlTemplate\":\"https:\/\/xenonkungen.com\/?s={search_term_string}\"},\"query-input\":{\"@type\":\"PropertyValueSpecification\",\"valueRequired\":true,\"valueName\":\"search_term_string\"}}],\"inLanguage\":\"en-GB\"}]}<\/script>\n<!-- \/ Yoast SEO plugin. -->","yoast_head_json":{"title":"LEDriving\u00ae LED lamp SL W21W - The Xenon king","robots":{"index":"index","follow":"follow","max-snippet":"max-snippet:-1","max-image-preview":"max-image-preview:large","max-video-preview":"max-video-preview:-1"},"canonical":"https:\/\/xenonkungen.com\/en\/product\/led-driving-led-lamp-sl-w21w-2\/","og_locale":"en_GB","og_type":"article","og_title":"LEDriving\u00ae LEDlampa SL W21W - Xenonkungen","og_description":"\"Uppgradera din bil med den nya LEDriving\u00ae LEDlampan SL W21W - Utformad f\u00f6r att ge starkare och mer effektiv belysning \u00e4n traditionella lampor. Denna LEDlampa anv\u00e4nder den senaste LED-tekniken och \u00e4r enkel att installera f\u00f6r att ge dig en s\u00e4krare och mer tillfredsst\u00e4llande k\u00f6rupplevelse. Best\u00e4ll idag och f\u00f6rb\u00e4ttra din sikt p\u00e5 v\u00e4gen!\"","og_url":"https:\/\/xenonkungen.com\/en\/product\/led-driving-led-lamp-sl-w21w-2\/","og_site_name":"Xenonkungen","article_modified_time":"2026-04-11T00:27:58+00:00","og_image":[{"width":691,"height":1000,"url":"https:\/\/xenonkungen.com\/wp-content\/uploads\/2025\/04\/201830673-origpic-aae560.jpg","type":"image\/jpeg"}],"twitter_card":"summary_large_image","twitter_misc":{"Estimated reading time":"1 minute"},"schema":{"@context":"https:\/\/schema.org","@graph":[{"@type":"WebPage","@id":"https:\/\/xenonkungen.com\/produkt\/ledriving-ledlampa-sl-w21w-2\/","url":"https:\/\/xenonkungen.com\/produkt\/ledriving-ledlampa-sl-w21w-2\/","name":"LEDriving\u00ae LED lamp SL W21W - The Xenon king","isPartOf":{"@id":"https:\/\/xenonkungen.com\/#website"},"primaryImageOfPage":{"@id":"https:\/\/xenonkungen.com\/produkt\/ledriving-ledlampa-sl-w21w-2\/#primaryimage"},"image":{"@id":"https:\/\/xenonkungen.com\/produkt\/ledriving-ledlampa-sl-w21w-2\/#primaryimage"},"thumbnailUrl":"https:\/\/xenonkungen.com\/wp-content\/uploads\/2025\/04\/201830673-origpic-aae560.jpg","datePublished":"2025-04-15T09:54:10+00:00","dateModified":"2026-04-11T00:27:58+00:00","breadcrumb":{"@id":"https:\/\/xenonkungen.com\/produkt\/ledriving-ledlampa-sl-w21w-2\/#breadcrumb"},"inLanguage":"en-GB","potentialAction":[{"@type":"ReadAction","target":["https:\/\/xenonkungen.com\/produkt\/ledriving-ledlampa-sl-w21w-2\/"]}]},{"@type":"ImageObject","inLanguage":"en-GB","@id":"https:\/\/xenonkungen.com\/produkt\/ledriving-ledlampa-sl-w21w-2\/#primaryimage","url":"https:\/\/xenonkungen.com\/wp-content\/uploads\/2025\/04\/201830673-origpic-aae560.jpg","contentUrl":"https:\/\/xenonkungen.com\/wp-content\/uploads\/2025\/04\/201830673-origpic-aae560.jpg","width":691,"height":1000},{"@type":"BreadcrumbList","@id":"https:\/\/xenonkungen.com\/produkt\/ledriving-ledlampa-sl-w21w-2\/#breadcrumb","itemListElement":[{"@type":"ListItem","position":1,"name":"Hem","item":"https:\/\/xenonkungen.com\/"},{"@type":"ListItem","position":2,"name":"Shop","item":"https:\/\/xenonkungen.com\/shop\/"},{"@type":"ListItem","position":3,"name":"LEDriving\u00ae LEDlampa SL W21W"}]},{"@type":"WebSite","@id":"https:\/\/xenonkungen.com\/#website","url":"https:\/\/xenonkungen.com\/","name":"Xenonkungen","description":"","potentialAction":[{"@type":"SearchAction","target":{"@type":"EntryPoint","urlTemplate":"https:\/\/xenonkungen.com\/?s={search_term_string}"},"query-input":{"@type":"PropertyValueSpecification","valueRequired":true,"valueName":"search_term_string"}}],"inLanguage":"en-GB"}]}},"taxonomy_info":{"anvandningsomrade":[{"value":167,"label":"PERSONBIL"}],"bilmarken":[{"value":208,"label":"Abarth"},{"value":240,"label":"Acura"},{"value":194,"label":"Alfa Romeo"},{"value":241,"label":"Alpina"},{"value":242,"label":"Aston Martin"},{"value":195,"label":"Audi"},{"value":243,"label":"Bentley"},{"value":209,"label":"BMW"},{"value":244,"label":"Bugatti"},{"value":245,"label":"Buick"},{"value":246,"label":"Cadillac"},{"value":247,"label":"Chevrolet"},{"value":248,"label":"Chrysler"},{"value":210,"label":"Citroen"},{"value":249,"label":"Cupra"},{"value":196,"label":"Dacia"},{"value":250,"label":"Daewoo"},{"value":251,"label":"Daihatsu"},{"value":252,"label":"Dodge"},{"value":253,"label":"DS"},{"value":197,"label":"Ferrari"},{"value":211,"label":"Fiat"},{"value":254,"label":"Fisker"},{"value":212,"label":"Ford"},{"value":255,"label":"Geely"},{"value":256,"label":"Genesis"},{"value":257,"label":"GMC"},{"value":258,"label":"Honda"},{"value":259,"label":"Hummer"},{"value":213,"label":"Hyundai"},{"value":260,"label":"Infiniti"},{"value":261,"label":"Isuzu"},{"value":198,"label":"Iveco"},{"value":262,"label":"Jaguar"},{"value":263,"label":"Jeep"},{"value":264,"label":"Kia"},{"value":265,"label":"Koenigsegg"},{"value":266,"label":"Lada"},{"value":267,"label":"Lamborghini"},{"value":199,"label":"Lancia"},{"value":268,"label":"Land Rover"},{"value":269,"label":"Lexus"},{"value":270,"label":"Lincoln"},{"value":271,"label":"Lotus"},{"value":200,"label":"Maserati"},{"value":272,"label":"Maxus"},{"value":273,"label":"Mazda"},{"value":274,"label":"McLaren"},{"value":215,"label":"Mercedes-Benz"},{"value":275,"label":"MG"},{"value":276,"label":"Mini"},{"value":277,"label":"Mitsubishi"},{"value":278,"label":"Nissan"},{"value":201,"label":"Opel"},{"value":279,"label":"Pagani"},{"value":202,"label":"Peugeot"},{"value":280,"label":"Polestar"},{"value":281,"label":"Pontiac"},{"value":216,"label":"Porsche"},{"value":282,"label":"RAM"},{"value":203,"label":"Renault"},{"value":283,"label":"Rivian"},{"value":284,"label":"Rolls-Royce"},{"value":285,"label":"Rover"},{"value":286,"label":"Saab"},{"value":204,"label":"Seat"},{"value":217,"label":"Skoda"},{"value":218,"label":"Smart"},{"value":287,"label":"SsangYong"},{"value":288,"label":"Subaru"},{"value":289,"label":"Suzuki"},{"value":290,"label":"Tesla"},{"value":219,"label":"Toyota"},{"value":205,"label":"Volkswagen"},{"value":169,"label":"volvo"},{"value":291,"label":"Wiesmann"}],"product_brand":[{"value":108,"label":"OSRAM"}],"product_cat":[{"value":1894,"label":"Diodlampa"}],"pa_faktisk-effekts-forbrukning":[{"value":780,"label":"1,8"}],"pa_fargtemperatur":[{"value":1579,"label":"Gul"}],"pa_lampsockel-kontakt":[{"value":1895,"label":"W21W"}],"pa_volt-v":[{"value":159,"label":"12"}]},"featured_image_src_large":["https:\/\/xenonkungen.com\/wp-content\/uploads\/2025\/04\/201830673-origpic-aae560.jpg",691,1000,false],"author_info":[],"comment_info":0,"_links":{"self":[{"href":"https:\/\/xenonkungen.com\/en\/wp-json\/wp\/v2\/product\/7312","targetHints":{"allow":["GET"]}}],"collection":[{"href":"https:\/\/xenonkungen.com\/en\/wp-json\/wp\/v2\/product"}],"about":[{"href":"https:\/\/xenonkungen.com\/en\/wp-json\/wp\/v2\/types\/product"}],"replies":[{"embeddable":true,"href":"https:\/\/xenonkungen.com\/en\/wp-json\/wp\/v2\/comments?post=7312"}],"wp:featuredmedia":[{"embeddable":true,"href":"https:\/\/xenonkungen.com\/en\/wp-json\/wp\/v2\/media\/7313"}],"wp:attachment":[{"href":"https:\/\/xenonkungen.com\/en\/wp-json\/wp\/v2\/media?parent=7312"}],"wp:term":[{"taxonomy":"anvandningsomrade","embeddable":true,"href":"https:\/\/xenonkungen.com\/en\/wp-json\/wp\/v2\/anvandningsomrade?post=7312"},{"taxonomy":"bilmarken","embeddable":true,"href":"https:\/\/xenonkungen.com\/en\/wp-json\/wp\/v2\/bilmarken?post=7312"},{"taxonomy":"product_brand","embeddable":true,"href":"https:\/\/xenonkungen.com\/en\/wp-json\/wp\/v2\/product_brand?post=7312"},{"taxonomy":"product_cat","embeddable":true,"href":"https:\/\/xenonkungen.com\/en\/wp-json\/wp\/v2\/product_cat?post=7312"},{"taxonomy":"product_tag","embeddable":true,"href":"https:\/\/xenonkungen.com\/en\/wp-json\/wp\/v2\/product_tag?post=7312"}],"curies":[{"name":"wp","href":"https:\/\/api.w.org\/{rel}","templated":true}]}}