{"id":7463,"date":"2025-04-15T09:55:46","date_gmt":"2025-04-15T09:55:46","guid":{"rendered":"https:\/\/xenonkungen.com\/product\/osram-ledriving-ledramp-fx250-combo\/"},"modified":"2026-04-24T17:40:47","modified_gmt":"2026-04-24T16:40:47","slug":"osram-ledriving-ledramp-fx250-combo","status":"publish","type":"product","link":"https:\/\/xenonkungen.com\/en\/product\/osram-ledriving-ledramp-fx250-combo\/","title":{"rendered":"OSRAM LEDriving\u00ae LEDramp FX250 Combo <31cm>"},"content":{"rendered":"<h2 class=\"font-headline-text-bold orange\">Improved lighting for short and long distances thanks to LED extra light<\/h2>\n<div class=\"product-text\">\n<div class=\"space-paragraph\" data-attr-id=\"ZPIM1TE00821\">Especially when driving on rural and gravel roads, visibility can play a major role in safety. The LEDriving Lightbar FX250-CB is an ECE-approved LED auxiliary light that provides extra illumination of dark roads over long distances.<\/p>\n<p>Even in low light conditions and at dusk, the ten high-performance LEDs provide a beam of light up to 320 m long, as well as daylight conditions with a colour temperature of 6,000 Kelvin.<br \/>The auxiliary light can be used both as an additional LED high beam and as a powerful work light. The light is fully ECE approved in both versions and is therefore suitable for use on public roads.<br \/>The clever design of the reflectors deflects the LED light so that oncoming traffic is only hit by indirect light. With a beam angle of five degrees, oncoming vehicles are not unnecessarily dazzled and the light is evenly distributed.<\/p>\n<p><strong>Robust and durable thanks to superior craftsmanship<\/strong><br \/>As an LED extra light, the LEDriving Lightbar FX250-CB has to withstand quite a lot. The compact housing and robust polycarbonate lens can do just that. The automotive LED lightbar can withstand the most extreme weather and environmental conditions.<br \/>In addition, the integrated driver and thermal management system ensure that the ten high-performance LEDs do not overheat. The full polarity protection protects against damage caused by overvoltage and also contributes to a longer lifetime.<\/p>\n<p><strong>Safe and flexible on and off-road<\/strong><br \/>The versatility of the LEDriving Lightbar FX250-CB allows it to be used flexibly. The LED light can be mounted on cars, commercial vehicles, recreational vehicles, 4\u00d74s and agricultural vehicles. Thanks to its extreme brightness, it is also perfect as an LED work light on off-road vehicles.<br \/>The powerful 2,700 lumen LED extra light provides the highest possible optical efficiency for all applications and an aesthetic and uniform light distribution.<\/div>\n<\/div>\n<p><strong>Combo<\/strong> has 2 different reflectors that give you both a wide and long light.<\/p>","protected":false},"excerpt":{"rendered":"<p>F\u00f6rb\u00e4ttrad belysning f\u00f6r korta och l\u00e5nga avst\u00e5nd tack vare LED-extraljus S\u00e4rskilt n\u00e4r man k\u00f6r p\u00e5 lands- och grusv\u00e4gar kan sikten spela en stor roll f\u00f6r s\u00e4kerheten. LEDriving Lightbar FX250-CB \u00e4r ett ECE-godk\u00e4nt LED-extraljus som ger extra belysning av m\u00f6rka v\u00e4gar p\u00e5 l\u00e5nga avst\u00e5nd. \u00c4ven under d\u00e5liga ljusf\u00f6rh\u00e5llande och i skymning ger de tio h\u00f6gpresterande LED-lamporna [&hellip;]<\/p>","protected":false},"featured_media":7464,"comment_status":"closed","ping_status":"open","template":"","meta":{"_acf_changed":false,"_smort_price_nok":"2606","_smort_price_dkk":"1656","_smort_price_eur":"221.81","_smort_sale_price_nok":"","_smort_sale_price_dkk":"","_smort_sale_price_eur":"","smort_restorder":"","shipmondo_restorder":"","_kad_blocks_custom_css":"","_kad_blocks_head_custom_js":"","_kad_blocks_body_custom_js":"","_kad_blocks_footer_custom_js":"","smort_custom_pricelist_1":"1561.6","smort_custom_pricelist_2":"1561.6","smort_custom_pricelist_3":"1483.52","smort_custom_pricelist_4":"1952","smort_custom_pricelist_5":"1561.6"},"anvandningsomrade":[],"bilmarken":[],"product_brand":[108],"product_cat":[2966,2539,2640,2183],"product_tag":[],"class_list":{"0":"post-7463","1":"product","2":"type-product","3":"status-publish","4":"has-post-thumbnail","6":"product_brand-osram","7":"product_cat-ledramp-rak","8":"product_cat-ledramper","9":"product_cat-osram-ledriving-ledramper","10":"product_cat-osram-ledriving","11":"pa_faktisk-effekts-forbrukning-533","12":"pa_fargtemperatur-1428","13":"pa_fuktskydd-varde-ipxx-ip67","14":"pa_godkannande-e4-ece-r10-r112","15":"pa_lampsockel-kontakt-dt","16":"pa_ljusbild-combo","17":"pa_storlek-mm-94x77x400","18":"pa_volt-v-12-24","20":"first","21":"onbackorder","22":"taxable","23":"shipping-taxable","24":"purchasable","25":"product-type-simple"},"bundled_by":[],"bundle_stock_status":"onbackorder","bundle_stock_quantity":0,"bundle_virtual":false,"bundle_layout":"","bundle_add_to_cart_form_location":"","bundle_editable_in_cart":false,"bundle_sold_individually_context":"","bundle_item_grouping":"","bundle_min_size":"","bundle_max_size":"","bundle_price":[],"bundled_items":[],"bundle_sell_ids":[],"acf":[],"yoast_head":"<!-- This site is optimized with the Yoast SEO plugin v27.0 - https:\/\/yoast.com\/product\/yoast-seo-wordpress\/ -->\n<title>OSRAM LEDriving\u00ae LEDramp FX250 Combo  - Xenonkungen<\/title>\n<meta name=\"robots\" content=\"index, follow, max-snippet:-1, max-image-preview:large, max-video-preview:-1\" \/>\n<link rel=\"canonical\" href=\"https:\/\/xenonkungen.com\/en\/product\/osram-ledriving-ledramp-fx250-combo\/\" \/>\n<meta property=\"og:locale\" content=\"en_GB\" \/>\n<meta property=\"og:type\" content=\"article\" \/>\n<meta property=\"og:title\" content=\"OSRAM LEDriving\u00ae LEDramp FX250 Combo  - Xenonkungen\" \/>\n<meta property=\"og:description\" content=\"F\u00f6rb\u00e4ttrad belysning f\u00f6r korta och l\u00e5nga avst\u00e5nd tack vare LED-extraljus S\u00e4rskilt n\u00e4r man k\u00f6r p\u00e5 lands- och grusv\u00e4gar kan sikten spela en stor roll f\u00f6r s\u00e4kerheten. LEDriving Lightbar FX250-CB \u00e4r ett ECE-godk\u00e4nt LED-extraljus som ger extra belysning av m\u00f6rka v\u00e4gar p\u00e5 l\u00e5nga avst\u00e5nd. \u00c4ven under d\u00e5liga ljusf\u00f6rh\u00e5llande och i skymning ger de tio h\u00f6gpresterande LED-lamporna [&hellip;]\" \/>\n<meta property=\"og:url\" content=\"https:\/\/xenonkungen.com\/en\/product\/osram-ledriving-ledramp-fx250-combo\/\" \/>\n<meta property=\"og:site_name\" content=\"Xenonkungen\" \/>\n<meta property=\"article:modified_time\" content=\"2026-04-24T16:40:47+00:00\" \/>\n<meta property=\"og:image\" content=\"https:\/\/xenonkungen.com\/wp-content\/uploads\/2025\/04\/178110521-origpic-e4df38.png\" \/>\n\t<meta property=\"og:image:width\" content=\"1000\" \/>\n\t<meta property=\"og:image:height\" content=\"728\" \/>\n\t<meta property=\"og:image:type\" content=\"image\/png\" \/>\n<meta name=\"twitter:card\" content=\"summary_large_image\" \/>\n<meta name=\"twitter:label1\" content=\"Estimated reading time\" \/>\n\t<meta name=\"twitter:data1\" content=\"2 minutes\" \/>\n<script type=\"application\/ld+json\" class=\"yoast-schema-graph\">{\"@context\":\"https:\/\/schema.org\",\"@graph\":[{\"@type\":\"WebPage\",\"@id\":\"https:\/\/xenonkungen.com\/produkt\/osram-ledriving-ledramp-fx250-combo\/\",\"url\":\"https:\/\/xenonkungen.com\/produkt\/osram-ledriving-ledramp-fx250-combo\/\",\"name\":\"OSRAM LEDriving\u00ae LEDramp FX250 Combo - Xenonkungen\",\"isPartOf\":{\"@id\":\"https:\/\/xenonkungen.com\/#website\"},\"primaryImageOfPage\":{\"@id\":\"https:\/\/xenonkungen.com\/produkt\/osram-ledriving-ledramp-fx250-combo\/#primaryimage\"},\"image\":{\"@id\":\"https:\/\/xenonkungen.com\/produkt\/osram-ledriving-ledramp-fx250-combo\/#primaryimage\"},\"thumbnailUrl\":\"https:\/\/xenonkungen.com\/wp-content\/uploads\/2025\/04\/178110521-origpic-e4df38.png\",\"datePublished\":\"2025-04-15T09:55:46+00:00\",\"dateModified\":\"2026-04-24T16:40:47+00:00\",\"breadcrumb\":{\"@id\":\"https:\/\/xenonkungen.com\/produkt\/osram-ledriving-ledramp-fx250-combo\/#breadcrumb\"},\"inLanguage\":\"en-GB\",\"potentialAction\":[{\"@type\":\"ReadAction\",\"target\":[\"https:\/\/xenonkungen.com\/produkt\/osram-ledriving-ledramp-fx250-combo\/\"]}]},{\"@type\":\"ImageObject\",\"inLanguage\":\"en-GB\",\"@id\":\"https:\/\/xenonkungen.com\/produkt\/osram-ledriving-ledramp-fx250-combo\/#primaryimage\",\"url\":\"https:\/\/xenonkungen.com\/wp-content\/uploads\/2025\/04\/178110521-origpic-e4df38.png\",\"contentUrl\":\"https:\/\/xenonkungen.com\/wp-content\/uploads\/2025\/04\/178110521-origpic-e4df38.png\",\"width\":1000,\"height\":728},{\"@type\":\"BreadcrumbList\",\"@id\":\"https:\/\/xenonkungen.com\/produkt\/osram-ledriving-ledramp-fx250-combo\/#breadcrumb\",\"itemListElement\":[{\"@type\":\"ListItem\",\"position\":1,\"name\":\"Hem\",\"item\":\"https:\/\/xenonkungen.com\/\"},{\"@type\":\"ListItem\",\"position\":2,\"name\":\"Shop\",\"item\":\"https:\/\/xenonkungen.com\/shop\/\"},{\"@type\":\"ListItem\",\"position\":3,\"name\":\"OSRAM LEDriving\u00ae LEDramp FX250 Combo\"}]},{\"@type\":\"WebSite\",\"@id\":\"https:\/\/xenonkungen.com\/#website\",\"url\":\"https:\/\/xenonkungen.com\/\",\"name\":\"Xenonkungen\",\"description\":\"\",\"potentialAction\":[{\"@type\":\"SearchAction\",\"target\":{\"@type\":\"EntryPoint\",\"urlTemplate\":\"https:\/\/xenonkungen.com\/?s={search_term_string}\"},\"query-input\":{\"@type\":\"PropertyValueSpecification\",\"valueRequired\":true,\"valueName\":\"search_term_string\"}}],\"inLanguage\":\"en-GB\"}]}<\/script>\n<!-- \/ Yoast SEO plugin. -->","yoast_head_json":{"title":"OSRAM LEDriving\u00ae LEDramp FX250 Combo - The Xenon King","robots":{"index":"index","follow":"follow","max-snippet":"max-snippet:-1","max-image-preview":"max-image-preview:large","max-video-preview":"max-video-preview:-1"},"canonical":"https:\/\/xenonkungen.com\/en\/product\/osram-ledriving-ledramp-fx250-combo\/","og_locale":"en_GB","og_type":"article","og_title":"OSRAM LEDriving\u00ae LEDramp FX250 Combo  - Xenonkungen","og_description":"F\u00f6rb\u00e4ttrad belysning f\u00f6r korta och l\u00e5nga avst\u00e5nd tack vare LED-extraljus S\u00e4rskilt n\u00e4r man k\u00f6r p\u00e5 lands- och grusv\u00e4gar kan sikten spela en stor roll f\u00f6r s\u00e4kerheten. LEDriving Lightbar FX250-CB \u00e4r ett ECE-godk\u00e4nt LED-extraljus som ger extra belysning av m\u00f6rka v\u00e4gar p\u00e5 l\u00e5nga avst\u00e5nd. \u00c4ven under d\u00e5liga ljusf\u00f6rh\u00e5llande och i skymning ger de tio h\u00f6gpresterande LED-lamporna [&hellip;]","og_url":"https:\/\/xenonkungen.com\/en\/product\/osram-ledriving-ledramp-fx250-combo\/","og_site_name":"Xenonkungen","article_modified_time":"2026-04-24T16:40:47+00:00","og_image":[{"width":1000,"height":728,"url":"https:\/\/xenonkungen.com\/wp-content\/uploads\/2025\/04\/178110521-origpic-e4df38.png","type":"image\/png"}],"twitter_card":"summary_large_image","twitter_misc":{"Estimated reading time":"2 minutes"},"schema":{"@context":"https:\/\/schema.org","@graph":[{"@type":"WebPage","@id":"https:\/\/xenonkungen.com\/produkt\/osram-ledriving-ledramp-fx250-combo\/","url":"https:\/\/xenonkungen.com\/produkt\/osram-ledriving-ledramp-fx250-combo\/","name":"OSRAM LEDriving\u00ae LEDramp FX250 Combo - The Xenon King","isPartOf":{"@id":"https:\/\/xenonkungen.com\/#website"},"primaryImageOfPage":{"@id":"https:\/\/xenonkungen.com\/produkt\/osram-ledriving-ledramp-fx250-combo\/#primaryimage"},"image":{"@id":"https:\/\/xenonkungen.com\/produkt\/osram-ledriving-ledramp-fx250-combo\/#primaryimage"},"thumbnailUrl":"https:\/\/xenonkungen.com\/wp-content\/uploads\/2025\/04\/178110521-origpic-e4df38.png","datePublished":"2025-04-15T09:55:46+00:00","dateModified":"2026-04-24T16:40:47+00:00","breadcrumb":{"@id":"https:\/\/xenonkungen.com\/produkt\/osram-ledriving-ledramp-fx250-combo\/#breadcrumb"},"inLanguage":"en-GB","potentialAction":[{"@type":"ReadAction","target":["https:\/\/xenonkungen.com\/produkt\/osram-ledriving-ledramp-fx250-combo\/"]}]},{"@type":"ImageObject","inLanguage":"en-GB","@id":"https:\/\/xenonkungen.com\/produkt\/osram-ledriving-ledramp-fx250-combo\/#primaryimage","url":"https:\/\/xenonkungen.com\/wp-content\/uploads\/2025\/04\/178110521-origpic-e4df38.png","contentUrl":"https:\/\/xenonkungen.com\/wp-content\/uploads\/2025\/04\/178110521-origpic-e4df38.png","width":1000,"height":728},{"@type":"BreadcrumbList","@id":"https:\/\/xenonkungen.com\/produkt\/osram-ledriving-ledramp-fx250-combo\/#breadcrumb","itemListElement":[{"@type":"ListItem","position":1,"name":"Hem","item":"https:\/\/xenonkungen.com\/"},{"@type":"ListItem","position":2,"name":"Shop","item":"https:\/\/xenonkungen.com\/shop\/"},{"@type":"ListItem","position":3,"name":"OSRAM LEDriving\u00ae LEDramp FX250 Combo"}]},{"@type":"WebSite","@id":"https:\/\/xenonkungen.com\/#website","url":"https:\/\/xenonkungen.com\/","name":"Xenonkungen","description":"","potentialAction":[{"@type":"SearchAction","target":{"@type":"EntryPoint","urlTemplate":"https:\/\/xenonkungen.com\/?s={search_term_string}"},"query-input":{"@type":"PropertyValueSpecification","valueRequired":true,"valueName":"search_term_string"}}],"inLanguage":"en-GB"}]}},"taxonomy_info":{"product_brand":[{"value":108,"label":"OSRAM"}],"product_cat":[{"value":2966,"label":"Ledramp Rak"},{"value":2539,"label":"LEDRAMPER"},{"value":2640,"label":"OSRAM Ledriving Serie"},{"value":2183,"label":"OSRAM LEDriving\u00ae"}],"pa_faktisk-effekts-forbrukning":[{"value":533,"label":"30"}],"pa_fargtemperatur":[{"value":1428,"label":"6000"}],"pa_fuktskydd-varde-ipxx":[{"value":333,"label":"IP67"}],"pa_godkannande":[{"value":1930,"label":"E4, ECE R10, R112"}],"pa_lampsockel-kontakt":[{"value":329,"label":"DT"}],"pa_ljusbild":[{"value":804,"label":"Combo"}],"pa_storlek-mm":[{"value":1929,"label":"94x77x400"}],"pa_volt-v":[{"value":348,"label":"12, 24"}]},"featured_image_src_large":["https:\/\/xenonkungen.com\/wp-content\/uploads\/2025\/04\/178110521-origpic-e4df38.png",1000,728,false],"author_info":[],"comment_info":0,"_links":{"self":[{"href":"https:\/\/xenonkungen.com\/en\/wp-json\/wp\/v2\/product\/7463","targetHints":{"allow":["GET"]}}],"collection":[{"href":"https:\/\/xenonkungen.com\/en\/wp-json\/wp\/v2\/product"}],"about":[{"href":"https:\/\/xenonkungen.com\/en\/wp-json\/wp\/v2\/types\/product"}],"replies":[{"embeddable":true,"href":"https:\/\/xenonkungen.com\/en\/wp-json\/wp\/v2\/comments?post=7463"}],"wp:featuredmedia":[{"embeddable":true,"href":"https:\/\/xenonkungen.com\/en\/wp-json\/wp\/v2\/media\/7464"}],"wp:attachment":[{"href":"https:\/\/xenonkungen.com\/en\/wp-json\/wp\/v2\/media?parent=7463"}],"wp:term":[{"taxonomy":"anvandningsomrade","embeddable":true,"href":"https:\/\/xenonkungen.com\/en\/wp-json\/wp\/v2\/anvandningsomrade?post=7463"},{"taxonomy":"bilmarken","embeddable":true,"href":"https:\/\/xenonkungen.com\/en\/wp-json\/wp\/v2\/bilmarken?post=7463"},{"taxonomy":"product_brand","embeddable":true,"href":"https:\/\/xenonkungen.com\/en\/wp-json\/wp\/v2\/product_brand?post=7463"},{"taxonomy":"product_cat","embeddable":true,"href":"https:\/\/xenonkungen.com\/en\/wp-json\/wp\/v2\/product_cat?post=7463"},{"taxonomy":"product_tag","embeddable":true,"href":"https:\/\/xenonkungen.com\/en\/wp-json\/wp\/v2\/product_tag?post=7463"}],"curies":[{"name":"wp","href":"https:\/\/api.w.org\/{rel}","templated":true}]}}