{"id":7495,"date":"2025-04-15T09:56:07","date_gmt":"2025-04-15T09:56:07","guid":{"rendered":"https:\/\/xenonkungen.com\/product\/ledriving-ledramp-sx300-cb\/"},"modified":"2026-03-25T14:30:19","modified_gmt":"2026-03-25T13:30:19","slug":"ledriving-led-ramp-sx300-cb","status":"publish","type":"product","link":"https:\/\/xenonkungen.com\/en\/product\/ledriving-led-ramp-sx300-cb\/","title":{"rendered":"LEDriving\u00ae LEDramp SX300-CB <35cm>"},"content":{"rendered":"<p>Light up your life with OSRAM LEDriving driving and work lights<br \/>The OSRAM LEDriving Lightbar SX300-CB illuminates dark country roads and forest tracks. <\/p>\n<p>With 12 powerful and high-performance long-life LEDs, the OSRAM LEDriving Lightbar SX300-CB has a range of up to 210 metres and gives drivers plenty of warning both on the road and off-road. Even in low light conditions, the OSRAM LEDriving Lightbar SX300-CB provides a daylight-like environment thanks to a colour temperature of up to 6,000 Kelvin. The intense luminous flux of up to 2,600 lumens is combined with very high optical efficiency and uniform light distribution. This allows you to see better and your vehicle to be more easily perceived by other road users, contributing to higher road safety both on the road and off-road.<\/p>\n<p>On the road or off-road ? The OSRAM LEDriving Lightbar SX300-CB impresses with its powerful performance and long service life of up to 5,000 hours. The versatile light can withstand tough environmental conditions thanks to the high-quality materials, such as an aluminium housing and a robust polycarbonate lens, and is both lightweight and rugged. The OSRAM LEDriving Lightbar SX300-CB has been tested in our DIN-certified environmental simulation lab for extreme external conditions such as water, dust, shock, high and low temperatures and permanent vibrations and validated with the IP69K protection class. An integrated drive unit and a thermal management system regulate the LED Lightbar's temperature and prevent damage caused by overheating. Polarity protection prevents incorrect polarity in the power supply and prevents potential damage by automatically switching off the LEDs. <br \/>On the road or off-road ? The OSRAM LEDriving Lightbar SX300-CB is an effective upgrade for your vehicle. The ECE-certified LED driving lights require no re-registration and no additions to the vehicle documentation.<br \/>ECE reference number: 10<\/p>\n<p>The OSRAM LEDriving Lightbar SX300-CB can be mounted on cars, trucks, agricultural machinery, utility vehicles, construction vehicles, forestry machinery, caravans, off-road vehicles and quad bikes.<br \/>The OSRAM LEDriving Lightbar SX300-CB is versatile and flexible.<\/p>","protected":false},"excerpt":{"rendered":"<p>Smooth LED ramp from Osram. Perfect for installation inside the grill.<\/p>","protected":false},"featured_media":7496,"comment_status":"closed","ping_status":"open","template":"","meta":{"_acf_changed":false,"_smort_price_nok":"2489","_smort_price_dkk":"1581","_smort_price_eur":"211.81","_smort_sale_price_nok":"","_smort_sale_price_dkk":"","_smort_sale_price_eur":"","smort_restorder":"","shipmondo_restorder":"","_kad_blocks_custom_css":"","_kad_blocks_head_custom_js":"","_kad_blocks_body_custom_js":"","_kad_blocks_footer_custom_js":"","smort_custom_pricelist_1":"1491.2","smort_custom_pricelist_2":"1491.2","smort_custom_pricelist_3":"1416.64","smort_custom_pricelist_4":"1864","smort_custom_pricelist_5":"1491.2"},"anvandningsomrade":[],"bilmarken":[],"product_brand":[108],"product_cat":[2966,2539,2640,2183],"product_tag":[],"class_list":{"0":"post-7495","1":"product","2":"type-product","3":"status-publish","4":"has-post-thumbnail","6":"product_brand-osram","7":"product_cat-ledramp-rak","8":"product_cat-ledramper","9":"product_cat-osram-ledriving-ledramper","10":"product_cat-osram-ledriving","11":"pa_faktisk-effekts-forbrukning-1937","12":"pa_fargtemperatur-1428","13":"pa_fuktskydd-varde-ipxx-ip69k","14":"pa_godkannande-r10-r112","15":"pa_ljusbild-combo","16":"pa_storlek-mm-350x615x38","17":"pa_volt-v-12-24","19":"first","20":"instock","21":"taxable","22":"shipping-taxable","23":"purchasable","24":"product-type-simple"},"bundled_by":[],"bundle_stock_status":"instock","bundle_stock_quantity":1,"bundle_virtual":false,"bundle_layout":"","bundle_add_to_cart_form_location":"","bundle_editable_in_cart":false,"bundle_sold_individually_context":"","bundle_item_grouping":"","bundle_min_size":"","bundle_max_size":"","bundle_price":[],"bundled_items":[],"bundle_sell_ids":[],"acf":[],"yoast_head":"<!-- This site is optimized with the Yoast SEO plugin v27.0 - https:\/\/yoast.com\/product\/yoast-seo-wordpress\/ -->\n<title>LEDriving\u00ae LEDramp SX300-CB  - Xenonkungen<\/title>\n<meta name=\"robots\" content=\"index, follow, max-snippet:-1, max-image-preview:large, max-video-preview:-1\" \/>\n<link rel=\"canonical\" href=\"https:\/\/xenonkungen.com\/en\/product\/ledriving-led-ramp-sx300-cb\/\" \/>\n<meta property=\"og:locale\" content=\"en_GB\" \/>\n<meta property=\"og:type\" content=\"article\" \/>\n<meta property=\"og:title\" content=\"LEDriving\u00ae LEDramp SX300-CB  - Xenonkungen\" \/>\n<meta property=\"og:description\" content=\"Smidig Ledramp fr\u00e5n Osram. Passar perfekt f\u00f6r byggas in innanf\u00f6r grillen.\" \/>\n<meta property=\"og:url\" content=\"https:\/\/xenonkungen.com\/en\/product\/ledriving-led-ramp-sx300-cb\/\" \/>\n<meta property=\"og:site_name\" content=\"Xenonkungen\" \/>\n<meta property=\"article:modified_time\" content=\"2026-03-25T13:30:19+00:00\" \/>\n<meta property=\"og:image\" content=\"https:\/\/xenonkungen.com\/wp-content\/uploads\/2025\/04\/178262089-origpic-b00fff.jpg\" \/>\n\t<meta property=\"og:image:width\" content=\"900\" \/>\n\t<meta property=\"og:image:height\" content=\"552\" \/>\n\t<meta property=\"og:image:type\" content=\"image\/jpeg\" \/>\n<meta name=\"twitter:card\" content=\"summary_large_image\" \/>\n<meta name=\"twitter:label1\" content=\"Estimated reading time\" \/>\n\t<meta name=\"twitter:data1\" content=\"2 minutes\" \/>\n<script type=\"application\/ld+json\" class=\"yoast-schema-graph\">{\"@context\":\"https:\/\/schema.org\",\"@graph\":[{\"@type\":\"WebPage\",\"@id\":\"https:\/\/xenonkungen.com\/produkt\/ledriving-ledramp-sx300-cb\/\",\"url\":\"https:\/\/xenonkungen.com\/produkt\/ledriving-ledramp-sx300-cb\/\",\"name\":\"LEDriving\u00ae LEDramp SX300-CB - Xenonkungen\",\"isPartOf\":{\"@id\":\"https:\/\/xenonkungen.com\/#website\"},\"primaryImageOfPage\":{\"@id\":\"https:\/\/xenonkungen.com\/produkt\/ledriving-ledramp-sx300-cb\/#primaryimage\"},\"image\":{\"@id\":\"https:\/\/xenonkungen.com\/produkt\/ledriving-ledramp-sx300-cb\/#primaryimage\"},\"thumbnailUrl\":\"https:\/\/xenonkungen.com\/wp-content\/uploads\/2025\/04\/178262089-origpic-b00fff.jpg\",\"datePublished\":\"2025-04-15T09:56:07+00:00\",\"dateModified\":\"2026-03-25T13:30:19+00:00\",\"breadcrumb\":{\"@id\":\"https:\/\/xenonkungen.com\/produkt\/ledriving-ledramp-sx300-cb\/#breadcrumb\"},\"inLanguage\":\"en-GB\",\"potentialAction\":[{\"@type\":\"ReadAction\",\"target\":[\"https:\/\/xenonkungen.com\/produkt\/ledriving-ledramp-sx300-cb\/\"]}]},{\"@type\":\"ImageObject\",\"inLanguage\":\"en-GB\",\"@id\":\"https:\/\/xenonkungen.com\/produkt\/ledriving-ledramp-sx300-cb\/#primaryimage\",\"url\":\"https:\/\/xenonkungen.com\/wp-content\/uploads\/2025\/04\/178262089-origpic-b00fff.jpg\",\"contentUrl\":\"https:\/\/xenonkungen.com\/wp-content\/uploads\/2025\/04\/178262089-origpic-b00fff.jpg\",\"width\":900,\"height\":552},{\"@type\":\"BreadcrumbList\",\"@id\":\"https:\/\/xenonkungen.com\/produkt\/ledriving-ledramp-sx300-cb\/#breadcrumb\",\"itemListElement\":[{\"@type\":\"ListItem\",\"position\":1,\"name\":\"Hem\",\"item\":\"https:\/\/xenonkungen.com\/\"},{\"@type\":\"ListItem\",\"position\":2,\"name\":\"Shop\",\"item\":\"https:\/\/xenonkungen.com\/shop\/\"},{\"@type\":\"ListItem\",\"position\":3,\"name\":\"LEDriving\u00ae LEDramp SX300-CB\"}]},{\"@type\":\"WebSite\",\"@id\":\"https:\/\/xenonkungen.com\/#website\",\"url\":\"https:\/\/xenonkungen.com\/\",\"name\":\"Xenonkungen\",\"description\":\"\",\"potentialAction\":[{\"@type\":\"SearchAction\",\"target\":{\"@type\":\"EntryPoint\",\"urlTemplate\":\"https:\/\/xenonkungen.com\/?s={search_term_string}\"},\"query-input\":{\"@type\":\"PropertyValueSpecification\",\"valueRequired\":true,\"valueName\":\"search_term_string\"}}],\"inLanguage\":\"en-GB\"}]}<\/script>\n<!-- \/ Yoast SEO plugin. -->","yoast_head_json":{"title":"LEDriving\u00ae LEDramp SX300-CB - The Xenon King","robots":{"index":"index","follow":"follow","max-snippet":"max-snippet:-1","max-image-preview":"max-image-preview:large","max-video-preview":"max-video-preview:-1"},"canonical":"https:\/\/xenonkungen.com\/en\/product\/ledriving-led-ramp-sx300-cb\/","og_locale":"en_GB","og_type":"article","og_title":"LEDriving\u00ae LEDramp SX300-CB  - Xenonkungen","og_description":"Smidig Ledramp fr\u00e5n Osram. Passar perfekt f\u00f6r byggas in innanf\u00f6r grillen.","og_url":"https:\/\/xenonkungen.com\/en\/product\/ledriving-led-ramp-sx300-cb\/","og_site_name":"Xenonkungen","article_modified_time":"2026-03-25T13:30:19+00:00","og_image":[{"width":900,"height":552,"url":"https:\/\/xenonkungen.com\/wp-content\/uploads\/2025\/04\/178262089-origpic-b00fff.jpg","type":"image\/jpeg"}],"twitter_card":"summary_large_image","twitter_misc":{"Estimated reading time":"2 minutes"},"schema":{"@context":"https:\/\/schema.org","@graph":[{"@type":"WebPage","@id":"https:\/\/xenonkungen.com\/produkt\/ledriving-ledramp-sx300-cb\/","url":"https:\/\/xenonkungen.com\/produkt\/ledriving-ledramp-sx300-cb\/","name":"LEDriving\u00ae LEDramp SX300-CB - The Xenon King","isPartOf":{"@id":"https:\/\/xenonkungen.com\/#website"},"primaryImageOfPage":{"@id":"https:\/\/xenonkungen.com\/produkt\/ledriving-ledramp-sx300-cb\/#primaryimage"},"image":{"@id":"https:\/\/xenonkungen.com\/produkt\/ledriving-ledramp-sx300-cb\/#primaryimage"},"thumbnailUrl":"https:\/\/xenonkungen.com\/wp-content\/uploads\/2025\/04\/178262089-origpic-b00fff.jpg","datePublished":"2025-04-15T09:56:07+00:00","dateModified":"2026-03-25T13:30:19+00:00","breadcrumb":{"@id":"https:\/\/xenonkungen.com\/produkt\/ledriving-ledramp-sx300-cb\/#breadcrumb"},"inLanguage":"en-GB","potentialAction":[{"@type":"ReadAction","target":["https:\/\/xenonkungen.com\/produkt\/ledriving-ledramp-sx300-cb\/"]}]},{"@type":"ImageObject","inLanguage":"en-GB","@id":"https:\/\/xenonkungen.com\/produkt\/ledriving-ledramp-sx300-cb\/#primaryimage","url":"https:\/\/xenonkungen.com\/wp-content\/uploads\/2025\/04\/178262089-origpic-b00fff.jpg","contentUrl":"https:\/\/xenonkungen.com\/wp-content\/uploads\/2025\/04\/178262089-origpic-b00fff.jpg","width":900,"height":552},{"@type":"BreadcrumbList","@id":"https:\/\/xenonkungen.com\/produkt\/ledriving-ledramp-sx300-cb\/#breadcrumb","itemListElement":[{"@type":"ListItem","position":1,"name":"Hem","item":"https:\/\/xenonkungen.com\/"},{"@type":"ListItem","position":2,"name":"Shop","item":"https:\/\/xenonkungen.com\/shop\/"},{"@type":"ListItem","position":3,"name":"LEDriving\u00ae LEDramp SX300-CB"}]},{"@type":"WebSite","@id":"https:\/\/xenonkungen.com\/#website","url":"https:\/\/xenonkungen.com\/","name":"Xenonkungen","description":"","potentialAction":[{"@type":"SearchAction","target":{"@type":"EntryPoint","urlTemplate":"https:\/\/xenonkungen.com\/?s={search_term_string}"},"query-input":{"@type":"PropertyValueSpecification","valueRequired":true,"valueName":"search_term_string"}}],"inLanguage":"en-GB"}]}},"taxonomy_info":{"product_brand":[{"value":108,"label":"OSRAM"}],"product_cat":[{"value":2966,"label":"Ledramp Rak"},{"value":2539,"label":"LEDRAMPER"},{"value":2640,"label":"OSRAM Ledriving"},{"value":2183,"label":"OSRAM LEDriving\u00ae"}],"pa_faktisk-effekts-forbrukning":[{"value":1937,"label":"29"}],"pa_fargtemperatur":[{"value":1428,"label":"6000"}],"pa_fuktskydd-varde-ipxx":[{"value":155,"label":"IP69K"}],"pa_godkannande":[{"value":1933,"label":"R10 R112"}],"pa_ljusbild":[{"value":804,"label":"Combo"}],"pa_storlek-mm":[{"value":1936,"label":"350x61,5x38"}],"pa_volt-v":[{"value":348,"label":"12, 24"}]},"featured_image_src_large":["https:\/\/xenonkungen.com\/wp-content\/uploads\/2025\/04\/178262089-origpic-b00fff.jpg",900,552,false],"author_info":[],"comment_info":0,"_links":{"self":[{"href":"https:\/\/xenonkungen.com\/en\/wp-json\/wp\/v2\/product\/7495","targetHints":{"allow":["GET"]}}],"collection":[{"href":"https:\/\/xenonkungen.com\/en\/wp-json\/wp\/v2\/product"}],"about":[{"href":"https:\/\/xenonkungen.com\/en\/wp-json\/wp\/v2\/types\/product"}],"replies":[{"embeddable":true,"href":"https:\/\/xenonkungen.com\/en\/wp-json\/wp\/v2\/comments?post=7495"}],"wp:featuredmedia":[{"embeddable":true,"href":"https:\/\/xenonkungen.com\/en\/wp-json\/wp\/v2\/media\/7496"}],"wp:attachment":[{"href":"https:\/\/xenonkungen.com\/en\/wp-json\/wp\/v2\/media?parent=7495"}],"wp:term":[{"taxonomy":"anvandningsomrade","embeddable":true,"href":"https:\/\/xenonkungen.com\/en\/wp-json\/wp\/v2\/anvandningsomrade?post=7495"},{"taxonomy":"bilmarken","embeddable":true,"href":"https:\/\/xenonkungen.com\/en\/wp-json\/wp\/v2\/bilmarken?post=7495"},{"taxonomy":"product_brand","embeddable":true,"href":"https:\/\/xenonkungen.com\/en\/wp-json\/wp\/v2\/product_brand?post=7495"},{"taxonomy":"product_cat","embeddable":true,"href":"https:\/\/xenonkungen.com\/en\/wp-json\/wp\/v2\/product_cat?post=7495"},{"taxonomy":"product_tag","embeddable":true,"href":"https:\/\/xenonkungen.com\/en\/wp-json\/wp\/v2\/product_tag?post=7495"}],"curies":[{"name":"wp","href":"https:\/\/api.w.org\/{rel}","templated":true}]}}