{"id":7639,"date":"2025-04-15T09:57:53","date_gmt":"2025-04-15T09:57:53","guid":{"rendered":"https:\/\/xenonkungen.com\/product\/batterycharge-7pin-1phase-32-amp\/"},"modified":"2026-03-09T13:37:40","modified_gmt":"2026-03-09T12:37:40","slug":"battery-charge-7pin-1phase-32-amp","status":"publish","type":"product","link":"https:\/\/xenonkungen.com\/en\/product\/battery-charge-7pin-1phase-32-amp\/","title":{"rendered":"BATTERYcharge 7PIN | 1PHASE | 32 AMP"},"content":{"rendered":"<h1>OSRAM Type 2 Electric Car Charger \u2013 Powerful and Environmentally Friendly Future Technology<\/h1>\n<p>Ride with OSRAM into a more emission-free future and experience the electric revolution. Xenon King is proud to present OSRAM's powerful Type 2 EV charger, a groundbreaking solution for today's environmentally conscious drivers. Equipped with an impressive 32 A capacity and a robust 1-phase connection, this charger offers a fast and efficient charging experience for your electric or plug-in hybrid car.<\/p>","protected":false},"excerpt":{"rendered":"<p>\"Discover the OSRAM Type 2 EV Charger with Xenon King, designed for the modern driver. With a robust 32 A capacity, this charger ensures fast and efficient charging, compatible with a variety of vehicles and equipped for the future.\"<\/p>","protected":false},"featured_media":7640,"comment_status":"closed","ping_status":"closed","template":"","meta":{"_acf_changed":false,"_smort_price_nok":"3271","_smort_price_dkk":"2982","_smort_price_eur":"399.53","_smort_sale_price_nok":"3271","_smort_sale_price_dkk":"","_smort_sale_price_eur":"","smort_restorder":"","shipmondo_restorder":"","_kad_blocks_custom_css":"","_kad_blocks_head_custom_js":"","_kad_blocks_body_custom_js":"","_kad_blocks_footer_custom_js":"","smort_custom_pricelist_1":"2812.8","smort_custom_pricelist_2":"2209.2","smort_custom_pricelist_3":"2209.2","smort_custom_pricelist_4":"3516","smort_custom_pricelist_5":"2209.2"},"anvandningsomrade":[],"bilmarken":[],"product_brand":[108],"product_cat":[2650,377,1402],"product_tag":[],"class_list":{"0":"post-7639","1":"product","2":"type-product","3":"status-publish","4":"has-post-thumbnail","6":"product_brand-osram","7":"product_cat-elbilsladdare","8":"product_cat-biltillbehor","9":"product_cat-outlet","10":"pa_fuktskydd-varde-ipxx-ip65","11":"pa_storlek-mm-70x120x5000","13":"first","14":"instock","15":"sale","16":"taxable","17":"shipping-taxable","18":"purchasable","19":"product-type-simple"},"bundled_by":[],"bundle_stock_status":"instock","bundle_stock_quantity":4,"bundle_virtual":false,"bundle_layout":"","bundle_add_to_cart_form_location":"","bundle_editable_in_cart":false,"bundle_sold_individually_context":"","bundle_item_grouping":"","bundle_min_size":"","bundle_max_size":"","bundle_price":[],"bundled_items":[],"bundle_sell_ids":[],"acf":[],"yoast_head":"<!-- This site is optimized with the Yoast SEO plugin v27.0 - https:\/\/yoast.com\/product\/yoast-seo-wordpress\/ -->\n<title>BATTERYcharge 7PIN | 1PHASE | 32 AMP - Xenonkungen<\/title>\n<meta name=\"robots\" content=\"index, follow, max-snippet:-1, max-image-preview:large, max-video-preview:-1\" \/>\n<link rel=\"canonical\" href=\"https:\/\/xenonkungen.com\/en\/product\/battery-charge-7pin-1phase-32-amp\/\" \/>\n<meta property=\"og:locale\" content=\"en_GB\" \/>\n<meta property=\"og:type\" content=\"article\" \/>\n<meta property=\"og:title\" content=\"BATTERYcharge 7PIN | 1PHASE | 32 AMP - Xenonkungen\" \/>\n<meta property=\"og:description\" content=\"&quot;Uppt\u00e4ck OSRAMs Typ 2-elbilsladdare med Xenonkungen, utformad f\u00f6r den moderna f\u00f6raren. Med en robust 32 A-kapacitet s\u00e4kerst\u00e4ller denna laddare snabb och effektiv laddning, kompatibel med en m\u00e4ngd fordon och utrustad f\u00f6r framtiden.&quot;\" \/>\n<meta property=\"og:url\" content=\"https:\/\/xenonkungen.com\/en\/product\/battery-charge-7pin-1phase-32-amp\/\" \/>\n<meta property=\"og:site_name\" content=\"Xenonkungen\" \/>\n<meta property=\"article:modified_time\" content=\"2026-03-09T12:37:40+00:00\" \/>\n<meta property=\"og:image\" content=\"https:\/\/xenonkungen.com\/wp-content\/uploads\/2025\/04\/208004083-origpic-045c13.jpg\" \/>\n\t<meta property=\"og:image:width\" content=\"900\" \/>\n\t<meta property=\"og:image:height\" content=\"900\" \/>\n\t<meta property=\"og:image:type\" content=\"image\/jpeg\" \/>\n<meta name=\"twitter:card\" content=\"summary_large_image\" \/>\n<script type=\"application\/ld+json\" class=\"yoast-schema-graph\">{\"@context\":\"https:\/\/schema.org\",\"@graph\":[{\"@type\":\"WebPage\",\"@id\":\"https:\/\/xenonkungen.com\/produkt\/batterycharge-7pin-1phase-32-amp\/\",\"url\":\"https:\/\/xenonkungen.com\/produkt\/batterycharge-7pin-1phase-32-amp\/\",\"name\":\"BATTERYcharge 7PIN | 1PHASE | 32 AMP - Xenonkungen\",\"isPartOf\":{\"@id\":\"https:\/\/xenonkungen.com\/#website\"},\"primaryImageOfPage\":{\"@id\":\"https:\/\/xenonkungen.com\/produkt\/batterycharge-7pin-1phase-32-amp\/#primaryimage\"},\"image\":{\"@id\":\"https:\/\/xenonkungen.com\/produkt\/batterycharge-7pin-1phase-32-amp\/#primaryimage\"},\"thumbnailUrl\":\"https:\/\/xenonkungen.com\/wp-content\/uploads\/2025\/04\/208004083-origpic-045c13.jpg\",\"datePublished\":\"2025-04-15T09:57:53+00:00\",\"dateModified\":\"2026-03-09T12:37:40+00:00\",\"breadcrumb\":{\"@id\":\"https:\/\/xenonkungen.com\/produkt\/batterycharge-7pin-1phase-32-amp\/#breadcrumb\"},\"inLanguage\":\"en-GB\",\"potentialAction\":[{\"@type\":\"ReadAction\",\"target\":[\"https:\/\/xenonkungen.com\/produkt\/batterycharge-7pin-1phase-32-amp\/\"]}]},{\"@type\":\"ImageObject\",\"inLanguage\":\"en-GB\",\"@id\":\"https:\/\/xenonkungen.com\/produkt\/batterycharge-7pin-1phase-32-amp\/#primaryimage\",\"url\":\"https:\/\/xenonkungen.com\/wp-content\/uploads\/2025\/04\/208004083-origpic-045c13.jpg\",\"contentUrl\":\"https:\/\/xenonkungen.com\/wp-content\/uploads\/2025\/04\/208004083-origpic-045c13.jpg\",\"width\":900,\"height\":900},{\"@type\":\"BreadcrumbList\",\"@id\":\"https:\/\/xenonkungen.com\/produkt\/batterycharge-7pin-1phase-32-amp\/#breadcrumb\",\"itemListElement\":[{\"@type\":\"ListItem\",\"position\":1,\"name\":\"Hem\",\"item\":\"https:\/\/xenonkungen.com\/\"},{\"@type\":\"ListItem\",\"position\":2,\"name\":\"Shop\",\"item\":\"https:\/\/xenonkungen.com\/shop\/\"},{\"@type\":\"ListItem\",\"position\":3,\"name\":\"BATTERYcharge 7PIN | 1PHASE | 32 AMP\"}]},{\"@type\":\"WebSite\",\"@id\":\"https:\/\/xenonkungen.com\/#website\",\"url\":\"https:\/\/xenonkungen.com\/\",\"name\":\"Xenonkungen\",\"description\":\"\",\"potentialAction\":[{\"@type\":\"SearchAction\",\"target\":{\"@type\":\"EntryPoint\",\"urlTemplate\":\"https:\/\/xenonkungen.com\/?s={search_term_string}\"},\"query-input\":{\"@type\":\"PropertyValueSpecification\",\"valueRequired\":true,\"valueName\":\"search_term_string\"}}],\"inLanguage\":\"en-GB\"}]}<\/script>\n<!-- \/ Yoast SEO plugin. -->","yoast_head_json":{"title":"BATTERYcharge 7PIN | 1PHASE | 32 AMP - The Xenon King","robots":{"index":"index","follow":"follow","max-snippet":"max-snippet:-1","max-image-preview":"max-image-preview:large","max-video-preview":"max-video-preview:-1"},"canonical":"https:\/\/xenonkungen.com\/en\/product\/battery-charge-7pin-1phase-32-amp\/","og_locale":"en_GB","og_type":"article","og_title":"BATTERYcharge 7PIN | 1PHASE | 32 AMP - Xenonkungen","og_description":"\"Uppt\u00e4ck OSRAMs Typ 2-elbilsladdare med Xenonkungen, utformad f\u00f6r den moderna f\u00f6raren. Med en robust 32 A-kapacitet s\u00e4kerst\u00e4ller denna laddare snabb och effektiv laddning, kompatibel med en m\u00e4ngd fordon och utrustad f\u00f6r framtiden.\"","og_url":"https:\/\/xenonkungen.com\/en\/product\/battery-charge-7pin-1phase-32-amp\/","og_site_name":"Xenonkungen","article_modified_time":"2026-03-09T12:37:40+00:00","og_image":[{"width":900,"height":900,"url":"https:\/\/xenonkungen.com\/wp-content\/uploads\/2025\/04\/208004083-origpic-045c13.jpg","type":"image\/jpeg"}],"twitter_card":"summary_large_image","schema":{"@context":"https:\/\/schema.org","@graph":[{"@type":"WebPage","@id":"https:\/\/xenonkungen.com\/produkt\/batterycharge-7pin-1phase-32-amp\/","url":"https:\/\/xenonkungen.com\/produkt\/batterycharge-7pin-1phase-32-amp\/","name":"BATTERYcharge 7PIN | 1PHASE | 32 AMP - The Xenon King","isPartOf":{"@id":"https:\/\/xenonkungen.com\/#website"},"primaryImageOfPage":{"@id":"https:\/\/xenonkungen.com\/produkt\/batterycharge-7pin-1phase-32-amp\/#primaryimage"},"image":{"@id":"https:\/\/xenonkungen.com\/produkt\/batterycharge-7pin-1phase-32-amp\/#primaryimage"},"thumbnailUrl":"https:\/\/xenonkungen.com\/wp-content\/uploads\/2025\/04\/208004083-origpic-045c13.jpg","datePublished":"2025-04-15T09:57:53+00:00","dateModified":"2026-03-09T12:37:40+00:00","breadcrumb":{"@id":"https:\/\/xenonkungen.com\/produkt\/batterycharge-7pin-1phase-32-amp\/#breadcrumb"},"inLanguage":"en-GB","potentialAction":[{"@type":"ReadAction","target":["https:\/\/xenonkungen.com\/produkt\/batterycharge-7pin-1phase-32-amp\/"]}]},{"@type":"ImageObject","inLanguage":"en-GB","@id":"https:\/\/xenonkungen.com\/produkt\/batterycharge-7pin-1phase-32-amp\/#primaryimage","url":"https:\/\/xenonkungen.com\/wp-content\/uploads\/2025\/04\/208004083-origpic-045c13.jpg","contentUrl":"https:\/\/xenonkungen.com\/wp-content\/uploads\/2025\/04\/208004083-origpic-045c13.jpg","width":900,"height":900},{"@type":"BreadcrumbList","@id":"https:\/\/xenonkungen.com\/produkt\/batterycharge-7pin-1phase-32-amp\/#breadcrumb","itemListElement":[{"@type":"ListItem","position":1,"name":"Hem","item":"https:\/\/xenonkungen.com\/"},{"@type":"ListItem","position":2,"name":"Shop","item":"https:\/\/xenonkungen.com\/shop\/"},{"@type":"ListItem","position":3,"name":"BATTERYcharge 7PIN | 1PHASE | 32 AMP"}]},{"@type":"WebSite","@id":"https:\/\/xenonkungen.com\/#website","url":"https:\/\/xenonkungen.com\/","name":"Xenonkungen","description":"","potentialAction":[{"@type":"SearchAction","target":{"@type":"EntryPoint","urlTemplate":"https:\/\/xenonkungen.com\/?s={search_term_string}"},"query-input":{"@type":"PropertyValueSpecification","valueRequired":true,"valueName":"search_term_string"}}],"inLanguage":"en-GB"}]}},"taxonomy_info":{"product_brand":[{"value":108,"label":"OSRAM"}],"product_cat":[{"value":2650,"label":"Elbilsladdare"},{"value":377,"label":"Biltillbeh\u00f6r"},{"value":1402,"label":"Outlet"}],"pa_fuktskydd-varde-ipxx":[{"value":520,"label":"IP65"}],"pa_storlek-mm":[{"value":1972,"label":"70x120x5000"}]},"featured_image_src_large":["https:\/\/xenonkungen.com\/wp-content\/uploads\/2025\/04\/208004083-origpic-045c13.jpg",900,900,false],"author_info":[],"comment_info":0,"_links":{"self":[{"href":"https:\/\/xenonkungen.com\/en\/wp-json\/wp\/v2\/product\/7639","targetHints":{"allow":["GET"]}}],"collection":[{"href":"https:\/\/xenonkungen.com\/en\/wp-json\/wp\/v2\/product"}],"about":[{"href":"https:\/\/xenonkungen.com\/en\/wp-json\/wp\/v2\/types\/product"}],"replies":[{"embeddable":true,"href":"https:\/\/xenonkungen.com\/en\/wp-json\/wp\/v2\/comments?post=7639"}],"wp:featuredmedia":[{"embeddable":true,"href":"https:\/\/xenonkungen.com\/en\/wp-json\/wp\/v2\/media\/7640"}],"wp:attachment":[{"href":"https:\/\/xenonkungen.com\/en\/wp-json\/wp\/v2\/media?parent=7639"}],"wp:term":[{"taxonomy":"anvandningsomrade","embeddable":true,"href":"https:\/\/xenonkungen.com\/en\/wp-json\/wp\/v2\/anvandningsomrade?post=7639"},{"taxonomy":"bilmarken","embeddable":true,"href":"https:\/\/xenonkungen.com\/en\/wp-json\/wp\/v2\/bilmarken?post=7639"},{"taxonomy":"product_brand","embeddable":true,"href":"https:\/\/xenonkungen.com\/en\/wp-json\/wp\/v2\/product_brand?post=7639"},{"taxonomy":"product_cat","embeddable":true,"href":"https:\/\/xenonkungen.com\/en\/wp-json\/wp\/v2\/product_cat?post=7639"},{"taxonomy":"product_tag","embeddable":true,"href":"https:\/\/xenonkungen.com\/en\/wp-json\/wp\/v2\/product_tag?post=7639"}],"curies":[{"name":"wp","href":"https:\/\/api.w.org\/{rel}","templated":true}]}}